{"id":268747,"date":"2026-05-16T01:01:02","date_gmt":"2026-05-16T07:01:02","guid":{"rendered":"https:\/\/compuviper.mx\/tienda\/producto\/msi-oem-mag-274cf-x24-monitor-gamer-msi-27-fhd-240-hz-2xhdmi-dispayport1-4-curvo-1500r\/"},"modified":"2026-05-17T00:00:20","modified_gmt":"2026-05-17T06:00:20","slug":"msi-oem-mag-274cf-x24-monitor-gamer-msi-27-fhd-240-hz-2xhdmi-dispayport1-4-curvo-1500r","status":"publish","type":"product","link":"https:\/\/compuviper.mx\/tienda\/producto\/msi-oem-mag-274cf-x24-monitor-gamer-msi-27-fhd-240-hz-2xhdmi-dispayport1-4-curvo-1500r\/","title":{"rendered":"Msi Oem Mag 274cf X24 Monitor Gamer Msi  \/27 Fhd \/ 240 Hz\/2xhdmi\/dispayport1.4  Curvo 1500r"},"content":{"rendered":"<table class=\"descripcion\">\n<tr>\n<td>Tama\u00f1o del panel<\/td>\n<\/tr>\n<tr>\n<td>\u00e1rea de visualizaci\u00f3n activa (mm)<\/td>\n<\/tr>\n<tr>\n<td>Curvatura<\/td>\n<\/tr>\n<tr>\n<td>Tipo de panel<\/td>\n<\/tr>\n<tr>\n<td>Resoluci\u00f3n de la pantalla<\/td>\n<\/tr>\n<tr>\n<td>Tama\u00f1o de p\u00edxel (h x v)<\/td>\n<\/tr>\n<tr>\n<td>Relaci\u00f3n de aspecto<\/td>\n<\/tr>\n<tr>\n<td>Brillo (nits)<\/td>\n<\/tr>\n<tr>\n<td>Relaci\u00f3n de contraste<\/td>\n<\/tr>\n<tr>\n<td>Dcr<\/td>\n<\/tr>\n<tr>\n<td>Rango tasa de refresco<\/td>\n<\/tr>\n<tr>\n<td>Tasa de refresco<\/td>\n<\/tr>\n<tr>\n<td>Tiempo de respuesta<\/td>\n<\/tr>\n<tr>\n<td>Admite hdr<\/td>\n<\/tr>\n<tr>\n<td>Puertos de video<\/td>\n<\/tr>\n<tr>\n<td>Puertos de audio<\/td>\n<\/tr>\n<tr>\n<td>\u00e1ngulo de visi\u00f3n<\/td>\n<\/tr>\n<tr>\n<td>Adobe rgb \/ dci-p3 \/ srgb<\/td>\n<\/tr>\n<tr>\n<td>Tratamiento de la superficie<\/td>\n<\/tr>\n<tr>\n<td>Colores de pantalla<\/td>\n<\/tr>\n<tr>\n<td>Tipo de alimentaci\u00f3n<\/td>\n<\/tr>\n<tr>\n<td>Entrada de alimentaci\u00f3n<\/td>\n<\/tr>\n<tr>\n<td>Regulable (inclinaci\u00f3n)<\/td>\n<\/tr>\n<tr>\n<td>Kensington lock<\/td>\n<\/tr>\n<tr>\n<td>Tecnolog\u00eda compatible<\/td>\n<\/tr>\n<tr>\n<td>Tama\u00f1o de la caja (an x pr x al)<\/td>\n<\/tr>\n<tr>\n<td>Modo consola<\/td>\n<\/tr>\n<tr>\n<td>Soporte vesa<\/td>\n<\/tr>\n<tr>\n<td>Peso<\/td>\n<\/tr>\n<tr>\n<td>Dimension with stand (w x d x h)<\/td>\n<\/tr>\n<tr>\n<td>Dimension without stand (w x d x h)<\/td>\n<\/tr>\n<tr>\n<td>Accesorios<\/td>\n<\/tr>\n<tr>\n<td>Observaci\u00f3n<\/td>\n<\/tr>\n<tr>\n<td>27<\/td>\n<\/tr>\n<tr>\n<td>597.888 (h) x 336.312 (v)<\/td>\n<\/tr>\n<tr>\n<td>Curve 1500r<\/td>\n<\/tr>\n<tr>\n<td>Rapid va<\/td>\n<\/tr>\n<tr>\n<td>1920 x 1080 (fhd)<\/td>\n<\/tr>\n<tr>\n<td>0.3114 (h) x 0.3114 (v)<\/td>\n<\/tr>\n<tr>\n<td>16:9<\/td>\n<\/tr>\n<tr>\n<td>Sdr: 300 cd\/m\u00b2<\/td>\n<\/tr>\n<tr>\n<td>4000:1<\/td>\n<\/tr>\n<tr>\n<td>100000000:1<\/td>\n<\/tr>\n<tr>\n<td>48~240hz<\/td>\n<\/tr>\n<tr>\n<td>240hz<\/td>\n<\/tr>\n<tr>\n<td>0.5ms (gtg, min.)<\/td>\n<\/tr>\n<tr>\n<td>Hdr ready<\/td>\n<\/tr>\n<tr>\n<td>1x displayport 1.2a<\/td>\n<\/tr>\n<tr>\n<td>2x hdmi\u0099 2.0b (fhd@240hz)<\/td>\n<\/tr>\n<tr>\n<td>1x headphone-out<\/td>\n<\/tr>\n<tr>\n<td>178\u00b0 (h) \/ 178\u00b0 (v)<\/td>\n<\/tr>\n<tr>\n<td>90% \/ 94% \/ 127% (cie1976 standard)<\/td>\n<\/tr>\n<tr>\n<td>Anti-glare<\/td>\n<\/tr>\n<tr>\n<td>1.07b, 10 bits (8 bits + frc)<\/td>\n<\/tr>\n<tr>\n<td>External adaptor 19v 2.5a<\/td>\n<\/tr>\n<tr>\n<td>100~240v, 50\/60hz<\/td>\n<\/tr>\n<tr>\n<td>-5\u00b0~20\u00b0<\/td>\n<\/tr>\n<tr>\n<td>Yes<\/td>\n<\/tr>\n<tr>\n<td>Amd freesync\u0099 premium<\/td>\n<\/tr>\n<tr>\n<td>750 x 148 x 475 mm<\/td>\n<\/tr>\n<tr>\n<td>(29.5 x 5.8 x 18.7 inch)<\/td>\n<\/tr>\n<tr>\n<td>Supported resolution  and  refresh rate:<\/td>\n<\/tr>\n<tr>\n<td>1080p: 60hz and 120hz<\/td>\n<\/tr>\n<tr>\n<td>Hdmi\u0099 cec: supported<\/td>\n<\/tr>\n<tr>\n<td>Vrr: ps5 and xbox supported<\/td>\n<\/tr>\n<tr>\n<td>100 x 100 mm<\/td>\n<\/tr>\n<tr>\n<td>3.4 kg (7.49 lbs) \/ 6.5 kg (14.33 lbs)<\/td>\n<\/tr>\n<tr>\n<td>613.46 x 249.76 x 438.28 mm<\/td>\n<\/tr>\n<tr>\n<td>(24.1 x 9.8 x 17.2 inch)<\/td>\n<\/tr>\n<tr>\n<td>613.46 x 76.59 x 363.59 mm<\/td>\n<\/tr>\n<tr>\n<td>(24.1 x 3.01 x 14.3 inch)<\/td>\n<\/tr>\n<tr>\n<td>1x hdmi\u0099 cable (2.0b),<\/td>\n<\/tr>\n<tr>\n<td>1x power cord (c13),<\/td>\n<\/tr>\n<tr>\n<td>1x quick guide<\/td>\n<\/tr>\n<tr>\n<td>Hdmi\u0099: 1920 x 1080 (up to 240hz)<\/td>\n<\/tr>\n<tr>\n<td>Displayport: 1920 x 1080 (up to 240hz)<\/td>\n<\/tr>\n<tr>\n<td>Support: hdmi\u0099 cec; non support: kvm, pip\/pbp<\/td>\n<\/tr>\n<\/table>\n","protected":false},"excerpt":{"rendered":"<p>Mag 274cf x24. Disfruta de una experiencia de juego inmersiva con el monitor gaming mag 274cf x24. Cuenta con un panel de 1920 x 1080 (fhd), una frecuencia de actualizaci\u00f3n de 240 hz y un r\u00e1pido tiempo de respuesta de 0,5 ms (gtg, m\u00edn.). El monitor est\u00e1 preparado para hdr, lo que mejora los detalles llamativos mediante ajustes en el contraste y las sombras. Dise\u00f1ado para los g\u00e9neros competitivos de fps, rpg\/mmorpg en primera persona y simuladores de vuelo\/carreras, el monitor para juegos msi mag 274cf x24 lleva los juegos casuales a un nuevo nivel, desafiando a los jugadores a ver m\u00e1s all\u00e1 del juego. Mag msi arsenal gaming. La serie mag de msi es sin\u00f3nimo de estabilidad y durabilidad y est\u00e1 dise\u00f1ada para soportar las sesiones de juego m\u00e1s intensas. Soportar las sesiones de juego m\u00e1s intensas. Toda la gama cuenta con una con una dureza similar a la del metal y una excelente disipaci\u00f3n del calor, garantizando la estabilidad de todos los componentes de juego cr\u00edticos. M\u00e1s info. Mag-244c. Fhd. 1920 x 1080. Msi va icons. Msi refresh rate icons. Mag 274cf x24 monitors. Dci-p3. 94. Adobe rgb. 90. Srgb. 127. Wide color icon. Ai navigator. Wide color icon. Ai navigator. Panel. Msi panel dark mobile banner. Gaming. Assistance. Gaming assistance banner. Rendimiento. De color. Performance banner. Conectividad. Connectivity banner<\/p>\n","protected":false},"featured_media":0,"comment_status":"open","ping_status":"open","template":"","meta":[],"product_cat":[2202,1740],"product_tag":[2322],"acf":[],"yoast_head":"<!-- This site is optimized with the Yoast SEO plugin v21.7 - https:\/\/yoast.com\/wordpress\/plugins\/seo\/ -->\n<title>[ Msi Oem ] &#129351; Mag 274cf X24 Monitor Gamer Msi \/27 Fhd \/ 240 Hz\/2xhdmi\/dispayport1.4 Curvo 1500r<\/title>\n<meta name=\"description\" content=\"Compra Mag 274cf X24 Monitor Gamer Msi \/27 Fhd \/ 240 Hz\/2xhdmi\/dispayport1.4 Curvo 1500r + Env\u00edo a domicilio + Pago seguro + Garant\u00eda\" \/>\n<meta name=\"robots\" content=\"index, follow, max-snippet:-1, max-image-preview:large, max-video-preview:-1\" \/>\n<link rel=\"canonical\" href=\"https:\/\/compuviper.mx\/tienda\/producto\/msi-oem-mag-274cf-x24-monitor-gamer-msi-27-fhd-240-hz-2xhdmi-dispayport1-4-curvo-1500r\/\" \/>\n<meta property=\"og:locale\" content=\"es_MX\" \/>\n<meta property=\"og:type\" content=\"article\" \/>\n<meta property=\"og:title\" content=\"[ Msi Oem ] &#129351; Mag 274cf X24 Monitor Gamer Msi \/27 Fhd \/ 240 Hz\/2xhdmi\/dispayport1.4 Curvo 1500r\" \/>\n<meta property=\"og:description\" content=\"Compra Mag 274cf X24 Monitor Gamer Msi \/27 Fhd \/ 240 Hz\/2xhdmi\/dispayport1.4 Curvo 1500r + Env\u00edo a domicilio + Pago seguro + Garant\u00eda\" \/>\n<meta property=\"og:url\" content=\"https:\/\/compuviper.mx\/tienda\/producto\/msi-oem-mag-274cf-x24-monitor-gamer-msi-27-fhd-240-hz-2xhdmi-dispayport1-4-curvo-1500r\/\" \/>\n<meta property=\"og:site_name\" content=\"Compuviper\" \/>\n<meta property=\"article:publisher\" content=\"https:\/\/www.facebook.com\/compuviper\" \/>\n<meta property=\"article:modified_time\" content=\"2026-05-17T06:00:20+00:00\" \/>\n<meta name=\"twitter:card\" content=\"summary_large_image\" \/>\n<meta name=\"twitter:label1\" content=\"Precio\" \/>\n\t<meta name=\"twitter:data1\" content=\"&#36;2,384 con IVA\" \/>\n\t<meta name=\"twitter:label2\" content=\"Availability\" \/>\n\t<meta name=\"twitter:data2\" content=\"In stock\" \/>\n<script type=\"application\/ld+json\" class=\"yoast-schema-graph\">{\"@context\":\"https:\/\/schema.org\",\"@graph\":[{\"@type\":\"WebPage\",\"@id\":\"https:\/\/compuviper.mx\/tienda\/producto\/msi-oem-mag-274cf-x24-monitor-gamer-msi-27-fhd-240-hz-2xhdmi-dispayport1-4-curvo-1500r\/\",\"url\":\"https:\/\/compuviper.mx\/tienda\/producto\/msi-oem-mag-274cf-x24-monitor-gamer-msi-27-fhd-240-hz-2xhdmi-dispayport1-4-curvo-1500r\/\",\"name\":\"[ Msi Oem ] &#129351; Mag 274cf X24 Monitor Gamer Msi \/27 Fhd \/ 240 Hz\/2xhdmi\/dispayport1.4 Curvo 1500r\",\"isPartOf\":{\"@id\":\"https:\/\/compuviper.mx\/tienda\/#website\"},\"datePublished\":\"2026-05-16T07:01:02+00:00\",\"dateModified\":\"2026-05-17T06:00:20+00:00\",\"description\":\"Compra Mag 274cf X24 Monitor Gamer Msi \/27 Fhd \/ 240 Hz\/2xhdmi\/dispayport1.4 Curvo 1500r + Env\u00edo a domicilio + Pago seguro + Garant\u00eda\",\"breadcrumb\":{\"@id\":\"https:\/\/compuviper.mx\/tienda\/producto\/msi-oem-mag-274cf-x24-monitor-gamer-msi-27-fhd-240-hz-2xhdmi-dispayport1-4-curvo-1500r\/#breadcrumb\"},\"inLanguage\":\"es-MX\",\"potentialAction\":[{\"@type\":\"ReadAction\",\"target\":[\"https:\/\/compuviper.mx\/tienda\/producto\/msi-oem-mag-274cf-x24-monitor-gamer-msi-27-fhd-240-hz-2xhdmi-dispayport1-4-curvo-1500r\/\"]}]},{\"@type\":\"BreadcrumbList\",\"@id\":\"https:\/\/compuviper.mx\/tienda\/producto\/msi-oem-mag-274cf-x24-monitor-gamer-msi-27-fhd-240-hz-2xhdmi-dispayport1-4-curvo-1500r\/#breadcrumb\",\"itemListElement\":[{\"@type\":\"ListItem\",\"position\":1,\"name\":\"Inicio\",\"item\":\"https:\/\/compuviper.mx\/tienda\/\"},{\"@type\":\"ListItem\",\"position\":2,\"name\":\"Productos\",\"item\":\"https:\/\/compuviper.mx\/tienda\/productos\/\"},{\"@type\":\"ListItem\",\"position\":3,\"name\":\"Monitores\",\"item\":\"https:\/\/compuviper.mx\/tienda\/categoria-producto\/monitores\/\"},{\"@type\":\"ListItem\",\"position\":4,\"name\":\"Interactivo\",\"item\":\"https:\/\/compuviper.mx\/tienda\/categoria-producto\/monitores\/interactivo-monitores\/\"},{\"@type\":\"ListItem\",\"position\":5,\"name\":\"Msi Oem Mag 274cf X24 Monitor Gamer Msi \/27 Fhd \/ 240 Hz\/2xhdmi\/dispayport1.4 Curvo 1500r\"}]},{\"@type\":\"WebSite\",\"@id\":\"https:\/\/compuviper.mx\/tienda\/#website\",\"url\":\"https:\/\/compuviper.mx\/tienda\/\",\"name\":\"Compuviper\",\"description\":\"Proveedor de Computadoras, Laptops, Servidores, Monitores, Puntos de Venta, Teclados,   Impresoras, T\u00f3ner, C\u00e1maras de Seguridad y m\u00e1s en tu tienda en l\u00ednea\",\"publisher\":{\"@id\":\"https:\/\/compuviper.mx\/tienda\/#organization\"},\"potentialAction\":[{\"@type\":\"SearchAction\",\"target\":{\"@type\":\"EntryPoint\",\"urlTemplate\":\"https:\/\/compuviper.mx\/tienda\/?s={search_term_string}\"},\"query-input\":\"required name=search_term_string\"}],\"inLanguage\":\"es-MX\"},{\"@type\":\"Organization\",\"@id\":\"https:\/\/compuviper.mx\/tienda\/#organization\",\"name\":\"Compuviper\",\"url\":\"https:\/\/compuviper.mx\/tienda\/\",\"logo\":{\"@type\":\"ImageObject\",\"inLanguage\":\"es-MX\",\"@id\":\"https:\/\/compuviper.mx\/tienda\/#\/schema\/logo\/image\/\",\"url\":\"https:\/\/compuviper.mx\/tienda\/wp-content\/uploads\/2021\/08\/Logo-Compuviper-10.png\",\"contentUrl\":\"https:\/\/compuviper.mx\/tienda\/wp-content\/uploads\/2021\/08\/Logo-Compuviper-10.png\",\"width\":1000,\"height\":500,\"caption\":\"Compuviper\"},\"image\":{\"@id\":\"https:\/\/compuviper.mx\/tienda\/#\/schema\/logo\/image\/\"},\"sameAs\":[\"https:\/\/www.facebook.com\/compuviper\",\"https:\/\/www.youtube.com\/channel\/UCf73dERp9Y3cfOq7q8BhLjA?view_as=subscriber\"]}]}<\/script>\n<meta property=\"product:brand\" content=\"Msi Oem\" \/>\n<meta property=\"product:price:amount\" content=\"2384\" \/>\n<meta property=\"product:price:currency\" content=\"MXN\" \/>\n<meta property=\"og:availability\" content=\"instock\" \/>\n<meta property=\"product:availability\" content=\"instock\" \/>\n<meta property=\"product:retailer_item_id\" content=\"MAG 274CF X24\" \/>\n<meta property=\"product:condition\" content=\"new\" \/>\n<!-- \/ Yoast SEO plugin. -->","yoast_head_json":{"title":"[ Msi Oem ] &#129351; Mag 274cf X24 Monitor Gamer Msi \/27 Fhd \/ 240 Hz\/2xhdmi\/dispayport1.4 Curvo 1500r","description":"Compra Mag 274cf X24 Monitor Gamer Msi \/27 Fhd \/ 240 Hz\/2xhdmi\/dispayport1.4 Curvo 1500r + Env\u00edo a domicilio + Pago seguro + Garant\u00eda","robots":{"index":"index","follow":"follow","max-snippet":"max-snippet:-1","max-image-preview":"max-image-preview:large","max-video-preview":"max-video-preview:-1"},"canonical":"https:\/\/compuviper.mx\/tienda\/producto\/msi-oem-mag-274cf-x24-monitor-gamer-msi-27-fhd-240-hz-2xhdmi-dispayport1-4-curvo-1500r\/","og_locale":"es_MX","og_type":"article","og_title":"[ Msi Oem ] &#129351; Mag 274cf X24 Monitor Gamer Msi \/27 Fhd \/ 240 Hz\/2xhdmi\/dispayport1.4 Curvo 1500r","og_description":"Compra Mag 274cf X24 Monitor Gamer Msi \/27 Fhd \/ 240 Hz\/2xhdmi\/dispayport1.4 Curvo 1500r + Env\u00edo a domicilio + Pago seguro + Garant\u00eda","og_url":"https:\/\/compuviper.mx\/tienda\/producto\/msi-oem-mag-274cf-x24-monitor-gamer-msi-27-fhd-240-hz-2xhdmi-dispayport1-4-curvo-1500r\/","og_site_name":"Compuviper","article_publisher":"https:\/\/www.facebook.com\/compuviper","article_modified_time":"2026-05-17T06:00:20+00:00","twitter_card":"summary_large_image","twitter_misc":{"Precio":"&#36;2,384 con IVA","Availability":"In stock"},"schema":{"@context":"https:\/\/schema.org","@graph":[{"@type":"WebPage","@id":"https:\/\/compuviper.mx\/tienda\/producto\/msi-oem-mag-274cf-x24-monitor-gamer-msi-27-fhd-240-hz-2xhdmi-dispayport1-4-curvo-1500r\/","url":"https:\/\/compuviper.mx\/tienda\/producto\/msi-oem-mag-274cf-x24-monitor-gamer-msi-27-fhd-240-hz-2xhdmi-dispayport1-4-curvo-1500r\/","name":"[ Msi Oem ] &#129351; Mag 274cf X24 Monitor Gamer Msi \/27 Fhd \/ 240 Hz\/2xhdmi\/dispayport1.4 Curvo 1500r","isPartOf":{"@id":"https:\/\/compuviper.mx\/tienda\/#website"},"datePublished":"2026-05-16T07:01:02+00:00","dateModified":"2026-05-17T06:00:20+00:00","description":"Compra Mag 274cf X24 Monitor Gamer Msi \/27 Fhd \/ 240 Hz\/2xhdmi\/dispayport1.4 Curvo 1500r + Env\u00edo a domicilio + Pago seguro + Garant\u00eda","breadcrumb":{"@id":"https:\/\/compuviper.mx\/tienda\/producto\/msi-oem-mag-274cf-x24-monitor-gamer-msi-27-fhd-240-hz-2xhdmi-dispayport1-4-curvo-1500r\/#breadcrumb"},"inLanguage":"es-MX","potentialAction":[{"@type":"ReadAction","target":["https:\/\/compuviper.mx\/tienda\/producto\/msi-oem-mag-274cf-x24-monitor-gamer-msi-27-fhd-240-hz-2xhdmi-dispayport1-4-curvo-1500r\/"]}]},{"@type":"BreadcrumbList","@id":"https:\/\/compuviper.mx\/tienda\/producto\/msi-oem-mag-274cf-x24-monitor-gamer-msi-27-fhd-240-hz-2xhdmi-dispayport1-4-curvo-1500r\/#breadcrumb","itemListElement":[{"@type":"ListItem","position":1,"name":"Inicio","item":"https:\/\/compuviper.mx\/tienda\/"},{"@type":"ListItem","position":2,"name":"Productos","item":"https:\/\/compuviper.mx\/tienda\/productos\/"},{"@type":"ListItem","position":3,"name":"Monitores","item":"https:\/\/compuviper.mx\/tienda\/categoria-producto\/monitores\/"},{"@type":"ListItem","position":4,"name":"Interactivo","item":"https:\/\/compuviper.mx\/tienda\/categoria-producto\/monitores\/interactivo-monitores\/"},{"@type":"ListItem","position":5,"name":"Msi Oem Mag 274cf X24 Monitor Gamer Msi \/27 Fhd \/ 240 Hz\/2xhdmi\/dispayport1.4 Curvo 1500r"}]},{"@type":"WebSite","@id":"https:\/\/compuviper.mx\/tienda\/#website","url":"https:\/\/compuviper.mx\/tienda\/","name":"Compuviper","description":"Proveedor de Computadoras, Laptops, Servidores, Monitores, Puntos de Venta, Teclados,   Impresoras, T\u00f3ner, C\u00e1maras de Seguridad y m\u00e1s en tu tienda en l\u00ednea","publisher":{"@id":"https:\/\/compuviper.mx\/tienda\/#organization"},"potentialAction":[{"@type":"SearchAction","target":{"@type":"EntryPoint","urlTemplate":"https:\/\/compuviper.mx\/tienda\/?s={search_term_string}"},"query-input":"required name=search_term_string"}],"inLanguage":"es-MX"},{"@type":"Organization","@id":"https:\/\/compuviper.mx\/tienda\/#organization","name":"Compuviper","url":"https:\/\/compuviper.mx\/tienda\/","logo":{"@type":"ImageObject","inLanguage":"es-MX","@id":"https:\/\/compuviper.mx\/tienda\/#\/schema\/logo\/image\/","url":"https:\/\/compuviper.mx\/tienda\/wp-content\/uploads\/2021\/08\/Logo-Compuviper-10.png","contentUrl":"https:\/\/compuviper.mx\/tienda\/wp-content\/uploads\/2021\/08\/Logo-Compuviper-10.png","width":1000,"height":500,"caption":"Compuviper"},"image":{"@id":"https:\/\/compuviper.mx\/tienda\/#\/schema\/logo\/image\/"},"sameAs":["https:\/\/www.facebook.com\/compuviper","https:\/\/www.youtube.com\/channel\/UCf73dERp9Y3cfOq7q8BhLjA?view_as=subscriber"]}]},"product_brand":"Msi Oem","product_price_amount":"2384","product_price_currency":"MXN","og_availability":"instock","product_availability":"instock","product_retailer_item_id":"MAG 274CF X24","product_condition":"new"},"_links":{"self":[{"href":"https:\/\/compuviper.mx\/tienda\/wp-json\/wp\/v2\/product\/268747"}],"collection":[{"href":"https:\/\/compuviper.mx\/tienda\/wp-json\/wp\/v2\/product"}],"about":[{"href":"https:\/\/compuviper.mx\/tienda\/wp-json\/wp\/v2\/types\/product"}],"replies":[{"embeddable":true,"href":"https:\/\/compuviper.mx\/tienda\/wp-json\/wp\/v2\/comments?post=268747"}],"wp:attachment":[{"href":"https:\/\/compuviper.mx\/tienda\/wp-json\/wp\/v2\/media?parent=268747"}],"wp:term":[{"taxonomy":"product_cat","embeddable":true,"href":"https:\/\/compuviper.mx\/tienda\/wp-json\/wp\/v2\/product_cat?post=268747"},{"taxonomy":"product_tag","embeddable":true,"href":"https:\/\/compuviper.mx\/tienda\/wp-json\/wp\/v2\/product_tag?post=268747"}],"curies":[{"name":"wp","href":"https:\/\/api.w.org\/{rel}","templated":true}]}}