{"id":268741,"date":"2026-04-16T00:44:48","date_gmt":"2026-04-16T06:44:48","guid":{"rendered":"https:\/\/compuviper.mx\/tienda\/producto\/msi-oem-forge-k210-w-combo-us-kit-de-teclado-y-mouse-inalambricos-usb-2-0\/"},"modified":"2026-04-16T00:44:48","modified_gmt":"2026-04-16T06:44:48","slug":"msi-oem-forge-k210-w-combo-us-kit-de-teclado-y-mouse-inalambricos-usb-2-0","status":"publish","type":"product","link":"https:\/\/compuviper.mx\/tienda\/producto\/msi-oem-forge-k210-w-combo-us-kit-de-teclado-y-mouse-inalambricos-usb-2-0\/","title":{"rendered":"Msi Oem Forge K210 W Combo Us Kit De Teclado Y Mouse Inalambricos   Usb 2.0"},"content":{"rendered":"<table class=\"descripcion\">\n<tr>\n<td>Tipo de interruptor de teclado<\/td>\n<\/tr>\n<tr>\n<td>Dise\u00f1o del teclado<\/td>\n<\/tr>\n<tr>\n<td>Gama de teclados inal\u00e1mbricos<\/td>\n<\/tr>\n<tr>\n<td>Tipo de bater\u00eda del teclado<\/td>\n<\/tr>\n<tr>\n<td>Duraci\u00f3n de la bater\u00eda del teclado<\/td>\n<\/tr>\n<tr>\n<td>Dimensiones del teclado<\/td>\n<\/tr>\n<tr>\n<td>Sensor del rat\u00f3n<\/td>\n<\/tr>\n<tr>\n<td>Dpi configurable y preajustable del rat\u00f3n<\/td>\n<\/tr>\n<tr>\n<td>Tipo de interruptor del rat\u00f3n<\/td>\n<\/tr>\n<tr>\n<td>N\u00famero de botones del rat\u00f3n<\/td>\n<\/tr>\n<tr>\n<td>Alcance inal\u00e1mbrico del rat\u00f3n<\/td>\n<\/tr>\n<tr>\n<td>Tipo de bater\u00eda del rat\u00f3n<\/td>\n<\/tr>\n<tr>\n<td>Duraci\u00f3n de la bater\u00eda del rat\u00f3n<\/td>\n<\/tr>\n<tr>\n<td>Dimensiones del rat\u00f3n<\/td>\n<\/tr>\n<tr>\n<td>Cable<\/td>\n<\/tr>\n<tr>\n<td>Sistema operativo<\/td>\n<\/tr>\n<tr>\n<td>Peso (producto \/ embalaje)<\/td>\n<\/tr>\n<tr>\n<td>Upc<\/td>\n<\/tr>\n<tr>\n<td>Cortar con tijeras<\/td>\n<\/tr>\n<tr>\n<td>108 \/ 109 \/ 112 teclas (var\u00eda seg\u00fan el idioma)<\/td>\n<\/tr>\n<tr>\n<td>Hasta 10 metros<\/td>\n<\/tr>\n<tr>\n<td>Bater\u00eda de iones de litio<\/td>\n<\/tr>\n<tr>\n<td>Hasta 120 horas<\/td>\n<\/tr>\n<tr>\n<td>433 x 122 x 17 mm<\/td>\n<\/tr>\n<tr>\n<td>\u00f3ptico<\/td>\n<\/tr>\n<tr>\n<td>1000 \/ 1200 \/ 1600<\/td>\n<\/tr>\n<tr>\n<td>Microinterruptor<\/td>\n<\/tr>\n<tr>\n<td>6<\/td>\n<\/tr>\n<tr>\n<td>Hasta 10 metros<\/td>\n<\/tr>\n<tr>\n<td>Bater\u00eda de iones de litio<\/td>\n<\/tr>\n<tr>\n<td>Hasta 30 horas<\/td>\n<\/tr>\n<tr>\n<td>124 x 63 x 40 mm<\/td>\n<\/tr>\n<tr>\n<td>Cable usb-a a c de 0,6 m (solo para carga)<\/td>\n<\/tr>\n<tr>\n<td>Windows 10 (y versiones posteriores)<\/td>\n<\/tr>\n<tr>\n<td>630 g \/ 820 g<\/td>\n<\/tr>\n<tr>\n<td>0824142434390<\/td>\n<\/tr>\n<\/table>\n","protected":false},"excerpt":{"rendered":"<p>Combo inal\u00e1mbrico forge k210. La serie forge combina videojuegos y creatividad, ofreciendo a los usuarios una plataforma para crear experiencias personalizadas. Impulsada por msi gear, la serie forge no solo fomenta la creatividad, sino que tambi\u00e9n mejora la experiencia de juego, permitiendo a los usuarios dar vida a sus ideas tanto en los videojuegos como en el trabajo. Minimalista. Inal\u00e1mbrico. Conc\u00e9ntrese. Este conjunto de teclado y rat\u00f3n, con su dise\u00f1o minimalista e inal\u00e1mbrico, aporta comodidad a tu escritorio ordenado y elegante. Simplemente conecta el adaptador inal\u00e1mbrico y podr\u00e1s empezar a trabajar sin complicaciones. Dise\u00f1ado para un flujo de trabajo productivo, este combo te ofrece todo lo que necesitas para largas jornadas de trabajo concentrado. Combo inal\u00e1mbrico forge k210. Elegancia refinada, borde plateado. Dise\u00f1ado con un elegante acabado plateado, el combo inal\u00e1mbrico forge k210 combina una est\u00e9tica impecable con una funcionalidad pr\u00e1ctica, lo que lo hace ideal tanto para el trabajo como para el uso diario. Este teclado de tama\u00f1o completo incluye todas las teclas que necesitas, con un teclado num\u00e9rico integrado para introducir datos sin esfuerzo. Junto con un rat\u00f3n compacto y sim\u00e9trico con 3 niveles de dpi ajustables, este conjunto te permite sentirte c\u00f3modo gracias a su cursor preciso y a la familiaridad de su dise\u00f1o y superficie de teclas. Combo inal\u00e1mbrico forge k210. Impulsor de productividad. Gracias a los avanzados interruptores de tijera del teclado, que permiten una escritura t\u00e1ctil, y a los botones principales del rat\u00f3n, que ofrecen una gran capacidad de respuesta para clics r\u00e1pidos y precisos, esta combinaci\u00f3n mejora el rendimiento y garantiza un control impecable en todas tus tareas. Combo inal\u00e1mbrico forge k210. Inal\u00e1mbrico, libre de desorden. La configuraci\u00f3n es sencilla: solo tienes que conectar el adaptador inal\u00e1mbrico a un puerto usb y listo. Con una conexi\u00f3n perfecta* de hasta 10 metros, puedes trabajar sin cables y mantener tu escritorio ordenado. El alcance inal\u00e1mbrico puede variar debido a las condiciones ambientales y del sistema inform\u00e1tico. Combo inal\u00e1mbrico forge k210 &#8211; teclado. Combo inal\u00e1mbrico forge k210 &#8211; rat\u00f3n. Acceso directo al control. Haz m\u00e1s con acceso r\u00e1pido a las funciones esenciales. Las teclas de acceso r\u00e1pido del teclado te permiten controlar f\u00e1cilmente la reproducci\u00f3n multimedia, ajustar el volumen y abrir widgets, mientras que los botones laterales del rat\u00f3n te permiten cambiar de p\u00e1gina con solo un toque. Combo inal\u00e1mbrico forge k210. Combo inal\u00e1mbrico forge k210combo inal\u00e1mbrico forge k210. Combo inal\u00e1mbrico forge k210. Rat\u00f3n msi. Sigue funcionando entre bater\u00edas. Con hasta 120 horas de autonom\u00eda para el teclado y hasta 30 horas para el rat\u00f3n con una sola carga de sus bater\u00edas de iones de litio integradas, podr\u00e1s trabajar sin preocuparte por quedarte sin bater\u00eda. Cuando sea necesario, simplemente rec\u00e1rgalas para seguir trabajando sin problemas. La duraci\u00f3n de la bater\u00eda puede variar seg\u00fan el uso. Comodidad ligera y duradera. Disfruta de una comodidad duradera y ligera con un teclado y un rat\u00f3n dise\u00f1ados para resistir el paso del tiempo. El teclado cuenta con robustas patas inclinables de altura ajustable para un \u00e1ngulo de escritura personalizado, mientras que el rat\u00f3n ofrece una forma ergon\u00f3mica que mejora el agarre y reduce la fatiga durante un uso prolongado. Combo inal\u00e1mbrico forge k210. Combo inal\u00e1mbrico forge k210. Interruptores de tijera : ofrecen una escritura sensible con una experiencia silenciosa, fluida y estable en cada pulsaci\u00f3n de tecla. Conexi\u00f3n inal\u00e1mbrica de largo alcance de 2,4 ghz : simplemente conecte el adaptador inal\u00e1mbrico a un puerto usb para una conexi\u00f3n perfecta de hasta 10 metros. Alimentaci\u00f3n recargable : hasta 120 horas de duraci\u00f3n de la bater\u00eda para el teclado y 30 horas para el rat\u00f3n con una carga completa; los productos se pueden usar mientras se cargan. Teclas de acceso r\u00e1pido para un control instant\u00e1neo : las pr\u00e1cticas teclas de acceso r\u00e1pido le permiten controlar los medios y acceder a los widgets con facilidad. La precisi\u00f3n importa : el sensor \u00f3ptico proporciona hasta 1600 ppp para un seguimiento preciso. Forma sim\u00e9trica : este rat\u00f3n es ideal tanto para agarre de palma como de garra, y resulta c\u00f3modo para usuarios zurdos.<\/p>\n","protected":false},"featured_media":0,"comment_status":"open","ping_status":"open","template":"","meta":[],"product_cat":[1712,1711],"product_tag":[2322],"acf":[],"yoast_head":"<!-- This site is optimized with the Yoast SEO plugin v21.7 - https:\/\/yoast.com\/wordpress\/plugins\/seo\/ -->\n<title>[ Msi Oem ] &#129351; Forge K210 W Combo Us Kit De Teclado Y Mouse Inalambricos Usb 2.0<\/title>\n<meta name=\"description\" content=\"Compra Forge K210 W Combo Us Kit De Teclado Y Mouse Inalambricos Usb 2.0 + Env\u00edo a domicilio + Pago seguro + Garant\u00eda\" \/>\n<meta name=\"robots\" content=\"index, follow, max-snippet:-1, max-image-preview:large, max-video-preview:-1\" \/>\n<link rel=\"canonical\" href=\"https:\/\/compuviper.mx\/tienda\/producto\/msi-oem-forge-k210-w-combo-us-kit-de-teclado-y-mouse-inalambricos-usb-2-0\/\" \/>\n<meta property=\"og:locale\" content=\"es_MX\" \/>\n<meta property=\"og:type\" content=\"article\" \/>\n<meta property=\"og:title\" content=\"[ Msi Oem ] &#129351; Forge K210 W Combo Us Kit De Teclado Y Mouse Inalambricos Usb 2.0\" \/>\n<meta property=\"og:description\" content=\"Compra Forge K210 W Combo Us Kit De Teclado Y Mouse Inalambricos Usb 2.0 + Env\u00edo a domicilio + Pago seguro + Garant\u00eda\" \/>\n<meta property=\"og:url\" content=\"https:\/\/compuviper.mx\/tienda\/producto\/msi-oem-forge-k210-w-combo-us-kit-de-teclado-y-mouse-inalambricos-usb-2-0\/\" \/>\n<meta property=\"og:site_name\" content=\"Compuviper\" \/>\n<meta property=\"article:publisher\" content=\"https:\/\/www.facebook.com\/compuviper\" \/>\n<meta name=\"twitter:card\" content=\"summary_large_image\" \/>\n<meta name=\"twitter:label1\" content=\"Precio\" \/>\n\t<meta name=\"twitter:data1\" content=\"&#36;449 con IVA\" \/>\n\t<meta name=\"twitter:label2\" content=\"Availability\" \/>\n\t<meta name=\"twitter:data2\" content=\"In stock\" \/>\n<script type=\"application\/ld+json\" class=\"yoast-schema-graph\">{\"@context\":\"https:\/\/schema.org\",\"@graph\":[{\"@type\":\"WebPage\",\"@id\":\"https:\/\/compuviper.mx\/tienda\/producto\/msi-oem-forge-k210-w-combo-us-kit-de-teclado-y-mouse-inalambricos-usb-2-0\/\",\"url\":\"https:\/\/compuviper.mx\/tienda\/producto\/msi-oem-forge-k210-w-combo-us-kit-de-teclado-y-mouse-inalambricos-usb-2-0\/\",\"name\":\"[ Msi Oem ] &#129351; Forge K210 W Combo Us Kit De Teclado Y Mouse Inalambricos Usb 2.0\",\"isPartOf\":{\"@id\":\"https:\/\/compuviper.mx\/tienda\/#website\"},\"datePublished\":\"2026-04-16T06:44:48+00:00\",\"dateModified\":\"2026-04-16T06:44:48+00:00\",\"description\":\"Compra Forge K210 W Combo Us Kit De Teclado Y Mouse Inalambricos Usb 2.0 + Env\u00edo a domicilio + Pago seguro + Garant\u00eda\",\"breadcrumb\":{\"@id\":\"https:\/\/compuviper.mx\/tienda\/producto\/msi-oem-forge-k210-w-combo-us-kit-de-teclado-y-mouse-inalambricos-usb-2-0\/#breadcrumb\"},\"inLanguage\":\"es-MX\",\"potentialAction\":[{\"@type\":\"ReadAction\",\"target\":[\"https:\/\/compuviper.mx\/tienda\/producto\/msi-oem-forge-k210-w-combo-us-kit-de-teclado-y-mouse-inalambricos-usb-2-0\/\"]}]},{\"@type\":\"BreadcrumbList\",\"@id\":\"https:\/\/compuviper.mx\/tienda\/producto\/msi-oem-forge-k210-w-combo-us-kit-de-teclado-y-mouse-inalambricos-usb-2-0\/#breadcrumb\",\"itemListElement\":[{\"@type\":\"ListItem\",\"position\":1,\"name\":\"Inicio\",\"item\":\"https:\/\/compuviper.mx\/tienda\/\"},{\"@type\":\"ListItem\",\"position\":2,\"name\":\"Productos\",\"item\":\"https:\/\/compuviper.mx\/tienda\/productos\/\"},{\"@type\":\"ListItem\",\"position\":3,\"name\":\"Teclado Y Mouse\",\"item\":\"https:\/\/compuviper.mx\/tienda\/categoria-producto\/teclado-y-mouse\/\"},{\"@type\":\"ListItem\",\"position\":4,\"name\":\"Sin Categor\u00eda\",\"item\":\"https:\/\/compuviper.mx\/tienda\/categoria-producto\/teclado-y-mouse\/sin-categoria-teclado-y-mouse\/\"},{\"@type\":\"ListItem\",\"position\":5,\"name\":\"Msi Oem Forge K210 W Combo Us Kit De Teclado Y Mouse Inalambricos Usb 2.0\"}]},{\"@type\":\"WebSite\",\"@id\":\"https:\/\/compuviper.mx\/tienda\/#website\",\"url\":\"https:\/\/compuviper.mx\/tienda\/\",\"name\":\"Compuviper\",\"description\":\"Proveedor de Computadoras, Laptops, Servidores, Monitores, Puntos de Venta, Teclados,   Impresoras, T\u00f3ner, C\u00e1maras de Seguridad y m\u00e1s en tu tienda en l\u00ednea\",\"publisher\":{\"@id\":\"https:\/\/compuviper.mx\/tienda\/#organization\"},\"potentialAction\":[{\"@type\":\"SearchAction\",\"target\":{\"@type\":\"EntryPoint\",\"urlTemplate\":\"https:\/\/compuviper.mx\/tienda\/?s={search_term_string}\"},\"query-input\":\"required name=search_term_string\"}],\"inLanguage\":\"es-MX\"},{\"@type\":\"Organization\",\"@id\":\"https:\/\/compuviper.mx\/tienda\/#organization\",\"name\":\"Compuviper\",\"url\":\"https:\/\/compuviper.mx\/tienda\/\",\"logo\":{\"@type\":\"ImageObject\",\"inLanguage\":\"es-MX\",\"@id\":\"https:\/\/compuviper.mx\/tienda\/#\/schema\/logo\/image\/\",\"url\":\"https:\/\/compuviper.mx\/tienda\/wp-content\/uploads\/2021\/08\/Logo-Compuviper-10.png\",\"contentUrl\":\"https:\/\/compuviper.mx\/tienda\/wp-content\/uploads\/2021\/08\/Logo-Compuviper-10.png\",\"width\":1000,\"height\":500,\"caption\":\"Compuviper\"},\"image\":{\"@id\":\"https:\/\/compuviper.mx\/tienda\/#\/schema\/logo\/image\/\"},\"sameAs\":[\"https:\/\/www.facebook.com\/compuviper\",\"https:\/\/www.youtube.com\/channel\/UCf73dERp9Y3cfOq7q8BhLjA?view_as=subscriber\"]}]}<\/script>\n<meta property=\"product:brand\" content=\"Msi Oem\" \/>\n<meta property=\"product:price:amount\" content=\"449\" \/>\n<meta property=\"product:price:currency\" content=\"MXN\" \/>\n<meta property=\"og:availability\" content=\"instock\" \/>\n<meta property=\"product:availability\" content=\"instock\" \/>\n<meta property=\"product:retailer_item_id\" content=\"FORGE K210 W COMBO US\" \/>\n<meta property=\"product:condition\" content=\"new\" \/>\n<!-- \/ Yoast SEO plugin. -->","yoast_head_json":{"title":"[ Msi Oem ] &#129351; Forge K210 W Combo Us Kit De Teclado Y Mouse Inalambricos Usb 2.0","description":"Compra Forge K210 W Combo Us Kit De Teclado Y Mouse Inalambricos Usb 2.0 + Env\u00edo a domicilio + Pago seguro + Garant\u00eda","robots":{"index":"index","follow":"follow","max-snippet":"max-snippet:-1","max-image-preview":"max-image-preview:large","max-video-preview":"max-video-preview:-1"},"canonical":"https:\/\/compuviper.mx\/tienda\/producto\/msi-oem-forge-k210-w-combo-us-kit-de-teclado-y-mouse-inalambricos-usb-2-0\/","og_locale":"es_MX","og_type":"article","og_title":"[ Msi Oem ] &#129351; Forge K210 W Combo Us Kit De Teclado Y Mouse Inalambricos Usb 2.0","og_description":"Compra Forge K210 W Combo Us Kit De Teclado Y Mouse Inalambricos Usb 2.0 + Env\u00edo a domicilio + Pago seguro + Garant\u00eda","og_url":"https:\/\/compuviper.mx\/tienda\/producto\/msi-oem-forge-k210-w-combo-us-kit-de-teclado-y-mouse-inalambricos-usb-2-0\/","og_site_name":"Compuviper","article_publisher":"https:\/\/www.facebook.com\/compuviper","twitter_card":"summary_large_image","twitter_misc":{"Precio":"&#36;449 con IVA","Availability":"In stock"},"schema":{"@context":"https:\/\/schema.org","@graph":[{"@type":"WebPage","@id":"https:\/\/compuviper.mx\/tienda\/producto\/msi-oem-forge-k210-w-combo-us-kit-de-teclado-y-mouse-inalambricos-usb-2-0\/","url":"https:\/\/compuviper.mx\/tienda\/producto\/msi-oem-forge-k210-w-combo-us-kit-de-teclado-y-mouse-inalambricos-usb-2-0\/","name":"[ Msi Oem ] &#129351; Forge K210 W Combo Us Kit De Teclado Y Mouse Inalambricos Usb 2.0","isPartOf":{"@id":"https:\/\/compuviper.mx\/tienda\/#website"},"datePublished":"2026-04-16T06:44:48+00:00","dateModified":"2026-04-16T06:44:48+00:00","description":"Compra Forge K210 W Combo Us Kit De Teclado Y Mouse Inalambricos Usb 2.0 + Env\u00edo a domicilio + Pago seguro + Garant\u00eda","breadcrumb":{"@id":"https:\/\/compuviper.mx\/tienda\/producto\/msi-oem-forge-k210-w-combo-us-kit-de-teclado-y-mouse-inalambricos-usb-2-0\/#breadcrumb"},"inLanguage":"es-MX","potentialAction":[{"@type":"ReadAction","target":["https:\/\/compuviper.mx\/tienda\/producto\/msi-oem-forge-k210-w-combo-us-kit-de-teclado-y-mouse-inalambricos-usb-2-0\/"]}]},{"@type":"BreadcrumbList","@id":"https:\/\/compuviper.mx\/tienda\/producto\/msi-oem-forge-k210-w-combo-us-kit-de-teclado-y-mouse-inalambricos-usb-2-0\/#breadcrumb","itemListElement":[{"@type":"ListItem","position":1,"name":"Inicio","item":"https:\/\/compuviper.mx\/tienda\/"},{"@type":"ListItem","position":2,"name":"Productos","item":"https:\/\/compuviper.mx\/tienda\/productos\/"},{"@type":"ListItem","position":3,"name":"Teclado Y Mouse","item":"https:\/\/compuviper.mx\/tienda\/categoria-producto\/teclado-y-mouse\/"},{"@type":"ListItem","position":4,"name":"Sin Categor\u00eda","item":"https:\/\/compuviper.mx\/tienda\/categoria-producto\/teclado-y-mouse\/sin-categoria-teclado-y-mouse\/"},{"@type":"ListItem","position":5,"name":"Msi Oem Forge K210 W Combo Us Kit De Teclado Y Mouse Inalambricos Usb 2.0"}]},{"@type":"WebSite","@id":"https:\/\/compuviper.mx\/tienda\/#website","url":"https:\/\/compuviper.mx\/tienda\/","name":"Compuviper","description":"Proveedor de Computadoras, Laptops, Servidores, Monitores, Puntos de Venta, Teclados,   Impresoras, T\u00f3ner, C\u00e1maras de Seguridad y m\u00e1s en tu tienda en l\u00ednea","publisher":{"@id":"https:\/\/compuviper.mx\/tienda\/#organization"},"potentialAction":[{"@type":"SearchAction","target":{"@type":"EntryPoint","urlTemplate":"https:\/\/compuviper.mx\/tienda\/?s={search_term_string}"},"query-input":"required name=search_term_string"}],"inLanguage":"es-MX"},{"@type":"Organization","@id":"https:\/\/compuviper.mx\/tienda\/#organization","name":"Compuviper","url":"https:\/\/compuviper.mx\/tienda\/","logo":{"@type":"ImageObject","inLanguage":"es-MX","@id":"https:\/\/compuviper.mx\/tienda\/#\/schema\/logo\/image\/","url":"https:\/\/compuviper.mx\/tienda\/wp-content\/uploads\/2021\/08\/Logo-Compuviper-10.png","contentUrl":"https:\/\/compuviper.mx\/tienda\/wp-content\/uploads\/2021\/08\/Logo-Compuviper-10.png","width":1000,"height":500,"caption":"Compuviper"},"image":{"@id":"https:\/\/compuviper.mx\/tienda\/#\/schema\/logo\/image\/"},"sameAs":["https:\/\/www.facebook.com\/compuviper","https:\/\/www.youtube.com\/channel\/UCf73dERp9Y3cfOq7q8BhLjA?view_as=subscriber"]}]},"product_brand":"Msi Oem","product_price_amount":"449","product_price_currency":"MXN","og_availability":"instock","product_availability":"instock","product_retailer_item_id":"FORGE K210 W COMBO US","product_condition":"new"},"_links":{"self":[{"href":"https:\/\/compuviper.mx\/tienda\/wp-json\/wp\/v2\/product\/268741"}],"collection":[{"href":"https:\/\/compuviper.mx\/tienda\/wp-json\/wp\/v2\/product"}],"about":[{"href":"https:\/\/compuviper.mx\/tienda\/wp-json\/wp\/v2\/types\/product"}],"replies":[{"embeddable":true,"href":"https:\/\/compuviper.mx\/tienda\/wp-json\/wp\/v2\/comments?post=268741"}],"wp:attachment":[{"href":"https:\/\/compuviper.mx\/tienda\/wp-json\/wp\/v2\/media?parent=268741"}],"wp:term":[{"taxonomy":"product_cat","embeddable":true,"href":"https:\/\/compuviper.mx\/tienda\/wp-json\/wp\/v2\/product_cat?post=268741"},{"taxonomy":"product_tag","embeddable":true,"href":"https:\/\/compuviper.mx\/tienda\/wp-json\/wp\/v2\/product_tag?post=268741"}],"curies":[{"name":"wp","href":"https:\/\/api.w.org\/{rel}","templated":true}]}}