{"id":268740,"date":"2026-04-16T00:44:46","date_gmt":"2026-04-16T06:44:46","guid":{"rendered":"https:\/\/compuviper.mx\/tienda\/producto\/msi-oem-forge-gk110-combo-us-kit-de-teclado-y-mouse-rgb-usb-2-0\/"},"modified":"2026-04-16T00:44:47","modified_gmt":"2026-04-16T06:44:47","slug":"msi-oem-forge-gk110-combo-us-kit-de-teclado-y-mouse-rgb-usb-2-0","status":"publish","type":"product","link":"https:\/\/compuviper.mx\/tienda\/producto\/msi-oem-forge-gk110-combo-us-kit-de-teclado-y-mouse-rgb-usb-2-0\/","title":{"rendered":"Msi Oem Forge Gk110 Combo Us Kit De Teclado Y Mouse  \/ Rgb Usb 2.0"},"content":{"rendered":"<table class=\"descripcion\">\n<tr>\n<td>Nombre del modelo<\/td>\n<\/tr>\n<tr>\n<td>Interfaz<\/td>\n<\/tr>\n<tr>\n<td>Iluminar desde el fondo<\/td>\n<\/tr>\n<tr>\n<td>Tipo de interruptor<\/td>\n<\/tr>\n<tr>\n<td>Vida de pulsaci\u00f3n de teclas<\/td>\n<\/tr>\n<tr>\n<td>Teclas normales del teclado<\/td>\n<\/tr>\n<tr>\n<td>Anti-ghosting del teclado<\/td>\n<\/tr>\n<tr>\n<td>Dimensiones del teclado<\/td>\n<\/tr>\n<tr>\n<td>Sensor del rat\u00f3n<\/td>\n<\/tr>\n<tr>\n<td>Luz led para rat\u00f3n<\/td>\n<\/tr>\n<tr>\n<td>Dpi configurable y preajustable del rat\u00f3n<\/td>\n<\/tr>\n<tr>\n<td>Tipo de interruptor del rat\u00f3n<\/td>\n<\/tr>\n<tr>\n<td>Durabilidad del interruptor del rat\u00f3n<\/td>\n<\/tr>\n<tr>\n<td>N\u00famero de botones del rat\u00f3n<\/td>\n<\/tr>\n<tr>\n<td>Dimensiones del rat\u00f3n<\/td>\n<\/tr>\n<tr>\n<td>Sistema operativo<\/td>\n<\/tr>\n<tr>\n<td>Longitud del cable<\/td>\n<\/tr>\n<tr>\n<td>Peso<\/td>\n<\/tr>\n<tr>\n<td>Combo forge gk110<\/td>\n<\/tr>\n<tr>\n<td>Usb 2.0<\/td>\n<\/tr>\n<tr>\n<td>Condujo<\/td>\n<\/tr>\n<tr>\n<td>Membrana<\/td>\n<\/tr>\n<tr>\n<td>8 millones<\/td>\n<\/tr>\n<tr>\n<td>Ee. uu.: 97 teclas \/ ue: 98 teclas<\/td>\n<\/tr>\n<tr>\n<td>26 teclas<\/td>\n<\/tr>\n<tr>\n<td>389 x 145 x 39 mm<\/td>\n<\/tr>\n<tr>\n<td>\u00f3ptico<\/td>\n<\/tr>\n<tr>\n<td>Rgb de 13 modos<\/td>\n<\/tr>\n<tr>\n<td>800 \/ 1200 \/ 1600 \/ 2400 \/ 4800 \/ 12800<\/td>\n<\/tr>\n<tr>\n<td>Microinterruptor<\/td>\n<\/tr>\n<tr>\n<td>20 millones de clics<\/td>\n<\/tr>\n<tr>\n<td>7<\/td>\n<\/tr>\n<tr>\n<td>126 x 66 x 40 mm<\/td>\n<\/tr>\n<tr>\n<td>Windows 10 (y versiones posteriores)<\/td>\n<\/tr>\n<tr>\n<td>1,5 m \/ 1,5 m<\/td>\n<\/tr>\n<tr>\n<td>Teclado: 540 g \/ rat\u00f3n: 126 g<\/td>\n<\/tr>\n<\/table>\n","protected":false},"excerpt":{"rendered":"<p>Combo forge gk110. La serie forge combina videojuegos y creatividad, ofreciendo a los usuarios una plataforma para crear experiencias personalizadas. Impulsada por msi gear, la serie forge no solo fomenta la creatividad, sino que tambi\u00e9n mejora la experiencia de juego, permitiendo a los usuarios dar vida a sus ideas tanto en los videojuegos como en el trabajo. Pulsaciones de teclas suaves y con gran capacidad de respuesta. Disfruta de una escritura silenciosa y fluida, perfecta para la productividad diaria y largas sesiones de juego. Interruptores duraderos msi gk110. Teclas de acceso r\u00e1pido. Controla f\u00e1cilmente la iluminaci\u00f3n rgb, la reproducci\u00f3n multimedia y las funciones del sistema con las teclas de acceso r\u00e1pido integradas que te permiten concentrarte en el juego. Teclado msi gk110 preciso. Rueda de desplazamiento de volumen dedicada. Ajusta el audio al instante con una rueda de desplazamiento suave y precisa. Sin distracciones, solo un control r\u00e1pido y exacto. Tecla de acceso r\u00e1pido del teclado msi gk110. \u00e1ngulos ajustables en tres etapas. Personaliza la inclinaci\u00f3n de tu teclado con dos patas traseras que ofrecen tres opciones de altura para una posici\u00f3n m\u00e1s ergon\u00f3mica al escribir y jugar. \u00e1ngulos preferibles para el teclado msi gk110. A\u00f1os de juegos. Disfrute de una experiencia c\u00f3moda con interruptores robustos dise\u00f1ados para soportar m\u00e1s de 20 millones de pulsaciones, ofreciendo un rendimiento constante durante incontables horas de uso. Rat\u00f3n para juegos msi forge gm320. Control preciso. Conf\u00eda en un sensor \u00f3ptico avanzado con una sensibilidad de hasta 12.800 dpi, que ofrece un seguimiento preciso para realizar ajustes r\u00e1pidos en juegos de ritmo acelerado y una puesta a punto meticulosa en trabajos de dise\u00f1o; todo ello con una precisi\u00f3n milim\u00e9trica para obtener resultados superiores. Control del rat\u00f3n msi forge gm320. Adaptaci\u00f3n r\u00e1pida. Cambia instant\u00e1neamente entre 6 preajustes de dpi para ajustar con precisi\u00f3n tu punter\u00eda en sesiones de juego intensas y tareas de dise\u00f1o complejas, ofreciendo un control excelente y capturando cada detalle en cualquier escenario. Dpi del rat\u00f3n msi forge gm320. Tasa de reporte de alta velocidad de 1000 hz. Experimenta una velocidad de respuesta ultrarr\u00e1pida de 1000 hz, hasta ocho veces m\u00e1s r\u00e1pida que la de los ratones est\u00e1ndar de 125 hz, para una respuesta casi instant\u00e1nea a cada movimiento y clic. 1000 hz. Tasa de informe. 125 hz. Tasa de informe. Rat\u00f3n msi forge gm320. Crea tu ambiente. Dale un toque de frescura a tu configuraci\u00f3n jugando con efectos predefinidos para establecer el ambiente que prefieras en tu teclado y rat\u00f3n, reflejando tu estado de \u00e1nimo y a\u00f1adiendo un toque personal a tu entorno. Combo forge gk110. Pulsaciones de teclas suaves y con gran capacidad de respuesta : disfruta de una escritura silenciosa y con una respuesta r\u00e1pida, perfecta para la productividad diaria y las largas sesiones de juego. Rueda de control de volumen dedicada : ajusta el audio sobre la marcha con una rueda de control suave y sensible. Interruptores de rat\u00f3n duraderos : a\u00f1os de juego con interruptores dise\u00f1ados para soportar m\u00e1s de 20 millones de clics. Sensor \u00f3ptico de rat\u00f3n de alta precisi\u00f3n : hasta 12.800 ppp para un seguimiento exacto. Led rgb : crea un ambiente agradable jugando con efectos predefinidos para lograr la atm\u00f3sfera que prefieras en el teclado y el rat\u00f3n.<\/p>\n","protected":false},"featured_media":0,"comment_status":"open","ping_status":"open","template":"","meta":[],"product_cat":[1711,1712],"product_tag":[2322],"acf":[],"yoast_head":"<!-- This site is optimized with the Yoast SEO plugin v21.7 - https:\/\/yoast.com\/wordpress\/plugins\/seo\/ -->\n<title>[ Msi Oem ] &#129351; Forge Gk110 Combo Us Kit De Teclado Y Mouse \/ Rgb Usb 2.0<\/title>\n<meta name=\"description\" content=\"Compra Forge Gk110 Combo Us Kit De Teclado Y Mouse \/ Rgb Usb 2.0 + Env\u00edo a domicilio + Pago seguro + Garant\u00eda\" \/>\n<meta name=\"robots\" content=\"index, follow, max-snippet:-1, max-image-preview:large, max-video-preview:-1\" \/>\n<link rel=\"canonical\" href=\"https:\/\/compuviper.mx\/tienda\/producto\/msi-oem-forge-gk110-combo-us-kit-de-teclado-y-mouse-rgb-usb-2-0\/\" \/>\n<meta property=\"og:locale\" content=\"es_MX\" \/>\n<meta property=\"og:type\" content=\"article\" \/>\n<meta property=\"og:title\" content=\"[ Msi Oem ] &#129351; Forge Gk110 Combo Us Kit De Teclado Y Mouse \/ Rgb Usb 2.0\" \/>\n<meta property=\"og:description\" content=\"Compra Forge Gk110 Combo Us Kit De Teclado Y Mouse \/ Rgb Usb 2.0 + Env\u00edo a domicilio + Pago seguro + Garant\u00eda\" \/>\n<meta property=\"og:url\" content=\"https:\/\/compuviper.mx\/tienda\/producto\/msi-oem-forge-gk110-combo-us-kit-de-teclado-y-mouse-rgb-usb-2-0\/\" \/>\n<meta property=\"og:site_name\" content=\"Compuviper\" \/>\n<meta property=\"article:publisher\" content=\"https:\/\/www.facebook.com\/compuviper\" \/>\n<meta property=\"article:modified_time\" content=\"2026-04-16T06:44:47+00:00\" \/>\n<meta name=\"twitter:card\" content=\"summary_large_image\" \/>\n<meta name=\"twitter:label1\" content=\"Precio\" \/>\n\t<meta name=\"twitter:data1\" content=\"&#36;369 con IVA\" \/>\n\t<meta name=\"twitter:label2\" content=\"Availability\" \/>\n\t<meta name=\"twitter:data2\" content=\"In stock\" \/>\n<script type=\"application\/ld+json\" class=\"yoast-schema-graph\">{\"@context\":\"https:\/\/schema.org\",\"@graph\":[{\"@type\":\"WebPage\",\"@id\":\"https:\/\/compuviper.mx\/tienda\/producto\/msi-oem-forge-gk110-combo-us-kit-de-teclado-y-mouse-rgb-usb-2-0\/\",\"url\":\"https:\/\/compuviper.mx\/tienda\/producto\/msi-oem-forge-gk110-combo-us-kit-de-teclado-y-mouse-rgb-usb-2-0\/\",\"name\":\"[ Msi Oem ] &#129351; Forge Gk110 Combo Us Kit De Teclado Y Mouse \/ Rgb Usb 2.0\",\"isPartOf\":{\"@id\":\"https:\/\/compuviper.mx\/tienda\/#website\"},\"datePublished\":\"2026-04-16T06:44:46+00:00\",\"dateModified\":\"2026-04-16T06:44:47+00:00\",\"description\":\"Compra Forge Gk110 Combo Us Kit De Teclado Y Mouse \/ Rgb Usb 2.0 + Env\u00edo a domicilio + Pago seguro + Garant\u00eda\",\"breadcrumb\":{\"@id\":\"https:\/\/compuviper.mx\/tienda\/producto\/msi-oem-forge-gk110-combo-us-kit-de-teclado-y-mouse-rgb-usb-2-0\/#breadcrumb\"},\"inLanguage\":\"es-MX\",\"potentialAction\":[{\"@type\":\"ReadAction\",\"target\":[\"https:\/\/compuviper.mx\/tienda\/producto\/msi-oem-forge-gk110-combo-us-kit-de-teclado-y-mouse-rgb-usb-2-0\/\"]}]},{\"@type\":\"BreadcrumbList\",\"@id\":\"https:\/\/compuviper.mx\/tienda\/producto\/msi-oem-forge-gk110-combo-us-kit-de-teclado-y-mouse-rgb-usb-2-0\/#breadcrumb\",\"itemListElement\":[{\"@type\":\"ListItem\",\"position\":1,\"name\":\"Inicio\",\"item\":\"https:\/\/compuviper.mx\/tienda\/\"},{\"@type\":\"ListItem\",\"position\":2,\"name\":\"Productos\",\"item\":\"https:\/\/compuviper.mx\/tienda\/productos\/\"},{\"@type\":\"ListItem\",\"position\":3,\"name\":\"Teclado Y Mouse\",\"item\":\"https:\/\/compuviper.mx\/tienda\/categoria-producto\/teclado-y-mouse\/\"},{\"@type\":\"ListItem\",\"position\":4,\"name\":\"Sin Categor\u00eda\",\"item\":\"https:\/\/compuviper.mx\/tienda\/categoria-producto\/teclado-y-mouse\/sin-categoria-teclado-y-mouse\/\"},{\"@type\":\"ListItem\",\"position\":5,\"name\":\"Msi Oem Forge Gk110 Combo Us Kit De Teclado Y Mouse \/ Rgb Usb 2.0\"}]},{\"@type\":\"WebSite\",\"@id\":\"https:\/\/compuviper.mx\/tienda\/#website\",\"url\":\"https:\/\/compuviper.mx\/tienda\/\",\"name\":\"Compuviper\",\"description\":\"Proveedor de Computadoras, Laptops, Servidores, Monitores, Puntos de Venta, Teclados,   Impresoras, T\u00f3ner, C\u00e1maras de Seguridad y m\u00e1s en tu tienda en l\u00ednea\",\"publisher\":{\"@id\":\"https:\/\/compuviper.mx\/tienda\/#organization\"},\"potentialAction\":[{\"@type\":\"SearchAction\",\"target\":{\"@type\":\"EntryPoint\",\"urlTemplate\":\"https:\/\/compuviper.mx\/tienda\/?s={search_term_string}\"},\"query-input\":\"required name=search_term_string\"}],\"inLanguage\":\"es-MX\"},{\"@type\":\"Organization\",\"@id\":\"https:\/\/compuviper.mx\/tienda\/#organization\",\"name\":\"Compuviper\",\"url\":\"https:\/\/compuviper.mx\/tienda\/\",\"logo\":{\"@type\":\"ImageObject\",\"inLanguage\":\"es-MX\",\"@id\":\"https:\/\/compuviper.mx\/tienda\/#\/schema\/logo\/image\/\",\"url\":\"https:\/\/compuviper.mx\/tienda\/wp-content\/uploads\/2021\/08\/Logo-Compuviper-10.png\",\"contentUrl\":\"https:\/\/compuviper.mx\/tienda\/wp-content\/uploads\/2021\/08\/Logo-Compuviper-10.png\",\"width\":1000,\"height\":500,\"caption\":\"Compuviper\"},\"image\":{\"@id\":\"https:\/\/compuviper.mx\/tienda\/#\/schema\/logo\/image\/\"},\"sameAs\":[\"https:\/\/www.facebook.com\/compuviper\",\"https:\/\/www.youtube.com\/channel\/UCf73dERp9Y3cfOq7q8BhLjA?view_as=subscriber\"]}]}<\/script>\n<meta property=\"product:brand\" content=\"Msi Oem\" \/>\n<meta property=\"product:price:amount\" content=\"369\" \/>\n<meta property=\"product:price:currency\" content=\"MXN\" \/>\n<meta property=\"og:availability\" content=\"instock\" \/>\n<meta property=\"product:availability\" content=\"instock\" \/>\n<meta property=\"product:retailer_item_id\" content=\"FORGE GK110 COMBO US\" \/>\n<meta property=\"product:condition\" content=\"new\" \/>\n<!-- \/ Yoast SEO plugin. -->","yoast_head_json":{"title":"[ Msi Oem ] &#129351; Forge Gk110 Combo Us Kit De Teclado Y Mouse \/ Rgb Usb 2.0","description":"Compra Forge Gk110 Combo Us Kit De Teclado Y Mouse \/ Rgb Usb 2.0 + Env\u00edo a domicilio + Pago seguro + Garant\u00eda","robots":{"index":"index","follow":"follow","max-snippet":"max-snippet:-1","max-image-preview":"max-image-preview:large","max-video-preview":"max-video-preview:-1"},"canonical":"https:\/\/compuviper.mx\/tienda\/producto\/msi-oem-forge-gk110-combo-us-kit-de-teclado-y-mouse-rgb-usb-2-0\/","og_locale":"es_MX","og_type":"article","og_title":"[ Msi Oem ] &#129351; Forge Gk110 Combo Us Kit De Teclado Y Mouse \/ Rgb Usb 2.0","og_description":"Compra Forge Gk110 Combo Us Kit De Teclado Y Mouse \/ Rgb Usb 2.0 + Env\u00edo a domicilio + Pago seguro + Garant\u00eda","og_url":"https:\/\/compuviper.mx\/tienda\/producto\/msi-oem-forge-gk110-combo-us-kit-de-teclado-y-mouse-rgb-usb-2-0\/","og_site_name":"Compuviper","article_publisher":"https:\/\/www.facebook.com\/compuviper","article_modified_time":"2026-04-16T06:44:47+00:00","twitter_card":"summary_large_image","twitter_misc":{"Precio":"&#36;369 con IVA","Availability":"In stock"},"schema":{"@context":"https:\/\/schema.org","@graph":[{"@type":"WebPage","@id":"https:\/\/compuviper.mx\/tienda\/producto\/msi-oem-forge-gk110-combo-us-kit-de-teclado-y-mouse-rgb-usb-2-0\/","url":"https:\/\/compuviper.mx\/tienda\/producto\/msi-oem-forge-gk110-combo-us-kit-de-teclado-y-mouse-rgb-usb-2-0\/","name":"[ Msi Oem ] &#129351; Forge Gk110 Combo Us Kit De Teclado Y Mouse \/ Rgb Usb 2.0","isPartOf":{"@id":"https:\/\/compuviper.mx\/tienda\/#website"},"datePublished":"2026-04-16T06:44:46+00:00","dateModified":"2026-04-16T06:44:47+00:00","description":"Compra Forge Gk110 Combo Us Kit De Teclado Y Mouse \/ Rgb Usb 2.0 + Env\u00edo a domicilio + Pago seguro + Garant\u00eda","breadcrumb":{"@id":"https:\/\/compuviper.mx\/tienda\/producto\/msi-oem-forge-gk110-combo-us-kit-de-teclado-y-mouse-rgb-usb-2-0\/#breadcrumb"},"inLanguage":"es-MX","potentialAction":[{"@type":"ReadAction","target":["https:\/\/compuviper.mx\/tienda\/producto\/msi-oem-forge-gk110-combo-us-kit-de-teclado-y-mouse-rgb-usb-2-0\/"]}]},{"@type":"BreadcrumbList","@id":"https:\/\/compuviper.mx\/tienda\/producto\/msi-oem-forge-gk110-combo-us-kit-de-teclado-y-mouse-rgb-usb-2-0\/#breadcrumb","itemListElement":[{"@type":"ListItem","position":1,"name":"Inicio","item":"https:\/\/compuviper.mx\/tienda\/"},{"@type":"ListItem","position":2,"name":"Productos","item":"https:\/\/compuviper.mx\/tienda\/productos\/"},{"@type":"ListItem","position":3,"name":"Teclado Y Mouse","item":"https:\/\/compuviper.mx\/tienda\/categoria-producto\/teclado-y-mouse\/"},{"@type":"ListItem","position":4,"name":"Sin Categor\u00eda","item":"https:\/\/compuviper.mx\/tienda\/categoria-producto\/teclado-y-mouse\/sin-categoria-teclado-y-mouse\/"},{"@type":"ListItem","position":5,"name":"Msi Oem Forge Gk110 Combo Us Kit De Teclado Y Mouse \/ Rgb Usb 2.0"}]},{"@type":"WebSite","@id":"https:\/\/compuviper.mx\/tienda\/#website","url":"https:\/\/compuviper.mx\/tienda\/","name":"Compuviper","description":"Proveedor de Computadoras, Laptops, Servidores, Monitores, Puntos de Venta, Teclados,   Impresoras, T\u00f3ner, C\u00e1maras de Seguridad y m\u00e1s en tu tienda en l\u00ednea","publisher":{"@id":"https:\/\/compuviper.mx\/tienda\/#organization"},"potentialAction":[{"@type":"SearchAction","target":{"@type":"EntryPoint","urlTemplate":"https:\/\/compuviper.mx\/tienda\/?s={search_term_string}"},"query-input":"required name=search_term_string"}],"inLanguage":"es-MX"},{"@type":"Organization","@id":"https:\/\/compuviper.mx\/tienda\/#organization","name":"Compuviper","url":"https:\/\/compuviper.mx\/tienda\/","logo":{"@type":"ImageObject","inLanguage":"es-MX","@id":"https:\/\/compuviper.mx\/tienda\/#\/schema\/logo\/image\/","url":"https:\/\/compuviper.mx\/tienda\/wp-content\/uploads\/2021\/08\/Logo-Compuviper-10.png","contentUrl":"https:\/\/compuviper.mx\/tienda\/wp-content\/uploads\/2021\/08\/Logo-Compuviper-10.png","width":1000,"height":500,"caption":"Compuviper"},"image":{"@id":"https:\/\/compuviper.mx\/tienda\/#\/schema\/logo\/image\/"},"sameAs":["https:\/\/www.facebook.com\/compuviper","https:\/\/www.youtube.com\/channel\/UCf73dERp9Y3cfOq7q8BhLjA?view_as=subscriber"]}]},"product_brand":"Msi Oem","product_price_amount":"369","product_price_currency":"MXN","og_availability":"instock","product_availability":"instock","product_retailer_item_id":"FORGE GK110 COMBO US","product_condition":"new"},"_links":{"self":[{"href":"https:\/\/compuviper.mx\/tienda\/wp-json\/wp\/v2\/product\/268740"}],"collection":[{"href":"https:\/\/compuviper.mx\/tienda\/wp-json\/wp\/v2\/product"}],"about":[{"href":"https:\/\/compuviper.mx\/tienda\/wp-json\/wp\/v2\/types\/product"}],"replies":[{"embeddable":true,"href":"https:\/\/compuviper.mx\/tienda\/wp-json\/wp\/v2\/comments?post=268740"}],"wp:attachment":[{"href":"https:\/\/compuviper.mx\/tienda\/wp-json\/wp\/v2\/media?parent=268740"}],"wp:term":[{"taxonomy":"product_cat","embeddable":true,"href":"https:\/\/compuviper.mx\/tienda\/wp-json\/wp\/v2\/product_cat?post=268740"},{"taxonomy":"product_tag","embeddable":true,"href":"https:\/\/compuviper.mx\/tienda\/wp-json\/wp\/v2\/product_tag?post=268740"}],"curies":[{"name":"wp","href":"https:\/\/api.w.org\/{rel}","templated":true}]}}