{"id":268739,"date":"2026-04-16T00:44:45","date_gmt":"2026-04-16T06:44:45","guid":{"rendered":"https:\/\/compuviper.mx\/tienda\/producto\/msi-oem-forge-gk110-us-teclado-almbrico-msi-usb-2-0-rgb\/"},"modified":"2026-04-16T00:44:45","modified_gmt":"2026-04-16T06:44:45","slug":"msi-oem-forge-gk110-us-teclado-almbrico-msi-usb-2-0-rgb","status":"publish","type":"product","link":"https:\/\/compuviper.mx\/tienda\/producto\/msi-oem-forge-gk110-us-teclado-almbrico-msi-usb-2-0-rgb\/","title":{"rendered":"Msi Oem Forge Gk110 Us Teclado Al?mbrico Msi  \/ Usb 2.0 \/ Rgb"},"content":{"rendered":"<table class=\"descripcion\">\n<tr>\n<td>Nombre del modelo<\/td>\n<\/tr>\n<tr>\n<td>Interfaz<\/td>\n<\/tr>\n<tr>\n<td>Iluminar desde el fondo<\/td>\n<\/tr>\n<tr>\n<td>Tipo de interruptor<\/td>\n<\/tr>\n<tr>\n<td>Vida de pulsaci\u00f3n de teclas<\/td>\n<\/tr>\n<tr>\n<td>Teclas normales<\/td>\n<\/tr>\n<tr>\n<td>Anti-ghosting<\/td>\n<\/tr>\n<tr>\n<td>Sistema operativo<\/td>\n<\/tr>\n<tr>\n<td>Longitud del cable<\/td>\n<\/tr>\n<tr>\n<td>Dimensiones del producto<\/td>\n<\/tr>\n<tr>\n<td>Peso (producto \/ embalaje)<\/td>\n<\/tr>\n<tr>\n<td>Forge gk110<\/td>\n<\/tr>\n<tr>\n<td>Usb 2.0<\/td>\n<\/tr>\n<tr>\n<td>Condujo<\/td>\n<\/tr>\n<tr>\n<td>Membrana<\/td>\n<\/tr>\n<tr>\n<td>8 millones<\/td>\n<\/tr>\n<tr>\n<td>Ee. uu.: 97 teclas \/ ue: 98 teclas<\/td>\n<\/tr>\n<tr>\n<td>26 teclas<\/td>\n<\/tr>\n<tr>\n<td>Windows 11<\/td>\n<\/tr>\n<tr>\n<td>Cable usb-a a c de 1,5 m (desmontable)<\/td>\n<\/tr>\n<tr>\n<td>389 x 145 x 39 mm<\/td>\n<\/tr>\n<tr>\n<td>540 \/ 660 g<\/td>\n<\/tr>\n<\/table>\n","protected":false},"excerpt":{"rendered":"<p>Gk110. El forge gk110 combina rendimiento para juegos con flexibilidad creativa. Dise\u00f1ado con msi gear, este teclado mejora tanto el juego como la productividad, brindando a los usuarios las herramientas para rendir al m\u00e1ximo. Pulsaciones de teclas suaves y con gran capacidad de respuesta. Disfruta de una escritura silenciosa y fluida, perfecta para la productividad diaria y largas sesiones de juego. Interruptores duraderos msi gk110. Teclas de acceso r\u00e1pido. Controla f\u00e1cilmente la iluminaci\u00f3n rgb, la reproducci\u00f3n multimedia y las funciones del sistema con las teclas de acceso r\u00e1pido integradas que te permiten concentrarte en el juego. Teclado msi gk110 preciso. Rueda de desplazamiento de volumen dedicada. Ajusta el audio al instante con una rueda de desplazamiento suave y precisa. Sin distracciones, solo un control r\u00e1pido y exacto. Tecla de acceso r\u00e1pido del teclado msi gk110. \u00e1ngulos ajustables en tres etapas. Personaliza la inclinaci\u00f3n de tu teclado con dos patas traseras que ofrecen tres opciones de altura para una posici\u00f3n m\u00e1s ergon\u00f3mica al escribir y jugar. \u00e1ngulos preferibles para el teclado msi gk110. Efectos de iluminaci\u00f3n rgb. Personaliza tu configuraci\u00f3n con iluminaci\u00f3n rgb personalizable que da vida a tu espacio de juego y de trabajo. Teclado msi gk110 rgb. Forge gk110. Pulsaciones de teclas suaves y con gran capacidad de respuesta : disfruta de una escritura silenciosa y con una respuesta r\u00e1pida, perfecta para la productividad diaria y las largas sesiones de juego. Teclas de acceso r\u00e1pido : controle f\u00e1cilmente la iluminaci\u00f3n rgb, la reproducci\u00f3n multimedia y las funciones del sistema con sus teclas de acceso r\u00e1pido integradas. Rueda de control de volumen dedicada : ajusta el audio sobre la marcha con una rueda de control suave y sensible. \u00e1ngulos ajustables en tres etapas : personaliza la inclinaci\u00f3n de tu teclado con dos patas traseras que ofrecen tres opciones de altura. Efectos de iluminaci\u00f3n rgb : personaliza tu configuraci\u00f3n con efectos de iluminaci\u00f3n rgb personalizables.<\/p>\n","protected":false},"featured_media":0,"comment_status":"open","ping_status":"open","template":"","meta":[],"product_cat":[1718,1713],"product_tag":[2322],"acf":[],"yoast_head":"<!-- This site is optimized with the Yoast SEO plugin v21.7 - https:\/\/yoast.com\/wordpress\/plugins\/seo\/ -->\n<title>[ Msi Oem ] &#129351; Forge Gk110 Us Teclado Al\u00e1mbrico Msi \/ Usb 2.0 \/ Rgb<\/title>\n<meta name=\"description\" content=\"Compra Forge Gk110 Us Teclado Al\u00e1mbrico Msi \/ Usb 2.0 \/ Rgb + Env\u00edo a domicilio + Pago seguro + Garant\u00eda\" \/>\n<meta name=\"robots\" content=\"index, follow, max-snippet:-1, max-image-preview:large, max-video-preview:-1\" \/>\n<link rel=\"canonical\" href=\"https:\/\/compuviper.mx\/tienda\/producto\/msi-oem-forge-gk110-us-teclado-almbrico-msi-usb-2-0-rgb\/\" \/>\n<meta property=\"og:locale\" content=\"es_MX\" \/>\n<meta property=\"og:type\" content=\"article\" \/>\n<meta property=\"og:title\" content=\"[ Msi Oem ] &#129351; Forge Gk110 Us Teclado Al\u00e1mbrico Msi \/ Usb 2.0 \/ Rgb\" \/>\n<meta property=\"og:description\" content=\"Compra Forge Gk110 Us Teclado Al\u00e1mbrico Msi \/ Usb 2.0 \/ Rgb + Env\u00edo a domicilio + Pago seguro + Garant\u00eda\" \/>\n<meta property=\"og:url\" content=\"https:\/\/compuviper.mx\/tienda\/producto\/msi-oem-forge-gk110-us-teclado-almbrico-msi-usb-2-0-rgb\/\" \/>\n<meta property=\"og:site_name\" content=\"Compuviper\" \/>\n<meta property=\"article:publisher\" content=\"https:\/\/www.facebook.com\/compuviper\" \/>\n<meta name=\"twitter:card\" content=\"summary_large_image\" \/>\n<meta name=\"twitter:label1\" content=\"Precio\" \/>\n\t<meta name=\"twitter:data1\" content=\"&#36;237 con IVA\" \/>\n\t<meta name=\"twitter:label2\" content=\"Availability\" \/>\n\t<meta name=\"twitter:data2\" content=\"In stock\" \/>\n<script type=\"application\/ld+json\" class=\"yoast-schema-graph\">{\"@context\":\"https:\/\/schema.org\",\"@graph\":[{\"@type\":\"WebPage\",\"@id\":\"https:\/\/compuviper.mx\/tienda\/producto\/msi-oem-forge-gk110-us-teclado-almbrico-msi-usb-2-0-rgb\/\",\"url\":\"https:\/\/compuviper.mx\/tienda\/producto\/msi-oem-forge-gk110-us-teclado-almbrico-msi-usb-2-0-rgb\/\",\"name\":\"[ Msi Oem ] &#129351; Forge Gk110 Us Teclado Al\u00e1mbrico Msi \/ Usb 2.0 \/ Rgb\",\"isPartOf\":{\"@id\":\"https:\/\/compuviper.mx\/tienda\/#website\"},\"datePublished\":\"2026-04-16T06:44:45+00:00\",\"dateModified\":\"2026-04-16T06:44:45+00:00\",\"description\":\"Compra Forge Gk110 Us Teclado Al\u00e1mbrico Msi \/ Usb 2.0 \/ Rgb + Env\u00edo a domicilio + Pago seguro + Garant\u00eda\",\"breadcrumb\":{\"@id\":\"https:\/\/compuviper.mx\/tienda\/producto\/msi-oem-forge-gk110-us-teclado-almbrico-msi-usb-2-0-rgb\/#breadcrumb\"},\"inLanguage\":\"es-MX\",\"potentialAction\":[{\"@type\":\"ReadAction\",\"target\":[\"https:\/\/compuviper.mx\/tienda\/producto\/msi-oem-forge-gk110-us-teclado-almbrico-msi-usb-2-0-rgb\/\"]}]},{\"@type\":\"BreadcrumbList\",\"@id\":\"https:\/\/compuviper.mx\/tienda\/producto\/msi-oem-forge-gk110-us-teclado-almbrico-msi-usb-2-0-rgb\/#breadcrumb\",\"itemListElement\":[{\"@type\":\"ListItem\",\"position\":1,\"name\":\"Inicio\",\"item\":\"https:\/\/compuviper.mx\/tienda\/\"},{\"@type\":\"ListItem\",\"position\":2,\"name\":\"Productos\",\"item\":\"https:\/\/compuviper.mx\/tienda\/productos\/\"},{\"@type\":\"ListItem\",\"position\":3,\"name\":\"Teclados\",\"item\":\"https:\/\/compuviper.mx\/tienda\/categoria-producto\/teclados\/\"},{\"@type\":\"ListItem\",\"position\":4,\"name\":\"Gamers\",\"item\":\"https:\/\/compuviper.mx\/tienda\/categoria-producto\/teclados\/gamers\/\"},{\"@type\":\"ListItem\",\"position\":5,\"name\":\"Msi Oem Forge Gk110 Us Teclado Al?mbrico Msi \/ Usb 2.0 \/ Rgb\"}]},{\"@type\":\"WebSite\",\"@id\":\"https:\/\/compuviper.mx\/tienda\/#website\",\"url\":\"https:\/\/compuviper.mx\/tienda\/\",\"name\":\"Compuviper\",\"description\":\"Proveedor de Computadoras, Laptops, Servidores, Monitores, Puntos de Venta, Teclados,   Impresoras, T\u00f3ner, C\u00e1maras de Seguridad y m\u00e1s en tu tienda en l\u00ednea\",\"publisher\":{\"@id\":\"https:\/\/compuviper.mx\/tienda\/#organization\"},\"potentialAction\":[{\"@type\":\"SearchAction\",\"target\":{\"@type\":\"EntryPoint\",\"urlTemplate\":\"https:\/\/compuviper.mx\/tienda\/?s={search_term_string}\"},\"query-input\":\"required name=search_term_string\"}],\"inLanguage\":\"es-MX\"},{\"@type\":\"Organization\",\"@id\":\"https:\/\/compuviper.mx\/tienda\/#organization\",\"name\":\"Compuviper\",\"url\":\"https:\/\/compuviper.mx\/tienda\/\",\"logo\":{\"@type\":\"ImageObject\",\"inLanguage\":\"es-MX\",\"@id\":\"https:\/\/compuviper.mx\/tienda\/#\/schema\/logo\/image\/\",\"url\":\"https:\/\/compuviper.mx\/tienda\/wp-content\/uploads\/2021\/08\/Logo-Compuviper-10.png\",\"contentUrl\":\"https:\/\/compuviper.mx\/tienda\/wp-content\/uploads\/2021\/08\/Logo-Compuviper-10.png\",\"width\":1000,\"height\":500,\"caption\":\"Compuviper\"},\"image\":{\"@id\":\"https:\/\/compuviper.mx\/tienda\/#\/schema\/logo\/image\/\"},\"sameAs\":[\"https:\/\/www.facebook.com\/compuviper\",\"https:\/\/www.youtube.com\/channel\/UCf73dERp9Y3cfOq7q8BhLjA?view_as=subscriber\"]}]}<\/script>\n<meta property=\"product:brand\" content=\"Msi Oem\" \/>\n<meta property=\"product:price:amount\" content=\"237\" \/>\n<meta property=\"product:price:currency\" content=\"MXN\" \/>\n<meta property=\"og:availability\" content=\"instock\" \/>\n<meta property=\"product:availability\" content=\"instock\" \/>\n<meta property=\"product:retailer_item_id\" content=\"FORGE GK110 US\" \/>\n<meta property=\"product:condition\" content=\"new\" \/>\n<!-- \/ Yoast SEO plugin. -->","yoast_head_json":{"title":"[ Msi Oem ] &#129351; Forge Gk110 Us Teclado Al\u00e1mbrico Msi \/ Usb 2.0 \/ Rgb","description":"Compra Forge Gk110 Us Teclado Al\u00e1mbrico Msi \/ Usb 2.0 \/ Rgb + Env\u00edo a domicilio + Pago seguro + Garant\u00eda","robots":{"index":"index","follow":"follow","max-snippet":"max-snippet:-1","max-image-preview":"max-image-preview:large","max-video-preview":"max-video-preview:-1"},"canonical":"https:\/\/compuviper.mx\/tienda\/producto\/msi-oem-forge-gk110-us-teclado-almbrico-msi-usb-2-0-rgb\/","og_locale":"es_MX","og_type":"article","og_title":"[ Msi Oem ] &#129351; Forge Gk110 Us Teclado Al\u00e1mbrico Msi \/ Usb 2.0 \/ Rgb","og_description":"Compra Forge Gk110 Us Teclado Al\u00e1mbrico Msi \/ Usb 2.0 \/ Rgb + Env\u00edo a domicilio + Pago seguro + Garant\u00eda","og_url":"https:\/\/compuviper.mx\/tienda\/producto\/msi-oem-forge-gk110-us-teclado-almbrico-msi-usb-2-0-rgb\/","og_site_name":"Compuviper","article_publisher":"https:\/\/www.facebook.com\/compuviper","twitter_card":"summary_large_image","twitter_misc":{"Precio":"&#36;237 con IVA","Availability":"In stock"},"schema":{"@context":"https:\/\/schema.org","@graph":[{"@type":"WebPage","@id":"https:\/\/compuviper.mx\/tienda\/producto\/msi-oem-forge-gk110-us-teclado-almbrico-msi-usb-2-0-rgb\/","url":"https:\/\/compuviper.mx\/tienda\/producto\/msi-oem-forge-gk110-us-teclado-almbrico-msi-usb-2-0-rgb\/","name":"[ Msi Oem ] &#129351; Forge Gk110 Us Teclado Al\u00e1mbrico Msi \/ Usb 2.0 \/ Rgb","isPartOf":{"@id":"https:\/\/compuviper.mx\/tienda\/#website"},"datePublished":"2026-04-16T06:44:45+00:00","dateModified":"2026-04-16T06:44:45+00:00","description":"Compra Forge Gk110 Us Teclado Al\u00e1mbrico Msi \/ Usb 2.0 \/ Rgb + Env\u00edo a domicilio + Pago seguro + Garant\u00eda","breadcrumb":{"@id":"https:\/\/compuviper.mx\/tienda\/producto\/msi-oem-forge-gk110-us-teclado-almbrico-msi-usb-2-0-rgb\/#breadcrumb"},"inLanguage":"es-MX","potentialAction":[{"@type":"ReadAction","target":["https:\/\/compuviper.mx\/tienda\/producto\/msi-oem-forge-gk110-us-teclado-almbrico-msi-usb-2-0-rgb\/"]}]},{"@type":"BreadcrumbList","@id":"https:\/\/compuviper.mx\/tienda\/producto\/msi-oem-forge-gk110-us-teclado-almbrico-msi-usb-2-0-rgb\/#breadcrumb","itemListElement":[{"@type":"ListItem","position":1,"name":"Inicio","item":"https:\/\/compuviper.mx\/tienda\/"},{"@type":"ListItem","position":2,"name":"Productos","item":"https:\/\/compuviper.mx\/tienda\/productos\/"},{"@type":"ListItem","position":3,"name":"Teclados","item":"https:\/\/compuviper.mx\/tienda\/categoria-producto\/teclados\/"},{"@type":"ListItem","position":4,"name":"Gamers","item":"https:\/\/compuviper.mx\/tienda\/categoria-producto\/teclados\/gamers\/"},{"@type":"ListItem","position":5,"name":"Msi Oem Forge Gk110 Us Teclado Al?mbrico Msi \/ Usb 2.0 \/ Rgb"}]},{"@type":"WebSite","@id":"https:\/\/compuviper.mx\/tienda\/#website","url":"https:\/\/compuviper.mx\/tienda\/","name":"Compuviper","description":"Proveedor de Computadoras, Laptops, Servidores, Monitores, Puntos de Venta, Teclados,   Impresoras, T\u00f3ner, C\u00e1maras de Seguridad y m\u00e1s en tu tienda en l\u00ednea","publisher":{"@id":"https:\/\/compuviper.mx\/tienda\/#organization"},"potentialAction":[{"@type":"SearchAction","target":{"@type":"EntryPoint","urlTemplate":"https:\/\/compuviper.mx\/tienda\/?s={search_term_string}"},"query-input":"required name=search_term_string"}],"inLanguage":"es-MX"},{"@type":"Organization","@id":"https:\/\/compuviper.mx\/tienda\/#organization","name":"Compuviper","url":"https:\/\/compuviper.mx\/tienda\/","logo":{"@type":"ImageObject","inLanguage":"es-MX","@id":"https:\/\/compuviper.mx\/tienda\/#\/schema\/logo\/image\/","url":"https:\/\/compuviper.mx\/tienda\/wp-content\/uploads\/2021\/08\/Logo-Compuviper-10.png","contentUrl":"https:\/\/compuviper.mx\/tienda\/wp-content\/uploads\/2021\/08\/Logo-Compuviper-10.png","width":1000,"height":500,"caption":"Compuviper"},"image":{"@id":"https:\/\/compuviper.mx\/tienda\/#\/schema\/logo\/image\/"},"sameAs":["https:\/\/www.facebook.com\/compuviper","https:\/\/www.youtube.com\/channel\/UCf73dERp9Y3cfOq7q8BhLjA?view_as=subscriber"]}]},"product_brand":"Msi Oem","product_price_amount":"237","product_price_currency":"MXN","og_availability":"instock","product_availability":"instock","product_retailer_item_id":"FORGE GK110 US","product_condition":"new"},"_links":{"self":[{"href":"https:\/\/compuviper.mx\/tienda\/wp-json\/wp\/v2\/product\/268739"}],"collection":[{"href":"https:\/\/compuviper.mx\/tienda\/wp-json\/wp\/v2\/product"}],"about":[{"href":"https:\/\/compuviper.mx\/tienda\/wp-json\/wp\/v2\/types\/product"}],"replies":[{"embeddable":true,"href":"https:\/\/compuviper.mx\/tienda\/wp-json\/wp\/v2\/comments?post=268739"}],"wp:attachment":[{"href":"https:\/\/compuviper.mx\/tienda\/wp-json\/wp\/v2\/media?parent=268739"}],"wp:term":[{"taxonomy":"product_cat","embeddable":true,"href":"https:\/\/compuviper.mx\/tienda\/wp-json\/wp\/v2\/product_cat?post=268739"},{"taxonomy":"product_tag","embeddable":true,"href":"https:\/\/compuviper.mx\/tienda\/wp-json\/wp\/v2\/product_tag?post=268739"}],"curies":[{"name":"wp","href":"https:\/\/api.w.org\/{rel}","templated":true}]}}