{"id":268737,"date":"2026-04-16T00:11:12","date_gmt":"2026-04-16T06:11:12","guid":{"rendered":"https:\/\/compuviper.mx\/tienda\/producto\/msi-oem-mag-forge-321r-airflow-gabinete-gaming-msi-media-torre-atx-micro-atx-mini-itx-negro-sin-fuente-pc-gamer\/"},"modified":"2026-04-16T00:11:12","modified_gmt":"2026-04-16T06:11:12","slug":"msi-oem-mag-forge-321r-airflow-gabinete-gaming-msi-media-torre-atx-micro-atx-mini-itx-negro-sin-fuente-pc-gamer","status":"publish","type":"product","link":"https:\/\/compuviper.mx\/tienda\/producto\/msi-oem-mag-forge-321r-airflow-gabinete-gaming-msi-media-torre-atx-micro-atx-mini-itx-negro-sin-fuente-pc-gamer\/","title":{"rendered":"Msi Oem Mag Forge 321r Airflow Gabinete Gaming Msi  \/ Media Torre \/ Atx\/micro Atx\/mini Itx\/ Negro\/ Sin Fuente\/pc\/gamer"},"content":{"rendered":"<table class=\"descripcion\">\n<tr>\n<td>Soporte de formato de placa madre atx \/ micro-atx \/ mini-itx<\/td>\n<\/tr>\n<tr>\n<td>Maximum gpu height 150 mm \/ 5.91 inches<\/td>\n<\/tr>\n<tr>\n<td>Formato del gabinete mid tower<\/td>\n<\/tr>\n<tr>\n<td>Producto mag forge 321r airflow<\/td>\n<\/tr>\n<tr>\n<td>Peso 7.05 kg \/ 15.54lbs<\/td>\n<\/tr>\n<tr>\n<td>Puertos e\/s 1 x usb 3.2 gen 2&#215;2 type-c<\/td>\n<\/tr>\n<tr>\n<td> 2 x usb 3.2 gen 1 type-a<\/td>\n<\/tr>\n<tr>\n<td> 1 x mic-in \/ audio-out<\/td>\n<\/tr>\n<tr>\n<td> 1 x led switch<\/td>\n<\/tr>\n<tr>\n<td>Bah\u00edas para drivers 1 x 2.5<\/td>\n<\/tr>\n<tr>\n<td> 2 x 2.5 \/ 3.5<\/td>\n<\/tr>\n<tr>\n<td>Slots de expansi\u00f3n gabinete 7<\/td>\n<\/tr>\n<tr>\n<td>Ventilador preinstalado front: 3 x 120 mm<\/td>\n<\/tr>\n<tr>\n<td> rear: 1 x 120 mm<\/td>\n<\/tr>\n<tr>\n<td>Distribuci\u00f3n radiador front: 120 \/ 140 \/ 240 mm<\/td>\n<\/tr>\n<tr>\n<td> top: 120 \/ 240 \/ 280 \/ 360 mm<\/td>\n<\/tr>\n<tr>\n<td> rear: 120 mm<\/td>\n<\/tr>\n<tr>\n<td>Soporte para ventilador front: 3 x 120 mm \/ 2 x 140 mm<\/td>\n<\/tr>\n<tr>\n<td> top: 3 x 120 mm \/ 2 x 140 mm<\/td>\n<\/tr>\n<tr>\n<td> rear: 1 x 120 mm<\/td>\n<\/tr>\n<tr>\n<td> side: 2 x 120 mm<\/td>\n<\/tr>\n<tr>\n<td> psu shroud: 2 x 120 mm<\/td>\n<\/tr>\n<tr>\n<td>Longitud m\u00e1xima de la fuente 200 mm \/ 7.87 inches (without 2.5\/3.5 hdd tray installation)<\/td>\n<\/tr>\n<tr>\n<td>Longitud m\u00e1xima de gpu 390 mm \/ 15.35 inches<\/td>\n<\/tr>\n<tr>\n<td>Longitud m\u00e1xima del cooler de cpu 160 mm \/ 6.29 inches<\/td>\n<\/tr>\n<tr>\n<td>Lightning front: 3 x argb fan<\/td>\n<\/tr>\n<tr>\n<td> rear: 1 x argb fan<\/td>\n<\/tr>\n<tr>\n<td>Peso bruto 8.35 kg \/ 18.41lbs<\/td>\n<\/tr>\n<\/table>\n","protected":false},"excerpt":{"rendered":"<p>La serie mag lucha junto a los jugadores en pos del honor. Al a\u00f1adir elementos de inspiraci\u00f3n militar a estos productos de juego, renacieron como s\u00edmbolo de robustez y durabilidad. M\u00e1s informaci\u00f3n. La malla certificada lo hace funcionar. El panel de malla frontal permite que el aire fluya f\u00e1cilmente hacia el interior de la caja sin obstrucciones, proporcionando el mejor rendimiento de refrigeraci\u00f3n del sistema. Este gabinete ocupa poco espacio pero ofrece un gran rendimiento. Mag forge 320r airflow. Disipaci\u00f3n de calor. No tienes que preocuparte por la refrigeraci\u00f3n del sistema gracias a los gabinetes gaming. Compatibilidad del hardware. Los gabinetes gamer ofrecen un amplio soporte para la instalaci\u00f3n de sus componentes de hardware. F\u00e1cil de instalar. El gabinete gamer tiene muchas caracter\u00edsticas que facilitan el proceso de instalaci\u00f3n. Aspecto elegante. Construye y muestra la pc m\u00e1s cool con iluminaci\u00f3n argb controlable. Mag forge 321r airflow. Conectables delanteros e\/s. Usb 3.2 gen 2&#215;2 tipo-cusb 3.2 gen 1 tipo-amic \/ audioled switchencendido. Beyond the power. Mag forge 321r airflow. Soporta refrigeraci\u00f3n l\u00edquida aio de hasta 360 mm y grandes gpus de la serie 40. Soporta hasta 11 ventiladores del sistema, proporcionando ventilaci\u00f3n y rendimiento estable para todo el sistema. Ventiladores argb integrados y placa de control, que ofrecen una iluminaci\u00f3n impactante y efectos de iluminaci\u00f3n vibrantes. 1 puerto usb 3.2 gen 2&#215;2 tipo-c (20gbps) y 2 puertos usb 3.2 gen 1 tipo-a (5gbps). Panel lateral de vidrio templado que muestra los efectos de iluminaci\u00f3n argb. Filtro de polvo magn\u00e9tico en las rejillas superiores, f\u00e1cil de quitar para su limpieza. Bot\u00f3n de cambio led que permite un control intuitivo y 9 efectos de iluminaci\u00f3n.<\/p>\n","protected":false},"featured_media":268738,"comment_status":"open","ping_status":"open","template":"","meta":[],"product_cat":[1674,1676],"product_tag":[2322],"acf":[],"yoast_head":"<!-- This site is optimized with the Yoast SEO plugin v21.7 - https:\/\/yoast.com\/wordpress\/plugins\/seo\/ -->\n<title>[ Msi Oem ] &#129351; Mag Forge 321r Airflow Gabinete Gaming Msi \/ Media Torre \/ Atx\/micro Atx\/mini Itx\/ Negro\/ Sin Fuente\/pc\/gamer<\/title>\n<meta name=\"description\" content=\"Compra Mag Forge 321r Airflow Gabinete Gaming Msi \/ Media Torre \/ Atx\/micro Atx\/mini Itx\/ Negro\/ Sin Fuente\/pc\/gamer + Env\u00edo a domicilio + Pago seguro + Garant\u00eda\" \/>\n<meta name=\"robots\" content=\"index, follow, max-snippet:-1, max-image-preview:large, max-video-preview:-1\" \/>\n<link rel=\"canonical\" href=\"https:\/\/compuviper.mx\/tienda\/producto\/msi-oem-mag-forge-321r-airflow-gabinete-gaming-msi-media-torre-atx-micro-atx-mini-itx-negro-sin-fuente-pc-gamer\/\" \/>\n<meta property=\"og:locale\" content=\"es_MX\" \/>\n<meta property=\"og:type\" content=\"article\" \/>\n<meta property=\"og:title\" content=\"[ Msi Oem ] &#129351; Mag Forge 321r Airflow Gabinete Gaming Msi \/ Media Torre \/ Atx\/micro Atx\/mini Itx\/ Negro\/ Sin Fuente\/pc\/gamer\" \/>\n<meta property=\"og:description\" content=\"Compra Mag Forge 321r Airflow Gabinete Gaming Msi \/ Media Torre \/ Atx\/micro Atx\/mini Itx\/ Negro\/ Sin Fuente\/pc\/gamer + Env\u00edo a domicilio + Pago seguro + Garant\u00eda\" \/>\n<meta property=\"og:url\" content=\"https:\/\/compuviper.mx\/tienda\/producto\/msi-oem-mag-forge-321r-airflow-gabinete-gaming-msi-media-torre-atx-micro-atx-mini-itx-negro-sin-fuente-pc-gamer\/\" \/>\n<meta property=\"og:site_name\" content=\"Compuviper\" \/>\n<meta property=\"article:publisher\" content=\"https:\/\/www.facebook.com\/compuviper\" \/>\n<meta property=\"og:image\" content=\"https:\/\/compuviper.mx\/tienda\/wp-content\/uploads\/2026\/04\/Gabinete-gaming-msi-mag-forge-321r-airflow-media-torre-atxmicro-atxmini-itx-negro-sin-fuentepcgamer.jpg\" \/>\n\t<meta property=\"og:image:width\" content=\"200\" \/>\n\t<meta property=\"og:image:height\" content=\"200\" \/>\n\t<meta property=\"og:image:type\" content=\"image\/jpeg\" \/>\n<meta name=\"twitter:card\" content=\"summary_large_image\" \/>\n<meta name=\"twitter:label1\" content=\"Precio\" \/>\n\t<meta name=\"twitter:data1\" content=\"&#36;1,080 con IVA\" \/>\n\t<meta name=\"twitter:label2\" content=\"Availability\" \/>\n\t<meta name=\"twitter:data2\" content=\"In stock\" \/>\n<script type=\"application\/ld+json\" class=\"yoast-schema-graph\">{\"@context\":\"https:\/\/schema.org\",\"@graph\":[{\"@type\":\"WebPage\",\"@id\":\"https:\/\/compuviper.mx\/tienda\/producto\/msi-oem-mag-forge-321r-airflow-gabinete-gaming-msi-media-torre-atx-micro-atx-mini-itx-negro-sin-fuente-pc-gamer\/\",\"url\":\"https:\/\/compuviper.mx\/tienda\/producto\/msi-oem-mag-forge-321r-airflow-gabinete-gaming-msi-media-torre-atx-micro-atx-mini-itx-negro-sin-fuente-pc-gamer\/\",\"name\":\"[ Msi Oem ] &#129351; Mag Forge 321r Airflow Gabinete Gaming Msi \/ Media Torre \/ Atx\/micro Atx\/mini Itx\/ Negro\/ Sin Fuente\/pc\/gamer\",\"isPartOf\":{\"@id\":\"https:\/\/compuviper.mx\/tienda\/#website\"},\"datePublished\":\"2026-04-16T06:11:12+00:00\",\"dateModified\":\"2026-04-16T06:11:12+00:00\",\"description\":\"Compra Mag Forge 321r Airflow Gabinete Gaming Msi \/ Media Torre \/ Atx\/micro Atx\/mini Itx\/ Negro\/ Sin Fuente\/pc\/gamer + Env\u00edo a domicilio + Pago seguro + Garant\u00eda\",\"breadcrumb\":{\"@id\":\"https:\/\/compuviper.mx\/tienda\/producto\/msi-oem-mag-forge-321r-airflow-gabinete-gaming-msi-media-torre-atx-micro-atx-mini-itx-negro-sin-fuente-pc-gamer\/#breadcrumb\"},\"inLanguage\":\"es-MX\",\"potentialAction\":[{\"@type\":\"ReadAction\",\"target\":[\"https:\/\/compuviper.mx\/tienda\/producto\/msi-oem-mag-forge-321r-airflow-gabinete-gaming-msi-media-torre-atx-micro-atx-mini-itx-negro-sin-fuente-pc-gamer\/\"]}]},{\"@type\":\"BreadcrumbList\",\"@id\":\"https:\/\/compuviper.mx\/tienda\/producto\/msi-oem-mag-forge-321r-airflow-gabinete-gaming-msi-media-torre-atx-micro-atx-mini-itx-negro-sin-fuente-pc-gamer\/#breadcrumb\",\"itemListElement\":[{\"@type\":\"ListItem\",\"position\":1,\"name\":\"Inicio\",\"item\":\"https:\/\/compuviper.mx\/tienda\/\"},{\"@type\":\"ListItem\",\"position\":2,\"name\":\"Productos\",\"item\":\"https:\/\/compuviper.mx\/tienda\/productos\/\"},{\"@type\":\"ListItem\",\"position\":3,\"name\":\"Gabinetes\",\"item\":\"https:\/\/compuviper.mx\/tienda\/categoria-producto\/gabinetes\/\"},{\"@type\":\"ListItem\",\"position\":4,\"name\":\"Media Torre\",\"item\":\"https:\/\/compuviper.mx\/tienda\/categoria-producto\/gabinetes\/media-torre\/\"},{\"@type\":\"ListItem\",\"position\":5,\"name\":\"Msi Oem Mag Forge 321r Airflow Gabinete Gaming Msi \/ Media Torre \/ Atx\/micro Atx\/mini Itx\/ Negro\/ Sin Fuente\/pc\/gamer\"}]},{\"@type\":\"WebSite\",\"@id\":\"https:\/\/compuviper.mx\/tienda\/#website\",\"url\":\"https:\/\/compuviper.mx\/tienda\/\",\"name\":\"Compuviper\",\"description\":\"Proveedor de Computadoras, Laptops, Servidores, Monitores, Puntos de Venta, Teclados,   Impresoras, T\u00f3ner, C\u00e1maras de Seguridad y m\u00e1s en tu tienda en l\u00ednea\",\"publisher\":{\"@id\":\"https:\/\/compuviper.mx\/tienda\/#organization\"},\"potentialAction\":[{\"@type\":\"SearchAction\",\"target\":{\"@type\":\"EntryPoint\",\"urlTemplate\":\"https:\/\/compuviper.mx\/tienda\/?s={search_term_string}\"},\"query-input\":\"required name=search_term_string\"}],\"inLanguage\":\"es-MX\"},{\"@type\":\"Organization\",\"@id\":\"https:\/\/compuviper.mx\/tienda\/#organization\",\"name\":\"Compuviper\",\"url\":\"https:\/\/compuviper.mx\/tienda\/\",\"logo\":{\"@type\":\"ImageObject\",\"inLanguage\":\"es-MX\",\"@id\":\"https:\/\/compuviper.mx\/tienda\/#\/schema\/logo\/image\/\",\"url\":\"https:\/\/compuviper.mx\/tienda\/wp-content\/uploads\/2021\/08\/Logo-Compuviper-10.png\",\"contentUrl\":\"https:\/\/compuviper.mx\/tienda\/wp-content\/uploads\/2021\/08\/Logo-Compuviper-10.png\",\"width\":1000,\"height\":500,\"caption\":\"Compuviper\"},\"image\":{\"@id\":\"https:\/\/compuviper.mx\/tienda\/#\/schema\/logo\/image\/\"},\"sameAs\":[\"https:\/\/www.facebook.com\/compuviper\",\"https:\/\/www.youtube.com\/channel\/UCf73dERp9Y3cfOq7q8BhLjA?view_as=subscriber\"]}]}<\/script>\n<meta property=\"product:brand\" content=\"Msi Oem\" \/>\n<meta property=\"product:price:amount\" content=\"1080\" \/>\n<meta property=\"product:price:currency\" content=\"MXN\" \/>\n<meta property=\"og:availability\" content=\"instock\" \/>\n<meta property=\"product:availability\" content=\"instock\" \/>\n<meta property=\"product:retailer_item_id\" content=\"MAG FORGE 321R AIRFLOW\" \/>\n<meta property=\"product:condition\" content=\"new\" \/>\n<!-- \/ Yoast SEO plugin. -->","yoast_head_json":{"title":"[ Msi Oem ] &#129351; Mag Forge 321r Airflow Gabinete Gaming Msi \/ Media Torre \/ Atx\/micro Atx\/mini Itx\/ Negro\/ Sin Fuente\/pc\/gamer","description":"Compra Mag Forge 321r Airflow Gabinete Gaming Msi \/ Media Torre \/ Atx\/micro Atx\/mini Itx\/ Negro\/ Sin Fuente\/pc\/gamer + Env\u00edo a domicilio + Pago seguro + Garant\u00eda","robots":{"index":"index","follow":"follow","max-snippet":"max-snippet:-1","max-image-preview":"max-image-preview:large","max-video-preview":"max-video-preview:-1"},"canonical":"https:\/\/compuviper.mx\/tienda\/producto\/msi-oem-mag-forge-321r-airflow-gabinete-gaming-msi-media-torre-atx-micro-atx-mini-itx-negro-sin-fuente-pc-gamer\/","og_locale":"es_MX","og_type":"article","og_title":"[ Msi Oem ] &#129351; Mag Forge 321r Airflow Gabinete Gaming Msi \/ Media Torre \/ Atx\/micro Atx\/mini Itx\/ Negro\/ Sin Fuente\/pc\/gamer","og_description":"Compra Mag Forge 321r Airflow Gabinete Gaming Msi \/ Media Torre \/ Atx\/micro Atx\/mini Itx\/ Negro\/ Sin Fuente\/pc\/gamer + Env\u00edo a domicilio + Pago seguro + Garant\u00eda","og_url":"https:\/\/compuviper.mx\/tienda\/producto\/msi-oem-mag-forge-321r-airflow-gabinete-gaming-msi-media-torre-atx-micro-atx-mini-itx-negro-sin-fuente-pc-gamer\/","og_site_name":"Compuviper","article_publisher":"https:\/\/www.facebook.com\/compuviper","og_image":[{"width":200,"height":200,"url":"https:\/\/compuviper.mx\/tienda\/wp-content\/uploads\/2026\/04\/Gabinete-gaming-msi-mag-forge-321r-airflow-media-torre-atxmicro-atxmini-itx-negro-sin-fuentepcgamer.jpg","type":"image\/jpeg"}],"twitter_card":"summary_large_image","twitter_misc":{"Precio":"&#36;1,080 con IVA","Availability":"In stock"},"schema":{"@context":"https:\/\/schema.org","@graph":[{"@type":"WebPage","@id":"https:\/\/compuviper.mx\/tienda\/producto\/msi-oem-mag-forge-321r-airflow-gabinete-gaming-msi-media-torre-atx-micro-atx-mini-itx-negro-sin-fuente-pc-gamer\/","url":"https:\/\/compuviper.mx\/tienda\/producto\/msi-oem-mag-forge-321r-airflow-gabinete-gaming-msi-media-torre-atx-micro-atx-mini-itx-negro-sin-fuente-pc-gamer\/","name":"[ Msi Oem ] &#129351; Mag Forge 321r Airflow Gabinete Gaming Msi \/ Media Torre \/ Atx\/micro Atx\/mini Itx\/ Negro\/ Sin Fuente\/pc\/gamer","isPartOf":{"@id":"https:\/\/compuviper.mx\/tienda\/#website"},"datePublished":"2026-04-16T06:11:12+00:00","dateModified":"2026-04-16T06:11:12+00:00","description":"Compra Mag Forge 321r Airflow Gabinete Gaming Msi \/ Media Torre \/ Atx\/micro Atx\/mini Itx\/ Negro\/ Sin Fuente\/pc\/gamer + Env\u00edo a domicilio + Pago seguro + Garant\u00eda","breadcrumb":{"@id":"https:\/\/compuviper.mx\/tienda\/producto\/msi-oem-mag-forge-321r-airflow-gabinete-gaming-msi-media-torre-atx-micro-atx-mini-itx-negro-sin-fuente-pc-gamer\/#breadcrumb"},"inLanguage":"es-MX","potentialAction":[{"@type":"ReadAction","target":["https:\/\/compuviper.mx\/tienda\/producto\/msi-oem-mag-forge-321r-airflow-gabinete-gaming-msi-media-torre-atx-micro-atx-mini-itx-negro-sin-fuente-pc-gamer\/"]}]},{"@type":"BreadcrumbList","@id":"https:\/\/compuviper.mx\/tienda\/producto\/msi-oem-mag-forge-321r-airflow-gabinete-gaming-msi-media-torre-atx-micro-atx-mini-itx-negro-sin-fuente-pc-gamer\/#breadcrumb","itemListElement":[{"@type":"ListItem","position":1,"name":"Inicio","item":"https:\/\/compuviper.mx\/tienda\/"},{"@type":"ListItem","position":2,"name":"Productos","item":"https:\/\/compuviper.mx\/tienda\/productos\/"},{"@type":"ListItem","position":3,"name":"Gabinetes","item":"https:\/\/compuviper.mx\/tienda\/categoria-producto\/gabinetes\/"},{"@type":"ListItem","position":4,"name":"Media Torre","item":"https:\/\/compuviper.mx\/tienda\/categoria-producto\/gabinetes\/media-torre\/"},{"@type":"ListItem","position":5,"name":"Msi Oem Mag Forge 321r Airflow Gabinete Gaming Msi \/ Media Torre \/ Atx\/micro Atx\/mini Itx\/ Negro\/ Sin Fuente\/pc\/gamer"}]},{"@type":"WebSite","@id":"https:\/\/compuviper.mx\/tienda\/#website","url":"https:\/\/compuviper.mx\/tienda\/","name":"Compuviper","description":"Proveedor de Computadoras, Laptops, Servidores, Monitores, Puntos de Venta, Teclados,   Impresoras, T\u00f3ner, C\u00e1maras de Seguridad y m\u00e1s en tu tienda en l\u00ednea","publisher":{"@id":"https:\/\/compuviper.mx\/tienda\/#organization"},"potentialAction":[{"@type":"SearchAction","target":{"@type":"EntryPoint","urlTemplate":"https:\/\/compuviper.mx\/tienda\/?s={search_term_string}"},"query-input":"required name=search_term_string"}],"inLanguage":"es-MX"},{"@type":"Organization","@id":"https:\/\/compuviper.mx\/tienda\/#organization","name":"Compuviper","url":"https:\/\/compuviper.mx\/tienda\/","logo":{"@type":"ImageObject","inLanguage":"es-MX","@id":"https:\/\/compuviper.mx\/tienda\/#\/schema\/logo\/image\/","url":"https:\/\/compuviper.mx\/tienda\/wp-content\/uploads\/2021\/08\/Logo-Compuviper-10.png","contentUrl":"https:\/\/compuviper.mx\/tienda\/wp-content\/uploads\/2021\/08\/Logo-Compuviper-10.png","width":1000,"height":500,"caption":"Compuviper"},"image":{"@id":"https:\/\/compuviper.mx\/tienda\/#\/schema\/logo\/image\/"},"sameAs":["https:\/\/www.facebook.com\/compuviper","https:\/\/www.youtube.com\/channel\/UCf73dERp9Y3cfOq7q8BhLjA?view_as=subscriber"]}]},"product_brand":"Msi Oem","product_price_amount":"1080","product_price_currency":"MXN","og_availability":"instock","product_availability":"instock","product_retailer_item_id":"MAG FORGE 321R AIRFLOW","product_condition":"new"},"_links":{"self":[{"href":"https:\/\/compuviper.mx\/tienda\/wp-json\/wp\/v2\/product\/268737"}],"collection":[{"href":"https:\/\/compuviper.mx\/tienda\/wp-json\/wp\/v2\/product"}],"about":[{"href":"https:\/\/compuviper.mx\/tienda\/wp-json\/wp\/v2\/types\/product"}],"replies":[{"embeddable":true,"href":"https:\/\/compuviper.mx\/tienda\/wp-json\/wp\/v2\/comments?post=268737"}],"wp:featuredmedia":[{"embeddable":true,"href":"https:\/\/compuviper.mx\/tienda\/wp-json\/wp\/v2\/media\/268738"}],"wp:attachment":[{"href":"https:\/\/compuviper.mx\/tienda\/wp-json\/wp\/v2\/media?parent=268737"}],"wp:term":[{"taxonomy":"product_cat","embeddable":true,"href":"https:\/\/compuviper.mx\/tienda\/wp-json\/wp\/v2\/product_cat?post=268737"},{"taxonomy":"product_tag","embeddable":true,"href":"https:\/\/compuviper.mx\/tienda\/wp-json\/wp\/v2\/product_tag?post=268737"}],"curies":[{"name":"wp","href":"https:\/\/api.w.org\/{rel}","templated":true}]}}