{"id":268736,"date":"2026-04-20T23:23:57","date_gmt":"2026-04-21T05:23:57","guid":{"rendered":"https:\/\/compuviper.mx\/tienda\/producto\/manhattan-462143-soporte-soporte-de-pared-antirrobo-para-exteriores-con-inclinacin-para-pantallas-de-37-a-86\/"},"modified":"2026-04-20T23:23:57","modified_gmt":"2026-04-21T05:23:57","slug":"manhattan-462143-soporte-soporte-de-pared-antirrobo-para-exteriores-con-inclinacin-para-pantallas-de-37-a-86","status":"publish","type":"product","link":"https:\/\/compuviper.mx\/tienda\/producto\/manhattan-462143-soporte-soporte-de-pared-antirrobo-para-exteriores-con-inclinacin-para-pantallas-de-37-a-86\/","title":{"rendered":"Manhattan 462143 Soporte\/\/\/soporte De Pared Antirrobo Para Exteriores Con Inclinaci?n Para Pantallas De 37 A 86"},"content":{"rendered":"<table class=\"descripcion\">\n<tr>\n<td>Dise\u00f1o resistente a exteriores que resiste la corrosi\u00f3n, lluvia y humedad, incluso en condiciones costeras<\/td>\n<\/tr>\n<tr>\n<td>Soporta una pantalla plana o curva de 37 a 86 con peso de hasta 80 kg (176 lb)<\/td>\n<\/tr>\n<tr>\n<td>Vistas optimizadas con ajuste de +5\u00b0 a -10\u00b0 de inclinaci\u00f3n y +\/-5\u00b0 mm de nivelaci\u00f3n posterior a la instalaci\u00f3n<\/td>\n<\/tr>\n<tr>\n<td>Se extiende 54 mm (2.1\u0094) desde la pared<\/td>\n<\/tr>\n<tr>\n<td>Acero de alta calidad, laminado en fr\u00edo, con un grosor de hasta 2 mm<\/td>\n<\/tr>\n<tr>\n<td>Opci\u00f3n de bloqueo antirrobo que asegura la pantalla al soporte, ideal para exteriores y se\u00f1alizaci\u00f3n digital (requiere un candado, no incluido).<\/td>\n<\/tr>\n<tr>\n<td>Est\u00e1ndares vesa de 200 x 200 a 600 x 400 (200&#215;200, 300&#215;200, 400&#215;200, 300&#215;300, 400&#215;300, 400&#215;400, 600&#215;400)<\/td>\n<\/tr>\n<tr>\n<td>Hasta tres a\u00f1os de garant\u00eda.* (*consulte el tiempo de garant\u00eda en su ciudad o pa\u00eds)<\/td>\n<\/tr>\n<\/table>\n","protected":false},"excerpt":{"rendered":"<p>El soporte de pared antirrobo para exteriores con inclinaci\u00f3n para pantallas de manhattan est\u00e1 dise\u00f1ado y creado para la mejor vista, desde patios hasta \u00e1reas junto a la piscina. El soporte de pared antirrobo para exteriores con inclinaci\u00f3n para pantallas de manhattan te permite disfrutar de tus deportes y entretenimiento favoritos al aire libre. Cuenta con una construcci\u00f3n resistente a climas exteriores y fabricado para una durabilidad prolongada, adem\u00e1s cuenta con electrochapado, recubrimiento en polvo extendido y herrajes de acero inoxidable para resistir las diversas condiciones del clima. Su dise\u00f1o resistente a la intemperie combate la corrosi\u00f3n, lluvia y humedad, lo que lo convierte en una excelente opci\u00f3n. Ya sea que est\u00e9s organizando una noche de cine en el jard\u00edn o instalando una pantalla en el patio, lograr\u00e1s el \u00e1ngulo de visualizaci\u00f3n perfecto con +5\u00b0 a -10\u00b0 de inclinaci\u00f3n y \u00b15\u00b0 de nivelaci\u00f3n posterior a la instalaci\u00f3n. Est\u00e1 dise\u00f1ado para sostener una pantalla plana o curva de 37 a 86 con un peso de hasta 80 kg (176 lb). Este soporte est\u00e1 fabricado en acero de alta calidad laminado en fr\u00edo con un grosor de metal de hasta 2 mm, ideal para espacios p\u00fablicos o comerciales, la opci\u00f3n de bloqueo antirrobo impide que la pantalla sea retirada del soporte, siendo perfecto para se\u00f1alizaci\u00f3n digital o cualquier entorno donde se desee una protecci\u00f3n adicional.<\/p>\n","protected":false},"featured_media":0,"comment_status":"open","ping_status":"open","template":"","meta":[],"product_cat":[2321,2265],"product_tag":[1487],"acf":[],"yoast_head":"<!-- This site is optimized with the Yoast SEO plugin v21.7 - https:\/\/yoast.com\/wordpress\/plugins\/seo\/ -->\n<title>[ Manhattan ] &#129351; 462143 Soporte\/\/\/soporte De Pared Antirrobo Para Exteriores Con Inclinaci\u00f3n Para Pantallas De 37 A 86<\/title>\n<meta name=\"description\" content=\"Compra 462143 Soporte\/\/\/soporte De Pared Antirrobo Para Exteriores Con Inclinaci\u00f3n Para Pantallas De 37 A 86 + Env\u00edo a domicilio + Pago seguro + Garant\u00eda\" \/>\n<meta name=\"robots\" content=\"index, follow, max-snippet:-1, max-image-preview:large, max-video-preview:-1\" \/>\n<link rel=\"canonical\" href=\"https:\/\/compuviper.mx\/tienda\/producto\/manhattan-462143-soporte-soporte-de-pared-antirrobo-para-exteriores-con-inclinacin-para-pantallas-de-37-a-86\/\" \/>\n<meta property=\"og:locale\" content=\"es_MX\" \/>\n<meta property=\"og:type\" content=\"article\" \/>\n<meta property=\"og:title\" content=\"[ Manhattan ] &#129351; 462143 Soporte\/\/\/soporte De Pared Antirrobo Para Exteriores Con Inclinaci\u00f3n Para Pantallas De 37 A 86\" \/>\n<meta property=\"og:description\" content=\"Compra 462143 Soporte\/\/\/soporte De Pared Antirrobo Para Exteriores Con Inclinaci\u00f3n Para Pantallas De 37 A 86 + Env\u00edo a domicilio + Pago seguro + Garant\u00eda\" \/>\n<meta property=\"og:url\" content=\"https:\/\/compuviper.mx\/tienda\/producto\/manhattan-462143-soporte-soporte-de-pared-antirrobo-para-exteriores-con-inclinacin-para-pantallas-de-37-a-86\/\" \/>\n<meta property=\"og:site_name\" content=\"Compuviper\" \/>\n<meta property=\"article:publisher\" content=\"https:\/\/www.facebook.com\/compuviper\" \/>\n<meta name=\"twitter:card\" content=\"summary_large_image\" \/>\n<meta name=\"twitter:label1\" content=\"Precio\" \/>\n\t<meta name=\"twitter:data1\" content=\"&#36;1,577 con IVA\" \/>\n\t<meta name=\"twitter:label2\" content=\"Availability\" \/>\n\t<meta name=\"twitter:data2\" content=\"Out of stock\" \/>\n<script type=\"application\/ld+json\" class=\"yoast-schema-graph\">{\"@context\":\"https:\/\/schema.org\",\"@graph\":[{\"@type\":\"WebPage\",\"@id\":\"https:\/\/compuviper.mx\/tienda\/producto\/manhattan-462143-soporte-soporte-de-pared-antirrobo-para-exteriores-con-inclinacin-para-pantallas-de-37-a-86\/\",\"url\":\"https:\/\/compuviper.mx\/tienda\/producto\/manhattan-462143-soporte-soporte-de-pared-antirrobo-para-exteriores-con-inclinacin-para-pantallas-de-37-a-86\/\",\"name\":\"[ Manhattan ] &#129351; 462143 Soporte\/\/\/soporte De Pared Antirrobo Para Exteriores Con Inclinaci\u00f3n Para Pantallas De 37 A 86\",\"isPartOf\":{\"@id\":\"https:\/\/compuviper.mx\/tienda\/#website\"},\"datePublished\":\"2026-04-21T05:23:57+00:00\",\"dateModified\":\"2026-04-21T05:23:57+00:00\",\"description\":\"Compra 462143 Soporte\/\/\/soporte De Pared Antirrobo Para Exteriores Con Inclinaci\u00f3n Para Pantallas De 37 A 86 + Env\u00edo a domicilio + Pago seguro + Garant\u00eda\",\"breadcrumb\":{\"@id\":\"https:\/\/compuviper.mx\/tienda\/producto\/manhattan-462143-soporte-soporte-de-pared-antirrobo-para-exteriores-con-inclinacin-para-pantallas-de-37-a-86\/#breadcrumb\"},\"inLanguage\":\"es-MX\",\"potentialAction\":[{\"@type\":\"ReadAction\",\"target\":[\"https:\/\/compuviper.mx\/tienda\/producto\/manhattan-462143-soporte-soporte-de-pared-antirrobo-para-exteriores-con-inclinacin-para-pantallas-de-37-a-86\/\"]}]},{\"@type\":\"BreadcrumbList\",\"@id\":\"https:\/\/compuviper.mx\/tienda\/producto\/manhattan-462143-soporte-soporte-de-pared-antirrobo-para-exteriores-con-inclinacin-para-pantallas-de-37-a-86\/#breadcrumb\",\"itemListElement\":[{\"@type\":\"ListItem\",\"position\":1,\"name\":\"Inicio\",\"item\":\"https:\/\/compuviper.mx\/tienda\/\"},{\"@type\":\"ListItem\",\"position\":2,\"name\":\"Productos\",\"item\":\"https:\/\/compuviper.mx\/tienda\/productos\/\"},{\"@type\":\"ListItem\",\"position\":3,\"name\":\"Soportes Y Bases P\/tv\/ Proyectores\/dvd\/consolas\/bocinas\/pantallas\/monotores\",\"item\":\"https:\/\/compuviper.mx\/tienda\/categoria-producto\/soportes-y-bases-p-tv-proyectores-dvd-consolas-bocinas-pantallas-monotores\/\"},{\"@type\":\"ListItem\",\"position\":4,\"name\":\"Soporte Y Base Para Tv\/pantallas\/monitores\/kiosko\",\"item\":\"https:\/\/compuviper.mx\/tienda\/categoria-producto\/soportes-y-bases-p-tv-proyectores-dvd-consolas-bocinas-pantallas-monotores\/soporte-y-base-para-tv-pantallas-monitores-kiosko\/\"},{\"@type\":\"ListItem\",\"position\":5,\"name\":\"Manhattan 462143 Soporte\/\/\/soporte De Pared Antirrobo Para Exteriores Con Inclinaci?n Para Pantallas De 37 A 86\"}]},{\"@type\":\"WebSite\",\"@id\":\"https:\/\/compuviper.mx\/tienda\/#website\",\"url\":\"https:\/\/compuviper.mx\/tienda\/\",\"name\":\"Compuviper\",\"description\":\"Proveedor de Computadoras, Laptops, Servidores, Monitores, Puntos de Venta, Teclados,   Impresoras, T\u00f3ner, C\u00e1maras de Seguridad y m\u00e1s en tu tienda en l\u00ednea\",\"publisher\":{\"@id\":\"https:\/\/compuviper.mx\/tienda\/#organization\"},\"potentialAction\":[{\"@type\":\"SearchAction\",\"target\":{\"@type\":\"EntryPoint\",\"urlTemplate\":\"https:\/\/compuviper.mx\/tienda\/?s={search_term_string}\"},\"query-input\":\"required name=search_term_string\"}],\"inLanguage\":\"es-MX\"},{\"@type\":\"Organization\",\"@id\":\"https:\/\/compuviper.mx\/tienda\/#organization\",\"name\":\"Compuviper\",\"url\":\"https:\/\/compuviper.mx\/tienda\/\",\"logo\":{\"@type\":\"ImageObject\",\"inLanguage\":\"es-MX\",\"@id\":\"https:\/\/compuviper.mx\/tienda\/#\/schema\/logo\/image\/\",\"url\":\"https:\/\/compuviper.mx\/tienda\/wp-content\/uploads\/2021\/08\/Logo-Compuviper-10.png\",\"contentUrl\":\"https:\/\/compuviper.mx\/tienda\/wp-content\/uploads\/2021\/08\/Logo-Compuviper-10.png\",\"width\":1000,\"height\":500,\"caption\":\"Compuviper\"},\"image\":{\"@id\":\"https:\/\/compuviper.mx\/tienda\/#\/schema\/logo\/image\/\"},\"sameAs\":[\"https:\/\/www.facebook.com\/compuviper\",\"https:\/\/www.youtube.com\/channel\/UCf73dERp9Y3cfOq7q8BhLjA?view_as=subscriber\"]}]}<\/script>\n<meta property=\"product:brand\" content=\"MANHATTAN\" \/>\n<meta property=\"product:price:amount\" content=\"1577\" \/>\n<meta property=\"product:price:currency\" content=\"MXN\" \/>\n<meta property=\"og:availability\" content=\"out of stock\" \/>\n<meta property=\"product:availability\" content=\"out of stock\" \/>\n<meta property=\"product:retailer_item_id\" content=\"462143\" \/>\n<meta property=\"product:condition\" content=\"new\" \/>\n<!-- \/ Yoast SEO plugin. -->","yoast_head_json":{"title":"[ Manhattan ] &#129351; 462143 Soporte\/\/\/soporte De Pared Antirrobo Para Exteriores Con Inclinaci\u00f3n Para Pantallas De 37 A 86","description":"Compra 462143 Soporte\/\/\/soporte De Pared Antirrobo Para Exteriores Con Inclinaci\u00f3n Para Pantallas De 37 A 86 + Env\u00edo a domicilio + Pago seguro + Garant\u00eda","robots":{"index":"index","follow":"follow","max-snippet":"max-snippet:-1","max-image-preview":"max-image-preview:large","max-video-preview":"max-video-preview:-1"},"canonical":"https:\/\/compuviper.mx\/tienda\/producto\/manhattan-462143-soporte-soporte-de-pared-antirrobo-para-exteriores-con-inclinacin-para-pantallas-de-37-a-86\/","og_locale":"es_MX","og_type":"article","og_title":"[ Manhattan ] &#129351; 462143 Soporte\/\/\/soporte De Pared Antirrobo Para Exteriores Con Inclinaci\u00f3n Para Pantallas De 37 A 86","og_description":"Compra 462143 Soporte\/\/\/soporte De Pared Antirrobo Para Exteriores Con Inclinaci\u00f3n Para Pantallas De 37 A 86 + Env\u00edo a domicilio + Pago seguro + Garant\u00eda","og_url":"https:\/\/compuviper.mx\/tienda\/producto\/manhattan-462143-soporte-soporte-de-pared-antirrobo-para-exteriores-con-inclinacin-para-pantallas-de-37-a-86\/","og_site_name":"Compuviper","article_publisher":"https:\/\/www.facebook.com\/compuviper","twitter_card":"summary_large_image","twitter_misc":{"Precio":"&#36;1,577 con IVA","Availability":"Out of stock"},"schema":{"@context":"https:\/\/schema.org","@graph":[{"@type":"WebPage","@id":"https:\/\/compuviper.mx\/tienda\/producto\/manhattan-462143-soporte-soporte-de-pared-antirrobo-para-exteriores-con-inclinacin-para-pantallas-de-37-a-86\/","url":"https:\/\/compuviper.mx\/tienda\/producto\/manhattan-462143-soporte-soporte-de-pared-antirrobo-para-exteriores-con-inclinacin-para-pantallas-de-37-a-86\/","name":"[ Manhattan ] &#129351; 462143 Soporte\/\/\/soporte De Pared Antirrobo Para Exteriores Con Inclinaci\u00f3n Para Pantallas De 37 A 86","isPartOf":{"@id":"https:\/\/compuviper.mx\/tienda\/#website"},"datePublished":"2026-04-21T05:23:57+00:00","dateModified":"2026-04-21T05:23:57+00:00","description":"Compra 462143 Soporte\/\/\/soporte De Pared Antirrobo Para Exteriores Con Inclinaci\u00f3n Para Pantallas De 37 A 86 + Env\u00edo a domicilio + Pago seguro + Garant\u00eda","breadcrumb":{"@id":"https:\/\/compuviper.mx\/tienda\/producto\/manhattan-462143-soporte-soporte-de-pared-antirrobo-para-exteriores-con-inclinacin-para-pantallas-de-37-a-86\/#breadcrumb"},"inLanguage":"es-MX","potentialAction":[{"@type":"ReadAction","target":["https:\/\/compuviper.mx\/tienda\/producto\/manhattan-462143-soporte-soporte-de-pared-antirrobo-para-exteriores-con-inclinacin-para-pantallas-de-37-a-86\/"]}]},{"@type":"BreadcrumbList","@id":"https:\/\/compuviper.mx\/tienda\/producto\/manhattan-462143-soporte-soporte-de-pared-antirrobo-para-exteriores-con-inclinacin-para-pantallas-de-37-a-86\/#breadcrumb","itemListElement":[{"@type":"ListItem","position":1,"name":"Inicio","item":"https:\/\/compuviper.mx\/tienda\/"},{"@type":"ListItem","position":2,"name":"Productos","item":"https:\/\/compuviper.mx\/tienda\/productos\/"},{"@type":"ListItem","position":3,"name":"Soportes Y Bases P\/tv\/ Proyectores\/dvd\/consolas\/bocinas\/pantallas\/monotores","item":"https:\/\/compuviper.mx\/tienda\/categoria-producto\/soportes-y-bases-p-tv-proyectores-dvd-consolas-bocinas-pantallas-monotores\/"},{"@type":"ListItem","position":4,"name":"Soporte Y Base Para Tv\/pantallas\/monitores\/kiosko","item":"https:\/\/compuviper.mx\/tienda\/categoria-producto\/soportes-y-bases-p-tv-proyectores-dvd-consolas-bocinas-pantallas-monotores\/soporte-y-base-para-tv-pantallas-monitores-kiosko\/"},{"@type":"ListItem","position":5,"name":"Manhattan 462143 Soporte\/\/\/soporte De Pared Antirrobo Para Exteriores Con Inclinaci?n Para Pantallas De 37 A 86"}]},{"@type":"WebSite","@id":"https:\/\/compuviper.mx\/tienda\/#website","url":"https:\/\/compuviper.mx\/tienda\/","name":"Compuviper","description":"Proveedor de Computadoras, Laptops, Servidores, Monitores, Puntos de Venta, Teclados,   Impresoras, T\u00f3ner, C\u00e1maras de Seguridad y m\u00e1s en tu tienda en l\u00ednea","publisher":{"@id":"https:\/\/compuviper.mx\/tienda\/#organization"},"potentialAction":[{"@type":"SearchAction","target":{"@type":"EntryPoint","urlTemplate":"https:\/\/compuviper.mx\/tienda\/?s={search_term_string}"},"query-input":"required name=search_term_string"}],"inLanguage":"es-MX"},{"@type":"Organization","@id":"https:\/\/compuviper.mx\/tienda\/#organization","name":"Compuviper","url":"https:\/\/compuviper.mx\/tienda\/","logo":{"@type":"ImageObject","inLanguage":"es-MX","@id":"https:\/\/compuviper.mx\/tienda\/#\/schema\/logo\/image\/","url":"https:\/\/compuviper.mx\/tienda\/wp-content\/uploads\/2021\/08\/Logo-Compuviper-10.png","contentUrl":"https:\/\/compuviper.mx\/tienda\/wp-content\/uploads\/2021\/08\/Logo-Compuviper-10.png","width":1000,"height":500,"caption":"Compuviper"},"image":{"@id":"https:\/\/compuviper.mx\/tienda\/#\/schema\/logo\/image\/"},"sameAs":["https:\/\/www.facebook.com\/compuviper","https:\/\/www.youtube.com\/channel\/UCf73dERp9Y3cfOq7q8BhLjA?view_as=subscriber"]}]},"product_brand":"MANHATTAN","product_price_amount":"1577","product_price_currency":"MXN","og_availability":"out of stock","product_availability":"out of stock","product_retailer_item_id":"462143","product_condition":"new"},"_links":{"self":[{"href":"https:\/\/compuviper.mx\/tienda\/wp-json\/wp\/v2\/product\/268736"}],"collection":[{"href":"https:\/\/compuviper.mx\/tienda\/wp-json\/wp\/v2\/product"}],"about":[{"href":"https:\/\/compuviper.mx\/tienda\/wp-json\/wp\/v2\/types\/product"}],"replies":[{"embeddable":true,"href":"https:\/\/compuviper.mx\/tienda\/wp-json\/wp\/v2\/comments?post=268736"}],"wp:attachment":[{"href":"https:\/\/compuviper.mx\/tienda\/wp-json\/wp\/v2\/media?parent=268736"}],"wp:term":[{"taxonomy":"product_cat","embeddable":true,"href":"https:\/\/compuviper.mx\/tienda\/wp-json\/wp\/v2\/product_cat?post=268736"},{"taxonomy":"product_tag","embeddable":true,"href":"https:\/\/compuviper.mx\/tienda\/wp-json\/wp\/v2\/product_tag?post=268736"}],"curies":[{"name":"wp","href":"https:\/\/api.w.org\/{rel}","templated":true}]}}