{"id":268731,"date":"2026-04-17T23:08:13","date_gmt":"2026-04-18T05:08:13","guid":{"rendered":"https:\/\/compuviper.mx\/tienda\/producto\/eaton-ehbpl2000r-pdu1u-pdu-bypass-de-mantenimiento-marca-compatible-con-ups-mod-9130-de-rack-con-cap-de-2-kvas\/"},"modified":"2026-04-17T23:08:13","modified_gmt":"2026-04-18T05:08:13","slug":"eaton-ehbpl2000r-pdu1u-pdu-bypass-de-mantenimiento-marca-compatible-con-ups-mod-9130-de-rack-con-cap-de-2-kvas","status":"publish","type":"product","link":"https:\/\/compuviper.mx\/tienda\/producto\/eaton-ehbpl2000r-pdu1u-pdu-bypass-de-mantenimiento-marca-compatible-con-ups-mod-9130-de-rack-con-cap-de-2-kvas\/","title":{"rendered":"Eaton Ehbpl2000r-pdu1u Pdu-bypass De Mantenimiento Marca  Compatible Con Ups Mod 9130 De Rack Con Cap De 2 Kvas"},"content":{"rendered":"<table class=\"descripcion\">\n<tr>\n<td>Dispositivo bypass de mantenimiento compatible con equipos de la familia 9130 en su formato de rack 1u en capacidades de 2.kvas.<\/td>\n<\/tr>\n<\/table>\n","protected":false},"excerpt":{"rendered":"<p>Mantenga sus equipos encendidos y energizados aun al realizar un mantenimiento  de su ups, con el by pass para mod 9130 compatibles concap de 2. Kvas usted puede realizar esta tarea. La imagen puede diferir del producto real, para mejor referencia verificar informacion en nuestra pag web. Http:\/\/powerquality.Eaton.Com<\/p>\n","protected":false},"featured_media":0,"comment_status":"open","ping_status":"open","template":"","meta":[],"product_cat":[1508,2105],"product_tag":[1698],"acf":[],"yoast_head":"<!-- This site is optimized with the Yoast SEO plugin v21.7 - https:\/\/yoast.com\/wordpress\/plugins\/seo\/ -->\n<title>[ Eaton ] &#129351; Ehbpl2000r-pdu1u Pdu-bypass De Mantenimiento Marca Compatible Con Ups Mod 9130 De Rack Con Cap De 2 Kvas<\/title>\n<meta name=\"description\" content=\"Compra Ehbpl2000r-pdu1u Pdu-bypass De Mantenimiento Marca Compatible Con Ups Mod 9130 De Rack Con Cap De 2 Kvas + Env\u00edo a domicilio + Pago seguro + Garant\u00eda\" \/>\n<meta name=\"robots\" content=\"index, follow, max-snippet:-1, max-image-preview:large, max-video-preview:-1\" \/>\n<link rel=\"canonical\" href=\"https:\/\/compuviper.mx\/tienda\/producto\/eaton-ehbpl2000r-pdu1u-pdu-bypass-de-mantenimiento-marca-compatible-con-ups-mod-9130-de-rack-con-cap-de-2-kvas\/\" \/>\n<meta property=\"og:locale\" content=\"es_MX\" \/>\n<meta property=\"og:type\" content=\"article\" \/>\n<meta property=\"og:title\" content=\"[ Eaton ] &#129351; Ehbpl2000r-pdu1u Pdu-bypass De Mantenimiento Marca Compatible Con Ups Mod 9130 De Rack Con Cap De 2 Kvas\" \/>\n<meta property=\"og:description\" content=\"Compra Ehbpl2000r-pdu1u Pdu-bypass De Mantenimiento Marca Compatible Con Ups Mod 9130 De Rack Con Cap De 2 Kvas + Env\u00edo a domicilio + Pago seguro + Garant\u00eda\" \/>\n<meta property=\"og:url\" content=\"https:\/\/compuviper.mx\/tienda\/producto\/eaton-ehbpl2000r-pdu1u-pdu-bypass-de-mantenimiento-marca-compatible-con-ups-mod-9130-de-rack-con-cap-de-2-kvas\/\" \/>\n<meta property=\"og:site_name\" content=\"Compuviper\" \/>\n<meta property=\"article:publisher\" content=\"https:\/\/www.facebook.com\/compuviper\" \/>\n<meta name=\"twitter:card\" content=\"summary_large_image\" \/>\n<meta name=\"twitter:label1\" content=\"Precio\" \/>\n\t<meta name=\"twitter:data1\" content=\"&#36;3,721 &#36;3,149 con IVA\" \/>\n\t<meta name=\"twitter:label2\" content=\"Availability\" \/>\n\t<meta name=\"twitter:data2\" content=\"Out of stock\" \/>\n<script type=\"application\/ld+json\" class=\"yoast-schema-graph\">{\"@context\":\"https:\/\/schema.org\",\"@graph\":[{\"@type\":\"WebPage\",\"@id\":\"https:\/\/compuviper.mx\/tienda\/producto\/eaton-ehbpl2000r-pdu1u-pdu-bypass-de-mantenimiento-marca-compatible-con-ups-mod-9130-de-rack-con-cap-de-2-kvas\/\",\"url\":\"https:\/\/compuviper.mx\/tienda\/producto\/eaton-ehbpl2000r-pdu1u-pdu-bypass-de-mantenimiento-marca-compatible-con-ups-mod-9130-de-rack-con-cap-de-2-kvas\/\",\"name\":\"[ Eaton ] &#129351; Ehbpl2000r-pdu1u Pdu-bypass De Mantenimiento Marca Compatible Con Ups Mod 9130 De Rack Con Cap De 2 Kvas\",\"isPartOf\":{\"@id\":\"https:\/\/compuviper.mx\/tienda\/#website\"},\"datePublished\":\"2026-04-18T05:08:13+00:00\",\"dateModified\":\"2026-04-18T05:08:13+00:00\",\"description\":\"Compra Ehbpl2000r-pdu1u Pdu-bypass De Mantenimiento Marca Compatible Con Ups Mod 9130 De Rack Con Cap De 2 Kvas + Env\u00edo a domicilio + Pago seguro + Garant\u00eda\",\"breadcrumb\":{\"@id\":\"https:\/\/compuviper.mx\/tienda\/producto\/eaton-ehbpl2000r-pdu1u-pdu-bypass-de-mantenimiento-marca-compatible-con-ups-mod-9130-de-rack-con-cap-de-2-kvas\/#breadcrumb\"},\"inLanguage\":\"es-MX\",\"potentialAction\":[{\"@type\":\"ReadAction\",\"target\":[\"https:\/\/compuviper.mx\/tienda\/producto\/eaton-ehbpl2000r-pdu1u-pdu-bypass-de-mantenimiento-marca-compatible-con-ups-mod-9130-de-rack-con-cap-de-2-kvas\/\"]}]},{\"@type\":\"BreadcrumbList\",\"@id\":\"https:\/\/compuviper.mx\/tienda\/producto\/eaton-ehbpl2000r-pdu1u-pdu-bypass-de-mantenimiento-marca-compatible-con-ups-mod-9130-de-rack-con-cap-de-2-kvas\/#breadcrumb\",\"itemListElement\":[{\"@type\":\"ListItem\",\"position\":1,\"name\":\"Inicio\",\"item\":\"https:\/\/compuviper.mx\/tienda\/\"},{\"@type\":\"ListItem\",\"position\":2,\"name\":\"Productos\",\"item\":\"https:\/\/compuviper.mx\/tienda\/productos\/\"},{\"@type\":\"ListItem\",\"position\":3,\"name\":\"Energia\",\"item\":\"https:\/\/compuviper.mx\/tienda\/categoria-producto\/energia\/\"},{\"@type\":\"ListItem\",\"position\":4,\"name\":\"Bypass\",\"item\":\"https:\/\/compuviper.mx\/tienda\/categoria-producto\/energia\/bypass\/\"},{\"@type\":\"ListItem\",\"position\":5,\"name\":\"Eaton Ehbpl2000r-pdu1u Pdu-bypass De Mantenimiento Marca Compatible Con Ups Mod 9130 De Rack Con Cap De 2 Kvas\"}]},{\"@type\":\"WebSite\",\"@id\":\"https:\/\/compuviper.mx\/tienda\/#website\",\"url\":\"https:\/\/compuviper.mx\/tienda\/\",\"name\":\"Compuviper\",\"description\":\"Proveedor de Computadoras, Laptops, Servidores, Monitores, Puntos de Venta, Teclados,   Impresoras, T\u00f3ner, C\u00e1maras de Seguridad y m\u00e1s en tu tienda en l\u00ednea\",\"publisher\":{\"@id\":\"https:\/\/compuviper.mx\/tienda\/#organization\"},\"potentialAction\":[{\"@type\":\"SearchAction\",\"target\":{\"@type\":\"EntryPoint\",\"urlTemplate\":\"https:\/\/compuviper.mx\/tienda\/?s={search_term_string}\"},\"query-input\":\"required name=search_term_string\"}],\"inLanguage\":\"es-MX\"},{\"@type\":\"Organization\",\"@id\":\"https:\/\/compuviper.mx\/tienda\/#organization\",\"name\":\"Compuviper\",\"url\":\"https:\/\/compuviper.mx\/tienda\/\",\"logo\":{\"@type\":\"ImageObject\",\"inLanguage\":\"es-MX\",\"@id\":\"https:\/\/compuviper.mx\/tienda\/#\/schema\/logo\/image\/\",\"url\":\"https:\/\/compuviper.mx\/tienda\/wp-content\/uploads\/2021\/08\/Logo-Compuviper-10.png\",\"contentUrl\":\"https:\/\/compuviper.mx\/tienda\/wp-content\/uploads\/2021\/08\/Logo-Compuviper-10.png\",\"width\":1000,\"height\":500,\"caption\":\"Compuviper\"},\"image\":{\"@id\":\"https:\/\/compuviper.mx\/tienda\/#\/schema\/logo\/image\/\"},\"sameAs\":[\"https:\/\/www.facebook.com\/compuviper\",\"https:\/\/www.youtube.com\/channel\/UCf73dERp9Y3cfOq7q8BhLjA?view_as=subscriber\"]}]}<\/script>\n<meta property=\"product:brand\" content=\"EATON\" \/>\n<meta property=\"product:price:amount\" content=\"3149\" \/>\n<meta property=\"product:price:currency\" content=\"MXN\" \/>\n<meta property=\"og:availability\" content=\"out of stock\" \/>\n<meta property=\"product:availability\" content=\"out of stock\" \/>\n<meta property=\"product:retailer_item_id\" content=\"EHBPL2000R-PDU1U\" \/>\n<meta property=\"product:condition\" content=\"new\" \/>\n<!-- \/ Yoast SEO plugin. -->","yoast_head_json":{"title":"[ Eaton ] &#129351; Ehbpl2000r-pdu1u Pdu-bypass De Mantenimiento Marca Compatible Con Ups Mod 9130 De Rack Con Cap De 2 Kvas","description":"Compra Ehbpl2000r-pdu1u Pdu-bypass De Mantenimiento Marca Compatible Con Ups Mod 9130 De Rack Con Cap De 2 Kvas + Env\u00edo a domicilio + Pago seguro + Garant\u00eda","robots":{"index":"index","follow":"follow","max-snippet":"max-snippet:-1","max-image-preview":"max-image-preview:large","max-video-preview":"max-video-preview:-1"},"canonical":"https:\/\/compuviper.mx\/tienda\/producto\/eaton-ehbpl2000r-pdu1u-pdu-bypass-de-mantenimiento-marca-compatible-con-ups-mod-9130-de-rack-con-cap-de-2-kvas\/","og_locale":"es_MX","og_type":"article","og_title":"[ Eaton ] &#129351; Ehbpl2000r-pdu1u Pdu-bypass De Mantenimiento Marca Compatible Con Ups Mod 9130 De Rack Con Cap De 2 Kvas","og_description":"Compra Ehbpl2000r-pdu1u Pdu-bypass De Mantenimiento Marca Compatible Con Ups Mod 9130 De Rack Con Cap De 2 Kvas + Env\u00edo a domicilio + Pago seguro + Garant\u00eda","og_url":"https:\/\/compuviper.mx\/tienda\/producto\/eaton-ehbpl2000r-pdu1u-pdu-bypass-de-mantenimiento-marca-compatible-con-ups-mod-9130-de-rack-con-cap-de-2-kvas\/","og_site_name":"Compuviper","article_publisher":"https:\/\/www.facebook.com\/compuviper","twitter_card":"summary_large_image","twitter_misc":{"Precio":"&#36;3,721 &#36;3,149 con IVA","Availability":"Out of stock"},"schema":{"@context":"https:\/\/schema.org","@graph":[{"@type":"WebPage","@id":"https:\/\/compuviper.mx\/tienda\/producto\/eaton-ehbpl2000r-pdu1u-pdu-bypass-de-mantenimiento-marca-compatible-con-ups-mod-9130-de-rack-con-cap-de-2-kvas\/","url":"https:\/\/compuviper.mx\/tienda\/producto\/eaton-ehbpl2000r-pdu1u-pdu-bypass-de-mantenimiento-marca-compatible-con-ups-mod-9130-de-rack-con-cap-de-2-kvas\/","name":"[ Eaton ] &#129351; Ehbpl2000r-pdu1u Pdu-bypass De Mantenimiento Marca Compatible Con Ups Mod 9130 De Rack Con Cap De 2 Kvas","isPartOf":{"@id":"https:\/\/compuviper.mx\/tienda\/#website"},"datePublished":"2026-04-18T05:08:13+00:00","dateModified":"2026-04-18T05:08:13+00:00","description":"Compra Ehbpl2000r-pdu1u Pdu-bypass De Mantenimiento Marca Compatible Con Ups Mod 9130 De Rack Con Cap De 2 Kvas + Env\u00edo a domicilio + Pago seguro + Garant\u00eda","breadcrumb":{"@id":"https:\/\/compuviper.mx\/tienda\/producto\/eaton-ehbpl2000r-pdu1u-pdu-bypass-de-mantenimiento-marca-compatible-con-ups-mod-9130-de-rack-con-cap-de-2-kvas\/#breadcrumb"},"inLanguage":"es-MX","potentialAction":[{"@type":"ReadAction","target":["https:\/\/compuviper.mx\/tienda\/producto\/eaton-ehbpl2000r-pdu1u-pdu-bypass-de-mantenimiento-marca-compatible-con-ups-mod-9130-de-rack-con-cap-de-2-kvas\/"]}]},{"@type":"BreadcrumbList","@id":"https:\/\/compuviper.mx\/tienda\/producto\/eaton-ehbpl2000r-pdu1u-pdu-bypass-de-mantenimiento-marca-compatible-con-ups-mod-9130-de-rack-con-cap-de-2-kvas\/#breadcrumb","itemListElement":[{"@type":"ListItem","position":1,"name":"Inicio","item":"https:\/\/compuviper.mx\/tienda\/"},{"@type":"ListItem","position":2,"name":"Productos","item":"https:\/\/compuviper.mx\/tienda\/productos\/"},{"@type":"ListItem","position":3,"name":"Energia","item":"https:\/\/compuviper.mx\/tienda\/categoria-producto\/energia\/"},{"@type":"ListItem","position":4,"name":"Bypass","item":"https:\/\/compuviper.mx\/tienda\/categoria-producto\/energia\/bypass\/"},{"@type":"ListItem","position":5,"name":"Eaton Ehbpl2000r-pdu1u Pdu-bypass De Mantenimiento Marca Compatible Con Ups Mod 9130 De Rack Con Cap De 2 Kvas"}]},{"@type":"WebSite","@id":"https:\/\/compuviper.mx\/tienda\/#website","url":"https:\/\/compuviper.mx\/tienda\/","name":"Compuviper","description":"Proveedor de Computadoras, Laptops, Servidores, Monitores, Puntos de Venta, Teclados,   Impresoras, T\u00f3ner, C\u00e1maras de Seguridad y m\u00e1s en tu tienda en l\u00ednea","publisher":{"@id":"https:\/\/compuviper.mx\/tienda\/#organization"},"potentialAction":[{"@type":"SearchAction","target":{"@type":"EntryPoint","urlTemplate":"https:\/\/compuviper.mx\/tienda\/?s={search_term_string}"},"query-input":"required name=search_term_string"}],"inLanguage":"es-MX"},{"@type":"Organization","@id":"https:\/\/compuviper.mx\/tienda\/#organization","name":"Compuviper","url":"https:\/\/compuviper.mx\/tienda\/","logo":{"@type":"ImageObject","inLanguage":"es-MX","@id":"https:\/\/compuviper.mx\/tienda\/#\/schema\/logo\/image\/","url":"https:\/\/compuviper.mx\/tienda\/wp-content\/uploads\/2021\/08\/Logo-Compuviper-10.png","contentUrl":"https:\/\/compuviper.mx\/tienda\/wp-content\/uploads\/2021\/08\/Logo-Compuviper-10.png","width":1000,"height":500,"caption":"Compuviper"},"image":{"@id":"https:\/\/compuviper.mx\/tienda\/#\/schema\/logo\/image\/"},"sameAs":["https:\/\/www.facebook.com\/compuviper","https:\/\/www.youtube.com\/channel\/UCf73dERp9Y3cfOq7q8BhLjA?view_as=subscriber"]}]},"product_brand":"EATON","product_price_amount":"3149","product_price_currency":"MXN","og_availability":"out of stock","product_availability":"out of stock","product_retailer_item_id":"EHBPL2000R-PDU1U","product_condition":"new"},"_links":{"self":[{"href":"https:\/\/compuviper.mx\/tienda\/wp-json\/wp\/v2\/product\/268731"}],"collection":[{"href":"https:\/\/compuviper.mx\/tienda\/wp-json\/wp\/v2\/product"}],"about":[{"href":"https:\/\/compuviper.mx\/tienda\/wp-json\/wp\/v2\/types\/product"}],"replies":[{"embeddable":true,"href":"https:\/\/compuviper.mx\/tienda\/wp-json\/wp\/v2\/comments?post=268731"}],"wp:attachment":[{"href":"https:\/\/compuviper.mx\/tienda\/wp-json\/wp\/v2\/media?parent=268731"}],"wp:term":[{"taxonomy":"product_cat","embeddable":true,"href":"https:\/\/compuviper.mx\/tienda\/wp-json\/wp\/v2\/product_cat?post=268731"},{"taxonomy":"product_tag","embeddable":true,"href":"https:\/\/compuviper.mx\/tienda\/wp-json\/wp\/v2\/product_tag?post=268731"}],"curies":[{"name":"wp","href":"https:\/\/api.w.org\/{rel}","templated":true}]}}