{"id":268730,"date":"2026-04-17T02:30:31","date_gmt":"2026-04-17T08:30:31","guid":{"rendered":"https:\/\/compuviper.mx\/tienda\/producto\/poly-b22x6aaac3-micrfono-de-mesa-hp-studio-a2-negro-con-placa-de-montaje-y-cables-de-e-s\/"},"modified":"2026-04-17T02:30:31","modified_gmt":"2026-04-17T08:30:31","slug":"poly-b22x6aaac3-micrfono-de-mesa-hp-studio-a2-negro-con-placa-de-montaje-y-cables-de-e-s","status":"publish","type":"product","link":"https:\/\/compuviper.mx\/tienda\/producto\/poly-b22x6aaac3-micrfono-de-mesa-hp-studio-a2-negro-con-placa-de-montaje-y-cables-de-e-s\/","title":{"rendered":"Poly B22x6aa#ac3 Micrfono De Mesa Hp  Studio A2 Negro Con Placa De Montaje Y Cables De E\/s"},"content":{"rendered":"<table class=\"descripcion\">\n<tr>\n<td>Color: negro<\/td>\n<\/tr>\n<tr>\n<td>Sensibilidad micrfono: -35 db v\/pa a 1 khz<\/td>\n<\/tr>\n<tr>\n<td>Relacin seal\/ruido:  68 dba<\/td>\n<\/tr>\n<tr>\n<td>Longitud del cable: 6 metros<\/td>\n<\/tr>\n<tr>\n<td>Puertos:  salida jst de 3 pines; entrada jst de 4 pines<\/td>\n<\/tr>\n<tr>\n<td>Tipo de micrfono:cuatro elementos de micrfono cardioide unidireccional<\/td>\n<\/tr>\n<tr>\n<td>Rango de temperatura de funcionamiento: de 0 a 40 \u00b0c<\/td>\n<\/tr>\n<tr>\n<td>Rango de temperatura de funcionamiento: 32 a 104 \u00b0f<\/td>\n<\/tr>\n<tr>\n<td>Rango de humedad sin funcionamiento: del 5 al 95<\/td>\n<\/tr>\n<tr>\n<td>Rango de humedad de funcionamiento:del 15 al 80<\/td>\n<\/tr>\n<tr>\n<td>Especificaciones de impacto sostenible: contiene al menos un 60  de pl\u00e1stico reciclado;\u00a0envase a base de papel.\u00a02\u00a03<\/td>\n<\/tr>\n<tr>\n<td>\u00bfqu hay en la caja?micrfono de mesa hp poly studio a2 negro; placa de montaje; cable de entrada jst a phoenix 6 m; cable de salida en cadena jst a phoenix 2 m; cable en cadena jst a jst 1,8 m; gua de inicio r\u00e1pido; gua de seguridad; tarjeta de garanta<\/td>\n<\/tr>\n<\/table>\n","protected":false},"excerpt":{"rendered":"<p>Captura de audio precisa no te pierdas nada importante. Diseado con 4 micrfonos que capturan la voz sin distracciones, el sistema de captacin de audio multidireccional garantiza que todos los participantes en la sala sean escuchados por igual. Claridad inigualable ofrezca un sonido natural y de alta calidad a sus participantes remotos. Obtenga conversaciones ntidas gracias a la captacin de audio mejorada por\u00a0las innovaciones de audio de poly con tecnologa de ia. Ampliar con facilidad despdete de las configuraciones complicadas y desordenadas con una solucin diseada para adaptarse y escalar r\u00e1pidamente. Simplemente conecta en cadena hasta 8 micrfonos de mesa hp poly studio a2 para una cobertura ptima de la sala y reconfigralos f\u00e1cilmente segn\u00a0cambien tus necesidades. Cableado bien hech renueva tus espacios de colaboracin con esta elegante solucin de audio. Consigue una configuracin impecable con una discreta gestin de cables para instalacin sobre mesa. Coloca y fija tu dispositivo de forma segura con el soporte magntico incluido.<\/p>\n","protected":false},"featured_media":0,"comment_status":"open","ping_status":"open","template":"","meta":[],"product_cat":[2011,2012],"product_tag":[2035],"acf":[],"yoast_head":"<!-- This site is optimized with the Yoast SEO plugin v21.7 - https:\/\/yoast.com\/wordpress\/plugins\/seo\/ -->\n<title>[ Poly ] &#129351; B22x6aa#ac3 Micrfono De Mesa Hp Studio A2 Negro Con Placa De Montaje Y Cables De E\/s<\/title>\n<meta name=\"description\" content=\"Compra B22x6aa#ac3 Micrfono De Mesa Hp Studio A2 Negro Con Placa De Montaje Y Cables De E\/s + Env\u00edo a domicilio + Pago seguro + Garant\u00eda\" \/>\n<meta name=\"robots\" content=\"index, follow, max-snippet:-1, max-image-preview:large, max-video-preview:-1\" \/>\n<link rel=\"canonical\" href=\"https:\/\/compuviper.mx\/tienda\/producto\/poly-b22x6aaac3-micrfono-de-mesa-hp-studio-a2-negro-con-placa-de-montaje-y-cables-de-e-s\/\" \/>\n<meta property=\"og:locale\" content=\"es_MX\" \/>\n<meta property=\"og:type\" content=\"article\" \/>\n<meta property=\"og:title\" content=\"[ Poly ] &#129351; B22x6aa#ac3 Micrfono De Mesa Hp Studio A2 Negro Con Placa De Montaje Y Cables De E\/s\" \/>\n<meta property=\"og:description\" content=\"Compra B22x6aa#ac3 Micrfono De Mesa Hp Studio A2 Negro Con Placa De Montaje Y Cables De E\/s + Env\u00edo a domicilio + Pago seguro + Garant\u00eda\" \/>\n<meta property=\"og:url\" content=\"https:\/\/compuviper.mx\/tienda\/producto\/poly-b22x6aaac3-micrfono-de-mesa-hp-studio-a2-negro-con-placa-de-montaje-y-cables-de-e-s\/\" \/>\n<meta property=\"og:site_name\" content=\"Compuviper\" \/>\n<meta property=\"article:publisher\" content=\"https:\/\/www.facebook.com\/compuviper\" \/>\n<meta name=\"twitter:card\" content=\"summary_large_image\" \/>\n<meta name=\"twitter:label1\" content=\"Precio\" \/>\n\t<meta name=\"twitter:data1\" content=\"&#36;6,707 con IVA\" \/>\n\t<meta name=\"twitter:label2\" content=\"Availability\" \/>\n\t<meta name=\"twitter:data2\" content=\"On backorder\" \/>\n<script type=\"application\/ld+json\" class=\"yoast-schema-graph\">{\"@context\":\"https:\/\/schema.org\",\"@graph\":[{\"@type\":\"WebPage\",\"@id\":\"https:\/\/compuviper.mx\/tienda\/producto\/poly-b22x6aaac3-micrfono-de-mesa-hp-studio-a2-negro-con-placa-de-montaje-y-cables-de-e-s\/\",\"url\":\"https:\/\/compuviper.mx\/tienda\/producto\/poly-b22x6aaac3-micrfono-de-mesa-hp-studio-a2-negro-con-placa-de-montaje-y-cables-de-e-s\/\",\"name\":\"[ Poly ] &#129351; B22x6aa#ac3 Micrfono De Mesa Hp Studio A2 Negro Con Placa De Montaje Y Cables De E\/s\",\"isPartOf\":{\"@id\":\"https:\/\/compuviper.mx\/tienda\/#website\"},\"datePublished\":\"2026-04-17T08:30:31+00:00\",\"dateModified\":\"2026-04-17T08:30:31+00:00\",\"description\":\"Compra B22x6aa#ac3 Micrfono De Mesa Hp Studio A2 Negro Con Placa De Montaje Y Cables De E\/s + Env\u00edo a domicilio + Pago seguro + Garant\u00eda\",\"breadcrumb\":{\"@id\":\"https:\/\/compuviper.mx\/tienda\/producto\/poly-b22x6aaac3-micrfono-de-mesa-hp-studio-a2-negro-con-placa-de-montaje-y-cables-de-e-s\/#breadcrumb\"},\"inLanguage\":\"es-MX\",\"potentialAction\":[{\"@type\":\"ReadAction\",\"target\":[\"https:\/\/compuviper.mx\/tienda\/producto\/poly-b22x6aaac3-micrfono-de-mesa-hp-studio-a2-negro-con-placa-de-montaje-y-cables-de-e-s\/\"]}]},{\"@type\":\"BreadcrumbList\",\"@id\":\"https:\/\/compuviper.mx\/tienda\/producto\/poly-b22x6aaac3-micrfono-de-mesa-hp-studio-a2-negro-con-placa-de-montaje-y-cables-de-e-s\/#breadcrumb\",\"itemListElement\":[{\"@type\":\"ListItem\",\"position\":1,\"name\":\"Inicio\",\"item\":\"https:\/\/compuviper.mx\/tienda\/\"},{\"@type\":\"ListItem\",\"position\":2,\"name\":\"Productos\",\"item\":\"https:\/\/compuviper.mx\/tienda\/productos\/\"},{\"@type\":\"ListItem\",\"position\":3,\"name\":\"Videoconferencia\",\"item\":\"https:\/\/compuviper.mx\/tienda\/categoria-producto\/videoconferencia\/\"},{\"@type\":\"ListItem\",\"position\":4,\"name\":\"Sin Categor\u00eda\",\"item\":\"https:\/\/compuviper.mx\/tienda\/categoria-producto\/videoconferencia\/sin-categoria-videoconferencia\/\"},{\"@type\":\"ListItem\",\"position\":5,\"name\":\"Poly B22x6aa#ac3 Micrfono De Mesa Hp Studio A2 Negro Con Placa De Montaje Y Cables De E\/s\"}]},{\"@type\":\"WebSite\",\"@id\":\"https:\/\/compuviper.mx\/tienda\/#website\",\"url\":\"https:\/\/compuviper.mx\/tienda\/\",\"name\":\"Compuviper\",\"description\":\"Proveedor de Computadoras, Laptops, Servidores, Monitores, Puntos de Venta, Teclados,   Impresoras, T\u00f3ner, C\u00e1maras de Seguridad y m\u00e1s en tu tienda en l\u00ednea\",\"publisher\":{\"@id\":\"https:\/\/compuviper.mx\/tienda\/#organization\"},\"potentialAction\":[{\"@type\":\"SearchAction\",\"target\":{\"@type\":\"EntryPoint\",\"urlTemplate\":\"https:\/\/compuviper.mx\/tienda\/?s={search_term_string}\"},\"query-input\":\"required name=search_term_string\"}],\"inLanguage\":\"es-MX\"},{\"@type\":\"Organization\",\"@id\":\"https:\/\/compuviper.mx\/tienda\/#organization\",\"name\":\"Compuviper\",\"url\":\"https:\/\/compuviper.mx\/tienda\/\",\"logo\":{\"@type\":\"ImageObject\",\"inLanguage\":\"es-MX\",\"@id\":\"https:\/\/compuviper.mx\/tienda\/#\/schema\/logo\/image\/\",\"url\":\"https:\/\/compuviper.mx\/tienda\/wp-content\/uploads\/2021\/08\/Logo-Compuviper-10.png\",\"contentUrl\":\"https:\/\/compuviper.mx\/tienda\/wp-content\/uploads\/2021\/08\/Logo-Compuviper-10.png\",\"width\":1000,\"height\":500,\"caption\":\"Compuviper\"},\"image\":{\"@id\":\"https:\/\/compuviper.mx\/tienda\/#\/schema\/logo\/image\/\"},\"sameAs\":[\"https:\/\/www.facebook.com\/compuviper\",\"https:\/\/www.youtube.com\/channel\/UCf73dERp9Y3cfOq7q8BhLjA?view_as=subscriber\"]}]}<\/script>\n<meta property=\"product:brand\" content=\"POLY\" \/>\n<meta property=\"product:price:amount\" content=\"6707\" \/>\n<meta property=\"product:price:currency\" content=\"MXN\" \/>\n<meta property=\"og:availability\" content=\"backorder\" \/>\n<meta property=\"product:availability\" content=\"available for order\" \/>\n<meta property=\"product:retailer_item_id\" content=\"B22X6AA#AC3\" \/>\n<meta property=\"product:condition\" content=\"new\" \/>\n<!-- \/ Yoast SEO plugin. -->","yoast_head_json":{"title":"[ Poly ] &#129351; B22x6aa#ac3 Micrfono De Mesa Hp Studio A2 Negro Con Placa De Montaje Y Cables De E\/s","description":"Compra B22x6aa#ac3 Micrfono De Mesa Hp Studio A2 Negro Con Placa De Montaje Y Cables De E\/s + Env\u00edo a domicilio + Pago seguro + Garant\u00eda","robots":{"index":"index","follow":"follow","max-snippet":"max-snippet:-1","max-image-preview":"max-image-preview:large","max-video-preview":"max-video-preview:-1"},"canonical":"https:\/\/compuviper.mx\/tienda\/producto\/poly-b22x6aaac3-micrfono-de-mesa-hp-studio-a2-negro-con-placa-de-montaje-y-cables-de-e-s\/","og_locale":"es_MX","og_type":"article","og_title":"[ Poly ] &#129351; B22x6aa#ac3 Micrfono De Mesa Hp Studio A2 Negro Con Placa De Montaje Y Cables De E\/s","og_description":"Compra B22x6aa#ac3 Micrfono De Mesa Hp Studio A2 Negro Con Placa De Montaje Y Cables De E\/s + Env\u00edo a domicilio + Pago seguro + Garant\u00eda","og_url":"https:\/\/compuviper.mx\/tienda\/producto\/poly-b22x6aaac3-micrfono-de-mesa-hp-studio-a2-negro-con-placa-de-montaje-y-cables-de-e-s\/","og_site_name":"Compuviper","article_publisher":"https:\/\/www.facebook.com\/compuviper","twitter_card":"summary_large_image","twitter_misc":{"Precio":"&#36;6,707 con IVA","Availability":"On backorder"},"schema":{"@context":"https:\/\/schema.org","@graph":[{"@type":"WebPage","@id":"https:\/\/compuviper.mx\/tienda\/producto\/poly-b22x6aaac3-micrfono-de-mesa-hp-studio-a2-negro-con-placa-de-montaje-y-cables-de-e-s\/","url":"https:\/\/compuviper.mx\/tienda\/producto\/poly-b22x6aaac3-micrfono-de-mesa-hp-studio-a2-negro-con-placa-de-montaje-y-cables-de-e-s\/","name":"[ Poly ] &#129351; B22x6aa#ac3 Micrfono De Mesa Hp Studio A2 Negro Con Placa De Montaje Y Cables De E\/s","isPartOf":{"@id":"https:\/\/compuviper.mx\/tienda\/#website"},"datePublished":"2026-04-17T08:30:31+00:00","dateModified":"2026-04-17T08:30:31+00:00","description":"Compra B22x6aa#ac3 Micrfono De Mesa Hp Studio A2 Negro Con Placa De Montaje Y Cables De E\/s + Env\u00edo a domicilio + Pago seguro + Garant\u00eda","breadcrumb":{"@id":"https:\/\/compuviper.mx\/tienda\/producto\/poly-b22x6aaac3-micrfono-de-mesa-hp-studio-a2-negro-con-placa-de-montaje-y-cables-de-e-s\/#breadcrumb"},"inLanguage":"es-MX","potentialAction":[{"@type":"ReadAction","target":["https:\/\/compuviper.mx\/tienda\/producto\/poly-b22x6aaac3-micrfono-de-mesa-hp-studio-a2-negro-con-placa-de-montaje-y-cables-de-e-s\/"]}]},{"@type":"BreadcrumbList","@id":"https:\/\/compuviper.mx\/tienda\/producto\/poly-b22x6aaac3-micrfono-de-mesa-hp-studio-a2-negro-con-placa-de-montaje-y-cables-de-e-s\/#breadcrumb","itemListElement":[{"@type":"ListItem","position":1,"name":"Inicio","item":"https:\/\/compuviper.mx\/tienda\/"},{"@type":"ListItem","position":2,"name":"Productos","item":"https:\/\/compuviper.mx\/tienda\/productos\/"},{"@type":"ListItem","position":3,"name":"Videoconferencia","item":"https:\/\/compuviper.mx\/tienda\/categoria-producto\/videoconferencia\/"},{"@type":"ListItem","position":4,"name":"Sin Categor\u00eda","item":"https:\/\/compuviper.mx\/tienda\/categoria-producto\/videoconferencia\/sin-categoria-videoconferencia\/"},{"@type":"ListItem","position":5,"name":"Poly B22x6aa#ac3 Micrfono De Mesa Hp Studio A2 Negro Con Placa De Montaje Y Cables De E\/s"}]},{"@type":"WebSite","@id":"https:\/\/compuviper.mx\/tienda\/#website","url":"https:\/\/compuviper.mx\/tienda\/","name":"Compuviper","description":"Proveedor de Computadoras, Laptops, Servidores, Monitores, Puntos de Venta, Teclados,   Impresoras, T\u00f3ner, C\u00e1maras de Seguridad y m\u00e1s en tu tienda en l\u00ednea","publisher":{"@id":"https:\/\/compuviper.mx\/tienda\/#organization"},"potentialAction":[{"@type":"SearchAction","target":{"@type":"EntryPoint","urlTemplate":"https:\/\/compuviper.mx\/tienda\/?s={search_term_string}"},"query-input":"required name=search_term_string"}],"inLanguage":"es-MX"},{"@type":"Organization","@id":"https:\/\/compuviper.mx\/tienda\/#organization","name":"Compuviper","url":"https:\/\/compuviper.mx\/tienda\/","logo":{"@type":"ImageObject","inLanguage":"es-MX","@id":"https:\/\/compuviper.mx\/tienda\/#\/schema\/logo\/image\/","url":"https:\/\/compuviper.mx\/tienda\/wp-content\/uploads\/2021\/08\/Logo-Compuviper-10.png","contentUrl":"https:\/\/compuviper.mx\/tienda\/wp-content\/uploads\/2021\/08\/Logo-Compuviper-10.png","width":1000,"height":500,"caption":"Compuviper"},"image":{"@id":"https:\/\/compuviper.mx\/tienda\/#\/schema\/logo\/image\/"},"sameAs":["https:\/\/www.facebook.com\/compuviper","https:\/\/www.youtube.com\/channel\/UCf73dERp9Y3cfOq7q8BhLjA?view_as=subscriber"]}]},"product_brand":"POLY","product_price_amount":"6707","product_price_currency":"MXN","og_availability":"backorder","product_availability":"available for order","product_retailer_item_id":"B22X6AA#AC3","product_condition":"new"},"_links":{"self":[{"href":"https:\/\/compuviper.mx\/tienda\/wp-json\/wp\/v2\/product\/268730"}],"collection":[{"href":"https:\/\/compuviper.mx\/tienda\/wp-json\/wp\/v2\/product"}],"about":[{"href":"https:\/\/compuviper.mx\/tienda\/wp-json\/wp\/v2\/types\/product"}],"replies":[{"embeddable":true,"href":"https:\/\/compuviper.mx\/tienda\/wp-json\/wp\/v2\/comments?post=268730"}],"wp:attachment":[{"href":"https:\/\/compuviper.mx\/tienda\/wp-json\/wp\/v2\/media?parent=268730"}],"wp:term":[{"taxonomy":"product_cat","embeddable":true,"href":"https:\/\/compuviper.mx\/tienda\/wp-json\/wp\/v2\/product_cat?post=268730"},{"taxonomy":"product_tag","embeddable":true,"href":"https:\/\/compuviper.mx\/tienda\/wp-json\/wp\/v2\/product_tag?post=268730"}],"curies":[{"name":"wp","href":"https:\/\/api.w.org\/{rel}","templated":true}]}}