{"id":268729,"date":"2026-04-17T02:30:29","date_gmt":"2026-04-17T08:30:29","guid":{"rendered":"https:\/\/compuviper.mx\/tienda\/producto\/poly-b22x2aaac3-hp-studio-a2-puente-de-audio-con-cable-cat6a-y-cable-de-extensin-para-micrfono-y-placa-de-montaje\/"},"modified":"2026-04-17T02:30:30","modified_gmt":"2026-04-17T08:30:30","slug":"poly-b22x2aaac3-hp-studio-a2-puente-de-audio-con-cable-cat6a-y-cable-de-extensin-para-micrfono-y-placa-de-montaje","status":"publish","type":"product","link":"https:\/\/compuviper.mx\/tienda\/producto\/poly-b22x2aaac3-hp-studio-a2-puente-de-audio-con-cable-cat6a-y-cable-de-extensin-para-micrfono-y-placa-de-montaje\/","title":{"rendered":"Poly B22x2aa#ac3 Hp  Studio A2 Puente De Audio Con Cable Cat6a Y Cable De Extensin Para Micrfono Y Placa De Montaje."},"content":{"rendered":"<table class=\"descripcion\">\n<tr>\n<td>Color: negro<\/td>\n<\/tr>\n<tr>\n<td>Fuerza: alimentacin a travs de ethernet poe\/, compatible con ieee 802.3at\/bt clase 4, 5, 6, 8; 100 &#8211; 240 v, 2 a, 50\/60 hz<\/td>\n<\/tr>\n<tr>\n<td>Tipo de fuente de alimentacin: externo<\/td>\n<\/tr>\n<tr>\n<td>Longitud del cable: 6 metros<\/td>\n<\/tr>\n<tr>\n<td>Puertos: 1 puerto ethernet rj-45; 4 puertos de bus a2b<\/td>\n<\/tr>\n<tr>\n<td>Capacidades de red: 1 puerto ethernet 10\/100\/1g<\/td>\n<\/tr>\n<tr>\n<td>Rango de temperatura de funcionamiento: de 0 a 40 \u00b0c<\/td>\n<\/tr>\n<tr>\n<td>Rango de temperatura de funcionamiento: 32 a 104 \u00b0f<\/td>\n<\/tr>\n<tr>\n<td>Rango de humedad sin funcionamiento:del 5 al 95<\/td>\n<\/tr>\n<tr>\n<td>Rango de humedad de funcionamiento:del 15 al 80<\/td>\n<\/tr>\n<tr>\n<td>Especificaciones de impacto sostenible: contiene al menos un 45  de pl\u00e1stico<\/td>\n<\/tr>\n<tr>\n<td>\u00bfqu hay en la caja? puente de audio poly studio a2; placa de montaje; cable cat 6a 3,66 m; cable de extensin para micrfono 8 m; gua de seguridad; gua de inicio r\u00e1pido; tarjeta de garanta<\/td>\n<\/tr>\n<\/table>\n","protected":false},"excerpt":{"rendered":"<p>Configuracin de audio simplificada. Simplifica tu configuracin de audio sin sacrificar la calidad. Conecta sin problemas hasta 32 canales de entrada de audio para lograr una experiencia de audio natural que cubre por completo cualquier habitacin, sin importar su tamao. Simplemente conectar y jugar. Con esta solucin plug-and-play sencilla y f\u00e1cil de usar, puede empezar hoy mismo. Conctese sin problemas con los dispositivos de vdeo hp poly de ltima generacin a travs de hp poly\u00a0studionet. Implementa y escala con facilidad. Reduzca los costos y las complicaciones de las instalaciones de audio complejas y opte por una solucin optimizada, f\u00e1cil de implementar, escalar y mantener. Conecte su puente de audio hp poly studio a2 mediante hp poly studionet para una\u00a0instalacin sencilla y sin complicaciones. Se adapta a medida que evolucionas. Evite la molestia de empezar de cero cada vez con una solucin de audio que se adapta r\u00e1pida y f\u00e1cilmente a las necesidades cambiantes de su negocio. Ad\u00e1ptese sin esfuerzo a los diferentes requisitos de la sala. Reubique los dispositivos conectados en un instante.<\/p>\n","protected":false},"featured_media":0,"comment_status":"open","ping_status":"open","template":"","meta":[],"product_cat":[2011,2012],"product_tag":[2035],"acf":[],"yoast_head":"<!-- This site is optimized with the Yoast SEO plugin v21.7 - https:\/\/yoast.com\/wordpress\/plugins\/seo\/ -->\n<title>[ Poly ] &#129351; B22x2aa#ac3 Hp Studio A2 Puente De Audio Con Cable Cat6a Y Cable De Extensin Para Micrfono Y Placa De Montaje.<\/title>\n<meta name=\"description\" content=\"Compra B22x2aa#ac3 Hp Studio A2 Puente De Audio Con Cable Cat6a Y Cable De Extensin Para Micrfono Y Placa De Montaje. + Env\u00edo a domicilio + Pago seguro + Garant\u00eda\" \/>\n<meta name=\"robots\" content=\"index, follow, max-snippet:-1, max-image-preview:large, max-video-preview:-1\" \/>\n<link rel=\"canonical\" href=\"https:\/\/compuviper.mx\/tienda\/producto\/poly-b22x2aaac3-hp-studio-a2-puente-de-audio-con-cable-cat6a-y-cable-de-extensin-para-micrfono-y-placa-de-montaje\/\" \/>\n<meta property=\"og:locale\" content=\"es_MX\" \/>\n<meta property=\"og:type\" content=\"article\" \/>\n<meta property=\"og:title\" content=\"[ Poly ] &#129351; B22x2aa#ac3 Hp Studio A2 Puente De Audio Con Cable Cat6a Y Cable De Extensin Para Micrfono Y Placa De Montaje.\" \/>\n<meta property=\"og:description\" content=\"Compra B22x2aa#ac3 Hp Studio A2 Puente De Audio Con Cable Cat6a Y Cable De Extensin Para Micrfono Y Placa De Montaje. + Env\u00edo a domicilio + Pago seguro + Garant\u00eda\" \/>\n<meta property=\"og:url\" content=\"https:\/\/compuviper.mx\/tienda\/producto\/poly-b22x2aaac3-hp-studio-a2-puente-de-audio-con-cable-cat6a-y-cable-de-extensin-para-micrfono-y-placa-de-montaje\/\" \/>\n<meta property=\"og:site_name\" content=\"Compuviper\" \/>\n<meta property=\"article:publisher\" content=\"https:\/\/www.facebook.com\/compuviper\" \/>\n<meta property=\"article:modified_time\" content=\"2026-04-17T08:30:30+00:00\" \/>\n<meta name=\"twitter:card\" content=\"summary_large_image\" \/>\n<meta name=\"twitter:label1\" content=\"Precio\" \/>\n\t<meta name=\"twitter:data1\" content=\"&#36;11,121 con IVA\" \/>\n\t<meta name=\"twitter:label2\" content=\"Availability\" \/>\n\t<meta name=\"twitter:data2\" content=\"On backorder\" \/>\n<script type=\"application\/ld+json\" class=\"yoast-schema-graph\">{\"@context\":\"https:\/\/schema.org\",\"@graph\":[{\"@type\":\"WebPage\",\"@id\":\"https:\/\/compuviper.mx\/tienda\/producto\/poly-b22x2aaac3-hp-studio-a2-puente-de-audio-con-cable-cat6a-y-cable-de-extensin-para-micrfono-y-placa-de-montaje\/\",\"url\":\"https:\/\/compuviper.mx\/tienda\/producto\/poly-b22x2aaac3-hp-studio-a2-puente-de-audio-con-cable-cat6a-y-cable-de-extensin-para-micrfono-y-placa-de-montaje\/\",\"name\":\"[ Poly ] &#129351; B22x2aa#ac3 Hp Studio A2 Puente De Audio Con Cable Cat6a Y Cable De Extensin Para Micrfono Y Placa De Montaje.\",\"isPartOf\":{\"@id\":\"https:\/\/compuviper.mx\/tienda\/#website\"},\"datePublished\":\"2026-04-17T08:30:29+00:00\",\"dateModified\":\"2026-04-17T08:30:30+00:00\",\"description\":\"Compra B22x2aa#ac3 Hp Studio A2 Puente De Audio Con Cable Cat6a Y Cable De Extensin Para Micrfono Y Placa De Montaje. + Env\u00edo a domicilio + Pago seguro + Garant\u00eda\",\"breadcrumb\":{\"@id\":\"https:\/\/compuviper.mx\/tienda\/producto\/poly-b22x2aaac3-hp-studio-a2-puente-de-audio-con-cable-cat6a-y-cable-de-extensin-para-micrfono-y-placa-de-montaje\/#breadcrumb\"},\"inLanguage\":\"es-MX\",\"potentialAction\":[{\"@type\":\"ReadAction\",\"target\":[\"https:\/\/compuviper.mx\/tienda\/producto\/poly-b22x2aaac3-hp-studio-a2-puente-de-audio-con-cable-cat6a-y-cable-de-extensin-para-micrfono-y-placa-de-montaje\/\"]}]},{\"@type\":\"BreadcrumbList\",\"@id\":\"https:\/\/compuviper.mx\/tienda\/producto\/poly-b22x2aaac3-hp-studio-a2-puente-de-audio-con-cable-cat6a-y-cable-de-extensin-para-micrfono-y-placa-de-montaje\/#breadcrumb\",\"itemListElement\":[{\"@type\":\"ListItem\",\"position\":1,\"name\":\"Inicio\",\"item\":\"https:\/\/compuviper.mx\/tienda\/\"},{\"@type\":\"ListItem\",\"position\":2,\"name\":\"Productos\",\"item\":\"https:\/\/compuviper.mx\/tienda\/productos\/\"},{\"@type\":\"ListItem\",\"position\":3,\"name\":\"Videoconferencia\",\"item\":\"https:\/\/compuviper.mx\/tienda\/categoria-producto\/videoconferencia\/\"},{\"@type\":\"ListItem\",\"position\":4,\"name\":\"Sin Categor\u00eda\",\"item\":\"https:\/\/compuviper.mx\/tienda\/categoria-producto\/videoconferencia\/sin-categoria-videoconferencia\/\"},{\"@type\":\"ListItem\",\"position\":5,\"name\":\"Poly B22x2aa#ac3 Hp Studio A2 Puente De Audio Con Cable Cat6a Y Cable De Extensin Para Micrfono Y Placa De Montaje.\"}]},{\"@type\":\"WebSite\",\"@id\":\"https:\/\/compuviper.mx\/tienda\/#website\",\"url\":\"https:\/\/compuviper.mx\/tienda\/\",\"name\":\"Compuviper\",\"description\":\"Proveedor de Computadoras, Laptops, Servidores, Monitores, Puntos de Venta, Teclados,   Impresoras, T\u00f3ner, C\u00e1maras de Seguridad y m\u00e1s en tu tienda en l\u00ednea\",\"publisher\":{\"@id\":\"https:\/\/compuviper.mx\/tienda\/#organization\"},\"potentialAction\":[{\"@type\":\"SearchAction\",\"target\":{\"@type\":\"EntryPoint\",\"urlTemplate\":\"https:\/\/compuviper.mx\/tienda\/?s={search_term_string}\"},\"query-input\":\"required name=search_term_string\"}],\"inLanguage\":\"es-MX\"},{\"@type\":\"Organization\",\"@id\":\"https:\/\/compuviper.mx\/tienda\/#organization\",\"name\":\"Compuviper\",\"url\":\"https:\/\/compuviper.mx\/tienda\/\",\"logo\":{\"@type\":\"ImageObject\",\"inLanguage\":\"es-MX\",\"@id\":\"https:\/\/compuviper.mx\/tienda\/#\/schema\/logo\/image\/\",\"url\":\"https:\/\/compuviper.mx\/tienda\/wp-content\/uploads\/2021\/08\/Logo-Compuviper-10.png\",\"contentUrl\":\"https:\/\/compuviper.mx\/tienda\/wp-content\/uploads\/2021\/08\/Logo-Compuviper-10.png\",\"width\":1000,\"height\":500,\"caption\":\"Compuviper\"},\"image\":{\"@id\":\"https:\/\/compuviper.mx\/tienda\/#\/schema\/logo\/image\/\"},\"sameAs\":[\"https:\/\/www.facebook.com\/compuviper\",\"https:\/\/www.youtube.com\/channel\/UCf73dERp9Y3cfOq7q8BhLjA?view_as=subscriber\"]}]}<\/script>\n<meta property=\"product:brand\" content=\"POLY\" \/>\n<meta property=\"product:price:amount\" content=\"11121\" \/>\n<meta property=\"product:price:currency\" content=\"MXN\" \/>\n<meta property=\"og:availability\" content=\"backorder\" \/>\n<meta property=\"product:availability\" content=\"available for order\" \/>\n<meta property=\"product:retailer_item_id\" content=\"B22X2AA#AC3\" \/>\n<meta property=\"product:condition\" content=\"new\" \/>\n<!-- \/ Yoast SEO plugin. -->","yoast_head_json":{"title":"[ Poly ] &#129351; B22x2aa#ac3 Hp Studio A2 Puente De Audio Con Cable Cat6a Y Cable De Extensin Para Micrfono Y Placa De Montaje.","description":"Compra B22x2aa#ac3 Hp Studio A2 Puente De Audio Con Cable Cat6a Y Cable De Extensin Para Micrfono Y Placa De Montaje. + Env\u00edo a domicilio + Pago seguro + Garant\u00eda","robots":{"index":"index","follow":"follow","max-snippet":"max-snippet:-1","max-image-preview":"max-image-preview:large","max-video-preview":"max-video-preview:-1"},"canonical":"https:\/\/compuviper.mx\/tienda\/producto\/poly-b22x2aaac3-hp-studio-a2-puente-de-audio-con-cable-cat6a-y-cable-de-extensin-para-micrfono-y-placa-de-montaje\/","og_locale":"es_MX","og_type":"article","og_title":"[ Poly ] &#129351; B22x2aa#ac3 Hp Studio A2 Puente De Audio Con Cable Cat6a Y Cable De Extensin Para Micrfono Y Placa De Montaje.","og_description":"Compra B22x2aa#ac3 Hp Studio A2 Puente De Audio Con Cable Cat6a Y Cable De Extensin Para Micrfono Y Placa De Montaje. + Env\u00edo a domicilio + Pago seguro + Garant\u00eda","og_url":"https:\/\/compuviper.mx\/tienda\/producto\/poly-b22x2aaac3-hp-studio-a2-puente-de-audio-con-cable-cat6a-y-cable-de-extensin-para-micrfono-y-placa-de-montaje\/","og_site_name":"Compuviper","article_publisher":"https:\/\/www.facebook.com\/compuviper","article_modified_time":"2026-04-17T08:30:30+00:00","twitter_card":"summary_large_image","twitter_misc":{"Precio":"&#36;11,121 con IVA","Availability":"On backorder"},"schema":{"@context":"https:\/\/schema.org","@graph":[{"@type":"WebPage","@id":"https:\/\/compuviper.mx\/tienda\/producto\/poly-b22x2aaac3-hp-studio-a2-puente-de-audio-con-cable-cat6a-y-cable-de-extensin-para-micrfono-y-placa-de-montaje\/","url":"https:\/\/compuviper.mx\/tienda\/producto\/poly-b22x2aaac3-hp-studio-a2-puente-de-audio-con-cable-cat6a-y-cable-de-extensin-para-micrfono-y-placa-de-montaje\/","name":"[ Poly ] &#129351; B22x2aa#ac3 Hp Studio A2 Puente De Audio Con Cable Cat6a Y Cable De Extensin Para Micrfono Y Placa De Montaje.","isPartOf":{"@id":"https:\/\/compuviper.mx\/tienda\/#website"},"datePublished":"2026-04-17T08:30:29+00:00","dateModified":"2026-04-17T08:30:30+00:00","description":"Compra B22x2aa#ac3 Hp Studio A2 Puente De Audio Con Cable Cat6a Y Cable De Extensin Para Micrfono Y Placa De Montaje. + Env\u00edo a domicilio + Pago seguro + Garant\u00eda","breadcrumb":{"@id":"https:\/\/compuviper.mx\/tienda\/producto\/poly-b22x2aaac3-hp-studio-a2-puente-de-audio-con-cable-cat6a-y-cable-de-extensin-para-micrfono-y-placa-de-montaje\/#breadcrumb"},"inLanguage":"es-MX","potentialAction":[{"@type":"ReadAction","target":["https:\/\/compuviper.mx\/tienda\/producto\/poly-b22x2aaac3-hp-studio-a2-puente-de-audio-con-cable-cat6a-y-cable-de-extensin-para-micrfono-y-placa-de-montaje\/"]}]},{"@type":"BreadcrumbList","@id":"https:\/\/compuviper.mx\/tienda\/producto\/poly-b22x2aaac3-hp-studio-a2-puente-de-audio-con-cable-cat6a-y-cable-de-extensin-para-micrfono-y-placa-de-montaje\/#breadcrumb","itemListElement":[{"@type":"ListItem","position":1,"name":"Inicio","item":"https:\/\/compuviper.mx\/tienda\/"},{"@type":"ListItem","position":2,"name":"Productos","item":"https:\/\/compuviper.mx\/tienda\/productos\/"},{"@type":"ListItem","position":3,"name":"Videoconferencia","item":"https:\/\/compuviper.mx\/tienda\/categoria-producto\/videoconferencia\/"},{"@type":"ListItem","position":4,"name":"Sin Categor\u00eda","item":"https:\/\/compuviper.mx\/tienda\/categoria-producto\/videoconferencia\/sin-categoria-videoconferencia\/"},{"@type":"ListItem","position":5,"name":"Poly B22x2aa#ac3 Hp Studio A2 Puente De Audio Con Cable Cat6a Y Cable De Extensin Para Micrfono Y Placa De Montaje."}]},{"@type":"WebSite","@id":"https:\/\/compuviper.mx\/tienda\/#website","url":"https:\/\/compuviper.mx\/tienda\/","name":"Compuviper","description":"Proveedor de Computadoras, Laptops, Servidores, Monitores, Puntos de Venta, Teclados,   Impresoras, T\u00f3ner, C\u00e1maras de Seguridad y m\u00e1s en tu tienda en l\u00ednea","publisher":{"@id":"https:\/\/compuviper.mx\/tienda\/#organization"},"potentialAction":[{"@type":"SearchAction","target":{"@type":"EntryPoint","urlTemplate":"https:\/\/compuviper.mx\/tienda\/?s={search_term_string}"},"query-input":"required name=search_term_string"}],"inLanguage":"es-MX"},{"@type":"Organization","@id":"https:\/\/compuviper.mx\/tienda\/#organization","name":"Compuviper","url":"https:\/\/compuviper.mx\/tienda\/","logo":{"@type":"ImageObject","inLanguage":"es-MX","@id":"https:\/\/compuviper.mx\/tienda\/#\/schema\/logo\/image\/","url":"https:\/\/compuviper.mx\/tienda\/wp-content\/uploads\/2021\/08\/Logo-Compuviper-10.png","contentUrl":"https:\/\/compuviper.mx\/tienda\/wp-content\/uploads\/2021\/08\/Logo-Compuviper-10.png","width":1000,"height":500,"caption":"Compuviper"},"image":{"@id":"https:\/\/compuviper.mx\/tienda\/#\/schema\/logo\/image\/"},"sameAs":["https:\/\/www.facebook.com\/compuviper","https:\/\/www.youtube.com\/channel\/UCf73dERp9Y3cfOq7q8BhLjA?view_as=subscriber"]}]},"product_brand":"POLY","product_price_amount":"11121","product_price_currency":"MXN","og_availability":"backorder","product_availability":"available for order","product_retailer_item_id":"B22X2AA#AC3","product_condition":"new"},"_links":{"self":[{"href":"https:\/\/compuviper.mx\/tienda\/wp-json\/wp\/v2\/product\/268729"}],"collection":[{"href":"https:\/\/compuviper.mx\/tienda\/wp-json\/wp\/v2\/product"}],"about":[{"href":"https:\/\/compuviper.mx\/tienda\/wp-json\/wp\/v2\/types\/product"}],"replies":[{"embeddable":true,"href":"https:\/\/compuviper.mx\/tienda\/wp-json\/wp\/v2\/comments?post=268729"}],"wp:attachment":[{"href":"https:\/\/compuviper.mx\/tienda\/wp-json\/wp\/v2\/media?parent=268729"}],"wp:term":[{"taxonomy":"product_cat","embeddable":true,"href":"https:\/\/compuviper.mx\/tienda\/wp-json\/wp\/v2\/product_cat?post=268729"},{"taxonomy":"product_tag","embeddable":true,"href":"https:\/\/compuviper.mx\/tienda\/wp-json\/wp\/v2\/product_tag?post=268729"}],"curies":[{"name":"wp","href":"https:\/\/api.w.org\/{rel}","templated":true}]}}