{"id":268727,"date":"2026-04-14T02:24:23","date_gmt":"2026-04-14T08:24:23","guid":{"rendered":"https:\/\/compuviper.mx\/tienda\/producto\/msi-oem-geforce-rtx-3050-lp-6g-oc-tarjeta-de-video-msi-nvidia-pcie-4-x-8-6gb-gddr6-estandar-2hdmi-1xdp-dl-dvi-d-x-1gama-media-gamer\/"},"modified":"2026-04-14T02:24:23","modified_gmt":"2026-04-14T08:24:23","slug":"msi-oem-geforce-rtx-3050-lp-6g-oc-tarjeta-de-video-msi-nvidia-pcie-4-x-8-6gb-gddr6-estandar-2hdmi-1xdp-dl-dvi-d-x-1gama-media-gamer","status":"publish","type":"product","link":"https:\/\/compuviper.mx\/tienda\/producto\/msi-oem-geforce-rtx-3050-lp-6g-oc-tarjeta-de-video-msi-nvidia-pcie-4-x-8-6gb-gddr6-estandar-2hdmi-1xdp-dl-dvi-d-x-1gama-media-gamer\/","title":{"rendered":"Msi Oem Geforce Rtx 3050 Lp 6g Oc Tarjeta De Video Msi Nvidia  Pcie 4 X 8\/6gb\/gddr6\/estandar\/2hdmi\/1xdp\/dl-dvi-d X 1gama Media \/gamer"},"content":{"rendered":"<table class=\"descripcion\">\n<tr>\n<td>Model namegeforce rtx\u0099 3050 lp 6g oc<\/td>\n<\/tr>\n<tr>\n<td>Cores2304 units<\/td>\n<\/tr>\n<tr>\n<td>Memory6gb gddr6<\/td>\n<\/tr>\n<tr>\n<td>Directx version support12 ultimate<\/td>\n<\/tr>\n<tr>\n<td>Maximum displays3<\/td>\n<\/tr>\n<tr>\n<td>G-sync\u0099 technologyy<\/td>\n<\/tr>\n<tr>\n<td>Outputdisplayport x 1 v1.4a<\/td>\n<\/tr>\n<tr>\n<td>Hdmi\u0099 x 2 supports 4k@120hz as specified in hdmi\u0099 2.1<\/td>\n<\/tr>\n<tr>\n<td>Power consumption w70 w<\/td>\n<\/tr>\n<tr>\n<td>Digital maximum resolution7680 x 4320<\/td>\n<\/tr>\n<tr>\n<td>Versin soportada de opengl4.6<\/td>\n<\/tr>\n<tr>\n<td>Peso311 g \/ 525 g<\/td>\n<\/tr>\n<\/table>\n","protected":false},"excerpt":{"rendered":"<p>Diseo de perfil bajo. El diseo de perfil bajo ahorra m\u00e1s espacio y facilita la construccin de sistemas m\u00e1s delgados o pequeos. Soporte de perfil bajo incluido. Diseo trmico de doble ventilador. Los dos ventiladores cubren m\u00e1s superficie del disipador para evacuar el calor de forma m\u00e1s eficiente. Hemos hecho 10 millones de clics, para que t solo tengas que hacer 1. Todo en uno. El exclusivo software msi center de msi te ayuda a sacar el m\u00e1ximo partido de tus productos msi. Monitoriza, ajusta y optimiza en tiempo real con slo unos clics. Geforce rtx\u0099 3050 lp 6g oc. La geforce rtx\u0099 3050 de 6 gb est\u00e1 diseada con la arquitectura nvidia ampere, que incluye ncleos de trazado de rayos dedicados, ncleos de tensor de ia y memoria g6 de alta velocidad. P\u00e1sate a geforce rtx. Reloj boost \/ velocidad de memoria. 1492 mhz \/ 14 gbps. 6gb gddr6. Displayport x 1 v1.4a. Hdmi\u0099 x 2 admite 4k@120hz como se especifica en hdmi\u0099 2.1. Diseo de perfil bajo. El diseo de perfil bajo ahorra m\u00e1s espacio. El usuario puede construir m\u00e1s f\u00e1cilmente sistemas m\u00e1s pequeos o m\u00e1s delgados. Diseo trmico de doble ventilador. Los dos ventiladores cubren m\u00e1s superficie del disipador para evacuar el calor de forma m\u00e1s eficiente. Msi center. El exclusivo software msi center te permite supervisar, ajustar y optimizar los productos msi en tiempo real. Utilidad de overclocking afterburner. Oc scanner: una funcin automatizada encuentra los ajustes de overclock estables m\u00e1s altos. Visualizacin en pantalla: proporciona informacin en tiempo real del rendimiento de tu sistema. Predator: grabacin de vdeo en el juego.<\/p>\n","protected":false},"featured_media":268728,"comment_status":"open","ping_status":"open","template":"","meta":[],"product_cat":[1841,1842],"product_tag":[2322],"acf":[],"yoast_head":"<!-- This site is optimized with the Yoast SEO plugin v21.7 - https:\/\/yoast.com\/wordpress\/plugins\/seo\/ -->\n<title>[ Msi Oem ] &#129351; Geforce Rtx 3050 Lp 6g Oc Tarjeta De Video Msi Nvidia Pcie 4 X 8\/6gb\/gddr6\/estandar\/2hdmi\/1xdp\/dl-dvi-d X 1gama Media \/gamer<\/title>\n<meta name=\"description\" content=\"Compra Geforce Rtx 3050 Lp 6g Oc Tarjeta De Video Msi Nvidia Pcie 4 X 8\/6gb\/gddr6\/estandar\/2hdmi\/1xdp\/dl-dvi-d X 1gama Media \/gamer + Env\u00edo a domicilio + Pago seguro + Garant\u00eda\" \/>\n<meta name=\"robots\" content=\"index, follow, max-snippet:-1, max-image-preview:large, max-video-preview:-1\" \/>\n<link rel=\"canonical\" href=\"https:\/\/compuviper.mx\/tienda\/producto\/msi-oem-geforce-rtx-3050-lp-6g-oc-tarjeta-de-video-msi-nvidia-pcie-4-x-8-6gb-gddr6-estandar-2hdmi-1xdp-dl-dvi-d-x-1gama-media-gamer\/\" \/>\n<meta property=\"og:locale\" content=\"es_MX\" \/>\n<meta property=\"og:type\" content=\"article\" \/>\n<meta property=\"og:title\" content=\"[ Msi Oem ] &#129351; Geforce Rtx 3050 Lp 6g Oc Tarjeta De Video Msi Nvidia Pcie 4 X 8\/6gb\/gddr6\/estandar\/2hdmi\/1xdp\/dl-dvi-d X 1gama Media \/gamer\" \/>\n<meta property=\"og:description\" content=\"Compra Geforce Rtx 3050 Lp 6g Oc Tarjeta De Video Msi Nvidia Pcie 4 X 8\/6gb\/gddr6\/estandar\/2hdmi\/1xdp\/dl-dvi-d X 1gama Media \/gamer + Env\u00edo a domicilio + Pago seguro + Garant\u00eda\" \/>\n<meta property=\"og:url\" content=\"https:\/\/compuviper.mx\/tienda\/producto\/msi-oem-geforce-rtx-3050-lp-6g-oc-tarjeta-de-video-msi-nvidia-pcie-4-x-8-6gb-gddr6-estandar-2hdmi-1xdp-dl-dvi-d-x-1gama-media-gamer\/\" \/>\n<meta property=\"og:site_name\" content=\"Compuviper\" \/>\n<meta property=\"article:publisher\" content=\"https:\/\/www.facebook.com\/compuviper\" \/>\n<meta property=\"og:image\" content=\"https:\/\/compuviper.mx\/tienda\/wp-content\/uploads\/2026\/04\/Tarjeta-de-video-msi-nvidia-geforce-rtx-3050-lp-6g-oc-pcie-4-x-86gbgddr6estandar2hdmi1xdpdl-dvi-d-x-1gama-media-gamer.jpg\" \/>\n\t<meta property=\"og:image:width\" content=\"200\" \/>\n\t<meta property=\"og:image:height\" content=\"200\" \/>\n\t<meta property=\"og:image:type\" content=\"image\/jpeg\" \/>\n<meta name=\"twitter:card\" content=\"summary_large_image\" \/>\n<meta name=\"twitter:label1\" content=\"Precio\" \/>\n\t<meta name=\"twitter:data1\" content=\"&#36;3,708 con IVA\" \/>\n\t<meta name=\"twitter:label2\" content=\"Availability\" \/>\n\t<meta name=\"twitter:data2\" content=\"In stock\" \/>\n<script type=\"application\/ld+json\" class=\"yoast-schema-graph\">{\"@context\":\"https:\/\/schema.org\",\"@graph\":[{\"@type\":\"WebPage\",\"@id\":\"https:\/\/compuviper.mx\/tienda\/producto\/msi-oem-geforce-rtx-3050-lp-6g-oc-tarjeta-de-video-msi-nvidia-pcie-4-x-8-6gb-gddr6-estandar-2hdmi-1xdp-dl-dvi-d-x-1gama-media-gamer\/\",\"url\":\"https:\/\/compuviper.mx\/tienda\/producto\/msi-oem-geforce-rtx-3050-lp-6g-oc-tarjeta-de-video-msi-nvidia-pcie-4-x-8-6gb-gddr6-estandar-2hdmi-1xdp-dl-dvi-d-x-1gama-media-gamer\/\",\"name\":\"[ Msi Oem ] &#129351; Geforce Rtx 3050 Lp 6g Oc Tarjeta De Video Msi Nvidia Pcie 4 X 8\/6gb\/gddr6\/estandar\/2hdmi\/1xdp\/dl-dvi-d X 1gama Media \/gamer\",\"isPartOf\":{\"@id\":\"https:\/\/compuviper.mx\/tienda\/#website\"},\"datePublished\":\"2026-04-14T08:24:23+00:00\",\"dateModified\":\"2026-04-14T08:24:23+00:00\",\"description\":\"Compra Geforce Rtx 3050 Lp 6g Oc Tarjeta De Video Msi Nvidia Pcie 4 X 8\/6gb\/gddr6\/estandar\/2hdmi\/1xdp\/dl-dvi-d X 1gama Media \/gamer + Env\u00edo a domicilio + Pago seguro + Garant\u00eda\",\"breadcrumb\":{\"@id\":\"https:\/\/compuviper.mx\/tienda\/producto\/msi-oem-geforce-rtx-3050-lp-6g-oc-tarjeta-de-video-msi-nvidia-pcie-4-x-8-6gb-gddr6-estandar-2hdmi-1xdp-dl-dvi-d-x-1gama-media-gamer\/#breadcrumb\"},\"inLanguage\":\"es-MX\",\"potentialAction\":[{\"@type\":\"ReadAction\",\"target\":[\"https:\/\/compuviper.mx\/tienda\/producto\/msi-oem-geforce-rtx-3050-lp-6g-oc-tarjeta-de-video-msi-nvidia-pcie-4-x-8-6gb-gddr6-estandar-2hdmi-1xdp-dl-dvi-d-x-1gama-media-gamer\/\"]}]},{\"@type\":\"BreadcrumbList\",\"@id\":\"https:\/\/compuviper.mx\/tienda\/producto\/msi-oem-geforce-rtx-3050-lp-6g-oc-tarjeta-de-video-msi-nvidia-pcie-4-x-8-6gb-gddr6-estandar-2hdmi-1xdp-dl-dvi-d-x-1gama-media-gamer\/#breadcrumb\",\"itemListElement\":[{\"@type\":\"ListItem\",\"position\":1,\"name\":\"Inicio\",\"item\":\"https:\/\/compuviper.mx\/tienda\/\"},{\"@type\":\"ListItem\",\"position\":2,\"name\":\"Productos\",\"item\":\"https:\/\/compuviper.mx\/tienda\/productos\/\"},{\"@type\":\"ListItem\",\"position\":3,\"name\":\"Msi Oem Geforce Rtx 3050 Lp 6g Oc Tarjeta De Video Msi Nvidia Pcie 4 X 8\/6gb\/gddr6\/estandar\/2hdmi\/1xdp\/dl-dvi-d X 1gama Media \/gamer\"}]},{\"@type\":\"WebSite\",\"@id\":\"https:\/\/compuviper.mx\/tienda\/#website\",\"url\":\"https:\/\/compuviper.mx\/tienda\/\",\"name\":\"Compuviper\",\"description\":\"Proveedor de Computadoras, Laptops, Servidores, Monitores, Puntos de Venta, Teclados,   Impresoras, T\u00f3ner, C\u00e1maras de Seguridad y m\u00e1s en tu tienda en l\u00ednea\",\"publisher\":{\"@id\":\"https:\/\/compuviper.mx\/tienda\/#organization\"},\"potentialAction\":[{\"@type\":\"SearchAction\",\"target\":{\"@type\":\"EntryPoint\",\"urlTemplate\":\"https:\/\/compuviper.mx\/tienda\/?s={search_term_string}\"},\"query-input\":\"required name=search_term_string\"}],\"inLanguage\":\"es-MX\"},{\"@type\":\"Organization\",\"@id\":\"https:\/\/compuviper.mx\/tienda\/#organization\",\"name\":\"Compuviper\",\"url\":\"https:\/\/compuviper.mx\/tienda\/\",\"logo\":{\"@type\":\"ImageObject\",\"inLanguage\":\"es-MX\",\"@id\":\"https:\/\/compuviper.mx\/tienda\/#\/schema\/logo\/image\/\",\"url\":\"https:\/\/compuviper.mx\/tienda\/wp-content\/uploads\/2021\/08\/Logo-Compuviper-10.png\",\"contentUrl\":\"https:\/\/compuviper.mx\/tienda\/wp-content\/uploads\/2021\/08\/Logo-Compuviper-10.png\",\"width\":1000,\"height\":500,\"caption\":\"Compuviper\"},\"image\":{\"@id\":\"https:\/\/compuviper.mx\/tienda\/#\/schema\/logo\/image\/\"},\"sameAs\":[\"https:\/\/www.facebook.com\/compuviper\",\"https:\/\/www.youtube.com\/channel\/UCf73dERp9Y3cfOq7q8BhLjA?view_as=subscriber\"]}]}<\/script>\n<meta property=\"product:brand\" content=\"Msi Oem\" \/>\n<meta property=\"product:price:amount\" content=\"3708\" \/>\n<meta property=\"product:price:currency\" content=\"MXN\" \/>\n<meta property=\"og:availability\" content=\"instock\" \/>\n<meta property=\"product:availability\" content=\"instock\" \/>\n<meta property=\"product:retailer_item_id\" content=\"GEFORCE RTX 3050 LP 6G OC\" \/>\n<meta property=\"product:condition\" content=\"new\" \/>\n<!-- \/ Yoast SEO plugin. -->","yoast_head_json":{"title":"[ Msi Oem ] &#129351; Geforce Rtx 3050 Lp 6g Oc Tarjeta De Video Msi Nvidia Pcie 4 X 8\/6gb\/gddr6\/estandar\/2hdmi\/1xdp\/dl-dvi-d X 1gama Media \/gamer","description":"Compra Geforce Rtx 3050 Lp 6g Oc Tarjeta De Video Msi Nvidia Pcie 4 X 8\/6gb\/gddr6\/estandar\/2hdmi\/1xdp\/dl-dvi-d X 1gama Media \/gamer + Env\u00edo a domicilio + Pago seguro + Garant\u00eda","robots":{"index":"index","follow":"follow","max-snippet":"max-snippet:-1","max-image-preview":"max-image-preview:large","max-video-preview":"max-video-preview:-1"},"canonical":"https:\/\/compuviper.mx\/tienda\/producto\/msi-oem-geforce-rtx-3050-lp-6g-oc-tarjeta-de-video-msi-nvidia-pcie-4-x-8-6gb-gddr6-estandar-2hdmi-1xdp-dl-dvi-d-x-1gama-media-gamer\/","og_locale":"es_MX","og_type":"article","og_title":"[ Msi Oem ] &#129351; Geforce Rtx 3050 Lp 6g Oc Tarjeta De Video Msi Nvidia Pcie 4 X 8\/6gb\/gddr6\/estandar\/2hdmi\/1xdp\/dl-dvi-d X 1gama Media \/gamer","og_description":"Compra Geforce Rtx 3050 Lp 6g Oc Tarjeta De Video Msi Nvidia Pcie 4 X 8\/6gb\/gddr6\/estandar\/2hdmi\/1xdp\/dl-dvi-d X 1gama Media \/gamer + Env\u00edo a domicilio + Pago seguro + Garant\u00eda","og_url":"https:\/\/compuviper.mx\/tienda\/producto\/msi-oem-geforce-rtx-3050-lp-6g-oc-tarjeta-de-video-msi-nvidia-pcie-4-x-8-6gb-gddr6-estandar-2hdmi-1xdp-dl-dvi-d-x-1gama-media-gamer\/","og_site_name":"Compuviper","article_publisher":"https:\/\/www.facebook.com\/compuviper","og_image":[{"width":200,"height":200,"url":"https:\/\/compuviper.mx\/tienda\/wp-content\/uploads\/2026\/04\/Tarjeta-de-video-msi-nvidia-geforce-rtx-3050-lp-6g-oc-pcie-4-x-86gbgddr6estandar2hdmi1xdpdl-dvi-d-x-1gama-media-gamer.jpg","type":"image\/jpeg"}],"twitter_card":"summary_large_image","twitter_misc":{"Precio":"&#36;3,708 con IVA","Availability":"In stock"},"schema":{"@context":"https:\/\/schema.org","@graph":[{"@type":"WebPage","@id":"https:\/\/compuviper.mx\/tienda\/producto\/msi-oem-geforce-rtx-3050-lp-6g-oc-tarjeta-de-video-msi-nvidia-pcie-4-x-8-6gb-gddr6-estandar-2hdmi-1xdp-dl-dvi-d-x-1gama-media-gamer\/","url":"https:\/\/compuviper.mx\/tienda\/producto\/msi-oem-geforce-rtx-3050-lp-6g-oc-tarjeta-de-video-msi-nvidia-pcie-4-x-8-6gb-gddr6-estandar-2hdmi-1xdp-dl-dvi-d-x-1gama-media-gamer\/","name":"[ Msi Oem ] &#129351; Geforce Rtx 3050 Lp 6g Oc Tarjeta De Video Msi Nvidia Pcie 4 X 8\/6gb\/gddr6\/estandar\/2hdmi\/1xdp\/dl-dvi-d X 1gama Media \/gamer","isPartOf":{"@id":"https:\/\/compuviper.mx\/tienda\/#website"},"datePublished":"2026-04-14T08:24:23+00:00","dateModified":"2026-04-14T08:24:23+00:00","description":"Compra Geforce Rtx 3050 Lp 6g Oc Tarjeta De Video Msi Nvidia Pcie 4 X 8\/6gb\/gddr6\/estandar\/2hdmi\/1xdp\/dl-dvi-d X 1gama Media \/gamer + Env\u00edo a domicilio + Pago seguro + Garant\u00eda","breadcrumb":{"@id":"https:\/\/compuviper.mx\/tienda\/producto\/msi-oem-geforce-rtx-3050-lp-6g-oc-tarjeta-de-video-msi-nvidia-pcie-4-x-8-6gb-gddr6-estandar-2hdmi-1xdp-dl-dvi-d-x-1gama-media-gamer\/#breadcrumb"},"inLanguage":"es-MX","potentialAction":[{"@type":"ReadAction","target":["https:\/\/compuviper.mx\/tienda\/producto\/msi-oem-geforce-rtx-3050-lp-6g-oc-tarjeta-de-video-msi-nvidia-pcie-4-x-8-6gb-gddr6-estandar-2hdmi-1xdp-dl-dvi-d-x-1gama-media-gamer\/"]}]},{"@type":"BreadcrumbList","@id":"https:\/\/compuviper.mx\/tienda\/producto\/msi-oem-geforce-rtx-3050-lp-6g-oc-tarjeta-de-video-msi-nvidia-pcie-4-x-8-6gb-gddr6-estandar-2hdmi-1xdp-dl-dvi-d-x-1gama-media-gamer\/#breadcrumb","itemListElement":[{"@type":"ListItem","position":1,"name":"Inicio","item":"https:\/\/compuviper.mx\/tienda\/"},{"@type":"ListItem","position":2,"name":"Productos","item":"https:\/\/compuviper.mx\/tienda\/productos\/"},{"@type":"ListItem","position":3,"name":"Msi Oem Geforce Rtx 3050 Lp 6g Oc Tarjeta De Video Msi Nvidia Pcie 4 X 8\/6gb\/gddr6\/estandar\/2hdmi\/1xdp\/dl-dvi-d X 1gama Media \/gamer"}]},{"@type":"WebSite","@id":"https:\/\/compuviper.mx\/tienda\/#website","url":"https:\/\/compuviper.mx\/tienda\/","name":"Compuviper","description":"Proveedor de Computadoras, Laptops, Servidores, Monitores, Puntos de Venta, Teclados,   Impresoras, T\u00f3ner, C\u00e1maras de Seguridad y m\u00e1s en tu tienda en l\u00ednea","publisher":{"@id":"https:\/\/compuviper.mx\/tienda\/#organization"},"potentialAction":[{"@type":"SearchAction","target":{"@type":"EntryPoint","urlTemplate":"https:\/\/compuviper.mx\/tienda\/?s={search_term_string}"},"query-input":"required name=search_term_string"}],"inLanguage":"es-MX"},{"@type":"Organization","@id":"https:\/\/compuviper.mx\/tienda\/#organization","name":"Compuviper","url":"https:\/\/compuviper.mx\/tienda\/","logo":{"@type":"ImageObject","inLanguage":"es-MX","@id":"https:\/\/compuviper.mx\/tienda\/#\/schema\/logo\/image\/","url":"https:\/\/compuviper.mx\/tienda\/wp-content\/uploads\/2021\/08\/Logo-Compuviper-10.png","contentUrl":"https:\/\/compuviper.mx\/tienda\/wp-content\/uploads\/2021\/08\/Logo-Compuviper-10.png","width":1000,"height":500,"caption":"Compuviper"},"image":{"@id":"https:\/\/compuviper.mx\/tienda\/#\/schema\/logo\/image\/"},"sameAs":["https:\/\/www.facebook.com\/compuviper","https:\/\/www.youtube.com\/channel\/UCf73dERp9Y3cfOq7q8BhLjA?view_as=subscriber"]}]},"product_brand":"Msi Oem","product_price_amount":"3708","product_price_currency":"MXN","og_availability":"instock","product_availability":"instock","product_retailer_item_id":"GEFORCE RTX 3050 LP 6G OC","product_condition":"new"},"_links":{"self":[{"href":"https:\/\/compuviper.mx\/tienda\/wp-json\/wp\/v2\/product\/268727"}],"collection":[{"href":"https:\/\/compuviper.mx\/tienda\/wp-json\/wp\/v2\/product"}],"about":[{"href":"https:\/\/compuviper.mx\/tienda\/wp-json\/wp\/v2\/types\/product"}],"replies":[{"embeddable":true,"href":"https:\/\/compuviper.mx\/tienda\/wp-json\/wp\/v2\/comments?post=268727"}],"wp:featuredmedia":[{"embeddable":true,"href":"https:\/\/compuviper.mx\/tienda\/wp-json\/wp\/v2\/media\/268728"}],"wp:attachment":[{"href":"https:\/\/compuviper.mx\/tienda\/wp-json\/wp\/v2\/media?parent=268727"}],"wp:term":[{"taxonomy":"product_cat","embeddable":true,"href":"https:\/\/compuviper.mx\/tienda\/wp-json\/wp\/v2\/product_cat?post=268727"},{"taxonomy":"product_tag","embeddable":true,"href":"https:\/\/compuviper.mx\/tienda\/wp-json\/wp\/v2\/product_tag?post=268727"}],"curies":[{"name":"wp","href":"https:\/\/api.w.org\/{rel}","templated":true}]}}