{"id":268725,"date":"2026-04-14T02:24:16","date_gmt":"2026-04-14T08:24:16","guid":{"rendered":"https:\/\/compuviper.mx\/tienda\/producto\/msi-oem-geforce-rtx-3050-ventus-2x-6g-oc-tarjeta-de-video-msi-nvidia-geforce-rtx-3050-oc-pcie4-x-8-6gb-gddr6-estandar-2hdmi-1xdp-dl-dvi-d-x-1gama-media-gamer\/"},"modified":"2026-04-14T02:24:16","modified_gmt":"2026-04-14T08:24:16","slug":"msi-oem-geforce-rtx-3050-ventus-2x-6g-oc-tarjeta-de-video-msi-nvidia-geforce-rtx-3050-oc-pcie4-x-8-6gb-gddr6-estandar-2hdmi-1xdp-dl-dvi-d-x-1gama-media-gamer","status":"publish","type":"product","link":"https:\/\/compuviper.mx\/tienda\/producto\/msi-oem-geforce-rtx-3050-ventus-2x-6g-oc-tarjeta-de-video-msi-nvidia-geforce-rtx-3050-oc-pcie4-x-8-6gb-gddr6-estandar-2hdmi-1xdp-dl-dvi-d-x-1gama-media-gamer\/","title":{"rendered":"Msi Oem Geforce Rtx 3050 Ventus 2x 6g Oc Tarjeta De Video Msi Nvidia Geforce Rtx 3050 Oc Pcie4 X 8\/6gb\/gddr6\/estandar\/2hdmi\/1xdp\/dl-dvi-d X 1gama Media \/gamer"},"content":{"rendered":"<table class=\"descripcion\">\n<tr>\n<td>Nombre del modelo: geforce rtx\u0099 3050 ventus 2x 6g oc<\/td>\n<\/tr>\n<tr>\n<td>                                          nvidia\u00ae geforce rtx\u0099 3050<\/td>\n<\/tr>\n<tr>\n<td>Unidad de procesamiento de gr\u00e1ficos: pci express\u00ae gen 4 x16 (usa x8)<\/td>\n<\/tr>\n<tr>\n<td>Interfaz: impulso: 1492 mhz<\/td>\n<\/tr>\n<tr>\n<td>Relojes centrales: 2304 unidades<\/td>\n<\/tr>\n<tr>\n<td>N\u00facleos cuda\u00ae and #8203;: 14 gbps<\/td>\n<\/tr>\n<tr>\n<td>Velocidad de la memoria: 6 gb gddr6<\/td>\n<\/tr>\n<tr>\n<td>Memoria: 96 bits<\/td>\n<\/tr>\n<tr>\n<td>Bus de memoria: displayport x 1 (v1.4a)<\/td>\n<\/tr>\n<tr>\n<td>Producci\u00f3n: hdmi\u0099 x 2 (compatible con 4k a 120 hz como se especifica en hdmi\u0099 2.1)<\/td>\n<\/tr>\n<tr>\n<td>Compatibilidad con hdcp: y<\/td>\n<\/tr>\n<tr>\n<td>Consumo de energ\u00eda: 70 vatios<\/td>\n<\/tr>\n<tr>\n<td>Fuente de alimentaci\u00f3n recomendada: 300 vatios<\/td>\n<\/tr>\n<tr>\n<td>Dimensiones de la tarjeta (mm): 189 x 109 x 42 mm<\/td>\n<\/tr>\n<tr>\n<td>Peso (tarjeta\/paquete): 381 gramos \/ 610 gramos<\/td>\n<\/tr>\n<tr>\n<td>Compatibilidad con versiones de directx: 12 ultimate<\/td>\n<\/tr>\n<tr>\n<td>Compatibilidad con versiones de opengl: 4.6<\/td>\n<\/tr>\n<tr>\n<td>M\u00e1ximo de visualizaciones: 3<\/td>\n<\/tr>\n<tr>\n<td>Tecnolog\u00eda g-sync \u00ae: y<\/td>\n<\/tr>\n<tr>\n<td>Resoluci\u00f3n m\u00e1xima digital: 7680 x 4320<\/td>\n<\/tr>\n<\/table>\n","protected":false},"excerpt":{"rendered":"<p>Ventus ofrece un dise\u00f1o enfocado en el rendimiento que mantiene lo esencial para cualquier tarea. Su eficiente sistema de doble ventilador, integrado en un dise\u00f1o industrial r\u00edgido, permite que esta elegante tarjeta gr\u00e1fica se integre en cualquier sistema. Dise\u00f1ado para una mejor disipaci\u00f3n. En comparaci\u00f3n con los dise\u00f1os de ventiladores gen\u00e9ricos, los ventiladores de la serie ventus utilizan un dise\u00f1o de ventilador personalizado con una curva \u00fanica para mejorar la disipaci\u00f3n del calor al generar m\u00e1s flujo de aire y presi\u00f3n de aire. Rastros de brillantez. Dise\u00f1o de pcb a medida. No todas las placas de circuito son iguales. Un dise\u00f1o de pcb personalizado proporciona mayor fiabilidad y un circuito de alimentaci\u00f3n reforzado para llevar la tarjeta al l\u00edmite.Geforce rtx\u0099 3050 ventus 2x 6g oc. La geforce rtx\u0099 3050 de 6 gb est\u00e1 dise\u00f1ada con la arquitectura nvidia ampere, con n\u00facleos dedicados para trazado de rayos, n\u00facleos tensores de ia y memoria g6 de alta velocidad. \u00a1da el salto a geforce rtx. Aumentar la velocidad del reloj\/memoria. 1492 mhz \/ 14 gbps. 6 gb gddr6. Displayport x 1 (v1.4a. Hdmi\u0099 x 2 (compatible con 4k a 120 hz como se especifica en hdmi\u0099 2.1. Dise\u00f1o t\u00e9rmico de doble ventilador. Dos ventiladores y un enorme disipador de calor garantizan una experiencia fresca y silenciosa. Centro msi. El exclusivo software msi center le permite monitorear, ajustar y optimizar los productos msi en tiempo real. Utilidad de overclocking afterburner. Oc scanner: una funci\u00f3n automatizada encuentra las configuraciones de overclock estables m\u00e1s altas. Visualizaci\u00f3n en pantalla: proporciona informaci\u00f3n en tiempo real del rendimiento de su sistema. Depredador: grabaci\u00f3n de v\u00eddeo durante el juego<\/p>\n","protected":false},"featured_media":268726,"comment_status":"open","ping_status":"open","template":"","meta":[],"product_cat":[1841,1842],"product_tag":[2322],"acf":[],"yoast_head":"<!-- This site is optimized with the Yoast SEO plugin v21.7 - https:\/\/yoast.com\/wordpress\/plugins\/seo\/ -->\n<title>[ Msi Oem ] &#129351; Geforce Rtx 3050 Ventus 2x 6g Oc Tarjeta De Video Msi Nvidia Geforce Rtx 3050 Oc Pcie4 X 8\/6gb\/gddr6\/estandar\/2hdmi\/1xdp\/dl-dvi-d X 1gama Media \/gamer<\/title>\n<meta name=\"description\" content=\"Compra Geforce Rtx 3050 Ventus 2x 6g Oc Tarjeta De Video Msi Nvidia Geforce Rtx 3050 Oc Pcie4 X 8\/6gb\/gddr6\/estandar\/2hdmi\/1xdp\/dl-dvi-d X 1gama Media \/gamer + Env\u00edo a domicilio + Pago seguro + Garant\u00eda\" \/>\n<meta name=\"robots\" content=\"index, follow, max-snippet:-1, max-image-preview:large, max-video-preview:-1\" \/>\n<link rel=\"canonical\" href=\"https:\/\/compuviper.mx\/tienda\/producto\/msi-oem-geforce-rtx-3050-ventus-2x-6g-oc-tarjeta-de-video-msi-nvidia-geforce-rtx-3050-oc-pcie4-x-8-6gb-gddr6-estandar-2hdmi-1xdp-dl-dvi-d-x-1gama-media-gamer\/\" \/>\n<meta property=\"og:locale\" content=\"es_MX\" \/>\n<meta property=\"og:type\" content=\"article\" \/>\n<meta property=\"og:title\" content=\"[ Msi Oem ] &#129351; Geforce Rtx 3050 Ventus 2x 6g Oc Tarjeta De Video Msi Nvidia Geforce Rtx 3050 Oc Pcie4 X 8\/6gb\/gddr6\/estandar\/2hdmi\/1xdp\/dl-dvi-d X 1gama Media \/gamer\" \/>\n<meta property=\"og:description\" content=\"Compra Geforce Rtx 3050 Ventus 2x 6g Oc Tarjeta De Video Msi Nvidia Geforce Rtx 3050 Oc Pcie4 X 8\/6gb\/gddr6\/estandar\/2hdmi\/1xdp\/dl-dvi-d X 1gama Media \/gamer + Env\u00edo a domicilio + Pago seguro + Garant\u00eda\" \/>\n<meta property=\"og:url\" content=\"https:\/\/compuviper.mx\/tienda\/producto\/msi-oem-geforce-rtx-3050-ventus-2x-6g-oc-tarjeta-de-video-msi-nvidia-geforce-rtx-3050-oc-pcie4-x-8-6gb-gddr6-estandar-2hdmi-1xdp-dl-dvi-d-x-1gama-media-gamer\/\" \/>\n<meta property=\"og:site_name\" content=\"Compuviper\" \/>\n<meta property=\"article:publisher\" content=\"https:\/\/www.facebook.com\/compuviper\" \/>\n<meta property=\"og:image\" content=\"https:\/\/compuviper.mx\/tienda\/wp-content\/uploads\/2026\/04\/Tarjeta-de-video-msi-nvidia-geforce-rtx-3050-oc-pcie4-x-86gbgddr6estandar2hdmi1xdpdl-dvi-d-x-1gama-media-gamer.jpg\" \/>\n\t<meta property=\"og:image:width\" content=\"200\" \/>\n\t<meta property=\"og:image:height\" content=\"200\" \/>\n\t<meta property=\"og:image:type\" content=\"image\/jpeg\" \/>\n<meta name=\"twitter:card\" content=\"summary_large_image\" \/>\n<meta name=\"twitter:label1\" content=\"Precio\" \/>\n\t<meta name=\"twitter:data1\" content=\"&#36;3,708 con IVA\" \/>\n\t<meta name=\"twitter:label2\" content=\"Availability\" \/>\n\t<meta name=\"twitter:data2\" content=\"In stock\" \/>\n<script type=\"application\/ld+json\" class=\"yoast-schema-graph\">{\"@context\":\"https:\/\/schema.org\",\"@graph\":[{\"@type\":\"WebPage\",\"@id\":\"https:\/\/compuviper.mx\/tienda\/producto\/msi-oem-geforce-rtx-3050-ventus-2x-6g-oc-tarjeta-de-video-msi-nvidia-geforce-rtx-3050-oc-pcie4-x-8-6gb-gddr6-estandar-2hdmi-1xdp-dl-dvi-d-x-1gama-media-gamer\/\",\"url\":\"https:\/\/compuviper.mx\/tienda\/producto\/msi-oem-geforce-rtx-3050-ventus-2x-6g-oc-tarjeta-de-video-msi-nvidia-geforce-rtx-3050-oc-pcie4-x-8-6gb-gddr6-estandar-2hdmi-1xdp-dl-dvi-d-x-1gama-media-gamer\/\",\"name\":\"[ Msi Oem ] &#129351; Geforce Rtx 3050 Ventus 2x 6g Oc Tarjeta De Video Msi Nvidia Geforce Rtx 3050 Oc Pcie4 X 8\/6gb\/gddr6\/estandar\/2hdmi\/1xdp\/dl-dvi-d X 1gama Media \/gamer\",\"isPartOf\":{\"@id\":\"https:\/\/compuviper.mx\/tienda\/#website\"},\"datePublished\":\"2026-04-14T08:24:16+00:00\",\"dateModified\":\"2026-04-14T08:24:16+00:00\",\"description\":\"Compra Geforce Rtx 3050 Ventus 2x 6g Oc Tarjeta De Video Msi Nvidia Geforce Rtx 3050 Oc Pcie4 X 8\/6gb\/gddr6\/estandar\/2hdmi\/1xdp\/dl-dvi-d X 1gama Media \/gamer + Env\u00edo a domicilio + Pago seguro + Garant\u00eda\",\"breadcrumb\":{\"@id\":\"https:\/\/compuviper.mx\/tienda\/producto\/msi-oem-geforce-rtx-3050-ventus-2x-6g-oc-tarjeta-de-video-msi-nvidia-geforce-rtx-3050-oc-pcie4-x-8-6gb-gddr6-estandar-2hdmi-1xdp-dl-dvi-d-x-1gama-media-gamer\/#breadcrumb\"},\"inLanguage\":\"es-MX\",\"potentialAction\":[{\"@type\":\"ReadAction\",\"target\":[\"https:\/\/compuviper.mx\/tienda\/producto\/msi-oem-geforce-rtx-3050-ventus-2x-6g-oc-tarjeta-de-video-msi-nvidia-geforce-rtx-3050-oc-pcie4-x-8-6gb-gddr6-estandar-2hdmi-1xdp-dl-dvi-d-x-1gama-media-gamer\/\"]}]},{\"@type\":\"BreadcrumbList\",\"@id\":\"https:\/\/compuviper.mx\/tienda\/producto\/msi-oem-geforce-rtx-3050-ventus-2x-6g-oc-tarjeta-de-video-msi-nvidia-geforce-rtx-3050-oc-pcie4-x-8-6gb-gddr6-estandar-2hdmi-1xdp-dl-dvi-d-x-1gama-media-gamer\/#breadcrumb\",\"itemListElement\":[{\"@type\":\"ListItem\",\"position\":1,\"name\":\"Inicio\",\"item\":\"https:\/\/compuviper.mx\/tienda\/\"},{\"@type\":\"ListItem\",\"position\":2,\"name\":\"Productos\",\"item\":\"https:\/\/compuviper.mx\/tienda\/productos\/\"},{\"@type\":\"ListItem\",\"position\":3,\"name\":\"Msi Oem Geforce Rtx 3050 Ventus 2x 6g Oc Tarjeta De Video Msi Nvidia Geforce Rtx 3050 Oc Pcie4 X 8\/6gb\/gddr6\/estandar\/2hdmi\/1xdp\/dl-dvi-d X 1gama Media \/gamer\"}]},{\"@type\":\"WebSite\",\"@id\":\"https:\/\/compuviper.mx\/tienda\/#website\",\"url\":\"https:\/\/compuviper.mx\/tienda\/\",\"name\":\"Compuviper\",\"description\":\"Proveedor de Computadoras, Laptops, Servidores, Monitores, Puntos de Venta, Teclados,   Impresoras, T\u00f3ner, C\u00e1maras de Seguridad y m\u00e1s en tu tienda en l\u00ednea\",\"publisher\":{\"@id\":\"https:\/\/compuviper.mx\/tienda\/#organization\"},\"potentialAction\":[{\"@type\":\"SearchAction\",\"target\":{\"@type\":\"EntryPoint\",\"urlTemplate\":\"https:\/\/compuviper.mx\/tienda\/?s={search_term_string}\"},\"query-input\":\"required name=search_term_string\"}],\"inLanguage\":\"es-MX\"},{\"@type\":\"Organization\",\"@id\":\"https:\/\/compuviper.mx\/tienda\/#organization\",\"name\":\"Compuviper\",\"url\":\"https:\/\/compuviper.mx\/tienda\/\",\"logo\":{\"@type\":\"ImageObject\",\"inLanguage\":\"es-MX\",\"@id\":\"https:\/\/compuviper.mx\/tienda\/#\/schema\/logo\/image\/\",\"url\":\"https:\/\/compuviper.mx\/tienda\/wp-content\/uploads\/2021\/08\/Logo-Compuviper-10.png\",\"contentUrl\":\"https:\/\/compuviper.mx\/tienda\/wp-content\/uploads\/2021\/08\/Logo-Compuviper-10.png\",\"width\":1000,\"height\":500,\"caption\":\"Compuviper\"},\"image\":{\"@id\":\"https:\/\/compuviper.mx\/tienda\/#\/schema\/logo\/image\/\"},\"sameAs\":[\"https:\/\/www.facebook.com\/compuviper\",\"https:\/\/www.youtube.com\/channel\/UCf73dERp9Y3cfOq7q8BhLjA?view_as=subscriber\"]}]}<\/script>\n<meta property=\"product:brand\" content=\"Msi Oem\" \/>\n<meta property=\"product:price:amount\" content=\"3708\" \/>\n<meta property=\"product:price:currency\" content=\"MXN\" \/>\n<meta property=\"og:availability\" content=\"instock\" \/>\n<meta property=\"product:availability\" content=\"instock\" \/>\n<meta property=\"product:retailer_item_id\" content=\"GEFORCE RTX 3050 VENTUS 2X 6G OC\" \/>\n<meta property=\"product:condition\" content=\"new\" \/>\n<!-- \/ Yoast SEO plugin. -->","yoast_head_json":{"title":"[ Msi Oem ] &#129351; Geforce Rtx 3050 Ventus 2x 6g Oc Tarjeta De Video Msi Nvidia Geforce Rtx 3050 Oc Pcie4 X 8\/6gb\/gddr6\/estandar\/2hdmi\/1xdp\/dl-dvi-d X 1gama Media \/gamer","description":"Compra Geforce Rtx 3050 Ventus 2x 6g Oc Tarjeta De Video Msi Nvidia Geforce Rtx 3050 Oc Pcie4 X 8\/6gb\/gddr6\/estandar\/2hdmi\/1xdp\/dl-dvi-d X 1gama Media \/gamer + Env\u00edo a domicilio + Pago seguro + Garant\u00eda","robots":{"index":"index","follow":"follow","max-snippet":"max-snippet:-1","max-image-preview":"max-image-preview:large","max-video-preview":"max-video-preview:-1"},"canonical":"https:\/\/compuviper.mx\/tienda\/producto\/msi-oem-geforce-rtx-3050-ventus-2x-6g-oc-tarjeta-de-video-msi-nvidia-geforce-rtx-3050-oc-pcie4-x-8-6gb-gddr6-estandar-2hdmi-1xdp-dl-dvi-d-x-1gama-media-gamer\/","og_locale":"es_MX","og_type":"article","og_title":"[ Msi Oem ] &#129351; Geforce Rtx 3050 Ventus 2x 6g Oc Tarjeta De Video Msi Nvidia Geforce Rtx 3050 Oc Pcie4 X 8\/6gb\/gddr6\/estandar\/2hdmi\/1xdp\/dl-dvi-d X 1gama Media \/gamer","og_description":"Compra Geforce Rtx 3050 Ventus 2x 6g Oc Tarjeta De Video Msi Nvidia Geforce Rtx 3050 Oc Pcie4 X 8\/6gb\/gddr6\/estandar\/2hdmi\/1xdp\/dl-dvi-d X 1gama Media \/gamer + Env\u00edo a domicilio + Pago seguro + Garant\u00eda","og_url":"https:\/\/compuviper.mx\/tienda\/producto\/msi-oem-geforce-rtx-3050-ventus-2x-6g-oc-tarjeta-de-video-msi-nvidia-geforce-rtx-3050-oc-pcie4-x-8-6gb-gddr6-estandar-2hdmi-1xdp-dl-dvi-d-x-1gama-media-gamer\/","og_site_name":"Compuviper","article_publisher":"https:\/\/www.facebook.com\/compuviper","og_image":[{"width":200,"height":200,"url":"https:\/\/compuviper.mx\/tienda\/wp-content\/uploads\/2026\/04\/Tarjeta-de-video-msi-nvidia-geforce-rtx-3050-oc-pcie4-x-86gbgddr6estandar2hdmi1xdpdl-dvi-d-x-1gama-media-gamer.jpg","type":"image\/jpeg"}],"twitter_card":"summary_large_image","twitter_misc":{"Precio":"&#36;3,708 con IVA","Availability":"In stock"},"schema":{"@context":"https:\/\/schema.org","@graph":[{"@type":"WebPage","@id":"https:\/\/compuviper.mx\/tienda\/producto\/msi-oem-geforce-rtx-3050-ventus-2x-6g-oc-tarjeta-de-video-msi-nvidia-geforce-rtx-3050-oc-pcie4-x-8-6gb-gddr6-estandar-2hdmi-1xdp-dl-dvi-d-x-1gama-media-gamer\/","url":"https:\/\/compuviper.mx\/tienda\/producto\/msi-oem-geforce-rtx-3050-ventus-2x-6g-oc-tarjeta-de-video-msi-nvidia-geforce-rtx-3050-oc-pcie4-x-8-6gb-gddr6-estandar-2hdmi-1xdp-dl-dvi-d-x-1gama-media-gamer\/","name":"[ Msi Oem ] &#129351; Geforce Rtx 3050 Ventus 2x 6g Oc Tarjeta De Video Msi Nvidia Geforce Rtx 3050 Oc Pcie4 X 8\/6gb\/gddr6\/estandar\/2hdmi\/1xdp\/dl-dvi-d X 1gama Media \/gamer","isPartOf":{"@id":"https:\/\/compuviper.mx\/tienda\/#website"},"datePublished":"2026-04-14T08:24:16+00:00","dateModified":"2026-04-14T08:24:16+00:00","description":"Compra Geforce Rtx 3050 Ventus 2x 6g Oc Tarjeta De Video Msi Nvidia Geforce Rtx 3050 Oc Pcie4 X 8\/6gb\/gddr6\/estandar\/2hdmi\/1xdp\/dl-dvi-d X 1gama Media \/gamer + Env\u00edo a domicilio + Pago seguro + Garant\u00eda","breadcrumb":{"@id":"https:\/\/compuviper.mx\/tienda\/producto\/msi-oem-geforce-rtx-3050-ventus-2x-6g-oc-tarjeta-de-video-msi-nvidia-geforce-rtx-3050-oc-pcie4-x-8-6gb-gddr6-estandar-2hdmi-1xdp-dl-dvi-d-x-1gama-media-gamer\/#breadcrumb"},"inLanguage":"es-MX","potentialAction":[{"@type":"ReadAction","target":["https:\/\/compuviper.mx\/tienda\/producto\/msi-oem-geforce-rtx-3050-ventus-2x-6g-oc-tarjeta-de-video-msi-nvidia-geforce-rtx-3050-oc-pcie4-x-8-6gb-gddr6-estandar-2hdmi-1xdp-dl-dvi-d-x-1gama-media-gamer\/"]}]},{"@type":"BreadcrumbList","@id":"https:\/\/compuviper.mx\/tienda\/producto\/msi-oem-geforce-rtx-3050-ventus-2x-6g-oc-tarjeta-de-video-msi-nvidia-geforce-rtx-3050-oc-pcie4-x-8-6gb-gddr6-estandar-2hdmi-1xdp-dl-dvi-d-x-1gama-media-gamer\/#breadcrumb","itemListElement":[{"@type":"ListItem","position":1,"name":"Inicio","item":"https:\/\/compuviper.mx\/tienda\/"},{"@type":"ListItem","position":2,"name":"Productos","item":"https:\/\/compuviper.mx\/tienda\/productos\/"},{"@type":"ListItem","position":3,"name":"Msi Oem Geforce Rtx 3050 Ventus 2x 6g Oc Tarjeta De Video Msi Nvidia Geforce Rtx 3050 Oc Pcie4 X 8\/6gb\/gddr6\/estandar\/2hdmi\/1xdp\/dl-dvi-d X 1gama Media \/gamer"}]},{"@type":"WebSite","@id":"https:\/\/compuviper.mx\/tienda\/#website","url":"https:\/\/compuviper.mx\/tienda\/","name":"Compuviper","description":"Proveedor de Computadoras, Laptops, Servidores, Monitores, Puntos de Venta, Teclados,   Impresoras, T\u00f3ner, C\u00e1maras de Seguridad y m\u00e1s en tu tienda en l\u00ednea","publisher":{"@id":"https:\/\/compuviper.mx\/tienda\/#organization"},"potentialAction":[{"@type":"SearchAction","target":{"@type":"EntryPoint","urlTemplate":"https:\/\/compuviper.mx\/tienda\/?s={search_term_string}"},"query-input":"required name=search_term_string"}],"inLanguage":"es-MX"},{"@type":"Organization","@id":"https:\/\/compuviper.mx\/tienda\/#organization","name":"Compuviper","url":"https:\/\/compuviper.mx\/tienda\/","logo":{"@type":"ImageObject","inLanguage":"es-MX","@id":"https:\/\/compuviper.mx\/tienda\/#\/schema\/logo\/image\/","url":"https:\/\/compuviper.mx\/tienda\/wp-content\/uploads\/2021\/08\/Logo-Compuviper-10.png","contentUrl":"https:\/\/compuviper.mx\/tienda\/wp-content\/uploads\/2021\/08\/Logo-Compuviper-10.png","width":1000,"height":500,"caption":"Compuviper"},"image":{"@id":"https:\/\/compuviper.mx\/tienda\/#\/schema\/logo\/image\/"},"sameAs":["https:\/\/www.facebook.com\/compuviper","https:\/\/www.youtube.com\/channel\/UCf73dERp9Y3cfOq7q8BhLjA?view_as=subscriber"]}]},"product_brand":"Msi Oem","product_price_amount":"3708","product_price_currency":"MXN","og_availability":"instock","product_availability":"instock","product_retailer_item_id":"GEFORCE RTX 3050 VENTUS 2X 6G OC","product_condition":"new"},"_links":{"self":[{"href":"https:\/\/compuviper.mx\/tienda\/wp-json\/wp\/v2\/product\/268725"}],"collection":[{"href":"https:\/\/compuviper.mx\/tienda\/wp-json\/wp\/v2\/product"}],"about":[{"href":"https:\/\/compuviper.mx\/tienda\/wp-json\/wp\/v2\/types\/product"}],"replies":[{"embeddable":true,"href":"https:\/\/compuviper.mx\/tienda\/wp-json\/wp\/v2\/comments?post=268725"}],"wp:featuredmedia":[{"embeddable":true,"href":"https:\/\/compuviper.mx\/tienda\/wp-json\/wp\/v2\/media\/268726"}],"wp:attachment":[{"href":"https:\/\/compuviper.mx\/tienda\/wp-json\/wp\/v2\/media?parent=268725"}],"wp:term":[{"taxonomy":"product_cat","embeddable":true,"href":"https:\/\/compuviper.mx\/tienda\/wp-json\/wp\/v2\/product_cat?post=268725"},{"taxonomy":"product_tag","embeddable":true,"href":"https:\/\/compuviper.mx\/tienda\/wp-json\/wp\/v2\/product_tag?post=268725"}],"curies":[{"name":"wp","href":"https:\/\/api.w.org\/{rel}","templated":true}]}}