{"id":268724,"date":"2026-04-14T02:20:10","date_gmt":"2026-04-14T08:20:10","guid":{"rendered":"https:\/\/compuviper.mx\/tienda\/producto\/microsoft-dg7gmgf0pp490001commercial-csp-windows-11-iot-enterprise-ltsc-2024-com-perpetua\/"},"modified":"2026-04-14T02:20:10","modified_gmt":"2026-04-14T08:20:10","slug":"microsoft-dg7gmgf0pp490001commercial-csp-windows-11-iot-enterprise-ltsc-2024-com-perpetua","status":"publish","type":"product","link":"https:\/\/compuviper.mx\/tienda\/producto\/microsoft-dg7gmgf0pp490001commercial-csp-windows-11-iot-enterprise-ltsc-2024-com-perpetua\/","title":{"rendered":"Microsoft Dg7gmgf0pp49:0001:commercial  Csp Windows 11 Iot Enterprise Ltsc 2024 &#8211; Com Perpetua"},"content":{"rendered":"<table class=\"descripcion\">\n<tr>\n<td>Nota: lee atentamente la siguiente informacin antes de proseguir con la descarga.<\/td>\n<\/tr>\n<tr>\n<td>1.consulta los requisitos de hardware y procesador de windows 11 iot enterprise ltsc.<\/td>\n<\/tr>\n<tr>\n<td>2.regstrate y descarga la evaluacin de 90 das<\/td>\n<\/tr>\n<tr>\n<td>3.no intentes actualizar una versin anterior de windows con este software. est\u00e1s pensado para ser un reemplazo en el que se volver\u00e1 a formatear la unidad de disco duro durante la instalacin.<\/td>\n<\/tr>\n<tr>\n<td>4.instalar el software completo para una evaluacin de 90 das en una m\u00e1quina virtual mediante el archivo iso o instalarlo desde usb flash<\/td>\n<\/tr>\n<tr>\n<td>5.revisa los recursos relacionados que te guiar\u00e1n a lo largo de la evaluacin.<\/td>\n<\/tr>\n<tr>\n<td>Que debes saber<\/td>\n<\/tr>\n<tr>\n<td>\u0095windows 11 iot enterprise ltsc se basa en la base de cdigo windows 10\/11, por lo que es compatible de forma nativa con el software y las soluciones que usa actualmente. si se produce un problema de compatibilidad con una aplicacin de microsoft, una aplicacin de proveedor de software independiente isv o una aplicacin de lnea de negocio lob interna personalizada, app assure puede ayudarle.<\/td>\n<\/tr>\n<tr>\n<td>\u0095la descarga de ltsc de windows 11 iot enterprise podra tardar unas horas. el tiempo exacto depender\u00e1 del proveedor, del ancho de banda y del tr\u00e1fico pueden aplicarse tarifas por parte de su proveedor de acceso a internet.<\/td>\n<\/tr>\n<tr>\n<td>\u0095para obtener la informacin m\u00e1s reciente sobre windows 11 iot enterprise ltsc, consulte  documentacin de windows iot enterprise<\/td>\n<\/tr>\n<tr>\n<td>\u0095si eres un fabricante de dispositivos y quieres comprar licencias para tus dispositivos, ponte en contacto con uno de nuestros distribuidores autorizados de windows iot para obtener ayuda. son un excelente recurso para ayudarte con tus planes de comercializacin<\/td>\n<\/tr>\n<\/table>\n","protected":false},"excerpt":{"rendered":"<p>Windows 11 iot enterprise ltsc est\u00e1 pensado para dispositivos de uso especial y de funcin fija que requieren un largo ciclo de vida de soporte tcnico de 10 aos. Estos dispositivos suelen encontrarse en sectores como la banca, los restaurantes de comida r\u00e1pida, la asistencia sanitaria, la restauracin, la fabricacin y el comercio minorista. Windows iot enterprise ltsc se basa en la misma base que windows professional y windows enterprise, lo que proporciona las mismas funcionalidades de compatibilidad, seguridad y administracin necesarias para las implementaciones comerciales. Windows 11 iot enterprise ltsc proporciona funcionalidades adicionales para bloquear la experiencia del dispositivo en escenarios orientados al pblico o a los empleados, junto con la capacidad de personalizar la superficie del sistema operativo. Windows 11 iot enterprise ltsc est\u00e1 disponible para las arquitecturas x64 y arm64. Para obtener m\u00e1s informacin, consulte evaluacin de windows 11 iot enterprise ltsc.<\/p>\n","protected":false},"featured_media":0,"comment_status":"open","ping_status":"open","template":"","meta":[],"product_cat":[1827,2108],"product_tag":[1831],"acf":[],"yoast_head":"<!-- This site is optimized with the Yoast SEO plugin v21.7 - https:\/\/yoast.com\/wordpress\/plugins\/seo\/ -->\n<title>[ Microsoft ] &#129351; Dg7gmgf0pp49:0001:commercial Csp Windows 11 Iot Enterprise Ltsc 2024 - Com Perpetua<\/title>\n<meta name=\"description\" content=\"Compra Dg7gmgf0pp49:0001:commercial Csp Windows 11 Iot Enterprise Ltsc 2024 - Com Perpetua + Env\u00edo a domicilio + Pago seguro + Garant\u00eda\" \/>\n<meta name=\"robots\" content=\"index, follow, max-snippet:-1, max-image-preview:large, max-video-preview:-1\" \/>\n<link rel=\"canonical\" href=\"https:\/\/compuviper.mx\/tienda\/producto\/microsoft-dg7gmgf0pp490001commercial-csp-windows-11-iot-enterprise-ltsc-2024-com-perpetua\/\" \/>\n<meta property=\"og:locale\" content=\"es_MX\" \/>\n<meta property=\"og:type\" content=\"article\" \/>\n<meta property=\"og:title\" content=\"[ Microsoft ] &#129351; Dg7gmgf0pp49:0001:commercial Csp Windows 11 Iot Enterprise Ltsc 2024 - Com Perpetua\" \/>\n<meta property=\"og:description\" content=\"Compra Dg7gmgf0pp49:0001:commercial Csp Windows 11 Iot Enterprise Ltsc 2024 - Com Perpetua + Env\u00edo a domicilio + Pago seguro + Garant\u00eda\" \/>\n<meta property=\"og:url\" content=\"https:\/\/compuviper.mx\/tienda\/producto\/microsoft-dg7gmgf0pp490001commercial-csp-windows-11-iot-enterprise-ltsc-2024-com-perpetua\/\" \/>\n<meta property=\"og:site_name\" content=\"Compuviper\" \/>\n<meta property=\"article:publisher\" content=\"https:\/\/www.facebook.com\/compuviper\" \/>\n<meta name=\"twitter:card\" content=\"summary_large_image\" \/>\n<meta name=\"twitter:label1\" content=\"Precio\" \/>\n\t<meta name=\"twitter:data1\" content=\"&#36;6,031 con IVA\" \/>\n\t<meta name=\"twitter:label2\" content=\"Availability\" \/>\n\t<meta name=\"twitter:data2\" content=\"On backorder\" \/>\n<script type=\"application\/ld+json\" class=\"yoast-schema-graph\">{\"@context\":\"https:\/\/schema.org\",\"@graph\":[{\"@type\":\"WebPage\",\"@id\":\"https:\/\/compuviper.mx\/tienda\/producto\/microsoft-dg7gmgf0pp490001commercial-csp-windows-11-iot-enterprise-ltsc-2024-com-perpetua\/\",\"url\":\"https:\/\/compuviper.mx\/tienda\/producto\/microsoft-dg7gmgf0pp490001commercial-csp-windows-11-iot-enterprise-ltsc-2024-com-perpetua\/\",\"name\":\"[ Microsoft ] &#129351; Dg7gmgf0pp49:0001:commercial Csp Windows 11 Iot Enterprise Ltsc 2024 - Com Perpetua\",\"isPartOf\":{\"@id\":\"https:\/\/compuviper.mx\/tienda\/#website\"},\"datePublished\":\"2026-04-14T08:20:10+00:00\",\"dateModified\":\"2026-04-14T08:20:10+00:00\",\"description\":\"Compra Dg7gmgf0pp49:0001:commercial Csp Windows 11 Iot Enterprise Ltsc 2024 - Com Perpetua + Env\u00edo a domicilio + Pago seguro + Garant\u00eda\",\"breadcrumb\":{\"@id\":\"https:\/\/compuviper.mx\/tienda\/producto\/microsoft-dg7gmgf0pp490001commercial-csp-windows-11-iot-enterprise-ltsc-2024-com-perpetua\/#breadcrumb\"},\"inLanguage\":\"es-MX\",\"potentialAction\":[{\"@type\":\"ReadAction\",\"target\":[\"https:\/\/compuviper.mx\/tienda\/producto\/microsoft-dg7gmgf0pp490001commercial-csp-windows-11-iot-enterprise-ltsc-2024-com-perpetua\/\"]}]},{\"@type\":\"BreadcrumbList\",\"@id\":\"https:\/\/compuviper.mx\/tienda\/producto\/microsoft-dg7gmgf0pp490001commercial-csp-windows-11-iot-enterprise-ltsc-2024-com-perpetua\/#breadcrumb\",\"itemListElement\":[{\"@type\":\"ListItem\",\"position\":1,\"name\":\"Inicio\",\"item\":\"https:\/\/compuviper.mx\/tienda\/\"},{\"@type\":\"ListItem\",\"position\":2,\"name\":\"Productos\",\"item\":\"https:\/\/compuviper.mx\/tienda\/productos\/\"},{\"@type\":\"ListItem\",\"position\":3,\"name\":\"Microsoft Dg7gmgf0pp49:0001:commercial Csp Windows 11 Iot Enterprise Ltsc 2024 &#8211; Com Perpetua\"}]},{\"@type\":\"WebSite\",\"@id\":\"https:\/\/compuviper.mx\/tienda\/#website\",\"url\":\"https:\/\/compuviper.mx\/tienda\/\",\"name\":\"Compuviper\",\"description\":\"Proveedor de Computadoras, Laptops, Servidores, Monitores, Puntos de Venta, Teclados,   Impresoras, T\u00f3ner, C\u00e1maras de Seguridad y m\u00e1s en tu tienda en l\u00ednea\",\"publisher\":{\"@id\":\"https:\/\/compuviper.mx\/tienda\/#organization\"},\"potentialAction\":[{\"@type\":\"SearchAction\",\"target\":{\"@type\":\"EntryPoint\",\"urlTemplate\":\"https:\/\/compuviper.mx\/tienda\/?s={search_term_string}\"},\"query-input\":\"required name=search_term_string\"}],\"inLanguage\":\"es-MX\"},{\"@type\":\"Organization\",\"@id\":\"https:\/\/compuviper.mx\/tienda\/#organization\",\"name\":\"Compuviper\",\"url\":\"https:\/\/compuviper.mx\/tienda\/\",\"logo\":{\"@type\":\"ImageObject\",\"inLanguage\":\"es-MX\",\"@id\":\"https:\/\/compuviper.mx\/tienda\/#\/schema\/logo\/image\/\",\"url\":\"https:\/\/compuviper.mx\/tienda\/wp-content\/uploads\/2021\/08\/Logo-Compuviper-10.png\",\"contentUrl\":\"https:\/\/compuviper.mx\/tienda\/wp-content\/uploads\/2021\/08\/Logo-Compuviper-10.png\",\"width\":1000,\"height\":500,\"caption\":\"Compuviper\"},\"image\":{\"@id\":\"https:\/\/compuviper.mx\/tienda\/#\/schema\/logo\/image\/\"},\"sameAs\":[\"https:\/\/www.facebook.com\/compuviper\",\"https:\/\/www.youtube.com\/channel\/UCf73dERp9Y3cfOq7q8BhLjA?view_as=subscriber\"]}]}<\/script>\n<meta property=\"product:brand\" content=\"MICROSOFT\" \/>\n<meta property=\"product:price:amount\" content=\"6031\" \/>\n<meta property=\"product:price:currency\" content=\"MXN\" \/>\n<meta property=\"og:availability\" content=\"backorder\" \/>\n<meta property=\"product:availability\" content=\"available for order\" \/>\n<meta property=\"product:retailer_item_id\" content=\"DG7GMGF0PP49:0001:COMMERCIAL\" \/>\n<meta property=\"product:condition\" content=\"new\" \/>\n<!-- \/ Yoast SEO plugin. -->","yoast_head_json":{"title":"[ Microsoft ] &#129351; Dg7gmgf0pp49:0001:commercial Csp Windows 11 Iot Enterprise Ltsc 2024 - Com Perpetua","description":"Compra Dg7gmgf0pp49:0001:commercial Csp Windows 11 Iot Enterprise Ltsc 2024 - Com Perpetua + Env\u00edo a domicilio + Pago seguro + Garant\u00eda","robots":{"index":"index","follow":"follow","max-snippet":"max-snippet:-1","max-image-preview":"max-image-preview:large","max-video-preview":"max-video-preview:-1"},"canonical":"https:\/\/compuviper.mx\/tienda\/producto\/microsoft-dg7gmgf0pp490001commercial-csp-windows-11-iot-enterprise-ltsc-2024-com-perpetua\/","og_locale":"es_MX","og_type":"article","og_title":"[ Microsoft ] &#129351; Dg7gmgf0pp49:0001:commercial Csp Windows 11 Iot Enterprise Ltsc 2024 - Com Perpetua","og_description":"Compra Dg7gmgf0pp49:0001:commercial Csp Windows 11 Iot Enterprise Ltsc 2024 - Com Perpetua + Env\u00edo a domicilio + Pago seguro + Garant\u00eda","og_url":"https:\/\/compuviper.mx\/tienda\/producto\/microsoft-dg7gmgf0pp490001commercial-csp-windows-11-iot-enterprise-ltsc-2024-com-perpetua\/","og_site_name":"Compuviper","article_publisher":"https:\/\/www.facebook.com\/compuviper","twitter_card":"summary_large_image","twitter_misc":{"Precio":"&#36;6,031 con IVA","Availability":"On backorder"},"schema":{"@context":"https:\/\/schema.org","@graph":[{"@type":"WebPage","@id":"https:\/\/compuviper.mx\/tienda\/producto\/microsoft-dg7gmgf0pp490001commercial-csp-windows-11-iot-enterprise-ltsc-2024-com-perpetua\/","url":"https:\/\/compuviper.mx\/tienda\/producto\/microsoft-dg7gmgf0pp490001commercial-csp-windows-11-iot-enterprise-ltsc-2024-com-perpetua\/","name":"[ Microsoft ] &#129351; Dg7gmgf0pp49:0001:commercial Csp Windows 11 Iot Enterprise Ltsc 2024 - Com Perpetua","isPartOf":{"@id":"https:\/\/compuviper.mx\/tienda\/#website"},"datePublished":"2026-04-14T08:20:10+00:00","dateModified":"2026-04-14T08:20:10+00:00","description":"Compra Dg7gmgf0pp49:0001:commercial Csp Windows 11 Iot Enterprise Ltsc 2024 - Com Perpetua + Env\u00edo a domicilio + Pago seguro + Garant\u00eda","breadcrumb":{"@id":"https:\/\/compuviper.mx\/tienda\/producto\/microsoft-dg7gmgf0pp490001commercial-csp-windows-11-iot-enterprise-ltsc-2024-com-perpetua\/#breadcrumb"},"inLanguage":"es-MX","potentialAction":[{"@type":"ReadAction","target":["https:\/\/compuviper.mx\/tienda\/producto\/microsoft-dg7gmgf0pp490001commercial-csp-windows-11-iot-enterprise-ltsc-2024-com-perpetua\/"]}]},{"@type":"BreadcrumbList","@id":"https:\/\/compuviper.mx\/tienda\/producto\/microsoft-dg7gmgf0pp490001commercial-csp-windows-11-iot-enterprise-ltsc-2024-com-perpetua\/#breadcrumb","itemListElement":[{"@type":"ListItem","position":1,"name":"Inicio","item":"https:\/\/compuviper.mx\/tienda\/"},{"@type":"ListItem","position":2,"name":"Productos","item":"https:\/\/compuviper.mx\/tienda\/productos\/"},{"@type":"ListItem","position":3,"name":"Microsoft Dg7gmgf0pp49:0001:commercial Csp Windows 11 Iot Enterprise Ltsc 2024 &#8211; Com Perpetua"}]},{"@type":"WebSite","@id":"https:\/\/compuviper.mx\/tienda\/#website","url":"https:\/\/compuviper.mx\/tienda\/","name":"Compuviper","description":"Proveedor de Computadoras, Laptops, Servidores, Monitores, Puntos de Venta, Teclados,   Impresoras, T\u00f3ner, C\u00e1maras de Seguridad y m\u00e1s en tu tienda en l\u00ednea","publisher":{"@id":"https:\/\/compuviper.mx\/tienda\/#organization"},"potentialAction":[{"@type":"SearchAction","target":{"@type":"EntryPoint","urlTemplate":"https:\/\/compuviper.mx\/tienda\/?s={search_term_string}"},"query-input":"required name=search_term_string"}],"inLanguage":"es-MX"},{"@type":"Organization","@id":"https:\/\/compuviper.mx\/tienda\/#organization","name":"Compuviper","url":"https:\/\/compuviper.mx\/tienda\/","logo":{"@type":"ImageObject","inLanguage":"es-MX","@id":"https:\/\/compuviper.mx\/tienda\/#\/schema\/logo\/image\/","url":"https:\/\/compuviper.mx\/tienda\/wp-content\/uploads\/2021\/08\/Logo-Compuviper-10.png","contentUrl":"https:\/\/compuviper.mx\/tienda\/wp-content\/uploads\/2021\/08\/Logo-Compuviper-10.png","width":1000,"height":500,"caption":"Compuviper"},"image":{"@id":"https:\/\/compuviper.mx\/tienda\/#\/schema\/logo\/image\/"},"sameAs":["https:\/\/www.facebook.com\/compuviper","https:\/\/www.youtube.com\/channel\/UCf73dERp9Y3cfOq7q8BhLjA?view_as=subscriber"]}]},"product_brand":"MICROSOFT","product_price_amount":"6031","product_price_currency":"MXN","og_availability":"backorder","product_availability":"available for order","product_retailer_item_id":"DG7GMGF0PP49:0001:COMMERCIAL","product_condition":"new"},"_links":{"self":[{"href":"https:\/\/compuviper.mx\/tienda\/wp-json\/wp\/v2\/product\/268724"}],"collection":[{"href":"https:\/\/compuviper.mx\/tienda\/wp-json\/wp\/v2\/product"}],"about":[{"href":"https:\/\/compuviper.mx\/tienda\/wp-json\/wp\/v2\/types\/product"}],"replies":[{"embeddable":true,"href":"https:\/\/compuviper.mx\/tienda\/wp-json\/wp\/v2\/comments?post=268724"}],"wp:attachment":[{"href":"https:\/\/compuviper.mx\/tienda\/wp-json\/wp\/v2\/media?parent=268724"}],"wp:term":[{"taxonomy":"product_cat","embeddable":true,"href":"https:\/\/compuviper.mx\/tienda\/wp-json\/wp\/v2\/product_cat?post=268724"},{"taxonomy":"product_tag","embeddable":true,"href":"https:\/\/compuviper.mx\/tienda\/wp-json\/wp\/v2\/product_tag?post=268724"}],"curies":[{"name":"wp","href":"https:\/\/api.w.org\/{rel}","templated":true}]}}