{"id":268719,"date":"2026-04-16T01:59:52","date_gmt":"2026-04-16T07:59:52","guid":{"rendered":"https:\/\/compuviper.mx\/tienda\/producto\/hewlett-packard-enterprise-p91077-dm5-hpe-servidor-proliant-compute-dl380-gen12-6520p-1p-4x32gb-r-8sff-ns204i-u-v2-mr408i-o-2x1000w\/"},"modified":"2026-04-16T01:59:52","modified_gmt":"2026-04-16T07:59:52","slug":"hewlett-packard-enterprise-p91077-dm5-hpe-servidor-proliant-compute-dl380-gen12-6520p-1p-4x32gb-r-8sff-ns204i-u-v2-mr408i-o-2x1000w","status":"publish","type":"product","link":"https:\/\/compuviper.mx\/tienda\/producto\/hewlett-packard-enterprise-p91077-dm5-hpe-servidor-proliant-compute-dl380-gen12-6520p-1p-4x32gb-r-8sff-ns204i-u-v2-mr408i-o-2x1000w\/","title":{"rendered":"Hewlett Packard Enterprise P91077-dm5 Hpe Servidor Proliant Compute Dl380 Gen12 6520p 1p 4x32gb-r 8sff Ns204i-u V2 Mr408i-o 2x1000w"},"content":{"rendered":"<table class=\"descripcion\">\n<tr>\n<td>Ncleo de procesador disponible: 24 ncleos<\/td>\n<\/tr>\n<tr>\n<td>Cach de procesador: 144 mb l3<\/td>\n<\/tr>\n<tr>\n<td>Nombre del procesador: intel\u00ae xeon\u00ae 6520p 24 ncleos, 2,4 ghz, 144 mb l3, 210 w<\/td>\n<\/tr>\n<tr>\n<td>Nmero del procesador: 1 procesador incluido<\/td>\n<\/tr>\n<tr>\n<td>Velocidad del procesador: 2,40 ghz<\/td>\n<\/tr>\n<tr>\n<td>Tipo de memoria: hpe smart memory ddr5<\/td>\n<\/tr>\n<tr>\n<td>Unidades incluidas: no incluido de serie, 8 sff admitidas<\/td>\n<\/tr>\n<tr>\n<td>Tipo de unidad ptica: compatibilidad con dvd-rom opcional solamente a travs de la baha universal externa de soportes.<\/td>\n<\/tr>\n<tr>\n<td>Seguridad fsica: hpe tpm 2.0 est\u00e1ndar en la placa base. opcional: kit de bisel con cierre, kit de deteccin de intrusin. para conocer todas las funciones de seguridad, consulta las especificaciones r\u00e1pidas.<\/td>\n<\/tr>\n<tr>\n<td>Gestin de infraestructura: hpe ilo standard con aprovisionamiento inteligente integrado, hpe oneview standard requiere descarga est\u00e1ndar hpe ilo advanced, hpe oneview advanced opcional, requiere licencia y hpe compute ops management suscripcin opcional disponible consulta la gua de usuario de ilo 7<\/td>\n<\/tr>\n<tr>\n<td>Tipo de fuente de alimentacin: 2 kits de fuente hpe titanium hot-plug con ranura flexible de 1000 w<\/td>\n<\/tr>\n<tr>\n<td>Ranuras de expansin: hasta 8 pcie gen5 y 2 ocp 3.0 frontal o posterior para descripciones detalladas consulta las especificaciones r\u00e1pidas<\/td>\n<\/tr>\n<tr>\n<td>Controlador de red: adaptador broadcom bcm57416 ethernet 10 gb 2 puertos base-t para hpe<\/td>\n<\/tr>\n<tr>\n<td>Controlador de almacenamiento: controlador de almacenamiento hpe mr408i-o gen11 x8 lanes 4 gb de cach ocp spdm<\/td>\n<\/tr>\n<tr>\n<td>Dispositivo de almacenamiento de arranque optimizado hpe ns204i-u v2 480 gb nvme hot-plug<\/td>\n<\/tr>\n<tr>\n<td>Caractersticas de los ventiladores del sistema: 6 ventiladores de alto rend.<\/td>\n<\/tr>\n<tr>\n<td>Formato: rack 2u<\/td>\n<\/tr>\n<tr>\n<td>Garanta: 3\/3\/3: la garanta del servidor incluye tres aos de garanta en piezas, tres aos de mano de obra y tres aos de cobertura de soporte in situ. se encuentra disponible soporte y cobertura de servicio hpe adicional, para complementar la garanta del producto. para m\u00e1s informacin, visita https:\/\/www.hpe.com\/support.<\/td>\n<\/tr>\n<\/table>\n","protected":false},"excerpt":{"rendered":"<p>Hpe proliant compute dl380 gen12 es un servidor 2u 2p escalable que ofrece un rendimiento de computacin excelente, densidad de memoria con escalabilidad y una velocidad de transferencia de datos de alta velocidad para ejecutar las aplicaciones m\u00e1s exigentes. Cuenta con procesadores intel\u00ae xeon\u00ae 6 con hasta 144 ncleos y hasta 8 tb de memoria, as como 36 unidades edsff e3.S, haciendo del hpe proliant compute dl380 gen12 una plataforma de nube hbrida para aplicaciones y cargas de trabajo empresariales. Hpe proliant compute dl380 gen12 est\u00e1 diseado para el futuro, con seguridad de ltima generacin, rendimiento y eficiencias optimizadas, as como productividad automatizada impulsada por la ia.<\/p>\n","protected":false},"featured_media":0,"comment_status":"open","ping_status":"open","template":"","meta":[],"product_cat":[1808,1809],"product_tag":[1568],"acf":[],"yoast_head":"<!-- This site is optimized with the Yoast SEO plugin v21.7 - https:\/\/yoast.com\/wordpress\/plugins\/seo\/ -->\n<title>[ Hewlett Packard Enterprise ] &#129351; P91077-dm5 Hpe Servidor Proliant Compute Dl380 Gen12 6520p 1p 4x32gb-r 8sff Ns204i-u V2 Mr408i-o 2x1000w<\/title>\n<meta name=\"description\" content=\"Compra P91077-dm5 Hpe Servidor Proliant Compute Dl380 Gen12 6520p 1p 4x32gb-r 8sff Ns204i-u V2 Mr408i-o 2x1000w + Env\u00edo a domicilio + Pago seguro + Garant\u00eda\" \/>\n<meta name=\"robots\" content=\"index, follow, max-snippet:-1, max-image-preview:large, max-video-preview:-1\" \/>\n<link rel=\"canonical\" href=\"https:\/\/compuviper.mx\/tienda\/producto\/hewlett-packard-enterprise-p91077-dm5-hpe-servidor-proliant-compute-dl380-gen12-6520p-1p-4x32gb-r-8sff-ns204i-u-v2-mr408i-o-2x1000w\/\" \/>\n<meta property=\"og:locale\" content=\"es_MX\" \/>\n<meta property=\"og:type\" content=\"article\" \/>\n<meta property=\"og:title\" content=\"[ Hewlett Packard Enterprise ] &#129351; P91077-dm5 Hpe Servidor Proliant Compute Dl380 Gen12 6520p 1p 4x32gb-r 8sff Ns204i-u V2 Mr408i-o 2x1000w\" \/>\n<meta property=\"og:description\" content=\"Compra P91077-dm5 Hpe Servidor Proliant Compute Dl380 Gen12 6520p 1p 4x32gb-r 8sff Ns204i-u V2 Mr408i-o 2x1000w + Env\u00edo a domicilio + Pago seguro + Garant\u00eda\" \/>\n<meta property=\"og:url\" content=\"https:\/\/compuviper.mx\/tienda\/producto\/hewlett-packard-enterprise-p91077-dm5-hpe-servidor-proliant-compute-dl380-gen12-6520p-1p-4x32gb-r-8sff-ns204i-u-v2-mr408i-o-2x1000w\/\" \/>\n<meta property=\"og:site_name\" content=\"Compuviper\" \/>\n<meta property=\"article:publisher\" content=\"https:\/\/www.facebook.com\/compuviper\" \/>\n<meta name=\"twitter:card\" content=\"summary_large_image\" \/>\n<meta name=\"twitter:label1\" content=\"Precio\" \/>\n\t<meta name=\"twitter:data1\" content=\"&#36;291,907 con IVA\" \/>\n\t<meta name=\"twitter:label2\" content=\"Availability\" \/>\n\t<meta name=\"twitter:data2\" content=\"On backorder\" \/>\n<script type=\"application\/ld+json\" class=\"yoast-schema-graph\">{\"@context\":\"https:\/\/schema.org\",\"@graph\":[{\"@type\":\"WebPage\",\"@id\":\"https:\/\/compuviper.mx\/tienda\/producto\/hewlett-packard-enterprise-p91077-dm5-hpe-servidor-proliant-compute-dl380-gen12-6520p-1p-4x32gb-r-8sff-ns204i-u-v2-mr408i-o-2x1000w\/\",\"url\":\"https:\/\/compuviper.mx\/tienda\/producto\/hewlett-packard-enterprise-p91077-dm5-hpe-servidor-proliant-compute-dl380-gen12-6520p-1p-4x32gb-r-8sff-ns204i-u-v2-mr408i-o-2x1000w\/\",\"name\":\"[ Hewlett Packard Enterprise ] &#129351; P91077-dm5 Hpe Servidor Proliant Compute Dl380 Gen12 6520p 1p 4x32gb-r 8sff Ns204i-u V2 Mr408i-o 2x1000w\",\"isPartOf\":{\"@id\":\"https:\/\/compuviper.mx\/tienda\/#website\"},\"datePublished\":\"2026-04-16T07:59:52+00:00\",\"dateModified\":\"2026-04-16T07:59:52+00:00\",\"description\":\"Compra P91077-dm5 Hpe Servidor Proliant Compute Dl380 Gen12 6520p 1p 4x32gb-r 8sff Ns204i-u V2 Mr408i-o 2x1000w + Env\u00edo a domicilio + Pago seguro + Garant\u00eda\",\"breadcrumb\":{\"@id\":\"https:\/\/compuviper.mx\/tienda\/producto\/hewlett-packard-enterprise-p91077-dm5-hpe-servidor-proliant-compute-dl380-gen12-6520p-1p-4x32gb-r-8sff-ns204i-u-v2-mr408i-o-2x1000w\/#breadcrumb\"},\"inLanguage\":\"es-MX\",\"potentialAction\":[{\"@type\":\"ReadAction\",\"target\":[\"https:\/\/compuviper.mx\/tienda\/producto\/hewlett-packard-enterprise-p91077-dm5-hpe-servidor-proliant-compute-dl380-gen12-6520p-1p-4x32gb-r-8sff-ns204i-u-v2-mr408i-o-2x1000w\/\"]}]},{\"@type\":\"BreadcrumbList\",\"@id\":\"https:\/\/compuviper.mx\/tienda\/producto\/hewlett-packard-enterprise-p91077-dm5-hpe-servidor-proliant-compute-dl380-gen12-6520p-1p-4x32gb-r-8sff-ns204i-u-v2-mr408i-o-2x1000w\/#breadcrumb\",\"itemListElement\":[{\"@type\":\"ListItem\",\"position\":1,\"name\":\"Inicio\",\"item\":\"https:\/\/compuviper.mx\/tienda\/\"},{\"@type\":\"ListItem\",\"position\":2,\"name\":\"Productos\",\"item\":\"https:\/\/compuviper.mx\/tienda\/productos\/\"},{\"@type\":\"ListItem\",\"position\":3,\"name\":\"Servidores\",\"item\":\"https:\/\/compuviper.mx\/tienda\/categoria-producto\/servidores-2\/\"},{\"@type\":\"ListItem\",\"position\":4,\"name\":\"Rack (dl)\",\"item\":\"https:\/\/compuviper.mx\/tienda\/categoria-producto\/servidores-2\/rack-dl\/\"},{\"@type\":\"ListItem\",\"position\":5,\"name\":\"Hewlett Packard Enterprise P91077-dm5 Hpe Servidor Proliant Compute Dl380 Gen12 6520p 1p 4x32gb-r 8sff Ns204i-u V2 Mr408i-o 2x1000w\"}]},{\"@type\":\"WebSite\",\"@id\":\"https:\/\/compuviper.mx\/tienda\/#website\",\"url\":\"https:\/\/compuviper.mx\/tienda\/\",\"name\":\"Compuviper\",\"description\":\"Proveedor de Computadoras, Laptops, Servidores, Monitores, Puntos de Venta, Teclados,   Impresoras, T\u00f3ner, C\u00e1maras de Seguridad y m\u00e1s en tu tienda en l\u00ednea\",\"publisher\":{\"@id\":\"https:\/\/compuviper.mx\/tienda\/#organization\"},\"potentialAction\":[{\"@type\":\"SearchAction\",\"target\":{\"@type\":\"EntryPoint\",\"urlTemplate\":\"https:\/\/compuviper.mx\/tienda\/?s={search_term_string}\"},\"query-input\":\"required name=search_term_string\"}],\"inLanguage\":\"es-MX\"},{\"@type\":\"Organization\",\"@id\":\"https:\/\/compuviper.mx\/tienda\/#organization\",\"name\":\"Compuviper\",\"url\":\"https:\/\/compuviper.mx\/tienda\/\",\"logo\":{\"@type\":\"ImageObject\",\"inLanguage\":\"es-MX\",\"@id\":\"https:\/\/compuviper.mx\/tienda\/#\/schema\/logo\/image\/\",\"url\":\"https:\/\/compuviper.mx\/tienda\/wp-content\/uploads\/2021\/08\/Logo-Compuviper-10.png\",\"contentUrl\":\"https:\/\/compuviper.mx\/tienda\/wp-content\/uploads\/2021\/08\/Logo-Compuviper-10.png\",\"width\":1000,\"height\":500,\"caption\":\"Compuviper\"},\"image\":{\"@id\":\"https:\/\/compuviper.mx\/tienda\/#\/schema\/logo\/image\/\"},\"sameAs\":[\"https:\/\/www.facebook.com\/compuviper\",\"https:\/\/www.youtube.com\/channel\/UCf73dERp9Y3cfOq7q8BhLjA?view_as=subscriber\"]}]}<\/script>\n<meta property=\"product:brand\" content=\"HEWLETT PACKARD ENTERPRISE\" \/>\n<meta property=\"product:price:amount\" content=\"291907\" \/>\n<meta property=\"product:price:currency\" content=\"MXN\" \/>\n<meta property=\"og:availability\" content=\"backorder\" \/>\n<meta property=\"product:availability\" content=\"available for order\" \/>\n<meta property=\"product:retailer_item_id\" content=\"P91077-DM5\" \/>\n<meta property=\"product:condition\" content=\"new\" \/>\n<!-- \/ Yoast SEO plugin. -->","yoast_head_json":{"title":"[ Hewlett Packard Enterprise ] &#129351; P91077-dm5 Hpe Servidor Proliant Compute Dl380 Gen12 6520p 1p 4x32gb-r 8sff Ns204i-u V2 Mr408i-o 2x1000w","description":"Compra P91077-dm5 Hpe Servidor Proliant Compute Dl380 Gen12 6520p 1p 4x32gb-r 8sff Ns204i-u V2 Mr408i-o 2x1000w + Env\u00edo a domicilio + Pago seguro + Garant\u00eda","robots":{"index":"index","follow":"follow","max-snippet":"max-snippet:-1","max-image-preview":"max-image-preview:large","max-video-preview":"max-video-preview:-1"},"canonical":"https:\/\/compuviper.mx\/tienda\/producto\/hewlett-packard-enterprise-p91077-dm5-hpe-servidor-proliant-compute-dl380-gen12-6520p-1p-4x32gb-r-8sff-ns204i-u-v2-mr408i-o-2x1000w\/","og_locale":"es_MX","og_type":"article","og_title":"[ Hewlett Packard Enterprise ] &#129351; P91077-dm5 Hpe Servidor Proliant Compute Dl380 Gen12 6520p 1p 4x32gb-r 8sff Ns204i-u V2 Mr408i-o 2x1000w","og_description":"Compra P91077-dm5 Hpe Servidor Proliant Compute Dl380 Gen12 6520p 1p 4x32gb-r 8sff Ns204i-u V2 Mr408i-o 2x1000w + Env\u00edo a domicilio + Pago seguro + Garant\u00eda","og_url":"https:\/\/compuviper.mx\/tienda\/producto\/hewlett-packard-enterprise-p91077-dm5-hpe-servidor-proliant-compute-dl380-gen12-6520p-1p-4x32gb-r-8sff-ns204i-u-v2-mr408i-o-2x1000w\/","og_site_name":"Compuviper","article_publisher":"https:\/\/www.facebook.com\/compuviper","twitter_card":"summary_large_image","twitter_misc":{"Precio":"&#36;291,907 con IVA","Availability":"On backorder"},"schema":{"@context":"https:\/\/schema.org","@graph":[{"@type":"WebPage","@id":"https:\/\/compuviper.mx\/tienda\/producto\/hewlett-packard-enterprise-p91077-dm5-hpe-servidor-proliant-compute-dl380-gen12-6520p-1p-4x32gb-r-8sff-ns204i-u-v2-mr408i-o-2x1000w\/","url":"https:\/\/compuviper.mx\/tienda\/producto\/hewlett-packard-enterprise-p91077-dm5-hpe-servidor-proliant-compute-dl380-gen12-6520p-1p-4x32gb-r-8sff-ns204i-u-v2-mr408i-o-2x1000w\/","name":"[ Hewlett Packard Enterprise ] &#129351; P91077-dm5 Hpe Servidor Proliant Compute Dl380 Gen12 6520p 1p 4x32gb-r 8sff Ns204i-u V2 Mr408i-o 2x1000w","isPartOf":{"@id":"https:\/\/compuviper.mx\/tienda\/#website"},"datePublished":"2026-04-16T07:59:52+00:00","dateModified":"2026-04-16T07:59:52+00:00","description":"Compra P91077-dm5 Hpe Servidor Proliant Compute Dl380 Gen12 6520p 1p 4x32gb-r 8sff Ns204i-u V2 Mr408i-o 2x1000w + Env\u00edo a domicilio + Pago seguro + Garant\u00eda","breadcrumb":{"@id":"https:\/\/compuviper.mx\/tienda\/producto\/hewlett-packard-enterprise-p91077-dm5-hpe-servidor-proliant-compute-dl380-gen12-6520p-1p-4x32gb-r-8sff-ns204i-u-v2-mr408i-o-2x1000w\/#breadcrumb"},"inLanguage":"es-MX","potentialAction":[{"@type":"ReadAction","target":["https:\/\/compuviper.mx\/tienda\/producto\/hewlett-packard-enterprise-p91077-dm5-hpe-servidor-proliant-compute-dl380-gen12-6520p-1p-4x32gb-r-8sff-ns204i-u-v2-mr408i-o-2x1000w\/"]}]},{"@type":"BreadcrumbList","@id":"https:\/\/compuviper.mx\/tienda\/producto\/hewlett-packard-enterprise-p91077-dm5-hpe-servidor-proliant-compute-dl380-gen12-6520p-1p-4x32gb-r-8sff-ns204i-u-v2-mr408i-o-2x1000w\/#breadcrumb","itemListElement":[{"@type":"ListItem","position":1,"name":"Inicio","item":"https:\/\/compuviper.mx\/tienda\/"},{"@type":"ListItem","position":2,"name":"Productos","item":"https:\/\/compuviper.mx\/tienda\/productos\/"},{"@type":"ListItem","position":3,"name":"Servidores","item":"https:\/\/compuviper.mx\/tienda\/categoria-producto\/servidores-2\/"},{"@type":"ListItem","position":4,"name":"Rack (dl)","item":"https:\/\/compuviper.mx\/tienda\/categoria-producto\/servidores-2\/rack-dl\/"},{"@type":"ListItem","position":5,"name":"Hewlett Packard Enterprise P91077-dm5 Hpe Servidor Proliant Compute Dl380 Gen12 6520p 1p 4x32gb-r 8sff Ns204i-u V2 Mr408i-o 2x1000w"}]},{"@type":"WebSite","@id":"https:\/\/compuviper.mx\/tienda\/#website","url":"https:\/\/compuviper.mx\/tienda\/","name":"Compuviper","description":"Proveedor de Computadoras, Laptops, Servidores, Monitores, Puntos de Venta, Teclados,   Impresoras, T\u00f3ner, C\u00e1maras de Seguridad y m\u00e1s en tu tienda en l\u00ednea","publisher":{"@id":"https:\/\/compuviper.mx\/tienda\/#organization"},"potentialAction":[{"@type":"SearchAction","target":{"@type":"EntryPoint","urlTemplate":"https:\/\/compuviper.mx\/tienda\/?s={search_term_string}"},"query-input":"required name=search_term_string"}],"inLanguage":"es-MX"},{"@type":"Organization","@id":"https:\/\/compuviper.mx\/tienda\/#organization","name":"Compuviper","url":"https:\/\/compuviper.mx\/tienda\/","logo":{"@type":"ImageObject","inLanguage":"es-MX","@id":"https:\/\/compuviper.mx\/tienda\/#\/schema\/logo\/image\/","url":"https:\/\/compuviper.mx\/tienda\/wp-content\/uploads\/2021\/08\/Logo-Compuviper-10.png","contentUrl":"https:\/\/compuviper.mx\/tienda\/wp-content\/uploads\/2021\/08\/Logo-Compuviper-10.png","width":1000,"height":500,"caption":"Compuviper"},"image":{"@id":"https:\/\/compuviper.mx\/tienda\/#\/schema\/logo\/image\/"},"sameAs":["https:\/\/www.facebook.com\/compuviper","https:\/\/www.youtube.com\/channel\/UCf73dERp9Y3cfOq7q8BhLjA?view_as=subscriber"]}]},"product_brand":"HEWLETT PACKARD ENTERPRISE","product_price_amount":"291907","product_price_currency":"MXN","og_availability":"backorder","product_availability":"available for order","product_retailer_item_id":"P91077-DM5","product_condition":"new"},"_links":{"self":[{"href":"https:\/\/compuviper.mx\/tienda\/wp-json\/wp\/v2\/product\/268719"}],"collection":[{"href":"https:\/\/compuviper.mx\/tienda\/wp-json\/wp\/v2\/product"}],"about":[{"href":"https:\/\/compuviper.mx\/tienda\/wp-json\/wp\/v2\/types\/product"}],"replies":[{"embeddable":true,"href":"https:\/\/compuviper.mx\/tienda\/wp-json\/wp\/v2\/comments?post=268719"}],"wp:attachment":[{"href":"https:\/\/compuviper.mx\/tienda\/wp-json\/wp\/v2\/media?parent=268719"}],"wp:term":[{"taxonomy":"product_cat","embeddable":true,"href":"https:\/\/compuviper.mx\/tienda\/wp-json\/wp\/v2\/product_cat?post=268719"},{"taxonomy":"product_tag","embeddable":true,"href":"https:\/\/compuviper.mx\/tienda\/wp-json\/wp\/v2\/product_tag?post=268719"}],"curies":[{"name":"wp","href":"https:\/\/api.w.org\/{rel}","templated":true}]}}