{"id":268715,"date":"2026-04-22T01:42:30","date_gmt":"2026-04-22T07:42:30","guid":{"rendered":"https:\/\/compuviper.mx\/tienda\/producto\/biwin-acer-bl-9bwwa-207-memoria-ram-acer-sd100-sodimm-ddr4-16gb-2r8-2400mhz-cl17\/"},"modified":"2026-04-22T01:42:30","modified_gmt":"2026-04-22T07:42:30","slug":"biwin-acer-bl-9bwwa-207-memoria-ram-acer-sd100-sodimm-ddr4-16gb-2r8-2400mhz-cl17","status":"publish","type":"product","link":"https:\/\/compuviper.mx\/tienda\/producto\/biwin-acer-bl-9bwwa-207-memoria-ram-acer-sd100-sodimm-ddr4-16gb-2r8-2400mhz-cl17\/","title":{"rendered":"Biwin Acer Bl.9bwwa.207 Memoria Ram Acer Sd100 Sodimm Ddr4 16gb 2r8 2400mhz Cl17"},"content":{"rendered":"<table class=\"descripcion\">\n<tr>\n<td>Capacidad: 16gb<\/td>\n<\/tr>\n<tr>\n<td>Tipo: 260-pin ddr4 sodimm<\/td>\n<\/tr>\n<tr>\n<td>Frecuencia: 2400mhz<\/td>\n<\/tr>\n<tr>\n<td>Latencia: cl17<\/td>\n<\/tr>\n<tr>\n<td>Voltaje: 1.2 v<\/td>\n<\/tr>\n<tr>\n<td>Dimensiones: 100 x 70 x 6.7 mm<\/td>\n<\/tr>\n<tr>\n<td>Temperatura de almacenamiento: 55\u00b0c &#8211; 100\u00b0c<\/td>\n<\/tr>\n<tr>\n<td>Temperatura de trabajo: 0\u00b0c &#8211; 70\u00b0c<\/td>\n<\/tr>\n<tr>\n<td>Garantia: garantia limitada de por vida<\/td>\n<\/tr>\n<\/table>\n","protected":false},"excerpt":{"rendered":"<p>Memoria sd100 para port\u00e1til. Los m\u00f3dulos de memoria sd100 para port\u00e1tiles acer est\u00e1n equipados con circuitos integrados de alta calidad y componentes duraderos. Con un rango de capacidad de 4 gb a 32 gb y una velocidad de 2400 mhz a 3200 mhz, la memoria sd100 es ideal para que los port\u00e1tiles se overclockeen autom\u00e1ticamente hasta la velocidad m\u00e1s alta permitida por la bios. Acer implementa estrictos est\u00e1ndares de control de calidad para garantizar una excelente fiabilidad y compatibilidad, y ofrece una garant\u00eda limitada de por vida.<\/p>\n","protected":false},"featured_media":0,"comment_status":"open","ping_status":"open","template":"","meta":[],"product_cat":[1797,1793],"product_tag":[2216],"acf":[],"yoast_head":"<!-- This site is optimized with the Yoast SEO plugin v21.7 - https:\/\/yoast.com\/wordpress\/plugins\/seo\/ -->\n<title>[ Biwin Acer ] &#129351; Bl.9bwwa.207 Memoria Ram Acer Sd100 Sodimm Ddr4 16gb 2r8 2400mhz Cl17<\/title>\n<meta name=\"description\" content=\"Compra Bl.9bwwa.207 Memoria Ram Acer Sd100 Sodimm Ddr4 16gb 2r8 2400mhz Cl17 + Env\u00edo a domicilio + Pago seguro + Garant\u00eda\" \/>\n<meta name=\"robots\" content=\"index, follow, max-snippet:-1, max-image-preview:large, max-video-preview:-1\" \/>\n<link rel=\"canonical\" href=\"https:\/\/compuviper.mx\/tienda\/producto\/biwin-acer-bl-9bwwa-207-memoria-ram-acer-sd100-sodimm-ddr4-16gb-2r8-2400mhz-cl17\/\" \/>\n<meta property=\"og:locale\" content=\"es_MX\" \/>\n<meta property=\"og:type\" content=\"article\" \/>\n<meta property=\"og:title\" content=\"[ Biwin Acer ] &#129351; Bl.9bwwa.207 Memoria Ram Acer Sd100 Sodimm Ddr4 16gb 2r8 2400mhz Cl17\" \/>\n<meta property=\"og:description\" content=\"Compra Bl.9bwwa.207 Memoria Ram Acer Sd100 Sodimm Ddr4 16gb 2r8 2400mhz Cl17 + Env\u00edo a domicilio + Pago seguro + Garant\u00eda\" \/>\n<meta property=\"og:url\" content=\"https:\/\/compuviper.mx\/tienda\/producto\/biwin-acer-bl-9bwwa-207-memoria-ram-acer-sd100-sodimm-ddr4-16gb-2r8-2400mhz-cl17\/\" \/>\n<meta property=\"og:site_name\" content=\"Compuviper\" \/>\n<meta property=\"article:publisher\" content=\"https:\/\/www.facebook.com\/compuviper\" \/>\n<meta name=\"twitter:card\" content=\"summary_large_image\" \/>\n<meta name=\"twitter:label1\" content=\"Precio\" \/>\n\t<meta name=\"twitter:data1\" content=\"&#36;1,364 &#36;1,350 con IVA\" \/>\n\t<meta name=\"twitter:label2\" content=\"Availability\" \/>\n\t<meta name=\"twitter:data2\" content=\"In stock\" \/>\n<script type=\"application\/ld+json\" class=\"yoast-schema-graph\">{\"@context\":\"https:\/\/schema.org\",\"@graph\":[{\"@type\":\"WebPage\",\"@id\":\"https:\/\/compuviper.mx\/tienda\/producto\/biwin-acer-bl-9bwwa-207-memoria-ram-acer-sd100-sodimm-ddr4-16gb-2r8-2400mhz-cl17\/\",\"url\":\"https:\/\/compuviper.mx\/tienda\/producto\/biwin-acer-bl-9bwwa-207-memoria-ram-acer-sd100-sodimm-ddr4-16gb-2r8-2400mhz-cl17\/\",\"name\":\"[ Biwin Acer ] &#129351; Bl.9bwwa.207 Memoria Ram Acer Sd100 Sodimm Ddr4 16gb 2r8 2400mhz Cl17\",\"isPartOf\":{\"@id\":\"https:\/\/compuviper.mx\/tienda\/#website\"},\"datePublished\":\"2026-04-22T07:42:30+00:00\",\"dateModified\":\"2026-04-22T07:42:30+00:00\",\"description\":\"Compra Bl.9bwwa.207 Memoria Ram Acer Sd100 Sodimm Ddr4 16gb 2r8 2400mhz Cl17 + Env\u00edo a domicilio + Pago seguro + Garant\u00eda\",\"breadcrumb\":{\"@id\":\"https:\/\/compuviper.mx\/tienda\/producto\/biwin-acer-bl-9bwwa-207-memoria-ram-acer-sd100-sodimm-ddr4-16gb-2r8-2400mhz-cl17\/#breadcrumb\"},\"inLanguage\":\"es-MX\",\"potentialAction\":[{\"@type\":\"ReadAction\",\"target\":[\"https:\/\/compuviper.mx\/tienda\/producto\/biwin-acer-bl-9bwwa-207-memoria-ram-acer-sd100-sodimm-ddr4-16gb-2r8-2400mhz-cl17\/\"]}]},{\"@type\":\"BreadcrumbList\",\"@id\":\"https:\/\/compuviper.mx\/tienda\/producto\/biwin-acer-bl-9bwwa-207-memoria-ram-acer-sd100-sodimm-ddr4-16gb-2r8-2400mhz-cl17\/#breadcrumb\",\"itemListElement\":[{\"@type\":\"ListItem\",\"position\":1,\"name\":\"Inicio\",\"item\":\"https:\/\/compuviper.mx\/tienda\/\"},{\"@type\":\"ListItem\",\"position\":2,\"name\":\"Productos\",\"item\":\"https:\/\/compuviper.mx\/tienda\/productos\/\"},{\"@type\":\"ListItem\",\"position\":3,\"name\":\"Memorias\",\"item\":\"https:\/\/compuviper.mx\/tienda\/categoria-producto\/memorias\/\"},{\"@type\":\"ListItem\",\"position\":4,\"name\":\"Memoria Ram\",\"item\":\"https:\/\/compuviper.mx\/tienda\/categoria-producto\/memorias\/memoria-ram\/\"},{\"@type\":\"ListItem\",\"position\":5,\"name\":\"Biwin Acer Bl.9bwwa.207 Memoria Ram Acer Sd100 Sodimm Ddr4 16gb 2r8 2400mhz Cl17\"}]},{\"@type\":\"WebSite\",\"@id\":\"https:\/\/compuviper.mx\/tienda\/#website\",\"url\":\"https:\/\/compuviper.mx\/tienda\/\",\"name\":\"Compuviper\",\"description\":\"Proveedor de Computadoras, Laptops, Servidores, Monitores, Puntos de Venta, Teclados,   Impresoras, T\u00f3ner, C\u00e1maras de Seguridad y m\u00e1s en tu tienda en l\u00ednea\",\"publisher\":{\"@id\":\"https:\/\/compuviper.mx\/tienda\/#organization\"},\"potentialAction\":[{\"@type\":\"SearchAction\",\"target\":{\"@type\":\"EntryPoint\",\"urlTemplate\":\"https:\/\/compuviper.mx\/tienda\/?s={search_term_string}\"},\"query-input\":\"required name=search_term_string\"}],\"inLanguage\":\"es-MX\"},{\"@type\":\"Organization\",\"@id\":\"https:\/\/compuviper.mx\/tienda\/#organization\",\"name\":\"Compuviper\",\"url\":\"https:\/\/compuviper.mx\/tienda\/\",\"logo\":{\"@type\":\"ImageObject\",\"inLanguage\":\"es-MX\",\"@id\":\"https:\/\/compuviper.mx\/tienda\/#\/schema\/logo\/image\/\",\"url\":\"https:\/\/compuviper.mx\/tienda\/wp-content\/uploads\/2021\/08\/Logo-Compuviper-10.png\",\"contentUrl\":\"https:\/\/compuviper.mx\/tienda\/wp-content\/uploads\/2021\/08\/Logo-Compuviper-10.png\",\"width\":1000,\"height\":500,\"caption\":\"Compuviper\"},\"image\":{\"@id\":\"https:\/\/compuviper.mx\/tienda\/#\/schema\/logo\/image\/\"},\"sameAs\":[\"https:\/\/www.facebook.com\/compuviper\",\"https:\/\/www.youtube.com\/channel\/UCf73dERp9Y3cfOq7q8BhLjA?view_as=subscriber\"]}]}<\/script>\n<meta property=\"product:brand\" content=\"Biwin Acer\" \/>\n<meta property=\"product:price:amount\" content=\"1350\" \/>\n<meta property=\"product:price:currency\" content=\"MXN\" \/>\n<meta property=\"og:availability\" content=\"instock\" \/>\n<meta property=\"product:availability\" content=\"instock\" \/>\n<meta property=\"product:retailer_item_id\" content=\"BL.9BWWA.207\" \/>\n<meta property=\"product:condition\" content=\"new\" \/>\n<!-- \/ Yoast SEO plugin. -->","yoast_head_json":{"title":"[ Biwin Acer ] &#129351; Bl.9bwwa.207 Memoria Ram Acer Sd100 Sodimm Ddr4 16gb 2r8 2400mhz Cl17","description":"Compra Bl.9bwwa.207 Memoria Ram Acer Sd100 Sodimm Ddr4 16gb 2r8 2400mhz Cl17 + Env\u00edo a domicilio + Pago seguro + Garant\u00eda","robots":{"index":"index","follow":"follow","max-snippet":"max-snippet:-1","max-image-preview":"max-image-preview:large","max-video-preview":"max-video-preview:-1"},"canonical":"https:\/\/compuviper.mx\/tienda\/producto\/biwin-acer-bl-9bwwa-207-memoria-ram-acer-sd100-sodimm-ddr4-16gb-2r8-2400mhz-cl17\/","og_locale":"es_MX","og_type":"article","og_title":"[ Biwin Acer ] &#129351; Bl.9bwwa.207 Memoria Ram Acer Sd100 Sodimm Ddr4 16gb 2r8 2400mhz Cl17","og_description":"Compra Bl.9bwwa.207 Memoria Ram Acer Sd100 Sodimm Ddr4 16gb 2r8 2400mhz Cl17 + Env\u00edo a domicilio + Pago seguro + Garant\u00eda","og_url":"https:\/\/compuviper.mx\/tienda\/producto\/biwin-acer-bl-9bwwa-207-memoria-ram-acer-sd100-sodimm-ddr4-16gb-2r8-2400mhz-cl17\/","og_site_name":"Compuviper","article_publisher":"https:\/\/www.facebook.com\/compuviper","twitter_card":"summary_large_image","twitter_misc":{"Precio":"&#36;1,364 &#36;1,350 con IVA","Availability":"In stock"},"schema":{"@context":"https:\/\/schema.org","@graph":[{"@type":"WebPage","@id":"https:\/\/compuviper.mx\/tienda\/producto\/biwin-acer-bl-9bwwa-207-memoria-ram-acer-sd100-sodimm-ddr4-16gb-2r8-2400mhz-cl17\/","url":"https:\/\/compuviper.mx\/tienda\/producto\/biwin-acer-bl-9bwwa-207-memoria-ram-acer-sd100-sodimm-ddr4-16gb-2r8-2400mhz-cl17\/","name":"[ Biwin Acer ] &#129351; Bl.9bwwa.207 Memoria Ram Acer Sd100 Sodimm Ddr4 16gb 2r8 2400mhz Cl17","isPartOf":{"@id":"https:\/\/compuviper.mx\/tienda\/#website"},"datePublished":"2026-04-22T07:42:30+00:00","dateModified":"2026-04-22T07:42:30+00:00","description":"Compra Bl.9bwwa.207 Memoria Ram Acer Sd100 Sodimm Ddr4 16gb 2r8 2400mhz Cl17 + Env\u00edo a domicilio + Pago seguro + Garant\u00eda","breadcrumb":{"@id":"https:\/\/compuviper.mx\/tienda\/producto\/biwin-acer-bl-9bwwa-207-memoria-ram-acer-sd100-sodimm-ddr4-16gb-2r8-2400mhz-cl17\/#breadcrumb"},"inLanguage":"es-MX","potentialAction":[{"@type":"ReadAction","target":["https:\/\/compuviper.mx\/tienda\/producto\/biwin-acer-bl-9bwwa-207-memoria-ram-acer-sd100-sodimm-ddr4-16gb-2r8-2400mhz-cl17\/"]}]},{"@type":"BreadcrumbList","@id":"https:\/\/compuviper.mx\/tienda\/producto\/biwin-acer-bl-9bwwa-207-memoria-ram-acer-sd100-sodimm-ddr4-16gb-2r8-2400mhz-cl17\/#breadcrumb","itemListElement":[{"@type":"ListItem","position":1,"name":"Inicio","item":"https:\/\/compuviper.mx\/tienda\/"},{"@type":"ListItem","position":2,"name":"Productos","item":"https:\/\/compuviper.mx\/tienda\/productos\/"},{"@type":"ListItem","position":3,"name":"Memorias","item":"https:\/\/compuviper.mx\/tienda\/categoria-producto\/memorias\/"},{"@type":"ListItem","position":4,"name":"Memoria Ram","item":"https:\/\/compuviper.mx\/tienda\/categoria-producto\/memorias\/memoria-ram\/"},{"@type":"ListItem","position":5,"name":"Biwin Acer Bl.9bwwa.207 Memoria Ram Acer Sd100 Sodimm Ddr4 16gb 2r8 2400mhz Cl17"}]},{"@type":"WebSite","@id":"https:\/\/compuviper.mx\/tienda\/#website","url":"https:\/\/compuviper.mx\/tienda\/","name":"Compuviper","description":"Proveedor de Computadoras, Laptops, Servidores, Monitores, Puntos de Venta, Teclados,   Impresoras, T\u00f3ner, C\u00e1maras de Seguridad y m\u00e1s en tu tienda en l\u00ednea","publisher":{"@id":"https:\/\/compuviper.mx\/tienda\/#organization"},"potentialAction":[{"@type":"SearchAction","target":{"@type":"EntryPoint","urlTemplate":"https:\/\/compuviper.mx\/tienda\/?s={search_term_string}"},"query-input":"required name=search_term_string"}],"inLanguage":"es-MX"},{"@type":"Organization","@id":"https:\/\/compuviper.mx\/tienda\/#organization","name":"Compuviper","url":"https:\/\/compuviper.mx\/tienda\/","logo":{"@type":"ImageObject","inLanguage":"es-MX","@id":"https:\/\/compuviper.mx\/tienda\/#\/schema\/logo\/image\/","url":"https:\/\/compuviper.mx\/tienda\/wp-content\/uploads\/2021\/08\/Logo-Compuviper-10.png","contentUrl":"https:\/\/compuviper.mx\/tienda\/wp-content\/uploads\/2021\/08\/Logo-Compuviper-10.png","width":1000,"height":500,"caption":"Compuviper"},"image":{"@id":"https:\/\/compuviper.mx\/tienda\/#\/schema\/logo\/image\/"},"sameAs":["https:\/\/www.facebook.com\/compuviper","https:\/\/www.youtube.com\/channel\/UCf73dERp9Y3cfOq7q8BhLjA?view_as=subscriber"]}]},"product_brand":"Biwin Acer","product_price_amount":"1350","product_price_currency":"MXN","og_availability":"instock","product_availability":"instock","product_retailer_item_id":"BL.9BWWA.207","product_condition":"new"},"_links":{"self":[{"href":"https:\/\/compuviper.mx\/tienda\/wp-json\/wp\/v2\/product\/268715"}],"collection":[{"href":"https:\/\/compuviper.mx\/tienda\/wp-json\/wp\/v2\/product"}],"about":[{"href":"https:\/\/compuviper.mx\/tienda\/wp-json\/wp\/v2\/types\/product"}],"replies":[{"embeddable":true,"href":"https:\/\/compuviper.mx\/tienda\/wp-json\/wp\/v2\/comments?post=268715"}],"wp:attachment":[{"href":"https:\/\/compuviper.mx\/tienda\/wp-json\/wp\/v2\/media?parent=268715"}],"wp:term":[{"taxonomy":"product_cat","embeddable":true,"href":"https:\/\/compuviper.mx\/tienda\/wp-json\/wp\/v2\/product_cat?post=268715"},{"taxonomy":"product_tag","embeddable":true,"href":"https:\/\/compuviper.mx\/tienda\/wp-json\/wp\/v2\/product_tag?post=268715"}],"curies":[{"name":"wp","href":"https:\/\/api.w.org\/{rel}","templated":true}]}}