{"id":268693,"date":"2026-04-18T01:15:29","date_gmt":"2026-04-18T07:15:29","guid":{"rendered":"https:\/\/compuviper.mx\/tienda\/producto\/hewlett-packard-enterprise-s3j29a-access-point-aruba-ap-567-rw-outdoor-11ax-ap\/"},"modified":"2026-04-18T01:15:29","modified_gmt":"2026-04-18T07:15:29","slug":"hewlett-packard-enterprise-s3j29a-access-point-aruba-ap-567-rw-outdoor-11ax-ap","status":"publish","type":"product","link":"https:\/\/compuviper.mx\/tienda\/producto\/hewlett-packard-enterprise-s3j29a-access-point-aruba-ap-567-rw-outdoor-11ax-ap\/","title":{"rendered":"Hewlett Packard Enterprise S3j29a Access Point Aruba Ap-567 (rw) Outdoor 11ax Ap"},"content":{"rendered":"<table class=\"descripcion\">\n<tr>\n<td>Implementacin: interior<\/td>\n<\/tr>\n<tr>\n<td>Generacin de wifi: wi-fi 6 802.11ax<\/td>\n<\/tr>\n<tr>\n<td>Radios wifi: 2&#215;2:2 2,4 ghz, 4&#215;4:4 5 ghz<\/td>\n<\/tr>\n<tr>\n<td>Opciones de configuracin de radio: 2,4 ghz, 5 ghz<\/td>\n<\/tr>\n<tr>\n<td>Anchos de banda m\u00e1ximos y velocidad de datos m\u00e1xima por banda: 20\/40 2,4 ghz, 20\/40\/80\/160 5 ghz y pico m\u00e1ximo de velocidad de transferencia de datos de 2,69 gbps<\/td>\n<\/tr>\n<tr>\n<td>Antena de wi-fi: cuatro antenas omnidireccionales de inclinacin vertical y banda dual integradas para 4&#215;4 mimo con un pico de ganancia de antena de 4,2 dbi a 2,4 ghz y 7,5 dbi a 5 ghz.<\/td>\n<\/tr>\n<tr>\n<td>Filtrado ultratribanda utb: no<\/td>\n<\/tr>\n<tr>\n<td>Soporte de iot: bluetooth 5 y radio zigbee 802.15.4 2,4 ghz, usb 2.0<\/td>\n<\/tr>\n<tr>\n<td>Sensor integrado: no<\/td>\n<\/tr>\n<tr>\n<td>Servicios de localizacin: compatible con 802.11 ftm<\/td>\n<\/tr>\n<tr>\n<td>Admite conectividad celular: mdem usb lte se vende por separado<\/td>\n<\/tr>\n<tr>\n<td>Interfaz de red con cable: 1 x 2,5 gbe, 1 x 1 gbe<\/td>\n<\/tr>\n<tr>\n<td>Compatibilidad con macsec: no<\/td>\n<\/tr>\n<tr>\n<td>Puertos: e0: puerto hpe smart rate rj-45, velocidad m\u00e1xima negociada de 2,5 gbps e1: interfaz de red ethernet 10\/100\/1000base-t rj-45 interfaz host usb 2.0 conector type a interfaz de consola de serie exclusiva, conector fsico usb micro-b ranura de seguridad kensington<\/td>\n<\/tr>\n<tr>\n<td>Fuentes de alimentacin: alimentacin cc; poe-pd<\/td>\n<\/tr>\n<tr>\n<td>Compatibilidad con sistema operativo ap: hpe aruba networking wireless operating system y hpe aruba networking instant os 8.4.0.0 con algunas restricciones. para lograr un funcionamiento sin restricciones, usa la versin 8.6.0.0 o posterior.<\/td>\n<\/tr>\n<tr>\n<td>Gestin de ap: local; nube pblica; nube privada virtual vpc; as a service<\/td>\n<\/tr>\n<tr>\n<td>Certificaciones: calificacin plnum ul2043 bluetooth sig wi and 8209;fi alliance\u00ae: wi and 8209;fi certified\u00ae a, b, g, n, ac, ax wpa, wpa2 y wpa3, enterprise con opcin cnsa, personal sae, enhanced open owe wmm, wmm-ps, wi-fi agile multiband wi-fi certified location<\/td>\n<\/tr>\n<tr>\n<td>Reglamentario: fcc\/ised marca ce directiva red 2014\/53\/ue directiva emc 2014\/30\/ue directiva de bajo voltaje 2014\/35\/ue ul\/iec\/en 62368-1 en 60601-1-1, en60601-1-2 certificaciones ferroviarias solo ap-515: en 50155:2017-aplicaciones ferroviarias en 50121-1:2017-emc ferroviaria en 50121-3-2-emc ferroviaria en 50121-4:2016-inmunidad ferroviaria iec 61373 ed2:2008-impactos y vibraciones ferroviarias para obtener m\u00e1s informacin sobre normativas y aprobaciones especficas de cada pas, contacta con tu representante de hpe.<\/td>\n<\/tr>\n<tr>\n<td>Garanta: garanta limitada de por vida. consulta la duracin de la garanta.<\/td>\n<\/tr>\n<tr>\n<td>Peso: 810 g<\/td>\n<\/tr>\n<tr>\n<td>Dimensiones: 46 x 200 x 200 mm<\/td>\n<\/tr>\n<\/table>\n","protected":false},"excerpt":{"rendered":"<p>Los hpe aruba networking 510 series campus access points ofrecen cobertura wi-fi 6 ideal para espacios de oficinas, instalaciones de formacin y para reuniones, as como hospitales. Con una velocidad de datos mxima combinada de 2,69 gbps, ethernet multigigabit para una rpida conexin por cable y una radio iot internet de las cosas integrada, la serie 510 ofrece una conectividad wifi de alto rendimiento wi-fi certified\u00ae en entornos de campus de densidad media.<\/p>\n","protected":false},"featured_media":0,"comment_status":"open","ping_status":"open","template":"","meta":[],"product_cat":[1754,1563],"product_tag":[1568],"acf":[],"yoast_head":"<!-- This site is optimized with the Yoast SEO plugin v21.7 - https:\/\/yoast.com\/wordpress\/plugins\/seo\/ -->\n<title>[ Hewlett Packard Enterprise ] &#129351; S3j29a Access Point Aruba Ap-567 (rw) Outdoor 11ax Ap<\/title>\n<meta name=\"description\" content=\"Compra S3j29a Access Point Aruba Ap-567 (rw) Outdoor 11ax Ap + Env\u00edo a domicilio + Pago seguro + Garant\u00eda\" \/>\n<meta name=\"robots\" content=\"index, follow, max-snippet:-1, max-image-preview:large, max-video-preview:-1\" \/>\n<link rel=\"canonical\" href=\"https:\/\/compuviper.mx\/tienda\/producto\/hewlett-packard-enterprise-s3j29a-access-point-aruba-ap-567-rw-outdoor-11ax-ap\/\" \/>\n<meta property=\"og:locale\" content=\"es_MX\" \/>\n<meta property=\"og:type\" content=\"article\" \/>\n<meta property=\"og:title\" content=\"[ Hewlett Packard Enterprise ] &#129351; S3j29a Access Point Aruba Ap-567 (rw) Outdoor 11ax Ap\" \/>\n<meta property=\"og:description\" content=\"Compra S3j29a Access Point Aruba Ap-567 (rw) Outdoor 11ax Ap + Env\u00edo a domicilio + Pago seguro + Garant\u00eda\" \/>\n<meta property=\"og:url\" content=\"https:\/\/compuviper.mx\/tienda\/producto\/hewlett-packard-enterprise-s3j29a-access-point-aruba-ap-567-rw-outdoor-11ax-ap\/\" \/>\n<meta property=\"og:site_name\" content=\"Compuviper\" \/>\n<meta property=\"article:publisher\" content=\"https:\/\/www.facebook.com\/compuviper\" \/>\n<meta name=\"twitter:card\" content=\"summary_large_image\" \/>\n<meta name=\"twitter:label1\" content=\"Precio\" \/>\n\t<meta name=\"twitter:data1\" content=\"&#36;196,960 con IVA\" \/>\n\t<meta name=\"twitter:label2\" content=\"Availability\" \/>\n\t<meta name=\"twitter:data2\" content=\"On backorder\" \/>\n<script type=\"application\/ld+json\" class=\"yoast-schema-graph\">{\"@context\":\"https:\/\/schema.org\",\"@graph\":[{\"@type\":\"WebPage\",\"@id\":\"https:\/\/compuviper.mx\/tienda\/producto\/hewlett-packard-enterprise-s3j29a-access-point-aruba-ap-567-rw-outdoor-11ax-ap\/\",\"url\":\"https:\/\/compuviper.mx\/tienda\/producto\/hewlett-packard-enterprise-s3j29a-access-point-aruba-ap-567-rw-outdoor-11ax-ap\/\",\"name\":\"[ Hewlett Packard Enterprise ] &#129351; S3j29a Access Point Aruba Ap-567 (rw) Outdoor 11ax Ap\",\"isPartOf\":{\"@id\":\"https:\/\/compuviper.mx\/tienda\/#website\"},\"datePublished\":\"2026-04-18T07:15:29+00:00\",\"dateModified\":\"2026-04-18T07:15:29+00:00\",\"description\":\"Compra S3j29a Access Point Aruba Ap-567 (rw) Outdoor 11ax Ap + Env\u00edo a domicilio + Pago seguro + Garant\u00eda\",\"breadcrumb\":{\"@id\":\"https:\/\/compuviper.mx\/tienda\/producto\/hewlett-packard-enterprise-s3j29a-access-point-aruba-ap-567-rw-outdoor-11ax-ap\/#breadcrumb\"},\"inLanguage\":\"es-MX\",\"potentialAction\":[{\"@type\":\"ReadAction\",\"target\":[\"https:\/\/compuviper.mx\/tienda\/producto\/hewlett-packard-enterprise-s3j29a-access-point-aruba-ap-567-rw-outdoor-11ax-ap\/\"]}]},{\"@type\":\"BreadcrumbList\",\"@id\":\"https:\/\/compuviper.mx\/tienda\/producto\/hewlett-packard-enterprise-s3j29a-access-point-aruba-ap-567-rw-outdoor-11ax-ap\/#breadcrumb\",\"itemListElement\":[{\"@type\":\"ListItem\",\"position\":1,\"name\":\"Inicio\",\"item\":\"https:\/\/compuviper.mx\/tienda\/\"},{\"@type\":\"ListItem\",\"position\":2,\"name\":\"Productos\",\"item\":\"https:\/\/compuviper.mx\/tienda\/productos\/\"},{\"@type\":\"ListItem\",\"position\":3,\"name\":\"Redes\",\"item\":\"https:\/\/compuviper.mx\/tienda\/categoria-producto\/redes\/\"},{\"@type\":\"ListItem\",\"position\":4,\"name\":\"Access Point\",\"item\":\"https:\/\/compuviper.mx\/tienda\/categoria-producto\/redes\/access-point\/\"},{\"@type\":\"ListItem\",\"position\":5,\"name\":\"Hewlett Packard Enterprise S3j29a Access Point Aruba Ap-567 (rw) Outdoor 11ax Ap\"}]},{\"@type\":\"WebSite\",\"@id\":\"https:\/\/compuviper.mx\/tienda\/#website\",\"url\":\"https:\/\/compuviper.mx\/tienda\/\",\"name\":\"Compuviper\",\"description\":\"Proveedor de Computadoras, Laptops, Servidores, Monitores, Puntos de Venta, Teclados,   Impresoras, T\u00f3ner, C\u00e1maras de Seguridad y m\u00e1s en tu tienda en l\u00ednea\",\"publisher\":{\"@id\":\"https:\/\/compuviper.mx\/tienda\/#organization\"},\"potentialAction\":[{\"@type\":\"SearchAction\",\"target\":{\"@type\":\"EntryPoint\",\"urlTemplate\":\"https:\/\/compuviper.mx\/tienda\/?s={search_term_string}\"},\"query-input\":\"required name=search_term_string\"}],\"inLanguage\":\"es-MX\"},{\"@type\":\"Organization\",\"@id\":\"https:\/\/compuviper.mx\/tienda\/#organization\",\"name\":\"Compuviper\",\"url\":\"https:\/\/compuviper.mx\/tienda\/\",\"logo\":{\"@type\":\"ImageObject\",\"inLanguage\":\"es-MX\",\"@id\":\"https:\/\/compuviper.mx\/tienda\/#\/schema\/logo\/image\/\",\"url\":\"https:\/\/compuviper.mx\/tienda\/wp-content\/uploads\/2021\/08\/Logo-Compuviper-10.png\",\"contentUrl\":\"https:\/\/compuviper.mx\/tienda\/wp-content\/uploads\/2021\/08\/Logo-Compuviper-10.png\",\"width\":1000,\"height\":500,\"caption\":\"Compuviper\"},\"image\":{\"@id\":\"https:\/\/compuviper.mx\/tienda\/#\/schema\/logo\/image\/\"},\"sameAs\":[\"https:\/\/www.facebook.com\/compuviper\",\"https:\/\/www.youtube.com\/channel\/UCf73dERp9Y3cfOq7q8BhLjA?view_as=subscriber\"]}]}<\/script>\n<meta property=\"product:brand\" content=\"HEWLETT PACKARD ENTERPRISE\" \/>\n<meta property=\"product:price:amount\" content=\"196960\" \/>\n<meta property=\"product:price:currency\" content=\"MXN\" \/>\n<meta property=\"og:availability\" content=\"backorder\" \/>\n<meta property=\"product:availability\" content=\"available for order\" \/>\n<meta property=\"product:retailer_item_id\" content=\"S3J29A\" \/>\n<meta property=\"product:condition\" content=\"new\" \/>\n<!-- \/ Yoast SEO plugin. -->","yoast_head_json":{"title":"[ Hewlett Packard Enterprise ] &#129351; S3j29a Access Point Aruba Ap-567 (rw) Outdoor 11ax Ap","description":"Compra S3j29a Access Point Aruba Ap-567 (rw) Outdoor 11ax Ap + Env\u00edo a domicilio + Pago seguro + Garant\u00eda","robots":{"index":"index","follow":"follow","max-snippet":"max-snippet:-1","max-image-preview":"max-image-preview:large","max-video-preview":"max-video-preview:-1"},"canonical":"https:\/\/compuviper.mx\/tienda\/producto\/hewlett-packard-enterprise-s3j29a-access-point-aruba-ap-567-rw-outdoor-11ax-ap\/","og_locale":"es_MX","og_type":"article","og_title":"[ Hewlett Packard Enterprise ] &#129351; S3j29a Access Point Aruba Ap-567 (rw) Outdoor 11ax Ap","og_description":"Compra S3j29a Access Point Aruba Ap-567 (rw) Outdoor 11ax Ap + Env\u00edo a domicilio + Pago seguro + Garant\u00eda","og_url":"https:\/\/compuviper.mx\/tienda\/producto\/hewlett-packard-enterprise-s3j29a-access-point-aruba-ap-567-rw-outdoor-11ax-ap\/","og_site_name":"Compuviper","article_publisher":"https:\/\/www.facebook.com\/compuviper","twitter_card":"summary_large_image","twitter_misc":{"Precio":"&#36;196,960 con IVA","Availability":"On backorder"},"schema":{"@context":"https:\/\/schema.org","@graph":[{"@type":"WebPage","@id":"https:\/\/compuviper.mx\/tienda\/producto\/hewlett-packard-enterprise-s3j29a-access-point-aruba-ap-567-rw-outdoor-11ax-ap\/","url":"https:\/\/compuviper.mx\/tienda\/producto\/hewlett-packard-enterprise-s3j29a-access-point-aruba-ap-567-rw-outdoor-11ax-ap\/","name":"[ Hewlett Packard Enterprise ] &#129351; S3j29a Access Point Aruba Ap-567 (rw) Outdoor 11ax Ap","isPartOf":{"@id":"https:\/\/compuviper.mx\/tienda\/#website"},"datePublished":"2026-04-18T07:15:29+00:00","dateModified":"2026-04-18T07:15:29+00:00","description":"Compra S3j29a Access Point Aruba Ap-567 (rw) Outdoor 11ax Ap + Env\u00edo a domicilio + Pago seguro + Garant\u00eda","breadcrumb":{"@id":"https:\/\/compuviper.mx\/tienda\/producto\/hewlett-packard-enterprise-s3j29a-access-point-aruba-ap-567-rw-outdoor-11ax-ap\/#breadcrumb"},"inLanguage":"es-MX","potentialAction":[{"@type":"ReadAction","target":["https:\/\/compuviper.mx\/tienda\/producto\/hewlett-packard-enterprise-s3j29a-access-point-aruba-ap-567-rw-outdoor-11ax-ap\/"]}]},{"@type":"BreadcrumbList","@id":"https:\/\/compuviper.mx\/tienda\/producto\/hewlett-packard-enterprise-s3j29a-access-point-aruba-ap-567-rw-outdoor-11ax-ap\/#breadcrumb","itemListElement":[{"@type":"ListItem","position":1,"name":"Inicio","item":"https:\/\/compuviper.mx\/tienda\/"},{"@type":"ListItem","position":2,"name":"Productos","item":"https:\/\/compuviper.mx\/tienda\/productos\/"},{"@type":"ListItem","position":3,"name":"Redes","item":"https:\/\/compuviper.mx\/tienda\/categoria-producto\/redes\/"},{"@type":"ListItem","position":4,"name":"Access Point","item":"https:\/\/compuviper.mx\/tienda\/categoria-producto\/redes\/access-point\/"},{"@type":"ListItem","position":5,"name":"Hewlett Packard Enterprise S3j29a Access Point Aruba Ap-567 (rw) Outdoor 11ax Ap"}]},{"@type":"WebSite","@id":"https:\/\/compuviper.mx\/tienda\/#website","url":"https:\/\/compuviper.mx\/tienda\/","name":"Compuviper","description":"Proveedor de Computadoras, Laptops, Servidores, Monitores, Puntos de Venta, Teclados,   Impresoras, T\u00f3ner, C\u00e1maras de Seguridad y m\u00e1s en tu tienda en l\u00ednea","publisher":{"@id":"https:\/\/compuviper.mx\/tienda\/#organization"},"potentialAction":[{"@type":"SearchAction","target":{"@type":"EntryPoint","urlTemplate":"https:\/\/compuviper.mx\/tienda\/?s={search_term_string}"},"query-input":"required name=search_term_string"}],"inLanguage":"es-MX"},{"@type":"Organization","@id":"https:\/\/compuviper.mx\/tienda\/#organization","name":"Compuviper","url":"https:\/\/compuviper.mx\/tienda\/","logo":{"@type":"ImageObject","inLanguage":"es-MX","@id":"https:\/\/compuviper.mx\/tienda\/#\/schema\/logo\/image\/","url":"https:\/\/compuviper.mx\/tienda\/wp-content\/uploads\/2021\/08\/Logo-Compuviper-10.png","contentUrl":"https:\/\/compuviper.mx\/tienda\/wp-content\/uploads\/2021\/08\/Logo-Compuviper-10.png","width":1000,"height":500,"caption":"Compuviper"},"image":{"@id":"https:\/\/compuviper.mx\/tienda\/#\/schema\/logo\/image\/"},"sameAs":["https:\/\/www.facebook.com\/compuviper","https:\/\/www.youtube.com\/channel\/UCf73dERp9Y3cfOq7q8BhLjA?view_as=subscriber"]}]},"product_brand":"HEWLETT PACKARD ENTERPRISE","product_price_amount":"196960","product_price_currency":"MXN","og_availability":"backorder","product_availability":"available for order","product_retailer_item_id":"S3J29A","product_condition":"new"},"_links":{"self":[{"href":"https:\/\/compuviper.mx\/tienda\/wp-json\/wp\/v2\/product\/268693"}],"collection":[{"href":"https:\/\/compuviper.mx\/tienda\/wp-json\/wp\/v2\/product"}],"about":[{"href":"https:\/\/compuviper.mx\/tienda\/wp-json\/wp\/v2\/types\/product"}],"replies":[{"embeddable":true,"href":"https:\/\/compuviper.mx\/tienda\/wp-json\/wp\/v2\/comments?post=268693"}],"wp:attachment":[{"href":"https:\/\/compuviper.mx\/tienda\/wp-json\/wp\/v2\/media?parent=268693"}],"wp:term":[{"taxonomy":"product_cat","embeddable":true,"href":"https:\/\/compuviper.mx\/tienda\/wp-json\/wp\/v2\/product_cat?post=268693"},{"taxonomy":"product_tag","embeddable":true,"href":"https:\/\/compuviper.mx\/tienda\/wp-json\/wp\/v2\/product_tag?post=268693"}],"curies":[{"name":"wp","href":"https:\/\/api.w.org\/{rel}","templated":true}]}}