{"id":268691,"date":"2026-04-16T00:53:49","date_gmt":"2026-04-16T06:53:49","guid":{"rendered":"https:\/\/compuviper.mx\/tienda\/producto\/asus-oem-vt169he-monitor-touch-asus-15-6-1920x1080-tr-5ms-hdmi-vga-vesa\/"},"modified":"2026-04-16T00:53:49","modified_gmt":"2026-04-16T06:53:49","slug":"asus-oem-vt169he-monitor-touch-asus-15-6-1920x1080-tr-5ms-hdmi-vga-vesa","status":"publish","type":"product","link":"https:\/\/compuviper.mx\/tienda\/producto\/asus-oem-vt169he-monitor-touch-asus-15-6-1920x1080-tr-5ms-hdmi-vga-vesa\/","title":{"rendered":"Asus Oem Vt169he Monitor Touch Asus  \/15.6 \/1920&#215;1080 \/tr 5ms \/hdmi \/vga \/vesa"},"content":{"rendered":"<table class=\"descripcion\">\n<tr>\n<td>Vt169he<\/td>\n<\/tr>\n<tr>\n<td>Monitor<\/td>\n<\/tr>\n<tr>\n<td>Tama\u00f1o del panel (pulgadas):15.6<\/td>\n<\/tr>\n<tr>\n<td>Relaci\u00f3n de aspecto:16:09<\/td>\n<\/tr>\n<tr>\n<td>\u00e1rea de visualizaci\u00f3n de la pantalla (h x v):344.16 x 193.59 mm<\/td>\n<\/tr>\n<tr>\n<td>Superficie de visualizaci\u00f3n:antideslumbrante<\/td>\n<\/tr>\n<tr>\n<td>Tipo de luz de fondo:led<\/td>\n<\/tr>\n<tr>\n<td>Tipo de panel:ips<\/td>\n<\/tr>\n<tr>\n<td>\u00e1ngulo de visi\u00f3n (cr  and #8807; 10, h \/ v):170\u00b0\/ 170\u00b0<\/td>\n<\/tr>\n<tr>\n<td>Tama\u00f1o de p\u00edxel :0,179 mm<\/td>\n<\/tr>\n<tr>\n<td>Resoluci\u00f3n :1920 x 1080<\/td>\n<\/tr>\n<tr>\n<td>Brillo (t\u00edpico):220cd\/ and #13217;<\/td>\n<\/tr>\n<tr>\n<td>Relaci\u00f3n de contraste (t\u00edpico):1200:01:00<\/td>\n<\/tr>\n<tr>\n<td>Colores de pantalla:262k<\/td>\n<\/tr>\n<tr>\n<td>Tiempo de respuesta :5ms(gtg)<\/td>\n<\/tr>\n<tr>\n<td>Frecuencia de actualizaci\u00f3n (m\u00e1x.):tipo 60 hz<\/td>\n<\/tr>\n<tr>\n<td>Tocar :yes (pcap touch)<\/td>\n<\/tr>\n<tr>\n<td>Vidrio de protecci\u00f3n:no<\/td>\n<\/tr>\n<tr>\n<td>Sin destellos :s\u00ed<\/td>\n<\/tr>\n<tr>\n<td>Caracter\u00edstica de video<\/td>\n<\/tr>\n<tr>\n<td>Tecnolog\u00eda trace free:yes<\/td>\n<\/tr>\n<tr>\n<td>Tecnologia splendid:s\u00ed<\/td>\n<\/tr>\n<tr>\n<td>Temperatura de color. selecci\u00f3n:s\u00ed (4 modos)<\/td>\n<\/tr>\n<tr>\n<td>Gameplus : s\u00ed<\/td>\n<\/tr>\n<tr>\n<td>Quickfit :yes<\/td>\n<\/tr>\n<tr>\n<td>Hdcp : s\u00ed<\/td>\n<\/tr>\n<tr>\n<td>Desenfoque de movimiento extremadamente bajo:n\/a<\/td>\n<\/tr>\n<tr>\n<td>Tecnolog\u00eda gamefast input:n\/a<\/td>\n<\/tr>\n<tr>\n<td>Impulso oscuro:s\u00ed<\/td>\n<\/tr>\n<tr>\n<td>Refuerzo de sombras:n\/a<\/td>\n<\/tr>\n<tr>\n<td>Desenfoque de movimiento ultra bajo:n\/a<\/td>\n<\/tr>\n<tr>\n<td>Widget de visualizaci\u00f3n:s\u00ed, displaywidget center<\/td>\n<\/tr>\n<tr>\n<td>Luz azul baja:s\u00ed<\/td>\n<\/tr>\n<tr>\n<td>Tecnolog\u00eda para el cuidado de los ojos:yes<\/td>\n<\/tr>\n<tr>\n<td>C\u00e1mara web :n\/a<\/td>\n<\/tr>\n<tr>\n<td>Caracter\u00edstica de audio<\/td>\n<\/tr>\n<tr>\n<td>Altavoz:no<\/td>\n<\/tr>\n<tr>\n<td>Puertos i\/o<\/td>\n<\/tr>\n<tr>\n<td>Hdmi(v1.4) x 1<\/td>\n<\/tr>\n<tr>\n<td>Vga x 1<\/td>\n<\/tr>\n<tr>\n<td>Frecuencia de la se\u00f1al<\/td>\n<\/tr>\n<tr>\n<td>Frecuencia de se\u00f1al digital:30~84khz (h) \/ 59~61hz (v)<\/td>\n<\/tr>\n<tr>\n<td>Frecuencia de se\u00f1al anal\u00f3gica:30~84khz (h) \/ 59~61hz (v)<\/td>\n<\/tr>\n<tr>\n<td>El consumo de energ\u00eda<\/td>\n<\/tr>\n<tr>\n<td>El consumo de energ\u00eda :7.38w<\/td>\n<\/tr>\n<tr>\n<td>Modo de ahorro de energ\u00eda : 0.5w<\/td>\n<\/tr>\n<tr>\n<td>Modo apagado:  0,5 w<\/td>\n<\/tr>\n<tr>\n<td>Voltaje :100-240v, 50\/60hz<\/td>\n<\/tr>\n<tr>\n<td>Dise\u00f1o mecanico<\/td>\n<\/tr>\n<tr>\n<td>Inclinaci\u00f3n:yes (+30\u00b0 ~ -5\u00b0)<\/td>\n<\/tr>\n<tr>\n<td>Ajuste de altura :no<\/td>\n<\/tr>\n<tr>\n<td>Montaje en pared vesa:75 x 75 mm<\/td>\n<\/tr>\n<tr>\n<td>Cerradura kensington :s\u00ed<\/td>\n<\/tr>\n<tr>\n<td>Dimensiones (esti.)<\/td>\n<\/tr>\n<tr>\n<td>Dimensi\u00f3n f\u00edsica (an x al x pr):37.78 x 28.07 x 18.94 cm (14.87 x 11.05 x 7.46)<\/td>\n<\/tr>\n<tr>\n<td>Phys. dimension without stand (w x h x d) : 37.78 x 23.59 x 4.40 cm (14.87 x 9.29 x 1.73)<\/td>\n<\/tr>\n<tr>\n<td>Dimensiones de la caja (an x al x pr):43.4 x 35.0 x 12.2 cm (17.09 x 13.78 x 4.80)<\/td>\n<\/tr>\n<tr>\n<td>Peso (esti.)<\/td>\n<\/tr>\n<tr>\n<td>Peso neto :1.46 kg (3.22 lbs)<\/td>\n<\/tr>\n<tr>\n<td>Peso bruto :2.93 kg (6.46 lbs)<\/td>\n<\/tr>\n<tr>\n<td>Certificado<\/td>\n<\/tr>\n<tr>\n<td>Energy star<\/td>\n<\/tr>\n<tr>\n<td>Epeat silver<\/td>\n<\/tr>\n<tr>\n<td>T\u00fcv sin parpadeo<\/td>\n<\/tr>\n<tr>\n<td>T\u00fcv luz azul baja<\/td>\n<\/tr>\n<tr>\n<td>Fsc mix<\/td>\n<\/tr>\n<\/table>\n","protected":false},"excerpt":{"rendered":"<p>Monitor t\u00e1ctil asus vt169he &#8211; 16 pulgadas &#8211; 40,64 cm (15,6 pulgadas &#8211; 39,62 cm visibles) fhd (1920&#215;1080), t\u00e1ctil de 10 puntos, ips, gran \u00e1ngulo de visi\u00f3n, sin marcos, sin parpadeos, baja luz azul, hdmi, compatible con windows 11<\/p>\n","protected":false},"featured_media":0,"comment_status":"open","ping_status":"open","template":"","meta":[],"product_cat":[1740,1742],"product_tag":[2096],"acf":[],"yoast_head":"<!-- This site is optimized with the Yoast SEO plugin v21.7 - https:\/\/yoast.com\/wordpress\/plugins\/seo\/ -->\n<title>[ Asus Oem ] &#129351; Vt169he Monitor Touch Asus \/15.6 \/1920x1080 \/tr 5ms \/hdmi \/vga \/vesa<\/title>\n<meta name=\"description\" content=\"Compra Vt169he Monitor Touch Asus \/15.6 \/1920x1080 \/tr 5ms \/hdmi \/vga \/vesa + Env\u00edo a domicilio + Pago seguro + Garant\u00eda\" \/>\n<meta name=\"robots\" content=\"index, follow, max-snippet:-1, max-image-preview:large, max-video-preview:-1\" \/>\n<link rel=\"canonical\" href=\"https:\/\/compuviper.mx\/tienda\/producto\/asus-oem-vt169he-monitor-touch-asus-15-6-1920x1080-tr-5ms-hdmi-vga-vesa\/\" \/>\n<meta property=\"og:locale\" content=\"es_MX\" \/>\n<meta property=\"og:type\" content=\"article\" \/>\n<meta property=\"og:title\" content=\"[ Asus Oem ] &#129351; Vt169he Monitor Touch Asus \/15.6 \/1920x1080 \/tr 5ms \/hdmi \/vga \/vesa\" \/>\n<meta property=\"og:description\" content=\"Compra Vt169he Monitor Touch Asus \/15.6 \/1920x1080 \/tr 5ms \/hdmi \/vga \/vesa + Env\u00edo a domicilio + Pago seguro + Garant\u00eda\" \/>\n<meta property=\"og:url\" content=\"https:\/\/compuviper.mx\/tienda\/producto\/asus-oem-vt169he-monitor-touch-asus-15-6-1920x1080-tr-5ms-hdmi-vga-vesa\/\" \/>\n<meta property=\"og:site_name\" content=\"Compuviper\" \/>\n<meta property=\"article:publisher\" content=\"https:\/\/www.facebook.com\/compuviper\" \/>\n<meta name=\"twitter:card\" content=\"summary_large_image\" \/>\n<meta name=\"twitter:label1\" content=\"Precio\" \/>\n\t<meta name=\"twitter:data1\" content=\"&#36;2,557 con IVA\" \/>\n\t<meta name=\"twitter:label2\" content=\"Availability\" \/>\n\t<meta name=\"twitter:data2\" content=\"In stock\" \/>\n<script type=\"application\/ld+json\" class=\"yoast-schema-graph\">{\"@context\":\"https:\/\/schema.org\",\"@graph\":[{\"@type\":\"WebPage\",\"@id\":\"https:\/\/compuviper.mx\/tienda\/producto\/asus-oem-vt169he-monitor-touch-asus-15-6-1920x1080-tr-5ms-hdmi-vga-vesa\/\",\"url\":\"https:\/\/compuviper.mx\/tienda\/producto\/asus-oem-vt169he-monitor-touch-asus-15-6-1920x1080-tr-5ms-hdmi-vga-vesa\/\",\"name\":\"[ Asus Oem ] &#129351; Vt169he Monitor Touch Asus \/15.6 \/1920x1080 \/tr 5ms \/hdmi \/vga \/vesa\",\"isPartOf\":{\"@id\":\"https:\/\/compuviper.mx\/tienda\/#website\"},\"datePublished\":\"2026-04-16T06:53:49+00:00\",\"dateModified\":\"2026-04-16T06:53:49+00:00\",\"description\":\"Compra Vt169he Monitor Touch Asus \/15.6 \/1920x1080 \/tr 5ms \/hdmi \/vga \/vesa + Env\u00edo a domicilio + Pago seguro + Garant\u00eda\",\"breadcrumb\":{\"@id\":\"https:\/\/compuviper.mx\/tienda\/producto\/asus-oem-vt169he-monitor-touch-asus-15-6-1920x1080-tr-5ms-hdmi-vga-vesa\/#breadcrumb\"},\"inLanguage\":\"es-MX\",\"potentialAction\":[{\"@type\":\"ReadAction\",\"target\":[\"https:\/\/compuviper.mx\/tienda\/producto\/asus-oem-vt169he-monitor-touch-asus-15-6-1920x1080-tr-5ms-hdmi-vga-vesa\/\"]}]},{\"@type\":\"BreadcrumbList\",\"@id\":\"https:\/\/compuviper.mx\/tienda\/producto\/asus-oem-vt169he-monitor-touch-asus-15-6-1920x1080-tr-5ms-hdmi-vga-vesa\/#breadcrumb\",\"itemListElement\":[{\"@type\":\"ListItem\",\"position\":1,\"name\":\"Inicio\",\"item\":\"https:\/\/compuviper.mx\/tienda\/\"},{\"@type\":\"ListItem\",\"position\":2,\"name\":\"Productos\",\"item\":\"https:\/\/compuviper.mx\/tienda\/productos\/\"},{\"@type\":\"ListItem\",\"position\":3,\"name\":\"Monitores\",\"item\":\"https:\/\/compuviper.mx\/tienda\/categoria-producto\/monitores\/\"},{\"@type\":\"ListItem\",\"position\":4,\"name\":\"Touch Screen\",\"item\":\"https:\/\/compuviper.mx\/tienda\/categoria-producto\/monitores\/touch-screen\/\"},{\"@type\":\"ListItem\",\"position\":5,\"name\":\"Asus Oem Vt169he Monitor Touch Asus \/15.6 \/1920&#215;1080 \/tr 5ms \/hdmi \/vga \/vesa\"}]},{\"@type\":\"WebSite\",\"@id\":\"https:\/\/compuviper.mx\/tienda\/#website\",\"url\":\"https:\/\/compuviper.mx\/tienda\/\",\"name\":\"Compuviper\",\"description\":\"Proveedor de Computadoras, Laptops, Servidores, Monitores, Puntos de Venta, Teclados,   Impresoras, T\u00f3ner, C\u00e1maras de Seguridad y m\u00e1s en tu tienda en l\u00ednea\",\"publisher\":{\"@id\":\"https:\/\/compuviper.mx\/tienda\/#organization\"},\"potentialAction\":[{\"@type\":\"SearchAction\",\"target\":{\"@type\":\"EntryPoint\",\"urlTemplate\":\"https:\/\/compuviper.mx\/tienda\/?s={search_term_string}\"},\"query-input\":\"required name=search_term_string\"}],\"inLanguage\":\"es-MX\"},{\"@type\":\"Organization\",\"@id\":\"https:\/\/compuviper.mx\/tienda\/#organization\",\"name\":\"Compuviper\",\"url\":\"https:\/\/compuviper.mx\/tienda\/\",\"logo\":{\"@type\":\"ImageObject\",\"inLanguage\":\"es-MX\",\"@id\":\"https:\/\/compuviper.mx\/tienda\/#\/schema\/logo\/image\/\",\"url\":\"https:\/\/compuviper.mx\/tienda\/wp-content\/uploads\/2021\/08\/Logo-Compuviper-10.png\",\"contentUrl\":\"https:\/\/compuviper.mx\/tienda\/wp-content\/uploads\/2021\/08\/Logo-Compuviper-10.png\",\"width\":1000,\"height\":500,\"caption\":\"Compuviper\"},\"image\":{\"@id\":\"https:\/\/compuviper.mx\/tienda\/#\/schema\/logo\/image\/\"},\"sameAs\":[\"https:\/\/www.facebook.com\/compuviper\",\"https:\/\/www.youtube.com\/channel\/UCf73dERp9Y3cfOq7q8BhLjA?view_as=subscriber\"]}]}<\/script>\n<meta property=\"product:brand\" content=\"Asus Oem\" \/>\n<meta property=\"product:price:amount\" content=\"2557\" \/>\n<meta property=\"product:price:currency\" content=\"MXN\" \/>\n<meta property=\"og:availability\" content=\"instock\" \/>\n<meta property=\"product:availability\" content=\"instock\" \/>\n<meta property=\"product:retailer_item_id\" content=\"VT169HE\" \/>\n<meta property=\"product:condition\" content=\"new\" \/>\n<!-- \/ Yoast SEO plugin. -->","yoast_head_json":{"title":"[ Asus Oem ] &#129351; Vt169he Monitor Touch Asus \/15.6 \/1920x1080 \/tr 5ms \/hdmi \/vga \/vesa","description":"Compra Vt169he Monitor Touch Asus \/15.6 \/1920x1080 \/tr 5ms \/hdmi \/vga \/vesa + Env\u00edo a domicilio + Pago seguro + Garant\u00eda","robots":{"index":"index","follow":"follow","max-snippet":"max-snippet:-1","max-image-preview":"max-image-preview:large","max-video-preview":"max-video-preview:-1"},"canonical":"https:\/\/compuviper.mx\/tienda\/producto\/asus-oem-vt169he-monitor-touch-asus-15-6-1920x1080-tr-5ms-hdmi-vga-vesa\/","og_locale":"es_MX","og_type":"article","og_title":"[ Asus Oem ] &#129351; Vt169he Monitor Touch Asus \/15.6 \/1920x1080 \/tr 5ms \/hdmi \/vga \/vesa","og_description":"Compra Vt169he Monitor Touch Asus \/15.6 \/1920x1080 \/tr 5ms \/hdmi \/vga \/vesa + Env\u00edo a domicilio + Pago seguro + Garant\u00eda","og_url":"https:\/\/compuviper.mx\/tienda\/producto\/asus-oem-vt169he-monitor-touch-asus-15-6-1920x1080-tr-5ms-hdmi-vga-vesa\/","og_site_name":"Compuviper","article_publisher":"https:\/\/www.facebook.com\/compuviper","twitter_card":"summary_large_image","twitter_misc":{"Precio":"&#36;2,557 con IVA","Availability":"In stock"},"schema":{"@context":"https:\/\/schema.org","@graph":[{"@type":"WebPage","@id":"https:\/\/compuviper.mx\/tienda\/producto\/asus-oem-vt169he-monitor-touch-asus-15-6-1920x1080-tr-5ms-hdmi-vga-vesa\/","url":"https:\/\/compuviper.mx\/tienda\/producto\/asus-oem-vt169he-monitor-touch-asus-15-6-1920x1080-tr-5ms-hdmi-vga-vesa\/","name":"[ Asus Oem ] &#129351; Vt169he Monitor Touch Asus \/15.6 \/1920x1080 \/tr 5ms \/hdmi \/vga \/vesa","isPartOf":{"@id":"https:\/\/compuviper.mx\/tienda\/#website"},"datePublished":"2026-04-16T06:53:49+00:00","dateModified":"2026-04-16T06:53:49+00:00","description":"Compra Vt169he Monitor Touch Asus \/15.6 \/1920x1080 \/tr 5ms \/hdmi \/vga \/vesa + Env\u00edo a domicilio + Pago seguro + Garant\u00eda","breadcrumb":{"@id":"https:\/\/compuviper.mx\/tienda\/producto\/asus-oem-vt169he-monitor-touch-asus-15-6-1920x1080-tr-5ms-hdmi-vga-vesa\/#breadcrumb"},"inLanguage":"es-MX","potentialAction":[{"@type":"ReadAction","target":["https:\/\/compuviper.mx\/tienda\/producto\/asus-oem-vt169he-monitor-touch-asus-15-6-1920x1080-tr-5ms-hdmi-vga-vesa\/"]}]},{"@type":"BreadcrumbList","@id":"https:\/\/compuviper.mx\/tienda\/producto\/asus-oem-vt169he-monitor-touch-asus-15-6-1920x1080-tr-5ms-hdmi-vga-vesa\/#breadcrumb","itemListElement":[{"@type":"ListItem","position":1,"name":"Inicio","item":"https:\/\/compuviper.mx\/tienda\/"},{"@type":"ListItem","position":2,"name":"Productos","item":"https:\/\/compuviper.mx\/tienda\/productos\/"},{"@type":"ListItem","position":3,"name":"Monitores","item":"https:\/\/compuviper.mx\/tienda\/categoria-producto\/monitores\/"},{"@type":"ListItem","position":4,"name":"Touch Screen","item":"https:\/\/compuviper.mx\/tienda\/categoria-producto\/monitores\/touch-screen\/"},{"@type":"ListItem","position":5,"name":"Asus Oem Vt169he Monitor Touch Asus \/15.6 \/1920&#215;1080 \/tr 5ms \/hdmi \/vga \/vesa"}]},{"@type":"WebSite","@id":"https:\/\/compuviper.mx\/tienda\/#website","url":"https:\/\/compuviper.mx\/tienda\/","name":"Compuviper","description":"Proveedor de Computadoras, Laptops, Servidores, Monitores, Puntos de Venta, Teclados,   Impresoras, T\u00f3ner, C\u00e1maras de Seguridad y m\u00e1s en tu tienda en l\u00ednea","publisher":{"@id":"https:\/\/compuviper.mx\/tienda\/#organization"},"potentialAction":[{"@type":"SearchAction","target":{"@type":"EntryPoint","urlTemplate":"https:\/\/compuviper.mx\/tienda\/?s={search_term_string}"},"query-input":"required name=search_term_string"}],"inLanguage":"es-MX"},{"@type":"Organization","@id":"https:\/\/compuviper.mx\/tienda\/#organization","name":"Compuviper","url":"https:\/\/compuviper.mx\/tienda\/","logo":{"@type":"ImageObject","inLanguage":"es-MX","@id":"https:\/\/compuviper.mx\/tienda\/#\/schema\/logo\/image\/","url":"https:\/\/compuviper.mx\/tienda\/wp-content\/uploads\/2021\/08\/Logo-Compuviper-10.png","contentUrl":"https:\/\/compuviper.mx\/tienda\/wp-content\/uploads\/2021\/08\/Logo-Compuviper-10.png","width":1000,"height":500,"caption":"Compuviper"},"image":{"@id":"https:\/\/compuviper.mx\/tienda\/#\/schema\/logo\/image\/"},"sameAs":["https:\/\/www.facebook.com\/compuviper","https:\/\/www.youtube.com\/channel\/UCf73dERp9Y3cfOq7q8BhLjA?view_as=subscriber"]}]},"product_brand":"Asus Oem","product_price_amount":"2557","product_price_currency":"MXN","og_availability":"instock","product_availability":"instock","product_retailer_item_id":"VT169HE","product_condition":"new"},"_links":{"self":[{"href":"https:\/\/compuviper.mx\/tienda\/wp-json\/wp\/v2\/product\/268691"}],"collection":[{"href":"https:\/\/compuviper.mx\/tienda\/wp-json\/wp\/v2\/product"}],"about":[{"href":"https:\/\/compuviper.mx\/tienda\/wp-json\/wp\/v2\/types\/product"}],"replies":[{"embeddable":true,"href":"https:\/\/compuviper.mx\/tienda\/wp-json\/wp\/v2\/comments?post=268691"}],"wp:attachment":[{"href":"https:\/\/compuviper.mx\/tienda\/wp-json\/wp\/v2\/media?parent=268691"}],"wp:term":[{"taxonomy":"product_cat","embeddable":true,"href":"https:\/\/compuviper.mx\/tienda\/wp-json\/wp\/v2\/product_cat?post=268691"},{"taxonomy":"product_tag","embeddable":true,"href":"https:\/\/compuviper.mx\/tienda\/wp-json\/wp\/v2\/product_tag?post=268691"}],"curies":[{"name":"wp","href":"https:\/\/api.w.org\/{rel}","templated":true}]}}