{"id":268685,"date":"2026-04-14T00:39:02","date_gmt":"2026-04-14T06:39:02","guid":{"rendered":"https:\/\/compuviper.mx\/tienda\/producto\/biwin-acer-bl-9bwwr-136-unidad-de-estado-solido-ssd-interno-predator-gm9-1tb-m-2-2280-nvme-pcie-gen-5x4-lect-14000-escrit-7300-mbs-tlc-nand-pc-laptop-minipc-bl-9bwwr-133\/"},"modified":"2026-04-14T00:39:02","modified_gmt":"2026-04-14T06:39:02","slug":"biwin-acer-bl-9bwwr-136-unidad-de-estado-solido-ssd-interno-predator-gm9-1tb-m-2-2280-nvme-pcie-gen-5x4-lect-14000-escrit-7300-mbs-tlc-nand-pc-laptop-minipc-bl-9bwwr-133","status":"publish","type":"product","link":"https:\/\/compuviper.mx\/tienda\/producto\/biwin-acer-bl-9bwwr-136-unidad-de-estado-solido-ssd-interno-predator-gm9-1tb-m-2-2280-nvme-pcie-gen-5x4-lect-14000-escrit-7300-mbs-tlc-nand-pc-laptop-minipc-bl-9bwwr-133\/","title":{"rendered":"Biwin Acer Bl.9bwwr.136 Unidad De Estado Solido Ssd Interno Predator Gm9 1tb M.2 2280 Nvme Pcie Gen 5&#215;4 Lect.14,000 Escrit.7,300 Mbs Tlc Nand Pc Laptop Minipc  Bl.9bwwr.133"},"content":{"rendered":"<table class=\"descripcion\">\n<tr>\n<td>Especificaci\u00f3n<\/td>\n<\/tr>\n<tr>\n<td>Nombre del modelo: predator gm9<\/td>\n<\/tr>\n<tr>\n<td>Factor de forma: m.2 2280<\/td>\n<\/tr>\n<tr>\n<td>Interfaz: pcie gen5\u00d74, nvme 2.0<\/td>\n<\/tr>\n<tr>\n<td>Cach\u00e9 dram: sin dram<\/td>\n<\/tr>\n<tr>\n<td>Lectura secuencial (m\u00e1x.): 14,000 mb\/s<\/td>\n<\/tr>\n<tr>\n<td>Escritura secuencial (m\u00e1x.): 7,300 mb\/s<\/td>\n<\/tr>\n<tr>\n<td>Lectura aleatoria 4k (m\u00e1x.): 1,600k iops<\/td>\n<\/tr>\n<tr>\n<td>Escritura aleatoria 4k (m\u00e1x.): 1,000k iops<\/td>\n<\/tr>\n<tr>\n<td>Dimensiones: 80.00 \u00d7 22.00 \u00d7 2.50 mm (un solo lado)<\/td>\n<\/tr>\n<tr>\n<td>Peso:  and #8804; 10 g<\/td>\n<\/tr>\n<tr>\n<td>Temperatura de operaci\u00f3n 0\u00b0c a +70\u00b0c<\/td>\n<\/tr>\n<tr>\n<td>Temperatura de almacenamiento -40\u00b0c a +85\u00b0c<\/td>\n<\/tr>\n<tr>\n<td>Mtbf: 1,500,000 horas<\/td>\n<\/tr>\n<tr>\n<td>Certificaciones: rohs, fcc, ce, cb, kcc, bsmi, vcci, rcm, ukca<\/td>\n<\/tr>\n<tr>\n<td>Garant\u00eda: 5 a\u00f1os \/ 600 tbw<\/td>\n<\/tr>\n<tr>\n<td>1.probado en nuestros laboratorios. el rendimiento real puede variar seg\u00fan los sistemas, dispositivos o entorno.<\/td>\n<\/tr>\n<tr>\n<td>2. se requiere mantenimiento y actualizaciones futuras durante el ciclo de vida del producto. las especificaciones est\u00e1n sujetas a cambios sin previo aviso.<\/td>\n<\/tr>\n<tr>\n<td>3.las im\u00e1genes son solo ilustrativas. los productos reales pueden variar debido a mejoras o cambios en el producto.<\/td>\n<\/tr>\n<tr>\n<td>4.no todos los productos se venden en todas las regiones del mundo.<\/td>\n<\/tr>\n<tr>\n<td>5.en cuanto a la capacidad de almacenamiento, un megabyte (mb) = un mill\u00f3n de bytes, un gigabyte (gb) = mil millones de bytes y un terabyte (tb) = un bill\u00f3n de bytes. la capacidad total accesible var\u00eda seg\u00fan<\/td>\n<\/tr>\n<\/table>\n","protected":false},"excerpt":{"rendered":"<p>Predator gm9. El ssd predator gm9 pcie gen5x4 ofrece impresionantes velocidades de lectura secuencial de hasta 14,500 mb\/s y velocidades de escritura de hasta 11,000 mb\/s. Est\u00e1 impulsado por un controlador de alto rendimiento de 8 canales con un dise\u00f1o sin dram que garantiza un procesamiento eficiente de datos y un rendimiento confiable. Para mejorar la gesti\u00f3n t\u00e9rmica, el predator gm9 cuenta con una almohadilla t\u00e9rmica compuesta de cobre y grafeno para una disipaci\u00f3n de calor superior. Este dise\u00f1o asegura un rendimiento confiable y de alta velocidad incluso en las aplicaciones m\u00e1s exigentes.<\/p>\n","protected":false},"featured_media":0,"comment_status":"open","ping_status":"open","template":"","meta":[],"product_cat":[1703,1708],"product_tag":[2216],"acf":[],"yoast_head":"<!-- This site is optimized with the Yoast SEO plugin v21.7 - https:\/\/yoast.com\/wordpress\/plugins\/seo\/ -->\n<title>[ Biwin Acer ] &#129351; Bl.9bwwr.136 Unidad De Estado Solido Ssd Interno Predator Gm9 1tb M.2 2280 Nvme Pcie Gen 5x4 Lect.14,000 Escrit.7,300 Mbs Tlc Nand Pc Laptop Minipc Bl.9bwwr.133<\/title>\n<meta name=\"description\" content=\"Compra Bl.9bwwr.136 Unidad De Estado Solido Ssd Interno Predator Gm9 1tb M.2 2280 Nvme Pcie Gen 5x4 Lect.14,000 Escrit.7,300 Mbs Tlc Nand Pc Laptop Minipc Bl.9bwwr.133 + Env\u00edo a domicilio + Pago seguro + Garant\u00eda\" \/>\n<meta name=\"robots\" content=\"index, follow, max-snippet:-1, max-image-preview:large, max-video-preview:-1\" \/>\n<link rel=\"canonical\" href=\"https:\/\/compuviper.mx\/tienda\/producto\/biwin-acer-bl-9bwwr-136-unidad-de-estado-solido-ssd-interno-predator-gm9-1tb-m-2-2280-nvme-pcie-gen-5x4-lect-14000-escrit-7300-mbs-tlc-nand-pc-laptop-minipc-bl-9bwwr-133\/\" \/>\n<meta property=\"og:locale\" content=\"es_MX\" \/>\n<meta property=\"og:type\" content=\"article\" \/>\n<meta property=\"og:title\" content=\"[ Biwin Acer ] &#129351; Bl.9bwwr.136 Unidad De Estado Solido Ssd Interno Predator Gm9 1tb M.2 2280 Nvme Pcie Gen 5x4 Lect.14,000 Escrit.7,300 Mbs Tlc Nand Pc Laptop Minipc Bl.9bwwr.133\" \/>\n<meta property=\"og:description\" content=\"Compra Bl.9bwwr.136 Unidad De Estado Solido Ssd Interno Predator Gm9 1tb M.2 2280 Nvme Pcie Gen 5x4 Lect.14,000 Escrit.7,300 Mbs Tlc Nand Pc Laptop Minipc Bl.9bwwr.133 + Env\u00edo a domicilio + Pago seguro + Garant\u00eda\" \/>\n<meta property=\"og:url\" content=\"https:\/\/compuviper.mx\/tienda\/producto\/biwin-acer-bl-9bwwr-136-unidad-de-estado-solido-ssd-interno-predator-gm9-1tb-m-2-2280-nvme-pcie-gen-5x4-lect-14000-escrit-7300-mbs-tlc-nand-pc-laptop-minipc-bl-9bwwr-133\/\" \/>\n<meta property=\"og:site_name\" content=\"Compuviper\" \/>\n<meta property=\"article:publisher\" content=\"https:\/\/www.facebook.com\/compuviper\" \/>\n<meta name=\"twitter:card\" content=\"summary_large_image\" \/>\n<meta name=\"twitter:label1\" content=\"Precio\" \/>\n\t<meta name=\"twitter:data1\" content=\"&#36;3,543 con IVA\" \/>\n\t<meta name=\"twitter:label2\" content=\"Availability\" \/>\n\t<meta name=\"twitter:data2\" content=\"In stock\" \/>\n<script type=\"application\/ld+json\" class=\"yoast-schema-graph\">{\"@context\":\"https:\/\/schema.org\",\"@graph\":[{\"@type\":\"WebPage\",\"@id\":\"https:\/\/compuviper.mx\/tienda\/producto\/biwin-acer-bl-9bwwr-136-unidad-de-estado-solido-ssd-interno-predator-gm9-1tb-m-2-2280-nvme-pcie-gen-5x4-lect-14000-escrit-7300-mbs-tlc-nand-pc-laptop-minipc-bl-9bwwr-133\/\",\"url\":\"https:\/\/compuviper.mx\/tienda\/producto\/biwin-acer-bl-9bwwr-136-unidad-de-estado-solido-ssd-interno-predator-gm9-1tb-m-2-2280-nvme-pcie-gen-5x4-lect-14000-escrit-7300-mbs-tlc-nand-pc-laptop-minipc-bl-9bwwr-133\/\",\"name\":\"[ Biwin Acer ] &#129351; Bl.9bwwr.136 Unidad De Estado Solido Ssd Interno Predator Gm9 1tb M.2 2280 Nvme Pcie Gen 5x4 Lect.14,000 Escrit.7,300 Mbs Tlc Nand Pc Laptop Minipc Bl.9bwwr.133\",\"isPartOf\":{\"@id\":\"https:\/\/compuviper.mx\/tienda\/#website\"},\"datePublished\":\"2026-04-14T06:39:02+00:00\",\"dateModified\":\"2026-04-14T06:39:02+00:00\",\"description\":\"Compra Bl.9bwwr.136 Unidad De Estado Solido Ssd Interno Predator Gm9 1tb M.2 2280 Nvme Pcie Gen 5x4 Lect.14,000 Escrit.7,300 Mbs Tlc Nand Pc Laptop Minipc Bl.9bwwr.133 + Env\u00edo a domicilio + Pago seguro + Garant\u00eda\",\"breadcrumb\":{\"@id\":\"https:\/\/compuviper.mx\/tienda\/producto\/biwin-acer-bl-9bwwr-136-unidad-de-estado-solido-ssd-interno-predator-gm9-1tb-m-2-2280-nvme-pcie-gen-5x4-lect-14000-escrit-7300-mbs-tlc-nand-pc-laptop-minipc-bl-9bwwr-133\/#breadcrumb\"},\"inLanguage\":\"es-MX\",\"potentialAction\":[{\"@type\":\"ReadAction\",\"target\":[\"https:\/\/compuviper.mx\/tienda\/producto\/biwin-acer-bl-9bwwr-136-unidad-de-estado-solido-ssd-interno-predator-gm9-1tb-m-2-2280-nvme-pcie-gen-5x4-lect-14000-escrit-7300-mbs-tlc-nand-pc-laptop-minipc-bl-9bwwr-133\/\"]}]},{\"@type\":\"BreadcrumbList\",\"@id\":\"https:\/\/compuviper.mx\/tienda\/producto\/biwin-acer-bl-9bwwr-136-unidad-de-estado-solido-ssd-interno-predator-gm9-1tb-m-2-2280-nvme-pcie-gen-5x4-lect-14000-escrit-7300-mbs-tlc-nand-pc-laptop-minipc-bl-9bwwr-133\/#breadcrumb\",\"itemListElement\":[{\"@type\":\"ListItem\",\"position\":1,\"name\":\"Inicio\",\"item\":\"https:\/\/compuviper.mx\/tienda\/\"},{\"@type\":\"ListItem\",\"position\":2,\"name\":\"Productos\",\"item\":\"https:\/\/compuviper.mx\/tienda\/productos\/\"},{\"@type\":\"ListItem\",\"position\":3,\"name\":\"Biwin Acer Bl.9bwwr.136 Unidad De Estado Solido Ssd Interno Predator Gm9 1tb M.2 2280 Nvme Pcie Gen 5&#215;4 Lect.14,000 Escrit.7,300 Mbs Tlc Nand Pc Laptop Minipc Bl.9bwwr.133\"}]},{\"@type\":\"WebSite\",\"@id\":\"https:\/\/compuviper.mx\/tienda\/#website\",\"url\":\"https:\/\/compuviper.mx\/tienda\/\",\"name\":\"Compuviper\",\"description\":\"Proveedor de Computadoras, Laptops, Servidores, Monitores, Puntos de Venta, Teclados,   Impresoras, T\u00f3ner, C\u00e1maras de Seguridad y m\u00e1s en tu tienda en l\u00ednea\",\"publisher\":{\"@id\":\"https:\/\/compuviper.mx\/tienda\/#organization\"},\"potentialAction\":[{\"@type\":\"SearchAction\",\"target\":{\"@type\":\"EntryPoint\",\"urlTemplate\":\"https:\/\/compuviper.mx\/tienda\/?s={search_term_string}\"},\"query-input\":\"required name=search_term_string\"}],\"inLanguage\":\"es-MX\"},{\"@type\":\"Organization\",\"@id\":\"https:\/\/compuviper.mx\/tienda\/#organization\",\"name\":\"Compuviper\",\"url\":\"https:\/\/compuviper.mx\/tienda\/\",\"logo\":{\"@type\":\"ImageObject\",\"inLanguage\":\"es-MX\",\"@id\":\"https:\/\/compuviper.mx\/tienda\/#\/schema\/logo\/image\/\",\"url\":\"https:\/\/compuviper.mx\/tienda\/wp-content\/uploads\/2021\/08\/Logo-Compuviper-10.png\",\"contentUrl\":\"https:\/\/compuviper.mx\/tienda\/wp-content\/uploads\/2021\/08\/Logo-Compuviper-10.png\",\"width\":1000,\"height\":500,\"caption\":\"Compuviper\"},\"image\":{\"@id\":\"https:\/\/compuviper.mx\/tienda\/#\/schema\/logo\/image\/\"},\"sameAs\":[\"https:\/\/www.facebook.com\/compuviper\",\"https:\/\/www.youtube.com\/channel\/UCf73dERp9Y3cfOq7q8BhLjA?view_as=subscriber\"]}]}<\/script>\n<meta property=\"product:brand\" content=\"Biwin Acer\" \/>\n<meta property=\"product:price:amount\" content=\"3543\" \/>\n<meta property=\"product:price:currency\" content=\"MXN\" \/>\n<meta property=\"og:availability\" content=\"instock\" \/>\n<meta property=\"product:availability\" content=\"instock\" \/>\n<meta property=\"product:retailer_item_id\" content=\"BL.9BWWR.136\" \/>\n<meta property=\"product:condition\" content=\"new\" \/>\n<!-- \/ Yoast SEO plugin. -->","yoast_head_json":{"title":"[ Biwin Acer ] &#129351; Bl.9bwwr.136 Unidad De Estado Solido Ssd Interno Predator Gm9 1tb M.2 2280 Nvme Pcie Gen 5x4 Lect.14,000 Escrit.7,300 Mbs Tlc Nand Pc Laptop Minipc Bl.9bwwr.133","description":"Compra Bl.9bwwr.136 Unidad De Estado Solido Ssd Interno Predator Gm9 1tb M.2 2280 Nvme Pcie Gen 5x4 Lect.14,000 Escrit.7,300 Mbs Tlc Nand Pc Laptop Minipc Bl.9bwwr.133 + Env\u00edo a domicilio + Pago seguro + Garant\u00eda","robots":{"index":"index","follow":"follow","max-snippet":"max-snippet:-1","max-image-preview":"max-image-preview:large","max-video-preview":"max-video-preview:-1"},"canonical":"https:\/\/compuviper.mx\/tienda\/producto\/biwin-acer-bl-9bwwr-136-unidad-de-estado-solido-ssd-interno-predator-gm9-1tb-m-2-2280-nvme-pcie-gen-5x4-lect-14000-escrit-7300-mbs-tlc-nand-pc-laptop-minipc-bl-9bwwr-133\/","og_locale":"es_MX","og_type":"article","og_title":"[ Biwin Acer ] &#129351; Bl.9bwwr.136 Unidad De Estado Solido Ssd Interno Predator Gm9 1tb M.2 2280 Nvme Pcie Gen 5x4 Lect.14,000 Escrit.7,300 Mbs Tlc Nand Pc Laptop Minipc Bl.9bwwr.133","og_description":"Compra Bl.9bwwr.136 Unidad De Estado Solido Ssd Interno Predator Gm9 1tb M.2 2280 Nvme Pcie Gen 5x4 Lect.14,000 Escrit.7,300 Mbs Tlc Nand Pc Laptop Minipc Bl.9bwwr.133 + Env\u00edo a domicilio + Pago seguro + Garant\u00eda","og_url":"https:\/\/compuviper.mx\/tienda\/producto\/biwin-acer-bl-9bwwr-136-unidad-de-estado-solido-ssd-interno-predator-gm9-1tb-m-2-2280-nvme-pcie-gen-5x4-lect-14000-escrit-7300-mbs-tlc-nand-pc-laptop-minipc-bl-9bwwr-133\/","og_site_name":"Compuviper","article_publisher":"https:\/\/www.facebook.com\/compuviper","twitter_card":"summary_large_image","twitter_misc":{"Precio":"&#36;3,543 con IVA","Availability":"In stock"},"schema":{"@context":"https:\/\/schema.org","@graph":[{"@type":"WebPage","@id":"https:\/\/compuviper.mx\/tienda\/producto\/biwin-acer-bl-9bwwr-136-unidad-de-estado-solido-ssd-interno-predator-gm9-1tb-m-2-2280-nvme-pcie-gen-5x4-lect-14000-escrit-7300-mbs-tlc-nand-pc-laptop-minipc-bl-9bwwr-133\/","url":"https:\/\/compuviper.mx\/tienda\/producto\/biwin-acer-bl-9bwwr-136-unidad-de-estado-solido-ssd-interno-predator-gm9-1tb-m-2-2280-nvme-pcie-gen-5x4-lect-14000-escrit-7300-mbs-tlc-nand-pc-laptop-minipc-bl-9bwwr-133\/","name":"[ Biwin Acer ] &#129351; Bl.9bwwr.136 Unidad De Estado Solido Ssd Interno Predator Gm9 1tb M.2 2280 Nvme Pcie Gen 5x4 Lect.14,000 Escrit.7,300 Mbs Tlc Nand Pc Laptop Minipc Bl.9bwwr.133","isPartOf":{"@id":"https:\/\/compuviper.mx\/tienda\/#website"},"datePublished":"2026-04-14T06:39:02+00:00","dateModified":"2026-04-14T06:39:02+00:00","description":"Compra Bl.9bwwr.136 Unidad De Estado Solido Ssd Interno Predator Gm9 1tb M.2 2280 Nvme Pcie Gen 5x4 Lect.14,000 Escrit.7,300 Mbs Tlc Nand Pc Laptop Minipc Bl.9bwwr.133 + Env\u00edo a domicilio + Pago seguro + Garant\u00eda","breadcrumb":{"@id":"https:\/\/compuviper.mx\/tienda\/producto\/biwin-acer-bl-9bwwr-136-unidad-de-estado-solido-ssd-interno-predator-gm9-1tb-m-2-2280-nvme-pcie-gen-5x4-lect-14000-escrit-7300-mbs-tlc-nand-pc-laptop-minipc-bl-9bwwr-133\/#breadcrumb"},"inLanguage":"es-MX","potentialAction":[{"@type":"ReadAction","target":["https:\/\/compuviper.mx\/tienda\/producto\/biwin-acer-bl-9bwwr-136-unidad-de-estado-solido-ssd-interno-predator-gm9-1tb-m-2-2280-nvme-pcie-gen-5x4-lect-14000-escrit-7300-mbs-tlc-nand-pc-laptop-minipc-bl-9bwwr-133\/"]}]},{"@type":"BreadcrumbList","@id":"https:\/\/compuviper.mx\/tienda\/producto\/biwin-acer-bl-9bwwr-136-unidad-de-estado-solido-ssd-interno-predator-gm9-1tb-m-2-2280-nvme-pcie-gen-5x4-lect-14000-escrit-7300-mbs-tlc-nand-pc-laptop-minipc-bl-9bwwr-133\/#breadcrumb","itemListElement":[{"@type":"ListItem","position":1,"name":"Inicio","item":"https:\/\/compuviper.mx\/tienda\/"},{"@type":"ListItem","position":2,"name":"Productos","item":"https:\/\/compuviper.mx\/tienda\/productos\/"},{"@type":"ListItem","position":3,"name":"Biwin Acer Bl.9bwwr.136 Unidad De Estado Solido Ssd Interno Predator Gm9 1tb M.2 2280 Nvme Pcie Gen 5&#215;4 Lect.14,000 Escrit.7,300 Mbs Tlc Nand Pc Laptop Minipc Bl.9bwwr.133"}]},{"@type":"WebSite","@id":"https:\/\/compuviper.mx\/tienda\/#website","url":"https:\/\/compuviper.mx\/tienda\/","name":"Compuviper","description":"Proveedor de Computadoras, Laptops, Servidores, Monitores, Puntos de Venta, Teclados,   Impresoras, T\u00f3ner, C\u00e1maras de Seguridad y m\u00e1s en tu tienda en l\u00ednea","publisher":{"@id":"https:\/\/compuviper.mx\/tienda\/#organization"},"potentialAction":[{"@type":"SearchAction","target":{"@type":"EntryPoint","urlTemplate":"https:\/\/compuviper.mx\/tienda\/?s={search_term_string}"},"query-input":"required name=search_term_string"}],"inLanguage":"es-MX"},{"@type":"Organization","@id":"https:\/\/compuviper.mx\/tienda\/#organization","name":"Compuviper","url":"https:\/\/compuviper.mx\/tienda\/","logo":{"@type":"ImageObject","inLanguage":"es-MX","@id":"https:\/\/compuviper.mx\/tienda\/#\/schema\/logo\/image\/","url":"https:\/\/compuviper.mx\/tienda\/wp-content\/uploads\/2021\/08\/Logo-Compuviper-10.png","contentUrl":"https:\/\/compuviper.mx\/tienda\/wp-content\/uploads\/2021\/08\/Logo-Compuviper-10.png","width":1000,"height":500,"caption":"Compuviper"},"image":{"@id":"https:\/\/compuviper.mx\/tienda\/#\/schema\/logo\/image\/"},"sameAs":["https:\/\/www.facebook.com\/compuviper","https:\/\/www.youtube.com\/channel\/UCf73dERp9Y3cfOq7q8BhLjA?view_as=subscriber"]}]},"product_brand":"Biwin Acer","product_price_amount":"3543","product_price_currency":"MXN","og_availability":"instock","product_availability":"instock","product_retailer_item_id":"BL.9BWWR.136","product_condition":"new"},"_links":{"self":[{"href":"https:\/\/compuviper.mx\/tienda\/wp-json\/wp\/v2\/product\/268685"}],"collection":[{"href":"https:\/\/compuviper.mx\/tienda\/wp-json\/wp\/v2\/product"}],"about":[{"href":"https:\/\/compuviper.mx\/tienda\/wp-json\/wp\/v2\/types\/product"}],"replies":[{"embeddable":true,"href":"https:\/\/compuviper.mx\/tienda\/wp-json\/wp\/v2\/comments?post=268685"}],"wp:attachment":[{"href":"https:\/\/compuviper.mx\/tienda\/wp-json\/wp\/v2\/media?parent=268685"}],"wp:term":[{"taxonomy":"product_cat","embeddable":true,"href":"https:\/\/compuviper.mx\/tienda\/wp-json\/wp\/v2\/product_cat?post=268685"},{"taxonomy":"product_tag","embeddable":true,"href":"https:\/\/compuviper.mx\/tienda\/wp-json\/wp\/v2\/product_tag?post=268685"}],"curies":[{"name":"wp","href":"https:\/\/api.w.org\/{rel}","templated":true}]}}