{"id":268683,"date":"2026-04-14T00:35:42","date_gmt":"2026-04-14T06:35:42","guid":{"rendered":"https:\/\/compuviper.mx\/tienda\/producto\/biwin-acer-bl-9bwwr-119-unidad-de-estado-solido-ssd-interno-predator-gm7-2tb-m-2-2280-nvme-pcie-4-0-lect-7200-escrit-6300-mb-s\/"},"modified":"2026-04-14T00:35:42","modified_gmt":"2026-04-14T06:35:42","slug":"biwin-acer-bl-9bwwr-119-unidad-de-estado-solido-ssd-interno-predator-gm7-2tb-m-2-2280-nvme-pcie-4-0-lect-7200-escrit-6300-mb-s","status":"publish","type":"product","link":"https:\/\/compuviper.mx\/tienda\/producto\/biwin-acer-bl-9bwwr-119-unidad-de-estado-solido-ssd-interno-predator-gm7-2tb-m-2-2280-nvme-pcie-4-0-lect-7200-escrit-6300-mb-s\/","title":{"rendered":"Biwin Acer Bl.9bwwr.119 Unidad De Estado Solido Ssd Interno Predator Gm7 2tb M.2 2280 Nvme Pcie 4.0 Lect. 7200 Escrit. 6300 Mb\/s ()"},"content":{"rendered":"<table class=\"descripcion\">\n<tr>\n<td>\u0095capacidad: 2000 gb<\/td>\n<\/tr>\n<tr>\n<td>\u0095interface: pci express 4.0<\/td>\n<\/tr>\n<tr>\n<td>\u0095velocidad de lectura: 7200 mb\/s<\/td>\n<\/tr>\n<tr>\n<td>\u0095velocidad de escritura: 6300 mb\/s<\/td>\n<\/tr>\n<tr>\n<td>Garantia: 5 a\u00f1os<\/td>\n<\/tr>\n<\/table>\n","protected":false},"excerpt":{"rendered":"<p>El ssd acer gm7 nvme es un dispositivo de almacenamiento interno para pc y computadoras port\u00e1tiles con una capacidad de 2tb. Este componente cuenta con la versi\u00f3n nvm express (nvme) 1.4, lo que garantiza una alta velocidad en la transferencia de datos gracias a su interfaz pci express 4.0. Con una altura de tan solo 22 mm y un factor de forma m.2, este disco duro s\u00f3lido se adapta perfectamente a cualquier equipo sin ocupar demasiado espacio f\u00edsico dentro del mismo. Adem\u00e1s, el ssd acer gm7 nvme est\u00e1 dise\u00f1ado para resistir golpes y vibraciones gracias a sus funciones de protecci\u00f3n contra estos factores externos que pueden afectar su rendimiento o incluso da\u00f1arlo irreversiblemente. La lectura aleatoria (4kb) alcanza los 925 iops mientras que la escritura aleatoria (4kb) llega hasta los 974 iops; esto indica la rapidez con la cual se procesan las operaciones realizadas sobre el disco duro s\u00f3lido. Compatible con pc\/pc gamer\/laptop\/ultrabook<\/p>\n","protected":false},"featured_media":268684,"comment_status":"open","ping_status":"open","template":"","meta":[],"product_cat":[1703,1708],"product_tag":[2216],"acf":[],"yoast_head":"<!-- This site is optimized with the Yoast SEO plugin v21.7 - https:\/\/yoast.com\/wordpress\/plugins\/seo\/ -->\n<title>[ Biwin Acer ] &#129351; Bl.9bwwr.119 Unidad De Estado Solido Ssd Interno Predator Gm7 2tb M.2 2280 Nvme Pcie 4.0 Lect. 7200 Escrit. 6300 Mb\/s ()<\/title>\n<meta name=\"description\" content=\"Compra Bl.9bwwr.119 Unidad De Estado Solido Ssd Interno Predator Gm7 2tb M.2 2280 Nvme Pcie 4.0 Lect. 7200 Escrit. 6300 Mb\/s () + Env\u00edo a domicilio + Pago seguro + Garant\u00eda\" \/>\n<meta name=\"robots\" content=\"index, follow, max-snippet:-1, max-image-preview:large, max-video-preview:-1\" \/>\n<link rel=\"canonical\" href=\"https:\/\/compuviper.mx\/tienda\/producto\/biwin-acer-bl-9bwwr-119-unidad-de-estado-solido-ssd-interno-predator-gm7-2tb-m-2-2280-nvme-pcie-4-0-lect-7200-escrit-6300-mb-s\/\" \/>\n<meta property=\"og:locale\" content=\"es_MX\" \/>\n<meta property=\"og:type\" content=\"article\" \/>\n<meta property=\"og:title\" content=\"[ Biwin Acer ] &#129351; Bl.9bwwr.119 Unidad De Estado Solido Ssd Interno Predator Gm7 2tb M.2 2280 Nvme Pcie 4.0 Lect. 7200 Escrit. 6300 Mb\/s ()\" \/>\n<meta property=\"og:description\" content=\"Compra Bl.9bwwr.119 Unidad De Estado Solido Ssd Interno Predator Gm7 2tb M.2 2280 Nvme Pcie 4.0 Lect. 7200 Escrit. 6300 Mb\/s () + Env\u00edo a domicilio + Pago seguro + Garant\u00eda\" \/>\n<meta property=\"og:url\" content=\"https:\/\/compuviper.mx\/tienda\/producto\/biwin-acer-bl-9bwwr-119-unidad-de-estado-solido-ssd-interno-predator-gm7-2tb-m-2-2280-nvme-pcie-4-0-lect-7200-escrit-6300-mb-s\/\" \/>\n<meta property=\"og:site_name\" content=\"Compuviper\" \/>\n<meta property=\"article:publisher\" content=\"https:\/\/www.facebook.com\/compuviper\" \/>\n<meta property=\"og:image\" content=\"https:\/\/compuviper.mx\/tienda\/wp-content\/uploads\/2026\/04\/Unidad-de-estado-solido-ssd-interno-predator-gm7-2tb-m.2-2280-nvme-pcie-4.0-lect.-7200-escrit.-6300-mbs-bl.9bwwr.119.jpg\" \/>\n\t<meta property=\"og:image:width\" content=\"200\" \/>\n\t<meta property=\"og:image:height\" content=\"200\" \/>\n\t<meta property=\"og:image:type\" content=\"image\/jpeg\" \/>\n<meta name=\"twitter:card\" content=\"summary_large_image\" \/>\n<meta name=\"twitter:label1\" content=\"Precio\" \/>\n\t<meta name=\"twitter:data1\" content=\"&#36;6,311 con IVA\" \/>\n\t<meta name=\"twitter:label2\" content=\"Availability\" \/>\n\t<meta name=\"twitter:data2\" content=\"In stock\" \/>\n<script type=\"application\/ld+json\" class=\"yoast-schema-graph\">{\"@context\":\"https:\/\/schema.org\",\"@graph\":[{\"@type\":\"WebPage\",\"@id\":\"https:\/\/compuviper.mx\/tienda\/producto\/biwin-acer-bl-9bwwr-119-unidad-de-estado-solido-ssd-interno-predator-gm7-2tb-m-2-2280-nvme-pcie-4-0-lect-7200-escrit-6300-mb-s\/\",\"url\":\"https:\/\/compuviper.mx\/tienda\/producto\/biwin-acer-bl-9bwwr-119-unidad-de-estado-solido-ssd-interno-predator-gm7-2tb-m-2-2280-nvme-pcie-4-0-lect-7200-escrit-6300-mb-s\/\",\"name\":\"[ Biwin Acer ] &#129351; Bl.9bwwr.119 Unidad De Estado Solido Ssd Interno Predator Gm7 2tb M.2 2280 Nvme Pcie 4.0 Lect. 7200 Escrit. 6300 Mb\/s ()\",\"isPartOf\":{\"@id\":\"https:\/\/compuviper.mx\/tienda\/#website\"},\"datePublished\":\"2026-04-14T06:35:42+00:00\",\"dateModified\":\"2026-04-14T06:35:42+00:00\",\"description\":\"Compra Bl.9bwwr.119 Unidad De Estado Solido Ssd Interno Predator Gm7 2tb M.2 2280 Nvme Pcie 4.0 Lect. 7200 Escrit. 6300 Mb\/s () + Env\u00edo a domicilio + Pago seguro + Garant\u00eda\",\"breadcrumb\":{\"@id\":\"https:\/\/compuviper.mx\/tienda\/producto\/biwin-acer-bl-9bwwr-119-unidad-de-estado-solido-ssd-interno-predator-gm7-2tb-m-2-2280-nvme-pcie-4-0-lect-7200-escrit-6300-mb-s\/#breadcrumb\"},\"inLanguage\":\"es-MX\",\"potentialAction\":[{\"@type\":\"ReadAction\",\"target\":[\"https:\/\/compuviper.mx\/tienda\/producto\/biwin-acer-bl-9bwwr-119-unidad-de-estado-solido-ssd-interno-predator-gm7-2tb-m-2-2280-nvme-pcie-4-0-lect-7200-escrit-6300-mb-s\/\"]}]},{\"@type\":\"BreadcrumbList\",\"@id\":\"https:\/\/compuviper.mx\/tienda\/producto\/biwin-acer-bl-9bwwr-119-unidad-de-estado-solido-ssd-interno-predator-gm7-2tb-m-2-2280-nvme-pcie-4-0-lect-7200-escrit-6300-mb-s\/#breadcrumb\",\"itemListElement\":[{\"@type\":\"ListItem\",\"position\":1,\"name\":\"Inicio\",\"item\":\"https:\/\/compuviper.mx\/tienda\/\"},{\"@type\":\"ListItem\",\"position\":2,\"name\":\"Productos\",\"item\":\"https:\/\/compuviper.mx\/tienda\/productos\/\"},{\"@type\":\"ListItem\",\"position\":3,\"name\":\"Biwin Acer Bl.9bwwr.119 Unidad De Estado Solido Ssd Interno Predator Gm7 2tb M.2 2280 Nvme Pcie 4.0 Lect. 7200 Escrit. 6300 Mb\/s ()\"}]},{\"@type\":\"WebSite\",\"@id\":\"https:\/\/compuviper.mx\/tienda\/#website\",\"url\":\"https:\/\/compuviper.mx\/tienda\/\",\"name\":\"Compuviper\",\"description\":\"Proveedor de Computadoras, Laptops, Servidores, Monitores, Puntos de Venta, Teclados,   Impresoras, T\u00f3ner, C\u00e1maras de Seguridad y m\u00e1s en tu tienda en l\u00ednea\",\"publisher\":{\"@id\":\"https:\/\/compuviper.mx\/tienda\/#organization\"},\"potentialAction\":[{\"@type\":\"SearchAction\",\"target\":{\"@type\":\"EntryPoint\",\"urlTemplate\":\"https:\/\/compuviper.mx\/tienda\/?s={search_term_string}\"},\"query-input\":\"required name=search_term_string\"}],\"inLanguage\":\"es-MX\"},{\"@type\":\"Organization\",\"@id\":\"https:\/\/compuviper.mx\/tienda\/#organization\",\"name\":\"Compuviper\",\"url\":\"https:\/\/compuviper.mx\/tienda\/\",\"logo\":{\"@type\":\"ImageObject\",\"inLanguage\":\"es-MX\",\"@id\":\"https:\/\/compuviper.mx\/tienda\/#\/schema\/logo\/image\/\",\"url\":\"https:\/\/compuviper.mx\/tienda\/wp-content\/uploads\/2021\/08\/Logo-Compuviper-10.png\",\"contentUrl\":\"https:\/\/compuviper.mx\/tienda\/wp-content\/uploads\/2021\/08\/Logo-Compuviper-10.png\",\"width\":1000,\"height\":500,\"caption\":\"Compuviper\"},\"image\":{\"@id\":\"https:\/\/compuviper.mx\/tienda\/#\/schema\/logo\/image\/\"},\"sameAs\":[\"https:\/\/www.facebook.com\/compuviper\",\"https:\/\/www.youtube.com\/channel\/UCf73dERp9Y3cfOq7q8BhLjA?view_as=subscriber\"]}]}<\/script>\n<meta property=\"product:brand\" content=\"Biwin Acer\" \/>\n<meta property=\"product:price:amount\" content=\"6311\" \/>\n<meta property=\"product:price:currency\" content=\"MXN\" \/>\n<meta property=\"og:availability\" content=\"instock\" \/>\n<meta property=\"product:availability\" content=\"instock\" \/>\n<meta property=\"product:retailer_item_id\" content=\"BL.9BWWR.119\" \/>\n<meta property=\"product:condition\" content=\"new\" \/>\n<!-- \/ Yoast SEO plugin. -->","yoast_head_json":{"title":"[ Biwin Acer ] &#129351; Bl.9bwwr.119 Unidad De Estado Solido Ssd Interno Predator Gm7 2tb M.2 2280 Nvme Pcie 4.0 Lect. 7200 Escrit. 6300 Mb\/s ()","description":"Compra Bl.9bwwr.119 Unidad De Estado Solido Ssd Interno Predator Gm7 2tb M.2 2280 Nvme Pcie 4.0 Lect. 7200 Escrit. 6300 Mb\/s () + Env\u00edo a domicilio + Pago seguro + Garant\u00eda","robots":{"index":"index","follow":"follow","max-snippet":"max-snippet:-1","max-image-preview":"max-image-preview:large","max-video-preview":"max-video-preview:-1"},"canonical":"https:\/\/compuviper.mx\/tienda\/producto\/biwin-acer-bl-9bwwr-119-unidad-de-estado-solido-ssd-interno-predator-gm7-2tb-m-2-2280-nvme-pcie-4-0-lect-7200-escrit-6300-mb-s\/","og_locale":"es_MX","og_type":"article","og_title":"[ Biwin Acer ] &#129351; Bl.9bwwr.119 Unidad De Estado Solido Ssd Interno Predator Gm7 2tb M.2 2280 Nvme Pcie 4.0 Lect. 7200 Escrit. 6300 Mb\/s ()","og_description":"Compra Bl.9bwwr.119 Unidad De Estado Solido Ssd Interno Predator Gm7 2tb M.2 2280 Nvme Pcie 4.0 Lect. 7200 Escrit. 6300 Mb\/s () + Env\u00edo a domicilio + Pago seguro + Garant\u00eda","og_url":"https:\/\/compuviper.mx\/tienda\/producto\/biwin-acer-bl-9bwwr-119-unidad-de-estado-solido-ssd-interno-predator-gm7-2tb-m-2-2280-nvme-pcie-4-0-lect-7200-escrit-6300-mb-s\/","og_site_name":"Compuviper","article_publisher":"https:\/\/www.facebook.com\/compuviper","og_image":[{"width":200,"height":200,"url":"https:\/\/compuviper.mx\/tienda\/wp-content\/uploads\/2026\/04\/Unidad-de-estado-solido-ssd-interno-predator-gm7-2tb-m.2-2280-nvme-pcie-4.0-lect.-7200-escrit.-6300-mbs-bl.9bwwr.119.jpg","type":"image\/jpeg"}],"twitter_card":"summary_large_image","twitter_misc":{"Precio":"&#36;6,311 con IVA","Availability":"In stock"},"schema":{"@context":"https:\/\/schema.org","@graph":[{"@type":"WebPage","@id":"https:\/\/compuviper.mx\/tienda\/producto\/biwin-acer-bl-9bwwr-119-unidad-de-estado-solido-ssd-interno-predator-gm7-2tb-m-2-2280-nvme-pcie-4-0-lect-7200-escrit-6300-mb-s\/","url":"https:\/\/compuviper.mx\/tienda\/producto\/biwin-acer-bl-9bwwr-119-unidad-de-estado-solido-ssd-interno-predator-gm7-2tb-m-2-2280-nvme-pcie-4-0-lect-7200-escrit-6300-mb-s\/","name":"[ Biwin Acer ] &#129351; Bl.9bwwr.119 Unidad De Estado Solido Ssd Interno Predator Gm7 2tb M.2 2280 Nvme Pcie 4.0 Lect. 7200 Escrit. 6300 Mb\/s ()","isPartOf":{"@id":"https:\/\/compuviper.mx\/tienda\/#website"},"datePublished":"2026-04-14T06:35:42+00:00","dateModified":"2026-04-14T06:35:42+00:00","description":"Compra Bl.9bwwr.119 Unidad De Estado Solido Ssd Interno Predator Gm7 2tb M.2 2280 Nvme Pcie 4.0 Lect. 7200 Escrit. 6300 Mb\/s () + Env\u00edo a domicilio + Pago seguro + Garant\u00eda","breadcrumb":{"@id":"https:\/\/compuviper.mx\/tienda\/producto\/biwin-acer-bl-9bwwr-119-unidad-de-estado-solido-ssd-interno-predator-gm7-2tb-m-2-2280-nvme-pcie-4-0-lect-7200-escrit-6300-mb-s\/#breadcrumb"},"inLanguage":"es-MX","potentialAction":[{"@type":"ReadAction","target":["https:\/\/compuviper.mx\/tienda\/producto\/biwin-acer-bl-9bwwr-119-unidad-de-estado-solido-ssd-interno-predator-gm7-2tb-m-2-2280-nvme-pcie-4-0-lect-7200-escrit-6300-mb-s\/"]}]},{"@type":"BreadcrumbList","@id":"https:\/\/compuviper.mx\/tienda\/producto\/biwin-acer-bl-9bwwr-119-unidad-de-estado-solido-ssd-interno-predator-gm7-2tb-m-2-2280-nvme-pcie-4-0-lect-7200-escrit-6300-mb-s\/#breadcrumb","itemListElement":[{"@type":"ListItem","position":1,"name":"Inicio","item":"https:\/\/compuviper.mx\/tienda\/"},{"@type":"ListItem","position":2,"name":"Productos","item":"https:\/\/compuviper.mx\/tienda\/productos\/"},{"@type":"ListItem","position":3,"name":"Biwin Acer Bl.9bwwr.119 Unidad De Estado Solido Ssd Interno Predator Gm7 2tb M.2 2280 Nvme Pcie 4.0 Lect. 7200 Escrit. 6300 Mb\/s ()"}]},{"@type":"WebSite","@id":"https:\/\/compuviper.mx\/tienda\/#website","url":"https:\/\/compuviper.mx\/tienda\/","name":"Compuviper","description":"Proveedor de Computadoras, Laptops, Servidores, Monitores, Puntos de Venta, Teclados,   Impresoras, T\u00f3ner, C\u00e1maras de Seguridad y m\u00e1s en tu tienda en l\u00ednea","publisher":{"@id":"https:\/\/compuviper.mx\/tienda\/#organization"},"potentialAction":[{"@type":"SearchAction","target":{"@type":"EntryPoint","urlTemplate":"https:\/\/compuviper.mx\/tienda\/?s={search_term_string}"},"query-input":"required name=search_term_string"}],"inLanguage":"es-MX"},{"@type":"Organization","@id":"https:\/\/compuviper.mx\/tienda\/#organization","name":"Compuviper","url":"https:\/\/compuviper.mx\/tienda\/","logo":{"@type":"ImageObject","inLanguage":"es-MX","@id":"https:\/\/compuviper.mx\/tienda\/#\/schema\/logo\/image\/","url":"https:\/\/compuviper.mx\/tienda\/wp-content\/uploads\/2021\/08\/Logo-Compuviper-10.png","contentUrl":"https:\/\/compuviper.mx\/tienda\/wp-content\/uploads\/2021\/08\/Logo-Compuviper-10.png","width":1000,"height":500,"caption":"Compuviper"},"image":{"@id":"https:\/\/compuviper.mx\/tienda\/#\/schema\/logo\/image\/"},"sameAs":["https:\/\/www.facebook.com\/compuviper","https:\/\/www.youtube.com\/channel\/UCf73dERp9Y3cfOq7q8BhLjA?view_as=subscriber"]}]},"product_brand":"Biwin Acer","product_price_amount":"6311","product_price_currency":"MXN","og_availability":"instock","product_availability":"instock","product_retailer_item_id":"BL.9BWWR.119","product_condition":"new"},"_links":{"self":[{"href":"https:\/\/compuviper.mx\/tienda\/wp-json\/wp\/v2\/product\/268683"}],"collection":[{"href":"https:\/\/compuviper.mx\/tienda\/wp-json\/wp\/v2\/product"}],"about":[{"href":"https:\/\/compuviper.mx\/tienda\/wp-json\/wp\/v2\/types\/product"}],"replies":[{"embeddable":true,"href":"https:\/\/compuviper.mx\/tienda\/wp-json\/wp\/v2\/comments?post=268683"}],"wp:featuredmedia":[{"embeddable":true,"href":"https:\/\/compuviper.mx\/tienda\/wp-json\/wp\/v2\/media\/268684"}],"wp:attachment":[{"href":"https:\/\/compuviper.mx\/tienda\/wp-json\/wp\/v2\/media?parent=268683"}],"wp:term":[{"taxonomy":"product_cat","embeddable":true,"href":"https:\/\/compuviper.mx\/tienda\/wp-json\/wp\/v2\/product_cat?post=268683"},{"taxonomy":"product_tag","embeddable":true,"href":"https:\/\/compuviper.mx\/tienda\/wp-json\/wp\/v2\/product_tag?post=268683"}],"curies":[{"name":"wp","href":"https:\/\/api.w.org\/{rel}","templated":true}]}}