{"id":268681,"date":"2026-04-14T00:35:41","date_gmt":"2026-04-14T06:35:41","guid":{"rendered":"https:\/\/compuviper.mx\/tienda\/producto\/biwin-acer-bl-9bwwr-118-unidad-de-estado-solido-ssd-interno-predator-gm7-1tb-m-2-2280-nvme-pcie-4-0-lect-7200-escrit-6300-mb-s\/"},"modified":"2026-04-14T00:35:41","modified_gmt":"2026-04-14T06:35:41","slug":"biwin-acer-bl-9bwwr-118-unidad-de-estado-solido-ssd-interno-predator-gm7-1tb-m-2-2280-nvme-pcie-4-0-lect-7200-escrit-6300-mb-s","status":"publish","type":"product","link":"https:\/\/compuviper.mx\/tienda\/producto\/biwin-acer-bl-9bwwr-118-unidad-de-estado-solido-ssd-interno-predator-gm7-1tb-m-2-2280-nvme-pcie-4-0-lect-7200-escrit-6300-mb-s\/","title":{"rendered":"Biwin Acer Bl.9bwwr.118 Unidad De Estado Solido Ssd Interno Predator Gm7 1tb M.2 2280 Nvme Pcie 4.0  Lect. 7200 Escrit.6300 Mb\/s  ()"},"content":{"rendered":"<table class=\"descripcion\">\n<tr>\n<td>\u0095factor de forma:  m.2 2280<\/td>\n<\/tr>\n<tr>\n<td>\u0095interfaz:  m.2,pci express 4.0<\/td>\n<\/tr>\n<tr>\n<td>\u0095capacidad:  1tb<\/td>\n<\/tr>\n<tr>\n<td>Garantia: 5 a\u00f1os<\/td>\n<\/tr>\n<\/table>\n","protected":false},"excerpt":{"rendered":"<p>El ssd acer gm7 nvme es un dispositivo de almacenamiento interno con una capacidad de 512gb y una velocidad de lectura m\u00e1xima de hasta 7200 mb\/s. Este disco duro s\u00f3lido cuenta con la versi\u00f3n nvm express (nvme) 1.4, lo que permite una transferencia r\u00e1pida y eficiente de datos a trav\u00e9s del bus pci express 4.0. Con un factor de forma m.2 y una altura total de solo 22 mm, el acer gm7 nvme se adapta perfectamente a cualquier sistema inform\u00e1tico moderno sin ocupar demasiado espacio en su interior. Adem\u00e1s, este dispositivo tiene certificaciones ce, fcc, rohs, bsmi, kcc, vcci y rcm para garantizar su compatibilidad global. La resistencia a la vibraci\u00f3n del acer gm7 nvme alcanza los 6.0667 g gracias al uso inteligente del material utilizado en su construcci\u00f3n; esto asegura que el rendimiento no se vea afectado por las condiciones ambientales adversas o movimientos bruscos durante el transporte. Compatible con ps5\/pc\/pc gaming\/laptop\/ultrabook<\/p>\n","protected":false},"featured_media":268682,"comment_status":"open","ping_status":"open","template":"","meta":[],"product_cat":[1703,1708],"product_tag":[2216],"acf":[],"yoast_head":"<!-- This site is optimized with the Yoast SEO plugin v21.7 - https:\/\/yoast.com\/wordpress\/plugins\/seo\/ -->\n<title>[ Biwin Acer ] &#129351; Bl.9bwwr.118 Unidad De Estado Solido Ssd Interno Predator Gm7 1tb M.2 2280 Nvme Pcie 4.0 Lect. 7200 Escrit.6300 Mb\/s ()<\/title>\n<meta name=\"description\" content=\"Compra Bl.9bwwr.118 Unidad De Estado Solido Ssd Interno Predator Gm7 1tb M.2 2280 Nvme Pcie 4.0 Lect. 7200 Escrit.6300 Mb\/s () + Env\u00edo a domicilio + Pago seguro + Garant\u00eda\" \/>\n<meta name=\"robots\" content=\"index, follow, max-snippet:-1, max-image-preview:large, max-video-preview:-1\" \/>\n<link rel=\"canonical\" href=\"https:\/\/compuviper.mx\/tienda\/producto\/biwin-acer-bl-9bwwr-118-unidad-de-estado-solido-ssd-interno-predator-gm7-1tb-m-2-2280-nvme-pcie-4-0-lect-7200-escrit-6300-mb-s\/\" \/>\n<meta property=\"og:locale\" content=\"es_MX\" \/>\n<meta property=\"og:type\" content=\"article\" \/>\n<meta property=\"og:title\" content=\"[ Biwin Acer ] &#129351; Bl.9bwwr.118 Unidad De Estado Solido Ssd Interno Predator Gm7 1tb M.2 2280 Nvme Pcie 4.0 Lect. 7200 Escrit.6300 Mb\/s ()\" \/>\n<meta property=\"og:description\" content=\"Compra Bl.9bwwr.118 Unidad De Estado Solido Ssd Interno Predator Gm7 1tb M.2 2280 Nvme Pcie 4.0 Lect. 7200 Escrit.6300 Mb\/s () + Env\u00edo a domicilio + Pago seguro + Garant\u00eda\" \/>\n<meta property=\"og:url\" content=\"https:\/\/compuviper.mx\/tienda\/producto\/biwin-acer-bl-9bwwr-118-unidad-de-estado-solido-ssd-interno-predator-gm7-1tb-m-2-2280-nvme-pcie-4-0-lect-7200-escrit-6300-mb-s\/\" \/>\n<meta property=\"og:site_name\" content=\"Compuviper\" \/>\n<meta property=\"article:publisher\" content=\"https:\/\/www.facebook.com\/compuviper\" \/>\n<meta property=\"og:image\" content=\"https:\/\/compuviper.mx\/tienda\/wp-content\/uploads\/2026\/04\/Unidad-de-estado-solido-ssd-interno-predator-gm7-1tb-m.2-2280-nvme-pcie-4.0-lect.-7200-escrit.6300-mbs-bl.9bwwr.118.jpg\" \/>\n\t<meta property=\"og:image:width\" content=\"200\" \/>\n\t<meta property=\"og:image:height\" content=\"200\" \/>\n\t<meta property=\"og:image:type\" content=\"image\/jpeg\" \/>\n<meta name=\"twitter:card\" content=\"summary_large_image\" \/>\n<meta name=\"twitter:label1\" content=\"Precio\" \/>\n\t<meta name=\"twitter:data1\" content=\"&#36;3,258 con IVA\" \/>\n\t<meta name=\"twitter:label2\" content=\"Availability\" \/>\n\t<meta name=\"twitter:data2\" content=\"In stock\" \/>\n<script type=\"application\/ld+json\" class=\"yoast-schema-graph\">{\"@context\":\"https:\/\/schema.org\",\"@graph\":[{\"@type\":\"WebPage\",\"@id\":\"https:\/\/compuviper.mx\/tienda\/producto\/biwin-acer-bl-9bwwr-118-unidad-de-estado-solido-ssd-interno-predator-gm7-1tb-m-2-2280-nvme-pcie-4-0-lect-7200-escrit-6300-mb-s\/\",\"url\":\"https:\/\/compuviper.mx\/tienda\/producto\/biwin-acer-bl-9bwwr-118-unidad-de-estado-solido-ssd-interno-predator-gm7-1tb-m-2-2280-nvme-pcie-4-0-lect-7200-escrit-6300-mb-s\/\",\"name\":\"[ Biwin Acer ] &#129351; Bl.9bwwr.118 Unidad De Estado Solido Ssd Interno Predator Gm7 1tb M.2 2280 Nvme Pcie 4.0 Lect. 7200 Escrit.6300 Mb\/s ()\",\"isPartOf\":{\"@id\":\"https:\/\/compuviper.mx\/tienda\/#website\"},\"datePublished\":\"2026-04-14T06:35:41+00:00\",\"dateModified\":\"2026-04-14T06:35:41+00:00\",\"description\":\"Compra Bl.9bwwr.118 Unidad De Estado Solido Ssd Interno Predator Gm7 1tb M.2 2280 Nvme Pcie 4.0 Lect. 7200 Escrit.6300 Mb\/s () + Env\u00edo a domicilio + Pago seguro + Garant\u00eda\",\"breadcrumb\":{\"@id\":\"https:\/\/compuviper.mx\/tienda\/producto\/biwin-acer-bl-9bwwr-118-unidad-de-estado-solido-ssd-interno-predator-gm7-1tb-m-2-2280-nvme-pcie-4-0-lect-7200-escrit-6300-mb-s\/#breadcrumb\"},\"inLanguage\":\"es-MX\",\"potentialAction\":[{\"@type\":\"ReadAction\",\"target\":[\"https:\/\/compuviper.mx\/tienda\/producto\/biwin-acer-bl-9bwwr-118-unidad-de-estado-solido-ssd-interno-predator-gm7-1tb-m-2-2280-nvme-pcie-4-0-lect-7200-escrit-6300-mb-s\/\"]}]},{\"@type\":\"BreadcrumbList\",\"@id\":\"https:\/\/compuviper.mx\/tienda\/producto\/biwin-acer-bl-9bwwr-118-unidad-de-estado-solido-ssd-interno-predator-gm7-1tb-m-2-2280-nvme-pcie-4-0-lect-7200-escrit-6300-mb-s\/#breadcrumb\",\"itemListElement\":[{\"@type\":\"ListItem\",\"position\":1,\"name\":\"Inicio\",\"item\":\"https:\/\/compuviper.mx\/tienda\/\"},{\"@type\":\"ListItem\",\"position\":2,\"name\":\"Productos\",\"item\":\"https:\/\/compuviper.mx\/tienda\/productos\/\"},{\"@type\":\"ListItem\",\"position\":3,\"name\":\"Biwin Acer Bl.9bwwr.118 Unidad De Estado Solido Ssd Interno Predator Gm7 1tb M.2 2280 Nvme Pcie 4.0 Lect. 7200 Escrit.6300 Mb\/s ()\"}]},{\"@type\":\"WebSite\",\"@id\":\"https:\/\/compuviper.mx\/tienda\/#website\",\"url\":\"https:\/\/compuviper.mx\/tienda\/\",\"name\":\"Compuviper\",\"description\":\"Proveedor de Computadoras, Laptops, Servidores, Monitores, Puntos de Venta, Teclados,   Impresoras, T\u00f3ner, C\u00e1maras de Seguridad y m\u00e1s en tu tienda en l\u00ednea\",\"publisher\":{\"@id\":\"https:\/\/compuviper.mx\/tienda\/#organization\"},\"potentialAction\":[{\"@type\":\"SearchAction\",\"target\":{\"@type\":\"EntryPoint\",\"urlTemplate\":\"https:\/\/compuviper.mx\/tienda\/?s={search_term_string}\"},\"query-input\":\"required name=search_term_string\"}],\"inLanguage\":\"es-MX\"},{\"@type\":\"Organization\",\"@id\":\"https:\/\/compuviper.mx\/tienda\/#organization\",\"name\":\"Compuviper\",\"url\":\"https:\/\/compuviper.mx\/tienda\/\",\"logo\":{\"@type\":\"ImageObject\",\"inLanguage\":\"es-MX\",\"@id\":\"https:\/\/compuviper.mx\/tienda\/#\/schema\/logo\/image\/\",\"url\":\"https:\/\/compuviper.mx\/tienda\/wp-content\/uploads\/2021\/08\/Logo-Compuviper-10.png\",\"contentUrl\":\"https:\/\/compuviper.mx\/tienda\/wp-content\/uploads\/2021\/08\/Logo-Compuviper-10.png\",\"width\":1000,\"height\":500,\"caption\":\"Compuviper\"},\"image\":{\"@id\":\"https:\/\/compuviper.mx\/tienda\/#\/schema\/logo\/image\/\"},\"sameAs\":[\"https:\/\/www.facebook.com\/compuviper\",\"https:\/\/www.youtube.com\/channel\/UCf73dERp9Y3cfOq7q8BhLjA?view_as=subscriber\"]}]}<\/script>\n<meta property=\"product:brand\" content=\"Biwin Acer\" \/>\n<meta property=\"product:price:amount\" content=\"3258\" \/>\n<meta property=\"product:price:currency\" content=\"MXN\" \/>\n<meta property=\"og:availability\" content=\"instock\" \/>\n<meta property=\"product:availability\" content=\"instock\" \/>\n<meta property=\"product:retailer_item_id\" content=\"BL.9BWWR.118\" \/>\n<meta property=\"product:condition\" content=\"new\" \/>\n<!-- \/ Yoast SEO plugin. -->","yoast_head_json":{"title":"[ Biwin Acer ] &#129351; Bl.9bwwr.118 Unidad De Estado Solido Ssd Interno Predator Gm7 1tb M.2 2280 Nvme Pcie 4.0 Lect. 7200 Escrit.6300 Mb\/s ()","description":"Compra Bl.9bwwr.118 Unidad De Estado Solido Ssd Interno Predator Gm7 1tb M.2 2280 Nvme Pcie 4.0 Lect. 7200 Escrit.6300 Mb\/s () + Env\u00edo a domicilio + Pago seguro + Garant\u00eda","robots":{"index":"index","follow":"follow","max-snippet":"max-snippet:-1","max-image-preview":"max-image-preview:large","max-video-preview":"max-video-preview:-1"},"canonical":"https:\/\/compuviper.mx\/tienda\/producto\/biwin-acer-bl-9bwwr-118-unidad-de-estado-solido-ssd-interno-predator-gm7-1tb-m-2-2280-nvme-pcie-4-0-lect-7200-escrit-6300-mb-s\/","og_locale":"es_MX","og_type":"article","og_title":"[ Biwin Acer ] &#129351; Bl.9bwwr.118 Unidad De Estado Solido Ssd Interno Predator Gm7 1tb M.2 2280 Nvme Pcie 4.0 Lect. 7200 Escrit.6300 Mb\/s ()","og_description":"Compra Bl.9bwwr.118 Unidad De Estado Solido Ssd Interno Predator Gm7 1tb M.2 2280 Nvme Pcie 4.0 Lect. 7200 Escrit.6300 Mb\/s () + Env\u00edo a domicilio + Pago seguro + Garant\u00eda","og_url":"https:\/\/compuviper.mx\/tienda\/producto\/biwin-acer-bl-9bwwr-118-unidad-de-estado-solido-ssd-interno-predator-gm7-1tb-m-2-2280-nvme-pcie-4-0-lect-7200-escrit-6300-mb-s\/","og_site_name":"Compuviper","article_publisher":"https:\/\/www.facebook.com\/compuviper","og_image":[{"width":200,"height":200,"url":"https:\/\/compuviper.mx\/tienda\/wp-content\/uploads\/2026\/04\/Unidad-de-estado-solido-ssd-interno-predator-gm7-1tb-m.2-2280-nvme-pcie-4.0-lect.-7200-escrit.6300-mbs-bl.9bwwr.118.jpg","type":"image\/jpeg"}],"twitter_card":"summary_large_image","twitter_misc":{"Precio":"&#36;3,258 con IVA","Availability":"In stock"},"schema":{"@context":"https:\/\/schema.org","@graph":[{"@type":"WebPage","@id":"https:\/\/compuviper.mx\/tienda\/producto\/biwin-acer-bl-9bwwr-118-unidad-de-estado-solido-ssd-interno-predator-gm7-1tb-m-2-2280-nvme-pcie-4-0-lect-7200-escrit-6300-mb-s\/","url":"https:\/\/compuviper.mx\/tienda\/producto\/biwin-acer-bl-9bwwr-118-unidad-de-estado-solido-ssd-interno-predator-gm7-1tb-m-2-2280-nvme-pcie-4-0-lect-7200-escrit-6300-mb-s\/","name":"[ Biwin Acer ] &#129351; Bl.9bwwr.118 Unidad De Estado Solido Ssd Interno Predator Gm7 1tb M.2 2280 Nvme Pcie 4.0 Lect. 7200 Escrit.6300 Mb\/s ()","isPartOf":{"@id":"https:\/\/compuviper.mx\/tienda\/#website"},"datePublished":"2026-04-14T06:35:41+00:00","dateModified":"2026-04-14T06:35:41+00:00","description":"Compra Bl.9bwwr.118 Unidad De Estado Solido Ssd Interno Predator Gm7 1tb M.2 2280 Nvme Pcie 4.0 Lect. 7200 Escrit.6300 Mb\/s () + Env\u00edo a domicilio + Pago seguro + Garant\u00eda","breadcrumb":{"@id":"https:\/\/compuviper.mx\/tienda\/producto\/biwin-acer-bl-9bwwr-118-unidad-de-estado-solido-ssd-interno-predator-gm7-1tb-m-2-2280-nvme-pcie-4-0-lect-7200-escrit-6300-mb-s\/#breadcrumb"},"inLanguage":"es-MX","potentialAction":[{"@type":"ReadAction","target":["https:\/\/compuviper.mx\/tienda\/producto\/biwin-acer-bl-9bwwr-118-unidad-de-estado-solido-ssd-interno-predator-gm7-1tb-m-2-2280-nvme-pcie-4-0-lect-7200-escrit-6300-mb-s\/"]}]},{"@type":"BreadcrumbList","@id":"https:\/\/compuviper.mx\/tienda\/producto\/biwin-acer-bl-9bwwr-118-unidad-de-estado-solido-ssd-interno-predator-gm7-1tb-m-2-2280-nvme-pcie-4-0-lect-7200-escrit-6300-mb-s\/#breadcrumb","itemListElement":[{"@type":"ListItem","position":1,"name":"Inicio","item":"https:\/\/compuviper.mx\/tienda\/"},{"@type":"ListItem","position":2,"name":"Productos","item":"https:\/\/compuviper.mx\/tienda\/productos\/"},{"@type":"ListItem","position":3,"name":"Biwin Acer Bl.9bwwr.118 Unidad De Estado Solido Ssd Interno Predator Gm7 1tb M.2 2280 Nvme Pcie 4.0 Lect. 7200 Escrit.6300 Mb\/s ()"}]},{"@type":"WebSite","@id":"https:\/\/compuviper.mx\/tienda\/#website","url":"https:\/\/compuviper.mx\/tienda\/","name":"Compuviper","description":"Proveedor de Computadoras, Laptops, Servidores, Monitores, Puntos de Venta, Teclados,   Impresoras, T\u00f3ner, C\u00e1maras de Seguridad y m\u00e1s en tu tienda en l\u00ednea","publisher":{"@id":"https:\/\/compuviper.mx\/tienda\/#organization"},"potentialAction":[{"@type":"SearchAction","target":{"@type":"EntryPoint","urlTemplate":"https:\/\/compuviper.mx\/tienda\/?s={search_term_string}"},"query-input":"required name=search_term_string"}],"inLanguage":"es-MX"},{"@type":"Organization","@id":"https:\/\/compuviper.mx\/tienda\/#organization","name":"Compuviper","url":"https:\/\/compuviper.mx\/tienda\/","logo":{"@type":"ImageObject","inLanguage":"es-MX","@id":"https:\/\/compuviper.mx\/tienda\/#\/schema\/logo\/image\/","url":"https:\/\/compuviper.mx\/tienda\/wp-content\/uploads\/2021\/08\/Logo-Compuviper-10.png","contentUrl":"https:\/\/compuviper.mx\/tienda\/wp-content\/uploads\/2021\/08\/Logo-Compuviper-10.png","width":1000,"height":500,"caption":"Compuviper"},"image":{"@id":"https:\/\/compuviper.mx\/tienda\/#\/schema\/logo\/image\/"},"sameAs":["https:\/\/www.facebook.com\/compuviper","https:\/\/www.youtube.com\/channel\/UCf73dERp9Y3cfOq7q8BhLjA?view_as=subscriber"]}]},"product_brand":"Biwin Acer","product_price_amount":"3258","product_price_currency":"MXN","og_availability":"instock","product_availability":"instock","product_retailer_item_id":"BL.9BWWR.118","product_condition":"new"},"_links":{"self":[{"href":"https:\/\/compuviper.mx\/tienda\/wp-json\/wp\/v2\/product\/268681"}],"collection":[{"href":"https:\/\/compuviper.mx\/tienda\/wp-json\/wp\/v2\/product"}],"about":[{"href":"https:\/\/compuviper.mx\/tienda\/wp-json\/wp\/v2\/types\/product"}],"replies":[{"embeddable":true,"href":"https:\/\/compuviper.mx\/tienda\/wp-json\/wp\/v2\/comments?post=268681"}],"wp:featuredmedia":[{"embeddable":true,"href":"https:\/\/compuviper.mx\/tienda\/wp-json\/wp\/v2\/media\/268682"}],"wp:attachment":[{"href":"https:\/\/compuviper.mx\/tienda\/wp-json\/wp\/v2\/media?parent=268681"}],"wp:term":[{"taxonomy":"product_cat","embeddable":true,"href":"https:\/\/compuviper.mx\/tienda\/wp-json\/wp\/v2\/product_cat?post=268681"},{"taxonomy":"product_tag","embeddable":true,"href":"https:\/\/compuviper.mx\/tienda\/wp-json\/wp\/v2\/product_tag?post=268681"}],"curies":[{"name":"wp","href":"https:\/\/api.w.org\/{rel}","templated":true}]}}