{"id":268678,"date":"2026-04-23T00:15:49","date_gmt":"2026-04-23T06:15:49","guid":{"rendered":"https:\/\/compuviper.mx\/tienda\/producto\/tp-link-tapo-c200c-camara-wifi-tp-link-cmara-de-seguridad-wi-fi-para-el-hogar-con-movimiento-horizontal-y-vertical\/"},"modified":"2026-04-23T00:15:49","modified_gmt":"2026-04-23T06:15:49","slug":"tp-link-tapo-c200c-camara-wifi-tp-link-cmara-de-seguridad-wi-fi-para-el-hogar-con-movimiento-horizontal-y-vertical","status":"publish","type":"product","link":"https:\/\/compuviper.mx\/tienda\/producto\/tp-link-tapo-c200c-camara-wifi-tp-link-cmara-de-seguridad-wi-fi-para-el-hogar-con-movimiento-horizontal-y-vertical\/","title":{"rendered":"Tp Link Tapo C200c Camara Wifi | Tp-link |  | C?mara De Seguridad Wi-fi Para El Hogar Con Movimiento Horizontal Y Vertical"},"content":{"rendered":"<table class=\"descripcion\">\n<tr>\n<td>C\u00e1mara<\/td>\n<\/tr>\n<tr>\n<td>-sensor de imagensensor cmos de escaneo progresivo de 1\/2,8 no starlight<\/td>\n<\/tr>\n<tr>\n<td>-primaveralongitud focal: 4,0 mm<\/td>\n<\/tr>\n<tr>\n<td>Apertura: 2,0<\/td>\n<\/tr>\n<tr>\n<td>Campo de visin: 93\u00b0 diagonal, 83\u00b0 horizontal, 40\u00b0 vertical<\/td>\n<\/tr>\n<tr>\n<td>-rango de movimientorango mec\u00e1nico de giro: 340\u00b0 cobertura de giro de 360\u00b0<\/td>\n<\/tr>\n<tr>\n<td>Rango mec\u00e1nico de inclinacin: 70\u00b0 cobertura de inclinacin de 110,8\u00b0<\/td>\n<\/tr>\n<tr>\n<td>-visin nocturnaled ir de 850 nm 40 pies\/12 m<\/td>\n<\/tr>\n<tr>\n<td>-iluminacin\/<\/td>\n<\/tr>\n<tr>\n<td>-interfaz y botn1 botn reset<\/td>\n<\/tr>\n<tr>\n<td>1 ranura para tarjeta microsd hasta 512 gb<\/td>\n<\/tr>\n<tr>\n<td>-compatibilidad de hub\/<\/td>\n<\/tr>\n<tr>\n<td>Centro<\/td>\n<\/tr>\n<tr>\n<td>-compatibilidad de dispositivo\/<\/td>\n<\/tr>\n<tr>\n<td>-capacidad de conexin\/<\/td>\n<\/tr>\n<tr>\n<td>-interfaz y botn\/<\/td>\n<\/tr>\n<tr>\n<td>Vdeo y audio<\/td>\n<\/tr>\n<tr>\n<td>-resolucin m\u00e1xima1080p hd 1920 x 1080 px<\/td>\n<\/tr>\n<tr>\n<td>-cuadros por segundo15\/20\/25\/30 fps predeterminado: 15 fps<\/td>\n<\/tr>\n<tr>\n<td>-zoom digital9x<\/td>\n<\/tr>\n<tr>\n<td>-compresin de vdeoh.264<\/td>\n<\/tr>\n<tr>\n<td>-vista en vivos<\/td>\n<\/tr>\n<tr>\n<td>-mejora de la imagen3dnr<\/td>\n<\/tr>\n<tr>\n<td>Wdr<\/td>\n<\/tr>\n<tr>\n<td>-entrada y salida de audiomicrfono y altavoz integrados<\/td>\n<\/tr>\n<tr>\n<td>-comunicacin de audioaudio bidireccional con cancelacin de ruido<\/td>\n<\/tr>\n<tr>\n<td>-volumen de sirena  93db nivel medido a una distancia de 4 pulgadas\/10 cm<\/td>\n<\/tr>\n<\/table>\n","protected":false},"excerpt":{"rendered":"<p>-vdeo de alta definicin: la tapo c200c ofrece vdeo de alta definicin de 1080p, que proporciona a los usuarios im\u00e1genes ntidas y detalladas. El zoom digital de hasta 9x permite obtener im\u00e1genes m\u00e1s ntidas de las \u00e1reas de inters. -panor\u00e1mica e inclinacin: el dispositivo ofrece un alcance horizontal de 360\u00b0 y vertical de 114\u00b0, lo que permite una cobertura completa del \u00e1rea. -visin nocturna: con una visin nocturna avanzada de hasta 40 pies, el tapo c200c permite a los usuarios monitorear sus hogares las 24 horas del da. -deteccin de movimiento y alertas: el dispositivo utiliza tecnologa de deteccin de movimiento inteligente para enviar notificaciones instant\u00e1neas a su telfono cada vez que se detecta movimiento. -audio bidireccional: el tapo c200c viene equipado con un micrfono y un altavoz integrados, lo que permite a los usuarios comunicarse con familiares, mascotas o advertir a los intrusos. -almacenamiento local: el dispositivo admite tarjetas microsd de hasta 512 gb para almacenamiento local, lo que proporciona una forma segura y rentable de almacenar material de archivo. -modo de privacidad: los usuarios pueden habilitar el modo de privacidad para detener la grabacin y controlar cu\u00e1ndo la c\u00e1mara est\u00e1 monitoreando y cu\u00e1ndo no. -f\u00e1cil configuracin y administracin: con la aplicacin tapo, los usuarios pueden configurar y administrar f\u00e1cilmente su tapo c200c, y acceder a la transmisin en vivo y otros controles. -control por voz: el tapo c200c es compatible con google assistant y amazon alexa, lo que ofrece control manos libres para los usuarios. -cifrado seguro: el dispositivo utiliza cifrado avanzado y protocolos inal\u00e1mbricos para garantizar la privacidad de los datos y la comunicacin segura entre su telfono y el dispositivo.<\/p>\n","protected":false},"featured_media":0,"comment_status":"open","ping_status":"open","template":"","meta":[],"product_cat":[1681,1608],"product_tag":[1562],"acf":[],"yoast_head":"<!-- This site is optimized with the Yoast SEO plugin v21.7 - https:\/\/yoast.com\/wordpress\/plugins\/seo\/ -->\n<title>[ Tp Link ] &#129351; Tapo C200c Camara Wifi | Tp-link | | C\u00e1mara De Seguridad Wi-fi Para El Hogar Con Movimiento Horizontal Y Vertical<\/title>\n<meta name=\"description\" content=\"Compra Tapo C200c Camara Wifi | Tp-link | | C\u00e1mara De Seguridad Wi-fi Para El Hogar Con Movimiento Horizontal Y Vertical + Env\u00edo a domicilio + Pago seguro + Garant\u00eda\" \/>\n<meta name=\"robots\" content=\"index, follow, max-snippet:-1, max-image-preview:large, max-video-preview:-1\" \/>\n<link rel=\"canonical\" href=\"https:\/\/compuviper.mx\/tienda\/producto\/tp-link-tapo-c200c-camara-wifi-tp-link-cmara-de-seguridad-wi-fi-para-el-hogar-con-movimiento-horizontal-y-vertical\/\" \/>\n<meta property=\"og:locale\" content=\"es_MX\" \/>\n<meta property=\"og:type\" content=\"article\" \/>\n<meta property=\"og:title\" content=\"[ Tp Link ] &#129351; Tapo C200c Camara Wifi | Tp-link | | C\u00e1mara De Seguridad Wi-fi Para El Hogar Con Movimiento Horizontal Y Vertical\" \/>\n<meta property=\"og:description\" content=\"Compra Tapo C200c Camara Wifi | Tp-link | | C\u00e1mara De Seguridad Wi-fi Para El Hogar Con Movimiento Horizontal Y Vertical + Env\u00edo a domicilio + Pago seguro + Garant\u00eda\" \/>\n<meta property=\"og:url\" content=\"https:\/\/compuviper.mx\/tienda\/producto\/tp-link-tapo-c200c-camara-wifi-tp-link-cmara-de-seguridad-wi-fi-para-el-hogar-con-movimiento-horizontal-y-vertical\/\" \/>\n<meta property=\"og:site_name\" content=\"Compuviper\" \/>\n<meta property=\"article:publisher\" content=\"https:\/\/www.facebook.com\/compuviper\" \/>\n<meta name=\"twitter:card\" content=\"summary_large_image\" \/>\n<meta name=\"twitter:label1\" content=\"Precio\" \/>\n\t<meta name=\"twitter:data1\" content=\"&#36;369 con IVA\" \/>\n\t<meta name=\"twitter:label2\" content=\"Availability\" \/>\n\t<meta name=\"twitter:data2\" content=\"Out of stock\" \/>\n<script type=\"application\/ld+json\" class=\"yoast-schema-graph\">{\"@context\":\"https:\/\/schema.org\",\"@graph\":[{\"@type\":\"WebPage\",\"@id\":\"https:\/\/compuviper.mx\/tienda\/producto\/tp-link-tapo-c200c-camara-wifi-tp-link-cmara-de-seguridad-wi-fi-para-el-hogar-con-movimiento-horizontal-y-vertical\/\",\"url\":\"https:\/\/compuviper.mx\/tienda\/producto\/tp-link-tapo-c200c-camara-wifi-tp-link-cmara-de-seguridad-wi-fi-para-el-hogar-con-movimiento-horizontal-y-vertical\/\",\"name\":\"[ Tp Link ] &#129351; Tapo C200c Camara Wifi | Tp-link | | C\u00e1mara De Seguridad Wi-fi Para El Hogar Con Movimiento Horizontal Y Vertical\",\"isPartOf\":{\"@id\":\"https:\/\/compuviper.mx\/tienda\/#website\"},\"datePublished\":\"2026-04-23T06:15:49+00:00\",\"dateModified\":\"2026-04-23T06:15:49+00:00\",\"description\":\"Compra Tapo C200c Camara Wifi | Tp-link | | C\u00e1mara De Seguridad Wi-fi Para El Hogar Con Movimiento Horizontal Y Vertical + Env\u00edo a domicilio + Pago seguro + Garant\u00eda\",\"breadcrumb\":{\"@id\":\"https:\/\/compuviper.mx\/tienda\/producto\/tp-link-tapo-c200c-camara-wifi-tp-link-cmara-de-seguridad-wi-fi-para-el-hogar-con-movimiento-horizontal-y-vertical\/#breadcrumb\"},\"inLanguage\":\"es-MX\",\"potentialAction\":[{\"@type\":\"ReadAction\",\"target\":[\"https:\/\/compuviper.mx\/tienda\/producto\/tp-link-tapo-c200c-camara-wifi-tp-link-cmara-de-seguridad-wi-fi-para-el-hogar-con-movimiento-horizontal-y-vertical\/\"]}]},{\"@type\":\"BreadcrumbList\",\"@id\":\"https:\/\/compuviper.mx\/tienda\/producto\/tp-link-tapo-c200c-camara-wifi-tp-link-cmara-de-seguridad-wi-fi-para-el-hogar-con-movimiento-horizontal-y-vertical\/#breadcrumb\",\"itemListElement\":[{\"@type\":\"ListItem\",\"position\":1,\"name\":\"Inicio\",\"item\":\"https:\/\/compuviper.mx\/tienda\/\"},{\"@type\":\"ListItem\",\"position\":2,\"name\":\"Productos\",\"item\":\"https:\/\/compuviper.mx\/tienda\/productos\/\"},{\"@type\":\"ListItem\",\"position\":3,\"name\":\"Camaras\",\"item\":\"https:\/\/compuviper.mx\/tienda\/categoria-producto\/camaras-2\/\"},{\"@type\":\"ListItem\",\"position\":4,\"name\":\"Camara De Videovigilancia\",\"item\":\"https:\/\/compuviper.mx\/tienda\/categoria-producto\/camaras-2\/camara-de-videovigilancia\/\"},{\"@type\":\"ListItem\",\"position\":5,\"name\":\"Tp Link Tapo C200c Camara Wifi | Tp-link | | C?mara De Seguridad Wi-fi Para El Hogar Con Movimiento Horizontal Y Vertical\"}]},{\"@type\":\"WebSite\",\"@id\":\"https:\/\/compuviper.mx\/tienda\/#website\",\"url\":\"https:\/\/compuviper.mx\/tienda\/\",\"name\":\"Compuviper\",\"description\":\"Proveedor de Computadoras, Laptops, Servidores, Monitores, Puntos de Venta, Teclados,   Impresoras, T\u00f3ner, C\u00e1maras de Seguridad y m\u00e1s en tu tienda en l\u00ednea\",\"publisher\":{\"@id\":\"https:\/\/compuviper.mx\/tienda\/#organization\"},\"potentialAction\":[{\"@type\":\"SearchAction\",\"target\":{\"@type\":\"EntryPoint\",\"urlTemplate\":\"https:\/\/compuviper.mx\/tienda\/?s={search_term_string}\"},\"query-input\":\"required name=search_term_string\"}],\"inLanguage\":\"es-MX\"},{\"@type\":\"Organization\",\"@id\":\"https:\/\/compuviper.mx\/tienda\/#organization\",\"name\":\"Compuviper\",\"url\":\"https:\/\/compuviper.mx\/tienda\/\",\"logo\":{\"@type\":\"ImageObject\",\"inLanguage\":\"es-MX\",\"@id\":\"https:\/\/compuviper.mx\/tienda\/#\/schema\/logo\/image\/\",\"url\":\"https:\/\/compuviper.mx\/tienda\/wp-content\/uploads\/2021\/08\/Logo-Compuviper-10.png\",\"contentUrl\":\"https:\/\/compuviper.mx\/tienda\/wp-content\/uploads\/2021\/08\/Logo-Compuviper-10.png\",\"width\":1000,\"height\":500,\"caption\":\"Compuviper\"},\"image\":{\"@id\":\"https:\/\/compuviper.mx\/tienda\/#\/schema\/logo\/image\/\"},\"sameAs\":[\"https:\/\/www.facebook.com\/compuviper\",\"https:\/\/www.youtube.com\/channel\/UCf73dERp9Y3cfOq7q8BhLjA?view_as=subscriber\"]}]}<\/script>\n<meta property=\"product:brand\" content=\"TP LINK\" \/>\n<meta property=\"product:price:amount\" content=\"369\" \/>\n<meta property=\"product:price:currency\" content=\"MXN\" \/>\n<meta property=\"og:availability\" content=\"out of stock\" \/>\n<meta property=\"product:availability\" content=\"out of stock\" \/>\n<meta property=\"product:retailer_item_id\" content=\"TAPO C200C\" \/>\n<meta property=\"product:condition\" content=\"new\" \/>\n<!-- \/ Yoast SEO plugin. -->","yoast_head_json":{"title":"[ Tp Link ] &#129351; Tapo C200c Camara Wifi | Tp-link | | C\u00e1mara De Seguridad Wi-fi Para El Hogar Con Movimiento Horizontal Y Vertical","description":"Compra Tapo C200c Camara Wifi | Tp-link | | C\u00e1mara De Seguridad Wi-fi Para El Hogar Con Movimiento Horizontal Y Vertical + Env\u00edo a domicilio + Pago seguro + Garant\u00eda","robots":{"index":"index","follow":"follow","max-snippet":"max-snippet:-1","max-image-preview":"max-image-preview:large","max-video-preview":"max-video-preview:-1"},"canonical":"https:\/\/compuviper.mx\/tienda\/producto\/tp-link-tapo-c200c-camara-wifi-tp-link-cmara-de-seguridad-wi-fi-para-el-hogar-con-movimiento-horizontal-y-vertical\/","og_locale":"es_MX","og_type":"article","og_title":"[ Tp Link ] &#129351; Tapo C200c Camara Wifi | Tp-link | | C\u00e1mara De Seguridad Wi-fi Para El Hogar Con Movimiento Horizontal Y Vertical","og_description":"Compra Tapo C200c Camara Wifi | Tp-link | | C\u00e1mara De Seguridad Wi-fi Para El Hogar Con Movimiento Horizontal Y Vertical + Env\u00edo a domicilio + Pago seguro + Garant\u00eda","og_url":"https:\/\/compuviper.mx\/tienda\/producto\/tp-link-tapo-c200c-camara-wifi-tp-link-cmara-de-seguridad-wi-fi-para-el-hogar-con-movimiento-horizontal-y-vertical\/","og_site_name":"Compuviper","article_publisher":"https:\/\/www.facebook.com\/compuviper","twitter_card":"summary_large_image","twitter_misc":{"Precio":"&#36;369 con IVA","Availability":"Out of stock"},"schema":{"@context":"https:\/\/schema.org","@graph":[{"@type":"WebPage","@id":"https:\/\/compuviper.mx\/tienda\/producto\/tp-link-tapo-c200c-camara-wifi-tp-link-cmara-de-seguridad-wi-fi-para-el-hogar-con-movimiento-horizontal-y-vertical\/","url":"https:\/\/compuviper.mx\/tienda\/producto\/tp-link-tapo-c200c-camara-wifi-tp-link-cmara-de-seguridad-wi-fi-para-el-hogar-con-movimiento-horizontal-y-vertical\/","name":"[ Tp Link ] &#129351; Tapo C200c Camara Wifi | Tp-link | | C\u00e1mara De Seguridad Wi-fi Para El Hogar Con Movimiento Horizontal Y Vertical","isPartOf":{"@id":"https:\/\/compuviper.mx\/tienda\/#website"},"datePublished":"2026-04-23T06:15:49+00:00","dateModified":"2026-04-23T06:15:49+00:00","description":"Compra Tapo C200c Camara Wifi | Tp-link | | C\u00e1mara De Seguridad Wi-fi Para El Hogar Con Movimiento Horizontal Y Vertical + Env\u00edo a domicilio + Pago seguro + Garant\u00eda","breadcrumb":{"@id":"https:\/\/compuviper.mx\/tienda\/producto\/tp-link-tapo-c200c-camara-wifi-tp-link-cmara-de-seguridad-wi-fi-para-el-hogar-con-movimiento-horizontal-y-vertical\/#breadcrumb"},"inLanguage":"es-MX","potentialAction":[{"@type":"ReadAction","target":["https:\/\/compuviper.mx\/tienda\/producto\/tp-link-tapo-c200c-camara-wifi-tp-link-cmara-de-seguridad-wi-fi-para-el-hogar-con-movimiento-horizontal-y-vertical\/"]}]},{"@type":"BreadcrumbList","@id":"https:\/\/compuviper.mx\/tienda\/producto\/tp-link-tapo-c200c-camara-wifi-tp-link-cmara-de-seguridad-wi-fi-para-el-hogar-con-movimiento-horizontal-y-vertical\/#breadcrumb","itemListElement":[{"@type":"ListItem","position":1,"name":"Inicio","item":"https:\/\/compuviper.mx\/tienda\/"},{"@type":"ListItem","position":2,"name":"Productos","item":"https:\/\/compuviper.mx\/tienda\/productos\/"},{"@type":"ListItem","position":3,"name":"Camaras","item":"https:\/\/compuviper.mx\/tienda\/categoria-producto\/camaras-2\/"},{"@type":"ListItem","position":4,"name":"Camara De Videovigilancia","item":"https:\/\/compuviper.mx\/tienda\/categoria-producto\/camaras-2\/camara-de-videovigilancia\/"},{"@type":"ListItem","position":5,"name":"Tp Link Tapo C200c Camara Wifi | Tp-link | | C?mara De Seguridad Wi-fi Para El Hogar Con Movimiento Horizontal Y Vertical"}]},{"@type":"WebSite","@id":"https:\/\/compuviper.mx\/tienda\/#website","url":"https:\/\/compuviper.mx\/tienda\/","name":"Compuviper","description":"Proveedor de Computadoras, Laptops, Servidores, Monitores, Puntos de Venta, Teclados,   Impresoras, T\u00f3ner, C\u00e1maras de Seguridad y m\u00e1s en tu tienda en l\u00ednea","publisher":{"@id":"https:\/\/compuviper.mx\/tienda\/#organization"},"potentialAction":[{"@type":"SearchAction","target":{"@type":"EntryPoint","urlTemplate":"https:\/\/compuviper.mx\/tienda\/?s={search_term_string}"},"query-input":"required name=search_term_string"}],"inLanguage":"es-MX"},{"@type":"Organization","@id":"https:\/\/compuviper.mx\/tienda\/#organization","name":"Compuviper","url":"https:\/\/compuviper.mx\/tienda\/","logo":{"@type":"ImageObject","inLanguage":"es-MX","@id":"https:\/\/compuviper.mx\/tienda\/#\/schema\/logo\/image\/","url":"https:\/\/compuviper.mx\/tienda\/wp-content\/uploads\/2021\/08\/Logo-Compuviper-10.png","contentUrl":"https:\/\/compuviper.mx\/tienda\/wp-content\/uploads\/2021\/08\/Logo-Compuviper-10.png","width":1000,"height":500,"caption":"Compuviper"},"image":{"@id":"https:\/\/compuviper.mx\/tienda\/#\/schema\/logo\/image\/"},"sameAs":["https:\/\/www.facebook.com\/compuviper","https:\/\/www.youtube.com\/channel\/UCf73dERp9Y3cfOq7q8BhLjA?view_as=subscriber"]}]},"product_brand":"TP LINK","product_price_amount":"369","product_price_currency":"MXN","og_availability":"out of stock","product_availability":"out of stock","product_retailer_item_id":"TAPO C200C","product_condition":"new"},"_links":{"self":[{"href":"https:\/\/compuviper.mx\/tienda\/wp-json\/wp\/v2\/product\/268678"}],"collection":[{"href":"https:\/\/compuviper.mx\/tienda\/wp-json\/wp\/v2\/product"}],"about":[{"href":"https:\/\/compuviper.mx\/tienda\/wp-json\/wp\/v2\/types\/product"}],"replies":[{"embeddable":true,"href":"https:\/\/compuviper.mx\/tienda\/wp-json\/wp\/v2\/comments?post=268678"}],"wp:attachment":[{"href":"https:\/\/compuviper.mx\/tienda\/wp-json\/wp\/v2\/media?parent=268678"}],"wp:term":[{"taxonomy":"product_cat","embeddable":true,"href":"https:\/\/compuviper.mx\/tienda\/wp-json\/wp\/v2\/product_cat?post=268678"},{"taxonomy":"product_tag","embeddable":true,"href":"https:\/\/compuviper.mx\/tienda\/wp-json\/wp\/v2\/product_tag?post=268678"}],"curies":[{"name":"wp","href":"https:\/\/api.w.org\/{rel}","templated":true}]}}