{"id":268674,"date":"2026-05-11T23:35:31","date_gmt":"2026-05-12T05:35:31","guid":{"rendered":"https:\/\/compuviper.mx\/tienda\/producto\/asus-oem-nc01-rog-sheath889349495162-mousepad-asus-rog-sheath-900-x-440-x-3-mm-base-antideslizante-negro\/"},"modified":"2026-05-12T00:00:11","modified_gmt":"2026-05-12T06:00:11","slug":"asus-oem-nc01-rog-sheath889349495162-mousepad-asus-rog-sheath-900-x-440-x-3-mm-base-antideslizante-negro","status":"publish","type":"product","link":"https:\/\/compuviper.mx\/tienda\/producto\/asus-oem-nc01-rog-sheath889349495162-mousepad-asus-rog-sheath-900-x-440-x-3-mm-base-antideslizante-negro\/","title":{"rendered":"Asus Oem Nc01 Rog Sheath,889349495162 Mousepad Asus Rog Sheath\/900 X 440 X 3 Mm\/base Antideslizante\/negro"},"content":{"rendered":"<table class=\"descripcion\">\n<tr>\n<td>Tipo<\/td>\n<\/tr>\n<tr>\n<td>Suave<\/td>\n<\/tr>\n<tr>\n<td>Material superior<\/td>\n<\/tr>\n<tr>\n<td>Tela<\/td>\n<\/tr>\n<tr>\n<td>Material inferior<\/td>\n<\/tr>\n<tr>\n<td>Caucho<\/td>\n<\/tr>\n<tr>\n<td>Dimensiones<\/td>\n<\/tr>\n<tr>\n<td>900 x 440 x 3 mm<\/td>\n<\/tr>\n<tr>\n<td>Contenido<\/td>\n<\/tr>\n<tr>\n<td>1 x sheath mousepad<\/td>\n<\/tr>\n<tr>\n<td>2 x rog stickers<\/td>\n<\/tr>\n<\/table>\n","protected":false},"excerpt":{"rendered":"<p>Rog sheath es un mouse pad extragrande optimizado para disfrutar de un control de juego ultra-fluido con cualquier tipo de rat\u00f3n. Su suave superficie proporciona un seguimiento al p\u00edxel para que todos tus movimientos se reflejen con una precisi\u00f3n absoluta. Dise\u00f1ada para ofrecer la experiencia m\u00e1s c\u00f3moda posible, incorpora una base de goma roja antideslizante y unos bordes con un bordado doble que resisten el desgaste.<\/p>\n","protected":false},"featured_media":268675,"comment_status":"open","ping_status":"open","template":"","meta":[],"product_cat":[2303,1485],"product_tag":[2096],"acf":[],"yoast_head":"<!-- This site is optimized with the Yoast SEO plugin v21.7 - https:\/\/yoast.com\/wordpress\/plugins\/seo\/ -->\n<title>[ Asus Oem ] &#129351; Nc01 Rog Sheath,889349495162 Mousepad Asus Rog Sheath\/900 X 440 X 3 Mm\/base Antideslizante\/negro<\/title>\n<meta name=\"description\" content=\"Compra Nc01 Rog Sheath,889349495162 Mousepad Asus Rog Sheath\/900 X 440 X 3 Mm\/base Antideslizante\/negro + Env\u00edo a domicilio + Pago seguro + Garant\u00eda\" \/>\n<meta name=\"robots\" content=\"index, follow, max-snippet:-1, max-image-preview:large, max-video-preview:-1\" \/>\n<link rel=\"canonical\" href=\"https:\/\/compuviper.mx\/tienda\/producto\/asus-oem-nc01-rog-sheath889349495162-mousepad-asus-rog-sheath-900-x-440-x-3-mm-base-antideslizante-negro\/\" \/>\n<meta property=\"og:locale\" content=\"es_MX\" \/>\n<meta property=\"og:type\" content=\"article\" \/>\n<meta property=\"og:title\" content=\"[ Asus Oem ] &#129351; Nc01 Rog Sheath,889349495162 Mousepad Asus Rog Sheath\/900 X 440 X 3 Mm\/base Antideslizante\/negro\" \/>\n<meta property=\"og:description\" content=\"Compra Nc01 Rog Sheath,889349495162 Mousepad Asus Rog Sheath\/900 X 440 X 3 Mm\/base Antideslizante\/negro + Env\u00edo a domicilio + Pago seguro + Garant\u00eda\" \/>\n<meta property=\"og:url\" content=\"https:\/\/compuviper.mx\/tienda\/producto\/asus-oem-nc01-rog-sheath889349495162-mousepad-asus-rog-sheath-900-x-440-x-3-mm-base-antideslizante-negro\/\" \/>\n<meta property=\"og:site_name\" content=\"Compuviper\" \/>\n<meta property=\"article:publisher\" content=\"https:\/\/www.facebook.com\/compuviper\" \/>\n<meta property=\"article:modified_time\" content=\"2026-05-12T06:00:11+00:00\" \/>\n<meta property=\"og:image\" content=\"https:\/\/compuviper.mx\/tienda\/wp-content\/uploads\/2026\/04\/Mousepad-asus-rog-sheath900-x-440-x-3-mmbase-antideslizantenegro.jpg\" \/>\n\t<meta property=\"og:image:width\" content=\"200\" \/>\n\t<meta property=\"og:image:height\" content=\"200\" \/>\n\t<meta property=\"og:image:type\" content=\"image\/jpeg\" \/>\n<meta name=\"twitter:card\" content=\"summary_large_image\" \/>\n<meta name=\"twitter:label1\" content=\"Precio\" \/>\n\t<meta name=\"twitter:data1\" content=\"&#36;503 con IVA\" \/>\n\t<meta name=\"twitter:label2\" content=\"Availability\" \/>\n\t<meta name=\"twitter:data2\" content=\"In stock\" \/>\n<script type=\"application\/ld+json\" class=\"yoast-schema-graph\">{\"@context\":\"https:\/\/schema.org\",\"@graph\":[{\"@type\":\"WebPage\",\"@id\":\"https:\/\/compuviper.mx\/tienda\/producto\/asus-oem-nc01-rog-sheath889349495162-mousepad-asus-rog-sheath-900-x-440-x-3-mm-base-antideslizante-negro\/\",\"url\":\"https:\/\/compuviper.mx\/tienda\/producto\/asus-oem-nc01-rog-sheath889349495162-mousepad-asus-rog-sheath-900-x-440-x-3-mm-base-antideslizante-negro\/\",\"name\":\"[ Asus Oem ] &#129351; Nc01 Rog Sheath,889349495162 Mousepad Asus Rog Sheath\/900 X 440 X 3 Mm\/base Antideslizante\/negro\",\"isPartOf\":{\"@id\":\"https:\/\/compuviper.mx\/tienda\/#website\"},\"datePublished\":\"2026-05-12T05:35:31+00:00\",\"dateModified\":\"2026-05-12T06:00:11+00:00\",\"description\":\"Compra Nc01 Rog Sheath,889349495162 Mousepad Asus Rog Sheath\/900 X 440 X 3 Mm\/base Antideslizante\/negro + Env\u00edo a domicilio + Pago seguro + Garant\u00eda\",\"breadcrumb\":{\"@id\":\"https:\/\/compuviper.mx\/tienda\/producto\/asus-oem-nc01-rog-sheath889349495162-mousepad-asus-rog-sheath-900-x-440-x-3-mm-base-antideslizante-negro\/#breadcrumb\"},\"inLanguage\":\"es-MX\",\"potentialAction\":[{\"@type\":\"ReadAction\",\"target\":[\"https:\/\/compuviper.mx\/tienda\/producto\/asus-oem-nc01-rog-sheath889349495162-mousepad-asus-rog-sheath-900-x-440-x-3-mm-base-antideslizante-negro\/\"]}]},{\"@type\":\"BreadcrumbList\",\"@id\":\"https:\/\/compuviper.mx\/tienda\/producto\/asus-oem-nc01-rog-sheath889349495162-mousepad-asus-rog-sheath-900-x-440-x-3-mm-base-antideslizante-negro\/#breadcrumb\",\"itemListElement\":[{\"@type\":\"ListItem\",\"position\":1,\"name\":\"Inicio\",\"item\":\"https:\/\/compuviper.mx\/tienda\/\"},{\"@type\":\"ListItem\",\"position\":2,\"name\":\"Productos\",\"item\":\"https:\/\/compuviper.mx\/tienda\/productos\/\"},{\"@type\":\"ListItem\",\"position\":3,\"name\":\"Accesorios\",\"item\":\"https:\/\/compuviper.mx\/tienda\/categoria-producto\/accesorios\/\"},{\"@type\":\"ListItem\",\"position\":4,\"name\":\"Mouse Pads\",\"item\":\"https:\/\/compuviper.mx\/tienda\/categoria-producto\/accesorios\/mouse-pads\/\"},{\"@type\":\"ListItem\",\"position\":5,\"name\":\"Asus Oem Nc01 Rog Sheath,889349495162 Mousepad Asus Rog Sheath\/900 X 440 X 3 Mm\/base Antideslizante\/negro\"}]},{\"@type\":\"WebSite\",\"@id\":\"https:\/\/compuviper.mx\/tienda\/#website\",\"url\":\"https:\/\/compuviper.mx\/tienda\/\",\"name\":\"Compuviper\",\"description\":\"Proveedor de Computadoras, Laptops, Servidores, Monitores, Puntos de Venta, Teclados,   Impresoras, T\u00f3ner, C\u00e1maras de Seguridad y m\u00e1s en tu tienda en l\u00ednea\",\"publisher\":{\"@id\":\"https:\/\/compuviper.mx\/tienda\/#organization\"},\"potentialAction\":[{\"@type\":\"SearchAction\",\"target\":{\"@type\":\"EntryPoint\",\"urlTemplate\":\"https:\/\/compuviper.mx\/tienda\/?s={search_term_string}\"},\"query-input\":\"required name=search_term_string\"}],\"inLanguage\":\"es-MX\"},{\"@type\":\"Organization\",\"@id\":\"https:\/\/compuviper.mx\/tienda\/#organization\",\"name\":\"Compuviper\",\"url\":\"https:\/\/compuviper.mx\/tienda\/\",\"logo\":{\"@type\":\"ImageObject\",\"inLanguage\":\"es-MX\",\"@id\":\"https:\/\/compuviper.mx\/tienda\/#\/schema\/logo\/image\/\",\"url\":\"https:\/\/compuviper.mx\/tienda\/wp-content\/uploads\/2021\/08\/Logo-Compuviper-10.png\",\"contentUrl\":\"https:\/\/compuviper.mx\/tienda\/wp-content\/uploads\/2021\/08\/Logo-Compuviper-10.png\",\"width\":1000,\"height\":500,\"caption\":\"Compuviper\"},\"image\":{\"@id\":\"https:\/\/compuviper.mx\/tienda\/#\/schema\/logo\/image\/\"},\"sameAs\":[\"https:\/\/www.facebook.com\/compuviper\",\"https:\/\/www.youtube.com\/channel\/UCf73dERp9Y3cfOq7q8BhLjA?view_as=subscriber\"]}]}<\/script>\n<meta property=\"product:brand\" content=\"Asus Oem\" \/>\n<meta property=\"product:price:amount\" content=\"503\" \/>\n<meta property=\"product:price:currency\" content=\"MXN\" \/>\n<meta property=\"og:availability\" content=\"instock\" \/>\n<meta property=\"product:availability\" content=\"instock\" \/>\n<meta property=\"product:retailer_item_id\" content=\"NC01 ROG SHEATH,889349495162\" \/>\n<meta property=\"product:condition\" content=\"new\" \/>\n<!-- \/ Yoast SEO plugin. -->","yoast_head_json":{"title":"[ Asus Oem ] &#129351; Nc01 Rog Sheath,889349495162 Mousepad Asus Rog Sheath\/900 X 440 X 3 Mm\/base Antideslizante\/negro","description":"Compra Nc01 Rog Sheath,889349495162 Mousepad Asus Rog Sheath\/900 X 440 X 3 Mm\/base Antideslizante\/negro + Env\u00edo a domicilio + Pago seguro + Garant\u00eda","robots":{"index":"index","follow":"follow","max-snippet":"max-snippet:-1","max-image-preview":"max-image-preview:large","max-video-preview":"max-video-preview:-1"},"canonical":"https:\/\/compuviper.mx\/tienda\/producto\/asus-oem-nc01-rog-sheath889349495162-mousepad-asus-rog-sheath-900-x-440-x-3-mm-base-antideslizante-negro\/","og_locale":"es_MX","og_type":"article","og_title":"[ Asus Oem ] &#129351; Nc01 Rog Sheath,889349495162 Mousepad Asus Rog Sheath\/900 X 440 X 3 Mm\/base Antideslizante\/negro","og_description":"Compra Nc01 Rog Sheath,889349495162 Mousepad Asus Rog Sheath\/900 X 440 X 3 Mm\/base Antideslizante\/negro + Env\u00edo a domicilio + Pago seguro + Garant\u00eda","og_url":"https:\/\/compuviper.mx\/tienda\/producto\/asus-oem-nc01-rog-sheath889349495162-mousepad-asus-rog-sheath-900-x-440-x-3-mm-base-antideslizante-negro\/","og_site_name":"Compuviper","article_publisher":"https:\/\/www.facebook.com\/compuviper","article_modified_time":"2026-05-12T06:00:11+00:00","og_image":[{"width":200,"height":200,"url":"https:\/\/compuviper.mx\/tienda\/wp-content\/uploads\/2026\/04\/Mousepad-asus-rog-sheath900-x-440-x-3-mmbase-antideslizantenegro.jpg","type":"image\/jpeg"}],"twitter_card":"summary_large_image","twitter_misc":{"Precio":"&#36;503 con IVA","Availability":"In stock"},"schema":{"@context":"https:\/\/schema.org","@graph":[{"@type":"WebPage","@id":"https:\/\/compuviper.mx\/tienda\/producto\/asus-oem-nc01-rog-sheath889349495162-mousepad-asus-rog-sheath-900-x-440-x-3-mm-base-antideslizante-negro\/","url":"https:\/\/compuviper.mx\/tienda\/producto\/asus-oem-nc01-rog-sheath889349495162-mousepad-asus-rog-sheath-900-x-440-x-3-mm-base-antideslizante-negro\/","name":"[ Asus Oem ] &#129351; Nc01 Rog Sheath,889349495162 Mousepad Asus Rog Sheath\/900 X 440 X 3 Mm\/base Antideslizante\/negro","isPartOf":{"@id":"https:\/\/compuviper.mx\/tienda\/#website"},"datePublished":"2026-05-12T05:35:31+00:00","dateModified":"2026-05-12T06:00:11+00:00","description":"Compra Nc01 Rog Sheath,889349495162 Mousepad Asus Rog Sheath\/900 X 440 X 3 Mm\/base Antideslizante\/negro + Env\u00edo a domicilio + Pago seguro + Garant\u00eda","breadcrumb":{"@id":"https:\/\/compuviper.mx\/tienda\/producto\/asus-oem-nc01-rog-sheath889349495162-mousepad-asus-rog-sheath-900-x-440-x-3-mm-base-antideslizante-negro\/#breadcrumb"},"inLanguage":"es-MX","potentialAction":[{"@type":"ReadAction","target":["https:\/\/compuviper.mx\/tienda\/producto\/asus-oem-nc01-rog-sheath889349495162-mousepad-asus-rog-sheath-900-x-440-x-3-mm-base-antideslizante-negro\/"]}]},{"@type":"BreadcrumbList","@id":"https:\/\/compuviper.mx\/tienda\/producto\/asus-oem-nc01-rog-sheath889349495162-mousepad-asus-rog-sheath-900-x-440-x-3-mm-base-antideslizante-negro\/#breadcrumb","itemListElement":[{"@type":"ListItem","position":1,"name":"Inicio","item":"https:\/\/compuviper.mx\/tienda\/"},{"@type":"ListItem","position":2,"name":"Productos","item":"https:\/\/compuviper.mx\/tienda\/productos\/"},{"@type":"ListItem","position":3,"name":"Accesorios","item":"https:\/\/compuviper.mx\/tienda\/categoria-producto\/accesorios\/"},{"@type":"ListItem","position":4,"name":"Mouse Pads","item":"https:\/\/compuviper.mx\/tienda\/categoria-producto\/accesorios\/mouse-pads\/"},{"@type":"ListItem","position":5,"name":"Asus Oem Nc01 Rog Sheath,889349495162 Mousepad Asus Rog Sheath\/900 X 440 X 3 Mm\/base Antideslizante\/negro"}]},{"@type":"WebSite","@id":"https:\/\/compuviper.mx\/tienda\/#website","url":"https:\/\/compuviper.mx\/tienda\/","name":"Compuviper","description":"Proveedor de Computadoras, Laptops, Servidores, Monitores, Puntos de Venta, Teclados,   Impresoras, T\u00f3ner, C\u00e1maras de Seguridad y m\u00e1s en tu tienda en l\u00ednea","publisher":{"@id":"https:\/\/compuviper.mx\/tienda\/#organization"},"potentialAction":[{"@type":"SearchAction","target":{"@type":"EntryPoint","urlTemplate":"https:\/\/compuviper.mx\/tienda\/?s={search_term_string}"},"query-input":"required name=search_term_string"}],"inLanguage":"es-MX"},{"@type":"Organization","@id":"https:\/\/compuviper.mx\/tienda\/#organization","name":"Compuviper","url":"https:\/\/compuviper.mx\/tienda\/","logo":{"@type":"ImageObject","inLanguage":"es-MX","@id":"https:\/\/compuviper.mx\/tienda\/#\/schema\/logo\/image\/","url":"https:\/\/compuviper.mx\/tienda\/wp-content\/uploads\/2021\/08\/Logo-Compuviper-10.png","contentUrl":"https:\/\/compuviper.mx\/tienda\/wp-content\/uploads\/2021\/08\/Logo-Compuviper-10.png","width":1000,"height":500,"caption":"Compuviper"},"image":{"@id":"https:\/\/compuviper.mx\/tienda\/#\/schema\/logo\/image\/"},"sameAs":["https:\/\/www.facebook.com\/compuviper","https:\/\/www.youtube.com\/channel\/UCf73dERp9Y3cfOq7q8BhLjA?view_as=subscriber"]}]},"product_brand":"Asus Oem","product_price_amount":"503","product_price_currency":"MXN","og_availability":"instock","product_availability":"instock","product_retailer_item_id":"NC01 ROG SHEATH,889349495162","product_condition":"new"},"_links":{"self":[{"href":"https:\/\/compuviper.mx\/tienda\/wp-json\/wp\/v2\/product\/268674"}],"collection":[{"href":"https:\/\/compuviper.mx\/tienda\/wp-json\/wp\/v2\/product"}],"about":[{"href":"https:\/\/compuviper.mx\/tienda\/wp-json\/wp\/v2\/types\/product"}],"replies":[{"embeddable":true,"href":"https:\/\/compuviper.mx\/tienda\/wp-json\/wp\/v2\/comments?post=268674"}],"wp:featuredmedia":[{"embeddable":true,"href":"https:\/\/compuviper.mx\/tienda\/wp-json\/wp\/v2\/media\/268675"}],"wp:attachment":[{"href":"https:\/\/compuviper.mx\/tienda\/wp-json\/wp\/v2\/media?parent=268674"}],"wp:term":[{"taxonomy":"product_cat","embeddable":true,"href":"https:\/\/compuviper.mx\/tienda\/wp-json\/wp\/v2\/product_cat?post=268674"},{"taxonomy":"product_tag","embeddable":true,"href":"https:\/\/compuviper.mx\/tienda\/wp-json\/wp\/v2\/product_tag?post=268674"}],"curies":[{"name":"wp","href":"https:\/\/api.w.org\/{rel}","templated":true}]}}