{"id":268664,"date":"2026-04-11T01:59:39","date_gmt":"2026-04-11T07:59:39","guid":{"rendered":"https:\/\/compuviper.mx\/tienda\/producto\/lenovo-7df3a030la-servidor-thinksystem-st50-v3-1xintel-xeon-6333p-6c-3-1ghz-65w-1x32gb-2rx8-1x960gb-ssd-1x2tb-7200-sw-rd-1x300w\/"},"modified":"2026-04-11T01:59:39","modified_gmt":"2026-04-11T07:59:39","slug":"lenovo-7df3a030la-servidor-thinksystem-st50-v3-1xintel-xeon-6333p-6c-3-1ghz-65w-1x32gb-2rx8-1x960gb-ssd-1x2tb-7200-sw-rd-1x300w","status":"publish","type":"product","link":"https:\/\/compuviper.mx\/tienda\/producto\/lenovo-7df3a030la-servidor-thinksystem-st50-v3-1xintel-xeon-6333p-6c-3-1ghz-65w-1x32gb-2rx8-1x960gb-ssd-1x2tb-7200-sw-rd-1x300w\/","title":{"rendered":"Lenovo 7df3a030la Servidor  Thinksystem St50 V3, 1xintel Xeon 6333p 6c 3.1ghz 65w, 1x32gb 2rx8, 1x960gb Ssd,  1x2tb 7200,  Sw Rd,   1x300w"},"content":{"rendered":"<table class=\"descripcion\">\n<tr>\n<td>Procesador: intel xeon serie 6300 o intel xeon serie e-2400 (raptor lake) o intel pentium con hasta 8 n\u00facleos por socket y tdp hasta 95 w.<\/td>\n<\/tr>\n<tr>\n<td>Memoria ram: m\u00ednima de 16 gb, m\u00e1xima de 128 gb ddr5 ecc, con cuatro ranuras dimm (dos canales, dos dimm por canal).almacenamiento: soporta unidades m.2 y discos de 3.5 pulgadas sata; puede contener hasta 3 discos duros de 3.5.<\/td>\n<\/tr>\n<tr>\n<td>Ranuras de expansi\u00f3n: pcie gen 5 y gen 4, varias ranuras disponibles para tarjetas de expansi\u00f3n.<\/td>\n<\/tr>\n<tr>\n<td>Red: incluye puertos ethernet gigabit y posibilidad de administraci\u00f3n remota.<\/td>\n<\/tr>\n<tr>\n<td>Fuente de poder: alrededor de 300w a 500w con certificaci\u00f3n energ\u00e9tica 80 plus.<\/td>\n<\/tr>\n<tr>\n<td>Formato: torre compacta, adecuada para oficinas o espacios con limitaciones de ruido.<\/td>\n<\/tr>\n<tr>\n<td>Compatibilidad: soporta sistemas operativos windows server y linux.<\/td>\n<\/tr>\n<\/table>\n","protected":false},"excerpt":{"rendered":"<p>Este servidor est\u00e1 dise\u00f1ado para empresas peque\u00f1as y medianas, con enfoque en expansi\u00f3n flexible y administraci\u00f3n ti eficiente, ideal para cargas ligeras a moderadas y virtualizaci\u00f3n b\u00e1sica<\/p>\n","protected":false},"featured_media":0,"comment_status":"open","ping_status":"open","template":"","meta":[],"product_cat":[1808,1810],"product_tag":[1578],"acf":[],"yoast_head":"<!-- This site is optimized with the Yoast SEO plugin v21.7 - https:\/\/yoast.com\/wordpress\/plugins\/seo\/ -->\n<title>[ Lenovo ] &#129351; 7df3a030la Servidor Thinksystem St50 V3, 1xintel Xeon 6333p 6c 3.1ghz 65w, 1x32gb 2rx8, 1x960gb Ssd, 1x2tb 7200, Sw Rd, 1x300w<\/title>\n<meta name=\"description\" content=\"Compra 7df3a030la Servidor Thinksystem St50 V3, 1xintel Xeon 6333p 6c 3.1ghz 65w, 1x32gb 2rx8, 1x960gb Ssd, 1x2tb 7200, Sw Rd, 1x300w + Env\u00edo a domicilio + Pago seguro + Garant\u00eda\" \/>\n<meta name=\"robots\" content=\"index, follow, max-snippet:-1, max-image-preview:large, max-video-preview:-1\" \/>\n<link rel=\"canonical\" href=\"https:\/\/compuviper.mx\/tienda\/producto\/lenovo-7df3a030la-servidor-thinksystem-st50-v3-1xintel-xeon-6333p-6c-3-1ghz-65w-1x32gb-2rx8-1x960gb-ssd-1x2tb-7200-sw-rd-1x300w\/\" \/>\n<meta property=\"og:locale\" content=\"es_MX\" \/>\n<meta property=\"og:type\" content=\"article\" \/>\n<meta property=\"og:title\" content=\"[ Lenovo ] &#129351; 7df3a030la Servidor Thinksystem St50 V3, 1xintel Xeon 6333p 6c 3.1ghz 65w, 1x32gb 2rx8, 1x960gb Ssd, 1x2tb 7200, Sw Rd, 1x300w\" \/>\n<meta property=\"og:description\" content=\"Compra 7df3a030la Servidor Thinksystem St50 V3, 1xintel Xeon 6333p 6c 3.1ghz 65w, 1x32gb 2rx8, 1x960gb Ssd, 1x2tb 7200, Sw Rd, 1x300w + Env\u00edo a domicilio + Pago seguro + Garant\u00eda\" \/>\n<meta property=\"og:url\" content=\"https:\/\/compuviper.mx\/tienda\/producto\/lenovo-7df3a030la-servidor-thinksystem-st50-v3-1xintel-xeon-6333p-6c-3-1ghz-65w-1x32gb-2rx8-1x960gb-ssd-1x2tb-7200-sw-rd-1x300w\/\" \/>\n<meta property=\"og:site_name\" content=\"Compuviper\" \/>\n<meta property=\"article:publisher\" content=\"https:\/\/www.facebook.com\/compuviper\" \/>\n<meta name=\"twitter:card\" content=\"summary_large_image\" \/>\n<meta name=\"twitter:label1\" content=\"Precio\" \/>\n\t<meta name=\"twitter:data1\" content=\"&#36;83,595 con IVA\" \/>\n\t<meta name=\"twitter:label2\" content=\"Availability\" \/>\n\t<meta name=\"twitter:data2\" content=\"On backorder\" \/>\n<script type=\"application\/ld+json\" class=\"yoast-schema-graph\">{\"@context\":\"https:\/\/schema.org\",\"@graph\":[{\"@type\":\"WebPage\",\"@id\":\"https:\/\/compuviper.mx\/tienda\/producto\/lenovo-7df3a030la-servidor-thinksystem-st50-v3-1xintel-xeon-6333p-6c-3-1ghz-65w-1x32gb-2rx8-1x960gb-ssd-1x2tb-7200-sw-rd-1x300w\/\",\"url\":\"https:\/\/compuviper.mx\/tienda\/producto\/lenovo-7df3a030la-servidor-thinksystem-st50-v3-1xintel-xeon-6333p-6c-3-1ghz-65w-1x32gb-2rx8-1x960gb-ssd-1x2tb-7200-sw-rd-1x300w\/\",\"name\":\"[ Lenovo ] &#129351; 7df3a030la Servidor Thinksystem St50 V3, 1xintel Xeon 6333p 6c 3.1ghz 65w, 1x32gb 2rx8, 1x960gb Ssd, 1x2tb 7200, Sw Rd, 1x300w\",\"isPartOf\":{\"@id\":\"https:\/\/compuviper.mx\/tienda\/#website\"},\"datePublished\":\"2026-04-11T07:59:39+00:00\",\"dateModified\":\"2026-04-11T07:59:39+00:00\",\"description\":\"Compra 7df3a030la Servidor Thinksystem St50 V3, 1xintel Xeon 6333p 6c 3.1ghz 65w, 1x32gb 2rx8, 1x960gb Ssd, 1x2tb 7200, Sw Rd, 1x300w + Env\u00edo a domicilio + Pago seguro + Garant\u00eda\",\"breadcrumb\":{\"@id\":\"https:\/\/compuviper.mx\/tienda\/producto\/lenovo-7df3a030la-servidor-thinksystem-st50-v3-1xintel-xeon-6333p-6c-3-1ghz-65w-1x32gb-2rx8-1x960gb-ssd-1x2tb-7200-sw-rd-1x300w\/#breadcrumb\"},\"inLanguage\":\"es-MX\",\"potentialAction\":[{\"@type\":\"ReadAction\",\"target\":[\"https:\/\/compuviper.mx\/tienda\/producto\/lenovo-7df3a030la-servidor-thinksystem-st50-v3-1xintel-xeon-6333p-6c-3-1ghz-65w-1x32gb-2rx8-1x960gb-ssd-1x2tb-7200-sw-rd-1x300w\/\"]}]},{\"@type\":\"BreadcrumbList\",\"@id\":\"https:\/\/compuviper.mx\/tienda\/producto\/lenovo-7df3a030la-servidor-thinksystem-st50-v3-1xintel-xeon-6333p-6c-3-1ghz-65w-1x32gb-2rx8-1x960gb-ssd-1x2tb-7200-sw-rd-1x300w\/#breadcrumb\",\"itemListElement\":[{\"@type\":\"ListItem\",\"position\":1,\"name\":\"Inicio\",\"item\":\"https:\/\/compuviper.mx\/tienda\/\"},{\"@type\":\"ListItem\",\"position\":2,\"name\":\"Productos\",\"item\":\"https:\/\/compuviper.mx\/tienda\/productos\/\"},{\"@type\":\"ListItem\",\"position\":3,\"name\":\"Lenovo 7df3a030la Servidor Thinksystem St50 V3, 1xintel Xeon 6333p 6c 3.1ghz 65w, 1x32gb 2rx8, 1x960gb Ssd, 1x2tb 7200, Sw Rd, 1x300w\"}]},{\"@type\":\"WebSite\",\"@id\":\"https:\/\/compuviper.mx\/tienda\/#website\",\"url\":\"https:\/\/compuviper.mx\/tienda\/\",\"name\":\"Compuviper\",\"description\":\"Proveedor de Computadoras, Laptops, Servidores, Monitores, Puntos de Venta, Teclados,   Impresoras, T\u00f3ner, C\u00e1maras de Seguridad y m\u00e1s en tu tienda en l\u00ednea\",\"publisher\":{\"@id\":\"https:\/\/compuviper.mx\/tienda\/#organization\"},\"potentialAction\":[{\"@type\":\"SearchAction\",\"target\":{\"@type\":\"EntryPoint\",\"urlTemplate\":\"https:\/\/compuviper.mx\/tienda\/?s={search_term_string}\"},\"query-input\":\"required name=search_term_string\"}],\"inLanguage\":\"es-MX\"},{\"@type\":\"Organization\",\"@id\":\"https:\/\/compuviper.mx\/tienda\/#organization\",\"name\":\"Compuviper\",\"url\":\"https:\/\/compuviper.mx\/tienda\/\",\"logo\":{\"@type\":\"ImageObject\",\"inLanguage\":\"es-MX\",\"@id\":\"https:\/\/compuviper.mx\/tienda\/#\/schema\/logo\/image\/\",\"url\":\"https:\/\/compuviper.mx\/tienda\/wp-content\/uploads\/2021\/08\/Logo-Compuviper-10.png\",\"contentUrl\":\"https:\/\/compuviper.mx\/tienda\/wp-content\/uploads\/2021\/08\/Logo-Compuviper-10.png\",\"width\":1000,\"height\":500,\"caption\":\"Compuviper\"},\"image\":{\"@id\":\"https:\/\/compuviper.mx\/tienda\/#\/schema\/logo\/image\/\"},\"sameAs\":[\"https:\/\/www.facebook.com\/compuviper\",\"https:\/\/www.youtube.com\/channel\/UCf73dERp9Y3cfOq7q8BhLjA?view_as=subscriber\"]}]}<\/script>\n<meta property=\"product:brand\" content=\"LENOVO\" \/>\n<meta property=\"product:price:amount\" content=\"83595\" \/>\n<meta property=\"product:price:currency\" content=\"MXN\" \/>\n<meta property=\"og:availability\" content=\"backorder\" \/>\n<meta property=\"product:availability\" content=\"available for order\" \/>\n<meta property=\"product:retailer_item_id\" content=\"7DF3A030LA\" \/>\n<meta property=\"product:condition\" content=\"new\" \/>\n<!-- \/ Yoast SEO plugin. -->","yoast_head_json":{"title":"[ Lenovo ] &#129351; 7df3a030la Servidor Thinksystem St50 V3, 1xintel Xeon 6333p 6c 3.1ghz 65w, 1x32gb 2rx8, 1x960gb Ssd, 1x2tb 7200, Sw Rd, 1x300w","description":"Compra 7df3a030la Servidor Thinksystem St50 V3, 1xintel Xeon 6333p 6c 3.1ghz 65w, 1x32gb 2rx8, 1x960gb Ssd, 1x2tb 7200, Sw Rd, 1x300w + Env\u00edo a domicilio + Pago seguro + Garant\u00eda","robots":{"index":"index","follow":"follow","max-snippet":"max-snippet:-1","max-image-preview":"max-image-preview:large","max-video-preview":"max-video-preview:-1"},"canonical":"https:\/\/compuviper.mx\/tienda\/producto\/lenovo-7df3a030la-servidor-thinksystem-st50-v3-1xintel-xeon-6333p-6c-3-1ghz-65w-1x32gb-2rx8-1x960gb-ssd-1x2tb-7200-sw-rd-1x300w\/","og_locale":"es_MX","og_type":"article","og_title":"[ Lenovo ] &#129351; 7df3a030la Servidor Thinksystem St50 V3, 1xintel Xeon 6333p 6c 3.1ghz 65w, 1x32gb 2rx8, 1x960gb Ssd, 1x2tb 7200, Sw Rd, 1x300w","og_description":"Compra 7df3a030la Servidor Thinksystem St50 V3, 1xintel Xeon 6333p 6c 3.1ghz 65w, 1x32gb 2rx8, 1x960gb Ssd, 1x2tb 7200, Sw Rd, 1x300w + Env\u00edo a domicilio + Pago seguro + Garant\u00eda","og_url":"https:\/\/compuviper.mx\/tienda\/producto\/lenovo-7df3a030la-servidor-thinksystem-st50-v3-1xintel-xeon-6333p-6c-3-1ghz-65w-1x32gb-2rx8-1x960gb-ssd-1x2tb-7200-sw-rd-1x300w\/","og_site_name":"Compuviper","article_publisher":"https:\/\/www.facebook.com\/compuviper","twitter_card":"summary_large_image","twitter_misc":{"Precio":"&#36;83,595 con IVA","Availability":"On backorder"},"schema":{"@context":"https:\/\/schema.org","@graph":[{"@type":"WebPage","@id":"https:\/\/compuviper.mx\/tienda\/producto\/lenovo-7df3a030la-servidor-thinksystem-st50-v3-1xintel-xeon-6333p-6c-3-1ghz-65w-1x32gb-2rx8-1x960gb-ssd-1x2tb-7200-sw-rd-1x300w\/","url":"https:\/\/compuviper.mx\/tienda\/producto\/lenovo-7df3a030la-servidor-thinksystem-st50-v3-1xintel-xeon-6333p-6c-3-1ghz-65w-1x32gb-2rx8-1x960gb-ssd-1x2tb-7200-sw-rd-1x300w\/","name":"[ Lenovo ] &#129351; 7df3a030la Servidor Thinksystem St50 V3, 1xintel Xeon 6333p 6c 3.1ghz 65w, 1x32gb 2rx8, 1x960gb Ssd, 1x2tb 7200, Sw Rd, 1x300w","isPartOf":{"@id":"https:\/\/compuviper.mx\/tienda\/#website"},"datePublished":"2026-04-11T07:59:39+00:00","dateModified":"2026-04-11T07:59:39+00:00","description":"Compra 7df3a030la Servidor Thinksystem St50 V3, 1xintel Xeon 6333p 6c 3.1ghz 65w, 1x32gb 2rx8, 1x960gb Ssd, 1x2tb 7200, Sw Rd, 1x300w + Env\u00edo a domicilio + Pago seguro + Garant\u00eda","breadcrumb":{"@id":"https:\/\/compuviper.mx\/tienda\/producto\/lenovo-7df3a030la-servidor-thinksystem-st50-v3-1xintel-xeon-6333p-6c-3-1ghz-65w-1x32gb-2rx8-1x960gb-ssd-1x2tb-7200-sw-rd-1x300w\/#breadcrumb"},"inLanguage":"es-MX","potentialAction":[{"@type":"ReadAction","target":["https:\/\/compuviper.mx\/tienda\/producto\/lenovo-7df3a030la-servidor-thinksystem-st50-v3-1xintel-xeon-6333p-6c-3-1ghz-65w-1x32gb-2rx8-1x960gb-ssd-1x2tb-7200-sw-rd-1x300w\/"]}]},{"@type":"BreadcrumbList","@id":"https:\/\/compuviper.mx\/tienda\/producto\/lenovo-7df3a030la-servidor-thinksystem-st50-v3-1xintel-xeon-6333p-6c-3-1ghz-65w-1x32gb-2rx8-1x960gb-ssd-1x2tb-7200-sw-rd-1x300w\/#breadcrumb","itemListElement":[{"@type":"ListItem","position":1,"name":"Inicio","item":"https:\/\/compuviper.mx\/tienda\/"},{"@type":"ListItem","position":2,"name":"Productos","item":"https:\/\/compuviper.mx\/tienda\/productos\/"},{"@type":"ListItem","position":3,"name":"Lenovo 7df3a030la Servidor Thinksystem St50 V3, 1xintel Xeon 6333p 6c 3.1ghz 65w, 1x32gb 2rx8, 1x960gb Ssd, 1x2tb 7200, Sw Rd, 1x300w"}]},{"@type":"WebSite","@id":"https:\/\/compuviper.mx\/tienda\/#website","url":"https:\/\/compuviper.mx\/tienda\/","name":"Compuviper","description":"Proveedor de Computadoras, Laptops, Servidores, Monitores, Puntos de Venta, Teclados,   Impresoras, T\u00f3ner, C\u00e1maras de Seguridad y m\u00e1s en tu tienda en l\u00ednea","publisher":{"@id":"https:\/\/compuviper.mx\/tienda\/#organization"},"potentialAction":[{"@type":"SearchAction","target":{"@type":"EntryPoint","urlTemplate":"https:\/\/compuviper.mx\/tienda\/?s={search_term_string}"},"query-input":"required name=search_term_string"}],"inLanguage":"es-MX"},{"@type":"Organization","@id":"https:\/\/compuviper.mx\/tienda\/#organization","name":"Compuviper","url":"https:\/\/compuviper.mx\/tienda\/","logo":{"@type":"ImageObject","inLanguage":"es-MX","@id":"https:\/\/compuviper.mx\/tienda\/#\/schema\/logo\/image\/","url":"https:\/\/compuviper.mx\/tienda\/wp-content\/uploads\/2021\/08\/Logo-Compuviper-10.png","contentUrl":"https:\/\/compuviper.mx\/tienda\/wp-content\/uploads\/2021\/08\/Logo-Compuviper-10.png","width":1000,"height":500,"caption":"Compuviper"},"image":{"@id":"https:\/\/compuviper.mx\/tienda\/#\/schema\/logo\/image\/"},"sameAs":["https:\/\/www.facebook.com\/compuviper","https:\/\/www.youtube.com\/channel\/UCf73dERp9Y3cfOq7q8BhLjA?view_as=subscriber"]}]},"product_brand":"LENOVO","product_price_amount":"83595","product_price_currency":"MXN","og_availability":"backorder","product_availability":"available for order","product_retailer_item_id":"7DF3A030LA","product_condition":"new"},"_links":{"self":[{"href":"https:\/\/compuviper.mx\/tienda\/wp-json\/wp\/v2\/product\/268664"}],"collection":[{"href":"https:\/\/compuviper.mx\/tienda\/wp-json\/wp\/v2\/product"}],"about":[{"href":"https:\/\/compuviper.mx\/tienda\/wp-json\/wp\/v2\/types\/product"}],"replies":[{"embeddable":true,"href":"https:\/\/compuviper.mx\/tienda\/wp-json\/wp\/v2\/comments?post=268664"}],"wp:attachment":[{"href":"https:\/\/compuviper.mx\/tienda\/wp-json\/wp\/v2\/media?parent=268664"}],"wp:term":[{"taxonomy":"product_cat","embeddable":true,"href":"https:\/\/compuviper.mx\/tienda\/wp-json\/wp\/v2\/product_cat?post=268664"},{"taxonomy":"product_tag","embeddable":true,"href":"https:\/\/compuviper.mx\/tienda\/wp-json\/wp\/v2\/product_tag?post=268664"}],"curies":[{"name":"wp","href":"https:\/\/api.w.org\/{rel}","templated":true}]}}