{"id":268619,"date":"2026-04-16T01:40:34","date_gmt":"2026-04-16T07:40:34","guid":{"rendered":"https:\/\/compuviper.mx\/tienda\/producto\/3nstar-p715-50w-8240w11-terminal-punto-de-venta-aio-touch-negro-15-6-pulgadas-intel-core-i5-12th-ram-8gb-240-gb-ssd-capacitivo-wi-fi-bluetooth-sistema-operativo-windows-11\/"},"modified":"2026-04-16T01:40:34","modified_gmt":"2026-04-16T07:40:34","slug":"3nstar-p715-50w-8240w11-terminal-punto-de-venta-aio-touch-negro-15-6-pulgadas-intel-core-i5-12th-ram-8gb-240-gb-ssd-capacitivo-wi-fi-bluetooth-sistema-operativo-windows-11","status":"publish","type":"product","link":"https:\/\/compuviper.mx\/tienda\/producto\/3nstar-p715-50w-8240w11-terminal-punto-de-venta-aio-touch-negro-15-6-pulgadas-intel-core-i5-12th-ram-8gb-240-gb-ssd-capacitivo-wi-fi-bluetooth-sistema-operativo-windows-11\/","title":{"rendered":"3nstar P715-50w-8240w11 Terminal Punto De Venta   , Aio Touch, Negro , 15.6 Pulgadas, Intel Core I5 12th , Ram 8gb, 240 Gb Ssd, Capacitivo, Wi-fi, Bluetooth, Sistema Operativo Windows 11"},"content":{"rendered":"<table class=\"descripcion\">\n<tr>\n<td>Caracter\u00edsticas f\u00edsicas<\/td>\n<\/tr>\n<tr>\n<td>Dimenciones: 360mm x 220mm x 300mm  ( 15 ) 320mm x 220mm x 330mm ( 15.6  ) 304mm x 220mm x 439mm ( 18.5 ) 330mm x 220mm x 505mm ( 21.5 )<\/td>\n<\/tr>\n<tr>\n<td>Peso: 3.95 kg (15 ) , 3.55 kg ( 15.6 ), 4.32 kh ( 18.5 ) 5.62 kg (21.5 )<\/td>\n<\/tr>\n<tr>\n<td>Construccion: aluminio<\/td>\n<\/tr>\n<tr>\n<td>Color: negro<\/td>\n<\/tr>\n<tr>\n<td>Rendimiento<\/td>\n<\/tr>\n<tr>\n<td>Sistema operativo : opcional windows y lanix<\/td>\n<\/tr>\n<tr>\n<td>Procesador: intel n97, intel core i3 de 12 generacion, intel core i5 de 12 generacion.<\/td>\n<\/tr>\n<tr>\n<td>Memoria ram: 8 gb ampliable a 32gb<\/td>\n<\/tr>\n<tr>\n<td>Almacenamiento: ssd m.2 pcle de 250 gb de 4ta generacion ( max 1tb)<\/td>\n<\/tr>\n<tr>\n<td>Conectividad<\/td>\n<\/tr>\n<tr>\n<td>Wi-fi: doble banda 802. 11ac a\/b\/g, n ( opcional )<\/td>\n<\/tr>\n<tr>\n<td>Bluetooth: ( opcional )<\/td>\n<\/tr>\n<tr>\n<td>Ethernet: 10\/ 100\/ 1000m rj45<\/td>\n<\/tr>\n<tr>\n<td>Usb: 4usb 3.0 y 4 usb 2.0<\/td>\n<\/tr>\n<tr>\n<td>Serial rs232: 3 puertos rj50<\/td>\n<\/tr>\n<tr>\n<td>Gaveta  de dinero: rj12<\/td>\n<\/tr>\n<tr>\n<td>Salida de video: 1 puerto hdmi<\/td>\n<\/tr>\n<tr>\n<td>Pantalla tactil<\/td>\n<\/tr>\n<tr>\n<td>Resolucion: 1024 x 768 ( 15 ) 1920 x 1080 ( 15.6, 18.5 y 21.5 )<\/td>\n<\/tr>\n<tr>\n<td>Brillo: 350 cd\/m2 (15) 250 cd\/m2 (15.6 ) 280 cd\/m2 (18.5 ) 300 cd\/m2<\/td>\n<\/tr>\n<tr>\n<td>Timepo de respuesta: 30ms (15), 25ms ( 15.6), 20ms ( 18.5) y 14ms ( 21.5)<\/td>\n<\/tr>\n<tr>\n<td>Numero de colores: 16.2<\/td>\n<\/tr>\n<tr>\n<td>Vida util: mas de 50,000 horas<\/td>\n<\/tr>\n<tr>\n<td>Caracteristicas electricas<\/td>\n<\/tr>\n<tr>\n<td>Salida del adaptador: n97 cc12n, 5a, i3 e i5 cc12 v, 8 a<\/td>\n<\/tr>\n<tr>\n<td>Entrada de adaptador: ac 100-240v, 50-60 hz<\/td>\n<\/tr>\n<tr>\n<td>Condiciones ambientales<\/td>\n<\/tr>\n<tr>\n<td>Temperatura de operacion: 0c &#8211; 40c<\/td>\n<\/tr>\n<tr>\n<td>Temperatura de almacenaje: -20 c &#8211; 70 c<\/td>\n<\/tr>\n<tr>\n<td>Humedad: 10% &#8211; 90% sin condensacion<\/td>\n<\/tr>\n<tr>\n<td>Empaque<\/td>\n<\/tr>\n<tr>\n<td>Contenido: adaptador de ca y manual<\/td>\n<\/tr>\n<tr>\n<td>Tama\u00f1o: 415mm x 180mm x 415mm (15), 415mm x 180 mm x 415mm (15.6), 518mm x 190mm x 405mm (18.5) 588mm x 190mm x 425mm ( 21.5)<\/td>\n<\/tr>\n<tr>\n<td>Peso bruto: 6.2 kg (15), 5.9kg (15.6) , 6.57kg ( 18.5 ) 7.87kg (21.5)<\/td>\n<\/tr>\n<tr>\n<td>Certificaciones y garantia<\/td>\n<\/tr>\n<tr>\n<td>Certificaciones: ce, rohs, fvv, ccc<\/td>\n<\/tr>\n<tr>\n<td>Garantia: 1 a\u00f1o ( garantia extendida disponible)<\/td>\n<\/tr>\n<\/table>\n","protected":false},"excerpt":{"rendered":"<p>La serie p7 de 3nstar es una familia de terminales de punto de venta (pos) todo en uno (aio) con un dise\u00f1o modular, elegante y compacto. Est\u00e1 equipada con un sistema intercambiable que facilita tanto el mantenimiento como las actualizaciones. Adem\u00e1s, incorpora perif\u00e9ricos modulares para una configuraci\u00f3n \u00e1gil y una pantalla multit\u00e1ctil capacitiva de superficie completamente plana (pcap).<\/p>\n","protected":false},"featured_media":0,"comment_status":"open","ping_status":"open","template":"","meta":[],"product_cat":[1533,1532],"product_tag":[1570],"acf":[],"yoast_head":"<!-- This site is optimized with the Yoast SEO plugin v21.7 - https:\/\/yoast.com\/wordpress\/plugins\/seo\/ -->\n<title>[ 3nstar ] &#129351; P715-50w-8240w11 Terminal Punto De Venta , Aio Touch, Negro , 15.6 Pulgadas, Intel Core I5 12th , Ram 8gb, 240 Gb Ssd, Capacitivo, Wi-fi, Bluetooth, Sistema Operativo Windows 11<\/title>\n<meta name=\"description\" content=\"Compra P715-50w-8240w11 Terminal Punto De Venta , Aio Touch, Negro , 15.6 Pulgadas, Intel Core I5 12th , Ram 8gb, 240 Gb Ssd, Capacitivo, Wi-fi, Bluetooth, Sistema Operativo Windows 11 + Env\u00edo a domicilio + Pago seguro + Garant\u00eda\" \/>\n<meta name=\"robots\" content=\"index, follow, max-snippet:-1, max-image-preview:large, max-video-preview:-1\" \/>\n<link rel=\"canonical\" href=\"https:\/\/compuviper.mx\/tienda\/producto\/3nstar-p715-50w-8240w11-terminal-punto-de-venta-aio-touch-negro-15-6-pulgadas-intel-core-i5-12th-ram-8gb-240-gb-ssd-capacitivo-wi-fi-bluetooth-sistema-operativo-windows-11\/\" \/>\n<meta property=\"og:locale\" content=\"es_MX\" \/>\n<meta property=\"og:type\" content=\"article\" \/>\n<meta property=\"og:title\" content=\"[ 3nstar ] &#129351; P715-50w-8240w11 Terminal Punto De Venta , Aio Touch, Negro , 15.6 Pulgadas, Intel Core I5 12th , Ram 8gb, 240 Gb Ssd, Capacitivo, Wi-fi, Bluetooth, Sistema Operativo Windows 11\" \/>\n<meta property=\"og:description\" content=\"Compra P715-50w-8240w11 Terminal Punto De Venta , Aio Touch, Negro , 15.6 Pulgadas, Intel Core I5 12th , Ram 8gb, 240 Gb Ssd, Capacitivo, Wi-fi, Bluetooth, Sistema Operativo Windows 11 + Env\u00edo a domicilio + Pago seguro + Garant\u00eda\" \/>\n<meta property=\"og:url\" content=\"https:\/\/compuviper.mx\/tienda\/producto\/3nstar-p715-50w-8240w11-terminal-punto-de-venta-aio-touch-negro-15-6-pulgadas-intel-core-i5-12th-ram-8gb-240-gb-ssd-capacitivo-wi-fi-bluetooth-sistema-operativo-windows-11\/\" \/>\n<meta property=\"og:site_name\" content=\"Compuviper\" \/>\n<meta property=\"article:publisher\" content=\"https:\/\/www.facebook.com\/compuviper\" \/>\n<meta name=\"twitter:card\" content=\"summary_large_image\" \/>\n<meta name=\"twitter:label1\" content=\"Precio\" \/>\n\t<meta name=\"twitter:data1\" content=\"&#36;23,695 con IVA\" \/>\n\t<meta name=\"twitter:label2\" content=\"Availability\" \/>\n\t<meta name=\"twitter:data2\" content=\"Out of stock\" \/>\n<script type=\"application\/ld+json\" class=\"yoast-schema-graph\">{\"@context\":\"https:\/\/schema.org\",\"@graph\":[{\"@type\":\"WebPage\",\"@id\":\"https:\/\/compuviper.mx\/tienda\/producto\/3nstar-p715-50w-8240w11-terminal-punto-de-venta-aio-touch-negro-15-6-pulgadas-intel-core-i5-12th-ram-8gb-240-gb-ssd-capacitivo-wi-fi-bluetooth-sistema-operativo-windows-11\/\",\"url\":\"https:\/\/compuviper.mx\/tienda\/producto\/3nstar-p715-50w-8240w11-terminal-punto-de-venta-aio-touch-negro-15-6-pulgadas-intel-core-i5-12th-ram-8gb-240-gb-ssd-capacitivo-wi-fi-bluetooth-sistema-operativo-windows-11\/\",\"name\":\"[ 3nstar ] &#129351; P715-50w-8240w11 Terminal Punto De Venta , Aio Touch, Negro , 15.6 Pulgadas, Intel Core I5 12th , Ram 8gb, 240 Gb Ssd, Capacitivo, Wi-fi, Bluetooth, Sistema Operativo Windows 11\",\"isPartOf\":{\"@id\":\"https:\/\/compuviper.mx\/tienda\/#website\"},\"datePublished\":\"2026-04-16T07:40:34+00:00\",\"dateModified\":\"2026-04-16T07:40:34+00:00\",\"description\":\"Compra P715-50w-8240w11 Terminal Punto De Venta , Aio Touch, Negro , 15.6 Pulgadas, Intel Core I5 12th , Ram 8gb, 240 Gb Ssd, Capacitivo, Wi-fi, Bluetooth, Sistema Operativo Windows 11 + Env\u00edo a domicilio + Pago seguro + Garant\u00eda\",\"breadcrumb\":{\"@id\":\"https:\/\/compuviper.mx\/tienda\/producto\/3nstar-p715-50w-8240w11-terminal-punto-de-venta-aio-touch-negro-15-6-pulgadas-intel-core-i5-12th-ram-8gb-240-gb-ssd-capacitivo-wi-fi-bluetooth-sistema-operativo-windows-11\/#breadcrumb\"},\"inLanguage\":\"es-MX\",\"potentialAction\":[{\"@type\":\"ReadAction\",\"target\":[\"https:\/\/compuviper.mx\/tienda\/producto\/3nstar-p715-50w-8240w11-terminal-punto-de-venta-aio-touch-negro-15-6-pulgadas-intel-core-i5-12th-ram-8gb-240-gb-ssd-capacitivo-wi-fi-bluetooth-sistema-operativo-windows-11\/\"]}]},{\"@type\":\"BreadcrumbList\",\"@id\":\"https:\/\/compuviper.mx\/tienda\/producto\/3nstar-p715-50w-8240w11-terminal-punto-de-venta-aio-touch-negro-15-6-pulgadas-intel-core-i5-12th-ram-8gb-240-gb-ssd-capacitivo-wi-fi-bluetooth-sistema-operativo-windows-11\/#breadcrumb\",\"itemListElement\":[{\"@type\":\"ListItem\",\"position\":1,\"name\":\"Inicio\",\"item\":\"https:\/\/compuviper.mx\/tienda\/\"},{\"@type\":\"ListItem\",\"position\":2,\"name\":\"Productos\",\"item\":\"https:\/\/compuviper.mx\/tienda\/productos\/\"},{\"@type\":\"ListItem\",\"position\":3,\"name\":\"Terminal Pos\",\"item\":\"https:\/\/compuviper.mx\/tienda\/categoria-producto\/terminal-pos\/\"},{\"@type\":\"ListItem\",\"position\":4,\"name\":\"Sin Categor\u00eda\",\"item\":\"https:\/\/compuviper.mx\/tienda\/categoria-producto\/terminal-pos\/sin-categoria-terminal-pos\/\"},{\"@type\":\"ListItem\",\"position\":5,\"name\":\"3nstar P715-50w-8240w11 Terminal Punto De Venta , Aio Touch, Negro , 15.6 Pulgadas, Intel Core I5 12th , Ram 8gb, 240 Gb Ssd, Capacitivo, Wi-fi, Bluetooth, Sistema Operativo Windows 11\"}]},{\"@type\":\"WebSite\",\"@id\":\"https:\/\/compuviper.mx\/tienda\/#website\",\"url\":\"https:\/\/compuviper.mx\/tienda\/\",\"name\":\"Compuviper\",\"description\":\"Proveedor de Computadoras, Laptops, Servidores, Monitores, Puntos de Venta, Teclados,   Impresoras, T\u00f3ner, C\u00e1maras de Seguridad y m\u00e1s en tu tienda en l\u00ednea\",\"publisher\":{\"@id\":\"https:\/\/compuviper.mx\/tienda\/#organization\"},\"potentialAction\":[{\"@type\":\"SearchAction\",\"target\":{\"@type\":\"EntryPoint\",\"urlTemplate\":\"https:\/\/compuviper.mx\/tienda\/?s={search_term_string}\"},\"query-input\":\"required name=search_term_string\"}],\"inLanguage\":\"es-MX\"},{\"@type\":\"Organization\",\"@id\":\"https:\/\/compuviper.mx\/tienda\/#organization\",\"name\":\"Compuviper\",\"url\":\"https:\/\/compuviper.mx\/tienda\/\",\"logo\":{\"@type\":\"ImageObject\",\"inLanguage\":\"es-MX\",\"@id\":\"https:\/\/compuviper.mx\/tienda\/#\/schema\/logo\/image\/\",\"url\":\"https:\/\/compuviper.mx\/tienda\/wp-content\/uploads\/2021\/08\/Logo-Compuviper-10.png\",\"contentUrl\":\"https:\/\/compuviper.mx\/tienda\/wp-content\/uploads\/2021\/08\/Logo-Compuviper-10.png\",\"width\":1000,\"height\":500,\"caption\":\"Compuviper\"},\"image\":{\"@id\":\"https:\/\/compuviper.mx\/tienda\/#\/schema\/logo\/image\/\"},\"sameAs\":[\"https:\/\/www.facebook.com\/compuviper\",\"https:\/\/www.youtube.com\/channel\/UCf73dERp9Y3cfOq7q8BhLjA?view_as=subscriber\"]}]}<\/script>\n<meta property=\"product:brand\" content=\"3NSTAR\" \/>\n<meta property=\"product:price:amount\" content=\"23695\" \/>\n<meta property=\"product:price:currency\" content=\"MXN\" \/>\n<meta property=\"og:availability\" content=\"out of stock\" \/>\n<meta property=\"product:availability\" content=\"out of stock\" \/>\n<meta property=\"product:retailer_item_id\" content=\"P715-50W-8240W11\" \/>\n<meta property=\"product:condition\" content=\"new\" \/>\n<!-- \/ Yoast SEO plugin. -->","yoast_head_json":{"title":"[ 3nstar ] &#129351; P715-50w-8240w11 Terminal Punto De Venta , Aio Touch, Negro , 15.6 Pulgadas, Intel Core I5 12th , Ram 8gb, 240 Gb Ssd, Capacitivo, Wi-fi, Bluetooth, Sistema Operativo Windows 11","description":"Compra P715-50w-8240w11 Terminal Punto De Venta , Aio Touch, Negro , 15.6 Pulgadas, Intel Core I5 12th , Ram 8gb, 240 Gb Ssd, Capacitivo, Wi-fi, Bluetooth, Sistema Operativo Windows 11 + Env\u00edo a domicilio + Pago seguro + Garant\u00eda","robots":{"index":"index","follow":"follow","max-snippet":"max-snippet:-1","max-image-preview":"max-image-preview:large","max-video-preview":"max-video-preview:-1"},"canonical":"https:\/\/compuviper.mx\/tienda\/producto\/3nstar-p715-50w-8240w11-terminal-punto-de-venta-aio-touch-negro-15-6-pulgadas-intel-core-i5-12th-ram-8gb-240-gb-ssd-capacitivo-wi-fi-bluetooth-sistema-operativo-windows-11\/","og_locale":"es_MX","og_type":"article","og_title":"[ 3nstar ] &#129351; P715-50w-8240w11 Terminal Punto De Venta , Aio Touch, Negro , 15.6 Pulgadas, Intel Core I5 12th , Ram 8gb, 240 Gb Ssd, Capacitivo, Wi-fi, Bluetooth, Sistema Operativo Windows 11","og_description":"Compra P715-50w-8240w11 Terminal Punto De Venta , Aio Touch, Negro , 15.6 Pulgadas, Intel Core I5 12th , Ram 8gb, 240 Gb Ssd, Capacitivo, Wi-fi, Bluetooth, Sistema Operativo Windows 11 + Env\u00edo a domicilio + Pago seguro + Garant\u00eda","og_url":"https:\/\/compuviper.mx\/tienda\/producto\/3nstar-p715-50w-8240w11-terminal-punto-de-venta-aio-touch-negro-15-6-pulgadas-intel-core-i5-12th-ram-8gb-240-gb-ssd-capacitivo-wi-fi-bluetooth-sistema-operativo-windows-11\/","og_site_name":"Compuviper","article_publisher":"https:\/\/www.facebook.com\/compuviper","twitter_card":"summary_large_image","twitter_misc":{"Precio":"&#36;23,695 con IVA","Availability":"Out of stock"},"schema":{"@context":"https:\/\/schema.org","@graph":[{"@type":"WebPage","@id":"https:\/\/compuviper.mx\/tienda\/producto\/3nstar-p715-50w-8240w11-terminal-punto-de-venta-aio-touch-negro-15-6-pulgadas-intel-core-i5-12th-ram-8gb-240-gb-ssd-capacitivo-wi-fi-bluetooth-sistema-operativo-windows-11\/","url":"https:\/\/compuviper.mx\/tienda\/producto\/3nstar-p715-50w-8240w11-terminal-punto-de-venta-aio-touch-negro-15-6-pulgadas-intel-core-i5-12th-ram-8gb-240-gb-ssd-capacitivo-wi-fi-bluetooth-sistema-operativo-windows-11\/","name":"[ 3nstar ] &#129351; P715-50w-8240w11 Terminal Punto De Venta , Aio Touch, Negro , 15.6 Pulgadas, Intel Core I5 12th , Ram 8gb, 240 Gb Ssd, Capacitivo, Wi-fi, Bluetooth, Sistema Operativo Windows 11","isPartOf":{"@id":"https:\/\/compuviper.mx\/tienda\/#website"},"datePublished":"2026-04-16T07:40:34+00:00","dateModified":"2026-04-16T07:40:34+00:00","description":"Compra P715-50w-8240w11 Terminal Punto De Venta , Aio Touch, Negro , 15.6 Pulgadas, Intel Core I5 12th , Ram 8gb, 240 Gb Ssd, Capacitivo, Wi-fi, Bluetooth, Sistema Operativo Windows 11 + Env\u00edo a domicilio + Pago seguro + Garant\u00eda","breadcrumb":{"@id":"https:\/\/compuviper.mx\/tienda\/producto\/3nstar-p715-50w-8240w11-terminal-punto-de-venta-aio-touch-negro-15-6-pulgadas-intel-core-i5-12th-ram-8gb-240-gb-ssd-capacitivo-wi-fi-bluetooth-sistema-operativo-windows-11\/#breadcrumb"},"inLanguage":"es-MX","potentialAction":[{"@type":"ReadAction","target":["https:\/\/compuviper.mx\/tienda\/producto\/3nstar-p715-50w-8240w11-terminal-punto-de-venta-aio-touch-negro-15-6-pulgadas-intel-core-i5-12th-ram-8gb-240-gb-ssd-capacitivo-wi-fi-bluetooth-sistema-operativo-windows-11\/"]}]},{"@type":"BreadcrumbList","@id":"https:\/\/compuviper.mx\/tienda\/producto\/3nstar-p715-50w-8240w11-terminal-punto-de-venta-aio-touch-negro-15-6-pulgadas-intel-core-i5-12th-ram-8gb-240-gb-ssd-capacitivo-wi-fi-bluetooth-sistema-operativo-windows-11\/#breadcrumb","itemListElement":[{"@type":"ListItem","position":1,"name":"Inicio","item":"https:\/\/compuviper.mx\/tienda\/"},{"@type":"ListItem","position":2,"name":"Productos","item":"https:\/\/compuviper.mx\/tienda\/productos\/"},{"@type":"ListItem","position":3,"name":"Terminal Pos","item":"https:\/\/compuviper.mx\/tienda\/categoria-producto\/terminal-pos\/"},{"@type":"ListItem","position":4,"name":"Sin Categor\u00eda","item":"https:\/\/compuviper.mx\/tienda\/categoria-producto\/terminal-pos\/sin-categoria-terminal-pos\/"},{"@type":"ListItem","position":5,"name":"3nstar P715-50w-8240w11 Terminal Punto De Venta , Aio Touch, Negro , 15.6 Pulgadas, Intel Core I5 12th , Ram 8gb, 240 Gb Ssd, Capacitivo, Wi-fi, Bluetooth, Sistema Operativo Windows 11"}]},{"@type":"WebSite","@id":"https:\/\/compuviper.mx\/tienda\/#website","url":"https:\/\/compuviper.mx\/tienda\/","name":"Compuviper","description":"Proveedor de Computadoras, Laptops, Servidores, Monitores, Puntos de Venta, Teclados,   Impresoras, T\u00f3ner, C\u00e1maras de Seguridad y m\u00e1s en tu tienda en l\u00ednea","publisher":{"@id":"https:\/\/compuviper.mx\/tienda\/#organization"},"potentialAction":[{"@type":"SearchAction","target":{"@type":"EntryPoint","urlTemplate":"https:\/\/compuviper.mx\/tienda\/?s={search_term_string}"},"query-input":"required name=search_term_string"}],"inLanguage":"es-MX"},{"@type":"Organization","@id":"https:\/\/compuviper.mx\/tienda\/#organization","name":"Compuviper","url":"https:\/\/compuviper.mx\/tienda\/","logo":{"@type":"ImageObject","inLanguage":"es-MX","@id":"https:\/\/compuviper.mx\/tienda\/#\/schema\/logo\/image\/","url":"https:\/\/compuviper.mx\/tienda\/wp-content\/uploads\/2021\/08\/Logo-Compuviper-10.png","contentUrl":"https:\/\/compuviper.mx\/tienda\/wp-content\/uploads\/2021\/08\/Logo-Compuviper-10.png","width":1000,"height":500,"caption":"Compuviper"},"image":{"@id":"https:\/\/compuviper.mx\/tienda\/#\/schema\/logo\/image\/"},"sameAs":["https:\/\/www.facebook.com\/compuviper","https:\/\/www.youtube.com\/channel\/UCf73dERp9Y3cfOq7q8BhLjA?view_as=subscriber"]}]},"product_brand":"3NSTAR","product_price_amount":"23695","product_price_currency":"MXN","og_availability":"out of stock","product_availability":"out of stock","product_retailer_item_id":"P715-50W-8240W11","product_condition":"new"},"_links":{"self":[{"href":"https:\/\/compuviper.mx\/tienda\/wp-json\/wp\/v2\/product\/268619"}],"collection":[{"href":"https:\/\/compuviper.mx\/tienda\/wp-json\/wp\/v2\/product"}],"about":[{"href":"https:\/\/compuviper.mx\/tienda\/wp-json\/wp\/v2\/types\/product"}],"replies":[{"embeddable":true,"href":"https:\/\/compuviper.mx\/tienda\/wp-json\/wp\/v2\/comments?post=268619"}],"wp:attachment":[{"href":"https:\/\/compuviper.mx\/tienda\/wp-json\/wp\/v2\/media?parent=268619"}],"wp:term":[{"taxonomy":"product_cat","embeddable":true,"href":"https:\/\/compuviper.mx\/tienda\/wp-json\/wp\/v2\/product_cat?post=268619"},{"taxonomy":"product_tag","embeddable":true,"href":"https:\/\/compuviper.mx\/tienda\/wp-json\/wp\/v2\/product_tag?post=268619"}],"curies":[{"name":"wp","href":"https:\/\/api.w.org\/{rel}","templated":true}]}}