{"id":268617,"date":"2026-04-17T01:17:56","date_gmt":"2026-04-17T07:17:56","guid":{"rendered":"https:\/\/compuviper.mx\/tienda\/producto\/lenovo-21ss0010lm-laptop-thinkpad-e16-gen-3-core-ultra-5-225u-4-8ghz-16gb-ddr5-512gb-ssd-16-wuxga-1920x1200-negro-win-11-pro-1yr-en-sitio-2\/"},"modified":"2026-04-17T01:17:56","modified_gmt":"2026-04-17T07:17:56","slug":"lenovo-21ss0010lm-laptop-thinkpad-e16-gen-3-core-ultra-5-225u-4-8ghz-16gb-ddr5-512gb-ssd-16-wuxga-1920x1200-negro-win-11-pro-1yr-en-sitio-2","status":"publish","type":"product","link":"https:\/\/compuviper.mx\/tienda\/producto\/lenovo-21ss0010lm-laptop-thinkpad-e16-gen-3-core-ultra-5-225u-4-8ghz-16gb-ddr5-512gb-ssd-16-wuxga-1920x1200-negro-win-11-pro-1yr-en-sitio-2\/","title":{"rendered":"Lenovo 21ss0010lm Laptop  Thinkpad E16 Gen 3 \/ Core Ultra 5 225u 4.8ghz \/ 16gb Ddr5 \/ 512gb Ssd \/ 16 Wuxga 1920&#215;1200 \/ Negro \/ Win 11 Pro \/ 1yr En Sitio"},"content":{"rendered":"<table class=\"descripcion\">\n<tr>\n<td>Model configurations<\/td>\n<\/tr>\n<tr>\n<td>Performance<\/td>\n<\/tr>\n<tr>\n<td>Processor<\/td>\n<\/tr>\n<tr>\n<td>Intel core ultra 5 225u, 12c (2p + 8e + 2lpe) \/ 14t, max turbo up to 4.8ghz, 12mb<\/td>\n<\/tr>\n<tr>\n<td>Ai pc category<\/td>\n<\/tr>\n<tr>\n<td>Ai pc<\/td>\n<\/tr>\n<tr>\n<td>Npu<\/td>\n<\/tr>\n<tr>\n<td>Integrated intel ai boost, up to 12 tops<\/td>\n<\/tr>\n<tr>\n<td>Graphics<\/td>\n<\/tr>\n<tr>\n<td>Integrated intel graphics<\/td>\n<\/tr>\n<tr>\n<td>Chipset<\/td>\n<\/tr>\n<tr>\n<td>Intel soc platform<\/td>\n<\/tr>\n<tr>\n<td>Memory<\/td>\n<\/tr>\n<tr>\n<td>1x 16gb so-dimm ddr5-5600<\/td>\n<\/tr>\n<tr>\n<td>Memory slots<\/td>\n<\/tr>\n<tr>\n<td>Two ddr5 so-dimm slots, dual-channel capable<\/td>\n<\/tr>\n<tr>\n<td>Max memory<\/td>\n<\/tr>\n<tr>\n<td>Up to 64gb ddr5-5600<\/td>\n<\/tr>\n<tr>\n<td>Storage<\/td>\n<\/tr>\n<tr>\n<td>512gb ssd m.2 2242 pcie 4.0&#215;4 nvme opal 2.0<\/td>\n<\/tr>\n<tr>\n<td>Storage slot<\/td>\n<\/tr>\n<tr>\n<td>Two m.2 slots<\/td>\n<\/tr>\n<tr>\n<td>\u0095 one m.2 2242 pcie 4.0 x4 slot<\/td>\n<\/tr>\n<tr>\n<td>\u0095 one m.2 2280 pcie 4.0 x4 slot<\/td>\n<\/tr>\n<tr>\n<td>Max storage support<\/td>\n<\/tr>\n<tr>\n<td>Up to two drives, 2x m.2 ssd<\/td>\n<\/tr>\n<tr>\n<td>\u0095 m.2 2242 ssd up to 1tb<\/td>\n<\/tr>\n<tr>\n<td>\u0095 m.2 2280 ssd up to 1tb<\/td>\n<\/tr>\n<tr>\n<td>Card reader<\/td>\n<\/tr>\n<tr>\n<td>No card reader<\/td>\n<\/tr>\n<tr>\n<td>Audio chip<\/td>\n<\/tr>\n<tr>\n<td>High definition (hd) audio, senary sn6147 codec<\/td>\n<\/tr>\n<tr>\n<td>Speakers<\/td>\n<\/tr>\n<tr>\n<td>Stereo speakers, 2w x2, dolby atmos, audio by harman<\/td>\n<\/tr>\n<tr>\n<td>Microphone<\/td>\n<\/tr>\n<tr>\n<td>2x, array<\/td>\n<\/tr>\n<tr>\n<td>Camera<\/td>\n<\/tr>\n<tr>\n<td>Fhd 1080p + ir hybrid with privacy shutter<\/td>\n<\/tr>\n<tr>\n<td>Battery<\/td>\n<\/tr>\n<tr>\n<td>48wh<\/td>\n<\/tr>\n<tr>\n<td>Power adapter<\/td>\n<\/tr>\n<tr>\n<td>65w usb-c (2-pin)<\/td>\n<\/tr>\n<tr>\n<td>Design<\/td>\n<\/tr>\n<tr>\n<td>Display<\/td>\n<\/tr>\n<tr>\n<td>16 wuxga (1920&#215;1200) ips 300nits anti-glare, 45% ntsc, 60hz<\/td>\n<\/tr>\n<tr>\n<td>Touchscreen<\/td>\n<\/tr>\n<tr>\n<td>None<\/td>\n<\/tr>\n<tr>\n<td>Screen-to-body ratio<\/td>\n<\/tr>\n<tr>\n<td>90.7%<\/td>\n<\/tr>\n<tr>\n<td>Pen<\/td>\n<\/tr>\n<tr>\n<td>Pen not supported<\/td>\n<\/tr>\n<tr>\n<td>Keyboard<\/td>\n<\/tr>\n<tr>\n<td>Non-backlit, spanish (la)<\/td>\n<\/tr>\n<tr>\n<td>Dimensions (wxdxh)<\/td>\n<\/tr>\n<tr>\n<td>356 x 249 x 10.1\/17.05 (front\/rear), 21.95 (maximum) mm;<\/td>\n<\/tr>\n<tr>\n<td>14.01 x 9.8 x 0.40\/0.67 (front\/rear), 0.86 (maximum) inches<\/td>\n<\/tr>\n<tr>\n<td>Weight<\/td>\n<\/tr>\n<tr>\n<td>Starting at 1.63 kg (3.59 lbs)<\/td>\n<\/tr>\n<tr>\n<td>Case color<\/td>\n<\/tr>\n<tr>\n<td>Black<\/td>\n<\/tr>\n<tr>\n<td>Case material<\/td>\n<\/tr>\n<tr>\n<td>Aluminium (top), pc-abs (bottom)<\/td>\n<\/tr>\n<tr>\n<td>Software<\/td>\n<\/tr>\n<tr>\n<td>Operating system<\/td>\n<\/tr>\n<tr>\n<td>Windows 11 pro, spanish \/ mexican spanish \/ english<\/td>\n<\/tr>\n<tr>\n<td>Bundled software<\/td>\n<\/tr>\n<tr>\n<td>None<\/td>\n<\/tr>\n<tr>\n<td>Connectivity<\/td>\n<\/tr>\n<tr>\n<td>Wlan + bluetooth<\/td>\n<\/tr>\n<tr>\n<td>Wi-fi 6, 802.11ax 2&#215;2 + bt5.3<\/td>\n<\/tr>\n<tr>\n<td>Wwan<\/td>\n<\/tr>\n<tr>\n<td>Non-wwan<\/td>\n<\/tr>\n<tr>\n<td>Sim card<\/td>\n<\/tr>\n<tr>\n<td>None<\/td>\n<\/tr>\n<tr>\n<td>Ethernet<\/td>\n<\/tr>\n<tr>\n<td>100\/1000m (rj-45)<\/td>\n<\/tr>\n<tr>\n<td>Nfc<\/td>\n<\/tr>\n<tr>\n<td>None<\/td>\n<\/tr>\n<tr>\n<td>Standard ports<\/td>\n<\/tr>\n<tr>\n<td>1x usb-a (usb 5gbps \/ usb 3.2 gen 1)<\/td>\n<\/tr>\n<tr>\n<td>1x usb-a (usb 10gbps \/ usb 3.2 gen 2), always on<\/td>\n<\/tr>\n<tr>\n<td>1x usb-c (usb 20gbps \/ usb 3.2 gen 2&#215;2), with usb pd 3.1 and displayport 1.4<\/td>\n<\/tr>\n<tr>\n<td>1x usb-c (thunderbolt 4 \/ usb4 40gbps), with usb pd 3.1 and displayport 2.1<\/td>\n<\/tr>\n<tr>\n<td>1x hdmi 2.1, up to 4k\/60hz<\/td>\n<\/tr>\n<tr>\n<td>1x headphone \/ microphone combo jack (3.5mm)<\/td>\n<\/tr>\n<tr>\n<td>1x ethernet (rj-45)<\/td>\n<\/tr>\n<tr>\n<td>Docking<\/td>\n<\/tr>\n<tr>\n<td>Various docking solutions supported via thunderbolt or usb-c.<\/td>\n<\/tr>\n<tr>\n<td>For more compatible docking solutions, please visit docking for thinkpad e16 gen 3 (intel)<\/td>\n<\/tr>\n<tr>\n<td>Security  and  privacy<\/td>\n<\/tr>\n<tr>\n<td>Thinkshield<\/td>\n<\/tr>\n<tr>\n<td>Thinkshield is a comprehensive security solution that encompasses hardware, software, and supply chain components. for more detials, visit here<\/td>\n<\/tr>\n<tr>\n<td>Security chip<\/td>\n<\/tr>\n<tr>\n<td>Discrete tpm 2.0 enabled<\/td>\n<\/tr>\n<tr>\n<td>Physical locks<\/td>\n<\/tr>\n<tr>\n<td>Kensington nano security slot, 2.5 x 6 mm<\/td>\n<\/tr>\n<tr>\n<td>Smart card reader<\/td>\n<\/tr>\n<tr>\n<td>None<\/td>\n<\/tr>\n<tr>\n<td>Fingerprint reader<\/td>\n<\/tr>\n<tr>\n<td>Touch style, match-on-chip, integrated in power button<\/td>\n<\/tr>\n<tr>\n<td>Other security<\/td>\n<\/tr>\n<tr>\n<td>Camera privacy shutter<\/td>\n<\/tr>\n<tr>\n<td>Ir camera for windows hello (facial recognition)<\/td>\n<\/tr>\n<tr>\n<td>Manageability<\/td>\n<\/tr>\n<tr>\n<td>System management<\/td>\n<\/tr>\n<tr>\n<td>Non-vpro<\/td>\n<\/tr>\n<tr>\n<td>Service<\/td>\n<\/tr>\n<tr>\n<td>Base warranty<\/td>\n<\/tr>\n<tr>\n<td>1-year, courier or carry-in<\/td>\n<\/tr>\n<tr>\n<td>Included upgrade<\/td>\n<\/tr>\n<tr>\n<td>1y onsite upgrade from 1y courier\/carry-in promolsi (cpn)<\/td>\n<\/tr>\n<tr>\n<td>Accessories<\/td>\n<\/tr>\n<tr>\n<td>Bundled accessories<\/td>\n<\/tr>\n<tr>\n<td>None<\/td>\n<\/tr>\n<tr>\n<td>Certifications<\/td>\n<\/tr>\n<tr>\n<td>Green certifications<\/td>\n<\/tr>\n<tr>\n<td>Energy star 9.0<\/td>\n<\/tr>\n<tr>\n<td>Epeat gold registered<\/td>\n<\/tr>\n<tr>\n<td>Erp lot 6\/26<\/td>\n<\/tr>\n<tr>\n<td>Rohs compliant<\/td>\n<\/tr>\n<tr>\n<td>Tco certified, generation 10<\/td>\n<\/tr>\n<tr>\n<td>Mil-spec test<\/td>\n<\/tr>\n<tr>\n<td>Mil-std-810h military test passed<\/td>\n<\/tr>\n<tr>\n<td>Other certifications<\/td>\n<\/tr>\n<tr>\n<td>T\u00fcv rheinland low blue light (software solution)<\/td>\n<\/tr>\n<tr>\n<td>Model information<\/td>\n<\/tr>\n<tr>\n<td>Model<\/td>\n<\/tr>\n<tr>\n<td>21ss0010lm<\/td>\n<\/tr>\n<tr>\n<td>Machine type<\/td>\n<\/tr>\n<tr>\n<td>21ss<\/td>\n<\/tr>\n<tr>\n<td>Region<\/td>\n<\/tr>\n<tr>\n<td>La<\/td>\n<\/tr>\n<tr>\n<td>Country\/region<\/td>\n<\/tr>\n<tr>\n<td>Mexico<\/td>\n<\/tr>\n<tr>\n<td>Topseller<\/td>\n<\/tr>\n<tr>\n<td>No<\/td>\n<\/tr>\n<tr>\n<td>Ean \/ upc \/ jan<\/td>\n<\/tr>\n<tr>\n<td>199273193394<\/td>\n<\/tr>\n<tr>\n<td>Announce date<\/td>\n<\/tr>\n<tr>\n<td>2025-10-06<\/td>\n<\/tr>\n<tr>\n<td>End of support<\/td>\n<\/tr>\n<tr>\n<td>2031-11-15<\/td>\n<\/tr>\n<\/table>\n","protected":false},"excerpt":{"rendered":"<p>Laptop duradera, elegante y potente para hacer negocios en cualquier lugar. Lenovo thinkpad e16 3ra gen (16\u0094 intel)<\/p>\n","protected":false},"featured_media":0,"comment_status":"open","ping_status":"open","template":"","meta":[],"product_cat":[1886,1887],"product_tag":[1578],"acf":[],"yoast_head":"<!-- This site is optimized with the Yoast SEO plugin v21.7 - https:\/\/yoast.com\/wordpress\/plugins\/seo\/ -->\n<title>[ Lenovo ] &#129351; 21ss0010lm Laptop Thinkpad E16 Gen 3 \/ Core Ultra 5 225u 4.8ghz \/ 16gb Ddr5 \/ 512gb Ssd \/ 16 Wuxga 1920x1200 \/ Negro \/ Win 11 Pro \/ 1yr En Sitio<\/title>\n<meta name=\"description\" content=\"Compra 21ss0010lm Laptop Thinkpad E16 Gen 3 \/ Core Ultra 5 225u 4.8ghz \/ 16gb Ddr5 \/ 512gb Ssd \/ 16 Wuxga 1920x1200 \/ Negro \/ Win 11 Pro \/ 1yr En Sitio + Env\u00edo a domicilio + Pago seguro + Garant\u00eda\" \/>\n<meta name=\"robots\" content=\"index, follow, max-snippet:-1, max-image-preview:large, max-video-preview:-1\" \/>\n<link rel=\"canonical\" href=\"https:\/\/compuviper.mx\/tienda\/producto\/lenovo-21ss0010lm-laptop-thinkpad-e16-gen-3-core-ultra-5-225u-4-8ghz-16gb-ddr5-512gb-ssd-16-wuxga-1920x1200-negro-win-11-pro-1yr-en-sitio-2\/\" \/>\n<meta property=\"og:locale\" content=\"es_MX\" \/>\n<meta property=\"og:type\" content=\"article\" \/>\n<meta property=\"og:title\" content=\"[ Lenovo ] &#129351; 21ss0010lm Laptop Thinkpad E16 Gen 3 \/ Core Ultra 5 225u 4.8ghz \/ 16gb Ddr5 \/ 512gb Ssd \/ 16 Wuxga 1920x1200 \/ Negro \/ Win 11 Pro \/ 1yr En Sitio\" \/>\n<meta property=\"og:description\" content=\"Compra 21ss0010lm Laptop Thinkpad E16 Gen 3 \/ Core Ultra 5 225u 4.8ghz \/ 16gb Ddr5 \/ 512gb Ssd \/ 16 Wuxga 1920x1200 \/ Negro \/ Win 11 Pro \/ 1yr En Sitio + Env\u00edo a domicilio + Pago seguro + Garant\u00eda\" \/>\n<meta property=\"og:url\" content=\"https:\/\/compuviper.mx\/tienda\/producto\/lenovo-21ss0010lm-laptop-thinkpad-e16-gen-3-core-ultra-5-225u-4-8ghz-16gb-ddr5-512gb-ssd-16-wuxga-1920x1200-negro-win-11-pro-1yr-en-sitio-2\/\" \/>\n<meta property=\"og:site_name\" content=\"Compuviper\" \/>\n<meta property=\"article:publisher\" content=\"https:\/\/www.facebook.com\/compuviper\" \/>\n<meta name=\"twitter:card\" content=\"summary_large_image\" \/>\n<meta name=\"twitter:label1\" content=\"Precio\" \/>\n\t<meta name=\"twitter:data1\" content=\"&#36;24,047 con IVA\" \/>\n\t<meta name=\"twitter:label2\" content=\"Availability\" \/>\n\t<meta name=\"twitter:data2\" content=\"On backorder\" \/>\n<script type=\"application\/ld+json\" class=\"yoast-schema-graph\">{\"@context\":\"https:\/\/schema.org\",\"@graph\":[{\"@type\":\"WebPage\",\"@id\":\"https:\/\/compuviper.mx\/tienda\/producto\/lenovo-21ss0010lm-laptop-thinkpad-e16-gen-3-core-ultra-5-225u-4-8ghz-16gb-ddr5-512gb-ssd-16-wuxga-1920x1200-negro-win-11-pro-1yr-en-sitio-2\/\",\"url\":\"https:\/\/compuviper.mx\/tienda\/producto\/lenovo-21ss0010lm-laptop-thinkpad-e16-gen-3-core-ultra-5-225u-4-8ghz-16gb-ddr5-512gb-ssd-16-wuxga-1920x1200-negro-win-11-pro-1yr-en-sitio-2\/\",\"name\":\"[ Lenovo ] &#129351; 21ss0010lm Laptop Thinkpad E16 Gen 3 \/ Core Ultra 5 225u 4.8ghz \/ 16gb Ddr5 \/ 512gb Ssd \/ 16 Wuxga 1920x1200 \/ Negro \/ Win 11 Pro \/ 1yr En Sitio\",\"isPartOf\":{\"@id\":\"https:\/\/compuviper.mx\/tienda\/#website\"},\"datePublished\":\"2026-04-17T07:17:56+00:00\",\"dateModified\":\"2026-04-17T07:17:56+00:00\",\"description\":\"Compra 21ss0010lm Laptop Thinkpad E16 Gen 3 \/ Core Ultra 5 225u 4.8ghz \/ 16gb Ddr5 \/ 512gb Ssd \/ 16 Wuxga 1920x1200 \/ Negro \/ Win 11 Pro \/ 1yr En Sitio + Env\u00edo a domicilio + Pago seguro + Garant\u00eda\",\"breadcrumb\":{\"@id\":\"https:\/\/compuviper.mx\/tienda\/producto\/lenovo-21ss0010lm-laptop-thinkpad-e16-gen-3-core-ultra-5-225u-4-8ghz-16gb-ddr5-512gb-ssd-16-wuxga-1920x1200-negro-win-11-pro-1yr-en-sitio-2\/#breadcrumb\"},\"inLanguage\":\"es-MX\",\"potentialAction\":[{\"@type\":\"ReadAction\",\"target\":[\"https:\/\/compuviper.mx\/tienda\/producto\/lenovo-21ss0010lm-laptop-thinkpad-e16-gen-3-core-ultra-5-225u-4-8ghz-16gb-ddr5-512gb-ssd-16-wuxga-1920x1200-negro-win-11-pro-1yr-en-sitio-2\/\"]}]},{\"@type\":\"BreadcrumbList\",\"@id\":\"https:\/\/compuviper.mx\/tienda\/producto\/lenovo-21ss0010lm-laptop-thinkpad-e16-gen-3-core-ultra-5-225u-4-8ghz-16gb-ddr5-512gb-ssd-16-wuxga-1920x1200-negro-win-11-pro-1yr-en-sitio-2\/#breadcrumb\",\"itemListElement\":[{\"@type\":\"ListItem\",\"position\":1,\"name\":\"Inicio\",\"item\":\"https:\/\/compuviper.mx\/tienda\/\"},{\"@type\":\"ListItem\",\"position\":2,\"name\":\"Productos\",\"item\":\"https:\/\/compuviper.mx\/tienda\/productos\/\"},{\"@type\":\"ListItem\",\"position\":3,\"name\":\"Laptops\",\"item\":\"https:\/\/compuviper.mx\/tienda\/categoria-producto\/laptops\/\"},{\"@type\":\"ListItem\",\"position\":4,\"name\":\"Notebook\",\"item\":\"https:\/\/compuviper.mx\/tienda\/categoria-producto\/laptops\/notebook-laptops\/\"},{\"@type\":\"ListItem\",\"position\":5,\"name\":\"Lenovo 21ss0010lm Laptop Thinkpad E16 Gen 3 \/ Core Ultra 5 225u 4.8ghz \/ 16gb Ddr5 \/ 512gb Ssd \/ 16 Wuxga 1920&#215;1200 \/ Negro \/ Win 11 Pro \/ 1yr En Sitio\"}]},{\"@type\":\"WebSite\",\"@id\":\"https:\/\/compuviper.mx\/tienda\/#website\",\"url\":\"https:\/\/compuviper.mx\/tienda\/\",\"name\":\"Compuviper\",\"description\":\"Proveedor de Computadoras, Laptops, Servidores, Monitores, Puntos de Venta, Teclados,   Impresoras, T\u00f3ner, C\u00e1maras de Seguridad y m\u00e1s en tu tienda en l\u00ednea\",\"publisher\":{\"@id\":\"https:\/\/compuviper.mx\/tienda\/#organization\"},\"potentialAction\":[{\"@type\":\"SearchAction\",\"target\":{\"@type\":\"EntryPoint\",\"urlTemplate\":\"https:\/\/compuviper.mx\/tienda\/?s={search_term_string}\"},\"query-input\":\"required name=search_term_string\"}],\"inLanguage\":\"es-MX\"},{\"@type\":\"Organization\",\"@id\":\"https:\/\/compuviper.mx\/tienda\/#organization\",\"name\":\"Compuviper\",\"url\":\"https:\/\/compuviper.mx\/tienda\/\",\"logo\":{\"@type\":\"ImageObject\",\"inLanguage\":\"es-MX\",\"@id\":\"https:\/\/compuviper.mx\/tienda\/#\/schema\/logo\/image\/\",\"url\":\"https:\/\/compuviper.mx\/tienda\/wp-content\/uploads\/2021\/08\/Logo-Compuviper-10.png\",\"contentUrl\":\"https:\/\/compuviper.mx\/tienda\/wp-content\/uploads\/2021\/08\/Logo-Compuviper-10.png\",\"width\":1000,\"height\":500,\"caption\":\"Compuviper\"},\"image\":{\"@id\":\"https:\/\/compuviper.mx\/tienda\/#\/schema\/logo\/image\/\"},\"sameAs\":[\"https:\/\/www.facebook.com\/compuviper\",\"https:\/\/www.youtube.com\/channel\/UCf73dERp9Y3cfOq7q8BhLjA?view_as=subscriber\"]}]}<\/script>\n<meta property=\"product:brand\" content=\"LENOVO\" \/>\n<meta property=\"product:price:amount\" content=\"24047\" \/>\n<meta property=\"product:price:currency\" content=\"MXN\" \/>\n<meta property=\"og:availability\" content=\"backorder\" \/>\n<meta property=\"product:availability\" content=\"available for order\" \/>\n<meta property=\"product:retailer_item_id\" content=\"21SS0010LM\" \/>\n<meta property=\"product:condition\" content=\"new\" \/>\n<!-- \/ Yoast SEO plugin. -->","yoast_head_json":{"title":"[ Lenovo ] &#129351; 21ss0010lm Laptop Thinkpad E16 Gen 3 \/ Core Ultra 5 225u 4.8ghz \/ 16gb Ddr5 \/ 512gb Ssd \/ 16 Wuxga 1920x1200 \/ Negro \/ Win 11 Pro \/ 1yr En Sitio","description":"Compra 21ss0010lm Laptop Thinkpad E16 Gen 3 \/ Core Ultra 5 225u 4.8ghz \/ 16gb Ddr5 \/ 512gb Ssd \/ 16 Wuxga 1920x1200 \/ Negro \/ Win 11 Pro \/ 1yr En Sitio + Env\u00edo a domicilio + Pago seguro + Garant\u00eda","robots":{"index":"index","follow":"follow","max-snippet":"max-snippet:-1","max-image-preview":"max-image-preview:large","max-video-preview":"max-video-preview:-1"},"canonical":"https:\/\/compuviper.mx\/tienda\/producto\/lenovo-21ss0010lm-laptop-thinkpad-e16-gen-3-core-ultra-5-225u-4-8ghz-16gb-ddr5-512gb-ssd-16-wuxga-1920x1200-negro-win-11-pro-1yr-en-sitio-2\/","og_locale":"es_MX","og_type":"article","og_title":"[ Lenovo ] &#129351; 21ss0010lm Laptop Thinkpad E16 Gen 3 \/ Core Ultra 5 225u 4.8ghz \/ 16gb Ddr5 \/ 512gb Ssd \/ 16 Wuxga 1920x1200 \/ Negro \/ Win 11 Pro \/ 1yr En Sitio","og_description":"Compra 21ss0010lm Laptop Thinkpad E16 Gen 3 \/ Core Ultra 5 225u 4.8ghz \/ 16gb Ddr5 \/ 512gb Ssd \/ 16 Wuxga 1920x1200 \/ Negro \/ Win 11 Pro \/ 1yr En Sitio + Env\u00edo a domicilio + Pago seguro + Garant\u00eda","og_url":"https:\/\/compuviper.mx\/tienda\/producto\/lenovo-21ss0010lm-laptop-thinkpad-e16-gen-3-core-ultra-5-225u-4-8ghz-16gb-ddr5-512gb-ssd-16-wuxga-1920x1200-negro-win-11-pro-1yr-en-sitio-2\/","og_site_name":"Compuviper","article_publisher":"https:\/\/www.facebook.com\/compuviper","twitter_card":"summary_large_image","twitter_misc":{"Precio":"&#36;24,047 con IVA","Availability":"On backorder"},"schema":{"@context":"https:\/\/schema.org","@graph":[{"@type":"WebPage","@id":"https:\/\/compuviper.mx\/tienda\/producto\/lenovo-21ss0010lm-laptop-thinkpad-e16-gen-3-core-ultra-5-225u-4-8ghz-16gb-ddr5-512gb-ssd-16-wuxga-1920x1200-negro-win-11-pro-1yr-en-sitio-2\/","url":"https:\/\/compuviper.mx\/tienda\/producto\/lenovo-21ss0010lm-laptop-thinkpad-e16-gen-3-core-ultra-5-225u-4-8ghz-16gb-ddr5-512gb-ssd-16-wuxga-1920x1200-negro-win-11-pro-1yr-en-sitio-2\/","name":"[ Lenovo ] &#129351; 21ss0010lm Laptop Thinkpad E16 Gen 3 \/ Core Ultra 5 225u 4.8ghz \/ 16gb Ddr5 \/ 512gb Ssd \/ 16 Wuxga 1920x1200 \/ Negro \/ Win 11 Pro \/ 1yr En Sitio","isPartOf":{"@id":"https:\/\/compuviper.mx\/tienda\/#website"},"datePublished":"2026-04-17T07:17:56+00:00","dateModified":"2026-04-17T07:17:56+00:00","description":"Compra 21ss0010lm Laptop Thinkpad E16 Gen 3 \/ Core Ultra 5 225u 4.8ghz \/ 16gb Ddr5 \/ 512gb Ssd \/ 16 Wuxga 1920x1200 \/ Negro \/ Win 11 Pro \/ 1yr En Sitio + Env\u00edo a domicilio + Pago seguro + Garant\u00eda","breadcrumb":{"@id":"https:\/\/compuviper.mx\/tienda\/producto\/lenovo-21ss0010lm-laptop-thinkpad-e16-gen-3-core-ultra-5-225u-4-8ghz-16gb-ddr5-512gb-ssd-16-wuxga-1920x1200-negro-win-11-pro-1yr-en-sitio-2\/#breadcrumb"},"inLanguage":"es-MX","potentialAction":[{"@type":"ReadAction","target":["https:\/\/compuviper.mx\/tienda\/producto\/lenovo-21ss0010lm-laptop-thinkpad-e16-gen-3-core-ultra-5-225u-4-8ghz-16gb-ddr5-512gb-ssd-16-wuxga-1920x1200-negro-win-11-pro-1yr-en-sitio-2\/"]}]},{"@type":"BreadcrumbList","@id":"https:\/\/compuviper.mx\/tienda\/producto\/lenovo-21ss0010lm-laptop-thinkpad-e16-gen-3-core-ultra-5-225u-4-8ghz-16gb-ddr5-512gb-ssd-16-wuxga-1920x1200-negro-win-11-pro-1yr-en-sitio-2\/#breadcrumb","itemListElement":[{"@type":"ListItem","position":1,"name":"Inicio","item":"https:\/\/compuviper.mx\/tienda\/"},{"@type":"ListItem","position":2,"name":"Productos","item":"https:\/\/compuviper.mx\/tienda\/productos\/"},{"@type":"ListItem","position":3,"name":"Laptops","item":"https:\/\/compuviper.mx\/tienda\/categoria-producto\/laptops\/"},{"@type":"ListItem","position":4,"name":"Notebook","item":"https:\/\/compuviper.mx\/tienda\/categoria-producto\/laptops\/notebook-laptops\/"},{"@type":"ListItem","position":5,"name":"Lenovo 21ss0010lm Laptop Thinkpad E16 Gen 3 \/ Core Ultra 5 225u 4.8ghz \/ 16gb Ddr5 \/ 512gb Ssd \/ 16 Wuxga 1920&#215;1200 \/ Negro \/ Win 11 Pro \/ 1yr En Sitio"}]},{"@type":"WebSite","@id":"https:\/\/compuviper.mx\/tienda\/#website","url":"https:\/\/compuviper.mx\/tienda\/","name":"Compuviper","description":"Proveedor de Computadoras, Laptops, Servidores, Monitores, Puntos de Venta, Teclados,   Impresoras, T\u00f3ner, C\u00e1maras de Seguridad y m\u00e1s en tu tienda en l\u00ednea","publisher":{"@id":"https:\/\/compuviper.mx\/tienda\/#organization"},"potentialAction":[{"@type":"SearchAction","target":{"@type":"EntryPoint","urlTemplate":"https:\/\/compuviper.mx\/tienda\/?s={search_term_string}"},"query-input":"required name=search_term_string"}],"inLanguage":"es-MX"},{"@type":"Organization","@id":"https:\/\/compuviper.mx\/tienda\/#organization","name":"Compuviper","url":"https:\/\/compuviper.mx\/tienda\/","logo":{"@type":"ImageObject","inLanguage":"es-MX","@id":"https:\/\/compuviper.mx\/tienda\/#\/schema\/logo\/image\/","url":"https:\/\/compuviper.mx\/tienda\/wp-content\/uploads\/2021\/08\/Logo-Compuviper-10.png","contentUrl":"https:\/\/compuviper.mx\/tienda\/wp-content\/uploads\/2021\/08\/Logo-Compuviper-10.png","width":1000,"height":500,"caption":"Compuviper"},"image":{"@id":"https:\/\/compuviper.mx\/tienda\/#\/schema\/logo\/image\/"},"sameAs":["https:\/\/www.facebook.com\/compuviper","https:\/\/www.youtube.com\/channel\/UCf73dERp9Y3cfOq7q8BhLjA?view_as=subscriber"]}]},"product_brand":"LENOVO","product_price_amount":"24047","product_price_currency":"MXN","og_availability":"backorder","product_availability":"available for order","product_retailer_item_id":"21SS0010LM","product_condition":"new"},"_links":{"self":[{"href":"https:\/\/compuviper.mx\/tienda\/wp-json\/wp\/v2\/product\/268617"}],"collection":[{"href":"https:\/\/compuviper.mx\/tienda\/wp-json\/wp\/v2\/product"}],"about":[{"href":"https:\/\/compuviper.mx\/tienda\/wp-json\/wp\/v2\/types\/product"}],"replies":[{"embeddable":true,"href":"https:\/\/compuviper.mx\/tienda\/wp-json\/wp\/v2\/comments?post=268617"}],"wp:attachment":[{"href":"https:\/\/compuviper.mx\/tienda\/wp-json\/wp\/v2\/media?parent=268617"}],"wp:term":[{"taxonomy":"product_cat","embeddable":true,"href":"https:\/\/compuviper.mx\/tienda\/wp-json\/wp\/v2\/product_cat?post=268617"},{"taxonomy":"product_tag","embeddable":true,"href":"https:\/\/compuviper.mx\/tienda\/wp-json\/wp\/v2\/product_tag?post=268617"}],"curies":[{"name":"wp","href":"https:\/\/api.w.org\/{rel}","templated":true}]}}