{"id":268615,"date":"2026-04-11T00:45:27","date_gmt":"2026-04-11T06:45:27","guid":{"rendered":"https:\/\/compuviper.mx\/tienda\/producto\/3nstar-k724-50w-8240-psw11-kiosco-k7-23-8-pulgadas-windows-11-iot-enterprise-value-8gb-ram-240-gb-ssd-usb-wifi-ethernet-red-bluetooth-intel-core-i5-12-th-generacion\/"},"modified":"2026-04-11T00:45:27","modified_gmt":"2026-04-11T06:45:27","slug":"3nstar-k724-50w-8240-psw11-kiosco-k7-23-8-pulgadas-windows-11-iot-enterprise-value-8gb-ram-240-gb-ssd-usb-wifi-ethernet-red-bluetooth-intel-core-i5-12-th-generacion","status":"publish","type":"product","link":"https:\/\/compuviper.mx\/tienda\/producto\/3nstar-k724-50w-8240-psw11-kiosco-k7-23-8-pulgadas-windows-11-iot-enterprise-value-8gb-ram-240-gb-ssd-usb-wifi-ethernet-red-bluetooth-intel-core-i5-12-th-generacion\/","title":{"rendered":"3nstar K724-50w-8240-psw11 Kiosco  K7 23.8 Pulgadas, Windows 11 Iot Enterprise Value , 8gb Ram , 240 Gb Ssd, Usb, Wifi, Ethernet Red, Bluetooth, Intel Core I5, 12 Th Generacion"},"content":{"rendered":"<table class=\"descripcion\">\n<tr>\n<td>Caracteristicas fisicas<\/td>\n<\/tr>\n<tr>\n<td>Dimenciones: 926 mm ( alto ) x 460 mm ( largo ) x 127 mm ( ancho )<\/td>\n<\/tr>\n<tr>\n<td>Peso: 23kg<\/td>\n<\/tr>\n<tr>\n<td>Construccion: acero<\/td>\n<\/tr>\n<tr>\n<td>Color: blanco y negro<\/td>\n<\/tr>\n<tr>\n<td>Rendimiento<\/td>\n<\/tr>\n<tr>\n<td>Sistema operativo: opcional windows \/ linux , intel  97, core i3 12 gen, ddr4 de 8 gb ampliable a 32gb, ssd m.2 pcle de 4a generacion de 240 gb ampliable a 1tb.<\/td>\n<\/tr>\n<tr>\n<td>Conectividad<\/td>\n<\/tr>\n<tr>\n<td>Wi-fi: doble banda 802.11 ac, a \/ b \/ g, n<\/td>\n<\/tr>\n<tr>\n<td>Bluetooth: incluido<\/td>\n<\/tr>\n<tr>\n<td>Ethernet: 10 \/ 100 \/ 1000 \/m rj45<\/td>\n<\/tr>\n<tr>\n<td>Usb: 4 usb 3.0 y 4 usb 2.0<\/td>\n<\/tr>\n<tr>\n<td>Serie rs232: 2 puertos rj50<\/td>\n<\/tr>\n<tr>\n<td>Salida de video: 1 vga, 1 hdmi<\/td>\n<\/tr>\n<tr>\n<td>Panel tactil<\/td>\n<\/tr>\n<tr>\n<td>Tipo de pantalla tactil: capacitivo 10 puntos<\/td>\n<\/tr>\n<tr>\n<td>Transmitancia: 85 por ciento<\/td>\n<\/tr>\n<tr>\n<td>Tiempos de contacto: mas de 50,000,000<\/td>\n<\/tr>\n<tr>\n<td>Monitor<\/td>\n<\/tr>\n<tr>\n<td>Resolucion: 1920 x 1080<\/td>\n<\/tr>\n<tr>\n<td>Brillo tipico: 300 nits<\/td>\n<\/tr>\n<tr>\n<td>Soporte de color: 16,7 ( 8 bits )<\/td>\n<\/tr>\n<tr>\n<td>Vida util: 50,000 horas<\/td>\n<\/tr>\n<tr>\n<td>Caracteristicas electricas<\/td>\n<\/tr>\n<tr>\n<td>Salida del adaptador: cc12 v, 5 a<\/td>\n<\/tr>\n<tr>\n<td>Entrada del adaptador: adaptador deca 100-240 v, 50-60 hz<\/td>\n<\/tr>\n<tr>\n<td>Medioambiental<\/td>\n<\/tr>\n<tr>\n<td>Temperatura de funcionamiento: 0c-50c<\/td>\n<\/tr>\n<tr>\n<td>Temperatura de almacenamiento: -10c-90 por ciento sin condensacion<\/td>\n<\/tr>\n<tr>\n<td>Empaque<\/td>\n<\/tr>\n<tr>\n<td>En la caja:  1 kiosco, 3 llaves, 1 puerta de impresora ( sin ventana  )<\/td>\n<\/tr>\n<tr>\n<td>Dimensiones: 1210mm x 280 mm x 680 mm<\/td>\n<\/tr>\n<tr>\n<td>Peso bruto. 40.5 kg<\/td>\n<\/tr>\n<tr>\n<td>Certificaciones y garantia<\/td>\n<\/tr>\n<tr>\n<td>Certificaciones: ce, rohs , fcc , ccc<\/td>\n<\/tr>\n<tr>\n<td>Garantia: 1 a\u00f1o ( garantia extendida disponible<\/td>\n<\/tr>\n<tr>\n<td>Opcionales<\/td>\n<\/tr>\n<tr>\n<td>Accesorios: sop\u00f3rte de piso, montaje en pared, impresora, escaner 2d, escaner 2d ocr, msr , camara frontal de 5mp y lector nfc<\/td>\n<\/tr>\n<\/table>\n","protected":false},"excerpt":{"rendered":"<p>La serie 3nstar k7 es una solucion de kiosco de autoservicio moderna y de alto rendimiento dise\u00f1ada para brindar versatilidad y durabilidad. Ya sea montado en la pared o en el piso, el k7 se adapta a areas de alto trafico, espacios compactos o entornos comerciales elegantes como el comercio minorista, la atencion medica, la hospitalidad y m\u00e1s. Con una gesti\u00f3n de cables interna limpia, sistemas integrados seguros y f\u00e1cil mantenimiento, el k7 ofrece elegancia y confiabilidad en cada interaccion. Disponible en tama\u00f1os de pantalla t\u00e1ctil de 23,8 y 32, el k7 destaca por su elegante construcci\u00f3n de acero y sus opciones de configuraci\u00f3n de alto rendimiento.<\/p>\n","protected":false},"featured_media":0,"comment_status":"open","ping_status":"open","template":"","meta":[],"product_cat":[2261,2262],"product_tag":[1570],"acf":[],"yoast_head":"<!-- This site is optimized with the Yoast SEO plugin v21.7 - https:\/\/yoast.com\/wordpress\/plugins\/seo\/ -->\n<title>[ 3nstar ] &#129351; K724-50w-8240-psw11 Kiosco K7 23.8 Pulgadas, Windows 11 Iot Enterprise Value , 8gb Ram , 240 Gb Ssd, Usb, Wifi, Ethernet Red, Bluetooth, Intel Core I5, 12 Th Generacion<\/title>\n<meta name=\"description\" content=\"Compra K724-50w-8240-psw11 Kiosco K7 23.8 Pulgadas, Windows 11 Iot Enterprise Value , 8gb Ram , 240 Gb Ssd, Usb, Wifi, Ethernet Red, Bluetooth, Intel Core I5, 12 Th Generacion + Env\u00edo a domicilio + Pago seguro + Garant\u00eda\" \/>\n<meta name=\"robots\" content=\"index, follow, max-snippet:-1, max-image-preview:large, max-video-preview:-1\" \/>\n<link rel=\"canonical\" href=\"https:\/\/compuviper.mx\/tienda\/producto\/3nstar-k724-50w-8240-psw11-kiosco-k7-23-8-pulgadas-windows-11-iot-enterprise-value-8gb-ram-240-gb-ssd-usb-wifi-ethernet-red-bluetooth-intel-core-i5-12-th-generacion\/\" \/>\n<meta property=\"og:locale\" content=\"es_MX\" \/>\n<meta property=\"og:type\" content=\"article\" \/>\n<meta property=\"og:title\" content=\"[ 3nstar ] &#129351; K724-50w-8240-psw11 Kiosco K7 23.8 Pulgadas, Windows 11 Iot Enterprise Value , 8gb Ram , 240 Gb Ssd, Usb, Wifi, Ethernet Red, Bluetooth, Intel Core I5, 12 Th Generacion\" \/>\n<meta property=\"og:description\" content=\"Compra K724-50w-8240-psw11 Kiosco K7 23.8 Pulgadas, Windows 11 Iot Enterprise Value , 8gb Ram , 240 Gb Ssd, Usb, Wifi, Ethernet Red, Bluetooth, Intel Core I5, 12 Th Generacion + Env\u00edo a domicilio + Pago seguro + Garant\u00eda\" \/>\n<meta property=\"og:url\" content=\"https:\/\/compuviper.mx\/tienda\/producto\/3nstar-k724-50w-8240-psw11-kiosco-k7-23-8-pulgadas-windows-11-iot-enterprise-value-8gb-ram-240-gb-ssd-usb-wifi-ethernet-red-bluetooth-intel-core-i5-12-th-generacion\/\" \/>\n<meta property=\"og:site_name\" content=\"Compuviper\" \/>\n<meta property=\"article:publisher\" content=\"https:\/\/www.facebook.com\/compuviper\" \/>\n<meta name=\"twitter:card\" content=\"summary_large_image\" \/>\n<meta name=\"twitter:label1\" content=\"Precio\" \/>\n\t<meta name=\"twitter:data1\" content=\"&#36;35,208 con IVA\" \/>\n\t<meta name=\"twitter:label2\" content=\"Availability\" \/>\n\t<meta name=\"twitter:data2\" content=\"On backorder\" \/>\n<script type=\"application\/ld+json\" class=\"yoast-schema-graph\">{\"@context\":\"https:\/\/schema.org\",\"@graph\":[{\"@type\":\"WebPage\",\"@id\":\"https:\/\/compuviper.mx\/tienda\/producto\/3nstar-k724-50w-8240-psw11-kiosco-k7-23-8-pulgadas-windows-11-iot-enterprise-value-8gb-ram-240-gb-ssd-usb-wifi-ethernet-red-bluetooth-intel-core-i5-12-th-generacion\/\",\"url\":\"https:\/\/compuviper.mx\/tienda\/producto\/3nstar-k724-50w-8240-psw11-kiosco-k7-23-8-pulgadas-windows-11-iot-enterprise-value-8gb-ram-240-gb-ssd-usb-wifi-ethernet-red-bluetooth-intel-core-i5-12-th-generacion\/\",\"name\":\"[ 3nstar ] &#129351; K724-50w-8240-psw11 Kiosco K7 23.8 Pulgadas, Windows 11 Iot Enterprise Value , 8gb Ram , 240 Gb Ssd, Usb, Wifi, Ethernet Red, Bluetooth, Intel Core I5, 12 Th Generacion\",\"isPartOf\":{\"@id\":\"https:\/\/compuviper.mx\/tienda\/#website\"},\"datePublished\":\"2026-04-11T06:45:27+00:00\",\"dateModified\":\"2026-04-11T06:45:27+00:00\",\"description\":\"Compra K724-50w-8240-psw11 Kiosco K7 23.8 Pulgadas, Windows 11 Iot Enterprise Value , 8gb Ram , 240 Gb Ssd, Usb, Wifi, Ethernet Red, Bluetooth, Intel Core I5, 12 Th Generacion + Env\u00edo a domicilio + Pago seguro + Garant\u00eda\",\"breadcrumb\":{\"@id\":\"https:\/\/compuviper.mx\/tienda\/producto\/3nstar-k724-50w-8240-psw11-kiosco-k7-23-8-pulgadas-windows-11-iot-enterprise-value-8gb-ram-240-gb-ssd-usb-wifi-ethernet-red-bluetooth-intel-core-i5-12-th-generacion\/#breadcrumb\"},\"inLanguage\":\"es-MX\",\"potentialAction\":[{\"@type\":\"ReadAction\",\"target\":[\"https:\/\/compuviper.mx\/tienda\/producto\/3nstar-k724-50w-8240-psw11-kiosco-k7-23-8-pulgadas-windows-11-iot-enterprise-value-8gb-ram-240-gb-ssd-usb-wifi-ethernet-red-bluetooth-intel-core-i5-12-th-generacion\/\"]}]},{\"@type\":\"BreadcrumbList\",\"@id\":\"https:\/\/compuviper.mx\/tienda\/producto\/3nstar-k724-50w-8240-psw11-kiosco-k7-23-8-pulgadas-windows-11-iot-enterprise-value-8gb-ram-240-gb-ssd-usb-wifi-ethernet-red-bluetooth-intel-core-i5-12-th-generacion\/#breadcrumb\",\"itemListElement\":[{\"@type\":\"ListItem\",\"position\":1,\"name\":\"Inicio\",\"item\":\"https:\/\/compuviper.mx\/tienda\/\"},{\"@type\":\"ListItem\",\"position\":2,\"name\":\"Productos\",\"item\":\"https:\/\/compuviper.mx\/tienda\/productos\/\"},{\"@type\":\"ListItem\",\"position\":3,\"name\":\"3nstar K724-50w-8240-psw11 Kiosco K7 23.8 Pulgadas, Windows 11 Iot Enterprise Value , 8gb Ram , 240 Gb Ssd, Usb, Wifi, Ethernet Red, Bluetooth, Intel Core I5, 12 Th Generacion\"}]},{\"@type\":\"WebSite\",\"@id\":\"https:\/\/compuviper.mx\/tienda\/#website\",\"url\":\"https:\/\/compuviper.mx\/tienda\/\",\"name\":\"Compuviper\",\"description\":\"Proveedor de Computadoras, Laptops, Servidores, Monitores, Puntos de Venta, Teclados,   Impresoras, T\u00f3ner, C\u00e1maras de Seguridad y m\u00e1s en tu tienda en l\u00ednea\",\"publisher\":{\"@id\":\"https:\/\/compuviper.mx\/tienda\/#organization\"},\"potentialAction\":[{\"@type\":\"SearchAction\",\"target\":{\"@type\":\"EntryPoint\",\"urlTemplate\":\"https:\/\/compuviper.mx\/tienda\/?s={search_term_string}\"},\"query-input\":\"required name=search_term_string\"}],\"inLanguage\":\"es-MX\"},{\"@type\":\"Organization\",\"@id\":\"https:\/\/compuviper.mx\/tienda\/#organization\",\"name\":\"Compuviper\",\"url\":\"https:\/\/compuviper.mx\/tienda\/\",\"logo\":{\"@type\":\"ImageObject\",\"inLanguage\":\"es-MX\",\"@id\":\"https:\/\/compuviper.mx\/tienda\/#\/schema\/logo\/image\/\",\"url\":\"https:\/\/compuviper.mx\/tienda\/wp-content\/uploads\/2021\/08\/Logo-Compuviper-10.png\",\"contentUrl\":\"https:\/\/compuviper.mx\/tienda\/wp-content\/uploads\/2021\/08\/Logo-Compuviper-10.png\",\"width\":1000,\"height\":500,\"caption\":\"Compuviper\"},\"image\":{\"@id\":\"https:\/\/compuviper.mx\/tienda\/#\/schema\/logo\/image\/\"},\"sameAs\":[\"https:\/\/www.facebook.com\/compuviper\",\"https:\/\/www.youtube.com\/channel\/UCf73dERp9Y3cfOq7q8BhLjA?view_as=subscriber\"]}]}<\/script>\n<meta property=\"product:brand\" content=\"3NSTAR\" \/>\n<meta property=\"product:price:amount\" content=\"35208\" \/>\n<meta property=\"product:price:currency\" content=\"MXN\" \/>\n<meta property=\"og:availability\" content=\"backorder\" \/>\n<meta property=\"product:availability\" content=\"available for order\" \/>\n<meta property=\"product:retailer_item_id\" content=\"K724-50W-8240-PSW11\" \/>\n<meta property=\"product:condition\" content=\"new\" \/>\n<!-- \/ Yoast SEO plugin. -->","yoast_head_json":{"title":"[ 3nstar ] &#129351; K724-50w-8240-psw11 Kiosco K7 23.8 Pulgadas, Windows 11 Iot Enterprise Value , 8gb Ram , 240 Gb Ssd, Usb, Wifi, Ethernet Red, Bluetooth, Intel Core I5, 12 Th Generacion","description":"Compra K724-50w-8240-psw11 Kiosco K7 23.8 Pulgadas, Windows 11 Iot Enterprise Value , 8gb Ram , 240 Gb Ssd, Usb, Wifi, Ethernet Red, Bluetooth, Intel Core I5, 12 Th Generacion + Env\u00edo a domicilio + Pago seguro + Garant\u00eda","robots":{"index":"index","follow":"follow","max-snippet":"max-snippet:-1","max-image-preview":"max-image-preview:large","max-video-preview":"max-video-preview:-1"},"canonical":"https:\/\/compuviper.mx\/tienda\/producto\/3nstar-k724-50w-8240-psw11-kiosco-k7-23-8-pulgadas-windows-11-iot-enterprise-value-8gb-ram-240-gb-ssd-usb-wifi-ethernet-red-bluetooth-intel-core-i5-12-th-generacion\/","og_locale":"es_MX","og_type":"article","og_title":"[ 3nstar ] &#129351; K724-50w-8240-psw11 Kiosco K7 23.8 Pulgadas, Windows 11 Iot Enterprise Value , 8gb Ram , 240 Gb Ssd, Usb, Wifi, Ethernet Red, Bluetooth, Intel Core I5, 12 Th Generacion","og_description":"Compra K724-50w-8240-psw11 Kiosco K7 23.8 Pulgadas, Windows 11 Iot Enterprise Value , 8gb Ram , 240 Gb Ssd, Usb, Wifi, Ethernet Red, Bluetooth, Intel Core I5, 12 Th Generacion + Env\u00edo a domicilio + Pago seguro + Garant\u00eda","og_url":"https:\/\/compuviper.mx\/tienda\/producto\/3nstar-k724-50w-8240-psw11-kiosco-k7-23-8-pulgadas-windows-11-iot-enterprise-value-8gb-ram-240-gb-ssd-usb-wifi-ethernet-red-bluetooth-intel-core-i5-12-th-generacion\/","og_site_name":"Compuviper","article_publisher":"https:\/\/www.facebook.com\/compuviper","twitter_card":"summary_large_image","twitter_misc":{"Precio":"&#36;35,208 con IVA","Availability":"On backorder"},"schema":{"@context":"https:\/\/schema.org","@graph":[{"@type":"WebPage","@id":"https:\/\/compuviper.mx\/tienda\/producto\/3nstar-k724-50w-8240-psw11-kiosco-k7-23-8-pulgadas-windows-11-iot-enterprise-value-8gb-ram-240-gb-ssd-usb-wifi-ethernet-red-bluetooth-intel-core-i5-12-th-generacion\/","url":"https:\/\/compuviper.mx\/tienda\/producto\/3nstar-k724-50w-8240-psw11-kiosco-k7-23-8-pulgadas-windows-11-iot-enterprise-value-8gb-ram-240-gb-ssd-usb-wifi-ethernet-red-bluetooth-intel-core-i5-12-th-generacion\/","name":"[ 3nstar ] &#129351; K724-50w-8240-psw11 Kiosco K7 23.8 Pulgadas, Windows 11 Iot Enterprise Value , 8gb Ram , 240 Gb Ssd, Usb, Wifi, Ethernet Red, Bluetooth, Intel Core I5, 12 Th Generacion","isPartOf":{"@id":"https:\/\/compuviper.mx\/tienda\/#website"},"datePublished":"2026-04-11T06:45:27+00:00","dateModified":"2026-04-11T06:45:27+00:00","description":"Compra K724-50w-8240-psw11 Kiosco K7 23.8 Pulgadas, Windows 11 Iot Enterprise Value , 8gb Ram , 240 Gb Ssd, Usb, Wifi, Ethernet Red, Bluetooth, Intel Core I5, 12 Th Generacion + Env\u00edo a domicilio + Pago seguro + Garant\u00eda","breadcrumb":{"@id":"https:\/\/compuviper.mx\/tienda\/producto\/3nstar-k724-50w-8240-psw11-kiosco-k7-23-8-pulgadas-windows-11-iot-enterprise-value-8gb-ram-240-gb-ssd-usb-wifi-ethernet-red-bluetooth-intel-core-i5-12-th-generacion\/#breadcrumb"},"inLanguage":"es-MX","potentialAction":[{"@type":"ReadAction","target":["https:\/\/compuviper.mx\/tienda\/producto\/3nstar-k724-50w-8240-psw11-kiosco-k7-23-8-pulgadas-windows-11-iot-enterprise-value-8gb-ram-240-gb-ssd-usb-wifi-ethernet-red-bluetooth-intel-core-i5-12-th-generacion\/"]}]},{"@type":"BreadcrumbList","@id":"https:\/\/compuviper.mx\/tienda\/producto\/3nstar-k724-50w-8240-psw11-kiosco-k7-23-8-pulgadas-windows-11-iot-enterprise-value-8gb-ram-240-gb-ssd-usb-wifi-ethernet-red-bluetooth-intel-core-i5-12-th-generacion\/#breadcrumb","itemListElement":[{"@type":"ListItem","position":1,"name":"Inicio","item":"https:\/\/compuviper.mx\/tienda\/"},{"@type":"ListItem","position":2,"name":"Productos","item":"https:\/\/compuviper.mx\/tienda\/productos\/"},{"@type":"ListItem","position":3,"name":"3nstar K724-50w-8240-psw11 Kiosco K7 23.8 Pulgadas, Windows 11 Iot Enterprise Value , 8gb Ram , 240 Gb Ssd, Usb, Wifi, Ethernet Red, Bluetooth, Intel Core I5, 12 Th Generacion"}]},{"@type":"WebSite","@id":"https:\/\/compuviper.mx\/tienda\/#website","url":"https:\/\/compuviper.mx\/tienda\/","name":"Compuviper","description":"Proveedor de Computadoras, Laptops, Servidores, Monitores, Puntos de Venta, Teclados,   Impresoras, T\u00f3ner, C\u00e1maras de Seguridad y m\u00e1s en tu tienda en l\u00ednea","publisher":{"@id":"https:\/\/compuviper.mx\/tienda\/#organization"},"potentialAction":[{"@type":"SearchAction","target":{"@type":"EntryPoint","urlTemplate":"https:\/\/compuviper.mx\/tienda\/?s={search_term_string}"},"query-input":"required name=search_term_string"}],"inLanguage":"es-MX"},{"@type":"Organization","@id":"https:\/\/compuviper.mx\/tienda\/#organization","name":"Compuviper","url":"https:\/\/compuviper.mx\/tienda\/","logo":{"@type":"ImageObject","inLanguage":"es-MX","@id":"https:\/\/compuviper.mx\/tienda\/#\/schema\/logo\/image\/","url":"https:\/\/compuviper.mx\/tienda\/wp-content\/uploads\/2021\/08\/Logo-Compuviper-10.png","contentUrl":"https:\/\/compuviper.mx\/tienda\/wp-content\/uploads\/2021\/08\/Logo-Compuviper-10.png","width":1000,"height":500,"caption":"Compuviper"},"image":{"@id":"https:\/\/compuviper.mx\/tienda\/#\/schema\/logo\/image\/"},"sameAs":["https:\/\/www.facebook.com\/compuviper","https:\/\/www.youtube.com\/channel\/UCf73dERp9Y3cfOq7q8BhLjA?view_as=subscriber"]}]},"product_brand":"3NSTAR","product_price_amount":"35208","product_price_currency":"MXN","og_availability":"backorder","product_availability":"available for order","product_retailer_item_id":"K724-50W-8240-PSW11","product_condition":"new"},"_links":{"self":[{"href":"https:\/\/compuviper.mx\/tienda\/wp-json\/wp\/v2\/product\/268615"}],"collection":[{"href":"https:\/\/compuviper.mx\/tienda\/wp-json\/wp\/v2\/product"}],"about":[{"href":"https:\/\/compuviper.mx\/tienda\/wp-json\/wp\/v2\/types\/product"}],"replies":[{"embeddable":true,"href":"https:\/\/compuviper.mx\/tienda\/wp-json\/wp\/v2\/comments?post=268615"}],"wp:attachment":[{"href":"https:\/\/compuviper.mx\/tienda\/wp-json\/wp\/v2\/media?parent=268615"}],"wp:term":[{"taxonomy":"product_cat","embeddable":true,"href":"https:\/\/compuviper.mx\/tienda\/wp-json\/wp\/v2\/product_cat?post=268615"},{"taxonomy":"product_tag","embeddable":true,"href":"https:\/\/compuviper.mx\/tienda\/wp-json\/wp\/v2\/product_tag?post=268615"}],"curies":[{"name":"wp","href":"https:\/\/api.w.org\/{rel}","templated":true}]}}