{"id":268576,"date":"2026-04-14T02:24:04","date_gmt":"2026-04-14T08:24:04","guid":{"rendered":"https:\/\/compuviper.mx\/tienda\/producto\/xfx-rx-76pswftfy-tarjeta-de-video-amd-radeon-rx-7600-speedster-swft-210-dual-fan-8gb-gddr6-pcie-4-0-128-bit-gama-media\/"},"modified":"2026-04-14T02:24:04","modified_gmt":"2026-04-14T08:24:04","slug":"xfx-rx-76pswftfy-tarjeta-de-video-amd-radeon-rx-7600-speedster-swft-210-dual-fan-8gb-gddr6-pcie-4-0-128-bit-gama-media","status":"publish","type":"product","link":"https:\/\/compuviper.mx\/tienda\/producto\/xfx-rx-76pswftfy-tarjeta-de-video-amd-radeon-rx-7600-speedster-swft-210-dual-fan-8gb-gddr6-pcie-4-0-128-bit-gama-media\/","title":{"rendered":"Xfx Rx-76pswftfy Tarjeta De Video  Amd Radeon Rx 7600 Speedster Swft 210 Dual Fan \/ 8gb\/ Gddr6\/ Pcie 4.0\/128 Bit\/gama Media"},"content":{"rendered":"<table class=\"descripcion\">\n<tr>\n<td>Tipo de bus pci-e 4.0<\/td>\n<\/tr>\n<tr>\n<td> velocidades de reloj<\/td>\n<\/tr>\n<tr>\n<td>Principal reloj base hasta: 1875 mhz<\/td>\n<\/tr>\n<tr>\n<td>Reloj de juego hasta: 2250 mhz*<\/td>\n<\/tr>\n<tr>\n<td>Reloj de refuerzo hasta: 2655 mhz**<\/td>\n<\/tr>\n<tr>\n<td>Procesadores de flujo:   2048<\/td>\n<\/tr>\n<tr>\n<td>Unidades de c\u00f3mputo: 32<\/td>\n<\/tr>\n<tr>\n<td>Bus de memoria: 128 bits<\/td>\n<\/tr>\n<tr>\n<td>Reloj de memoria: 18 gbps<\/td>\n<\/tr>\n<tr>\n<td>Tama\u00f1o de la memoria: 8 gb<\/td>\n<\/tr>\n<tr>\n<td>Ancho de banda de memoria efectivo: hasta 476,9 gb\/s<\/td>\n<\/tr>\n<tr>\n<td>Tipo de memoria: gddr6<\/td>\n<\/tr>\n<tr>\n<td>Perfil de tarjeta:   2 ranuras<\/td>\n<\/tr>\n<tr>\n<td>Soluci\u00f3n t\u00e9rmica: 2 ventiladores<\/td>\n<\/tr>\n<tr>\n<td>Salidas:<\/td>\n<\/tr>\n<tr>\n<td> displayport 2.1: 3x  hdmi \u0099<\/td>\n<\/tr>\n<tr>\n<td>2.1: 1x<\/td>\n<\/tr>\n<tr>\n<td>Requisitos:<\/td>\n<\/tr>\n<tr>\n<td>Alimentaci\u00f3n externa 1x conexiones pci-e de 8 pines<\/td>\n<\/tr>\n<tr>\n<td>Requisito m\u00ednimo de fuente de alimentaci\u00f3n: 550 vatios<\/td>\n<\/tr>\n<tr>\n<td>Contenido del paquete:<\/td>\n<\/tr>\n<tr>\n<td>Tarjeta de garant\u00eda &#8211; inserto de c\u00f3digo qr: 1x<\/td>\n<\/tr>\n<tr>\n<td>Dimensiones y pesos estimados:<\/td>\n<\/tr>\n<tr>\n<td>Dimensi\u00f3n de la tarjeta 24,1 x 13,1 x 4,1<\/td>\n<\/tr>\n<tr>\n<td>Dimensi\u00f3n de la tarjeta (pulgadas) 9,49 x 5,16 x 1,61<\/td>\n<\/tr>\n<tr>\n<td>Dimensiones de la caja principal (cm) 47 x 41 x 37,5<\/td>\n<\/tr>\n<tr>\n<td>Dimensiones de la caja principal (pulgadas) 18,5 x 16,14 x 14,76<\/td>\n<\/tr>\n<tr>\n<td>Peso de la caja principal (kg) 12,25<\/td>\n<\/tr>\n<tr>\n<td>Peso de la caja principal (libras) 27<\/td>\n<\/tr>\n<tr>\n<td>Dimensiones del paquete (cm) 36 x 19,3 x 9,3<\/td>\n<\/tr>\n<tr>\n<td>Dimensiones del paquete (pulgadas) 14,17 x 7,6 x 3,66<\/td>\n<\/tr>\n<tr>\n<td>Peso del paquete (kg) 1,07<\/td>\n<\/tr>\n<tr>\n<td>Peso del paquete (libras) 2,36<\/td>\n<\/tr>\n<tr>\n<td>Tecnologias:<\/td>\n<\/tr>\n<tr>\n<td>32 unidades de c\u00f3mputo amd rdna\u0099 3 (con aceleradores rt+ai)<\/td>\n<\/tr>\n<tr>\n<td>Tecnolog\u00eda amd infinity cache\u0099<\/td>\n<\/tr>\n<tr>\n<td>Displayport\u0099 2.1<\/td>\n<\/tr>\n<tr>\n<td>Motor amd radiance display\u0099<\/td>\n<\/tr>\n<tr>\n<td>Tecnolog\u00eda amd radeon\u0099 boost*<\/td>\n<\/tr>\n<tr>\n<td>Tecnolog\u00eda amd radeon\u0099 anti-lag**<\/td>\n<\/tr>\n<tr>\n<td>8 gb gddr6 en bus de memoria de 128 bits<\/td>\n<\/tr>\n<tr>\n<td>Compatible con pci\u00ae express 4.0<\/td>\n<\/tr>\n<tr>\n<td>Tecnolog\u00edas amd fidelityfx\u0099*<\/td>\n<\/tr>\n<tr>\n<td>Tecnolog\u00eda amd fidelityfx\u0099 super resoluci\u00f3n*<\/td>\n<\/tr>\n<tr>\n<td>Microsoft\u00ae directx\u00ae 12 ultimate<\/td>\n<\/tr>\n<tr>\n<td>Microsoft\u00ae directstorage vulkan\u00ae tecnolog\u00edas inteligentes amd<\/td>\n<\/tr>\n<tr>\n<td>Optimizadas * software amd: aplicaci\u00f3n adrenalin edition\u0099 supresi\u00f3n de ruido amd* vista de privacidad de amd* amd radeon \u0099 tecnolog\u00eda de s\u00faper resoluci\u00f3n* amd link* tecnolog\u00eda amd freesync\u0099*<\/td>\n<\/tr>\n<tr>\n<td>Caracteristicas clave:<\/td>\n<\/tr>\n<tr>\n<td>Compatibilidad con hdmi\u0099 4k<\/td>\n<\/tr>\n<tr>\n<td>Decodificaci\u00f3n 4k h264<\/td>\n<\/tr>\n<tr>\n<td>Codificaci\u00f3n 4k h264 decodificaci\u00f3n<\/td>\n<\/tr>\n<tr>\n<td>H265\/hevc codificaci\u00f3n<\/td>\n<\/tr>\n<tr>\n<td>H265\/hevc decodificaci\u00f3n<\/td>\n<\/tr>\n<tr>\n<td>Av1 codificaci\u00f3n av1<\/td>\n<\/tr>\n<\/table>\n","protected":false},"excerpt":{"rendered":"<p>Juego. Arroyo. Avance. Experimente un rendimiento, im\u00e1genes y eficiencia sin precedentes para juegos y streaming en 1080p con la tarjeta gr\u00e1fica amd radeon\u0099 rx 7600, impulsada por la arquitectura rdna\u0099 3. Sum\u00e9rgete en im\u00e1genes impresionantes con la precisi\u00f3n de color milim\u00e9trica de amd radiance display\u0099 engine y aumenta la velocidad de fotogramas con las tecnolog\u00edas de mejora de resoluci\u00f3n amd fidelityfx\u0099 super resoluci\u00f3n y radeon\u0099 super resoluci\u00f3n. 1 para desbloquear a\u00fan m\u00e1s rendimiento, combine la tarjeta gr\u00e1fica amd radeon\u0099 rx serie 7000 con un procesador amd ryzen\u0099 compatible para activar las tecnolog\u00edas inteligentes de amd.<\/p>\n","protected":false},"featured_media":268577,"comment_status":"open","ping_status":"open","template":"","meta":[],"product_cat":[2153,1841],"product_tag":[2232],"acf":[],"yoast_head":"<!-- This site is optimized with the Yoast SEO plugin v21.7 - https:\/\/yoast.com\/wordpress\/plugins\/seo\/ -->\n<title>[ Xfx ] &#129351; Rx-76pswftfy Tarjeta De Video Amd Radeon Rx 7600 Speedster Swft 210 Dual Fan \/ 8gb\/ Gddr6\/ Pcie 4.0\/128 Bit\/gama Media<\/title>\n<meta name=\"description\" content=\"Compra Rx-76pswftfy Tarjeta De Video Amd Radeon Rx 7600 Speedster Swft 210 Dual Fan \/ 8gb\/ Gddr6\/ Pcie 4.0\/128 Bit\/gama Media + Env\u00edo a domicilio + Pago seguro + Garant\u00eda\" \/>\n<meta name=\"robots\" content=\"index, follow, max-snippet:-1, max-image-preview:large, max-video-preview:-1\" \/>\n<link rel=\"canonical\" href=\"https:\/\/compuviper.mx\/tienda\/producto\/xfx-rx-76pswftfy-tarjeta-de-video-amd-radeon-rx-7600-speedster-swft-210-dual-fan-8gb-gddr6-pcie-4-0-128-bit-gama-media\/\" \/>\n<meta property=\"og:locale\" content=\"es_MX\" \/>\n<meta property=\"og:type\" content=\"article\" \/>\n<meta property=\"og:title\" content=\"[ Xfx ] &#129351; Rx-76pswftfy Tarjeta De Video Amd Radeon Rx 7600 Speedster Swft 210 Dual Fan \/ 8gb\/ Gddr6\/ Pcie 4.0\/128 Bit\/gama Media\" \/>\n<meta property=\"og:description\" content=\"Compra Rx-76pswftfy Tarjeta De Video Amd Radeon Rx 7600 Speedster Swft 210 Dual Fan \/ 8gb\/ Gddr6\/ Pcie 4.0\/128 Bit\/gama Media + Env\u00edo a domicilio + Pago seguro + Garant\u00eda\" \/>\n<meta property=\"og:url\" content=\"https:\/\/compuviper.mx\/tienda\/producto\/xfx-rx-76pswftfy-tarjeta-de-video-amd-radeon-rx-7600-speedster-swft-210-dual-fan-8gb-gddr6-pcie-4-0-128-bit-gama-media\/\" \/>\n<meta property=\"og:site_name\" content=\"Compuviper\" \/>\n<meta property=\"article:publisher\" content=\"https:\/\/www.facebook.com\/compuviper\" \/>\n<meta property=\"og:image\" content=\"https:\/\/compuviper.mx\/tienda\/wp-content\/uploads\/2026\/04\/Tarjeta-de-video-xfx-amd-radeon-rx-7600-speedster-swft-210-dual-fan-8gb-gddr6-pcie-4.0128-bitgama-media.jpg\" \/>\n\t<meta property=\"og:image:width\" content=\"200\" \/>\n\t<meta property=\"og:image:height\" content=\"200\" \/>\n\t<meta property=\"og:image:type\" content=\"image\/jpeg\" \/>\n<meta name=\"twitter:card\" content=\"summary_large_image\" \/>\n<meta name=\"twitter:label1\" content=\"Precio\" \/>\n\t<meta name=\"twitter:data1\" content=\"&#36;4,766 &#36;4,760 con IVA\" \/>\n\t<meta name=\"twitter:label2\" content=\"Availability\" \/>\n\t<meta name=\"twitter:data2\" content=\"In stock\" \/>\n<script type=\"application\/ld+json\" class=\"yoast-schema-graph\">{\"@context\":\"https:\/\/schema.org\",\"@graph\":[{\"@type\":\"WebPage\",\"@id\":\"https:\/\/compuviper.mx\/tienda\/producto\/xfx-rx-76pswftfy-tarjeta-de-video-amd-radeon-rx-7600-speedster-swft-210-dual-fan-8gb-gddr6-pcie-4-0-128-bit-gama-media\/\",\"url\":\"https:\/\/compuviper.mx\/tienda\/producto\/xfx-rx-76pswftfy-tarjeta-de-video-amd-radeon-rx-7600-speedster-swft-210-dual-fan-8gb-gddr6-pcie-4-0-128-bit-gama-media\/\",\"name\":\"[ Xfx ] &#129351; Rx-76pswftfy Tarjeta De Video Amd Radeon Rx 7600 Speedster Swft 210 Dual Fan \/ 8gb\/ Gddr6\/ Pcie 4.0\/128 Bit\/gama Media\",\"isPartOf\":{\"@id\":\"https:\/\/compuviper.mx\/tienda\/#website\"},\"datePublished\":\"2026-04-14T08:24:04+00:00\",\"dateModified\":\"2026-04-14T08:24:04+00:00\",\"description\":\"Compra Rx-76pswftfy Tarjeta De Video Amd Radeon Rx 7600 Speedster Swft 210 Dual Fan \/ 8gb\/ Gddr6\/ Pcie 4.0\/128 Bit\/gama Media + Env\u00edo a domicilio + Pago seguro + Garant\u00eda\",\"breadcrumb\":{\"@id\":\"https:\/\/compuviper.mx\/tienda\/producto\/xfx-rx-76pswftfy-tarjeta-de-video-amd-radeon-rx-7600-speedster-swft-210-dual-fan-8gb-gddr6-pcie-4-0-128-bit-gama-media\/#breadcrumb\"},\"inLanguage\":\"es-MX\",\"potentialAction\":[{\"@type\":\"ReadAction\",\"target\":[\"https:\/\/compuviper.mx\/tienda\/producto\/xfx-rx-76pswftfy-tarjeta-de-video-amd-radeon-rx-7600-speedster-swft-210-dual-fan-8gb-gddr6-pcie-4-0-128-bit-gama-media\/\"]}]},{\"@type\":\"BreadcrumbList\",\"@id\":\"https:\/\/compuviper.mx\/tienda\/producto\/xfx-rx-76pswftfy-tarjeta-de-video-amd-radeon-rx-7600-speedster-swft-210-dual-fan-8gb-gddr6-pcie-4-0-128-bit-gama-media\/#breadcrumb\",\"itemListElement\":[{\"@type\":\"ListItem\",\"position\":1,\"name\":\"Inicio\",\"item\":\"https:\/\/compuviper.mx\/tienda\/\"},{\"@type\":\"ListItem\",\"position\":2,\"name\":\"Productos\",\"item\":\"https:\/\/compuviper.mx\/tienda\/productos\/\"},{\"@type\":\"ListItem\",\"position\":3,\"name\":\"Video\",\"item\":\"https:\/\/compuviper.mx\/tienda\/categoria-producto\/video\/\"},{\"@type\":\"ListItem\",\"position\":4,\"name\":\"Sin Categor\u00eda\",\"item\":\"https:\/\/compuviper.mx\/tienda\/categoria-producto\/video\/sin-categoria-video\/\"},{\"@type\":\"ListItem\",\"position\":5,\"name\":\"Xfx Rx-76pswftfy Tarjeta De Video Amd Radeon Rx 7600 Speedster Swft 210 Dual Fan \/ 8gb\/ Gddr6\/ Pcie 4.0\/128 Bit\/gama Media\"}]},{\"@type\":\"WebSite\",\"@id\":\"https:\/\/compuviper.mx\/tienda\/#website\",\"url\":\"https:\/\/compuviper.mx\/tienda\/\",\"name\":\"Compuviper\",\"description\":\"Proveedor de Computadoras, Laptops, Servidores, Monitores, Puntos de Venta, Teclados,   Impresoras, T\u00f3ner, C\u00e1maras de Seguridad y m\u00e1s en tu tienda en l\u00ednea\",\"publisher\":{\"@id\":\"https:\/\/compuviper.mx\/tienda\/#organization\"},\"potentialAction\":[{\"@type\":\"SearchAction\",\"target\":{\"@type\":\"EntryPoint\",\"urlTemplate\":\"https:\/\/compuviper.mx\/tienda\/?s={search_term_string}\"},\"query-input\":\"required name=search_term_string\"}],\"inLanguage\":\"es-MX\"},{\"@type\":\"Organization\",\"@id\":\"https:\/\/compuviper.mx\/tienda\/#organization\",\"name\":\"Compuviper\",\"url\":\"https:\/\/compuviper.mx\/tienda\/\",\"logo\":{\"@type\":\"ImageObject\",\"inLanguage\":\"es-MX\",\"@id\":\"https:\/\/compuviper.mx\/tienda\/#\/schema\/logo\/image\/\",\"url\":\"https:\/\/compuviper.mx\/tienda\/wp-content\/uploads\/2021\/08\/Logo-Compuviper-10.png\",\"contentUrl\":\"https:\/\/compuviper.mx\/tienda\/wp-content\/uploads\/2021\/08\/Logo-Compuviper-10.png\",\"width\":1000,\"height\":500,\"caption\":\"Compuviper\"},\"image\":{\"@id\":\"https:\/\/compuviper.mx\/tienda\/#\/schema\/logo\/image\/\"},\"sameAs\":[\"https:\/\/www.facebook.com\/compuviper\",\"https:\/\/www.youtube.com\/channel\/UCf73dERp9Y3cfOq7q8BhLjA?view_as=subscriber\"]}]}<\/script>\n<meta property=\"product:brand\" content=\"Xfx\" \/>\n<meta property=\"product:price:amount\" content=\"4760\" \/>\n<meta property=\"product:price:currency\" content=\"MXN\" \/>\n<meta property=\"og:availability\" content=\"instock\" \/>\n<meta property=\"product:availability\" content=\"instock\" \/>\n<meta property=\"product:retailer_item_id\" content=\"RX-76PSWFTFY\" \/>\n<meta property=\"product:condition\" content=\"new\" \/>\n<!-- \/ Yoast SEO plugin. -->","yoast_head_json":{"title":"[ Xfx ] &#129351; Rx-76pswftfy Tarjeta De Video Amd Radeon Rx 7600 Speedster Swft 210 Dual Fan \/ 8gb\/ Gddr6\/ Pcie 4.0\/128 Bit\/gama Media","description":"Compra Rx-76pswftfy Tarjeta De Video Amd Radeon Rx 7600 Speedster Swft 210 Dual Fan \/ 8gb\/ Gddr6\/ Pcie 4.0\/128 Bit\/gama Media + Env\u00edo a domicilio + Pago seguro + Garant\u00eda","robots":{"index":"index","follow":"follow","max-snippet":"max-snippet:-1","max-image-preview":"max-image-preview:large","max-video-preview":"max-video-preview:-1"},"canonical":"https:\/\/compuviper.mx\/tienda\/producto\/xfx-rx-76pswftfy-tarjeta-de-video-amd-radeon-rx-7600-speedster-swft-210-dual-fan-8gb-gddr6-pcie-4-0-128-bit-gama-media\/","og_locale":"es_MX","og_type":"article","og_title":"[ Xfx ] &#129351; Rx-76pswftfy Tarjeta De Video Amd Radeon Rx 7600 Speedster Swft 210 Dual Fan \/ 8gb\/ Gddr6\/ Pcie 4.0\/128 Bit\/gama Media","og_description":"Compra Rx-76pswftfy Tarjeta De Video Amd Radeon Rx 7600 Speedster Swft 210 Dual Fan \/ 8gb\/ Gddr6\/ Pcie 4.0\/128 Bit\/gama Media + Env\u00edo a domicilio + Pago seguro + Garant\u00eda","og_url":"https:\/\/compuviper.mx\/tienda\/producto\/xfx-rx-76pswftfy-tarjeta-de-video-amd-radeon-rx-7600-speedster-swft-210-dual-fan-8gb-gddr6-pcie-4-0-128-bit-gama-media\/","og_site_name":"Compuviper","article_publisher":"https:\/\/www.facebook.com\/compuviper","og_image":[{"width":200,"height":200,"url":"https:\/\/compuviper.mx\/tienda\/wp-content\/uploads\/2026\/04\/Tarjeta-de-video-xfx-amd-radeon-rx-7600-speedster-swft-210-dual-fan-8gb-gddr6-pcie-4.0128-bitgama-media.jpg","type":"image\/jpeg"}],"twitter_card":"summary_large_image","twitter_misc":{"Precio":"&#36;4,766 &#36;4,760 con IVA","Availability":"In stock"},"schema":{"@context":"https:\/\/schema.org","@graph":[{"@type":"WebPage","@id":"https:\/\/compuviper.mx\/tienda\/producto\/xfx-rx-76pswftfy-tarjeta-de-video-amd-radeon-rx-7600-speedster-swft-210-dual-fan-8gb-gddr6-pcie-4-0-128-bit-gama-media\/","url":"https:\/\/compuviper.mx\/tienda\/producto\/xfx-rx-76pswftfy-tarjeta-de-video-amd-radeon-rx-7600-speedster-swft-210-dual-fan-8gb-gddr6-pcie-4-0-128-bit-gama-media\/","name":"[ Xfx ] &#129351; Rx-76pswftfy Tarjeta De Video Amd Radeon Rx 7600 Speedster Swft 210 Dual Fan \/ 8gb\/ Gddr6\/ Pcie 4.0\/128 Bit\/gama Media","isPartOf":{"@id":"https:\/\/compuviper.mx\/tienda\/#website"},"datePublished":"2026-04-14T08:24:04+00:00","dateModified":"2026-04-14T08:24:04+00:00","description":"Compra Rx-76pswftfy Tarjeta De Video Amd Radeon Rx 7600 Speedster Swft 210 Dual Fan \/ 8gb\/ Gddr6\/ Pcie 4.0\/128 Bit\/gama Media + Env\u00edo a domicilio + Pago seguro + Garant\u00eda","breadcrumb":{"@id":"https:\/\/compuviper.mx\/tienda\/producto\/xfx-rx-76pswftfy-tarjeta-de-video-amd-radeon-rx-7600-speedster-swft-210-dual-fan-8gb-gddr6-pcie-4-0-128-bit-gama-media\/#breadcrumb"},"inLanguage":"es-MX","potentialAction":[{"@type":"ReadAction","target":["https:\/\/compuviper.mx\/tienda\/producto\/xfx-rx-76pswftfy-tarjeta-de-video-amd-radeon-rx-7600-speedster-swft-210-dual-fan-8gb-gddr6-pcie-4-0-128-bit-gama-media\/"]}]},{"@type":"BreadcrumbList","@id":"https:\/\/compuviper.mx\/tienda\/producto\/xfx-rx-76pswftfy-tarjeta-de-video-amd-radeon-rx-7600-speedster-swft-210-dual-fan-8gb-gddr6-pcie-4-0-128-bit-gama-media\/#breadcrumb","itemListElement":[{"@type":"ListItem","position":1,"name":"Inicio","item":"https:\/\/compuviper.mx\/tienda\/"},{"@type":"ListItem","position":2,"name":"Productos","item":"https:\/\/compuviper.mx\/tienda\/productos\/"},{"@type":"ListItem","position":3,"name":"Video","item":"https:\/\/compuviper.mx\/tienda\/categoria-producto\/video\/"},{"@type":"ListItem","position":4,"name":"Sin Categor\u00eda","item":"https:\/\/compuviper.mx\/tienda\/categoria-producto\/video\/sin-categoria-video\/"},{"@type":"ListItem","position":5,"name":"Xfx Rx-76pswftfy Tarjeta De Video Amd Radeon Rx 7600 Speedster Swft 210 Dual Fan \/ 8gb\/ Gddr6\/ Pcie 4.0\/128 Bit\/gama Media"}]},{"@type":"WebSite","@id":"https:\/\/compuviper.mx\/tienda\/#website","url":"https:\/\/compuviper.mx\/tienda\/","name":"Compuviper","description":"Proveedor de Computadoras, Laptops, Servidores, Monitores, Puntos de Venta, Teclados,   Impresoras, T\u00f3ner, C\u00e1maras de Seguridad y m\u00e1s en tu tienda en l\u00ednea","publisher":{"@id":"https:\/\/compuviper.mx\/tienda\/#organization"},"potentialAction":[{"@type":"SearchAction","target":{"@type":"EntryPoint","urlTemplate":"https:\/\/compuviper.mx\/tienda\/?s={search_term_string}"},"query-input":"required name=search_term_string"}],"inLanguage":"es-MX"},{"@type":"Organization","@id":"https:\/\/compuviper.mx\/tienda\/#organization","name":"Compuviper","url":"https:\/\/compuviper.mx\/tienda\/","logo":{"@type":"ImageObject","inLanguage":"es-MX","@id":"https:\/\/compuviper.mx\/tienda\/#\/schema\/logo\/image\/","url":"https:\/\/compuviper.mx\/tienda\/wp-content\/uploads\/2021\/08\/Logo-Compuviper-10.png","contentUrl":"https:\/\/compuviper.mx\/tienda\/wp-content\/uploads\/2021\/08\/Logo-Compuviper-10.png","width":1000,"height":500,"caption":"Compuviper"},"image":{"@id":"https:\/\/compuviper.mx\/tienda\/#\/schema\/logo\/image\/"},"sameAs":["https:\/\/www.facebook.com\/compuviper","https:\/\/www.youtube.com\/channel\/UCf73dERp9Y3cfOq7q8BhLjA?view_as=subscriber"]}]},"product_brand":"Xfx","product_price_amount":"4760","product_price_currency":"MXN","og_availability":"instock","product_availability":"instock","product_retailer_item_id":"RX-76PSWFTFY","product_condition":"new"},"_links":{"self":[{"href":"https:\/\/compuviper.mx\/tienda\/wp-json\/wp\/v2\/product\/268576"}],"collection":[{"href":"https:\/\/compuviper.mx\/tienda\/wp-json\/wp\/v2\/product"}],"about":[{"href":"https:\/\/compuviper.mx\/tienda\/wp-json\/wp\/v2\/types\/product"}],"replies":[{"embeddable":true,"href":"https:\/\/compuviper.mx\/tienda\/wp-json\/wp\/v2\/comments?post=268576"}],"wp:featuredmedia":[{"embeddable":true,"href":"https:\/\/compuviper.mx\/tienda\/wp-json\/wp\/v2\/media\/268577"}],"wp:attachment":[{"href":"https:\/\/compuviper.mx\/tienda\/wp-json\/wp\/v2\/media?parent=268576"}],"wp:term":[{"taxonomy":"product_cat","embeddable":true,"href":"https:\/\/compuviper.mx\/tienda\/wp-json\/wp\/v2\/product_cat?post=268576"},{"taxonomy":"product_tag","embeddable":true,"href":"https:\/\/compuviper.mx\/tienda\/wp-json\/wp\/v2\/product_tag?post=268576"}],"curies":[{"name":"wp","href":"https:\/\/api.w.org\/{rel}","templated":true}]}}