{"id":268575,"date":"2026-04-17T02:01:52","date_gmt":"2026-04-17T08:01:52","guid":{"rendered":"https:\/\/compuviper.mx\/tienda\/producto\/qnap-es2486dc-2142it-128g-es-una-solucin-de-almacenamiento-empresarial-all-flash-diseada-para-garantizar-mxima-disponibilidad-rendimiento-y-seguridad-de-la-informacin\/"},"modified":"2026-04-17T02:01:53","modified_gmt":"2026-04-17T08:01:53","slug":"qnap-es2486dc-2142it-128g-es-una-solucin-de-almacenamiento-empresarial-all-flash-diseada-para-garantizar-mxima-disponibilidad-rendimiento-y-seguridad-de-la-informacin","status":"publish","type":"product","link":"https:\/\/compuviper.mx\/tienda\/producto\/qnap-es2486dc-2142it-128g-es-una-solucin-de-almacenamiento-empresarial-all-flash-diseada-para-garantizar-mxima-disponibilidad-rendimiento-y-seguridad-de-la-informacin\/","title":{"rendered":"Qnap Es2486dc-2142it-128g  Es Una Soluci?n De Almacenamiento Empresarial All-flash Dise?ada Para Garantizar M?xima Disponibilidad, Rendimiento Y Seguridad De La Informaci?n."},"content":{"rendered":"<table class=\"descripcion\">\n<tr>\n<td>Sistema\/disco, grupo de almacenamiento alcanzando el valor umbral, el sistema realizando toma de control, fuente de alimentaci\u00f3n desconectada<\/td>\n<\/tr>\n<tr>\n<td>Pantalla de estado lcd (n\u00famero de dos d\u00edgitos): estado de la conexi\u00f3n jbod<\/td>\n<\/tr>\n<tr>\n<td>Botones encendido, reinicio<\/td>\n<\/tr>\n<tr>\n<td>Dimensiones (alxanxp) 88.3 \u00d7 446.2 \u00d7 504.1 mm<\/td>\n<\/tr>\n<tr>\n<td>Peso (neto) 23.4 kg<\/td>\n<\/tr>\n<tr>\n<td>Peso (bruto) 27.4 kg<\/td>\n<\/tr>\n<tr>\n<td>Temperatura de operaci\u00f3n 0 &#8211; 40 \u00b0c (32 \u00b0f &#8211; 104 \u00b0f)<\/td>\n<\/tr>\n<tr>\n<td>Temperatura de almacenamiento -20 &#8211; 70\u00b0c (-4\u00b0f &#8211; 158\u00b0f)<\/td>\n<\/tr>\n<tr>\n<td>Humedad relativa 5 ~ 95 % de humedad relativa sin condensaci\u00f3n, bulbo h\u00famedo: 27  and #730;c (80,6  and #730;f)<\/td>\n<\/tr>\n<tr>\n<td>Unidad de fuente de poder fuente de alimentaci\u00f3n redundante\/intercambiable en caliente vin:90~264vac;700w<\/td>\n<\/tr>\n<tr>\n<td>Consumo de energ\u00eda: modo de operaci\u00f3n, t\u00edpico 579.59 w<\/td>\n<\/tr>\n<tr>\n<td>Probado con unidades totalmente llenas.<\/td>\n<\/tr>\n<tr>\n<td>Ventilador m\u00f3dulo de ventilador de intercambio en caliente (60 x 60 x 38 mm; 16000 r.p.m.\/12 v \/ 2,8 a x 3)<\/td>\n<\/tr>\n<tr>\n<td>Advertencia del sistema timbre<\/td>\n<\/tr>\n<tr>\n<td>Garant\u00eda est\u00e1ndar 5<\/td>\n<\/tr>\n<tr>\n<td>N\u00famero m\u00e1ximo de conexiones simult\u00e1neas (cifs) &#8211; con memoria m\u00e1xima 10000<\/td>\n<\/tr>\n<tr>\n<td>Norma de seguridad clase fcc a (solo ee. uu.)<\/td>\n<\/tr>\n<tr>\n<td>Marca ce (en55022 clase a, en55024)<\/td>\n<\/tr>\n<tr>\n<td>En60950<\/td>\n<\/tr>\n<tr>\n<td>Bsmi<\/td>\n<\/tr>\n<tr>\n<td>Vcci<\/td>\n<\/tr>\n<tr>\n<td>Cb<\/td>\n<\/tr>\n<tr>\n<td>Lvd<\/td>\n<\/tr>\n<\/table>\n","protected":false},"excerpt":{"rendered":"<p>El qnap es2486dc-2142it-128g es un nas empresarial de alto rendimiento tipo rack (3u) dise\u00f1ado para entornos cr\u00edticos. Integra doble controlador activo-activo para alta disponibilidad (ha), impulsado por procesadores intel\u00ae xeon\u00ae d-2142it de 8 n\u00facleos y 128 gb de memoria ddr4 ecc (64 gb por controlador). Cuenta con 24 bah\u00edas de 2.5\u0094 sas 12gb\/s, optimizadas para arreglos all-flash (ssd), ofreciendo alto rendimiento de iops y baja latencia. Incorpora conectividad avanzada con puertos 10gbe sfp+ y 1gbe, adem\u00e1s de soporte para expansi\u00f3n mediante pcie. Opera con el sistema qes basado en zfs, que permite deduplicaci\u00f3n, compresi\u00f3n en l\u00ednea, snapshots ilimitados y protecci\u00f3n avanzada de datos, ideal para virtualizaci\u00f3n, bases de datos y centros de datos.<\/p>\n","protected":false},"featured_media":0,"comment_status":"open","ping_status":"open","template":"","meta":[],"product_cat":[1803,1804],"product_tag":[2110],"acf":[],"yoast_head":"<!-- This site is optimized with the Yoast SEO plugin v21.7 - https:\/\/yoast.com\/wordpress\/plugins\/seo\/ -->\n<title>[ Qnap ] &#129351; Es2486dc-2142it-128g Es Una Soluci\u00f3n De Almacenamiento Empresarial All-flash Dise\u00f1ada Para Garantizar M\u00e1xima Disponibilidad, Rendimiento Y Seguridad De La Informaci\u00f3n.<\/title>\n<meta name=\"description\" content=\"Compra Es2486dc-2142it-128g Es Una Soluci\u00f3n De Almacenamiento Empresarial All-flash Dise\u00f1ada Para Garantizar M\u00e1xima Disponibilidad, Rendimiento Y Seguridad De La Informaci\u00f3n. + Env\u00edo a domicilio + Pago seguro + Garant\u00eda\" \/>\n<meta name=\"robots\" content=\"index, follow, max-snippet:-1, max-image-preview:large, max-video-preview:-1\" \/>\n<link rel=\"canonical\" href=\"https:\/\/compuviper.mx\/tienda\/producto\/qnap-es2486dc-2142it-128g-es-una-solucin-de-almacenamiento-empresarial-all-flash-diseada-para-garantizar-mxima-disponibilidad-rendimiento-y-seguridad-de-la-informacin\/\" \/>\n<meta property=\"og:locale\" content=\"es_MX\" \/>\n<meta property=\"og:type\" content=\"article\" \/>\n<meta property=\"og:title\" content=\"[ Qnap ] &#129351; Es2486dc-2142it-128g Es Una Soluci\u00f3n De Almacenamiento Empresarial All-flash Dise\u00f1ada Para Garantizar M\u00e1xima Disponibilidad, Rendimiento Y Seguridad De La Informaci\u00f3n.\" \/>\n<meta property=\"og:description\" content=\"Compra Es2486dc-2142it-128g Es Una Soluci\u00f3n De Almacenamiento Empresarial All-flash Dise\u00f1ada Para Garantizar M\u00e1xima Disponibilidad, Rendimiento Y Seguridad De La Informaci\u00f3n. + Env\u00edo a domicilio + Pago seguro + Garant\u00eda\" \/>\n<meta property=\"og:url\" content=\"https:\/\/compuviper.mx\/tienda\/producto\/qnap-es2486dc-2142it-128g-es-una-solucin-de-almacenamiento-empresarial-all-flash-diseada-para-garantizar-mxima-disponibilidad-rendimiento-y-seguridad-de-la-informacin\/\" \/>\n<meta property=\"og:site_name\" content=\"Compuviper\" \/>\n<meta property=\"article:publisher\" content=\"https:\/\/www.facebook.com\/compuviper\" \/>\n<meta property=\"article:modified_time\" content=\"2026-04-17T08:01:53+00:00\" \/>\n<meta name=\"twitter:card\" content=\"summary_large_image\" \/>\n<meta name=\"twitter:label1\" content=\"Precio\" \/>\n\t<meta name=\"twitter:data1\" content=\"&#36;344,675 con IVA\" \/>\n\t<meta name=\"twitter:label2\" content=\"Availability\" \/>\n\t<meta name=\"twitter:data2\" content=\"On backorder\" \/>\n<script type=\"application\/ld+json\" class=\"yoast-schema-graph\">{\"@context\":\"https:\/\/schema.org\",\"@graph\":[{\"@type\":\"WebPage\",\"@id\":\"https:\/\/compuviper.mx\/tienda\/producto\/qnap-es2486dc-2142it-128g-es-una-solucin-de-almacenamiento-empresarial-all-flash-diseada-para-garantizar-mxima-disponibilidad-rendimiento-y-seguridad-de-la-informacin\/\",\"url\":\"https:\/\/compuviper.mx\/tienda\/producto\/qnap-es2486dc-2142it-128g-es-una-solucin-de-almacenamiento-empresarial-all-flash-diseada-para-garantizar-mxima-disponibilidad-rendimiento-y-seguridad-de-la-informacin\/\",\"name\":\"[ Qnap ] &#129351; Es2486dc-2142it-128g Es Una Soluci\u00f3n De Almacenamiento Empresarial All-flash Dise\u00f1ada Para Garantizar M\u00e1xima Disponibilidad, Rendimiento Y Seguridad De La Informaci\u00f3n.\",\"isPartOf\":{\"@id\":\"https:\/\/compuviper.mx\/tienda\/#website\"},\"datePublished\":\"2026-04-17T08:01:52+00:00\",\"dateModified\":\"2026-04-17T08:01:53+00:00\",\"description\":\"Compra Es2486dc-2142it-128g Es Una Soluci\u00f3n De Almacenamiento Empresarial All-flash Dise\u00f1ada Para Garantizar M\u00e1xima Disponibilidad, Rendimiento Y Seguridad De La Informaci\u00f3n. + Env\u00edo a domicilio + Pago seguro + Garant\u00eda\",\"breadcrumb\":{\"@id\":\"https:\/\/compuviper.mx\/tienda\/producto\/qnap-es2486dc-2142it-128g-es-una-solucin-de-almacenamiento-empresarial-all-flash-diseada-para-garantizar-mxima-disponibilidad-rendimiento-y-seguridad-de-la-informacin\/#breadcrumb\"},\"inLanguage\":\"es-MX\",\"potentialAction\":[{\"@type\":\"ReadAction\",\"target\":[\"https:\/\/compuviper.mx\/tienda\/producto\/qnap-es2486dc-2142it-128g-es-una-solucin-de-almacenamiento-empresarial-all-flash-diseada-para-garantizar-mxima-disponibilidad-rendimiento-y-seguridad-de-la-informacin\/\"]}]},{\"@type\":\"BreadcrumbList\",\"@id\":\"https:\/\/compuviper.mx\/tienda\/producto\/qnap-es2486dc-2142it-128g-es-una-solucin-de-almacenamiento-empresarial-all-flash-diseada-para-garantizar-mxima-disponibilidad-rendimiento-y-seguridad-de-la-informacin\/#breadcrumb\",\"itemListElement\":[{\"@type\":\"ListItem\",\"position\":1,\"name\":\"Inicio\",\"item\":\"https:\/\/compuviper.mx\/tienda\/\"},{\"@type\":\"ListItem\",\"position\":2,\"name\":\"Productos\",\"item\":\"https:\/\/compuviper.mx\/tienda\/productos\/\"},{\"@type\":\"ListItem\",\"position\":3,\"name\":\"Almacenamiento\",\"item\":\"https:\/\/compuviper.mx\/tienda\/categoria-producto\/almacenamiento\/\"},{\"@type\":\"ListItem\",\"position\":4,\"name\":\"Sistema De Almacenamiento\",\"item\":\"https:\/\/compuviper.mx\/tienda\/categoria-producto\/almacenamiento\/sistema-de-almacenamiento\/\"},{\"@type\":\"ListItem\",\"position\":5,\"name\":\"Qnap Es2486dc-2142it-128g Es Una Soluci?n De Almacenamiento Empresarial All-flash Dise?ada Para Garantizar M?xima Disponibilidad, Rendimiento Y Seguridad De La Informaci?n.\"}]},{\"@type\":\"WebSite\",\"@id\":\"https:\/\/compuviper.mx\/tienda\/#website\",\"url\":\"https:\/\/compuviper.mx\/tienda\/\",\"name\":\"Compuviper\",\"description\":\"Proveedor de Computadoras, Laptops, Servidores, Monitores, Puntos de Venta, Teclados,   Impresoras, T\u00f3ner, C\u00e1maras de Seguridad y m\u00e1s en tu tienda en l\u00ednea\",\"publisher\":{\"@id\":\"https:\/\/compuviper.mx\/tienda\/#organization\"},\"potentialAction\":[{\"@type\":\"SearchAction\",\"target\":{\"@type\":\"EntryPoint\",\"urlTemplate\":\"https:\/\/compuviper.mx\/tienda\/?s={search_term_string}\"},\"query-input\":\"required name=search_term_string\"}],\"inLanguage\":\"es-MX\"},{\"@type\":\"Organization\",\"@id\":\"https:\/\/compuviper.mx\/tienda\/#organization\",\"name\":\"Compuviper\",\"url\":\"https:\/\/compuviper.mx\/tienda\/\",\"logo\":{\"@type\":\"ImageObject\",\"inLanguage\":\"es-MX\",\"@id\":\"https:\/\/compuviper.mx\/tienda\/#\/schema\/logo\/image\/\",\"url\":\"https:\/\/compuviper.mx\/tienda\/wp-content\/uploads\/2021\/08\/Logo-Compuviper-10.png\",\"contentUrl\":\"https:\/\/compuviper.mx\/tienda\/wp-content\/uploads\/2021\/08\/Logo-Compuviper-10.png\",\"width\":1000,\"height\":500,\"caption\":\"Compuviper\"},\"image\":{\"@id\":\"https:\/\/compuviper.mx\/tienda\/#\/schema\/logo\/image\/\"},\"sameAs\":[\"https:\/\/www.facebook.com\/compuviper\",\"https:\/\/www.youtube.com\/channel\/UCf73dERp9Y3cfOq7q8BhLjA?view_as=subscriber\"]}]}<\/script>\n<meta property=\"product:brand\" content=\"Qnap\" \/>\n<meta property=\"product:price:amount\" content=\"344675\" \/>\n<meta property=\"product:price:currency\" content=\"MXN\" \/>\n<meta property=\"og:availability\" content=\"backorder\" \/>\n<meta property=\"product:availability\" content=\"available for order\" \/>\n<meta property=\"product:retailer_item_id\" content=\"ES2486DC-2142IT-128G\" \/>\n<meta property=\"product:condition\" content=\"new\" \/>\n<!-- \/ Yoast SEO plugin. -->","yoast_head_json":{"title":"[ Qnap ] &#129351; Es2486dc-2142it-128g Es Una Soluci\u00f3n De Almacenamiento Empresarial All-flash Dise\u00f1ada Para Garantizar M\u00e1xima Disponibilidad, Rendimiento Y Seguridad De La Informaci\u00f3n.","description":"Compra Es2486dc-2142it-128g Es Una Soluci\u00f3n De Almacenamiento Empresarial All-flash Dise\u00f1ada Para Garantizar M\u00e1xima Disponibilidad, Rendimiento Y Seguridad De La Informaci\u00f3n. + Env\u00edo a domicilio + Pago seguro + Garant\u00eda","robots":{"index":"index","follow":"follow","max-snippet":"max-snippet:-1","max-image-preview":"max-image-preview:large","max-video-preview":"max-video-preview:-1"},"canonical":"https:\/\/compuviper.mx\/tienda\/producto\/qnap-es2486dc-2142it-128g-es-una-solucin-de-almacenamiento-empresarial-all-flash-diseada-para-garantizar-mxima-disponibilidad-rendimiento-y-seguridad-de-la-informacin\/","og_locale":"es_MX","og_type":"article","og_title":"[ Qnap ] &#129351; Es2486dc-2142it-128g Es Una Soluci\u00f3n De Almacenamiento Empresarial All-flash Dise\u00f1ada Para Garantizar M\u00e1xima Disponibilidad, Rendimiento Y Seguridad De La Informaci\u00f3n.","og_description":"Compra Es2486dc-2142it-128g Es Una Soluci\u00f3n De Almacenamiento Empresarial All-flash Dise\u00f1ada Para Garantizar M\u00e1xima Disponibilidad, Rendimiento Y Seguridad De La Informaci\u00f3n. + Env\u00edo a domicilio + Pago seguro + Garant\u00eda","og_url":"https:\/\/compuviper.mx\/tienda\/producto\/qnap-es2486dc-2142it-128g-es-una-solucin-de-almacenamiento-empresarial-all-flash-diseada-para-garantizar-mxima-disponibilidad-rendimiento-y-seguridad-de-la-informacin\/","og_site_name":"Compuviper","article_publisher":"https:\/\/www.facebook.com\/compuviper","article_modified_time":"2026-04-17T08:01:53+00:00","twitter_card":"summary_large_image","twitter_misc":{"Precio":"&#36;344,675 con IVA","Availability":"On backorder"},"schema":{"@context":"https:\/\/schema.org","@graph":[{"@type":"WebPage","@id":"https:\/\/compuviper.mx\/tienda\/producto\/qnap-es2486dc-2142it-128g-es-una-solucin-de-almacenamiento-empresarial-all-flash-diseada-para-garantizar-mxima-disponibilidad-rendimiento-y-seguridad-de-la-informacin\/","url":"https:\/\/compuviper.mx\/tienda\/producto\/qnap-es2486dc-2142it-128g-es-una-solucin-de-almacenamiento-empresarial-all-flash-diseada-para-garantizar-mxima-disponibilidad-rendimiento-y-seguridad-de-la-informacin\/","name":"[ Qnap ] &#129351; Es2486dc-2142it-128g Es Una Soluci\u00f3n De Almacenamiento Empresarial All-flash Dise\u00f1ada Para Garantizar M\u00e1xima Disponibilidad, Rendimiento Y Seguridad De La Informaci\u00f3n.","isPartOf":{"@id":"https:\/\/compuviper.mx\/tienda\/#website"},"datePublished":"2026-04-17T08:01:52+00:00","dateModified":"2026-04-17T08:01:53+00:00","description":"Compra Es2486dc-2142it-128g Es Una Soluci\u00f3n De Almacenamiento Empresarial All-flash Dise\u00f1ada Para Garantizar M\u00e1xima Disponibilidad, Rendimiento Y Seguridad De La Informaci\u00f3n. + Env\u00edo a domicilio + Pago seguro + Garant\u00eda","breadcrumb":{"@id":"https:\/\/compuviper.mx\/tienda\/producto\/qnap-es2486dc-2142it-128g-es-una-solucin-de-almacenamiento-empresarial-all-flash-diseada-para-garantizar-mxima-disponibilidad-rendimiento-y-seguridad-de-la-informacin\/#breadcrumb"},"inLanguage":"es-MX","potentialAction":[{"@type":"ReadAction","target":["https:\/\/compuviper.mx\/tienda\/producto\/qnap-es2486dc-2142it-128g-es-una-solucin-de-almacenamiento-empresarial-all-flash-diseada-para-garantizar-mxima-disponibilidad-rendimiento-y-seguridad-de-la-informacin\/"]}]},{"@type":"BreadcrumbList","@id":"https:\/\/compuviper.mx\/tienda\/producto\/qnap-es2486dc-2142it-128g-es-una-solucin-de-almacenamiento-empresarial-all-flash-diseada-para-garantizar-mxima-disponibilidad-rendimiento-y-seguridad-de-la-informacin\/#breadcrumb","itemListElement":[{"@type":"ListItem","position":1,"name":"Inicio","item":"https:\/\/compuviper.mx\/tienda\/"},{"@type":"ListItem","position":2,"name":"Productos","item":"https:\/\/compuviper.mx\/tienda\/productos\/"},{"@type":"ListItem","position":3,"name":"Almacenamiento","item":"https:\/\/compuviper.mx\/tienda\/categoria-producto\/almacenamiento\/"},{"@type":"ListItem","position":4,"name":"Sistema De Almacenamiento","item":"https:\/\/compuviper.mx\/tienda\/categoria-producto\/almacenamiento\/sistema-de-almacenamiento\/"},{"@type":"ListItem","position":5,"name":"Qnap Es2486dc-2142it-128g Es Una Soluci?n De Almacenamiento Empresarial All-flash Dise?ada Para Garantizar M?xima Disponibilidad, Rendimiento Y Seguridad De La Informaci?n."}]},{"@type":"WebSite","@id":"https:\/\/compuviper.mx\/tienda\/#website","url":"https:\/\/compuviper.mx\/tienda\/","name":"Compuviper","description":"Proveedor de Computadoras, Laptops, Servidores, Monitores, Puntos de Venta, Teclados,   Impresoras, T\u00f3ner, C\u00e1maras de Seguridad y m\u00e1s en tu tienda en l\u00ednea","publisher":{"@id":"https:\/\/compuviper.mx\/tienda\/#organization"},"potentialAction":[{"@type":"SearchAction","target":{"@type":"EntryPoint","urlTemplate":"https:\/\/compuviper.mx\/tienda\/?s={search_term_string}"},"query-input":"required name=search_term_string"}],"inLanguage":"es-MX"},{"@type":"Organization","@id":"https:\/\/compuviper.mx\/tienda\/#organization","name":"Compuviper","url":"https:\/\/compuviper.mx\/tienda\/","logo":{"@type":"ImageObject","inLanguage":"es-MX","@id":"https:\/\/compuviper.mx\/tienda\/#\/schema\/logo\/image\/","url":"https:\/\/compuviper.mx\/tienda\/wp-content\/uploads\/2021\/08\/Logo-Compuviper-10.png","contentUrl":"https:\/\/compuviper.mx\/tienda\/wp-content\/uploads\/2021\/08\/Logo-Compuviper-10.png","width":1000,"height":500,"caption":"Compuviper"},"image":{"@id":"https:\/\/compuviper.mx\/tienda\/#\/schema\/logo\/image\/"},"sameAs":["https:\/\/www.facebook.com\/compuviper","https:\/\/www.youtube.com\/channel\/UCf73dERp9Y3cfOq7q8BhLjA?view_as=subscriber"]}]},"product_brand":"Qnap","product_price_amount":"344675","product_price_currency":"MXN","og_availability":"backorder","product_availability":"available for order","product_retailer_item_id":"ES2486DC-2142IT-128G","product_condition":"new"},"_links":{"self":[{"href":"https:\/\/compuviper.mx\/tienda\/wp-json\/wp\/v2\/product\/268575"}],"collection":[{"href":"https:\/\/compuviper.mx\/tienda\/wp-json\/wp\/v2\/product"}],"about":[{"href":"https:\/\/compuviper.mx\/tienda\/wp-json\/wp\/v2\/types\/product"}],"replies":[{"embeddable":true,"href":"https:\/\/compuviper.mx\/tienda\/wp-json\/wp\/v2\/comments?post=268575"}],"wp:attachment":[{"href":"https:\/\/compuviper.mx\/tienda\/wp-json\/wp\/v2\/media?parent=268575"}],"wp:term":[{"taxonomy":"product_cat","embeddable":true,"href":"https:\/\/compuviper.mx\/tienda\/wp-json\/wp\/v2\/product_cat?post=268575"},{"taxonomy":"product_tag","embeddable":true,"href":"https:\/\/compuviper.mx\/tienda\/wp-json\/wp\/v2\/product_tag?post=268575"}],"curies":[{"name":"wp","href":"https:\/\/api.w.org\/{rel}","templated":true}]}}