{"id":268565,"date":"2026-04-16T01:52:07","date_gmt":"2026-04-16T07:52:07","guid":{"rendered":"https:\/\/compuviper.mx\/tienda\/producto\/sandisk-sdsdqas4-032g-bp-memoria-video-sc-qd111-micro-sdhc-32gb-videovigilancia-24-7-clase-10-u1-lect-100mb-s-esc-20mb-s\/"},"modified":"2026-04-16T01:52:07","modified_gmt":"2026-04-16T07:52:07","slug":"sandisk-sdsdqas4-032g-bp-memoria-video-sc-qd111-micro-sdhc-32gb-videovigilancia-24-7-clase-10-u1-lect-100mb-s-esc-20mb-s","status":"publish","type":"product","link":"https:\/\/compuviper.mx\/tienda\/producto\/sandisk-sdsdqas4-032g-bp-memoria-video-sc-qd111-micro-sdhc-32gb-videovigilancia-24-7-clase-10-u1-lect-100mb-s-esc-20mb-s\/","title":{"rendered":"Sandisk Sdsdqas4-032g-bp Memoria  Video Sc Qd111 Micro Sdhc 32gb Videovigilancia 24\/7 Clase 10 U1 Lect 100mb\/s Esc 20mb\/s"},"content":{"rendered":"<table class=\"descripcion\">\n<tr>\n<td>Capacidad  32gb<\/td>\n<\/tr>\n<tr>\n<td>Formato  microsdhc<\/td>\n<\/tr>\n<tr>\n<td>Rendimiento de lectura secuencial  up to 100mb\/s<\/td>\n<\/tr>\n<tr>\n<td>Rendimiento de escritura secuencial  up to 20mb\/s<\/td>\n<\/tr>\n<tr>\n<td>Interfaz  sda 6.0  uhs-i<\/td>\n<\/tr>\n<tr>\n<td>Garantia limitada de 3 a\u00f1os<\/td>\n<\/tr>\n<tr>\n<td>Resistencia (tbw)  up to 32 tbw<\/td>\n<\/tr>\n<tr>\n<td>Numero de modelo  sdsdqas4-032g<\/td>\n<\/tr>\n<tr>\n<td>Temp. operativa  -25\u00b0c to 85\u00b0c<\/td>\n<\/tr>\n<tr>\n<td>Caracteristicas del producto :<\/td>\n<\/tr>\n<tr>\n<td>\u0095optimizada para aplicaciones de video que operan hasta de forma ininterrumpida<\/td>\n<\/tr>\n<tr>\n<td>\u0095dise\u00f1ada con ultraresistencia para un funcionamiento continuo<\/td>\n<\/tr>\n<tr>\n<td>\u0095impermeable, resistente a la humedad y soporta temperaturas entre -25 \u00b0c y 85 \u00b0c<\/td>\n<\/tr>\n<tr>\n<td>\u0095tecnologia 3d nand avanzada de 112 capas qlc<\/td>\n<\/tr>\n<tr>\n<td>Compatibilidad :<\/td>\n<\/tr>\n<tr>\n<td>\u0095ranuras microsd compatibles con sda 6.0<\/td>\n<\/tr>\n<\/table>\n","protected":false},"excerpt":{"rendered":"<p>Captura de datos mas alla de lo visible. La tarjeta microsd sandisk video vd qd131 esta dise\u00f1ada de forma especifica para las aplicaciones de video. La tarjeta utiliza la tecnologia avanzada 3d nand de 112 capas qlc, por lo que ofrece una combinacion rentable de resistencia, alto rendimiento y un amplio rango de capacidad hasta 1,5 tb. Ademas, su soporte de funcionalidad de supervision del estado de la tarjeta posibilita la gestion preventiva del almacenamiento en los sistemas que son compatibles. Dado el rapido crecimiento del mercado de las grabaciones de video de las camaras de seguridad y las camaras de tablero y la creciente adopcion de video 4k, esta tarjeta ofrece la combinacion adecuada de durabilidad y capacidad para soportar las grandes cargas de trabajo de grabacion. Puedes confiar en las tarjetas microsd sandisk video para obtener el almacenamiento microsd ideal para los dispositivos de video. Es sandisk video. Dise\u00f1ada para video. Sandisk, una marca lider en el mercado, te garantiza que esta tarjeta esta dise\u00f1ada con la solidez, el rendimiento y las caracteristicas adecuadas para camaras de video y dispositivos perifericos. Deposite toda su confianza en las camaras. Resistencia extrema. Las tarjetas microsd sandisk video vd estan dise\u00f1adas para uso ininterrumpido en sistemas de grabacion, lo que permite reducir la frecuencia con la que se deben sustituir las tarjetas desgastadas. Mantenimiento inteligente del almacenamiento. Supervision del estado de la tarjeta. En camaras compatibles, la capacidad de supervision del estado de la tarjeta te permite estar al tanto del estado de tu tarjeta microsd sandisk video, para que puedas efectuar una gestion preventiva del almacenamiento. Conservacion solida de datos. Actualizacion de lectura automatica. Asegura que no se pierdan los datos en la tarjeta sandisk video debido a problemas de retencion de datos mientras se encuentra encendida. Almacenamiento solido, en interiores o exteriores. Soporta temperaturas entre -25 \u00b0c y 85 \u00b0c; resistente a la humedad. Ten la tranquilidad de que esta tarjeta esta dise\u00f1ada para un funcionamiento continuo en condiciones meteorologicas extremas y en una diversidad de climas. Captura continua, por horas o dias. Con capacidades hasta 1,5 tb las tarjetas microsd sandisk video estan dise\u00f1adas con tecnologia avanzada 3d nand de 112 capas qlc, lo que asegura alto rendimiento, confiabilidad y resistencia. Sandisk ofrece un amplio rango de capacidades para distintas camaras, resoluciones e implementaciones de grabacion, tanto para las grabaciones de activacion por movimiento como para las grabaciones continuas.<\/p>\n","protected":false},"featured_media":0,"comment_status":"open","ping_status":"open","template":"","meta":[],"product_cat":[1795,1793],"product_tag":[1709],"acf":[],"yoast_head":"<!-- This site is optimized with the Yoast SEO plugin v21.7 - https:\/\/yoast.com\/wordpress\/plugins\/seo\/ -->\n<title>[ Sandisk ] &#129351; Sdsdqas4-032g-bp Memoria Video Sc Qd111 Micro Sdhc 32gb Videovigilancia 24\/7 Clase 10 U1 Lect 100mb\/s Esc 20mb\/s<\/title>\n<meta name=\"description\" content=\"Compra Sdsdqas4-032g-bp Memoria Video Sc Qd111 Micro Sdhc 32gb Videovigilancia 24\/7 Clase 10 U1 Lect 100mb\/s Esc 20mb\/s + Env\u00edo a domicilio + Pago seguro + Garant\u00eda\" \/>\n<meta name=\"robots\" content=\"index, follow, max-snippet:-1, max-image-preview:large, max-video-preview:-1\" \/>\n<link rel=\"canonical\" href=\"https:\/\/compuviper.mx\/tienda\/producto\/sandisk-sdsdqas4-032g-bp-memoria-video-sc-qd111-micro-sdhc-32gb-videovigilancia-24-7-clase-10-u1-lect-100mb-s-esc-20mb-s\/\" \/>\n<meta property=\"og:locale\" content=\"es_MX\" \/>\n<meta property=\"og:type\" content=\"article\" \/>\n<meta property=\"og:title\" content=\"[ Sandisk ] &#129351; Sdsdqas4-032g-bp Memoria Video Sc Qd111 Micro Sdhc 32gb Videovigilancia 24\/7 Clase 10 U1 Lect 100mb\/s Esc 20mb\/s\" \/>\n<meta property=\"og:description\" content=\"Compra Sdsdqas4-032g-bp Memoria Video Sc Qd111 Micro Sdhc 32gb Videovigilancia 24\/7 Clase 10 U1 Lect 100mb\/s Esc 20mb\/s + Env\u00edo a domicilio + Pago seguro + Garant\u00eda\" \/>\n<meta property=\"og:url\" content=\"https:\/\/compuviper.mx\/tienda\/producto\/sandisk-sdsdqas4-032g-bp-memoria-video-sc-qd111-micro-sdhc-32gb-videovigilancia-24-7-clase-10-u1-lect-100mb-s-esc-20mb-s\/\" \/>\n<meta property=\"og:site_name\" content=\"Compuviper\" \/>\n<meta property=\"article:publisher\" content=\"https:\/\/www.facebook.com\/compuviper\" \/>\n<meta name=\"twitter:card\" content=\"summary_large_image\" \/>\n<meta name=\"twitter:label1\" content=\"Precio\" \/>\n\t<meta name=\"twitter:data1\" content=\"&#36;186 con IVA\" \/>\n\t<meta name=\"twitter:label2\" content=\"Availability\" \/>\n\t<meta name=\"twitter:data2\" content=\"In stock\" \/>\n<script type=\"application\/ld+json\" class=\"yoast-schema-graph\">{\"@context\":\"https:\/\/schema.org\",\"@graph\":[{\"@type\":\"WebPage\",\"@id\":\"https:\/\/compuviper.mx\/tienda\/producto\/sandisk-sdsdqas4-032g-bp-memoria-video-sc-qd111-micro-sdhc-32gb-videovigilancia-24-7-clase-10-u1-lect-100mb-s-esc-20mb-s\/\",\"url\":\"https:\/\/compuviper.mx\/tienda\/producto\/sandisk-sdsdqas4-032g-bp-memoria-video-sc-qd111-micro-sdhc-32gb-videovigilancia-24-7-clase-10-u1-lect-100mb-s-esc-20mb-s\/\",\"name\":\"[ Sandisk ] &#129351; Sdsdqas4-032g-bp Memoria Video Sc Qd111 Micro Sdhc 32gb Videovigilancia 24\/7 Clase 10 U1 Lect 100mb\/s Esc 20mb\/s\",\"isPartOf\":{\"@id\":\"https:\/\/compuviper.mx\/tienda\/#website\"},\"datePublished\":\"2026-04-16T07:52:07+00:00\",\"dateModified\":\"2026-04-16T07:52:07+00:00\",\"description\":\"Compra Sdsdqas4-032g-bp Memoria Video Sc Qd111 Micro Sdhc 32gb Videovigilancia 24\/7 Clase 10 U1 Lect 100mb\/s Esc 20mb\/s + Env\u00edo a domicilio + Pago seguro + Garant\u00eda\",\"breadcrumb\":{\"@id\":\"https:\/\/compuviper.mx\/tienda\/producto\/sandisk-sdsdqas4-032g-bp-memoria-video-sc-qd111-micro-sdhc-32gb-videovigilancia-24-7-clase-10-u1-lect-100mb-s-esc-20mb-s\/#breadcrumb\"},\"inLanguage\":\"es-MX\",\"potentialAction\":[{\"@type\":\"ReadAction\",\"target\":[\"https:\/\/compuviper.mx\/tienda\/producto\/sandisk-sdsdqas4-032g-bp-memoria-video-sc-qd111-micro-sdhc-32gb-videovigilancia-24-7-clase-10-u1-lect-100mb-s-esc-20mb-s\/\"]}]},{\"@type\":\"BreadcrumbList\",\"@id\":\"https:\/\/compuviper.mx\/tienda\/producto\/sandisk-sdsdqas4-032g-bp-memoria-video-sc-qd111-micro-sdhc-32gb-videovigilancia-24-7-clase-10-u1-lect-100mb-s-esc-20mb-s\/#breadcrumb\",\"itemListElement\":[{\"@type\":\"ListItem\",\"position\":1,\"name\":\"Inicio\",\"item\":\"https:\/\/compuviper.mx\/tienda\/\"},{\"@type\":\"ListItem\",\"position\":2,\"name\":\"Productos\",\"item\":\"https:\/\/compuviper.mx\/tienda\/productos\/\"},{\"@type\":\"ListItem\",\"position\":3,\"name\":\"Memorias\",\"item\":\"https:\/\/compuviper.mx\/tienda\/categoria-producto\/memorias\/\"},{\"@type\":\"ListItem\",\"position\":4,\"name\":\"Memoria Flash Card\",\"item\":\"https:\/\/compuviper.mx\/tienda\/categoria-producto\/memorias\/memoria-flash-card\/\"},{\"@type\":\"ListItem\",\"position\":5,\"name\":\"Sandisk Sdsdqas4-032g-bp Memoria Video Sc Qd111 Micro Sdhc 32gb Videovigilancia 24\/7 Clase 10 U1 Lect 100mb\/s Esc 20mb\/s\"}]},{\"@type\":\"WebSite\",\"@id\":\"https:\/\/compuviper.mx\/tienda\/#website\",\"url\":\"https:\/\/compuviper.mx\/tienda\/\",\"name\":\"Compuviper\",\"description\":\"Proveedor de Computadoras, Laptops, Servidores, Monitores, Puntos de Venta, Teclados,   Impresoras, T\u00f3ner, C\u00e1maras de Seguridad y m\u00e1s en tu tienda en l\u00ednea\",\"publisher\":{\"@id\":\"https:\/\/compuviper.mx\/tienda\/#organization\"},\"potentialAction\":[{\"@type\":\"SearchAction\",\"target\":{\"@type\":\"EntryPoint\",\"urlTemplate\":\"https:\/\/compuviper.mx\/tienda\/?s={search_term_string}\"},\"query-input\":\"required name=search_term_string\"}],\"inLanguage\":\"es-MX\"},{\"@type\":\"Organization\",\"@id\":\"https:\/\/compuviper.mx\/tienda\/#organization\",\"name\":\"Compuviper\",\"url\":\"https:\/\/compuviper.mx\/tienda\/\",\"logo\":{\"@type\":\"ImageObject\",\"inLanguage\":\"es-MX\",\"@id\":\"https:\/\/compuviper.mx\/tienda\/#\/schema\/logo\/image\/\",\"url\":\"https:\/\/compuviper.mx\/tienda\/wp-content\/uploads\/2021\/08\/Logo-Compuviper-10.png\",\"contentUrl\":\"https:\/\/compuviper.mx\/tienda\/wp-content\/uploads\/2021\/08\/Logo-Compuviper-10.png\",\"width\":1000,\"height\":500,\"caption\":\"Compuviper\"},\"image\":{\"@id\":\"https:\/\/compuviper.mx\/tienda\/#\/schema\/logo\/image\/\"},\"sameAs\":[\"https:\/\/www.facebook.com\/compuviper\",\"https:\/\/www.youtube.com\/channel\/UCf73dERp9Y3cfOq7q8BhLjA?view_as=subscriber\"]}]}<\/script>\n<meta property=\"product:brand\" content=\"SANDISK\" \/>\n<meta property=\"product:price:amount\" content=\"186\" \/>\n<meta property=\"product:price:currency\" content=\"MXN\" \/>\n<meta property=\"og:availability\" content=\"instock\" \/>\n<meta property=\"product:availability\" content=\"instock\" \/>\n<meta property=\"product:retailer_item_id\" content=\"SDSDQAS4-032G-BP\" \/>\n<meta property=\"product:condition\" content=\"new\" \/>\n<!-- \/ Yoast SEO plugin. -->","yoast_head_json":{"title":"[ Sandisk ] &#129351; Sdsdqas4-032g-bp Memoria Video Sc Qd111 Micro Sdhc 32gb Videovigilancia 24\/7 Clase 10 U1 Lect 100mb\/s Esc 20mb\/s","description":"Compra Sdsdqas4-032g-bp Memoria Video Sc Qd111 Micro Sdhc 32gb Videovigilancia 24\/7 Clase 10 U1 Lect 100mb\/s Esc 20mb\/s + Env\u00edo a domicilio + Pago seguro + Garant\u00eda","robots":{"index":"index","follow":"follow","max-snippet":"max-snippet:-1","max-image-preview":"max-image-preview:large","max-video-preview":"max-video-preview:-1"},"canonical":"https:\/\/compuviper.mx\/tienda\/producto\/sandisk-sdsdqas4-032g-bp-memoria-video-sc-qd111-micro-sdhc-32gb-videovigilancia-24-7-clase-10-u1-lect-100mb-s-esc-20mb-s\/","og_locale":"es_MX","og_type":"article","og_title":"[ Sandisk ] &#129351; Sdsdqas4-032g-bp Memoria Video Sc Qd111 Micro Sdhc 32gb Videovigilancia 24\/7 Clase 10 U1 Lect 100mb\/s Esc 20mb\/s","og_description":"Compra Sdsdqas4-032g-bp Memoria Video Sc Qd111 Micro Sdhc 32gb Videovigilancia 24\/7 Clase 10 U1 Lect 100mb\/s Esc 20mb\/s + Env\u00edo a domicilio + Pago seguro + Garant\u00eda","og_url":"https:\/\/compuviper.mx\/tienda\/producto\/sandisk-sdsdqas4-032g-bp-memoria-video-sc-qd111-micro-sdhc-32gb-videovigilancia-24-7-clase-10-u1-lect-100mb-s-esc-20mb-s\/","og_site_name":"Compuviper","article_publisher":"https:\/\/www.facebook.com\/compuviper","twitter_card":"summary_large_image","twitter_misc":{"Precio":"&#36;186 con IVA","Availability":"In stock"},"schema":{"@context":"https:\/\/schema.org","@graph":[{"@type":"WebPage","@id":"https:\/\/compuviper.mx\/tienda\/producto\/sandisk-sdsdqas4-032g-bp-memoria-video-sc-qd111-micro-sdhc-32gb-videovigilancia-24-7-clase-10-u1-lect-100mb-s-esc-20mb-s\/","url":"https:\/\/compuviper.mx\/tienda\/producto\/sandisk-sdsdqas4-032g-bp-memoria-video-sc-qd111-micro-sdhc-32gb-videovigilancia-24-7-clase-10-u1-lect-100mb-s-esc-20mb-s\/","name":"[ Sandisk ] &#129351; Sdsdqas4-032g-bp Memoria Video Sc Qd111 Micro Sdhc 32gb Videovigilancia 24\/7 Clase 10 U1 Lect 100mb\/s Esc 20mb\/s","isPartOf":{"@id":"https:\/\/compuviper.mx\/tienda\/#website"},"datePublished":"2026-04-16T07:52:07+00:00","dateModified":"2026-04-16T07:52:07+00:00","description":"Compra Sdsdqas4-032g-bp Memoria Video Sc Qd111 Micro Sdhc 32gb Videovigilancia 24\/7 Clase 10 U1 Lect 100mb\/s Esc 20mb\/s + Env\u00edo a domicilio + Pago seguro + Garant\u00eda","breadcrumb":{"@id":"https:\/\/compuviper.mx\/tienda\/producto\/sandisk-sdsdqas4-032g-bp-memoria-video-sc-qd111-micro-sdhc-32gb-videovigilancia-24-7-clase-10-u1-lect-100mb-s-esc-20mb-s\/#breadcrumb"},"inLanguage":"es-MX","potentialAction":[{"@type":"ReadAction","target":["https:\/\/compuviper.mx\/tienda\/producto\/sandisk-sdsdqas4-032g-bp-memoria-video-sc-qd111-micro-sdhc-32gb-videovigilancia-24-7-clase-10-u1-lect-100mb-s-esc-20mb-s\/"]}]},{"@type":"BreadcrumbList","@id":"https:\/\/compuviper.mx\/tienda\/producto\/sandisk-sdsdqas4-032g-bp-memoria-video-sc-qd111-micro-sdhc-32gb-videovigilancia-24-7-clase-10-u1-lect-100mb-s-esc-20mb-s\/#breadcrumb","itemListElement":[{"@type":"ListItem","position":1,"name":"Inicio","item":"https:\/\/compuviper.mx\/tienda\/"},{"@type":"ListItem","position":2,"name":"Productos","item":"https:\/\/compuviper.mx\/tienda\/productos\/"},{"@type":"ListItem","position":3,"name":"Memorias","item":"https:\/\/compuviper.mx\/tienda\/categoria-producto\/memorias\/"},{"@type":"ListItem","position":4,"name":"Memoria Flash Card","item":"https:\/\/compuviper.mx\/tienda\/categoria-producto\/memorias\/memoria-flash-card\/"},{"@type":"ListItem","position":5,"name":"Sandisk Sdsdqas4-032g-bp Memoria Video Sc Qd111 Micro Sdhc 32gb Videovigilancia 24\/7 Clase 10 U1 Lect 100mb\/s Esc 20mb\/s"}]},{"@type":"WebSite","@id":"https:\/\/compuviper.mx\/tienda\/#website","url":"https:\/\/compuviper.mx\/tienda\/","name":"Compuviper","description":"Proveedor de Computadoras, Laptops, Servidores, Monitores, Puntos de Venta, Teclados,   Impresoras, T\u00f3ner, C\u00e1maras de Seguridad y m\u00e1s en tu tienda en l\u00ednea","publisher":{"@id":"https:\/\/compuviper.mx\/tienda\/#organization"},"potentialAction":[{"@type":"SearchAction","target":{"@type":"EntryPoint","urlTemplate":"https:\/\/compuviper.mx\/tienda\/?s={search_term_string}"},"query-input":"required name=search_term_string"}],"inLanguage":"es-MX"},{"@type":"Organization","@id":"https:\/\/compuviper.mx\/tienda\/#organization","name":"Compuviper","url":"https:\/\/compuviper.mx\/tienda\/","logo":{"@type":"ImageObject","inLanguage":"es-MX","@id":"https:\/\/compuviper.mx\/tienda\/#\/schema\/logo\/image\/","url":"https:\/\/compuviper.mx\/tienda\/wp-content\/uploads\/2021\/08\/Logo-Compuviper-10.png","contentUrl":"https:\/\/compuviper.mx\/tienda\/wp-content\/uploads\/2021\/08\/Logo-Compuviper-10.png","width":1000,"height":500,"caption":"Compuviper"},"image":{"@id":"https:\/\/compuviper.mx\/tienda\/#\/schema\/logo\/image\/"},"sameAs":["https:\/\/www.facebook.com\/compuviper","https:\/\/www.youtube.com\/channel\/UCf73dERp9Y3cfOq7q8BhLjA?view_as=subscriber"]}]},"product_brand":"SANDISK","product_price_amount":"186","product_price_currency":"MXN","og_availability":"instock","product_availability":"instock","product_retailer_item_id":"SDSDQAS4-032G-BP","product_condition":"new"},"_links":{"self":[{"href":"https:\/\/compuviper.mx\/tienda\/wp-json\/wp\/v2\/product\/268565"}],"collection":[{"href":"https:\/\/compuviper.mx\/tienda\/wp-json\/wp\/v2\/product"}],"about":[{"href":"https:\/\/compuviper.mx\/tienda\/wp-json\/wp\/v2\/types\/product"}],"replies":[{"embeddable":true,"href":"https:\/\/compuviper.mx\/tienda\/wp-json\/wp\/v2\/comments?post=268565"}],"wp:attachment":[{"href":"https:\/\/compuviper.mx\/tienda\/wp-json\/wp\/v2\/media?parent=268565"}],"wp:term":[{"taxonomy":"product_cat","embeddable":true,"href":"https:\/\/compuviper.mx\/tienda\/wp-json\/wp\/v2\/product_cat?post=268565"},{"taxonomy":"product_tag","embeddable":true,"href":"https:\/\/compuviper.mx\/tienda\/wp-json\/wp\/v2\/product_tag?post=268565"}],"curies":[{"name":"wp","href":"https:\/\/api.w.org\/{rel}","templated":true}]}}