{"id":268554,"date":"2026-04-14T01:22:38","date_gmt":"2026-04-14T07:22:38","guid":{"rendered":"https:\/\/compuviper.mx\/tienda\/producto\/lenovo-21l6s26e00-laptop-thinkpad-l14-gen5-amd-ryzen-5-pro-7535u-2-90-ghz-8-gb-ddr5-5600mhz-1-tb-ssd-m-2-2280-14-wuxga-graficos-integrados-windows-11-pro-3yr-en-sitio\/"},"modified":"2026-04-14T01:22:38","modified_gmt":"2026-04-14T07:22:38","slug":"lenovo-21l6s26e00-laptop-thinkpad-l14-gen5-amd-ryzen-5-pro-7535u-2-90-ghz-8-gb-ddr5-5600mhz-1-tb-ssd-m-2-2280-14-wuxga-graficos-integrados-windows-11-pro-3yr-en-sitio","status":"publish","type":"product","link":"https:\/\/compuviper.mx\/tienda\/producto\/lenovo-21l6s26e00-laptop-thinkpad-l14-gen5-amd-ryzen-5-pro-7535u-2-90-ghz-8-gb-ddr5-5600mhz-1-tb-ssd-m-2-2280-14-wuxga-graficos-integrados-windows-11-pro-3yr-en-sitio\/","title":{"rendered":"Lenovo 21l6s26e00  Laptop Thinkpad L14 Gen5 \/ Amd Ryzen 5 Pro 7535u 2.90 Ghz \/ 8 Gb Ddr5-5600mhz \/ 1 Tb Ssd M.2 2280 \/ 14 Wuxga \/ Graficos Integrados \/ Windows 11 Pro \/ 3yr En Sitio"},"content":{"rendered":"<table class=\"descripcion\">\n<tr>\n<td>Cto<\/td>\n<\/tr>\n<tr>\n<td>21l6cto1ww<\/td>\n<\/tr>\n<tr>\n<td>Country\/region<\/td>\n<\/tr>\n<tr>\n<td>Mx<\/td>\n<\/tr>\n<tr>\n<td>Product name<\/td>\n<\/tr>\n<tr>\n<td>Notebook thinkpad l14 gen5 amd 21l6cto1w<\/td>\n<\/tr>\n<tr>\n<td>Product configuration details<\/td>\n<\/tr>\n<tr>\n<td>Characteristics<\/td>\n<\/tr>\n<tr>\n<td>Values<\/td>\n<\/tr>\n<tr>\n<td>Country\/region<\/td>\n<\/tr>\n<tr>\n<td>Mexico<\/td>\n<\/tr>\n<tr>\n<td>Preload type<\/td>\n<\/tr>\n<tr>\n<td>Standard image (preload)<\/td>\n<\/tr>\n<tr>\n<td>Preload os<\/td>\n<\/tr>\n<tr>\n<td>Windows 11 pro 64<\/td>\n<\/tr>\n<tr>\n<td>Dash manageability<\/td>\n<\/tr>\n<tr>\n<td>Dash manageability<\/td>\n<\/tr>\n<tr>\n<td>Processor<\/td>\n<\/tr>\n<tr>\n<td>Amd ryzen\u0099 5 pro 7535u processor (2.90 ghz up to 4.55 ghz)<\/td>\n<\/tr>\n<tr>\n<td>Security chip setting<\/td>\n<\/tr>\n<tr>\n<td>Enabled discrete tpm2.0<\/td>\n<\/tr>\n<tr>\n<td>Display<\/td>\n<\/tr>\n<tr>\n<td>14 wuxga (1920 x 1200), ips, anti-glare, non-touch, 45%ntsc, 400 nits, 60hz, dbef5<\/td>\n<\/tr>\n<tr>\n<td>Top cover material<\/td>\n<\/tr>\n<tr>\n<td>Pc\/abs<\/td>\n<\/tr>\n<tr>\n<td>Base cover material<\/td>\n<\/tr>\n<tr>\n<td>Pc\/abs<\/td>\n<\/tr>\n<tr>\n<td>Graphics<\/td>\n<\/tr>\n<tr>\n<td>Integrated graphics<\/td>\n<\/tr>\n<tr>\n<td>Camera<\/td>\n<\/tr>\n<tr>\n<td>720p hd rgb with dual microphone<\/td>\n<\/tr>\n<tr>\n<td>Fingerprint reader<\/td>\n<\/tr>\n<tr>\n<td>Fingerprint reader<\/td>\n<\/tr>\n<tr>\n<td>Dimm memory<\/td>\n<\/tr>\n<tr>\n<td>8 gb ddr5-5600mhz (sodimm)<\/td>\n<\/tr>\n<tr>\n<td>Storage selection<\/td>\n<\/tr>\n<tr>\n<td>1 tb ssd m.2 2280 pcie gen4 tlc opal<\/td>\n<\/tr>\n<tr>\n<td>Wireless lan<\/td>\n<\/tr>\n<tr>\n<td>Qualcomm wi-fi 6e nfa725 2&#215;2 ax  and  bluetooth\u00ae 5.1 (windows 10) or bluetooth\u00ae 5.3 (windows 11)<\/td>\n<\/tr>\n<tr>\n<td>Battery<\/td>\n<\/tr>\n<tr>\n<td>3 cell li-polymer 57wh<\/td>\n<\/tr>\n<tr>\n<td>Rapid charge<\/td>\n<\/tr>\n<tr>\n<td>Rapid charge<\/td>\n<\/tr>\n<tr>\n<td>Power adapter<\/td>\n<\/tr>\n<tr>\n<td>65w usb-c low cost 90% pcc 2pin ac adapter &#8211; us<\/td>\n<\/tr>\n<tr>\n<td>Keyboard<\/td>\n<\/tr>\n<tr>\n<td>Backlit, black &#8211; spanish (la)<\/td>\n<\/tr>\n<tr>\n<td>Publication<\/td>\n<\/tr>\n<tr>\n<td>Publication &#8211; bulgarian\/brazil portuguese\/spanish<\/td>\n<\/tr>\n<tr>\n<td>Os dpk<\/td>\n<\/tr>\n<tr>\n<td>W11 pro<\/td>\n<\/tr>\n<tr>\n<td>Preload language<\/td>\n<\/tr>\n<tr>\n<td>Windows 11 pro 64 spanish<\/td>\n<\/tr>\n<tr>\n<td>System unit<\/td>\n<\/tr>\n<tr>\n<td>L14g5a r5 pro 7535u ig+725 pl<\/td>\n<\/tr>\n<tr>\n<td>Display shell<\/td>\n<\/tr>\n<tr>\n<td>14 wuxga (1920 x 1200), ips, anti-glare, non-touch, 45%ntsc, 400 nits, 60hz, dbef5, 720p hd rgb with dual microphone, no wwan, abs<\/td>\n<\/tr>\n<tr>\n<td>Pointing device<\/td>\n<\/tr>\n<tr>\n<td>Trackpad<\/td>\n<\/tr>\n<tr>\n<td>Package box type<\/td>\n<\/tr>\n<tr>\n<td>Single standard packaging<\/td>\n<\/tr>\n<tr>\n<td>Absolute bios selection<\/td>\n<\/tr>\n<tr>\n<td>Bios absolute enabled<\/td>\n<\/tr>\n<tr>\n<td>Warranty<\/td>\n<\/tr>\n<tr>\n<td>1 year courier or carry-in<\/td>\n<\/tr>\n<tr>\n<td>Services<\/td>\n<\/tr>\n<tr>\n<td>Part number<\/td>\n<\/tr>\n<tr>\n<td>Description<\/td>\n<\/tr>\n<tr>\n<td>5ws0a14086<\/td>\n<\/tr>\n<tr>\n<td>3y onsite upgrade from 1y courier\/carry-in<\/td>\n<\/tr>\n<\/table>\n","protected":false},"excerpt":{"rendered":"<p>Lenovo laptop thinkpad l14 gen5 \/<\/p>\n","protected":false},"featured_media":0,"comment_status":"open","ping_status":"open","template":"","meta":[],"product_cat":[1886,1887],"product_tag":[1578],"acf":[],"yoast_head":"<!-- This site is optimized with the Yoast SEO plugin v21.7 - https:\/\/yoast.com\/wordpress\/plugins\/seo\/ -->\n<title>[ Lenovo ] &#129351; 21l6s26e00 Laptop Thinkpad L14 Gen5 \/ Amd Ryzen 5 Pro 7535u 2.90 Ghz \/ 8 Gb Ddr5-5600mhz \/ 1 Tb Ssd M.2 2280 \/ 14 Wuxga \/ Graficos Integrados \/ Windows 11 Pro \/ 3yr En Sitio<\/title>\n<meta name=\"description\" content=\"Compra 21l6s26e00 Laptop Thinkpad L14 Gen5 \/ Amd Ryzen 5 Pro 7535u 2.90 Ghz \/ 8 Gb Ddr5-5600mhz \/ 1 Tb Ssd M.2 2280 \/ 14 Wuxga \/ Graficos Integrados \/ Windows 11 Pro \/ 3yr En Sitio + Env\u00edo a domicilio + Pago seguro + Garant\u00eda\" \/>\n<meta name=\"robots\" content=\"index, follow, max-snippet:-1, max-image-preview:large, max-video-preview:-1\" \/>\n<link rel=\"canonical\" href=\"https:\/\/compuviper.mx\/tienda\/producto\/lenovo-21l6s26e00-laptop-thinkpad-l14-gen5-amd-ryzen-5-pro-7535u-2-90-ghz-8-gb-ddr5-5600mhz-1-tb-ssd-m-2-2280-14-wuxga-graficos-integrados-windows-11-pro-3yr-en-sitio\/\" \/>\n<meta property=\"og:locale\" content=\"es_MX\" \/>\n<meta property=\"og:type\" content=\"article\" \/>\n<meta property=\"og:title\" content=\"[ Lenovo ] &#129351; 21l6s26e00 Laptop Thinkpad L14 Gen5 \/ Amd Ryzen 5 Pro 7535u 2.90 Ghz \/ 8 Gb Ddr5-5600mhz \/ 1 Tb Ssd M.2 2280 \/ 14 Wuxga \/ Graficos Integrados \/ Windows 11 Pro \/ 3yr En Sitio\" \/>\n<meta property=\"og:description\" content=\"Compra 21l6s26e00 Laptop Thinkpad L14 Gen5 \/ Amd Ryzen 5 Pro 7535u 2.90 Ghz \/ 8 Gb Ddr5-5600mhz \/ 1 Tb Ssd M.2 2280 \/ 14 Wuxga \/ Graficos Integrados \/ Windows 11 Pro \/ 3yr En Sitio + Env\u00edo a domicilio + Pago seguro + Garant\u00eda\" \/>\n<meta property=\"og:url\" content=\"https:\/\/compuviper.mx\/tienda\/producto\/lenovo-21l6s26e00-laptop-thinkpad-l14-gen5-amd-ryzen-5-pro-7535u-2-90-ghz-8-gb-ddr5-5600mhz-1-tb-ssd-m-2-2280-14-wuxga-graficos-integrados-windows-11-pro-3yr-en-sitio\/\" \/>\n<meta property=\"og:site_name\" content=\"Compuviper\" \/>\n<meta property=\"article:publisher\" content=\"https:\/\/www.facebook.com\/compuviper\" \/>\n<meta name=\"twitter:card\" content=\"summary_large_image\" \/>\n<meta name=\"twitter:label1\" content=\"Precio\" \/>\n\t<meta name=\"twitter:data1\" content=\"&#36;11,290 con IVA\" \/>\n\t<meta name=\"twitter:label2\" content=\"Availability\" \/>\n\t<meta name=\"twitter:data2\" content=\"Out of stock\" \/>\n<script type=\"application\/ld+json\" class=\"yoast-schema-graph\">{\"@context\":\"https:\/\/schema.org\",\"@graph\":[{\"@type\":\"WebPage\",\"@id\":\"https:\/\/compuviper.mx\/tienda\/producto\/lenovo-21l6s26e00-laptop-thinkpad-l14-gen5-amd-ryzen-5-pro-7535u-2-90-ghz-8-gb-ddr5-5600mhz-1-tb-ssd-m-2-2280-14-wuxga-graficos-integrados-windows-11-pro-3yr-en-sitio\/\",\"url\":\"https:\/\/compuviper.mx\/tienda\/producto\/lenovo-21l6s26e00-laptop-thinkpad-l14-gen5-amd-ryzen-5-pro-7535u-2-90-ghz-8-gb-ddr5-5600mhz-1-tb-ssd-m-2-2280-14-wuxga-graficos-integrados-windows-11-pro-3yr-en-sitio\/\",\"name\":\"[ Lenovo ] &#129351; 21l6s26e00 Laptop Thinkpad L14 Gen5 \/ Amd Ryzen 5 Pro 7535u 2.90 Ghz \/ 8 Gb Ddr5-5600mhz \/ 1 Tb Ssd M.2 2280 \/ 14 Wuxga \/ Graficos Integrados \/ Windows 11 Pro \/ 3yr En Sitio\",\"isPartOf\":{\"@id\":\"https:\/\/compuviper.mx\/tienda\/#website\"},\"datePublished\":\"2026-04-14T07:22:38+00:00\",\"dateModified\":\"2026-04-14T07:22:38+00:00\",\"description\":\"Compra 21l6s26e00 Laptop Thinkpad L14 Gen5 \/ Amd Ryzen 5 Pro 7535u 2.90 Ghz \/ 8 Gb Ddr5-5600mhz \/ 1 Tb Ssd M.2 2280 \/ 14 Wuxga \/ Graficos Integrados \/ Windows 11 Pro \/ 3yr En Sitio + Env\u00edo a domicilio + Pago seguro + Garant\u00eda\",\"breadcrumb\":{\"@id\":\"https:\/\/compuviper.mx\/tienda\/producto\/lenovo-21l6s26e00-laptop-thinkpad-l14-gen5-amd-ryzen-5-pro-7535u-2-90-ghz-8-gb-ddr5-5600mhz-1-tb-ssd-m-2-2280-14-wuxga-graficos-integrados-windows-11-pro-3yr-en-sitio\/#breadcrumb\"},\"inLanguage\":\"es-MX\",\"potentialAction\":[{\"@type\":\"ReadAction\",\"target\":[\"https:\/\/compuviper.mx\/tienda\/producto\/lenovo-21l6s26e00-laptop-thinkpad-l14-gen5-amd-ryzen-5-pro-7535u-2-90-ghz-8-gb-ddr5-5600mhz-1-tb-ssd-m-2-2280-14-wuxga-graficos-integrados-windows-11-pro-3yr-en-sitio\/\"]}]},{\"@type\":\"BreadcrumbList\",\"@id\":\"https:\/\/compuviper.mx\/tienda\/producto\/lenovo-21l6s26e00-laptop-thinkpad-l14-gen5-amd-ryzen-5-pro-7535u-2-90-ghz-8-gb-ddr5-5600mhz-1-tb-ssd-m-2-2280-14-wuxga-graficos-integrados-windows-11-pro-3yr-en-sitio\/#breadcrumb\",\"itemListElement\":[{\"@type\":\"ListItem\",\"position\":1,\"name\":\"Inicio\",\"item\":\"https:\/\/compuviper.mx\/tienda\/\"},{\"@type\":\"ListItem\",\"position\":2,\"name\":\"Productos\",\"item\":\"https:\/\/compuviper.mx\/tienda\/productos\/\"},{\"@type\":\"ListItem\",\"position\":3,\"name\":\"Laptops\",\"item\":\"https:\/\/compuviper.mx\/tienda\/categoria-producto\/laptops\/\"},{\"@type\":\"ListItem\",\"position\":4,\"name\":\"Notebook\",\"item\":\"https:\/\/compuviper.mx\/tienda\/categoria-producto\/laptops\/notebook-laptops\/\"},{\"@type\":\"ListItem\",\"position\":5,\"name\":\"Lenovo 21l6s26e00 Laptop Thinkpad L14 Gen5 \/ Amd Ryzen 5 Pro 7535u 2.90 Ghz \/ 8 Gb Ddr5-5600mhz \/ 1 Tb Ssd M.2 2280 \/ 14 Wuxga \/ Graficos Integrados \/ Windows 11 Pro \/ 3yr En Sitio\"}]},{\"@type\":\"WebSite\",\"@id\":\"https:\/\/compuviper.mx\/tienda\/#website\",\"url\":\"https:\/\/compuviper.mx\/tienda\/\",\"name\":\"Compuviper\",\"description\":\"Proveedor de Computadoras, Laptops, Servidores, Monitores, Puntos de Venta, Teclados,   Impresoras, T\u00f3ner, C\u00e1maras de Seguridad y m\u00e1s en tu tienda en l\u00ednea\",\"publisher\":{\"@id\":\"https:\/\/compuviper.mx\/tienda\/#organization\"},\"potentialAction\":[{\"@type\":\"SearchAction\",\"target\":{\"@type\":\"EntryPoint\",\"urlTemplate\":\"https:\/\/compuviper.mx\/tienda\/?s={search_term_string}\"},\"query-input\":\"required name=search_term_string\"}],\"inLanguage\":\"es-MX\"},{\"@type\":\"Organization\",\"@id\":\"https:\/\/compuviper.mx\/tienda\/#organization\",\"name\":\"Compuviper\",\"url\":\"https:\/\/compuviper.mx\/tienda\/\",\"logo\":{\"@type\":\"ImageObject\",\"inLanguage\":\"es-MX\",\"@id\":\"https:\/\/compuviper.mx\/tienda\/#\/schema\/logo\/image\/\",\"url\":\"https:\/\/compuviper.mx\/tienda\/wp-content\/uploads\/2021\/08\/Logo-Compuviper-10.png\",\"contentUrl\":\"https:\/\/compuviper.mx\/tienda\/wp-content\/uploads\/2021\/08\/Logo-Compuviper-10.png\",\"width\":1000,\"height\":500,\"caption\":\"Compuviper\"},\"image\":{\"@id\":\"https:\/\/compuviper.mx\/tienda\/#\/schema\/logo\/image\/\"},\"sameAs\":[\"https:\/\/www.facebook.com\/compuviper\",\"https:\/\/www.youtube.com\/channel\/UCf73dERp9Y3cfOq7q8BhLjA?view_as=subscriber\"]}]}<\/script>\n<meta property=\"product:brand\" content=\"LENOVO\" \/>\n<meta property=\"product:price:amount\" content=\"11290\" \/>\n<meta property=\"product:price:currency\" content=\"MXN\" \/>\n<meta property=\"og:availability\" content=\"out of stock\" \/>\n<meta property=\"product:availability\" content=\"out of stock\" \/>\n<meta property=\"product:retailer_item_id\" content=\"21L6S26E00\" \/>\n<meta property=\"product:condition\" content=\"new\" \/>\n<!-- \/ Yoast SEO plugin. -->","yoast_head_json":{"title":"[ Lenovo ] &#129351; 21l6s26e00 Laptop Thinkpad L14 Gen5 \/ Amd Ryzen 5 Pro 7535u 2.90 Ghz \/ 8 Gb Ddr5-5600mhz \/ 1 Tb Ssd M.2 2280 \/ 14 Wuxga \/ Graficos Integrados \/ Windows 11 Pro \/ 3yr En Sitio","description":"Compra 21l6s26e00 Laptop Thinkpad L14 Gen5 \/ Amd Ryzen 5 Pro 7535u 2.90 Ghz \/ 8 Gb Ddr5-5600mhz \/ 1 Tb Ssd M.2 2280 \/ 14 Wuxga \/ Graficos Integrados \/ Windows 11 Pro \/ 3yr En Sitio + Env\u00edo a domicilio + Pago seguro + Garant\u00eda","robots":{"index":"index","follow":"follow","max-snippet":"max-snippet:-1","max-image-preview":"max-image-preview:large","max-video-preview":"max-video-preview:-1"},"canonical":"https:\/\/compuviper.mx\/tienda\/producto\/lenovo-21l6s26e00-laptop-thinkpad-l14-gen5-amd-ryzen-5-pro-7535u-2-90-ghz-8-gb-ddr5-5600mhz-1-tb-ssd-m-2-2280-14-wuxga-graficos-integrados-windows-11-pro-3yr-en-sitio\/","og_locale":"es_MX","og_type":"article","og_title":"[ Lenovo ] &#129351; 21l6s26e00 Laptop Thinkpad L14 Gen5 \/ Amd Ryzen 5 Pro 7535u 2.90 Ghz \/ 8 Gb Ddr5-5600mhz \/ 1 Tb Ssd M.2 2280 \/ 14 Wuxga \/ Graficos Integrados \/ Windows 11 Pro \/ 3yr En Sitio","og_description":"Compra 21l6s26e00 Laptop Thinkpad L14 Gen5 \/ Amd Ryzen 5 Pro 7535u 2.90 Ghz \/ 8 Gb Ddr5-5600mhz \/ 1 Tb Ssd M.2 2280 \/ 14 Wuxga \/ Graficos Integrados \/ Windows 11 Pro \/ 3yr En Sitio + Env\u00edo a domicilio + Pago seguro + Garant\u00eda","og_url":"https:\/\/compuviper.mx\/tienda\/producto\/lenovo-21l6s26e00-laptop-thinkpad-l14-gen5-amd-ryzen-5-pro-7535u-2-90-ghz-8-gb-ddr5-5600mhz-1-tb-ssd-m-2-2280-14-wuxga-graficos-integrados-windows-11-pro-3yr-en-sitio\/","og_site_name":"Compuviper","article_publisher":"https:\/\/www.facebook.com\/compuviper","twitter_card":"summary_large_image","twitter_misc":{"Precio":"&#36;11,290 con IVA","Availability":"Out of stock"},"schema":{"@context":"https:\/\/schema.org","@graph":[{"@type":"WebPage","@id":"https:\/\/compuviper.mx\/tienda\/producto\/lenovo-21l6s26e00-laptop-thinkpad-l14-gen5-amd-ryzen-5-pro-7535u-2-90-ghz-8-gb-ddr5-5600mhz-1-tb-ssd-m-2-2280-14-wuxga-graficos-integrados-windows-11-pro-3yr-en-sitio\/","url":"https:\/\/compuviper.mx\/tienda\/producto\/lenovo-21l6s26e00-laptop-thinkpad-l14-gen5-amd-ryzen-5-pro-7535u-2-90-ghz-8-gb-ddr5-5600mhz-1-tb-ssd-m-2-2280-14-wuxga-graficos-integrados-windows-11-pro-3yr-en-sitio\/","name":"[ Lenovo ] &#129351; 21l6s26e00 Laptop Thinkpad L14 Gen5 \/ Amd Ryzen 5 Pro 7535u 2.90 Ghz \/ 8 Gb Ddr5-5600mhz \/ 1 Tb Ssd M.2 2280 \/ 14 Wuxga \/ Graficos Integrados \/ Windows 11 Pro \/ 3yr En Sitio","isPartOf":{"@id":"https:\/\/compuviper.mx\/tienda\/#website"},"datePublished":"2026-04-14T07:22:38+00:00","dateModified":"2026-04-14T07:22:38+00:00","description":"Compra 21l6s26e00 Laptop Thinkpad L14 Gen5 \/ Amd Ryzen 5 Pro 7535u 2.90 Ghz \/ 8 Gb Ddr5-5600mhz \/ 1 Tb Ssd M.2 2280 \/ 14 Wuxga \/ Graficos Integrados \/ Windows 11 Pro \/ 3yr En Sitio + Env\u00edo a domicilio + Pago seguro + Garant\u00eda","breadcrumb":{"@id":"https:\/\/compuviper.mx\/tienda\/producto\/lenovo-21l6s26e00-laptop-thinkpad-l14-gen5-amd-ryzen-5-pro-7535u-2-90-ghz-8-gb-ddr5-5600mhz-1-tb-ssd-m-2-2280-14-wuxga-graficos-integrados-windows-11-pro-3yr-en-sitio\/#breadcrumb"},"inLanguage":"es-MX","potentialAction":[{"@type":"ReadAction","target":["https:\/\/compuviper.mx\/tienda\/producto\/lenovo-21l6s26e00-laptop-thinkpad-l14-gen5-amd-ryzen-5-pro-7535u-2-90-ghz-8-gb-ddr5-5600mhz-1-tb-ssd-m-2-2280-14-wuxga-graficos-integrados-windows-11-pro-3yr-en-sitio\/"]}]},{"@type":"BreadcrumbList","@id":"https:\/\/compuviper.mx\/tienda\/producto\/lenovo-21l6s26e00-laptop-thinkpad-l14-gen5-amd-ryzen-5-pro-7535u-2-90-ghz-8-gb-ddr5-5600mhz-1-tb-ssd-m-2-2280-14-wuxga-graficos-integrados-windows-11-pro-3yr-en-sitio\/#breadcrumb","itemListElement":[{"@type":"ListItem","position":1,"name":"Inicio","item":"https:\/\/compuviper.mx\/tienda\/"},{"@type":"ListItem","position":2,"name":"Productos","item":"https:\/\/compuviper.mx\/tienda\/productos\/"},{"@type":"ListItem","position":3,"name":"Laptops","item":"https:\/\/compuviper.mx\/tienda\/categoria-producto\/laptops\/"},{"@type":"ListItem","position":4,"name":"Notebook","item":"https:\/\/compuviper.mx\/tienda\/categoria-producto\/laptops\/notebook-laptops\/"},{"@type":"ListItem","position":5,"name":"Lenovo 21l6s26e00 Laptop Thinkpad L14 Gen5 \/ Amd Ryzen 5 Pro 7535u 2.90 Ghz \/ 8 Gb Ddr5-5600mhz \/ 1 Tb Ssd M.2 2280 \/ 14 Wuxga \/ Graficos Integrados \/ Windows 11 Pro \/ 3yr En Sitio"}]},{"@type":"WebSite","@id":"https:\/\/compuviper.mx\/tienda\/#website","url":"https:\/\/compuviper.mx\/tienda\/","name":"Compuviper","description":"Proveedor de Computadoras, Laptops, Servidores, Monitores, Puntos de Venta, Teclados,   Impresoras, T\u00f3ner, C\u00e1maras de Seguridad y m\u00e1s en tu tienda en l\u00ednea","publisher":{"@id":"https:\/\/compuviper.mx\/tienda\/#organization"},"potentialAction":[{"@type":"SearchAction","target":{"@type":"EntryPoint","urlTemplate":"https:\/\/compuviper.mx\/tienda\/?s={search_term_string}"},"query-input":"required name=search_term_string"}],"inLanguage":"es-MX"},{"@type":"Organization","@id":"https:\/\/compuviper.mx\/tienda\/#organization","name":"Compuviper","url":"https:\/\/compuviper.mx\/tienda\/","logo":{"@type":"ImageObject","inLanguage":"es-MX","@id":"https:\/\/compuviper.mx\/tienda\/#\/schema\/logo\/image\/","url":"https:\/\/compuviper.mx\/tienda\/wp-content\/uploads\/2021\/08\/Logo-Compuviper-10.png","contentUrl":"https:\/\/compuviper.mx\/tienda\/wp-content\/uploads\/2021\/08\/Logo-Compuviper-10.png","width":1000,"height":500,"caption":"Compuviper"},"image":{"@id":"https:\/\/compuviper.mx\/tienda\/#\/schema\/logo\/image\/"},"sameAs":["https:\/\/www.facebook.com\/compuviper","https:\/\/www.youtube.com\/channel\/UCf73dERp9Y3cfOq7q8BhLjA?view_as=subscriber"]}]},"product_brand":"LENOVO","product_price_amount":"11290","product_price_currency":"MXN","og_availability":"out of stock","product_availability":"out of stock","product_retailer_item_id":"21L6S26E00","product_condition":"new"},"_links":{"self":[{"href":"https:\/\/compuviper.mx\/tienda\/wp-json\/wp\/v2\/product\/268554"}],"collection":[{"href":"https:\/\/compuviper.mx\/tienda\/wp-json\/wp\/v2\/product"}],"about":[{"href":"https:\/\/compuviper.mx\/tienda\/wp-json\/wp\/v2\/types\/product"}],"replies":[{"embeddable":true,"href":"https:\/\/compuviper.mx\/tienda\/wp-json\/wp\/v2\/comments?post=268554"}],"wp:attachment":[{"href":"https:\/\/compuviper.mx\/tienda\/wp-json\/wp\/v2\/media?parent=268554"}],"wp:term":[{"taxonomy":"product_cat","embeddable":true,"href":"https:\/\/compuviper.mx\/tienda\/wp-json\/wp\/v2\/product_cat?post=268554"},{"taxonomy":"product_tag","embeddable":true,"href":"https:\/\/compuviper.mx\/tienda\/wp-json\/wp\/v2\/product_tag?post=268554"}],"curies":[{"name":"wp","href":"https:\/\/api.w.org\/{rel}","templated":true}]}}