{"id":268553,"date":"2026-04-17T01:13:25","date_gmt":"2026-04-17T07:13:25","guid":{"rendered":"https:\/\/compuviper.mx\/tienda\/producto\/qnap-qxp-32g2fc-32g-fibre-channel-host-bus-adapter-2-x-transceivers-are-included\/"},"modified":"2026-04-17T01:13:25","modified_gmt":"2026-04-17T07:13:25","slug":"qnap-qxp-32g2fc-32g-fibre-channel-host-bus-adapter-2-x-transceivers-are-included","status":"publish","type":"product","link":"https:\/\/compuviper.mx\/tienda\/producto\/qnap-qxp-32g2fc-32g-fibre-channel-host-bus-adapter-2-x-transceivers-are-included\/","title":{"rendered":"Qnap Qxp-32g2fc 32g Fibre Channel Host Bus Adapter, 2 X Transceivers Are Included"},"content":{"rendered":"<table class=\"descripcion\">\n<tr>\n<td>Garant\u00eda est\u00e1ndar 3 a\u00f1os<\/td>\n<\/tr>\n<tr>\n<td>Pcie y l\u00edneas pcie gen3 x8<\/td>\n<\/tr>\n<tr>\n<td>Tasas de transmisi\u00f3n fibre channel 32\/16\/8 gb\/s (hasta 28,05 gb\/s por puerto)<\/td>\n<\/tr>\n<tr>\n<td>Factor de forma tarjeta pcie de perfil bajo de 10,68 x 6,89 cm (4,20 x 2,71 pulgadas)<\/td>\n<\/tr>\n<tr>\n<td>Sistema operativo nas compatible qts 4.4.1 \/ quts hero 4.5.0 (o posterior) para qnap nas con ranuras pcie como destino fc. consulta los modelos de nas compatibles.<\/td>\n<\/tr>\n<tr>\n<td>Soporte soporte de bracket de bajo perfil preinstalado; brackets de altura completa y especializados (para modelos seleccionados de qnap nas) incluidos<\/td>\n<\/tr>\n<tr>\n<td>Puerto y cable transceptor de 32 gb* (incluido con 2 transceptores sfp+ de longitud de onda corta trx-32gfcsfp-sr ) y cable de fibra lc (compra opcional).<\/td>\n<\/tr>\n<tr>\n<td>Temperatura de operaci\u00f3n 0\u00b0c a 45\u00b0c (32\u00b0f a 113\u00b0f)<\/td>\n<\/tr>\n<tr>\n<td>Temperatura de almacenamiento \u009620\u00b0c a 70\u00b0c (\u00964\u00b0f a 158\u00b0f)<\/td>\n<\/tr>\n<tr>\n<td>Humedad relativa humedad relativa del 5 al 95%, sin condensaci\u00f3n, temperatura de bulbo h\u00famedo: 27 \u00b0c (80,6 \u00b0f)<\/td>\n<\/tr>\n<tr>\n<td>Usar solo se admiten transceptores certificados por qnap. consulte la lista de compatibilidad .<\/td>\n<\/tr>\n<tr>\n<td>Nota: las tarjetas fibre channel de qnap solo se pueden instalar en un nas de qnap (con el sistema operativo qts o quts hero) como destino fibre channel. no se admiten windows\u00ae, linux\u00ae ni otros sistemas.<\/td>\n<\/tr>\n<\/table>\n","protected":false},"excerpt":{"rendered":"<p>Las redes de \u00e1rea de almacenamiento (san) de canal de fibra com\u00fan son entornos de red cerrados y sus dispositivos suelen ser caros, aunque les falta flexibilidad para la implementaci\u00f3n. Qnap presenta las tarjetas de expansi\u00f3n de canal de fibra de 16gb\/32gb y dos puertos que presentan un alto rendimiento, fiabilidad, seguridad y eficiencia energ\u00e9tica. Con una tarjeta de canal de fibra de qnap en su nas de qnap, podr\u00e1 a\u00f1adir su nas a un entorno de red san existente a un precio asequible para responder a las necesidades de almacenamiento y copia de seguridad de alto rendimiento.<\/p>\n","protected":false},"featured_media":0,"comment_status":"open","ping_status":"open","template":"","meta":[],"product_cat":[1563,1572],"product_tag":[2110],"acf":[],"yoast_head":"<!-- This site is optimized with the Yoast SEO plugin v21.7 - https:\/\/yoast.com\/wordpress\/plugins\/seo\/ -->\n<title>[ Qnap ] &#129351; Qxp-32g2fc 32g Fibre Channel Host Bus Adapter, 2 X Transceivers Are Included<\/title>\n<meta name=\"description\" content=\"Compra Qxp-32g2fc 32g Fibre Channel Host Bus Adapter, 2 X Transceivers Are Included + Env\u00edo a domicilio + Pago seguro + Garant\u00eda\" \/>\n<meta name=\"robots\" content=\"index, follow, max-snippet:-1, max-image-preview:large, max-video-preview:-1\" \/>\n<link rel=\"canonical\" href=\"https:\/\/compuviper.mx\/tienda\/producto\/qnap-qxp-32g2fc-32g-fibre-channel-host-bus-adapter-2-x-transceivers-are-included\/\" \/>\n<meta property=\"og:locale\" content=\"es_MX\" \/>\n<meta property=\"og:type\" content=\"article\" \/>\n<meta property=\"og:title\" content=\"[ Qnap ] &#129351; Qxp-32g2fc 32g Fibre Channel Host Bus Adapter, 2 X Transceivers Are Included\" \/>\n<meta property=\"og:description\" content=\"Compra Qxp-32g2fc 32g Fibre Channel Host Bus Adapter, 2 X Transceivers Are Included + Env\u00edo a domicilio + Pago seguro + Garant\u00eda\" \/>\n<meta property=\"og:url\" content=\"https:\/\/compuviper.mx\/tienda\/producto\/qnap-qxp-32g2fc-32g-fibre-channel-host-bus-adapter-2-x-transceivers-are-included\/\" \/>\n<meta property=\"og:site_name\" content=\"Compuviper\" \/>\n<meta property=\"article:publisher\" content=\"https:\/\/www.facebook.com\/compuviper\" \/>\n<meta name=\"twitter:card\" content=\"summary_large_image\" \/>\n<meta name=\"twitter:label1\" content=\"Precio\" \/>\n\t<meta name=\"twitter:data1\" content=\"&#36;26,390 con IVA\" \/>\n\t<meta name=\"twitter:label2\" content=\"Availability\" \/>\n\t<meta name=\"twitter:data2\" content=\"On backorder\" \/>\n<script type=\"application\/ld+json\" class=\"yoast-schema-graph\">{\"@context\":\"https:\/\/schema.org\",\"@graph\":[{\"@type\":\"WebPage\",\"@id\":\"https:\/\/compuviper.mx\/tienda\/producto\/qnap-qxp-32g2fc-32g-fibre-channel-host-bus-adapter-2-x-transceivers-are-included\/\",\"url\":\"https:\/\/compuviper.mx\/tienda\/producto\/qnap-qxp-32g2fc-32g-fibre-channel-host-bus-adapter-2-x-transceivers-are-included\/\",\"name\":\"[ Qnap ] &#129351; Qxp-32g2fc 32g Fibre Channel Host Bus Adapter, 2 X Transceivers Are Included\",\"isPartOf\":{\"@id\":\"https:\/\/compuviper.mx\/tienda\/#website\"},\"datePublished\":\"2026-04-17T07:13:25+00:00\",\"dateModified\":\"2026-04-17T07:13:25+00:00\",\"description\":\"Compra Qxp-32g2fc 32g Fibre Channel Host Bus Adapter, 2 X Transceivers Are Included + Env\u00edo a domicilio + Pago seguro + Garant\u00eda\",\"breadcrumb\":{\"@id\":\"https:\/\/compuviper.mx\/tienda\/producto\/qnap-qxp-32g2fc-32g-fibre-channel-host-bus-adapter-2-x-transceivers-are-included\/#breadcrumb\"},\"inLanguage\":\"es-MX\",\"potentialAction\":[{\"@type\":\"ReadAction\",\"target\":[\"https:\/\/compuviper.mx\/tienda\/producto\/qnap-qxp-32g2fc-32g-fibre-channel-host-bus-adapter-2-x-transceivers-are-included\/\"]}]},{\"@type\":\"BreadcrumbList\",\"@id\":\"https:\/\/compuviper.mx\/tienda\/producto\/qnap-qxp-32g2fc-32g-fibre-channel-host-bus-adapter-2-x-transceivers-are-included\/#breadcrumb\",\"itemListElement\":[{\"@type\":\"ListItem\",\"position\":1,\"name\":\"Inicio\",\"item\":\"https:\/\/compuviper.mx\/tienda\/\"},{\"@type\":\"ListItem\",\"position\":2,\"name\":\"Productos\",\"item\":\"https:\/\/compuviper.mx\/tienda\/productos\/\"},{\"@type\":\"ListItem\",\"position\":3,\"name\":\"Redes\",\"item\":\"https:\/\/compuviper.mx\/tienda\/categoria-producto\/redes\/\"},{\"@type\":\"ListItem\",\"position\":4,\"name\":\"Tarjetas De Red\",\"item\":\"https:\/\/compuviper.mx\/tienda\/categoria-producto\/redes\/tarjetas-de-red\/\"},{\"@type\":\"ListItem\",\"position\":5,\"name\":\"Qnap Qxp-32g2fc 32g Fibre Channel Host Bus Adapter, 2 X Transceivers Are Included\"}]},{\"@type\":\"WebSite\",\"@id\":\"https:\/\/compuviper.mx\/tienda\/#website\",\"url\":\"https:\/\/compuviper.mx\/tienda\/\",\"name\":\"Compuviper\",\"description\":\"Proveedor de Computadoras, Laptops, Servidores, Monitores, Puntos de Venta, Teclados,   Impresoras, T\u00f3ner, C\u00e1maras de Seguridad y m\u00e1s en tu tienda en l\u00ednea\",\"publisher\":{\"@id\":\"https:\/\/compuviper.mx\/tienda\/#organization\"},\"potentialAction\":[{\"@type\":\"SearchAction\",\"target\":{\"@type\":\"EntryPoint\",\"urlTemplate\":\"https:\/\/compuviper.mx\/tienda\/?s={search_term_string}\"},\"query-input\":\"required name=search_term_string\"}],\"inLanguage\":\"es-MX\"},{\"@type\":\"Organization\",\"@id\":\"https:\/\/compuviper.mx\/tienda\/#organization\",\"name\":\"Compuviper\",\"url\":\"https:\/\/compuviper.mx\/tienda\/\",\"logo\":{\"@type\":\"ImageObject\",\"inLanguage\":\"es-MX\",\"@id\":\"https:\/\/compuviper.mx\/tienda\/#\/schema\/logo\/image\/\",\"url\":\"https:\/\/compuviper.mx\/tienda\/wp-content\/uploads\/2021\/08\/Logo-Compuviper-10.png\",\"contentUrl\":\"https:\/\/compuviper.mx\/tienda\/wp-content\/uploads\/2021\/08\/Logo-Compuviper-10.png\",\"width\":1000,\"height\":500,\"caption\":\"Compuviper\"},\"image\":{\"@id\":\"https:\/\/compuviper.mx\/tienda\/#\/schema\/logo\/image\/\"},\"sameAs\":[\"https:\/\/www.facebook.com\/compuviper\",\"https:\/\/www.youtube.com\/channel\/UCf73dERp9Y3cfOq7q8BhLjA?view_as=subscriber\"]}]}<\/script>\n<meta property=\"product:brand\" content=\"Qnap\" \/>\n<meta property=\"product:price:amount\" content=\"26390\" \/>\n<meta property=\"product:price:currency\" content=\"MXN\" \/>\n<meta property=\"og:availability\" content=\"backorder\" \/>\n<meta property=\"product:availability\" content=\"available for order\" \/>\n<meta property=\"product:retailer_item_id\" content=\"QXP-32G2FC\" \/>\n<meta property=\"product:condition\" content=\"new\" \/>\n<!-- \/ Yoast SEO plugin. -->","yoast_head_json":{"title":"[ Qnap ] &#129351; Qxp-32g2fc 32g Fibre Channel Host Bus Adapter, 2 X Transceivers Are Included","description":"Compra Qxp-32g2fc 32g Fibre Channel Host Bus Adapter, 2 X Transceivers Are Included + Env\u00edo a domicilio + Pago seguro + Garant\u00eda","robots":{"index":"index","follow":"follow","max-snippet":"max-snippet:-1","max-image-preview":"max-image-preview:large","max-video-preview":"max-video-preview:-1"},"canonical":"https:\/\/compuviper.mx\/tienda\/producto\/qnap-qxp-32g2fc-32g-fibre-channel-host-bus-adapter-2-x-transceivers-are-included\/","og_locale":"es_MX","og_type":"article","og_title":"[ Qnap ] &#129351; Qxp-32g2fc 32g Fibre Channel Host Bus Adapter, 2 X Transceivers Are Included","og_description":"Compra Qxp-32g2fc 32g Fibre Channel Host Bus Adapter, 2 X Transceivers Are Included + Env\u00edo a domicilio + Pago seguro + Garant\u00eda","og_url":"https:\/\/compuviper.mx\/tienda\/producto\/qnap-qxp-32g2fc-32g-fibre-channel-host-bus-adapter-2-x-transceivers-are-included\/","og_site_name":"Compuviper","article_publisher":"https:\/\/www.facebook.com\/compuviper","twitter_card":"summary_large_image","twitter_misc":{"Precio":"&#36;26,390 con IVA","Availability":"On backorder"},"schema":{"@context":"https:\/\/schema.org","@graph":[{"@type":"WebPage","@id":"https:\/\/compuviper.mx\/tienda\/producto\/qnap-qxp-32g2fc-32g-fibre-channel-host-bus-adapter-2-x-transceivers-are-included\/","url":"https:\/\/compuviper.mx\/tienda\/producto\/qnap-qxp-32g2fc-32g-fibre-channel-host-bus-adapter-2-x-transceivers-are-included\/","name":"[ Qnap ] &#129351; Qxp-32g2fc 32g Fibre Channel Host Bus Adapter, 2 X Transceivers Are Included","isPartOf":{"@id":"https:\/\/compuviper.mx\/tienda\/#website"},"datePublished":"2026-04-17T07:13:25+00:00","dateModified":"2026-04-17T07:13:25+00:00","description":"Compra Qxp-32g2fc 32g Fibre Channel Host Bus Adapter, 2 X Transceivers Are Included + Env\u00edo a domicilio + Pago seguro + Garant\u00eda","breadcrumb":{"@id":"https:\/\/compuviper.mx\/tienda\/producto\/qnap-qxp-32g2fc-32g-fibre-channel-host-bus-adapter-2-x-transceivers-are-included\/#breadcrumb"},"inLanguage":"es-MX","potentialAction":[{"@type":"ReadAction","target":["https:\/\/compuviper.mx\/tienda\/producto\/qnap-qxp-32g2fc-32g-fibre-channel-host-bus-adapter-2-x-transceivers-are-included\/"]}]},{"@type":"BreadcrumbList","@id":"https:\/\/compuviper.mx\/tienda\/producto\/qnap-qxp-32g2fc-32g-fibre-channel-host-bus-adapter-2-x-transceivers-are-included\/#breadcrumb","itemListElement":[{"@type":"ListItem","position":1,"name":"Inicio","item":"https:\/\/compuviper.mx\/tienda\/"},{"@type":"ListItem","position":2,"name":"Productos","item":"https:\/\/compuviper.mx\/tienda\/productos\/"},{"@type":"ListItem","position":3,"name":"Redes","item":"https:\/\/compuviper.mx\/tienda\/categoria-producto\/redes\/"},{"@type":"ListItem","position":4,"name":"Tarjetas De Red","item":"https:\/\/compuviper.mx\/tienda\/categoria-producto\/redes\/tarjetas-de-red\/"},{"@type":"ListItem","position":5,"name":"Qnap Qxp-32g2fc 32g Fibre Channel Host Bus Adapter, 2 X Transceivers Are Included"}]},{"@type":"WebSite","@id":"https:\/\/compuviper.mx\/tienda\/#website","url":"https:\/\/compuviper.mx\/tienda\/","name":"Compuviper","description":"Proveedor de Computadoras, Laptops, Servidores, Monitores, Puntos de Venta, Teclados,   Impresoras, T\u00f3ner, C\u00e1maras de Seguridad y m\u00e1s en tu tienda en l\u00ednea","publisher":{"@id":"https:\/\/compuviper.mx\/tienda\/#organization"},"potentialAction":[{"@type":"SearchAction","target":{"@type":"EntryPoint","urlTemplate":"https:\/\/compuviper.mx\/tienda\/?s={search_term_string}"},"query-input":"required name=search_term_string"}],"inLanguage":"es-MX"},{"@type":"Organization","@id":"https:\/\/compuviper.mx\/tienda\/#organization","name":"Compuviper","url":"https:\/\/compuviper.mx\/tienda\/","logo":{"@type":"ImageObject","inLanguage":"es-MX","@id":"https:\/\/compuviper.mx\/tienda\/#\/schema\/logo\/image\/","url":"https:\/\/compuviper.mx\/tienda\/wp-content\/uploads\/2021\/08\/Logo-Compuviper-10.png","contentUrl":"https:\/\/compuviper.mx\/tienda\/wp-content\/uploads\/2021\/08\/Logo-Compuviper-10.png","width":1000,"height":500,"caption":"Compuviper"},"image":{"@id":"https:\/\/compuviper.mx\/tienda\/#\/schema\/logo\/image\/"},"sameAs":["https:\/\/www.facebook.com\/compuviper","https:\/\/www.youtube.com\/channel\/UCf73dERp9Y3cfOq7q8BhLjA?view_as=subscriber"]}]},"product_brand":"Qnap","product_price_amount":"26390","product_price_currency":"MXN","og_availability":"backorder","product_availability":"available for order","product_retailer_item_id":"QXP-32G2FC","product_condition":"new"},"_links":{"self":[{"href":"https:\/\/compuviper.mx\/tienda\/wp-json\/wp\/v2\/product\/268553"}],"collection":[{"href":"https:\/\/compuviper.mx\/tienda\/wp-json\/wp\/v2\/product"}],"about":[{"href":"https:\/\/compuviper.mx\/tienda\/wp-json\/wp\/v2\/types\/product"}],"replies":[{"embeddable":true,"href":"https:\/\/compuviper.mx\/tienda\/wp-json\/wp\/v2\/comments?post=268553"}],"wp:attachment":[{"href":"https:\/\/compuviper.mx\/tienda\/wp-json\/wp\/v2\/media?parent=268553"}],"wp:term":[{"taxonomy":"product_cat","embeddable":true,"href":"https:\/\/compuviper.mx\/tienda\/wp-json\/wp\/v2\/product_cat?post=268553"},{"taxonomy":"product_tag","embeddable":true,"href":"https:\/\/compuviper.mx\/tienda\/wp-json\/wp\/v2\/product_tag?post=268553"}],"curies":[{"name":"wp","href":"https:\/\/api.w.org\/{rel}","templated":true}]}}