{"id":268552,"date":"2026-04-18T01:18:42","date_gmt":"2026-04-18T07:18:42","guid":{"rendered":"https:\/\/compuviper.mx\/tienda\/producto\/qnap-qsw-m5216-1t-us-qsw-m5216-1t-rackmount-managed-switch-16-ports-25gbe-sfp28-1-port-10gbe-rj45\/"},"modified":"2026-04-18T01:18:42","modified_gmt":"2026-04-18T07:18:42","slug":"qnap-qsw-m5216-1t-us-qsw-m5216-1t-rackmount-managed-switch-16-ports-25gbe-sfp28-1-port-10gbe-rj45","status":"publish","type":"product","link":"https:\/\/compuviper.mx\/tienda\/producto\/qnap-qsw-m5216-1t-us-qsw-m5216-1t-rackmount-managed-switch-16-ports-25gbe-sfp28-1-port-10gbe-rj45\/","title":{"rendered":"Qnap Qsw-m5216-1t-us  Qsw-m5216-1t, Rackmount Managed Switch, 16 Ports 25gbe Sfp28, 1 Port 10gbe Rj45"},"content":{"rendered":"<table class=\"descripcion\">\n<tr>\n<td>Tipo de administraci\u00f3n gestionado a trav\u00e9s de web<\/td>\n<\/tr>\n<tr>\n<td>N\u00famero de puertos 17<\/td>\n<\/tr>\n<tr>\n<td>Sfp28 25gbe 16<\/td>\n<\/tr>\n<tr>\n<td>Base-t 10gbe (rj45) 1<\/td>\n<\/tr>\n<tr>\n<td>Puerto de administraci\u00f3n 1 puerto rj45 de 1gbe<\/td>\n<\/tr>\n<tr>\n<td>Descripci\u00f3n de alimentaci\u00f3n el\u00e9ctrica unidad de alimentaci\u00f3n el\u00e9ctrica interna<\/td>\n<\/tr>\n<tr>\n<td>Consumo energ\u00e9tico m\u00e1x. 32.602w<\/td>\n<\/tr>\n<tr>\n<td>Tipo de alimentaci\u00f3n de entrada ca<\/td>\n<\/tr>\n<tr>\n<td>Rango de voltaje de entrada 100-240 v de ca, 50\/60 hz<\/td>\n<\/tr>\n<tr>\n<td>Tabla de direcciones mac 32k<\/td>\n<\/tr>\n<tr>\n<td>Rendimiento sin bloqueo total 410gbps<\/td>\n<\/tr>\n<tr>\n<td>Capacidad de conmutaci\u00f3n 820gbps<\/td>\n<\/tr>\n<tr>\n<td>Interfaz de administraci\u00f3n web<\/td>\n<\/tr>\n<tr>\n<td>Consola rs232<\/td>\n<\/tr>\n<tr>\n<td>Ventilador<\/td>\n<\/tr>\n<tr>\n<td>Sound level  34 db(a)<\/td>\n<\/tr>\n<tr>\n<td>Est\u00e1ndares compatibles ieee 802.3 ethernet<\/td>\n<\/tr>\n<tr>\n<td>Ieee 802.3u 100base-t,<\/td>\n<\/tr>\n<tr>\n<td>Puerto fuera de banda (solo mgmt)<\/td>\n<\/tr>\n<tr>\n<td>Ieee 802.3ab 1000base-t<\/td>\n<\/tr>\n<tr>\n<td>Ieee 802.3bz 2.5g\/5gbase-t<\/td>\n<\/tr>\n<tr>\n<td>Ieee 802.3an 10g base-t<\/td>\n<\/tr>\n<tr>\n<td>Ieee 802.3z 1000base-sx\/lx<\/td>\n<\/tr>\n<tr>\n<td>Ieee 802.3ae 10g fibra<\/td>\n<\/tr>\n<tr>\n<td>Ieee 802.3x control de flujo d\u00faplex completo<\/td>\n<\/tr>\n<tr>\n<td>Ieee 802.3by 25 gigabit ethernet<\/td>\n<\/tr>\n<tr>\n<td>Ieee 802.1q etiquetado vlan<\/td>\n<\/tr>\n<tr>\n<td>Ieee 802.1w rstp<\/td>\n<\/tr>\n<tr>\n<td>Ieee 802.3ad lacp<\/td>\n<\/tr>\n<tr>\n<td>Ieee 802.1ab lldp<\/td>\n<\/tr>\n<tr>\n<td>Ieee 802.1p clase de servicio<\/td>\n<\/tr>\n<tr>\n<td>Factor de forma montaje en rack<\/td>\n<\/tr>\n<tr>\n<td>Indicadores led por puerto: velocidad\/enlace\/actividad<\/td>\n<\/tr>\n<tr>\n<td>Por sistema: energ\u00eda\/estado<\/td>\n<\/tr>\n<tr>\n<td>Botones bot\u00f3n de restablecimiento<\/td>\n<\/tr>\n<tr>\n<td>Dimensiones (altura x anchura x profundidad) 43.5 x 285 x 237.7 mm<\/td>\n<\/tr>\n<tr>\n<td>Peso (neto) 2.15 kg<\/td>\n<\/tr>\n<tr>\n<td>Peso (bruto) 2.85 kg<\/td>\n<\/tr>\n<tr>\n<td>Temperatura operativa 0 &#8211; 40\u00b0c (de 32 \u00b0f a 104 \u00b0f)<\/td>\n<\/tr>\n<tr>\n<td>Humedad relativa 5~95 % sin condensaci\u00f3n<\/td>\n<\/tr>\n<tr>\n<td>Certificaciones ce, fcc, vcci, bsmi<\/td>\n<\/tr>\n<tr>\n<td>Cumplimiento electromagn\u00e9tico class a<\/td>\n<\/tr>\n<tr>\n<td>Jumbo frames 9k<\/td>\n<\/tr>\n<tr>\n<td>Garant\u00eda 2 a\u00f1os<\/td>\n<\/tr>\n<\/table>\n","protected":false},"excerpt":{"rendered":"<p>El qsw-m5216-1t es un switch gestionado de fibra sfp28 de 16 puertos y 25 gbe con un puerto nbase-t de 10 gbe. Admite la conmutaci\u00f3n de capa 2 y la gesti\u00f3n de la red a trav\u00e9s de una interfaz de usuario web f\u00e1cil de usar. El qsw-m5216-1t proporciona una soluci\u00f3n de gesti\u00f3n de red de nivel b\u00e1sico que pueden utilizar incluso profesionales que no se dediquen al sector de las ti. Al ofrecer velocidades incre\u00edblemente altas de 25 gbe y una capacidad de conmutaci\u00f3n de red troncal de 820 gbps, el qsw-m5216-1t puede servir como conmutador central para vincular a servidores 25g y nas en salas de servidores o conectarse a conmutadores 25g\/10g para acelerar el almacenamiento de alta velocidad, la edici\u00f3n de v\u00eddeo, virtualizaci\u00f3n y aplicaciones de inteligencia artificial. El qsw-m5216-1t proporciona interfaces de red flexibles para una alta compatibilidad a un precio asequible, lo que permite a las peque\u00f1as empresas actualizarse r\u00e1pidamente a una red troncal de incre\u00edblemente alta velocidad al integrar a la infraestructura de red existente. El qsw-m5216-1t se fabrica en taiw\u00e1n (mit) y proporciona una soluci\u00f3n de red fiable y de alta calidad<\/p>\n","protected":false},"featured_media":0,"comment_status":"open","ping_status":"open","template":"","meta":[],"product_cat":[1563,1564],"product_tag":[2110],"acf":[],"yoast_head":"<!-- This site is optimized with the Yoast SEO plugin v21.7 - https:\/\/yoast.com\/wordpress\/plugins\/seo\/ -->\n<title>[ Qnap ] &#129351; Qsw-m5216-1t-us Qsw-m5216-1t, Rackmount Managed Switch, 16 Ports 25gbe Sfp28, 1 Port 10gbe Rj45<\/title>\n<meta name=\"description\" content=\"Compra Qsw-m5216-1t-us Qsw-m5216-1t, Rackmount Managed Switch, 16 Ports 25gbe Sfp28, 1 Port 10gbe Rj45 + Env\u00edo a domicilio + Pago seguro + Garant\u00eda\" \/>\n<meta name=\"robots\" content=\"index, follow, max-snippet:-1, max-image-preview:large, max-video-preview:-1\" \/>\n<link rel=\"canonical\" href=\"https:\/\/compuviper.mx\/tienda\/producto\/qnap-qsw-m5216-1t-us-qsw-m5216-1t-rackmount-managed-switch-16-ports-25gbe-sfp28-1-port-10gbe-rj45\/\" \/>\n<meta property=\"og:locale\" content=\"es_MX\" \/>\n<meta property=\"og:type\" content=\"article\" \/>\n<meta property=\"og:title\" content=\"[ Qnap ] &#129351; Qsw-m5216-1t-us Qsw-m5216-1t, Rackmount Managed Switch, 16 Ports 25gbe Sfp28, 1 Port 10gbe Rj45\" \/>\n<meta property=\"og:description\" content=\"Compra Qsw-m5216-1t-us Qsw-m5216-1t, Rackmount Managed Switch, 16 Ports 25gbe Sfp28, 1 Port 10gbe Rj45 + Env\u00edo a domicilio + Pago seguro + Garant\u00eda\" \/>\n<meta property=\"og:url\" content=\"https:\/\/compuviper.mx\/tienda\/producto\/qnap-qsw-m5216-1t-us-qsw-m5216-1t-rackmount-managed-switch-16-ports-25gbe-sfp28-1-port-10gbe-rj45\/\" \/>\n<meta property=\"og:site_name\" content=\"Compuviper\" \/>\n<meta property=\"article:publisher\" content=\"https:\/\/www.facebook.com\/compuviper\" \/>\n<meta name=\"twitter:card\" content=\"summary_large_image\" \/>\n<meta name=\"twitter:label1\" content=\"Precio\" \/>\n\t<meta name=\"twitter:data1\" content=\"&#36;24,845 con IVA\" \/>\n\t<meta name=\"twitter:label2\" content=\"Availability\" \/>\n\t<meta name=\"twitter:data2\" content=\"On backorder\" \/>\n<script type=\"application\/ld+json\" class=\"yoast-schema-graph\">{\"@context\":\"https:\/\/schema.org\",\"@graph\":[{\"@type\":\"WebPage\",\"@id\":\"https:\/\/compuviper.mx\/tienda\/producto\/qnap-qsw-m5216-1t-us-qsw-m5216-1t-rackmount-managed-switch-16-ports-25gbe-sfp28-1-port-10gbe-rj45\/\",\"url\":\"https:\/\/compuviper.mx\/tienda\/producto\/qnap-qsw-m5216-1t-us-qsw-m5216-1t-rackmount-managed-switch-16-ports-25gbe-sfp28-1-port-10gbe-rj45\/\",\"name\":\"[ Qnap ] &#129351; Qsw-m5216-1t-us Qsw-m5216-1t, Rackmount Managed Switch, 16 Ports 25gbe Sfp28, 1 Port 10gbe Rj45\",\"isPartOf\":{\"@id\":\"https:\/\/compuviper.mx\/tienda\/#website\"},\"datePublished\":\"2026-04-18T07:18:42+00:00\",\"dateModified\":\"2026-04-18T07:18:42+00:00\",\"description\":\"Compra Qsw-m5216-1t-us Qsw-m5216-1t, Rackmount Managed Switch, 16 Ports 25gbe Sfp28, 1 Port 10gbe Rj45 + Env\u00edo a domicilio + Pago seguro + Garant\u00eda\",\"breadcrumb\":{\"@id\":\"https:\/\/compuviper.mx\/tienda\/producto\/qnap-qsw-m5216-1t-us-qsw-m5216-1t-rackmount-managed-switch-16-ports-25gbe-sfp28-1-port-10gbe-rj45\/#breadcrumb\"},\"inLanguage\":\"es-MX\",\"potentialAction\":[{\"@type\":\"ReadAction\",\"target\":[\"https:\/\/compuviper.mx\/tienda\/producto\/qnap-qsw-m5216-1t-us-qsw-m5216-1t-rackmount-managed-switch-16-ports-25gbe-sfp28-1-port-10gbe-rj45\/\"]}]},{\"@type\":\"BreadcrumbList\",\"@id\":\"https:\/\/compuviper.mx\/tienda\/producto\/qnap-qsw-m5216-1t-us-qsw-m5216-1t-rackmount-managed-switch-16-ports-25gbe-sfp28-1-port-10gbe-rj45\/#breadcrumb\",\"itemListElement\":[{\"@type\":\"ListItem\",\"position\":1,\"name\":\"Inicio\",\"item\":\"https:\/\/compuviper.mx\/tienda\/\"},{\"@type\":\"ListItem\",\"position\":2,\"name\":\"Productos\",\"item\":\"https:\/\/compuviper.mx\/tienda\/productos\/\"},{\"@type\":\"ListItem\",\"position\":3,\"name\":\"Redes\",\"item\":\"https:\/\/compuviper.mx\/tienda\/categoria-producto\/redes\/\"},{\"@type\":\"ListItem\",\"position\":4,\"name\":\"Switch\",\"item\":\"https:\/\/compuviper.mx\/tienda\/categoria-producto\/redes\/switch\/\"},{\"@type\":\"ListItem\",\"position\":5,\"name\":\"Qnap Qsw-m5216-1t-us Qsw-m5216-1t, Rackmount Managed Switch, 16 Ports 25gbe Sfp28, 1 Port 10gbe Rj45\"}]},{\"@type\":\"WebSite\",\"@id\":\"https:\/\/compuviper.mx\/tienda\/#website\",\"url\":\"https:\/\/compuviper.mx\/tienda\/\",\"name\":\"Compuviper\",\"description\":\"Proveedor de Computadoras, Laptops, Servidores, Monitores, Puntos de Venta, Teclados,   Impresoras, T\u00f3ner, C\u00e1maras de Seguridad y m\u00e1s en tu tienda en l\u00ednea\",\"publisher\":{\"@id\":\"https:\/\/compuviper.mx\/tienda\/#organization\"},\"potentialAction\":[{\"@type\":\"SearchAction\",\"target\":{\"@type\":\"EntryPoint\",\"urlTemplate\":\"https:\/\/compuviper.mx\/tienda\/?s={search_term_string}\"},\"query-input\":\"required name=search_term_string\"}],\"inLanguage\":\"es-MX\"},{\"@type\":\"Organization\",\"@id\":\"https:\/\/compuviper.mx\/tienda\/#organization\",\"name\":\"Compuviper\",\"url\":\"https:\/\/compuviper.mx\/tienda\/\",\"logo\":{\"@type\":\"ImageObject\",\"inLanguage\":\"es-MX\",\"@id\":\"https:\/\/compuviper.mx\/tienda\/#\/schema\/logo\/image\/\",\"url\":\"https:\/\/compuviper.mx\/tienda\/wp-content\/uploads\/2021\/08\/Logo-Compuviper-10.png\",\"contentUrl\":\"https:\/\/compuviper.mx\/tienda\/wp-content\/uploads\/2021\/08\/Logo-Compuviper-10.png\",\"width\":1000,\"height\":500,\"caption\":\"Compuviper\"},\"image\":{\"@id\":\"https:\/\/compuviper.mx\/tienda\/#\/schema\/logo\/image\/\"},\"sameAs\":[\"https:\/\/www.facebook.com\/compuviper\",\"https:\/\/www.youtube.com\/channel\/UCf73dERp9Y3cfOq7q8BhLjA?view_as=subscriber\"]}]}<\/script>\n<meta property=\"product:brand\" content=\"Qnap\" \/>\n<meta property=\"product:price:amount\" content=\"24845\" \/>\n<meta property=\"product:price:currency\" content=\"MXN\" \/>\n<meta property=\"og:availability\" content=\"backorder\" \/>\n<meta property=\"product:availability\" content=\"available for order\" \/>\n<meta property=\"product:retailer_item_id\" content=\"QSW-M5216-1T-US\" \/>\n<meta property=\"product:condition\" content=\"new\" \/>\n<!-- \/ Yoast SEO plugin. -->","yoast_head_json":{"title":"[ Qnap ] &#129351; Qsw-m5216-1t-us Qsw-m5216-1t, Rackmount Managed Switch, 16 Ports 25gbe Sfp28, 1 Port 10gbe Rj45","description":"Compra Qsw-m5216-1t-us Qsw-m5216-1t, Rackmount Managed Switch, 16 Ports 25gbe Sfp28, 1 Port 10gbe Rj45 + Env\u00edo a domicilio + Pago seguro + Garant\u00eda","robots":{"index":"index","follow":"follow","max-snippet":"max-snippet:-1","max-image-preview":"max-image-preview:large","max-video-preview":"max-video-preview:-1"},"canonical":"https:\/\/compuviper.mx\/tienda\/producto\/qnap-qsw-m5216-1t-us-qsw-m5216-1t-rackmount-managed-switch-16-ports-25gbe-sfp28-1-port-10gbe-rj45\/","og_locale":"es_MX","og_type":"article","og_title":"[ Qnap ] &#129351; Qsw-m5216-1t-us Qsw-m5216-1t, Rackmount Managed Switch, 16 Ports 25gbe Sfp28, 1 Port 10gbe Rj45","og_description":"Compra Qsw-m5216-1t-us Qsw-m5216-1t, Rackmount Managed Switch, 16 Ports 25gbe Sfp28, 1 Port 10gbe Rj45 + Env\u00edo a domicilio + Pago seguro + Garant\u00eda","og_url":"https:\/\/compuviper.mx\/tienda\/producto\/qnap-qsw-m5216-1t-us-qsw-m5216-1t-rackmount-managed-switch-16-ports-25gbe-sfp28-1-port-10gbe-rj45\/","og_site_name":"Compuviper","article_publisher":"https:\/\/www.facebook.com\/compuviper","twitter_card":"summary_large_image","twitter_misc":{"Precio":"&#36;24,845 con IVA","Availability":"On backorder"},"schema":{"@context":"https:\/\/schema.org","@graph":[{"@type":"WebPage","@id":"https:\/\/compuviper.mx\/tienda\/producto\/qnap-qsw-m5216-1t-us-qsw-m5216-1t-rackmount-managed-switch-16-ports-25gbe-sfp28-1-port-10gbe-rj45\/","url":"https:\/\/compuviper.mx\/tienda\/producto\/qnap-qsw-m5216-1t-us-qsw-m5216-1t-rackmount-managed-switch-16-ports-25gbe-sfp28-1-port-10gbe-rj45\/","name":"[ Qnap ] &#129351; Qsw-m5216-1t-us Qsw-m5216-1t, Rackmount Managed Switch, 16 Ports 25gbe Sfp28, 1 Port 10gbe Rj45","isPartOf":{"@id":"https:\/\/compuviper.mx\/tienda\/#website"},"datePublished":"2026-04-18T07:18:42+00:00","dateModified":"2026-04-18T07:18:42+00:00","description":"Compra Qsw-m5216-1t-us Qsw-m5216-1t, Rackmount Managed Switch, 16 Ports 25gbe Sfp28, 1 Port 10gbe Rj45 + Env\u00edo a domicilio + Pago seguro + Garant\u00eda","breadcrumb":{"@id":"https:\/\/compuviper.mx\/tienda\/producto\/qnap-qsw-m5216-1t-us-qsw-m5216-1t-rackmount-managed-switch-16-ports-25gbe-sfp28-1-port-10gbe-rj45\/#breadcrumb"},"inLanguage":"es-MX","potentialAction":[{"@type":"ReadAction","target":["https:\/\/compuviper.mx\/tienda\/producto\/qnap-qsw-m5216-1t-us-qsw-m5216-1t-rackmount-managed-switch-16-ports-25gbe-sfp28-1-port-10gbe-rj45\/"]}]},{"@type":"BreadcrumbList","@id":"https:\/\/compuviper.mx\/tienda\/producto\/qnap-qsw-m5216-1t-us-qsw-m5216-1t-rackmount-managed-switch-16-ports-25gbe-sfp28-1-port-10gbe-rj45\/#breadcrumb","itemListElement":[{"@type":"ListItem","position":1,"name":"Inicio","item":"https:\/\/compuviper.mx\/tienda\/"},{"@type":"ListItem","position":2,"name":"Productos","item":"https:\/\/compuviper.mx\/tienda\/productos\/"},{"@type":"ListItem","position":3,"name":"Redes","item":"https:\/\/compuviper.mx\/tienda\/categoria-producto\/redes\/"},{"@type":"ListItem","position":4,"name":"Switch","item":"https:\/\/compuviper.mx\/tienda\/categoria-producto\/redes\/switch\/"},{"@type":"ListItem","position":5,"name":"Qnap Qsw-m5216-1t-us Qsw-m5216-1t, Rackmount Managed Switch, 16 Ports 25gbe Sfp28, 1 Port 10gbe Rj45"}]},{"@type":"WebSite","@id":"https:\/\/compuviper.mx\/tienda\/#website","url":"https:\/\/compuviper.mx\/tienda\/","name":"Compuviper","description":"Proveedor de Computadoras, Laptops, Servidores, Monitores, Puntos de Venta, Teclados,   Impresoras, T\u00f3ner, C\u00e1maras de Seguridad y m\u00e1s en tu tienda en l\u00ednea","publisher":{"@id":"https:\/\/compuviper.mx\/tienda\/#organization"},"potentialAction":[{"@type":"SearchAction","target":{"@type":"EntryPoint","urlTemplate":"https:\/\/compuviper.mx\/tienda\/?s={search_term_string}"},"query-input":"required name=search_term_string"}],"inLanguage":"es-MX"},{"@type":"Organization","@id":"https:\/\/compuviper.mx\/tienda\/#organization","name":"Compuviper","url":"https:\/\/compuviper.mx\/tienda\/","logo":{"@type":"ImageObject","inLanguage":"es-MX","@id":"https:\/\/compuviper.mx\/tienda\/#\/schema\/logo\/image\/","url":"https:\/\/compuviper.mx\/tienda\/wp-content\/uploads\/2021\/08\/Logo-Compuviper-10.png","contentUrl":"https:\/\/compuviper.mx\/tienda\/wp-content\/uploads\/2021\/08\/Logo-Compuviper-10.png","width":1000,"height":500,"caption":"Compuviper"},"image":{"@id":"https:\/\/compuviper.mx\/tienda\/#\/schema\/logo\/image\/"},"sameAs":["https:\/\/www.facebook.com\/compuviper","https:\/\/www.youtube.com\/channel\/UCf73dERp9Y3cfOq7q8BhLjA?view_as=subscriber"]}]},"product_brand":"Qnap","product_price_amount":"24845","product_price_currency":"MXN","og_availability":"backorder","product_availability":"available for order","product_retailer_item_id":"QSW-M5216-1T-US","product_condition":"new"},"_links":{"self":[{"href":"https:\/\/compuviper.mx\/tienda\/wp-json\/wp\/v2\/product\/268552"}],"collection":[{"href":"https:\/\/compuviper.mx\/tienda\/wp-json\/wp\/v2\/product"}],"about":[{"href":"https:\/\/compuviper.mx\/tienda\/wp-json\/wp\/v2\/types\/product"}],"replies":[{"embeddable":true,"href":"https:\/\/compuviper.mx\/tienda\/wp-json\/wp\/v2\/comments?post=268552"}],"wp:attachment":[{"href":"https:\/\/compuviper.mx\/tienda\/wp-json\/wp\/v2\/media?parent=268552"}],"wp:term":[{"taxonomy":"product_cat","embeddable":true,"href":"https:\/\/compuviper.mx\/tienda\/wp-json\/wp\/v2\/product_cat?post=268552"},{"taxonomy":"product_tag","embeddable":true,"href":"https:\/\/compuviper.mx\/tienda\/wp-json\/wp\/v2\/product_tag?post=268552"}],"curies":[{"name":"wp","href":"https:\/\/api.w.org\/{rel}","templated":true}]}}