{"id":268551,"date":"2026-04-14T00:39:00","date_gmt":"2026-04-14T06:39:00","guid":{"rendered":"https:\/\/compuviper.mx\/tienda\/producto\/sandisk-sdssde30f-1t00-g25-unidad-de-estado-solido-ssd-externo-1tb-usb-3-2-gen-2-edicion-copa-mundial-fifa-2026-lect-800mb-s\/"},"modified":"2026-04-14T00:39:01","modified_gmt":"2026-04-14T06:39:01","slug":"sandisk-sdssde30f-1t00-g25-unidad-de-estado-solido-ssd-externo-1tb-usb-3-2-gen-2-edicion-copa-mundial-fifa-2026-lect-800mb-s","status":"publish","type":"product","link":"https:\/\/compuviper.mx\/tienda\/producto\/sandisk-sdssde30f-1t00-g25-unidad-de-estado-solido-ssd-externo-1tb-usb-3-2-gen-2-edicion-copa-mundial-fifa-2026-lect-800mb-s\/","title":{"rendered":"Sandisk Sdssde30f-1t00-g25 Unidad De Estado Solido Ssd Externo  1tb Usb 3.2 Gen 2 Edicion Copa Mundial Fifa 2026 Lect.800mb\/s"},"content":{"rendered":"<table class=\"descripcion\">\n<tr>\n<td>Capacidad  1 tb<\/td>\n<\/tr>\n<tr>\n<td>Conector  usb-a  usb-c<\/td>\n<\/tr>\n<tr>\n<td>Interfaz  usb 3.2 gen 2<\/td>\n<\/tr>\n<tr>\n<td>Velocidad de transferencia  up to 800mb\/s<\/td>\n<\/tr>\n<tr>\n<td>Dimensiones (largo, ancho y alto)  3.81 x 1.85 x 0.39<\/td>\n<\/tr>\n<tr>\n<td>Garantia limitada de 3 a\u00f1os<\/td>\n<\/tr>\n<tr>\n<td>Peso  0.09lbs<\/td>\n<\/tr>\n<tr>\n<td>Numero de modelo  sdssde30f-1t00-g25<\/td>\n<\/tr>\n<tr>\n<td>Caracteristicas del producto :<\/td>\n<\/tr>\n<tr>\n<td>\u0095velocidades de transferencia de datos rapidas hasta 800 mb\/s.<\/td>\n<\/tr>\n<tr>\n<td>\u0095proteccion contra caidas hasta 2 metros.<\/td>\n<\/tr>\n<tr>\n<td>\u0095alta capacidad de almacenamiento de 1 tb.<\/td>\n<\/tr>\n<tr>\n<td>En la caja :<\/td>\n<\/tr>\n<tr>\n<td>\u0095fifa-world-cup-2026-portable-ssd-left<\/td>\n<\/tr>\n<tr>\n<td>\u0095ssd portatil<\/td>\n<\/tr>\n<tr>\n<td>\u0095cable usb-c a usb-a<\/td>\n<\/tr>\n<tr>\n<td>\u0095manual de seguridad y garantia<\/td>\n<\/tr>\n<tr>\n<td>\u0095guia de inicio rapido<\/td>\n<\/tr>\n<tr>\n<td>Compatibilidad :<\/td>\n<\/tr>\n<tr>\n<td>\u0095windows 10 o posterior<\/td>\n<\/tr>\n<tr>\n<td>\u0095macos 10.13 o posterior<\/td>\n<\/tr>\n<\/table>\n","protected":false},"excerpt":{"rendered":"<p>Espacio para sus momentos de la copa mundial de la fifa 2026. Desde estadios llenos de gente hasta fiestas para ver los partidos en casa, con la unidad ssd portatil de sandisk  con licencia oficial: edicion copa mundial de la fifa 2026, podra capturar, almacenar, seleccionar y compartir los momentos mas emocionantes de lo que promete ser uno de los eventos deportivos mas fotografiados, grabados y compartidos de la historia. Con velocidades de lectura rapidas de hasta 800 mb\/s y un dise\u00f1o resistente pensado para viajar, esta unidad sera su compa\u00f1era de equipo alla donde lo lleve la copa mundial de la fifa. Ya sea porque quiere guardar esos recuerdos emocionantes de los partidos o crear contenido durante sus viajes, la unidad ssd portatil  de sandisk: edicion copa mundial de la fifa 2026 le ofrece el espacio y la velocidad necesarios para formar parte de la hist\u00f3rica copa mundial de la fifa 2026 a su manera. Sea parte del hermoso juego. La copa mundial de la fifa 2026 esta por convertirse en uno de los eventos deportivos m\u00e1s capturados, grabados y compartidos de la historia humana, y esta invitado a colaborar a escribir esa historia. Esta coleccion especial de soluciones de almacenamiento  de sandisk con licencia lo convierte en el guardian de los mejores momentos del futbol. Desde salvadas de penales emocionantes hasta celebraciones de victorias que resuenan a traves de generaciones, estas unidades y tarjetas permiten que su pasion viva, y conecte a millones de fanaticos en todo el mundo a traves del hermoso juego. Cada producto incluye una calcomania coleccionable y acceso al contenido de la copa mundial de la fifa. Rpida, portatil y lista para la copa mundial de la fifa. Mantenga a su alcance los momentos destacados de los partidos y los momentos de fiestas familiares. Con velocidades de lectura de hasta 800 mb\/s y un dise\u00f1o compacto pensado para la vida en movimiento, esta unidad esta lista para guardar sus mejores recuerdos de la copa mundial de la fifa, a un precio asequible para que pueda mostrar su afici\u00f3n sin esfuerzo. Espacio para momentos historicos. La capacidad de 1 tb le brinda espacio para miles de fotos, horas de video e innumerables recuerdos de partidos emocionantes, celebraciones euforicas y momentos emocionantes de la copa mundial de la fifa que viviran en su corazon para siempre. Inmortalice su pasion mientras la historia del futbol se escribe ante sus ojos. Rendimiento comprobado, incluso en tiempo suplementario. Esta unidad se probo para soportar las exigencias de partidos emocionantes, las repeticiones intensas y las asombrosas atajadas. Cuente con ella para guardar sus recuerdos de la copa mundial de la fifa, desde el saque inicial hasta el final del partido, e incluso hasta el tiempo suplementario. Resistencia suficiente para los momentos del dia del partido. Desde las bulliciosas zonas de fanaticos hasta las celebraciones posteriores al juego, esta unidad est\u00e1 dise\u00f1ada para mantenerse al dia con su experiencia en la copa mundial de la fifa. Con una proteccion contra caidas de hasta dos metros, ayuda a proteger sus recuerdos sin importar a donde lo lleve la emocion. Ademas, puede sujetarla a su mochila o cinturon y llevarla a todas partes gracias a su resistente gancho de goma y su dise\u00f1o portatil. La aplicacion de escritorio sandisk memory zone lo ayuda a mantener la organizacion. Enfoquese en el juego, no en sus archivos, gracias a la aplicacion de escritorio sandisk memory zone4 para computadoras windows y mac. Revise, transfiera, copie, guarde y haga copias de seguridad automaticas de sus fotos y videos de la copa mundial de la fifa, para que pueda volver a ver sus momentos favoritos cuando quiera. Y cuando quiera sacar mas partido a su contenido, vaya a la pesta\u00f1a explorar para ver las opciones disponibles.<\/p>\n","protected":false},"featured_media":0,"comment_status":"open","ping_status":"open","template":"","meta":[],"product_cat":[1703,1708],"product_tag":[1709],"acf":[],"yoast_head":"<!-- This site is optimized with the Yoast SEO plugin v21.7 - https:\/\/yoast.com\/wordpress\/plugins\/seo\/ -->\n<title>[ Sandisk ] &#129351; Sdssde30f-1t00-g25 Unidad De Estado Solido Ssd Externo 1tb Usb 3.2 Gen 2 Edicion Copa Mundial Fifa 2026 Lect.800mb\/s<\/title>\n<meta name=\"description\" content=\"Compra Sdssde30f-1t00-g25 Unidad De Estado Solido Ssd Externo 1tb Usb 3.2 Gen 2 Edicion Copa Mundial Fifa 2026 Lect.800mb\/s + Env\u00edo a domicilio + Pago seguro + Garant\u00eda\" \/>\n<meta name=\"robots\" content=\"index, follow, max-snippet:-1, max-image-preview:large, max-video-preview:-1\" \/>\n<link rel=\"canonical\" href=\"https:\/\/compuviper.mx\/tienda\/producto\/sandisk-sdssde30f-1t00-g25-unidad-de-estado-solido-ssd-externo-1tb-usb-3-2-gen-2-edicion-copa-mundial-fifa-2026-lect-800mb-s\/\" \/>\n<meta property=\"og:locale\" content=\"es_MX\" \/>\n<meta property=\"og:type\" content=\"article\" \/>\n<meta property=\"og:title\" content=\"[ Sandisk ] &#129351; Sdssde30f-1t00-g25 Unidad De Estado Solido Ssd Externo 1tb Usb 3.2 Gen 2 Edicion Copa Mundial Fifa 2026 Lect.800mb\/s\" \/>\n<meta property=\"og:description\" content=\"Compra Sdssde30f-1t00-g25 Unidad De Estado Solido Ssd Externo 1tb Usb 3.2 Gen 2 Edicion Copa Mundial Fifa 2026 Lect.800mb\/s + Env\u00edo a domicilio + Pago seguro + Garant\u00eda\" \/>\n<meta property=\"og:url\" content=\"https:\/\/compuviper.mx\/tienda\/producto\/sandisk-sdssde30f-1t00-g25-unidad-de-estado-solido-ssd-externo-1tb-usb-3-2-gen-2-edicion-copa-mundial-fifa-2026-lect-800mb-s\/\" \/>\n<meta property=\"og:site_name\" content=\"Compuviper\" \/>\n<meta property=\"article:publisher\" content=\"https:\/\/www.facebook.com\/compuviper\" \/>\n<meta property=\"article:modified_time\" content=\"2026-04-14T06:39:01+00:00\" \/>\n<meta name=\"twitter:card\" content=\"summary_large_image\" \/>\n<meta name=\"twitter:label1\" content=\"Precio\" \/>\n\t<meta name=\"twitter:data1\" content=\"&#36;6,827 con IVA\" \/>\n\t<meta name=\"twitter:label2\" content=\"Availability\" \/>\n\t<meta name=\"twitter:data2\" content=\"In stock\" \/>\n<script type=\"application\/ld+json\" class=\"yoast-schema-graph\">{\"@context\":\"https:\/\/schema.org\",\"@graph\":[{\"@type\":\"WebPage\",\"@id\":\"https:\/\/compuviper.mx\/tienda\/producto\/sandisk-sdssde30f-1t00-g25-unidad-de-estado-solido-ssd-externo-1tb-usb-3-2-gen-2-edicion-copa-mundial-fifa-2026-lect-800mb-s\/\",\"url\":\"https:\/\/compuviper.mx\/tienda\/producto\/sandisk-sdssde30f-1t00-g25-unidad-de-estado-solido-ssd-externo-1tb-usb-3-2-gen-2-edicion-copa-mundial-fifa-2026-lect-800mb-s\/\",\"name\":\"[ Sandisk ] &#129351; Sdssde30f-1t00-g25 Unidad De Estado Solido Ssd Externo 1tb Usb 3.2 Gen 2 Edicion Copa Mundial Fifa 2026 Lect.800mb\/s\",\"isPartOf\":{\"@id\":\"https:\/\/compuviper.mx\/tienda\/#website\"},\"datePublished\":\"2026-04-14T06:39:00+00:00\",\"dateModified\":\"2026-04-14T06:39:01+00:00\",\"description\":\"Compra Sdssde30f-1t00-g25 Unidad De Estado Solido Ssd Externo 1tb Usb 3.2 Gen 2 Edicion Copa Mundial Fifa 2026 Lect.800mb\/s + Env\u00edo a domicilio + Pago seguro + Garant\u00eda\",\"breadcrumb\":{\"@id\":\"https:\/\/compuviper.mx\/tienda\/producto\/sandisk-sdssde30f-1t00-g25-unidad-de-estado-solido-ssd-externo-1tb-usb-3-2-gen-2-edicion-copa-mundial-fifa-2026-lect-800mb-s\/#breadcrumb\"},\"inLanguage\":\"es-MX\",\"potentialAction\":[{\"@type\":\"ReadAction\",\"target\":[\"https:\/\/compuviper.mx\/tienda\/producto\/sandisk-sdssde30f-1t00-g25-unidad-de-estado-solido-ssd-externo-1tb-usb-3-2-gen-2-edicion-copa-mundial-fifa-2026-lect-800mb-s\/\"]}]},{\"@type\":\"BreadcrumbList\",\"@id\":\"https:\/\/compuviper.mx\/tienda\/producto\/sandisk-sdssde30f-1t00-g25-unidad-de-estado-solido-ssd-externo-1tb-usb-3-2-gen-2-edicion-copa-mundial-fifa-2026-lect-800mb-s\/#breadcrumb\",\"itemListElement\":[{\"@type\":\"ListItem\",\"position\":1,\"name\":\"Inicio\",\"item\":\"https:\/\/compuviper.mx\/tienda\/\"},{\"@type\":\"ListItem\",\"position\":2,\"name\":\"Productos\",\"item\":\"https:\/\/compuviper.mx\/tienda\/productos\/\"},{\"@type\":\"ListItem\",\"position\":3,\"name\":\"Discos Duros\",\"item\":\"https:\/\/compuviper.mx\/tienda\/categoria-producto\/discos-duros\/\"},{\"@type\":\"ListItem\",\"position\":4,\"name\":\"Unidad De Estado Solido\",\"item\":\"https:\/\/compuviper.mx\/tienda\/categoria-producto\/discos-duros\/unidad-de-estado-solido\/\"},{\"@type\":\"ListItem\",\"position\":5,\"name\":\"Sandisk Sdssde30f-1t00-g25 Unidad De Estado Solido Ssd Externo 1tb Usb 3.2 Gen 2 Edicion Copa Mundial Fifa 2026 Lect.800mb\/s\"}]},{\"@type\":\"WebSite\",\"@id\":\"https:\/\/compuviper.mx\/tienda\/#website\",\"url\":\"https:\/\/compuviper.mx\/tienda\/\",\"name\":\"Compuviper\",\"description\":\"Proveedor de Computadoras, Laptops, Servidores, Monitores, Puntos de Venta, Teclados,   Impresoras, T\u00f3ner, C\u00e1maras de Seguridad y m\u00e1s en tu tienda en l\u00ednea\",\"publisher\":{\"@id\":\"https:\/\/compuviper.mx\/tienda\/#organization\"},\"potentialAction\":[{\"@type\":\"SearchAction\",\"target\":{\"@type\":\"EntryPoint\",\"urlTemplate\":\"https:\/\/compuviper.mx\/tienda\/?s={search_term_string}\"},\"query-input\":\"required name=search_term_string\"}],\"inLanguage\":\"es-MX\"},{\"@type\":\"Organization\",\"@id\":\"https:\/\/compuviper.mx\/tienda\/#organization\",\"name\":\"Compuviper\",\"url\":\"https:\/\/compuviper.mx\/tienda\/\",\"logo\":{\"@type\":\"ImageObject\",\"inLanguage\":\"es-MX\",\"@id\":\"https:\/\/compuviper.mx\/tienda\/#\/schema\/logo\/image\/\",\"url\":\"https:\/\/compuviper.mx\/tienda\/wp-content\/uploads\/2021\/08\/Logo-Compuviper-10.png\",\"contentUrl\":\"https:\/\/compuviper.mx\/tienda\/wp-content\/uploads\/2021\/08\/Logo-Compuviper-10.png\",\"width\":1000,\"height\":500,\"caption\":\"Compuviper\"},\"image\":{\"@id\":\"https:\/\/compuviper.mx\/tienda\/#\/schema\/logo\/image\/\"},\"sameAs\":[\"https:\/\/www.facebook.com\/compuviper\",\"https:\/\/www.youtube.com\/channel\/UCf73dERp9Y3cfOq7q8BhLjA?view_as=subscriber\"]}]}<\/script>\n<meta property=\"product:brand\" content=\"SANDISK\" \/>\n<meta property=\"product:price:amount\" content=\"6827\" \/>\n<meta property=\"product:price:currency\" content=\"MXN\" \/>\n<meta property=\"og:availability\" content=\"instock\" \/>\n<meta property=\"product:availability\" content=\"instock\" \/>\n<meta property=\"product:retailer_item_id\" content=\"SDSSDE30F-1T00-G25\" \/>\n<meta property=\"product:condition\" content=\"new\" \/>\n<!-- \/ Yoast SEO plugin. -->","yoast_head_json":{"title":"[ Sandisk ] &#129351; Sdssde30f-1t00-g25 Unidad De Estado Solido Ssd Externo 1tb Usb 3.2 Gen 2 Edicion Copa Mundial Fifa 2026 Lect.800mb\/s","description":"Compra Sdssde30f-1t00-g25 Unidad De Estado Solido Ssd Externo 1tb Usb 3.2 Gen 2 Edicion Copa Mundial Fifa 2026 Lect.800mb\/s + Env\u00edo a domicilio + Pago seguro + Garant\u00eda","robots":{"index":"index","follow":"follow","max-snippet":"max-snippet:-1","max-image-preview":"max-image-preview:large","max-video-preview":"max-video-preview:-1"},"canonical":"https:\/\/compuviper.mx\/tienda\/producto\/sandisk-sdssde30f-1t00-g25-unidad-de-estado-solido-ssd-externo-1tb-usb-3-2-gen-2-edicion-copa-mundial-fifa-2026-lect-800mb-s\/","og_locale":"es_MX","og_type":"article","og_title":"[ Sandisk ] &#129351; Sdssde30f-1t00-g25 Unidad De Estado Solido Ssd Externo 1tb Usb 3.2 Gen 2 Edicion Copa Mundial Fifa 2026 Lect.800mb\/s","og_description":"Compra Sdssde30f-1t00-g25 Unidad De Estado Solido Ssd Externo 1tb Usb 3.2 Gen 2 Edicion Copa Mundial Fifa 2026 Lect.800mb\/s + Env\u00edo a domicilio + Pago seguro + Garant\u00eda","og_url":"https:\/\/compuviper.mx\/tienda\/producto\/sandisk-sdssde30f-1t00-g25-unidad-de-estado-solido-ssd-externo-1tb-usb-3-2-gen-2-edicion-copa-mundial-fifa-2026-lect-800mb-s\/","og_site_name":"Compuviper","article_publisher":"https:\/\/www.facebook.com\/compuviper","article_modified_time":"2026-04-14T06:39:01+00:00","twitter_card":"summary_large_image","twitter_misc":{"Precio":"&#36;6,827 con IVA","Availability":"In stock"},"schema":{"@context":"https:\/\/schema.org","@graph":[{"@type":"WebPage","@id":"https:\/\/compuviper.mx\/tienda\/producto\/sandisk-sdssde30f-1t00-g25-unidad-de-estado-solido-ssd-externo-1tb-usb-3-2-gen-2-edicion-copa-mundial-fifa-2026-lect-800mb-s\/","url":"https:\/\/compuviper.mx\/tienda\/producto\/sandisk-sdssde30f-1t00-g25-unidad-de-estado-solido-ssd-externo-1tb-usb-3-2-gen-2-edicion-copa-mundial-fifa-2026-lect-800mb-s\/","name":"[ Sandisk ] &#129351; Sdssde30f-1t00-g25 Unidad De Estado Solido Ssd Externo 1tb Usb 3.2 Gen 2 Edicion Copa Mundial Fifa 2026 Lect.800mb\/s","isPartOf":{"@id":"https:\/\/compuviper.mx\/tienda\/#website"},"datePublished":"2026-04-14T06:39:00+00:00","dateModified":"2026-04-14T06:39:01+00:00","description":"Compra Sdssde30f-1t00-g25 Unidad De Estado Solido Ssd Externo 1tb Usb 3.2 Gen 2 Edicion Copa Mundial Fifa 2026 Lect.800mb\/s + Env\u00edo a domicilio + Pago seguro + Garant\u00eda","breadcrumb":{"@id":"https:\/\/compuviper.mx\/tienda\/producto\/sandisk-sdssde30f-1t00-g25-unidad-de-estado-solido-ssd-externo-1tb-usb-3-2-gen-2-edicion-copa-mundial-fifa-2026-lect-800mb-s\/#breadcrumb"},"inLanguage":"es-MX","potentialAction":[{"@type":"ReadAction","target":["https:\/\/compuviper.mx\/tienda\/producto\/sandisk-sdssde30f-1t00-g25-unidad-de-estado-solido-ssd-externo-1tb-usb-3-2-gen-2-edicion-copa-mundial-fifa-2026-lect-800mb-s\/"]}]},{"@type":"BreadcrumbList","@id":"https:\/\/compuviper.mx\/tienda\/producto\/sandisk-sdssde30f-1t00-g25-unidad-de-estado-solido-ssd-externo-1tb-usb-3-2-gen-2-edicion-copa-mundial-fifa-2026-lect-800mb-s\/#breadcrumb","itemListElement":[{"@type":"ListItem","position":1,"name":"Inicio","item":"https:\/\/compuviper.mx\/tienda\/"},{"@type":"ListItem","position":2,"name":"Productos","item":"https:\/\/compuviper.mx\/tienda\/productos\/"},{"@type":"ListItem","position":3,"name":"Discos Duros","item":"https:\/\/compuviper.mx\/tienda\/categoria-producto\/discos-duros\/"},{"@type":"ListItem","position":4,"name":"Unidad De Estado Solido","item":"https:\/\/compuviper.mx\/tienda\/categoria-producto\/discos-duros\/unidad-de-estado-solido\/"},{"@type":"ListItem","position":5,"name":"Sandisk Sdssde30f-1t00-g25 Unidad De Estado Solido Ssd Externo 1tb Usb 3.2 Gen 2 Edicion Copa Mundial Fifa 2026 Lect.800mb\/s"}]},{"@type":"WebSite","@id":"https:\/\/compuviper.mx\/tienda\/#website","url":"https:\/\/compuviper.mx\/tienda\/","name":"Compuviper","description":"Proveedor de Computadoras, Laptops, Servidores, Monitores, Puntos de Venta, Teclados,   Impresoras, T\u00f3ner, C\u00e1maras de Seguridad y m\u00e1s en tu tienda en l\u00ednea","publisher":{"@id":"https:\/\/compuviper.mx\/tienda\/#organization"},"potentialAction":[{"@type":"SearchAction","target":{"@type":"EntryPoint","urlTemplate":"https:\/\/compuviper.mx\/tienda\/?s={search_term_string}"},"query-input":"required name=search_term_string"}],"inLanguage":"es-MX"},{"@type":"Organization","@id":"https:\/\/compuviper.mx\/tienda\/#organization","name":"Compuviper","url":"https:\/\/compuviper.mx\/tienda\/","logo":{"@type":"ImageObject","inLanguage":"es-MX","@id":"https:\/\/compuviper.mx\/tienda\/#\/schema\/logo\/image\/","url":"https:\/\/compuviper.mx\/tienda\/wp-content\/uploads\/2021\/08\/Logo-Compuviper-10.png","contentUrl":"https:\/\/compuviper.mx\/tienda\/wp-content\/uploads\/2021\/08\/Logo-Compuviper-10.png","width":1000,"height":500,"caption":"Compuviper"},"image":{"@id":"https:\/\/compuviper.mx\/tienda\/#\/schema\/logo\/image\/"},"sameAs":["https:\/\/www.facebook.com\/compuviper","https:\/\/www.youtube.com\/channel\/UCf73dERp9Y3cfOq7q8BhLjA?view_as=subscriber"]}]},"product_brand":"SANDISK","product_price_amount":"6827","product_price_currency":"MXN","og_availability":"instock","product_availability":"instock","product_retailer_item_id":"SDSSDE30F-1T00-G25","product_condition":"new"},"_links":{"self":[{"href":"https:\/\/compuviper.mx\/tienda\/wp-json\/wp\/v2\/product\/268551"}],"collection":[{"href":"https:\/\/compuviper.mx\/tienda\/wp-json\/wp\/v2\/product"}],"about":[{"href":"https:\/\/compuviper.mx\/tienda\/wp-json\/wp\/v2\/types\/product"}],"replies":[{"embeddable":true,"href":"https:\/\/compuviper.mx\/tienda\/wp-json\/wp\/v2\/comments?post=268551"}],"wp:attachment":[{"href":"https:\/\/compuviper.mx\/tienda\/wp-json\/wp\/v2\/media?parent=268551"}],"wp:term":[{"taxonomy":"product_cat","embeddable":true,"href":"https:\/\/compuviper.mx\/tienda\/wp-json\/wp\/v2\/product_cat?post=268551"},{"taxonomy":"product_tag","embeddable":true,"href":"https:\/\/compuviper.mx\/tienda\/wp-json\/wp\/v2\/product_tag?post=268551"}],"curies":[{"name":"wp","href":"https:\/\/api.w.org\/{rel}","templated":true}]}}