{"id":268550,"date":"2026-04-09T00:47:34","date_gmt":"2026-04-09T06:47:34","guid":{"rendered":"https:\/\/compuviper.mx\/tienda\/producto\/wd-western-digital-wd30ezax-disco-duro-interno-wd-blue-3tb-3-5-escritorio-sata3-6gb-s-256mb-5400rpm-windows\/"},"modified":"2026-04-09T00:47:34","modified_gmt":"2026-04-09T06:47:34","slug":"wd-western-digital-wd30ezax-disco-duro-interno-wd-blue-3tb-3-5-escritorio-sata3-6gb-s-256mb-5400rpm-windows","status":"publish","type":"product","link":"https:\/\/compuviper.mx\/tienda\/producto\/wd-western-digital-wd30ezax-disco-duro-interno-wd-blue-3tb-3-5-escritorio-sata3-6gb-s-256mb-5400rpm-windows\/","title":{"rendered":"Wd &#8211; Western Digital Wd30ezax Disco Duro Interno Wd Blue 3tb 3.5 Escritorio Sata3 6gb\/s 256mb 5400rpm Windows"},"content":{"rendered":"<table class=\"descripcion\">\n<tr>\n<td>Numero de modelo wd30ezax<\/td>\n<\/tr>\n<tr>\n<td>Tecnologia de grabacion3 cmr<\/td>\n<\/tr>\n<tr>\n<td>Capacidad formateada1 3 tb<\/td>\n<\/tr>\n<tr>\n<td>Factor de forma 3,5 pulgadas<\/td>\n<\/tr>\n<tr>\n<td>Formato avanzado (af) si<\/td>\n<\/tr>\n<tr>\n<td>Cumplimiento de la normativa rohs4 si<\/td>\n<\/tr>\n<tr>\n<td>Rendimiento:<\/td>\n<\/tr>\n<tr>\n<td>Velocidad de la interfaz indice de transferencia interna (max) 6 gb\/s 180 mb\/s<\/td>\n<\/tr>\n<tr>\n<td>Cache (mb) 256<\/td>\n<\/tr>\n<tr>\n<td>R. p. m. 5400<\/td>\n<\/tr>\n<tr>\n<td>Confiabilidad\/integridad de los datos:<\/td>\n<\/tr>\n<tr>\n<td>Ciclos de carga\/descarga6 300 000<\/td>\n<\/tr>\n<tr>\n<td>Errores de lectura no recuperables por bits leidos  1 en 1014<\/td>\n<\/tr>\n<tr>\n<td>Garantia limitada 2 a\u00f1os<\/td>\n<\/tr>\n<tr>\n<td>Administracion de la energia:<\/td>\n<\/tr>\n<tr>\n<td>Requisitos promedio de energia (w)<\/td>\n<\/tr>\n<tr>\n<td>12 v de corriente continua \u00b1 10 % (a, pico)  1,7<\/td>\n<\/tr>\n<tr>\n<td>Lectura\/escritura   4,7<\/td>\n<\/tr>\n<tr>\n<td>Inactivo   3,1<\/td>\n<\/tr>\n<tr>\n<td>Espera y suspension  0,3<\/td>\n<\/tr>\n<tr>\n<td>Especificaciones ambientales<\/td>\n<\/tr>\n<tr>\n<td>Temperatura (\u00b0c, en el armazon de la base)<\/td>\n<\/tr>\n<tr>\n<td>En funcionamiento  0 a 60<\/td>\n<\/tr>\n<tr>\n<td>Inactivo   -40 a 70<\/td>\n<\/tr>\n<tr>\n<td>Choque (gs)<\/td>\n<\/tr>\n<tr>\n<td>En funcionamiento (2 ms,escritura)  70<\/td>\n<\/tr>\n<tr>\n<td>En funcionamiento (2 ms, lectura)  70<\/td>\n<\/tr>\n<tr>\n<td>Inactivo (2 ms)  250<\/td>\n<\/tr>\n<tr>\n<td>Acustica (dba) inactivo  23<\/td>\n<\/tr>\n<tr>\n<td>Busqueda (promedio)  25<\/td>\n<\/tr>\n<tr>\n<td>Dimensiones fisicas:<\/td>\n<\/tr>\n<tr>\n<td>Altura (pulgadas\/mm, max.) 1,028\/26,1<\/td>\n<\/tr>\n<tr>\n<td>Longitud (pulgadas\/mm, max.) 5,787\/147<\/td>\n<\/tr>\n<tr>\n<td>Ancho (pulgadas\/mm, \u00b10,01 pulgadas)4\/101,6<\/td>\n<\/tr>\n<tr>\n<td>Peso (libras\/kg, \u00b13 %) 1,26 \/ 0,57<\/td>\n<\/tr>\n<\/table>\n","protected":false},"excerpt":{"rendered":"<p>Disco duro wd blue de 3,5 pulgadas para pc. Los discos duros internos wd blue brindan confiabilidad estable para aplicaciones web y de oficinas. Ademas, son ideales como forma de almacenamiento adicional para las pc de escritorio y las aplicaciones de oficina. Notouch tecnologia de carga de rampa. El cabezal de grabacion nunca toca la superficie del disco, lo que provoca un desgaste significativamente menor del cabezal y del soporte de grabacion, asi como una mejor proteccion del disco cuando se transporta. Bajo consumo de energia. Los algoritmos de busqueda vanguardistas y las funciones avanzadas de administracion de energia garantizan un bajo consumo de energia. Actualizar su disco es facil. Migre sin complicaciones su sistema actual a su nuevo disco western digital con el software acronis true image wd edition, disponible para descarga gratuita en el sitio de asistencia tecnica de western digital. Este software le permite copiar todos sus datos en una nueva unidad, de manera que no tenga que volver a instalar su sistema operativo para obtener todos los beneficios de una unidad nueva. La ventaja de western digital. Como lider de la industria de discos duros, western digital asegura las soluciones de almacenamiento para pc con una garantia limitada de dos a\u00f1os incluida con cada disco duro wd blue.<\/p>\n","protected":false},"featured_media":0,"comment_status":"open","ping_status":"open","template":"","meta":[],"product_cat":[1706,1703],"product_tag":[1705],"acf":[],"yoast_head":"<!-- This site is optimized with the Yoast SEO plugin v21.7 - https:\/\/yoast.com\/wordpress\/plugins\/seo\/ -->\n<title>[ Wd - Western Digital ] &#129351; Wd30ezax Disco Duro Interno Wd Blue 3tb 3.5 Escritorio Sata3 6gb\/s 256mb 5400rpm Windows<\/title>\n<meta name=\"description\" content=\"Compra Wd30ezax Disco Duro Interno Wd Blue 3tb 3.5 Escritorio Sata3 6gb\/s 256mb 5400rpm Windows + Env\u00edo a domicilio + Pago seguro + Garant\u00eda\" \/>\n<meta name=\"robots\" content=\"index, follow, max-snippet:-1, max-image-preview:large, max-video-preview:-1\" \/>\n<link rel=\"canonical\" href=\"https:\/\/compuviper.mx\/tienda\/producto\/wd-western-digital-wd30ezax-disco-duro-interno-wd-blue-3tb-3-5-escritorio-sata3-6gb-s-256mb-5400rpm-windows\/\" \/>\n<meta property=\"og:locale\" content=\"es_MX\" \/>\n<meta property=\"og:type\" content=\"article\" \/>\n<meta property=\"og:title\" content=\"[ Wd - Western Digital ] &#129351; Wd30ezax Disco Duro Interno Wd Blue 3tb 3.5 Escritorio Sata3 6gb\/s 256mb 5400rpm Windows\" \/>\n<meta property=\"og:description\" content=\"Compra Wd30ezax Disco Duro Interno Wd Blue 3tb 3.5 Escritorio Sata3 6gb\/s 256mb 5400rpm Windows + Env\u00edo a domicilio + Pago seguro + Garant\u00eda\" \/>\n<meta property=\"og:url\" content=\"https:\/\/compuviper.mx\/tienda\/producto\/wd-western-digital-wd30ezax-disco-duro-interno-wd-blue-3tb-3-5-escritorio-sata3-6gb-s-256mb-5400rpm-windows\/\" \/>\n<meta property=\"og:site_name\" content=\"Compuviper\" \/>\n<meta property=\"article:publisher\" content=\"https:\/\/www.facebook.com\/compuviper\" \/>\n<meta name=\"twitter:card\" content=\"summary_large_image\" \/>\n<meta name=\"twitter:label1\" content=\"Precio\" \/>\n\t<meta name=\"twitter:data1\" content=\"&#36;1,629 con IVA\" \/>\n\t<meta name=\"twitter:label2\" content=\"Availability\" \/>\n\t<meta name=\"twitter:data2\" content=\"In stock\" \/>\n<script type=\"application\/ld+json\" class=\"yoast-schema-graph\">{\"@context\":\"https:\/\/schema.org\",\"@graph\":[{\"@type\":\"WebPage\",\"@id\":\"https:\/\/compuviper.mx\/tienda\/producto\/wd-western-digital-wd30ezax-disco-duro-interno-wd-blue-3tb-3-5-escritorio-sata3-6gb-s-256mb-5400rpm-windows\/\",\"url\":\"https:\/\/compuviper.mx\/tienda\/producto\/wd-western-digital-wd30ezax-disco-duro-interno-wd-blue-3tb-3-5-escritorio-sata3-6gb-s-256mb-5400rpm-windows\/\",\"name\":\"[ Wd - Western Digital ] &#129351; Wd30ezax Disco Duro Interno Wd Blue 3tb 3.5 Escritorio Sata3 6gb\/s 256mb 5400rpm Windows\",\"isPartOf\":{\"@id\":\"https:\/\/compuviper.mx\/tienda\/#website\"},\"datePublished\":\"2026-04-09T06:47:34+00:00\",\"dateModified\":\"2026-04-09T06:47:34+00:00\",\"description\":\"Compra Wd30ezax Disco Duro Interno Wd Blue 3tb 3.5 Escritorio Sata3 6gb\/s 256mb 5400rpm Windows + Env\u00edo a domicilio + Pago seguro + Garant\u00eda\",\"breadcrumb\":{\"@id\":\"https:\/\/compuviper.mx\/tienda\/producto\/wd-western-digital-wd30ezax-disco-duro-interno-wd-blue-3tb-3-5-escritorio-sata3-6gb-s-256mb-5400rpm-windows\/#breadcrumb\"},\"inLanguage\":\"es-MX\",\"potentialAction\":[{\"@type\":\"ReadAction\",\"target\":[\"https:\/\/compuviper.mx\/tienda\/producto\/wd-western-digital-wd30ezax-disco-duro-interno-wd-blue-3tb-3-5-escritorio-sata3-6gb-s-256mb-5400rpm-windows\/\"]}]},{\"@type\":\"BreadcrumbList\",\"@id\":\"https:\/\/compuviper.mx\/tienda\/producto\/wd-western-digital-wd30ezax-disco-duro-interno-wd-blue-3tb-3-5-escritorio-sata3-6gb-s-256mb-5400rpm-windows\/#breadcrumb\",\"itemListElement\":[{\"@type\":\"ListItem\",\"position\":1,\"name\":\"Inicio\",\"item\":\"https:\/\/compuviper.mx\/tienda\/\"},{\"@type\":\"ListItem\",\"position\":2,\"name\":\"Productos\",\"item\":\"https:\/\/compuviper.mx\/tienda\/productos\/\"},{\"@type\":\"ListItem\",\"position\":3,\"name\":\"Wd &#8211; Western Digital Wd30ezax Disco Duro Interno Wd Blue 3tb 3.5 Escritorio Sata3 6gb\/s 256mb 5400rpm Windows\"}]},{\"@type\":\"WebSite\",\"@id\":\"https:\/\/compuviper.mx\/tienda\/#website\",\"url\":\"https:\/\/compuviper.mx\/tienda\/\",\"name\":\"Compuviper\",\"description\":\"Proveedor de Computadoras, Laptops, Servidores, Monitores, Puntos de Venta, Teclados,   Impresoras, T\u00f3ner, C\u00e1maras de Seguridad y m\u00e1s en tu tienda en l\u00ednea\",\"publisher\":{\"@id\":\"https:\/\/compuviper.mx\/tienda\/#organization\"},\"potentialAction\":[{\"@type\":\"SearchAction\",\"target\":{\"@type\":\"EntryPoint\",\"urlTemplate\":\"https:\/\/compuviper.mx\/tienda\/?s={search_term_string}\"},\"query-input\":\"required name=search_term_string\"}],\"inLanguage\":\"es-MX\"},{\"@type\":\"Organization\",\"@id\":\"https:\/\/compuviper.mx\/tienda\/#organization\",\"name\":\"Compuviper\",\"url\":\"https:\/\/compuviper.mx\/tienda\/\",\"logo\":{\"@type\":\"ImageObject\",\"inLanguage\":\"es-MX\",\"@id\":\"https:\/\/compuviper.mx\/tienda\/#\/schema\/logo\/image\/\",\"url\":\"https:\/\/compuviper.mx\/tienda\/wp-content\/uploads\/2021\/08\/Logo-Compuviper-10.png\",\"contentUrl\":\"https:\/\/compuviper.mx\/tienda\/wp-content\/uploads\/2021\/08\/Logo-Compuviper-10.png\",\"width\":1000,\"height\":500,\"caption\":\"Compuviper\"},\"image\":{\"@id\":\"https:\/\/compuviper.mx\/tienda\/#\/schema\/logo\/image\/\"},\"sameAs\":[\"https:\/\/www.facebook.com\/compuviper\",\"https:\/\/www.youtube.com\/channel\/UCf73dERp9Y3cfOq7q8BhLjA?view_as=subscriber\"]}]}<\/script>\n<meta property=\"product:brand\" content=\"WD - WESTERN DIGITAL\" \/>\n<meta property=\"product:price:amount\" content=\"1629\" \/>\n<meta property=\"product:price:currency\" content=\"MXN\" \/>\n<meta property=\"og:availability\" content=\"instock\" \/>\n<meta property=\"product:availability\" content=\"instock\" \/>\n<meta property=\"product:retailer_item_id\" content=\"WD30EZAX\" \/>\n<meta property=\"product:condition\" content=\"new\" \/>\n<!-- \/ Yoast SEO plugin. -->","yoast_head_json":{"title":"[ Wd - Western Digital ] &#129351; Wd30ezax Disco Duro Interno Wd Blue 3tb 3.5 Escritorio Sata3 6gb\/s 256mb 5400rpm Windows","description":"Compra Wd30ezax Disco Duro Interno Wd Blue 3tb 3.5 Escritorio Sata3 6gb\/s 256mb 5400rpm Windows + Env\u00edo a domicilio + Pago seguro + Garant\u00eda","robots":{"index":"index","follow":"follow","max-snippet":"max-snippet:-1","max-image-preview":"max-image-preview:large","max-video-preview":"max-video-preview:-1"},"canonical":"https:\/\/compuviper.mx\/tienda\/producto\/wd-western-digital-wd30ezax-disco-duro-interno-wd-blue-3tb-3-5-escritorio-sata3-6gb-s-256mb-5400rpm-windows\/","og_locale":"es_MX","og_type":"article","og_title":"[ Wd - Western Digital ] &#129351; Wd30ezax Disco Duro Interno Wd Blue 3tb 3.5 Escritorio Sata3 6gb\/s 256mb 5400rpm Windows","og_description":"Compra Wd30ezax Disco Duro Interno Wd Blue 3tb 3.5 Escritorio Sata3 6gb\/s 256mb 5400rpm Windows + Env\u00edo a domicilio + Pago seguro + Garant\u00eda","og_url":"https:\/\/compuviper.mx\/tienda\/producto\/wd-western-digital-wd30ezax-disco-duro-interno-wd-blue-3tb-3-5-escritorio-sata3-6gb-s-256mb-5400rpm-windows\/","og_site_name":"Compuviper","article_publisher":"https:\/\/www.facebook.com\/compuviper","twitter_card":"summary_large_image","twitter_misc":{"Precio":"&#36;1,629 con IVA","Availability":"In stock"},"schema":{"@context":"https:\/\/schema.org","@graph":[{"@type":"WebPage","@id":"https:\/\/compuviper.mx\/tienda\/producto\/wd-western-digital-wd30ezax-disco-duro-interno-wd-blue-3tb-3-5-escritorio-sata3-6gb-s-256mb-5400rpm-windows\/","url":"https:\/\/compuviper.mx\/tienda\/producto\/wd-western-digital-wd30ezax-disco-duro-interno-wd-blue-3tb-3-5-escritorio-sata3-6gb-s-256mb-5400rpm-windows\/","name":"[ Wd - Western Digital ] &#129351; Wd30ezax Disco Duro Interno Wd Blue 3tb 3.5 Escritorio Sata3 6gb\/s 256mb 5400rpm Windows","isPartOf":{"@id":"https:\/\/compuviper.mx\/tienda\/#website"},"datePublished":"2026-04-09T06:47:34+00:00","dateModified":"2026-04-09T06:47:34+00:00","description":"Compra Wd30ezax Disco Duro Interno Wd Blue 3tb 3.5 Escritorio Sata3 6gb\/s 256mb 5400rpm Windows + Env\u00edo a domicilio + Pago seguro + Garant\u00eda","breadcrumb":{"@id":"https:\/\/compuviper.mx\/tienda\/producto\/wd-western-digital-wd30ezax-disco-duro-interno-wd-blue-3tb-3-5-escritorio-sata3-6gb-s-256mb-5400rpm-windows\/#breadcrumb"},"inLanguage":"es-MX","potentialAction":[{"@type":"ReadAction","target":["https:\/\/compuviper.mx\/tienda\/producto\/wd-western-digital-wd30ezax-disco-duro-interno-wd-blue-3tb-3-5-escritorio-sata3-6gb-s-256mb-5400rpm-windows\/"]}]},{"@type":"BreadcrumbList","@id":"https:\/\/compuviper.mx\/tienda\/producto\/wd-western-digital-wd30ezax-disco-duro-interno-wd-blue-3tb-3-5-escritorio-sata3-6gb-s-256mb-5400rpm-windows\/#breadcrumb","itemListElement":[{"@type":"ListItem","position":1,"name":"Inicio","item":"https:\/\/compuviper.mx\/tienda\/"},{"@type":"ListItem","position":2,"name":"Productos","item":"https:\/\/compuviper.mx\/tienda\/productos\/"},{"@type":"ListItem","position":3,"name":"Wd &#8211; Western Digital Wd30ezax Disco Duro Interno Wd Blue 3tb 3.5 Escritorio Sata3 6gb\/s 256mb 5400rpm Windows"}]},{"@type":"WebSite","@id":"https:\/\/compuviper.mx\/tienda\/#website","url":"https:\/\/compuviper.mx\/tienda\/","name":"Compuviper","description":"Proveedor de Computadoras, Laptops, Servidores, Monitores, Puntos de Venta, Teclados,   Impresoras, T\u00f3ner, C\u00e1maras de Seguridad y m\u00e1s en tu tienda en l\u00ednea","publisher":{"@id":"https:\/\/compuviper.mx\/tienda\/#organization"},"potentialAction":[{"@type":"SearchAction","target":{"@type":"EntryPoint","urlTemplate":"https:\/\/compuviper.mx\/tienda\/?s={search_term_string}"},"query-input":"required name=search_term_string"}],"inLanguage":"es-MX"},{"@type":"Organization","@id":"https:\/\/compuviper.mx\/tienda\/#organization","name":"Compuviper","url":"https:\/\/compuviper.mx\/tienda\/","logo":{"@type":"ImageObject","inLanguage":"es-MX","@id":"https:\/\/compuviper.mx\/tienda\/#\/schema\/logo\/image\/","url":"https:\/\/compuviper.mx\/tienda\/wp-content\/uploads\/2021\/08\/Logo-Compuviper-10.png","contentUrl":"https:\/\/compuviper.mx\/tienda\/wp-content\/uploads\/2021\/08\/Logo-Compuviper-10.png","width":1000,"height":500,"caption":"Compuviper"},"image":{"@id":"https:\/\/compuviper.mx\/tienda\/#\/schema\/logo\/image\/"},"sameAs":["https:\/\/www.facebook.com\/compuviper","https:\/\/www.youtube.com\/channel\/UCf73dERp9Y3cfOq7q8BhLjA?view_as=subscriber"]}]},"product_brand":"WD - WESTERN DIGITAL","product_price_amount":"1629","product_price_currency":"MXN","og_availability":"instock","product_availability":"instock","product_retailer_item_id":"WD30EZAX","product_condition":"new"},"_links":{"self":[{"href":"https:\/\/compuviper.mx\/tienda\/wp-json\/wp\/v2\/product\/268550"}],"collection":[{"href":"https:\/\/compuviper.mx\/tienda\/wp-json\/wp\/v2\/product"}],"about":[{"href":"https:\/\/compuviper.mx\/tienda\/wp-json\/wp\/v2\/types\/product"}],"replies":[{"embeddable":true,"href":"https:\/\/compuviper.mx\/tienda\/wp-json\/wp\/v2\/comments?post=268550"}],"wp:attachment":[{"href":"https:\/\/compuviper.mx\/tienda\/wp-json\/wp\/v2\/media?parent=268550"}],"wp:term":[{"taxonomy":"product_cat","embeddable":true,"href":"https:\/\/compuviper.mx\/tienda\/wp-json\/wp\/v2\/product_cat?post=268550"},{"taxonomy":"product_tag","embeddable":true,"href":"https:\/\/compuviper.mx\/tienda\/wp-json\/wp\/v2\/product_tag?post=268550"}],"curies":[{"name":"wp","href":"https:\/\/api.w.org\/{rel}","templated":true}]}}