{"id":268548,"date":"2026-04-09T00:46:51","date_gmt":"2026-04-09T06:46:51","guid":{"rendered":"https:\/\/compuviper.mx\/tienda\/producto\/wd-western-digital-wd4005ffbx-disco-duro-interno-wd-red-pro-4tb-3-5-escritorio-sata3-6gb-s-256mb-7200rpm-24x7-hotplug-nas-1-16-bahias\/"},"modified":"2026-04-09T00:46:51","modified_gmt":"2026-04-09T06:46:51","slug":"wd-western-digital-wd4005ffbx-disco-duro-interno-wd-red-pro-4tb-3-5-escritorio-sata3-6gb-s-256mb-7200rpm-24x7-hotplug-nas-1-16-bahias","status":"publish","type":"product","link":"https:\/\/compuviper.mx\/tienda\/producto\/wd-western-digital-wd4005ffbx-disco-duro-interno-wd-red-pro-4tb-3-5-escritorio-sata3-6gb-s-256mb-7200rpm-24x7-hotplug-nas-1-16-bahias\/","title":{"rendered":"Wd &#8211; Western Digital Wd4005ffbx Disco Duro Interno Wd Red Pro 4tb 3.5 Escritorio Sata3 6gb\/s 256mb 7200rpm 24&#215;7 Hotplug Nas 1-16 Bahias"},"content":{"rendered":"<table class=\"descripcion\">\n<tr>\n<td>Caracter\u00edsticas<\/td>\n<\/tr>\n<tr>\n<td>\u0095ideal para sistemas nas de profesionales creativos, medianas y grandes empresas y sistemas comerciales o empresariales<\/td>\n<\/tr>\n<tr>\n<td>\u0095para sistemas nas optimizados para raid con un n\u00famero ilimitado de ranuras<\/td>\n<\/tr>\n<tr>\n<td>\u0095calificado para cargas de trabajo de 550 tb\/a\u00f1o1 y hasta 2,5 millones de horas de tiempo medio entre fallos (mtbf)<\/td>\n<\/tr>\n<tr>\n<td>Capacidad<\/td>\n<\/tr>\n<tr>\n<td>4 tb<\/td>\n<\/tr>\n<tr>\n<td>Formato<\/td>\n<\/tr>\n<tr>\n<td>3,5 pulgadas<\/td>\n<\/tr>\n<tr>\n<td>Compatibilidad<\/td>\n<\/tr>\n<tr>\n<td>Para sistemas nas optimizados para raid con un n\u00famero ilimitado de ranuras<\/td>\n<\/tr>\n<tr>\n<td>Interfaz<\/td>\n<\/tr>\n<tr>\n<td>Sata<\/td>\n<\/tr>\n<tr>\n<td>Velocidad de transferencia<\/td>\n<\/tr>\n<tr>\n<td>Hasta 217 mb\/s<\/td>\n<\/tr>\n<tr>\n<td>Velocidad del disco (rpm)<\/td>\n<\/tr>\n<tr>\n<td>7200 rpm<\/td>\n<\/tr>\n<tr>\n<td>Tecnolog\u00eda de grabaci\u00f3n<\/td>\n<\/tr>\n<tr>\n<td>Rmc<\/td>\n<\/tr>\n<tr>\n<td>Tama\u00f1o del cach\u00e9<\/td>\n<\/tr>\n<tr>\n<td>256mb<\/td>\n<\/tr>\n<tr>\n<td>Garant\u00eda<\/td>\n<\/tr>\n<tr>\n<td>Garant\u00eda limitada de 5 a\u00f1os<\/td>\n<\/tr>\n<tr>\n<td>Dimensiones (largo, ancho y alto)<\/td>\n<\/tr>\n<tr>\n<td>5,79 x 4 x 1,03<\/td>\n<\/tr>\n<tr>\n<td>Peso<\/td>\n<\/tr>\n<tr>\n<td>N\u00famero de modelo<\/td>\n<\/tr>\n<tr>\n<td>Wd4005ffbx<\/td>\n<\/tr>\n<tr>\n<td>Temperatura. operativo<\/td>\n<\/tr>\n<tr>\n<td>0\u00b0c a 65\u00b0c<\/td>\n<\/tr>\n<tr>\n<td>Temperatura no operativa<\/td>\n<\/tr>\n<tr>\n<td>-40\u00b0c a 70\u00b0c<\/td>\n<\/tr>\n<tr>\n<td>Certificaciones<\/td>\n<\/tr>\n<tr>\n<td>Bsmi, ices-003\/nmb-003, ce, fcc, kc, magreb, rcm, ukca, vcci, cb-scheme, tuv, ul<\/td>\n<\/tr>\n<\/table>\n","protected":false},"excerpt":{"rendered":"<p>Los discos wd red pro est\u00e1n dise\u00f1ados para manejar cargas de trabajo de alta intensidad en entornos nas comerciales y empresariales multiusuario de funcionamiento ininterrumpido. Los discos wd red pro ofrecen el rendimiento, la escalabilidad y la confiabilidad que las empresas necesitan para almacenar, compartir y colaborar con grandes cantidades de datos en sistemas nas. Optimizado para nas con nasware. La tecnolog\u00eda nasware, exclusiva de western digital, ajusta con precisi\u00f3n los par\u00e1metros para que coincidan con las cargas de trabajo del sistema nas, lo que ayuda a aumentar la confiabilidad y el rendimiento.<\/p>\n","protected":false},"featured_media":268549,"comment_status":"open","ping_status":"open","template":"","meta":[],"product_cat":[1706,1703],"product_tag":[1705],"acf":[],"yoast_head":"<!-- This site is optimized with the Yoast SEO plugin v21.7 - https:\/\/yoast.com\/wordpress\/plugins\/seo\/ -->\n<title>[ Wd - Western Digital ] &#129351; Wd4005ffbx Disco Duro Interno Wd Red Pro 4tb 3.5 Escritorio Sata3 6gb\/s 256mb 7200rpm 24x7 Hotplug Nas 1-16 Bahias<\/title>\n<meta name=\"description\" content=\"Compra Wd4005ffbx Disco Duro Interno Wd Red Pro 4tb 3.5 Escritorio Sata3 6gb\/s 256mb 7200rpm 24x7 Hotplug Nas 1-16 Bahias + Env\u00edo a domicilio + Pago seguro + Garant\u00eda\" \/>\n<meta name=\"robots\" content=\"index, follow, max-snippet:-1, max-image-preview:large, max-video-preview:-1\" \/>\n<link rel=\"canonical\" href=\"https:\/\/compuviper.mx\/tienda\/producto\/wd-western-digital-wd4005ffbx-disco-duro-interno-wd-red-pro-4tb-3-5-escritorio-sata3-6gb-s-256mb-7200rpm-24x7-hotplug-nas-1-16-bahias\/\" \/>\n<meta property=\"og:locale\" content=\"es_MX\" \/>\n<meta property=\"og:type\" content=\"article\" \/>\n<meta property=\"og:title\" content=\"[ Wd - Western Digital ] &#129351; Wd4005ffbx Disco Duro Interno Wd Red Pro 4tb 3.5 Escritorio Sata3 6gb\/s 256mb 7200rpm 24x7 Hotplug Nas 1-16 Bahias\" \/>\n<meta property=\"og:description\" content=\"Compra Wd4005ffbx Disco Duro Interno Wd Red Pro 4tb 3.5 Escritorio Sata3 6gb\/s 256mb 7200rpm 24x7 Hotplug Nas 1-16 Bahias + Env\u00edo a domicilio + Pago seguro + Garant\u00eda\" \/>\n<meta property=\"og:url\" content=\"https:\/\/compuviper.mx\/tienda\/producto\/wd-western-digital-wd4005ffbx-disco-duro-interno-wd-red-pro-4tb-3-5-escritorio-sata3-6gb-s-256mb-7200rpm-24x7-hotplug-nas-1-16-bahias\/\" \/>\n<meta property=\"og:site_name\" content=\"Compuviper\" \/>\n<meta property=\"article:publisher\" content=\"https:\/\/www.facebook.com\/compuviper\" \/>\n<meta property=\"og:image\" content=\"https:\/\/compuviper.mx\/tienda\/wp-content\/uploads\/2026\/04\/Disco-duro-interno-wd-red-pro-4tb-3.5-escritorio-sata3-6gbs-256mb-7200rpm-24x7-hotplug-nas-1-16-bahias-wd4005ffbx.jpg\" \/>\n\t<meta property=\"og:image:width\" content=\"200\" \/>\n\t<meta property=\"og:image:height\" content=\"200\" \/>\n\t<meta property=\"og:image:type\" content=\"image\/jpeg\" \/>\n<meta name=\"twitter:card\" content=\"summary_large_image\" \/>\n<meta name=\"twitter:label1\" content=\"Precio\" \/>\n\t<meta name=\"twitter:data1\" content=\"&#36;2,710 con IVA\" \/>\n\t<meta name=\"twitter:label2\" content=\"Availability\" \/>\n\t<meta name=\"twitter:data2\" content=\"Out of stock\" \/>\n<script type=\"application\/ld+json\" class=\"yoast-schema-graph\">{\"@context\":\"https:\/\/schema.org\",\"@graph\":[{\"@type\":\"WebPage\",\"@id\":\"https:\/\/compuviper.mx\/tienda\/producto\/wd-western-digital-wd4005ffbx-disco-duro-interno-wd-red-pro-4tb-3-5-escritorio-sata3-6gb-s-256mb-7200rpm-24x7-hotplug-nas-1-16-bahias\/\",\"url\":\"https:\/\/compuviper.mx\/tienda\/producto\/wd-western-digital-wd4005ffbx-disco-duro-interno-wd-red-pro-4tb-3-5-escritorio-sata3-6gb-s-256mb-7200rpm-24x7-hotplug-nas-1-16-bahias\/\",\"name\":\"[ Wd - Western Digital ] &#129351; Wd4005ffbx Disco Duro Interno Wd Red Pro 4tb 3.5 Escritorio Sata3 6gb\/s 256mb 7200rpm 24x7 Hotplug Nas 1-16 Bahias\",\"isPartOf\":{\"@id\":\"https:\/\/compuviper.mx\/tienda\/#website\"},\"datePublished\":\"2026-04-09T06:46:51+00:00\",\"dateModified\":\"2026-04-09T06:46:51+00:00\",\"description\":\"Compra Wd4005ffbx Disco Duro Interno Wd Red Pro 4tb 3.5 Escritorio Sata3 6gb\/s 256mb 7200rpm 24x7 Hotplug Nas 1-16 Bahias + Env\u00edo a domicilio + Pago seguro + Garant\u00eda\",\"breadcrumb\":{\"@id\":\"https:\/\/compuviper.mx\/tienda\/producto\/wd-western-digital-wd4005ffbx-disco-duro-interno-wd-red-pro-4tb-3-5-escritorio-sata3-6gb-s-256mb-7200rpm-24x7-hotplug-nas-1-16-bahias\/#breadcrumb\"},\"inLanguage\":\"es-MX\",\"potentialAction\":[{\"@type\":\"ReadAction\",\"target\":[\"https:\/\/compuviper.mx\/tienda\/producto\/wd-western-digital-wd4005ffbx-disco-duro-interno-wd-red-pro-4tb-3-5-escritorio-sata3-6gb-s-256mb-7200rpm-24x7-hotplug-nas-1-16-bahias\/\"]}]},{\"@type\":\"BreadcrumbList\",\"@id\":\"https:\/\/compuviper.mx\/tienda\/producto\/wd-western-digital-wd4005ffbx-disco-duro-interno-wd-red-pro-4tb-3-5-escritorio-sata3-6gb-s-256mb-7200rpm-24x7-hotplug-nas-1-16-bahias\/#breadcrumb\",\"itemListElement\":[{\"@type\":\"ListItem\",\"position\":1,\"name\":\"Inicio\",\"item\":\"https:\/\/compuviper.mx\/tienda\/\"},{\"@type\":\"ListItem\",\"position\":2,\"name\":\"Productos\",\"item\":\"https:\/\/compuviper.mx\/tienda\/productos\/\"},{\"@type\":\"ListItem\",\"position\":3,\"name\":\"Wd &#8211; Western Digital Wd4005ffbx Disco Duro Interno Wd Red Pro 4tb 3.5 Escritorio Sata3 6gb\/s 256mb 7200rpm 24&#215;7 Hotplug Nas 1-16 Bahias\"}]},{\"@type\":\"WebSite\",\"@id\":\"https:\/\/compuviper.mx\/tienda\/#website\",\"url\":\"https:\/\/compuviper.mx\/tienda\/\",\"name\":\"Compuviper\",\"description\":\"Proveedor de Computadoras, Laptops, Servidores, Monitores, Puntos de Venta, Teclados,   Impresoras, T\u00f3ner, C\u00e1maras de Seguridad y m\u00e1s en tu tienda en l\u00ednea\",\"publisher\":{\"@id\":\"https:\/\/compuviper.mx\/tienda\/#organization\"},\"potentialAction\":[{\"@type\":\"SearchAction\",\"target\":{\"@type\":\"EntryPoint\",\"urlTemplate\":\"https:\/\/compuviper.mx\/tienda\/?s={search_term_string}\"},\"query-input\":\"required name=search_term_string\"}],\"inLanguage\":\"es-MX\"},{\"@type\":\"Organization\",\"@id\":\"https:\/\/compuviper.mx\/tienda\/#organization\",\"name\":\"Compuviper\",\"url\":\"https:\/\/compuviper.mx\/tienda\/\",\"logo\":{\"@type\":\"ImageObject\",\"inLanguage\":\"es-MX\",\"@id\":\"https:\/\/compuviper.mx\/tienda\/#\/schema\/logo\/image\/\",\"url\":\"https:\/\/compuviper.mx\/tienda\/wp-content\/uploads\/2021\/08\/Logo-Compuviper-10.png\",\"contentUrl\":\"https:\/\/compuviper.mx\/tienda\/wp-content\/uploads\/2021\/08\/Logo-Compuviper-10.png\",\"width\":1000,\"height\":500,\"caption\":\"Compuviper\"},\"image\":{\"@id\":\"https:\/\/compuviper.mx\/tienda\/#\/schema\/logo\/image\/\"},\"sameAs\":[\"https:\/\/www.facebook.com\/compuviper\",\"https:\/\/www.youtube.com\/channel\/UCf73dERp9Y3cfOq7q8BhLjA?view_as=subscriber\"]}]}<\/script>\n<meta property=\"product:brand\" content=\"WD - WESTERN DIGITAL\" \/>\n<meta property=\"product:price:amount\" content=\"2710\" \/>\n<meta property=\"product:price:currency\" content=\"MXN\" \/>\n<meta property=\"og:availability\" content=\"out of stock\" \/>\n<meta property=\"product:availability\" content=\"out of stock\" \/>\n<meta property=\"product:retailer_item_id\" content=\"WD4005FFBX\" \/>\n<meta property=\"product:condition\" content=\"new\" \/>\n<!-- \/ Yoast SEO plugin. -->","yoast_head_json":{"title":"[ Wd - Western Digital ] &#129351; Wd4005ffbx Disco Duro Interno Wd Red Pro 4tb 3.5 Escritorio Sata3 6gb\/s 256mb 7200rpm 24x7 Hotplug Nas 1-16 Bahias","description":"Compra Wd4005ffbx Disco Duro Interno Wd Red Pro 4tb 3.5 Escritorio Sata3 6gb\/s 256mb 7200rpm 24x7 Hotplug Nas 1-16 Bahias + Env\u00edo a domicilio + Pago seguro + Garant\u00eda","robots":{"index":"index","follow":"follow","max-snippet":"max-snippet:-1","max-image-preview":"max-image-preview:large","max-video-preview":"max-video-preview:-1"},"canonical":"https:\/\/compuviper.mx\/tienda\/producto\/wd-western-digital-wd4005ffbx-disco-duro-interno-wd-red-pro-4tb-3-5-escritorio-sata3-6gb-s-256mb-7200rpm-24x7-hotplug-nas-1-16-bahias\/","og_locale":"es_MX","og_type":"article","og_title":"[ Wd - Western Digital ] &#129351; Wd4005ffbx Disco Duro Interno Wd Red Pro 4tb 3.5 Escritorio Sata3 6gb\/s 256mb 7200rpm 24x7 Hotplug Nas 1-16 Bahias","og_description":"Compra Wd4005ffbx Disco Duro Interno Wd Red Pro 4tb 3.5 Escritorio Sata3 6gb\/s 256mb 7200rpm 24x7 Hotplug Nas 1-16 Bahias + Env\u00edo a domicilio + Pago seguro + Garant\u00eda","og_url":"https:\/\/compuviper.mx\/tienda\/producto\/wd-western-digital-wd4005ffbx-disco-duro-interno-wd-red-pro-4tb-3-5-escritorio-sata3-6gb-s-256mb-7200rpm-24x7-hotplug-nas-1-16-bahias\/","og_site_name":"Compuviper","article_publisher":"https:\/\/www.facebook.com\/compuviper","og_image":[{"width":200,"height":200,"url":"https:\/\/compuviper.mx\/tienda\/wp-content\/uploads\/2026\/04\/Disco-duro-interno-wd-red-pro-4tb-3.5-escritorio-sata3-6gbs-256mb-7200rpm-24x7-hotplug-nas-1-16-bahias-wd4005ffbx.jpg","type":"image\/jpeg"}],"twitter_card":"summary_large_image","twitter_misc":{"Precio":"&#36;2,710 con IVA","Availability":"Out of stock"},"schema":{"@context":"https:\/\/schema.org","@graph":[{"@type":"WebPage","@id":"https:\/\/compuviper.mx\/tienda\/producto\/wd-western-digital-wd4005ffbx-disco-duro-interno-wd-red-pro-4tb-3-5-escritorio-sata3-6gb-s-256mb-7200rpm-24x7-hotplug-nas-1-16-bahias\/","url":"https:\/\/compuviper.mx\/tienda\/producto\/wd-western-digital-wd4005ffbx-disco-duro-interno-wd-red-pro-4tb-3-5-escritorio-sata3-6gb-s-256mb-7200rpm-24x7-hotplug-nas-1-16-bahias\/","name":"[ Wd - Western Digital ] &#129351; Wd4005ffbx Disco Duro Interno Wd Red Pro 4tb 3.5 Escritorio Sata3 6gb\/s 256mb 7200rpm 24x7 Hotplug Nas 1-16 Bahias","isPartOf":{"@id":"https:\/\/compuviper.mx\/tienda\/#website"},"datePublished":"2026-04-09T06:46:51+00:00","dateModified":"2026-04-09T06:46:51+00:00","description":"Compra Wd4005ffbx Disco Duro Interno Wd Red Pro 4tb 3.5 Escritorio Sata3 6gb\/s 256mb 7200rpm 24x7 Hotplug Nas 1-16 Bahias + Env\u00edo a domicilio + Pago seguro + Garant\u00eda","breadcrumb":{"@id":"https:\/\/compuviper.mx\/tienda\/producto\/wd-western-digital-wd4005ffbx-disco-duro-interno-wd-red-pro-4tb-3-5-escritorio-sata3-6gb-s-256mb-7200rpm-24x7-hotplug-nas-1-16-bahias\/#breadcrumb"},"inLanguage":"es-MX","potentialAction":[{"@type":"ReadAction","target":["https:\/\/compuviper.mx\/tienda\/producto\/wd-western-digital-wd4005ffbx-disco-duro-interno-wd-red-pro-4tb-3-5-escritorio-sata3-6gb-s-256mb-7200rpm-24x7-hotplug-nas-1-16-bahias\/"]}]},{"@type":"BreadcrumbList","@id":"https:\/\/compuviper.mx\/tienda\/producto\/wd-western-digital-wd4005ffbx-disco-duro-interno-wd-red-pro-4tb-3-5-escritorio-sata3-6gb-s-256mb-7200rpm-24x7-hotplug-nas-1-16-bahias\/#breadcrumb","itemListElement":[{"@type":"ListItem","position":1,"name":"Inicio","item":"https:\/\/compuviper.mx\/tienda\/"},{"@type":"ListItem","position":2,"name":"Productos","item":"https:\/\/compuviper.mx\/tienda\/productos\/"},{"@type":"ListItem","position":3,"name":"Wd &#8211; Western Digital Wd4005ffbx Disco Duro Interno Wd Red Pro 4tb 3.5 Escritorio Sata3 6gb\/s 256mb 7200rpm 24&#215;7 Hotplug Nas 1-16 Bahias"}]},{"@type":"WebSite","@id":"https:\/\/compuviper.mx\/tienda\/#website","url":"https:\/\/compuviper.mx\/tienda\/","name":"Compuviper","description":"Proveedor de Computadoras, Laptops, Servidores, Monitores, Puntos de Venta, Teclados,   Impresoras, T\u00f3ner, C\u00e1maras de Seguridad y m\u00e1s en tu tienda en l\u00ednea","publisher":{"@id":"https:\/\/compuviper.mx\/tienda\/#organization"},"potentialAction":[{"@type":"SearchAction","target":{"@type":"EntryPoint","urlTemplate":"https:\/\/compuviper.mx\/tienda\/?s={search_term_string}"},"query-input":"required name=search_term_string"}],"inLanguage":"es-MX"},{"@type":"Organization","@id":"https:\/\/compuviper.mx\/tienda\/#organization","name":"Compuviper","url":"https:\/\/compuviper.mx\/tienda\/","logo":{"@type":"ImageObject","inLanguage":"es-MX","@id":"https:\/\/compuviper.mx\/tienda\/#\/schema\/logo\/image\/","url":"https:\/\/compuviper.mx\/tienda\/wp-content\/uploads\/2021\/08\/Logo-Compuviper-10.png","contentUrl":"https:\/\/compuviper.mx\/tienda\/wp-content\/uploads\/2021\/08\/Logo-Compuviper-10.png","width":1000,"height":500,"caption":"Compuviper"},"image":{"@id":"https:\/\/compuviper.mx\/tienda\/#\/schema\/logo\/image\/"},"sameAs":["https:\/\/www.facebook.com\/compuviper","https:\/\/www.youtube.com\/channel\/UCf73dERp9Y3cfOq7q8BhLjA?view_as=subscriber"]}]},"product_brand":"WD - WESTERN DIGITAL","product_price_amount":"2710","product_price_currency":"MXN","og_availability":"out of stock","product_availability":"out of stock","product_retailer_item_id":"WD4005FFBX","product_condition":"new"},"_links":{"self":[{"href":"https:\/\/compuviper.mx\/tienda\/wp-json\/wp\/v2\/product\/268548"}],"collection":[{"href":"https:\/\/compuviper.mx\/tienda\/wp-json\/wp\/v2\/product"}],"about":[{"href":"https:\/\/compuviper.mx\/tienda\/wp-json\/wp\/v2\/types\/product"}],"replies":[{"embeddable":true,"href":"https:\/\/compuviper.mx\/tienda\/wp-json\/wp\/v2\/comments?post=268548"}],"wp:featuredmedia":[{"embeddable":true,"href":"https:\/\/compuviper.mx\/tienda\/wp-json\/wp\/v2\/media\/268549"}],"wp:attachment":[{"href":"https:\/\/compuviper.mx\/tienda\/wp-json\/wp\/v2\/media?parent=268548"}],"wp:term":[{"taxonomy":"product_cat","embeddable":true,"href":"https:\/\/compuviper.mx\/tienda\/wp-json\/wp\/v2\/product_cat?post=268548"},{"taxonomy":"product_tag","embeddable":true,"href":"https:\/\/compuviper.mx\/tienda\/wp-json\/wp\/v2\/product_tag?post=268548"}],"curies":[{"name":"wp","href":"https:\/\/api.w.org\/{rel}","templated":true}]}}