{"id":268532,"date":"2026-04-18T02:30:36","date_gmt":"2026-04-18T08:30:36","guid":{"rendered":"https:\/\/compuviper.mx\/tienda\/producto\/asus-oem-dual-rtx5060-o8g-tarjeta-de-video-asus-nvidia-rtx5060-pcie-x16-5-0-8gb-gddr7-hdmi-3x-dp-estandar-gama-media\/"},"modified":"2026-04-18T02:30:36","modified_gmt":"2026-04-18T08:30:36","slug":"asus-oem-dual-rtx5060-o8g-tarjeta-de-video-asus-nvidia-rtx5060-pcie-x16-5-0-8gb-gddr7-hdmi-3x-dp-estandar-gama-media","status":"publish","type":"product","link":"https:\/\/compuviper.mx\/tienda\/producto\/asus-oem-dual-rtx5060-o8g-tarjeta-de-video-asus-nvidia-rtx5060-pcie-x16-5-0-8gb-gddr7-hdmi-3x-dp-estandar-gama-media\/","title":{"rendered":"Asus Oem Dual-rtx5060-o8g Tarjeta De Video Asus Nvidia Rtx5060 \/pcie X16 5.0 \/8gb Gddr7 \/hdmi \/3x Dp \/estandar \/gama Media"},"content":{"rendered":"<table class=\"descripcion\">\n<tr>\n<td>Dual-rtx5060-o8g<\/td>\n<\/tr>\n<tr>\n<td>Graphic engine  nvidia geforce rtx 5060<\/td>\n<\/tr>\n<tr>\n<td>Ai performance  614 tops<\/td>\n<\/tr>\n<tr>\n<td>Bus standard  pci express 5.0<\/td>\n<\/tr>\n<tr>\n<td>Opengl  opengl4.6<\/td>\n<\/tr>\n<tr>\n<td>Video memory  8gb gddr7<\/td>\n<\/tr>\n<tr>\n<td>Engine clock<\/td>\n<\/tr>\n<tr>\n<td>-oc mode: 2565mhz<\/td>\n<\/tr>\n<tr>\n<td>-default mode: 2535mhz (boost clock)<\/td>\n<\/tr>\n<tr>\n<td>Cuda core  3840<\/td>\n<\/tr>\n<tr>\n<td>Memory speed  28 gbps<\/td>\n<\/tr>\n<tr>\n<td>Memory interface  128-bit<\/td>\n<\/tr>\n<tr>\n<td>Resolution  digital max resolution 7680 x 4320<\/td>\n<\/tr>\n<tr>\n<td>Interface<\/td>\n<\/tr>\n<tr>\n<td>-yes x 1 (native hdmi 2.1b)<\/td>\n<\/tr>\n<tr>\n<td>-yes x 3 (native displayport 2.1b)<\/td>\n<\/tr>\n<tr>\n<td>-hdcp support yes (2.3)<\/td>\n<\/tr>\n<tr>\n<td>Maximum display support  4<\/td>\n<\/tr>\n<tr>\n<td>Nvlink\/ crossfire support  no<\/td>\n<\/tr>\n<tr>\n<td>Software  asus gpu tweak iii  and  musetree  and  geforce game ready driver  and  studio driver: please download all software from the support site.<\/td>\n<\/tr>\n<tr>\n<td>Dimensions  228 x 123 x 50 mm  \/  8.98 x 4.84 x 1.97 inches<\/td>\n<\/tr>\n<tr>\n<td>Recommended psu  550w<\/td>\n<\/tr>\n<tr>\n<td>Power connectors  1 x 8-pin<\/td>\n<\/tr>\n<tr>\n<td>Slot  2.5 slot<\/td>\n<\/tr>\n<\/table>\n","protected":false},"excerpt":{"rendered":"<p>Dual geforce rtx 5060. Doble ventilador, ajuste perfecto. Asus dual geforce rtx 5060 combina un potente rendimiento t\u00e9rmico con amplia compatibilidad. Soluciones de enfriamiento avanzadas de tarjetas gr\u00e1ficas de gama alta, incluyendo dos ventiladores axial-tech para optimizar el flujo de aire hacia el disipador. Dise\u00f1ada en un formato compacto de 2.5 ranuras, entregando m\u00e1s potencia en menos espacio. Estas mejoras hacen de asus dual la elecci\u00f3n perfecta para gamers que desean un rendimiento gr\u00e1fico potente en un equipo compacto.<\/p>\n","protected":false},"featured_media":0,"comment_status":"open","ping_status":"open","template":"","meta":[],"product_cat":[1841,1842],"product_tag":[2096],"acf":[],"yoast_head":"<!-- This site is optimized with the Yoast SEO plugin v21.7 - https:\/\/yoast.com\/wordpress\/plugins\/seo\/ -->\n<title>[ Asus Oem ] &#129351; Dual-rtx5060-o8g Tarjeta De Video Asus Nvidia Rtx5060 \/pcie X16 5.0 \/8gb Gddr7 \/hdmi \/3x Dp \/estandar \/gama Media<\/title>\n<meta name=\"description\" content=\"Compra Dual-rtx5060-o8g Tarjeta De Video Asus Nvidia Rtx5060 \/pcie X16 5.0 \/8gb Gddr7 \/hdmi \/3x Dp \/estandar \/gama Media + Env\u00edo a domicilio + Pago seguro + Garant\u00eda\" \/>\n<meta name=\"robots\" content=\"index, follow, max-snippet:-1, max-image-preview:large, max-video-preview:-1\" \/>\n<link rel=\"canonical\" href=\"https:\/\/compuviper.mx\/tienda\/producto\/asus-oem-dual-rtx5060-o8g-tarjeta-de-video-asus-nvidia-rtx5060-pcie-x16-5-0-8gb-gddr7-hdmi-3x-dp-estandar-gama-media\/\" \/>\n<meta property=\"og:locale\" content=\"es_MX\" \/>\n<meta property=\"og:type\" content=\"article\" \/>\n<meta property=\"og:title\" content=\"[ Asus Oem ] &#129351; Dual-rtx5060-o8g Tarjeta De Video Asus Nvidia Rtx5060 \/pcie X16 5.0 \/8gb Gddr7 \/hdmi \/3x Dp \/estandar \/gama Media\" \/>\n<meta property=\"og:description\" content=\"Compra Dual-rtx5060-o8g Tarjeta De Video Asus Nvidia Rtx5060 \/pcie X16 5.0 \/8gb Gddr7 \/hdmi \/3x Dp \/estandar \/gama Media + Env\u00edo a domicilio + Pago seguro + Garant\u00eda\" \/>\n<meta property=\"og:url\" content=\"https:\/\/compuviper.mx\/tienda\/producto\/asus-oem-dual-rtx5060-o8g-tarjeta-de-video-asus-nvidia-rtx5060-pcie-x16-5-0-8gb-gddr7-hdmi-3x-dp-estandar-gama-media\/\" \/>\n<meta property=\"og:site_name\" content=\"Compuviper\" \/>\n<meta property=\"article:publisher\" content=\"https:\/\/www.facebook.com\/compuviper\" \/>\n<meta name=\"twitter:card\" content=\"summary_large_image\" \/>\n<meta name=\"twitter:label1\" content=\"Precio\" \/>\n\t<meta name=\"twitter:data1\" content=\"&#36;6,377 con IVA\" \/>\n\t<meta name=\"twitter:label2\" content=\"Availability\" \/>\n\t<meta name=\"twitter:data2\" content=\"In stock\" \/>\n<script type=\"application\/ld+json\" class=\"yoast-schema-graph\">{\"@context\":\"https:\/\/schema.org\",\"@graph\":[{\"@type\":\"WebPage\",\"@id\":\"https:\/\/compuviper.mx\/tienda\/producto\/asus-oem-dual-rtx5060-o8g-tarjeta-de-video-asus-nvidia-rtx5060-pcie-x16-5-0-8gb-gddr7-hdmi-3x-dp-estandar-gama-media\/\",\"url\":\"https:\/\/compuviper.mx\/tienda\/producto\/asus-oem-dual-rtx5060-o8g-tarjeta-de-video-asus-nvidia-rtx5060-pcie-x16-5-0-8gb-gddr7-hdmi-3x-dp-estandar-gama-media\/\",\"name\":\"[ Asus Oem ] &#129351; Dual-rtx5060-o8g Tarjeta De Video Asus Nvidia Rtx5060 \/pcie X16 5.0 \/8gb Gddr7 \/hdmi \/3x Dp \/estandar \/gama Media\",\"isPartOf\":{\"@id\":\"https:\/\/compuviper.mx\/tienda\/#website\"},\"datePublished\":\"2026-04-18T08:30:36+00:00\",\"dateModified\":\"2026-04-18T08:30:36+00:00\",\"description\":\"Compra Dual-rtx5060-o8g Tarjeta De Video Asus Nvidia Rtx5060 \/pcie X16 5.0 \/8gb Gddr7 \/hdmi \/3x Dp \/estandar \/gama Media + Env\u00edo a domicilio + Pago seguro + Garant\u00eda\",\"breadcrumb\":{\"@id\":\"https:\/\/compuviper.mx\/tienda\/producto\/asus-oem-dual-rtx5060-o8g-tarjeta-de-video-asus-nvidia-rtx5060-pcie-x16-5-0-8gb-gddr7-hdmi-3x-dp-estandar-gama-media\/#breadcrumb\"},\"inLanguage\":\"es-MX\",\"potentialAction\":[{\"@type\":\"ReadAction\",\"target\":[\"https:\/\/compuviper.mx\/tienda\/producto\/asus-oem-dual-rtx5060-o8g-tarjeta-de-video-asus-nvidia-rtx5060-pcie-x16-5-0-8gb-gddr7-hdmi-3x-dp-estandar-gama-media\/\"]}]},{\"@type\":\"BreadcrumbList\",\"@id\":\"https:\/\/compuviper.mx\/tienda\/producto\/asus-oem-dual-rtx5060-o8g-tarjeta-de-video-asus-nvidia-rtx5060-pcie-x16-5-0-8gb-gddr7-hdmi-3x-dp-estandar-gama-media\/#breadcrumb\",\"itemListElement\":[{\"@type\":\"ListItem\",\"position\":1,\"name\":\"Inicio\",\"item\":\"https:\/\/compuviper.mx\/tienda\/\"},{\"@type\":\"ListItem\",\"position\":2,\"name\":\"Productos\",\"item\":\"https:\/\/compuviper.mx\/tienda\/productos\/\"},{\"@type\":\"ListItem\",\"position\":3,\"name\":\"Video\",\"item\":\"https:\/\/compuviper.mx\/tienda\/categoria-producto\/video\/\"},{\"@type\":\"ListItem\",\"position\":4,\"name\":\"Video\",\"item\":\"https:\/\/compuviper.mx\/tienda\/categoria-producto\/video\/video-video\/\"},{\"@type\":\"ListItem\",\"position\":5,\"name\":\"Asus Oem Dual-rtx5060-o8g Tarjeta De Video Asus Nvidia Rtx5060 \/pcie X16 5.0 \/8gb Gddr7 \/hdmi \/3x Dp \/estandar \/gama Media\"}]},{\"@type\":\"WebSite\",\"@id\":\"https:\/\/compuviper.mx\/tienda\/#website\",\"url\":\"https:\/\/compuviper.mx\/tienda\/\",\"name\":\"Compuviper\",\"description\":\"Proveedor de Computadoras, Laptops, Servidores, Monitores, Puntos de Venta, Teclados,   Impresoras, T\u00f3ner, C\u00e1maras de Seguridad y m\u00e1s en tu tienda en l\u00ednea\",\"publisher\":{\"@id\":\"https:\/\/compuviper.mx\/tienda\/#organization\"},\"potentialAction\":[{\"@type\":\"SearchAction\",\"target\":{\"@type\":\"EntryPoint\",\"urlTemplate\":\"https:\/\/compuviper.mx\/tienda\/?s={search_term_string}\"},\"query-input\":\"required name=search_term_string\"}],\"inLanguage\":\"es-MX\"},{\"@type\":\"Organization\",\"@id\":\"https:\/\/compuviper.mx\/tienda\/#organization\",\"name\":\"Compuviper\",\"url\":\"https:\/\/compuviper.mx\/tienda\/\",\"logo\":{\"@type\":\"ImageObject\",\"inLanguage\":\"es-MX\",\"@id\":\"https:\/\/compuviper.mx\/tienda\/#\/schema\/logo\/image\/\",\"url\":\"https:\/\/compuviper.mx\/tienda\/wp-content\/uploads\/2021\/08\/Logo-Compuviper-10.png\",\"contentUrl\":\"https:\/\/compuviper.mx\/tienda\/wp-content\/uploads\/2021\/08\/Logo-Compuviper-10.png\",\"width\":1000,\"height\":500,\"caption\":\"Compuviper\"},\"image\":{\"@id\":\"https:\/\/compuviper.mx\/tienda\/#\/schema\/logo\/image\/\"},\"sameAs\":[\"https:\/\/www.facebook.com\/compuviper\",\"https:\/\/www.youtube.com\/channel\/UCf73dERp9Y3cfOq7q8BhLjA?view_as=subscriber\"]}]}<\/script>\n<meta property=\"product:brand\" content=\"Asus Oem\" \/>\n<meta property=\"product:price:amount\" content=\"6377\" \/>\n<meta property=\"product:price:currency\" content=\"MXN\" \/>\n<meta property=\"og:availability\" content=\"instock\" \/>\n<meta property=\"product:availability\" content=\"instock\" \/>\n<meta property=\"product:retailer_item_id\" content=\"DUAL-RTX5060-O8G\" \/>\n<meta property=\"product:condition\" content=\"new\" \/>\n<!-- \/ Yoast SEO plugin. -->","yoast_head_json":{"title":"[ Asus Oem ] &#129351; Dual-rtx5060-o8g Tarjeta De Video Asus Nvidia Rtx5060 \/pcie X16 5.0 \/8gb Gddr7 \/hdmi \/3x Dp \/estandar \/gama Media","description":"Compra Dual-rtx5060-o8g Tarjeta De Video Asus Nvidia Rtx5060 \/pcie X16 5.0 \/8gb Gddr7 \/hdmi \/3x Dp \/estandar \/gama Media + Env\u00edo a domicilio + Pago seguro + Garant\u00eda","robots":{"index":"index","follow":"follow","max-snippet":"max-snippet:-1","max-image-preview":"max-image-preview:large","max-video-preview":"max-video-preview:-1"},"canonical":"https:\/\/compuviper.mx\/tienda\/producto\/asus-oem-dual-rtx5060-o8g-tarjeta-de-video-asus-nvidia-rtx5060-pcie-x16-5-0-8gb-gddr7-hdmi-3x-dp-estandar-gama-media\/","og_locale":"es_MX","og_type":"article","og_title":"[ Asus Oem ] &#129351; Dual-rtx5060-o8g Tarjeta De Video Asus Nvidia Rtx5060 \/pcie X16 5.0 \/8gb Gddr7 \/hdmi \/3x Dp \/estandar \/gama Media","og_description":"Compra Dual-rtx5060-o8g Tarjeta De Video Asus Nvidia Rtx5060 \/pcie X16 5.0 \/8gb Gddr7 \/hdmi \/3x Dp \/estandar \/gama Media + Env\u00edo a domicilio + Pago seguro + Garant\u00eda","og_url":"https:\/\/compuviper.mx\/tienda\/producto\/asus-oem-dual-rtx5060-o8g-tarjeta-de-video-asus-nvidia-rtx5060-pcie-x16-5-0-8gb-gddr7-hdmi-3x-dp-estandar-gama-media\/","og_site_name":"Compuviper","article_publisher":"https:\/\/www.facebook.com\/compuviper","twitter_card":"summary_large_image","twitter_misc":{"Precio":"&#36;6,377 con IVA","Availability":"In stock"},"schema":{"@context":"https:\/\/schema.org","@graph":[{"@type":"WebPage","@id":"https:\/\/compuviper.mx\/tienda\/producto\/asus-oem-dual-rtx5060-o8g-tarjeta-de-video-asus-nvidia-rtx5060-pcie-x16-5-0-8gb-gddr7-hdmi-3x-dp-estandar-gama-media\/","url":"https:\/\/compuviper.mx\/tienda\/producto\/asus-oem-dual-rtx5060-o8g-tarjeta-de-video-asus-nvidia-rtx5060-pcie-x16-5-0-8gb-gddr7-hdmi-3x-dp-estandar-gama-media\/","name":"[ Asus Oem ] &#129351; Dual-rtx5060-o8g Tarjeta De Video Asus Nvidia Rtx5060 \/pcie X16 5.0 \/8gb Gddr7 \/hdmi \/3x Dp \/estandar \/gama Media","isPartOf":{"@id":"https:\/\/compuviper.mx\/tienda\/#website"},"datePublished":"2026-04-18T08:30:36+00:00","dateModified":"2026-04-18T08:30:36+00:00","description":"Compra Dual-rtx5060-o8g Tarjeta De Video Asus Nvidia Rtx5060 \/pcie X16 5.0 \/8gb Gddr7 \/hdmi \/3x Dp \/estandar \/gama Media + Env\u00edo a domicilio + Pago seguro + Garant\u00eda","breadcrumb":{"@id":"https:\/\/compuviper.mx\/tienda\/producto\/asus-oem-dual-rtx5060-o8g-tarjeta-de-video-asus-nvidia-rtx5060-pcie-x16-5-0-8gb-gddr7-hdmi-3x-dp-estandar-gama-media\/#breadcrumb"},"inLanguage":"es-MX","potentialAction":[{"@type":"ReadAction","target":["https:\/\/compuviper.mx\/tienda\/producto\/asus-oem-dual-rtx5060-o8g-tarjeta-de-video-asus-nvidia-rtx5060-pcie-x16-5-0-8gb-gddr7-hdmi-3x-dp-estandar-gama-media\/"]}]},{"@type":"BreadcrumbList","@id":"https:\/\/compuviper.mx\/tienda\/producto\/asus-oem-dual-rtx5060-o8g-tarjeta-de-video-asus-nvidia-rtx5060-pcie-x16-5-0-8gb-gddr7-hdmi-3x-dp-estandar-gama-media\/#breadcrumb","itemListElement":[{"@type":"ListItem","position":1,"name":"Inicio","item":"https:\/\/compuviper.mx\/tienda\/"},{"@type":"ListItem","position":2,"name":"Productos","item":"https:\/\/compuviper.mx\/tienda\/productos\/"},{"@type":"ListItem","position":3,"name":"Video","item":"https:\/\/compuviper.mx\/tienda\/categoria-producto\/video\/"},{"@type":"ListItem","position":4,"name":"Video","item":"https:\/\/compuviper.mx\/tienda\/categoria-producto\/video\/video-video\/"},{"@type":"ListItem","position":5,"name":"Asus Oem Dual-rtx5060-o8g Tarjeta De Video Asus Nvidia Rtx5060 \/pcie X16 5.0 \/8gb Gddr7 \/hdmi \/3x Dp \/estandar \/gama Media"}]},{"@type":"WebSite","@id":"https:\/\/compuviper.mx\/tienda\/#website","url":"https:\/\/compuviper.mx\/tienda\/","name":"Compuviper","description":"Proveedor de Computadoras, Laptops, Servidores, Monitores, Puntos de Venta, Teclados,   Impresoras, T\u00f3ner, C\u00e1maras de Seguridad y m\u00e1s en tu tienda en l\u00ednea","publisher":{"@id":"https:\/\/compuviper.mx\/tienda\/#organization"},"potentialAction":[{"@type":"SearchAction","target":{"@type":"EntryPoint","urlTemplate":"https:\/\/compuviper.mx\/tienda\/?s={search_term_string}"},"query-input":"required name=search_term_string"}],"inLanguage":"es-MX"},{"@type":"Organization","@id":"https:\/\/compuviper.mx\/tienda\/#organization","name":"Compuviper","url":"https:\/\/compuviper.mx\/tienda\/","logo":{"@type":"ImageObject","inLanguage":"es-MX","@id":"https:\/\/compuviper.mx\/tienda\/#\/schema\/logo\/image\/","url":"https:\/\/compuviper.mx\/tienda\/wp-content\/uploads\/2021\/08\/Logo-Compuviper-10.png","contentUrl":"https:\/\/compuviper.mx\/tienda\/wp-content\/uploads\/2021\/08\/Logo-Compuviper-10.png","width":1000,"height":500,"caption":"Compuviper"},"image":{"@id":"https:\/\/compuviper.mx\/tienda\/#\/schema\/logo\/image\/"},"sameAs":["https:\/\/www.facebook.com\/compuviper","https:\/\/www.youtube.com\/channel\/UCf73dERp9Y3cfOq7q8BhLjA?view_as=subscriber"]}]},"product_brand":"Asus Oem","product_price_amount":"6377","product_price_currency":"MXN","og_availability":"instock","product_availability":"instock","product_retailer_item_id":"DUAL-RTX5060-O8G","product_condition":"new"},"_links":{"self":[{"href":"https:\/\/compuviper.mx\/tienda\/wp-json\/wp\/v2\/product\/268532"}],"collection":[{"href":"https:\/\/compuviper.mx\/tienda\/wp-json\/wp\/v2\/product"}],"about":[{"href":"https:\/\/compuviper.mx\/tienda\/wp-json\/wp\/v2\/types\/product"}],"replies":[{"embeddable":true,"href":"https:\/\/compuviper.mx\/tienda\/wp-json\/wp\/v2\/comments?post=268532"}],"wp:attachment":[{"href":"https:\/\/compuviper.mx\/tienda\/wp-json\/wp\/v2\/media?parent=268532"}],"wp:term":[{"taxonomy":"product_cat","embeddable":true,"href":"https:\/\/compuviper.mx\/tienda\/wp-json\/wp\/v2\/product_cat?post=268532"},{"taxonomy":"product_tag","embeddable":true,"href":"https:\/\/compuviper.mx\/tienda\/wp-json\/wp\/v2\/product_tag?post=268532"}],"curies":[{"name":"wp","href":"https:\/\/api.w.org\/{rel}","templated":true}]}}