{"id":268515,"date":"2026-04-09T00:46:30","date_gmt":"2026-04-09T06:46:30","guid":{"rendered":"https:\/\/compuviper.mx\/tienda\/producto\/wd-western-digital-wd85purz-disco-duro-interno-wd-purple-8tb-3-5-escritorio-sata3-6gb-s-256mb-24x7-dvr-nvr-1-16-bahias-1-64-camara\/"},"modified":"2026-04-09T00:46:30","modified_gmt":"2026-04-09T06:46:30","slug":"wd-western-digital-wd85purz-disco-duro-interno-wd-purple-8tb-3-5-escritorio-sata3-6gb-s-256mb-24x7-dvr-nvr-1-16-bahias-1-64-camara","status":"publish","type":"product","link":"https:\/\/compuviper.mx\/tienda\/producto\/wd-western-digital-wd85purz-disco-duro-interno-wd-purple-8tb-3-5-escritorio-sata3-6gb-s-256mb-24x7-dvr-nvr-1-16-bahias-1-64-camara\/","title":{"rendered":"Wd &#8211; Western Digital Wd85purz Disco Duro Interno Wd Purple 8tb 3.5 Escritorio Sata3 6gb\/s 256mb 24&#215;7 Dvr Nvr 1-16 Bahias 1-64 Camara"},"content":{"rendered":"<table class=\"descripcion\">\n<tr>\n<td>Capacidad 8tb<\/td>\n<\/tr>\n<tr>\n<td>Especificaciones del producto numero de modelo wd85purz<\/td>\n<\/tr>\n<tr>\n<td>Factor de forma de 3,5 pulgadas<\/td>\n<\/tr>\n<tr>\n<td>Tecnologia de grabacion cmr<\/td>\n<\/tr>\n<tr>\n<td>Interfaz sata 6gb\/s<\/td>\n<\/tr>\n<tr>\n<td>Formato avanzado (af) si<\/td>\n<\/tr>\n<tr>\n<td>Cumple con rohs si<\/td>\n<\/tr>\n<tr>\n<td>Caracteristicas del producto maximo de compartimentos para unidades admitidos 16<\/td>\n<\/tr>\n<tr>\n<td>Soporte de camara hasta 64 hd<\/td>\n<\/tr>\n<tr>\n<td>Nombre de la caracteristica del firmware allframe<\/td>\n<\/tr>\n<tr>\n<td>Sensores para vehiculos recreativos si<\/td>\n<\/tr>\n<tr>\n<td>Componentes resistentes al deslustre si<\/td>\n<\/tr>\n<tr>\n<td>Rendimiento velocidad de transferencia de interfaz (max.) bufer interno a host 6 gb\/s<\/td>\n<\/tr>\n<tr>\n<td>Host hacia\/desde la unidad 215 mb\/s<\/td>\n<\/tr>\n<tr>\n<td>Cache (mb) 256 mb<\/td>\n<\/tr>\n<tr>\n<td>Fiabilidad\/integridad de los datos ciclos de carga\/descarga 300.000<\/td>\n<\/tr>\n<tr>\n<td>Clasificacion de carga de trabajo anualizada (tb\/a\u00f1o) 180 tb\/a\u00f1o<\/td>\n<\/tr>\n<tr>\n<td>Errores de lectura no recuperables por bits le\u00eddos  1 en 1014<\/td>\n<\/tr>\n<tr>\n<td>Mtbf8 1.000.000<\/td>\n<\/tr>\n<tr>\n<td>Garantia limitada  (a\u00f1os) 3 a\u00f1os<\/td>\n<\/tr>\n<tr>\n<td>Administracion de energia<\/td>\n<\/tr>\n<tr>\n<td>Potencia promedio (w) lectura\/escritura 5,3 w<\/td>\n<\/tr>\n<tr>\n<td>Inactivo 4,7 w<\/td>\n<\/tr>\n<tr>\n<td>En espera\/suspension 0,4 w<\/td>\n<\/tr>\n<tr>\n<td>Especificaciones ambientales temperatura de funcionamiento 0\u00b0c a 65\u00b0c<\/td>\n<\/tr>\n<tr>\n<td>Fuera de funcionamiento -40\u00b0c a 70\u00b0c<\/td>\n<\/tr>\n<tr>\n<td>Funcionamiento de choque (2 ms, lectura\/escritura) 30 gs<\/td>\n<\/tr>\n<tr>\n<td>En funcionamiento (2 ms, lectura) 65gs<\/td>\n<\/tr>\n<tr>\n<td>No operativo (2 ms) 250gs<\/td>\n<\/tr>\n<tr>\n<td>Acustica (dba) inactivo dba 26<\/td>\n<\/tr>\n<tr>\n<td>Buscar (promedio) dba 29<\/td>\n<\/tr>\n<tr>\n<td>Dimensiones fisicas altura (max.) (pulg. \/ mm) 1.028 \/ 26.1<\/td>\n<\/tr>\n<tr>\n<td>Longitud (max.) (pulg.\/mm) 5,787 \/ 147<\/td>\n<\/tr>\n<tr>\n<td>Ancho (\u00b1 0,01 pulg.) (pulg.\/mm) 4 \/ 101,6<\/td>\n<\/tr>\n<tr>\n<td>Peso (\u00b1 3%) (lb\/kg) 1,58 \/ 0,72<\/td>\n<\/tr>\n<\/table>\n","protected":false},"excerpt":{"rendered":"<p>Almacenamiento lider en la industria. Vigilancia en la que puede confiar. Western digital ha proporcionado almacenamiento con nivel de vigilancia durante mas de una decada. Con el almacenamiento de vigilancia wd purple, las unidades estan disenadas para sistemas de vigilancia siempre activos y de alta temperatura para que pueda confiar en video de calidad cuando mas lo necesita. Wd purple ofrece almacenamiento de video inteligente en el que puede confiar y esta respaldado por una garantia limitada de 3 a\u00f1os<\/p>\n","protected":false},"featured_media":268516,"comment_status":"open","ping_status":"open","template":"","meta":[],"product_cat":[1703,1706],"product_tag":[1705],"acf":[],"yoast_head":"<!-- This site is optimized with the Yoast SEO plugin v21.7 - https:\/\/yoast.com\/wordpress\/plugins\/seo\/ -->\n<title>[ Wd - Western Digital ] &#129351; Wd85purz Disco Duro Interno Wd Purple 8tb 3.5 Escritorio Sata3 6gb\/s 256mb 24x7 Dvr Nvr 1-16 Bahias 1-64 Camara<\/title>\n<meta name=\"description\" content=\"Compra Wd85purz Disco Duro Interno Wd Purple 8tb 3.5 Escritorio Sata3 6gb\/s 256mb 24x7 Dvr Nvr 1-16 Bahias 1-64 Camara + Env\u00edo a domicilio + Pago seguro + Garant\u00eda\" \/>\n<meta name=\"robots\" content=\"index, follow, max-snippet:-1, max-image-preview:large, max-video-preview:-1\" \/>\n<link rel=\"canonical\" href=\"https:\/\/compuviper.mx\/tienda\/producto\/wd-western-digital-wd85purz-disco-duro-interno-wd-purple-8tb-3-5-escritorio-sata3-6gb-s-256mb-24x7-dvr-nvr-1-16-bahias-1-64-camara\/\" \/>\n<meta property=\"og:locale\" content=\"es_MX\" \/>\n<meta property=\"og:type\" content=\"article\" \/>\n<meta property=\"og:title\" content=\"[ Wd - Western Digital ] &#129351; Wd85purz Disco Duro Interno Wd Purple 8tb 3.5 Escritorio Sata3 6gb\/s 256mb 24x7 Dvr Nvr 1-16 Bahias 1-64 Camara\" \/>\n<meta property=\"og:description\" content=\"Compra Wd85purz Disco Duro Interno Wd Purple 8tb 3.5 Escritorio Sata3 6gb\/s 256mb 24x7 Dvr Nvr 1-16 Bahias 1-64 Camara + Env\u00edo a domicilio + Pago seguro + Garant\u00eda\" \/>\n<meta property=\"og:url\" content=\"https:\/\/compuviper.mx\/tienda\/producto\/wd-western-digital-wd85purz-disco-duro-interno-wd-purple-8tb-3-5-escritorio-sata3-6gb-s-256mb-24x7-dvr-nvr-1-16-bahias-1-64-camara\/\" \/>\n<meta property=\"og:site_name\" content=\"Compuviper\" \/>\n<meta property=\"article:publisher\" content=\"https:\/\/www.facebook.com\/compuviper\" \/>\n<meta property=\"og:image\" content=\"https:\/\/compuviper.mx\/tienda\/wp-content\/uploads\/2026\/04\/Disco-duro-interno-wd-purple-8tb-3.5-escritorio-sata3-6gbs-256mb-24x7-dvr-nvr-1-16-bahias-1-64-camara-wd85purz.jpg\" \/>\n\t<meta property=\"og:image:width\" content=\"200\" \/>\n\t<meta property=\"og:image:height\" content=\"200\" \/>\n\t<meta property=\"og:image:type\" content=\"image\/jpeg\" \/>\n<meta name=\"twitter:card\" content=\"summary_large_image\" \/>\n<meta name=\"twitter:label1\" content=\"Precio\" \/>\n\t<meta name=\"twitter:data1\" content=\"&#36;3,882 con IVA\" \/>\n\t<meta name=\"twitter:label2\" content=\"Availability\" \/>\n\t<meta name=\"twitter:data2\" content=\"In stock\" \/>\n<script type=\"application\/ld+json\" class=\"yoast-schema-graph\">{\"@context\":\"https:\/\/schema.org\",\"@graph\":[{\"@type\":\"WebPage\",\"@id\":\"https:\/\/compuviper.mx\/tienda\/producto\/wd-western-digital-wd85purz-disco-duro-interno-wd-purple-8tb-3-5-escritorio-sata3-6gb-s-256mb-24x7-dvr-nvr-1-16-bahias-1-64-camara\/\",\"url\":\"https:\/\/compuviper.mx\/tienda\/producto\/wd-western-digital-wd85purz-disco-duro-interno-wd-purple-8tb-3-5-escritorio-sata3-6gb-s-256mb-24x7-dvr-nvr-1-16-bahias-1-64-camara\/\",\"name\":\"[ Wd - Western Digital ] &#129351; Wd85purz Disco Duro Interno Wd Purple 8tb 3.5 Escritorio Sata3 6gb\/s 256mb 24x7 Dvr Nvr 1-16 Bahias 1-64 Camara\",\"isPartOf\":{\"@id\":\"https:\/\/compuviper.mx\/tienda\/#website\"},\"datePublished\":\"2026-04-09T06:46:30+00:00\",\"dateModified\":\"2026-04-09T06:46:30+00:00\",\"description\":\"Compra Wd85purz Disco Duro Interno Wd Purple 8tb 3.5 Escritorio Sata3 6gb\/s 256mb 24x7 Dvr Nvr 1-16 Bahias 1-64 Camara + Env\u00edo a domicilio + Pago seguro + Garant\u00eda\",\"breadcrumb\":{\"@id\":\"https:\/\/compuviper.mx\/tienda\/producto\/wd-western-digital-wd85purz-disco-duro-interno-wd-purple-8tb-3-5-escritorio-sata3-6gb-s-256mb-24x7-dvr-nvr-1-16-bahias-1-64-camara\/#breadcrumb\"},\"inLanguage\":\"es-MX\",\"potentialAction\":[{\"@type\":\"ReadAction\",\"target\":[\"https:\/\/compuviper.mx\/tienda\/producto\/wd-western-digital-wd85purz-disco-duro-interno-wd-purple-8tb-3-5-escritorio-sata3-6gb-s-256mb-24x7-dvr-nvr-1-16-bahias-1-64-camara\/\"]}]},{\"@type\":\"BreadcrumbList\",\"@id\":\"https:\/\/compuviper.mx\/tienda\/producto\/wd-western-digital-wd85purz-disco-duro-interno-wd-purple-8tb-3-5-escritorio-sata3-6gb-s-256mb-24x7-dvr-nvr-1-16-bahias-1-64-camara\/#breadcrumb\",\"itemListElement\":[{\"@type\":\"ListItem\",\"position\":1,\"name\":\"Inicio\",\"item\":\"https:\/\/compuviper.mx\/tienda\/\"},{\"@type\":\"ListItem\",\"position\":2,\"name\":\"Productos\",\"item\":\"https:\/\/compuviper.mx\/tienda\/productos\/\"},{\"@type\":\"ListItem\",\"position\":3,\"name\":\"Discos Duros\",\"item\":\"https:\/\/compuviper.mx\/tienda\/categoria-producto\/discos-duros\/\"},{\"@type\":\"ListItem\",\"position\":4,\"name\":\"Disco Duro\",\"item\":\"https:\/\/compuviper.mx\/tienda\/categoria-producto\/discos-duros\/disco-duro\/\"},{\"@type\":\"ListItem\",\"position\":5,\"name\":\"Wd &#8211; Western Digital Wd85purz Disco Duro Interno Wd Purple 8tb 3.5 Escritorio Sata3 6gb\/s 256mb 24&#215;7 Dvr Nvr 1-16 Bahias 1-64 Camara\"}]},{\"@type\":\"WebSite\",\"@id\":\"https:\/\/compuviper.mx\/tienda\/#website\",\"url\":\"https:\/\/compuviper.mx\/tienda\/\",\"name\":\"Compuviper\",\"description\":\"Proveedor de Computadoras, Laptops, Servidores, Monitores, Puntos de Venta, Teclados,   Impresoras, T\u00f3ner, C\u00e1maras de Seguridad y m\u00e1s en tu tienda en l\u00ednea\",\"publisher\":{\"@id\":\"https:\/\/compuviper.mx\/tienda\/#organization\"},\"potentialAction\":[{\"@type\":\"SearchAction\",\"target\":{\"@type\":\"EntryPoint\",\"urlTemplate\":\"https:\/\/compuviper.mx\/tienda\/?s={search_term_string}\"},\"query-input\":\"required name=search_term_string\"}],\"inLanguage\":\"es-MX\"},{\"@type\":\"Organization\",\"@id\":\"https:\/\/compuviper.mx\/tienda\/#organization\",\"name\":\"Compuviper\",\"url\":\"https:\/\/compuviper.mx\/tienda\/\",\"logo\":{\"@type\":\"ImageObject\",\"inLanguage\":\"es-MX\",\"@id\":\"https:\/\/compuviper.mx\/tienda\/#\/schema\/logo\/image\/\",\"url\":\"https:\/\/compuviper.mx\/tienda\/wp-content\/uploads\/2021\/08\/Logo-Compuviper-10.png\",\"contentUrl\":\"https:\/\/compuviper.mx\/tienda\/wp-content\/uploads\/2021\/08\/Logo-Compuviper-10.png\",\"width\":1000,\"height\":500,\"caption\":\"Compuviper\"},\"image\":{\"@id\":\"https:\/\/compuviper.mx\/tienda\/#\/schema\/logo\/image\/\"},\"sameAs\":[\"https:\/\/www.facebook.com\/compuviper\",\"https:\/\/www.youtube.com\/channel\/UCf73dERp9Y3cfOq7q8BhLjA?view_as=subscriber\"]}]}<\/script>\n<meta property=\"product:brand\" content=\"WD - WESTERN DIGITAL\" \/>\n<meta property=\"product:price:amount\" content=\"3882\" \/>\n<meta property=\"product:price:currency\" content=\"MXN\" \/>\n<meta property=\"og:availability\" content=\"instock\" \/>\n<meta property=\"product:availability\" content=\"instock\" \/>\n<meta property=\"product:retailer_item_id\" content=\"WD85PURZ\" \/>\n<meta property=\"product:condition\" content=\"new\" \/>\n<!-- \/ Yoast SEO plugin. -->","yoast_head_json":{"title":"[ Wd - Western Digital ] &#129351; Wd85purz Disco Duro Interno Wd Purple 8tb 3.5 Escritorio Sata3 6gb\/s 256mb 24x7 Dvr Nvr 1-16 Bahias 1-64 Camara","description":"Compra Wd85purz Disco Duro Interno Wd Purple 8tb 3.5 Escritorio Sata3 6gb\/s 256mb 24x7 Dvr Nvr 1-16 Bahias 1-64 Camara + Env\u00edo a domicilio + Pago seguro + Garant\u00eda","robots":{"index":"index","follow":"follow","max-snippet":"max-snippet:-1","max-image-preview":"max-image-preview:large","max-video-preview":"max-video-preview:-1"},"canonical":"https:\/\/compuviper.mx\/tienda\/producto\/wd-western-digital-wd85purz-disco-duro-interno-wd-purple-8tb-3-5-escritorio-sata3-6gb-s-256mb-24x7-dvr-nvr-1-16-bahias-1-64-camara\/","og_locale":"es_MX","og_type":"article","og_title":"[ Wd - Western Digital ] &#129351; Wd85purz Disco Duro Interno Wd Purple 8tb 3.5 Escritorio Sata3 6gb\/s 256mb 24x7 Dvr Nvr 1-16 Bahias 1-64 Camara","og_description":"Compra Wd85purz Disco Duro Interno Wd Purple 8tb 3.5 Escritorio Sata3 6gb\/s 256mb 24x7 Dvr Nvr 1-16 Bahias 1-64 Camara + Env\u00edo a domicilio + Pago seguro + Garant\u00eda","og_url":"https:\/\/compuviper.mx\/tienda\/producto\/wd-western-digital-wd85purz-disco-duro-interno-wd-purple-8tb-3-5-escritorio-sata3-6gb-s-256mb-24x7-dvr-nvr-1-16-bahias-1-64-camara\/","og_site_name":"Compuviper","article_publisher":"https:\/\/www.facebook.com\/compuviper","og_image":[{"width":200,"height":200,"url":"https:\/\/compuviper.mx\/tienda\/wp-content\/uploads\/2026\/04\/Disco-duro-interno-wd-purple-8tb-3.5-escritorio-sata3-6gbs-256mb-24x7-dvr-nvr-1-16-bahias-1-64-camara-wd85purz.jpg","type":"image\/jpeg"}],"twitter_card":"summary_large_image","twitter_misc":{"Precio":"&#36;3,882 con IVA","Availability":"In stock"},"schema":{"@context":"https:\/\/schema.org","@graph":[{"@type":"WebPage","@id":"https:\/\/compuviper.mx\/tienda\/producto\/wd-western-digital-wd85purz-disco-duro-interno-wd-purple-8tb-3-5-escritorio-sata3-6gb-s-256mb-24x7-dvr-nvr-1-16-bahias-1-64-camara\/","url":"https:\/\/compuviper.mx\/tienda\/producto\/wd-western-digital-wd85purz-disco-duro-interno-wd-purple-8tb-3-5-escritorio-sata3-6gb-s-256mb-24x7-dvr-nvr-1-16-bahias-1-64-camara\/","name":"[ Wd - Western Digital ] &#129351; Wd85purz Disco Duro Interno Wd Purple 8tb 3.5 Escritorio Sata3 6gb\/s 256mb 24x7 Dvr Nvr 1-16 Bahias 1-64 Camara","isPartOf":{"@id":"https:\/\/compuviper.mx\/tienda\/#website"},"datePublished":"2026-04-09T06:46:30+00:00","dateModified":"2026-04-09T06:46:30+00:00","description":"Compra Wd85purz Disco Duro Interno Wd Purple 8tb 3.5 Escritorio Sata3 6gb\/s 256mb 24x7 Dvr Nvr 1-16 Bahias 1-64 Camara + Env\u00edo a domicilio + Pago seguro + Garant\u00eda","breadcrumb":{"@id":"https:\/\/compuviper.mx\/tienda\/producto\/wd-western-digital-wd85purz-disco-duro-interno-wd-purple-8tb-3-5-escritorio-sata3-6gb-s-256mb-24x7-dvr-nvr-1-16-bahias-1-64-camara\/#breadcrumb"},"inLanguage":"es-MX","potentialAction":[{"@type":"ReadAction","target":["https:\/\/compuviper.mx\/tienda\/producto\/wd-western-digital-wd85purz-disco-duro-interno-wd-purple-8tb-3-5-escritorio-sata3-6gb-s-256mb-24x7-dvr-nvr-1-16-bahias-1-64-camara\/"]}]},{"@type":"BreadcrumbList","@id":"https:\/\/compuviper.mx\/tienda\/producto\/wd-western-digital-wd85purz-disco-duro-interno-wd-purple-8tb-3-5-escritorio-sata3-6gb-s-256mb-24x7-dvr-nvr-1-16-bahias-1-64-camara\/#breadcrumb","itemListElement":[{"@type":"ListItem","position":1,"name":"Inicio","item":"https:\/\/compuviper.mx\/tienda\/"},{"@type":"ListItem","position":2,"name":"Productos","item":"https:\/\/compuviper.mx\/tienda\/productos\/"},{"@type":"ListItem","position":3,"name":"Discos Duros","item":"https:\/\/compuviper.mx\/tienda\/categoria-producto\/discos-duros\/"},{"@type":"ListItem","position":4,"name":"Disco Duro","item":"https:\/\/compuviper.mx\/tienda\/categoria-producto\/discos-duros\/disco-duro\/"},{"@type":"ListItem","position":5,"name":"Wd &#8211; Western Digital Wd85purz Disco Duro Interno Wd Purple 8tb 3.5 Escritorio Sata3 6gb\/s 256mb 24&#215;7 Dvr Nvr 1-16 Bahias 1-64 Camara"}]},{"@type":"WebSite","@id":"https:\/\/compuviper.mx\/tienda\/#website","url":"https:\/\/compuviper.mx\/tienda\/","name":"Compuviper","description":"Proveedor de Computadoras, Laptops, Servidores, Monitores, Puntos de Venta, Teclados,   Impresoras, T\u00f3ner, C\u00e1maras de Seguridad y m\u00e1s en tu tienda en l\u00ednea","publisher":{"@id":"https:\/\/compuviper.mx\/tienda\/#organization"},"potentialAction":[{"@type":"SearchAction","target":{"@type":"EntryPoint","urlTemplate":"https:\/\/compuviper.mx\/tienda\/?s={search_term_string}"},"query-input":"required name=search_term_string"}],"inLanguage":"es-MX"},{"@type":"Organization","@id":"https:\/\/compuviper.mx\/tienda\/#organization","name":"Compuviper","url":"https:\/\/compuviper.mx\/tienda\/","logo":{"@type":"ImageObject","inLanguage":"es-MX","@id":"https:\/\/compuviper.mx\/tienda\/#\/schema\/logo\/image\/","url":"https:\/\/compuviper.mx\/tienda\/wp-content\/uploads\/2021\/08\/Logo-Compuviper-10.png","contentUrl":"https:\/\/compuviper.mx\/tienda\/wp-content\/uploads\/2021\/08\/Logo-Compuviper-10.png","width":1000,"height":500,"caption":"Compuviper"},"image":{"@id":"https:\/\/compuviper.mx\/tienda\/#\/schema\/logo\/image\/"},"sameAs":["https:\/\/www.facebook.com\/compuviper","https:\/\/www.youtube.com\/channel\/UCf73dERp9Y3cfOq7q8BhLjA?view_as=subscriber"]}]},"product_brand":"WD - WESTERN DIGITAL","product_price_amount":"3882","product_price_currency":"MXN","og_availability":"instock","product_availability":"instock","product_retailer_item_id":"WD85PURZ","product_condition":"new"},"_links":{"self":[{"href":"https:\/\/compuviper.mx\/tienda\/wp-json\/wp\/v2\/product\/268515"}],"collection":[{"href":"https:\/\/compuviper.mx\/tienda\/wp-json\/wp\/v2\/product"}],"about":[{"href":"https:\/\/compuviper.mx\/tienda\/wp-json\/wp\/v2\/types\/product"}],"replies":[{"embeddable":true,"href":"https:\/\/compuviper.mx\/tienda\/wp-json\/wp\/v2\/comments?post=268515"}],"wp:featuredmedia":[{"embeddable":true,"href":"https:\/\/compuviper.mx\/tienda\/wp-json\/wp\/v2\/media\/268516"}],"wp:attachment":[{"href":"https:\/\/compuviper.mx\/tienda\/wp-json\/wp\/v2\/media?parent=268515"}],"wp:term":[{"taxonomy":"product_cat","embeddable":true,"href":"https:\/\/compuviper.mx\/tienda\/wp-json\/wp\/v2\/product_cat?post=268515"},{"taxonomy":"product_tag","embeddable":true,"href":"https:\/\/compuviper.mx\/tienda\/wp-json\/wp\/v2\/product_tag?post=268515"}],"curies":[{"name":"wp","href":"https:\/\/api.w.org\/{rel}","templated":true}]}}