{"id":268509,"date":"2026-05-01T00:01:36","date_gmt":"2026-05-01T06:01:36","guid":{"rendered":"https:\/\/compuviper.mx\/tienda\/producto\/intel-bx8071512900k-procesador-core-i9-12900k-s-1700-12a-gen-3-2-5-2-ghz-cache-30mb-16-cores-8p8e-graficos-uhd-770-vpro-sin-disipador-gamer-alto-ipa\/"},"modified":"2026-05-01T00:01:36","modified_gmt":"2026-05-01T06:01:36","slug":"intel-bx8071512900k-procesador-core-i9-12900k-s-1700-12a-gen-3-2-5-2-ghz-cache-30mb-16-cores-8p8e-graficos-uhd-770-vpro-sin-disipador-gamer-alto-ipa","status":"publish","type":"product","link":"https:\/\/compuviper.mx\/tienda\/producto\/intel-bx8071512900k-procesador-core-i9-12900k-s-1700-12a-gen-3-2-5-2-ghz-cache-30mb-16-cores-8p8e-graficos-uhd-770-vpro-sin-disipador-gamer-alto-ipa\/","title":{"rendered":"Intel Bx8071512900k Procesador  Core I9-12900k S-1700 12a Gen \/3.2 &#8211; 5.2 Ghz \/cache 30mb \/16 Cores 8p8e \/graficos Uhd 770 \/vpro \/sin Disipador \/gamer Alto Ipa"},"content":{"rendered":"<table class=\"descripcion\">\n<tr>\n<td>Core\u0099 i9-12900k<\/td>\n<\/tr>\n<tr>\n<td>Warranty box: 3 year limited tray: 1 year limited<\/td>\n<\/tr>\n<tr>\n<td>Socket 1700<\/td>\n<\/tr>\n<tr>\n<td>Base frequency (ghz) 3.2<\/td>\n<\/tr>\n<tr>\n<td>Intel\u00ae smart cache (l3) size 30mb<\/td>\n<\/tr>\n<tr>\n<td>Processor cores (p-cores + e-cores) 16 (8p+8e)<\/td>\n<\/tr>\n<tr>\n<td>Processor threads 24<\/td>\n<\/tr>\n<tr>\n<td>Memory speed ddr4\/ddr5<\/td>\n<\/tr>\n<tr>\n<td>Memory speed support 4800mhz\/3200mhz<\/td>\n<\/tr>\n<tr>\n<td>Intel\u00ae turbo boost technology 2.0 (single core) frequency (ghz)7,8 5.1<\/td>\n<\/tr>\n<tr>\n<td>Intel\u00ae turbo boost max technology 3.0 frequency  (ghz) 5.2<\/td>\n<\/tr>\n<tr>\n<td>Total cpu pci express lanes 20<\/td>\n<\/tr>\n<tr>\n<td>Pcie gen 5.0, 4.0, 3.0 support yes<\/td>\n<\/tr>\n<tr>\n<td>Unlocked yes<\/td>\n<\/tr>\n<tr>\n<td>Chipset compatability intel\u00ae 600 series chipset<\/td>\n<\/tr>\n<tr>\n<td>Processor graphics intel\u00ae uhd graphics 770<\/td>\n<\/tr>\n<tr>\n<td>Integrated memory controller 2 ch<\/td>\n<\/tr>\n<tr>\n<td>Processor base power (w) 125<\/td>\n<\/tr>\n<tr>\n<td>Intel\u00ae sipp yes<\/td>\n<\/tr>\n<tr>\n<td>Intel\u00ae vpro\u0099 technology yes<\/td>\n<\/tr>\n<tr>\n<td>Ism yes<\/td>\n<\/tr>\n<tr>\n<td>Others no thermal solution included<\/td>\n<\/tr>\n<\/table>\n","protected":false},"excerpt":{"rendered":"<p>12a generacion de procesadores para gaming intel<\/p>\n","protected":false},"featured_media":268510,"comment_status":"open","ping_status":"open","template":"","meta":[],"product_cat":[1654,1659],"product_tag":[1658],"acf":[],"yoast_head":"<!-- This site is optimized with the Yoast SEO plugin v21.7 - https:\/\/yoast.com\/wordpress\/plugins\/seo\/ -->\n<title>[ Intel ] &#129351; Bx8071512900k Procesador Core I9-12900k S-1700 12a Gen \/3.2 - 5.2 Ghz \/cache 30mb \/16 Cores 8p8e \/graficos Uhd 770 \/vpro \/sin Disipador \/gamer Alto Ipa<\/title>\n<meta name=\"description\" content=\"Compra Bx8071512900k Procesador Core I9-12900k S-1700 12a Gen \/3.2 - 5.2 Ghz \/cache 30mb \/16 Cores 8p8e \/graficos Uhd 770 \/vpro \/sin Disipador \/gamer Alto Ipa + Env\u00edo a domicilio + Pago seguro + Garant\u00eda\" \/>\n<meta name=\"robots\" content=\"index, follow, max-snippet:-1, max-image-preview:large, max-video-preview:-1\" \/>\n<link rel=\"canonical\" href=\"https:\/\/compuviper.mx\/tienda\/producto\/intel-bx8071512900k-procesador-core-i9-12900k-s-1700-12a-gen-3-2-5-2-ghz-cache-30mb-16-cores-8p8e-graficos-uhd-770-vpro-sin-disipador-gamer-alto-ipa\/\" \/>\n<meta property=\"og:locale\" content=\"es_MX\" \/>\n<meta property=\"og:type\" content=\"article\" \/>\n<meta property=\"og:title\" content=\"[ Intel ] &#129351; Bx8071512900k Procesador Core I9-12900k S-1700 12a Gen \/3.2 - 5.2 Ghz \/cache 30mb \/16 Cores 8p8e \/graficos Uhd 770 \/vpro \/sin Disipador \/gamer Alto Ipa\" \/>\n<meta property=\"og:description\" content=\"Compra Bx8071512900k Procesador Core I9-12900k S-1700 12a Gen \/3.2 - 5.2 Ghz \/cache 30mb \/16 Cores 8p8e \/graficos Uhd 770 \/vpro \/sin Disipador \/gamer Alto Ipa + Env\u00edo a domicilio + Pago seguro + Garant\u00eda\" \/>\n<meta property=\"og:url\" content=\"https:\/\/compuviper.mx\/tienda\/producto\/intel-bx8071512900k-procesador-core-i9-12900k-s-1700-12a-gen-3-2-5-2-ghz-cache-30mb-16-cores-8p8e-graficos-uhd-770-vpro-sin-disipador-gamer-alto-ipa\/\" \/>\n<meta property=\"og:site_name\" content=\"Compuviper\" \/>\n<meta property=\"article:publisher\" content=\"https:\/\/www.facebook.com\/compuviper\" \/>\n<meta property=\"og:image\" content=\"https:\/\/compuviper.mx\/tienda\/wp-content\/uploads\/2026\/04\/Procesador-intel-core-i9-12900k-s-1700-12a-gen-3.2-5.2-ghz-cache-30mb-16-cores-8p8e-graficos-uhd-770-vpro-sin-disipador-gamer-alto-ipa.jpg\" \/>\n\t<meta property=\"og:image:width\" content=\"200\" \/>\n\t<meta property=\"og:image:height\" content=\"200\" \/>\n\t<meta property=\"og:image:type\" content=\"image\/jpeg\" \/>\n<meta name=\"twitter:card\" content=\"summary_large_image\" \/>\n<meta name=\"twitter:label1\" content=\"Precio\" \/>\n\t<meta name=\"twitter:data1\" content=\"&#36;6,317 con IVA\" \/>\n\t<meta name=\"twitter:label2\" content=\"Availability\" \/>\n\t<meta name=\"twitter:data2\" content=\"In stock\" \/>\n<script type=\"application\/ld+json\" class=\"yoast-schema-graph\">{\"@context\":\"https:\/\/schema.org\",\"@graph\":[{\"@type\":\"WebPage\",\"@id\":\"https:\/\/compuviper.mx\/tienda\/producto\/intel-bx8071512900k-procesador-core-i9-12900k-s-1700-12a-gen-3-2-5-2-ghz-cache-30mb-16-cores-8p8e-graficos-uhd-770-vpro-sin-disipador-gamer-alto-ipa\/\",\"url\":\"https:\/\/compuviper.mx\/tienda\/producto\/intel-bx8071512900k-procesador-core-i9-12900k-s-1700-12a-gen-3-2-5-2-ghz-cache-30mb-16-cores-8p8e-graficos-uhd-770-vpro-sin-disipador-gamer-alto-ipa\/\",\"name\":\"[ Intel ] &#129351; Bx8071512900k Procesador Core I9-12900k S-1700 12a Gen \/3.2 - 5.2 Ghz \/cache 30mb \/16 Cores 8p8e \/graficos Uhd 770 \/vpro \/sin Disipador \/gamer Alto Ipa\",\"isPartOf\":{\"@id\":\"https:\/\/compuviper.mx\/tienda\/#website\"},\"datePublished\":\"2026-05-01T06:01:36+00:00\",\"dateModified\":\"2026-05-01T06:01:36+00:00\",\"description\":\"Compra Bx8071512900k Procesador Core I9-12900k S-1700 12a Gen \/3.2 - 5.2 Ghz \/cache 30mb \/16 Cores 8p8e \/graficos Uhd 770 \/vpro \/sin Disipador \/gamer Alto Ipa + Env\u00edo a domicilio + Pago seguro + Garant\u00eda\",\"breadcrumb\":{\"@id\":\"https:\/\/compuviper.mx\/tienda\/producto\/intel-bx8071512900k-procesador-core-i9-12900k-s-1700-12a-gen-3-2-5-2-ghz-cache-30mb-16-cores-8p8e-graficos-uhd-770-vpro-sin-disipador-gamer-alto-ipa\/#breadcrumb\"},\"inLanguage\":\"es-MX\",\"potentialAction\":[{\"@type\":\"ReadAction\",\"target\":[\"https:\/\/compuviper.mx\/tienda\/producto\/intel-bx8071512900k-procesador-core-i9-12900k-s-1700-12a-gen-3-2-5-2-ghz-cache-30mb-16-cores-8p8e-graficos-uhd-770-vpro-sin-disipador-gamer-alto-ipa\/\"]}]},{\"@type\":\"BreadcrumbList\",\"@id\":\"https:\/\/compuviper.mx\/tienda\/producto\/intel-bx8071512900k-procesador-core-i9-12900k-s-1700-12a-gen-3-2-5-2-ghz-cache-30mb-16-cores-8p8e-graficos-uhd-770-vpro-sin-disipador-gamer-alto-ipa\/#breadcrumb\",\"itemListElement\":[{\"@type\":\"ListItem\",\"position\":1,\"name\":\"Inicio\",\"item\":\"https:\/\/compuviper.mx\/tienda\/\"},{\"@type\":\"ListItem\",\"position\":2,\"name\":\"Productos\",\"item\":\"https:\/\/compuviper.mx\/tienda\/productos\/\"},{\"@type\":\"ListItem\",\"position\":3,\"name\":\"Procesadores\",\"item\":\"https:\/\/compuviper.mx\/tienda\/categoria-producto\/procesadores\/\"},{\"@type\":\"ListItem\",\"position\":4,\"name\":\"Intel Core I9\",\"item\":\"https:\/\/compuviper.mx\/tienda\/categoria-producto\/procesadores\/intel-core-i9\/\"},{\"@type\":\"ListItem\",\"position\":5,\"name\":\"Intel Bx8071512900k Procesador Core I9-12900k S-1700 12a Gen \/3.2 &#8211; 5.2 Ghz \/cache 30mb \/16 Cores 8p8e \/graficos Uhd 770 \/vpro \/sin Disipador \/gamer Alto Ipa\"}]},{\"@type\":\"WebSite\",\"@id\":\"https:\/\/compuviper.mx\/tienda\/#website\",\"url\":\"https:\/\/compuviper.mx\/tienda\/\",\"name\":\"Compuviper\",\"description\":\"Proveedor de Computadoras, Laptops, Servidores, Monitores, Puntos de Venta, Teclados,   Impresoras, T\u00f3ner, C\u00e1maras de Seguridad y m\u00e1s en tu tienda en l\u00ednea\",\"publisher\":{\"@id\":\"https:\/\/compuviper.mx\/tienda\/#organization\"},\"potentialAction\":[{\"@type\":\"SearchAction\",\"target\":{\"@type\":\"EntryPoint\",\"urlTemplate\":\"https:\/\/compuviper.mx\/tienda\/?s={search_term_string}\"},\"query-input\":\"required name=search_term_string\"}],\"inLanguage\":\"es-MX\"},{\"@type\":\"Organization\",\"@id\":\"https:\/\/compuviper.mx\/tienda\/#organization\",\"name\":\"Compuviper\",\"url\":\"https:\/\/compuviper.mx\/tienda\/\",\"logo\":{\"@type\":\"ImageObject\",\"inLanguage\":\"es-MX\",\"@id\":\"https:\/\/compuviper.mx\/tienda\/#\/schema\/logo\/image\/\",\"url\":\"https:\/\/compuviper.mx\/tienda\/wp-content\/uploads\/2021\/08\/Logo-Compuviper-10.png\",\"contentUrl\":\"https:\/\/compuviper.mx\/tienda\/wp-content\/uploads\/2021\/08\/Logo-Compuviper-10.png\",\"width\":1000,\"height\":500,\"caption\":\"Compuviper\"},\"image\":{\"@id\":\"https:\/\/compuviper.mx\/tienda\/#\/schema\/logo\/image\/\"},\"sameAs\":[\"https:\/\/www.facebook.com\/compuviper\",\"https:\/\/www.youtube.com\/channel\/UCf73dERp9Y3cfOq7q8BhLjA?view_as=subscriber\"]}]}<\/script>\n<meta property=\"product:brand\" content=\"INTEL\" \/>\n<meta property=\"product:price:amount\" content=\"6317\" \/>\n<meta property=\"product:price:currency\" content=\"MXN\" \/>\n<meta property=\"og:availability\" content=\"instock\" \/>\n<meta property=\"product:availability\" content=\"instock\" \/>\n<meta property=\"product:retailer_item_id\" content=\"BX8071512900K\" \/>\n<meta property=\"product:condition\" content=\"new\" \/>\n<!-- \/ Yoast SEO plugin. -->","yoast_head_json":{"title":"[ Intel ] &#129351; Bx8071512900k Procesador Core I9-12900k S-1700 12a Gen \/3.2 - 5.2 Ghz \/cache 30mb \/16 Cores 8p8e \/graficos Uhd 770 \/vpro \/sin Disipador \/gamer Alto Ipa","description":"Compra Bx8071512900k Procesador Core I9-12900k S-1700 12a Gen \/3.2 - 5.2 Ghz \/cache 30mb \/16 Cores 8p8e \/graficos Uhd 770 \/vpro \/sin Disipador \/gamer Alto Ipa + Env\u00edo a domicilio + Pago seguro + Garant\u00eda","robots":{"index":"index","follow":"follow","max-snippet":"max-snippet:-1","max-image-preview":"max-image-preview:large","max-video-preview":"max-video-preview:-1"},"canonical":"https:\/\/compuviper.mx\/tienda\/producto\/intel-bx8071512900k-procesador-core-i9-12900k-s-1700-12a-gen-3-2-5-2-ghz-cache-30mb-16-cores-8p8e-graficos-uhd-770-vpro-sin-disipador-gamer-alto-ipa\/","og_locale":"es_MX","og_type":"article","og_title":"[ Intel ] &#129351; Bx8071512900k Procesador Core I9-12900k S-1700 12a Gen \/3.2 - 5.2 Ghz \/cache 30mb \/16 Cores 8p8e \/graficos Uhd 770 \/vpro \/sin Disipador \/gamer Alto Ipa","og_description":"Compra Bx8071512900k Procesador Core I9-12900k S-1700 12a Gen \/3.2 - 5.2 Ghz \/cache 30mb \/16 Cores 8p8e \/graficos Uhd 770 \/vpro \/sin Disipador \/gamer Alto Ipa + Env\u00edo a domicilio + Pago seguro + Garant\u00eda","og_url":"https:\/\/compuviper.mx\/tienda\/producto\/intel-bx8071512900k-procesador-core-i9-12900k-s-1700-12a-gen-3-2-5-2-ghz-cache-30mb-16-cores-8p8e-graficos-uhd-770-vpro-sin-disipador-gamer-alto-ipa\/","og_site_name":"Compuviper","article_publisher":"https:\/\/www.facebook.com\/compuviper","og_image":[{"width":200,"height":200,"url":"https:\/\/compuviper.mx\/tienda\/wp-content\/uploads\/2026\/04\/Procesador-intel-core-i9-12900k-s-1700-12a-gen-3.2-5.2-ghz-cache-30mb-16-cores-8p8e-graficos-uhd-770-vpro-sin-disipador-gamer-alto-ipa.jpg","type":"image\/jpeg"}],"twitter_card":"summary_large_image","twitter_misc":{"Precio":"&#36;6,317 con IVA","Availability":"In stock"},"schema":{"@context":"https:\/\/schema.org","@graph":[{"@type":"WebPage","@id":"https:\/\/compuviper.mx\/tienda\/producto\/intel-bx8071512900k-procesador-core-i9-12900k-s-1700-12a-gen-3-2-5-2-ghz-cache-30mb-16-cores-8p8e-graficos-uhd-770-vpro-sin-disipador-gamer-alto-ipa\/","url":"https:\/\/compuviper.mx\/tienda\/producto\/intel-bx8071512900k-procesador-core-i9-12900k-s-1700-12a-gen-3-2-5-2-ghz-cache-30mb-16-cores-8p8e-graficos-uhd-770-vpro-sin-disipador-gamer-alto-ipa\/","name":"[ Intel ] &#129351; Bx8071512900k Procesador Core I9-12900k S-1700 12a Gen \/3.2 - 5.2 Ghz \/cache 30mb \/16 Cores 8p8e \/graficos Uhd 770 \/vpro \/sin Disipador \/gamer Alto Ipa","isPartOf":{"@id":"https:\/\/compuviper.mx\/tienda\/#website"},"datePublished":"2026-05-01T06:01:36+00:00","dateModified":"2026-05-01T06:01:36+00:00","description":"Compra Bx8071512900k Procesador Core I9-12900k S-1700 12a Gen \/3.2 - 5.2 Ghz \/cache 30mb \/16 Cores 8p8e \/graficos Uhd 770 \/vpro \/sin Disipador \/gamer Alto Ipa + Env\u00edo a domicilio + Pago seguro + Garant\u00eda","breadcrumb":{"@id":"https:\/\/compuviper.mx\/tienda\/producto\/intel-bx8071512900k-procesador-core-i9-12900k-s-1700-12a-gen-3-2-5-2-ghz-cache-30mb-16-cores-8p8e-graficos-uhd-770-vpro-sin-disipador-gamer-alto-ipa\/#breadcrumb"},"inLanguage":"es-MX","potentialAction":[{"@type":"ReadAction","target":["https:\/\/compuviper.mx\/tienda\/producto\/intel-bx8071512900k-procesador-core-i9-12900k-s-1700-12a-gen-3-2-5-2-ghz-cache-30mb-16-cores-8p8e-graficos-uhd-770-vpro-sin-disipador-gamer-alto-ipa\/"]}]},{"@type":"BreadcrumbList","@id":"https:\/\/compuviper.mx\/tienda\/producto\/intel-bx8071512900k-procesador-core-i9-12900k-s-1700-12a-gen-3-2-5-2-ghz-cache-30mb-16-cores-8p8e-graficos-uhd-770-vpro-sin-disipador-gamer-alto-ipa\/#breadcrumb","itemListElement":[{"@type":"ListItem","position":1,"name":"Inicio","item":"https:\/\/compuviper.mx\/tienda\/"},{"@type":"ListItem","position":2,"name":"Productos","item":"https:\/\/compuviper.mx\/tienda\/productos\/"},{"@type":"ListItem","position":3,"name":"Procesadores","item":"https:\/\/compuviper.mx\/tienda\/categoria-producto\/procesadores\/"},{"@type":"ListItem","position":4,"name":"Intel Core I9","item":"https:\/\/compuviper.mx\/tienda\/categoria-producto\/procesadores\/intel-core-i9\/"},{"@type":"ListItem","position":5,"name":"Intel Bx8071512900k Procesador Core I9-12900k S-1700 12a Gen \/3.2 &#8211; 5.2 Ghz \/cache 30mb \/16 Cores 8p8e \/graficos Uhd 770 \/vpro \/sin Disipador \/gamer Alto Ipa"}]},{"@type":"WebSite","@id":"https:\/\/compuviper.mx\/tienda\/#website","url":"https:\/\/compuviper.mx\/tienda\/","name":"Compuviper","description":"Proveedor de Computadoras, Laptops, Servidores, Monitores, Puntos de Venta, Teclados,   Impresoras, T\u00f3ner, C\u00e1maras de Seguridad y m\u00e1s en tu tienda en l\u00ednea","publisher":{"@id":"https:\/\/compuviper.mx\/tienda\/#organization"},"potentialAction":[{"@type":"SearchAction","target":{"@type":"EntryPoint","urlTemplate":"https:\/\/compuviper.mx\/tienda\/?s={search_term_string}"},"query-input":"required name=search_term_string"}],"inLanguage":"es-MX"},{"@type":"Organization","@id":"https:\/\/compuviper.mx\/tienda\/#organization","name":"Compuviper","url":"https:\/\/compuviper.mx\/tienda\/","logo":{"@type":"ImageObject","inLanguage":"es-MX","@id":"https:\/\/compuviper.mx\/tienda\/#\/schema\/logo\/image\/","url":"https:\/\/compuviper.mx\/tienda\/wp-content\/uploads\/2021\/08\/Logo-Compuviper-10.png","contentUrl":"https:\/\/compuviper.mx\/tienda\/wp-content\/uploads\/2021\/08\/Logo-Compuviper-10.png","width":1000,"height":500,"caption":"Compuviper"},"image":{"@id":"https:\/\/compuviper.mx\/tienda\/#\/schema\/logo\/image\/"},"sameAs":["https:\/\/www.facebook.com\/compuviper","https:\/\/www.youtube.com\/channel\/UCf73dERp9Y3cfOq7q8BhLjA?view_as=subscriber"]}]},"product_brand":"INTEL","product_price_amount":"6317","product_price_currency":"MXN","og_availability":"instock","product_availability":"instock","product_retailer_item_id":"BX8071512900K","product_condition":"new"},"_links":{"self":[{"href":"https:\/\/compuviper.mx\/tienda\/wp-json\/wp\/v2\/product\/268509"}],"collection":[{"href":"https:\/\/compuviper.mx\/tienda\/wp-json\/wp\/v2\/product"}],"about":[{"href":"https:\/\/compuviper.mx\/tienda\/wp-json\/wp\/v2\/types\/product"}],"replies":[{"embeddable":true,"href":"https:\/\/compuviper.mx\/tienda\/wp-json\/wp\/v2\/comments?post=268509"}],"wp:featuredmedia":[{"embeddable":true,"href":"https:\/\/compuviper.mx\/tienda\/wp-json\/wp\/v2\/media\/268510"}],"wp:attachment":[{"href":"https:\/\/compuviper.mx\/tienda\/wp-json\/wp\/v2\/media?parent=268509"}],"wp:term":[{"taxonomy":"product_cat","embeddable":true,"href":"https:\/\/compuviper.mx\/tienda\/wp-json\/wp\/v2\/product_cat?post=268509"},{"taxonomy":"product_tag","embeddable":true,"href":"https:\/\/compuviper.mx\/tienda\/wp-json\/wp\/v2\/product_tag?post=268509"}],"curies":[{"name":"wp","href":"https:\/\/api.w.org\/{rel}","templated":true}]}}