{"id":268505,"date":"2026-04-14T02:25:21","date_gmt":"2026-04-14T08:25:21","guid":{"rendered":"https:\/\/compuviper.mx\/tienda\/producto\/logitech-960-001697-pantalla-tactil-rally-board-65-pulgadas-all-in-one-para-sala-de-conferencias-grafito\/"},"modified":"2026-04-14T02:25:22","modified_gmt":"2026-04-14T08:25:22","slug":"logitech-960-001697-pantalla-tactil-rally-board-65-pulgadas-all-in-one-para-sala-de-conferencias-grafito","status":"publish","type":"product","link":"https:\/\/compuviper.mx\/tienda\/producto\/logitech-960-001697-pantalla-tactil-rally-board-65-pulgadas-all-in-one-para-sala-de-conferencias-grafito\/","title":{"rendered":"Logitech 960-001697 Pantalla Tactil  Rally Board 65 Pulgadas All In One Para Sala De Conferencias Grafito"},"content":{"rendered":"<table class=\"descripcion\">\n<tr>\n<td>Rally board 65 solo el dispositivo<\/td>\n<\/tr>\n<tr>\n<td>Ancho: 1500 mm<\/td>\n<\/tr>\n<tr>\n<td>Altura: 989 mm<\/td>\n<\/tr>\n<tr>\n<td>Profundidad: 76 mm<\/td>\n<\/tr>\n<tr>\n<td>Peso: 46 kg<\/td>\n<\/tr>\n<tr>\n<td>Estandar vesa mis f: 400 x 400 mm y 400 x 200 mm<\/td>\n<\/tr>\n<tr>\n<td>Pantalla<\/td>\n<\/tr>\n<tr>\n<td>Pantalla lcd de 65 pulgadas<\/td>\n<\/tr>\n<tr>\n<td>Tactil basado en infrarrojos con 20 puntos de contacto<\/td>\n<\/tr>\n<tr>\n<td>Resolucion de la pantalla uhd 4k 3840 x 2160<\/td>\n<\/tr>\n<tr>\n<td>Relacin de aspecto 16:9<\/td>\n<\/tr>\n<tr>\n<td>Recubrimiento antirreflejos<\/td>\n<\/tr>\n<tr>\n<td>Recubrimiento antihuellas<\/td>\n<\/tr>\n<tr>\n<td>Relacion de contraste: 5000:1 tipica<\/td>\n<\/tr>\n<tr>\n<td>Brillo: 400 nits tipico<\/td>\n<\/tr>\n<tr>\n<td>Camara<\/td>\n<\/tr>\n<tr>\n<td>Camara principal<\/td>\n<\/tr>\n<tr>\n<td>Sensor de imagen: 1 pulgada, 20.3 mp<\/td>\n<\/tr>\n<tr>\n<td>Resolucion: 4k, 1440p, 1080p, 900p, 720p y sd a 30fps<\/td>\n<\/tr>\n<tr>\n<td>Inclinacion motorizada automatica basada en la orientacion del dispositivo<\/td>\n<\/tr>\n<tr>\n<td>Zoom: zoom digital 4x hd<\/td>\n<\/tr>\n<tr>\n<td>Campo visual con correccion de distorsion<\/td>\n<\/tr>\n<tr>\n<td>Diagonal: 115.7\u00b0<\/td>\n<\/tr>\n<tr>\n<td>Horizontal: 103.3\u00b0<\/td>\n<\/tr>\n<tr>\n<td>Vertical: 60.7\u00b0<\/td>\n<\/tr>\n<tr>\n<td>Camara de mapeo de profundidad<\/td>\n<\/tr>\n<tr>\n<td>Campo visual diagonal: 145\u00b0<\/td>\n<\/tr>\n<tr>\n<td>Campo visual horizontal: 121\u00b0<\/td>\n<\/tr>\n<tr>\n<td>Altavoces<\/td>\n<\/tr>\n<tr>\n<td>Dos bocinas con puerto de rango completo<\/td>\n<\/tr>\n<tr>\n<td>Transductor: 2 x 70 mm<\/td>\n<\/tr>\n<tr>\n<td>Sensibilidad: 89 db spl a 1w\/0.5 m<\/td>\n<\/tr>\n<tr>\n<td>Potencia nominal: 8w<\/td>\n<\/tr>\n<tr>\n<td>Thd a 1w, 1 khz  2<\/td>\n<\/tr>\n<tr>\n<td>Dos tweeters de alta frecuencia<\/td>\n<\/tr>\n<tr>\n<td>Transductor: 2 x 31 mm<\/td>\n<\/tr>\n<tr>\n<td>Sensibilidad: 93 db spl a 1w\/0.5 m<\/td>\n<\/tr>\n<tr>\n<td>Potencia nominal: 8w<\/td>\n<\/tr>\n<tr>\n<td>Thd a 1w, 4 khz   2<\/td>\n<\/tr>\n<tr>\n<td>Microfonos<\/td>\n<\/tr>\n<tr>\n<td>Matriz de microfonos frontal<\/td>\n<\/tr>\n<tr>\n<td>Respuesta de frecuencia: 90hz-16khz<\/td>\n<\/tr>\n<tr>\n<td>Sensibilidad: -36 db fs \/-1 db @ 1 pa<\/td>\n<\/tr>\n<tr>\n<td>Velocidad de salida de los datos de microfono: 48 khz<\/td>\n<\/tr>\n<tr>\n<td>Radio de captacion: hasta 7 m<\/td>\n<\/tr>\n<tr>\n<td>Rightsound 2<\/td>\n<\/tr>\n<tr>\n<td>Mejora de voz mediante ia que elimina el ruido transitorio y fijo<\/td>\n<\/tr>\n<tr>\n<td>Formacion de haces con seleccin de haces con ia<\/td>\n<\/tr>\n<tr>\n<td>Deteccion de voz por ia<\/td>\n<\/tr>\n<tr>\n<td>Direccion del habla por ia<\/td>\n<\/tr>\n<tr>\n<td>Cancelacion de eco acustico y supresin de eco residual<\/td>\n<\/tr>\n<tr>\n<td>Sensores<\/td>\n<\/tr>\n<tr>\n<td>Temperatura<\/td>\n<\/tr>\n<tr>\n<td>Humedad<\/td>\n<\/tr>\n<tr>\n<td>Tvoc compuestos organicos volatiles totales<\/td>\n<\/tr>\n<tr>\n<td>Dioxido de carbono<\/td>\n<\/tr>\n<tr>\n<td>Pm2.5<\/td>\n<\/tr>\n<tr>\n<td>Pm10<\/td>\n<\/tr>\n<tr>\n<td>Radar<\/td>\n<\/tr>\n<tr>\n<td>Luz ambiental<\/td>\n<\/tr>\n<tr>\n<td>Para obtener la informacion mas reciente sobre certificaciones y compatibilidad, consulta www.logitech.com\/support\/vc-certifications<\/td>\n<\/tr>\n<tr>\n<td>Interfaces<\/td>\n<\/tr>\n<tr>\n<td>1 salida hdmi: hasta 4k60<\/td>\n<\/tr>\n<tr>\n<td>1 entrada hdmi: hasta 4k60<\/td>\n<\/tr>\n<tr>\n<td>Usb-a: 3 usb 3.1<\/td>\n<\/tr>\n<tr>\n<td>Usb-c: 1 usb 3.1 tipo c con modo alt de dp<\/td>\n<\/tr>\n<tr>\n<td>Salida de linea: salida de audio de nivel de linea de 3.5 mm<\/td>\n<\/tr>\n<tr>\n<td>Red: 10\/100\/1g ethernet<\/td>\n<\/tr>\n<tr>\n<td>Wi-fi: 802.11a\/b\/g\/n\/ac\/ax<\/td>\n<\/tr>\n<tr>\n<td>Bluetooth: bluetooth low energy<\/td>\n<\/tr>\n<tr>\n<td>Ext: rj45 reservado para uso futuro<\/td>\n<\/tr>\n<tr>\n<td>Alimentacion y cables<\/td>\n<\/tr>\n<tr>\n<td>Fuente de alimentacion: deteccin automatica integrada de 100-240 v<\/td>\n<\/tr>\n<tr>\n<td>Cable de ca: 3 m<\/td>\n<\/tr>\n<tr>\n<td>Medioambiente<\/td>\n<\/tr>\n<tr>\n<td>Temperatura de funcionamiento: 0-35 \u00b0c<\/td>\n<\/tr>\n<tr>\n<td>Temperatura de almacenamiento: -40-60 \u00b0c<\/td>\n<\/tr>\n<tr>\n<td>Humedad: 10-95<\/td>\n<\/tr>\n<tr>\n<td>Seguridad<\/td>\n<\/tr>\n<tr>\n<td>Cifrado basado en archivos: aes-256<\/td>\n<\/tr>\n<tr>\n<td>Cifrado de datos: claves simetricas, infraestructura de clave publica pki<\/td>\n<\/tr>\n<tr>\n<td>Identidad de dispositivos: proteccin mediante atestacin de estado de dispositivos<\/td>\n<\/tr>\n<tr>\n<td>Acceso a dispositivos: autenticacin mediante api<\/td>\n<\/tr>\n<tr>\n<td>Proteccion mediante clave: arm trustzone, rpmb<\/td>\n<\/tr>\n<tr>\n<td>Accesorios<\/td>\n<\/tr>\n<tr>\n<td>Rally board 65 cart<\/td>\n<\/tr>\n<tr>\n<td>Cable usb activo<\/td>\n<\/tr>\n<tr>\n<td>Informacion de garantia<\/td>\n<\/tr>\n<tr>\n<td>Garanta de hardware limitada de 2 aos. garanta extendida de 1 ao y 3 aos disponible para su compra.<\/td>\n<\/tr>\n<\/table>\n","protected":false},"excerpt":{"rendered":"<p>Rally board 65 simplifica las videoconferencias con un dispositivo de colaboracin todo-en-uno, sumamente facil de implementar, que combina audio y video nitidos con una pantalla tactil de 65 pulgadas. Creado para la flexibilidad. Rightsight 2. Optimiza el encuadre y el procesamiento de imagenes de los participantes para ofrecer imagenes claras y nitidas para interacciones personales mas productivas. Rightsound 2. Minimiza el ruido de fondo, reduce la reverberacion y equilibra las voces para ofrecer un audio nitido y eliminar los ruidos de fondo que distraen. Tres formas de montaje. Credenza. Pared. Carrito. Funciona con tu plataforma preferida. Diseado para ofrecer flexibilidad, rally board 65 es ideal para tu estilo de reunin. Se integra sin problemas con plataformas lderes como microsoft teams, zoom y google meet. Informacion adicional. Https:\/\/www.Logitech.Com\/es-mx\/products\/video-conferencing\/room-solutions\/rally-board-65.960-001697.Html<\/p>\n","protected":false},"featured_media":0,"comment_status":"open","ping_status":"open","template":"","meta":[],"product_cat":[2326,2011],"product_tag":[1500],"acf":[],"yoast_head":"<!-- This site is optimized with the Yoast SEO plugin v21.7 - https:\/\/yoast.com\/wordpress\/plugins\/seo\/ -->\n<title>[ Logitech ] &#129351; 960-001697 Pantalla Tactil Rally Board 65 Pulgadas All In One Para Sala De Conferencias Grafito<\/title>\n<meta name=\"description\" content=\"Compra 960-001697 Pantalla Tactil Rally Board 65 Pulgadas All In One Para Sala De Conferencias Grafito + Env\u00edo a domicilio + Pago seguro + Garant\u00eda\" \/>\n<meta name=\"robots\" content=\"index, follow, max-snippet:-1, max-image-preview:large, max-video-preview:-1\" \/>\n<link rel=\"canonical\" href=\"https:\/\/compuviper.mx\/tienda\/producto\/logitech-960-001697-pantalla-tactil-rally-board-65-pulgadas-all-in-one-para-sala-de-conferencias-grafito\/\" \/>\n<meta property=\"og:locale\" content=\"es_MX\" \/>\n<meta property=\"og:type\" content=\"article\" \/>\n<meta property=\"og:title\" content=\"[ Logitech ] &#129351; 960-001697 Pantalla Tactil Rally Board 65 Pulgadas All In One Para Sala De Conferencias Grafito\" \/>\n<meta property=\"og:description\" content=\"Compra 960-001697 Pantalla Tactil Rally Board 65 Pulgadas All In One Para Sala De Conferencias Grafito + Env\u00edo a domicilio + Pago seguro + Garant\u00eda\" \/>\n<meta property=\"og:url\" content=\"https:\/\/compuviper.mx\/tienda\/producto\/logitech-960-001697-pantalla-tactil-rally-board-65-pulgadas-all-in-one-para-sala-de-conferencias-grafito\/\" \/>\n<meta property=\"og:site_name\" content=\"Compuviper\" \/>\n<meta property=\"article:publisher\" content=\"https:\/\/www.facebook.com\/compuviper\" \/>\n<meta property=\"article:modified_time\" content=\"2026-04-14T08:25:22+00:00\" \/>\n<meta name=\"twitter:card\" content=\"summary_large_image\" \/>\n<meta name=\"twitter:label1\" content=\"Precio\" \/>\n\t<meta name=\"twitter:data1\" content=\"&#36;132,339 con IVA\" \/>\n\t<meta name=\"twitter:label2\" content=\"Availability\" \/>\n\t<meta name=\"twitter:data2\" content=\"Out of stock\" \/>\n<script type=\"application\/ld+json\" class=\"yoast-schema-graph\">{\"@context\":\"https:\/\/schema.org\",\"@graph\":[{\"@type\":\"WebPage\",\"@id\":\"https:\/\/compuviper.mx\/tienda\/producto\/logitech-960-001697-pantalla-tactil-rally-board-65-pulgadas-all-in-one-para-sala-de-conferencias-grafito\/\",\"url\":\"https:\/\/compuviper.mx\/tienda\/producto\/logitech-960-001697-pantalla-tactil-rally-board-65-pulgadas-all-in-one-para-sala-de-conferencias-grafito\/\",\"name\":\"[ Logitech ] &#129351; 960-001697 Pantalla Tactil Rally Board 65 Pulgadas All In One Para Sala De Conferencias Grafito\",\"isPartOf\":{\"@id\":\"https:\/\/compuviper.mx\/tienda\/#website\"},\"datePublished\":\"2026-04-14T08:25:21+00:00\",\"dateModified\":\"2026-04-14T08:25:22+00:00\",\"description\":\"Compra 960-001697 Pantalla Tactil Rally Board 65 Pulgadas All In One Para Sala De Conferencias Grafito + Env\u00edo a domicilio + Pago seguro + Garant\u00eda\",\"breadcrumb\":{\"@id\":\"https:\/\/compuviper.mx\/tienda\/producto\/logitech-960-001697-pantalla-tactil-rally-board-65-pulgadas-all-in-one-para-sala-de-conferencias-grafito\/#breadcrumb\"},\"inLanguage\":\"es-MX\",\"potentialAction\":[{\"@type\":\"ReadAction\",\"target\":[\"https:\/\/compuviper.mx\/tienda\/producto\/logitech-960-001697-pantalla-tactil-rally-board-65-pulgadas-all-in-one-para-sala-de-conferencias-grafito\/\"]}]},{\"@type\":\"BreadcrumbList\",\"@id\":\"https:\/\/compuviper.mx\/tienda\/producto\/logitech-960-001697-pantalla-tactil-rally-board-65-pulgadas-all-in-one-para-sala-de-conferencias-grafito\/#breadcrumb\",\"itemListElement\":[{\"@type\":\"ListItem\",\"position\":1,\"name\":\"Inicio\",\"item\":\"https:\/\/compuviper.mx\/tienda\/\"},{\"@type\":\"ListItem\",\"position\":2,\"name\":\"Productos\",\"item\":\"https:\/\/compuviper.mx\/tienda\/productos\/\"},{\"@type\":\"ListItem\",\"position\":3,\"name\":\"Videoconferencia\",\"item\":\"https:\/\/compuviper.mx\/tienda\/categoria-producto\/videoconferencia\/\"},{\"@type\":\"ListItem\",\"position\":4,\"name\":\"Pantalla Interactiva\",\"item\":\"https:\/\/compuviper.mx\/tienda\/categoria-producto\/videoconferencia\/pantalla-interactiva\/\"},{\"@type\":\"ListItem\",\"position\":5,\"name\":\"Logitech 960-001697 Pantalla Tactil Rally Board 65 Pulgadas All In One Para Sala De Conferencias Grafito\"}]},{\"@type\":\"WebSite\",\"@id\":\"https:\/\/compuviper.mx\/tienda\/#website\",\"url\":\"https:\/\/compuviper.mx\/tienda\/\",\"name\":\"Compuviper\",\"description\":\"Proveedor de Computadoras, Laptops, Servidores, Monitores, Puntos de Venta, Teclados,   Impresoras, T\u00f3ner, C\u00e1maras de Seguridad y m\u00e1s en tu tienda en l\u00ednea\",\"publisher\":{\"@id\":\"https:\/\/compuviper.mx\/tienda\/#organization\"},\"potentialAction\":[{\"@type\":\"SearchAction\",\"target\":{\"@type\":\"EntryPoint\",\"urlTemplate\":\"https:\/\/compuviper.mx\/tienda\/?s={search_term_string}\"},\"query-input\":\"required name=search_term_string\"}],\"inLanguage\":\"es-MX\"},{\"@type\":\"Organization\",\"@id\":\"https:\/\/compuviper.mx\/tienda\/#organization\",\"name\":\"Compuviper\",\"url\":\"https:\/\/compuviper.mx\/tienda\/\",\"logo\":{\"@type\":\"ImageObject\",\"inLanguage\":\"es-MX\",\"@id\":\"https:\/\/compuviper.mx\/tienda\/#\/schema\/logo\/image\/\",\"url\":\"https:\/\/compuviper.mx\/tienda\/wp-content\/uploads\/2021\/08\/Logo-Compuviper-10.png\",\"contentUrl\":\"https:\/\/compuviper.mx\/tienda\/wp-content\/uploads\/2021\/08\/Logo-Compuviper-10.png\",\"width\":1000,\"height\":500,\"caption\":\"Compuviper\"},\"image\":{\"@id\":\"https:\/\/compuviper.mx\/tienda\/#\/schema\/logo\/image\/\"},\"sameAs\":[\"https:\/\/www.facebook.com\/compuviper\",\"https:\/\/www.youtube.com\/channel\/UCf73dERp9Y3cfOq7q8BhLjA?view_as=subscriber\"]}]}<\/script>\n<meta property=\"product:brand\" content=\"LOGITECH\" \/>\n<meta property=\"product:price:amount\" content=\"132339\" \/>\n<meta property=\"product:price:currency\" content=\"MXN\" \/>\n<meta property=\"og:availability\" content=\"out of stock\" \/>\n<meta property=\"product:availability\" content=\"out of stock\" \/>\n<meta property=\"product:retailer_item_id\" content=\"960-001697\" \/>\n<meta property=\"product:condition\" content=\"new\" \/>\n<!-- \/ Yoast SEO plugin. -->","yoast_head_json":{"title":"[ Logitech ] &#129351; 960-001697 Pantalla Tactil Rally Board 65 Pulgadas All In One Para Sala De Conferencias Grafito","description":"Compra 960-001697 Pantalla Tactil Rally Board 65 Pulgadas All In One Para Sala De Conferencias Grafito + Env\u00edo a domicilio + Pago seguro + Garant\u00eda","robots":{"index":"index","follow":"follow","max-snippet":"max-snippet:-1","max-image-preview":"max-image-preview:large","max-video-preview":"max-video-preview:-1"},"canonical":"https:\/\/compuviper.mx\/tienda\/producto\/logitech-960-001697-pantalla-tactil-rally-board-65-pulgadas-all-in-one-para-sala-de-conferencias-grafito\/","og_locale":"es_MX","og_type":"article","og_title":"[ Logitech ] &#129351; 960-001697 Pantalla Tactil Rally Board 65 Pulgadas All In One Para Sala De Conferencias Grafito","og_description":"Compra 960-001697 Pantalla Tactil Rally Board 65 Pulgadas All In One Para Sala De Conferencias Grafito + Env\u00edo a domicilio + Pago seguro + Garant\u00eda","og_url":"https:\/\/compuviper.mx\/tienda\/producto\/logitech-960-001697-pantalla-tactil-rally-board-65-pulgadas-all-in-one-para-sala-de-conferencias-grafito\/","og_site_name":"Compuviper","article_publisher":"https:\/\/www.facebook.com\/compuviper","article_modified_time":"2026-04-14T08:25:22+00:00","twitter_card":"summary_large_image","twitter_misc":{"Precio":"&#36;132,339 con IVA","Availability":"Out of stock"},"schema":{"@context":"https:\/\/schema.org","@graph":[{"@type":"WebPage","@id":"https:\/\/compuviper.mx\/tienda\/producto\/logitech-960-001697-pantalla-tactil-rally-board-65-pulgadas-all-in-one-para-sala-de-conferencias-grafito\/","url":"https:\/\/compuviper.mx\/tienda\/producto\/logitech-960-001697-pantalla-tactil-rally-board-65-pulgadas-all-in-one-para-sala-de-conferencias-grafito\/","name":"[ Logitech ] &#129351; 960-001697 Pantalla Tactil Rally Board 65 Pulgadas All In One Para Sala De Conferencias Grafito","isPartOf":{"@id":"https:\/\/compuviper.mx\/tienda\/#website"},"datePublished":"2026-04-14T08:25:21+00:00","dateModified":"2026-04-14T08:25:22+00:00","description":"Compra 960-001697 Pantalla Tactil Rally Board 65 Pulgadas All In One Para Sala De Conferencias Grafito + Env\u00edo a domicilio + Pago seguro + Garant\u00eda","breadcrumb":{"@id":"https:\/\/compuviper.mx\/tienda\/producto\/logitech-960-001697-pantalla-tactil-rally-board-65-pulgadas-all-in-one-para-sala-de-conferencias-grafito\/#breadcrumb"},"inLanguage":"es-MX","potentialAction":[{"@type":"ReadAction","target":["https:\/\/compuviper.mx\/tienda\/producto\/logitech-960-001697-pantalla-tactil-rally-board-65-pulgadas-all-in-one-para-sala-de-conferencias-grafito\/"]}]},{"@type":"BreadcrumbList","@id":"https:\/\/compuviper.mx\/tienda\/producto\/logitech-960-001697-pantalla-tactil-rally-board-65-pulgadas-all-in-one-para-sala-de-conferencias-grafito\/#breadcrumb","itemListElement":[{"@type":"ListItem","position":1,"name":"Inicio","item":"https:\/\/compuviper.mx\/tienda\/"},{"@type":"ListItem","position":2,"name":"Productos","item":"https:\/\/compuviper.mx\/tienda\/productos\/"},{"@type":"ListItem","position":3,"name":"Videoconferencia","item":"https:\/\/compuviper.mx\/tienda\/categoria-producto\/videoconferencia\/"},{"@type":"ListItem","position":4,"name":"Pantalla Interactiva","item":"https:\/\/compuviper.mx\/tienda\/categoria-producto\/videoconferencia\/pantalla-interactiva\/"},{"@type":"ListItem","position":5,"name":"Logitech 960-001697 Pantalla Tactil Rally Board 65 Pulgadas All In One Para Sala De Conferencias Grafito"}]},{"@type":"WebSite","@id":"https:\/\/compuviper.mx\/tienda\/#website","url":"https:\/\/compuviper.mx\/tienda\/","name":"Compuviper","description":"Proveedor de Computadoras, Laptops, Servidores, Monitores, Puntos de Venta, Teclados,   Impresoras, T\u00f3ner, C\u00e1maras de Seguridad y m\u00e1s en tu tienda en l\u00ednea","publisher":{"@id":"https:\/\/compuviper.mx\/tienda\/#organization"},"potentialAction":[{"@type":"SearchAction","target":{"@type":"EntryPoint","urlTemplate":"https:\/\/compuviper.mx\/tienda\/?s={search_term_string}"},"query-input":"required name=search_term_string"}],"inLanguage":"es-MX"},{"@type":"Organization","@id":"https:\/\/compuviper.mx\/tienda\/#organization","name":"Compuviper","url":"https:\/\/compuviper.mx\/tienda\/","logo":{"@type":"ImageObject","inLanguage":"es-MX","@id":"https:\/\/compuviper.mx\/tienda\/#\/schema\/logo\/image\/","url":"https:\/\/compuviper.mx\/tienda\/wp-content\/uploads\/2021\/08\/Logo-Compuviper-10.png","contentUrl":"https:\/\/compuviper.mx\/tienda\/wp-content\/uploads\/2021\/08\/Logo-Compuviper-10.png","width":1000,"height":500,"caption":"Compuviper"},"image":{"@id":"https:\/\/compuviper.mx\/tienda\/#\/schema\/logo\/image\/"},"sameAs":["https:\/\/www.facebook.com\/compuviper","https:\/\/www.youtube.com\/channel\/UCf73dERp9Y3cfOq7q8BhLjA?view_as=subscriber"]}]},"product_brand":"LOGITECH","product_price_amount":"132339","product_price_currency":"MXN","og_availability":"out of stock","product_availability":"out of stock","product_retailer_item_id":"960-001697","product_condition":"new"},"_links":{"self":[{"href":"https:\/\/compuviper.mx\/tienda\/wp-json\/wp\/v2\/product\/268505"}],"collection":[{"href":"https:\/\/compuviper.mx\/tienda\/wp-json\/wp\/v2\/product"}],"about":[{"href":"https:\/\/compuviper.mx\/tienda\/wp-json\/wp\/v2\/types\/product"}],"replies":[{"embeddable":true,"href":"https:\/\/compuviper.mx\/tienda\/wp-json\/wp\/v2\/comments?post=268505"}],"wp:attachment":[{"href":"https:\/\/compuviper.mx\/tienda\/wp-json\/wp\/v2\/media?parent=268505"}],"wp:term":[{"taxonomy":"product_cat","embeddable":true,"href":"https:\/\/compuviper.mx\/tienda\/wp-json\/wp\/v2\/product_cat?post=268505"},{"taxonomy":"product_tag","embeddable":true,"href":"https:\/\/compuviper.mx\/tienda\/wp-json\/wp\/v2\/product_tag?post=268505"}],"curies":[{"name":"wp","href":"https:\/\/api.w.org\/{rel}","templated":true}]}}