{"id":268503,"date":"2026-04-07T02:18:16","date_gmt":"2026-04-07T08:18:16","guid":{"rendered":"https:\/\/compuviper.mx\/tienda\/producto\/asus-oem-ph-gtx1650-o4g-tarjeta-de-video-asus-nvidia-gtx1650-pcie-x16-3-0-4gb-gddr5-hdmi-dp-dvi-estandar-gama-media\/"},"modified":"2026-04-07T02:18:16","modified_gmt":"2026-04-07T08:18:16","slug":"asus-oem-ph-gtx1650-o4g-tarjeta-de-video-asus-nvidia-gtx1650-pcie-x16-3-0-4gb-gddr5-hdmi-dp-dvi-estandar-gama-media","status":"publish","type":"product","link":"https:\/\/compuviper.mx\/tienda\/producto\/asus-oem-ph-gtx1650-o4g-tarjeta-de-video-asus-nvidia-gtx1650-pcie-x16-3-0-4gb-gddr5-hdmi-dp-dvi-estandar-gama-media\/","title":{"rendered":"Asus Oem Ph-gtx1650-o4g Tarjeta De Video Asus Nvidia Gtx1650 \/pcie X16 3.0 \/4gb Gddr5 \/hdmi \/dp \/dvi \/estandar \/gama Media"},"content":{"rendered":"<table class=\"descripcion\">\n<tr>\n<td>Ph-gtx1650-o4g<\/td>\n<\/tr>\n<tr>\n<td>Motor grafico  nvidia geforce gtx 1650<\/td>\n<\/tr>\n<tr>\n<td>Bus standard  pci express 3.0<\/td>\n<\/tr>\n<tr>\n<td>Opengl   opengl4.5<\/td>\n<\/tr>\n<tr>\n<td>Memoria de video  gddr5 4gb<\/td>\n<\/tr>\n<tr>\n<td>Reloj del motor<\/td>\n<\/tr>\n<tr>\n<td>*modo oc:<\/td>\n<\/tr>\n<tr>\n<td> &#8211; gpu boost clock: 1710 mhz<\/td>\n<\/tr>\n<tr>\n<td> &#8211; gpu reloj base: 1485 mhz<\/td>\n<\/tr>\n<tr>\n<td>*modo de juego (predeterminado)<\/td>\n<\/tr>\n<tr>\n<td> &#8211; gpu boost clock: 1680 mhz<\/td>\n<\/tr>\n<tr>\n<td> &#8211; gpu base clock: 1485 mhz<\/td>\n<\/tr>\n<tr>\n<td>Cuda core  896<\/td>\n<\/tr>\n<tr>\n<td>Reloj de la memoria  8002 mhz<\/td>\n<\/tr>\n<tr>\n<td>Interfaz de memoria  128 bits<\/td>\n<\/tr>\n<tr>\n<td>Resolucin maxima digital  7680&#215;4320<\/td>\n<\/tr>\n<tr>\n<td>Interfaz salida<\/td>\n<\/tr>\n<tr>\n<td>*dvi: s\u00ed x 1 (nativo) (dvi-d)<\/td>\n<\/tr>\n<tr>\n<td>*hdmi: s\u00ed x 1 (nativo) (hdmi 2.0b)<\/td>\n<\/tr>\n<tr>\n<td>*dp: s\u00ed x 1 (nativo) (displayport 1.4)<\/td>\n<\/tr>\n<tr>\n<td>*compatibilidad con hdcp: s\u00ed (2.2)<\/td>\n<\/tr>\n<tr>\n<td>Soporte maximo de pantalla  3<\/td>\n<\/tr>\n<tr>\n<td>Soporte nvlink \/ crossfire  no<\/td>\n<\/tr>\n<tr>\n<td>Psu recomendada  300w<\/td>\n<\/tr>\n<tr>\n<td>Dimensiones  7.48 x 4.33 x 1.49 pulgadas \/ 19 x 11 x 3.8 cent\u00edmetro<\/td>\n<\/tr>\n<tr>\n<td>Espacio  2 ranuras<\/td>\n<\/tr>\n<\/table>\n","protected":false},"excerpt":{"rendered":"<p>Sus phoenix geforce\u00ae gtx 1650 oc edici\u00f3n 4gb gddr5 es su boleto para juegos de pc. La geforce\u00ae gtx 1650 de asus phoenix est\u00e1 construida con el rendimiento gr\u00e1fico de vanguardia de la galardonada arquitectura nvidia turing \u0099 para potenciar sus juegos favoritos. Prep\u00e1rese para el juego con un rendimiento que es dos veces m\u00e1s r\u00e1pido que la geforce gtx 950 y hasta un 70% m\u00e1s r\u00e1pido que la gtx 1050. Geforce experience te permite capturar y compartir videos, capturas de pantalla y transmisiones en vivo con amigos, mantener tus controladores geforce actualizados y optimizar f\u00e1cilmente la configuraci\u00f3n del juego. Los cojinetes con doble bola de ventilador pueden durar hasta el doble que los dise\u00f1os de cojinetes de manguito. La resistencia al polvo ip5x ofrece protecci\u00f3n contra la entrada de part\u00edculas para una mejor durabilidad. La tecnolog\u00eda auto-extreme utiliza la automatizaci\u00f3n para mejorar la confiabilidad. Un dise\u00f1o compacto maximiza la compatibilidad. Gpu tweak ii proporciona ajustes de rendimiento intuitivos, controles t\u00e9rmicos y monitoreo del sistema.<\/p>\n","protected":false},"featured_media":268504,"comment_status":"open","ping_status":"open","template":"","meta":[],"product_cat":[1841,1842],"product_tag":[2096],"acf":[],"yoast_head":"<!-- This site is optimized with the Yoast SEO plugin v21.7 - https:\/\/yoast.com\/wordpress\/plugins\/seo\/ -->\n<title>[ Asus Oem ] &#129351; Ph-gtx1650-o4g Tarjeta De Video Asus Nvidia Gtx1650 \/pcie X16 3.0 \/4gb Gddr5 \/hdmi \/dp \/dvi \/estandar \/gama Media<\/title>\n<meta name=\"description\" content=\"Compra Ph-gtx1650-o4g Tarjeta De Video Asus Nvidia Gtx1650 \/pcie X16 3.0 \/4gb Gddr5 \/hdmi \/dp \/dvi \/estandar \/gama Media + Env\u00edo a domicilio + Pago seguro + Garant\u00eda\" \/>\n<meta name=\"robots\" content=\"index, follow, max-snippet:-1, max-image-preview:large, max-video-preview:-1\" \/>\n<link rel=\"canonical\" href=\"https:\/\/compuviper.mx\/tienda\/producto\/asus-oem-ph-gtx1650-o4g-tarjeta-de-video-asus-nvidia-gtx1650-pcie-x16-3-0-4gb-gddr5-hdmi-dp-dvi-estandar-gama-media\/\" \/>\n<meta property=\"og:locale\" content=\"es_MX\" \/>\n<meta property=\"og:type\" content=\"article\" \/>\n<meta property=\"og:title\" content=\"[ Asus Oem ] &#129351; Ph-gtx1650-o4g Tarjeta De Video Asus Nvidia Gtx1650 \/pcie X16 3.0 \/4gb Gddr5 \/hdmi \/dp \/dvi \/estandar \/gama Media\" \/>\n<meta property=\"og:description\" content=\"Compra Ph-gtx1650-o4g Tarjeta De Video Asus Nvidia Gtx1650 \/pcie X16 3.0 \/4gb Gddr5 \/hdmi \/dp \/dvi \/estandar \/gama Media + Env\u00edo a domicilio + Pago seguro + Garant\u00eda\" \/>\n<meta property=\"og:url\" content=\"https:\/\/compuviper.mx\/tienda\/producto\/asus-oem-ph-gtx1650-o4g-tarjeta-de-video-asus-nvidia-gtx1650-pcie-x16-3-0-4gb-gddr5-hdmi-dp-dvi-estandar-gama-media\/\" \/>\n<meta property=\"og:site_name\" content=\"Compuviper\" \/>\n<meta property=\"article:publisher\" content=\"https:\/\/www.facebook.com\/compuviper\" \/>\n<meta property=\"og:image\" content=\"https:\/\/compuviper.mx\/tienda\/wp-content\/uploads\/2026\/04\/Tarjeta-de-video-asus-nvidia-gtx1650-pcie-x16-3.0-4gb-gddr5-hdmi-dp-dvi-estandar-gama-media.jpg\" \/>\n\t<meta property=\"og:image:width\" content=\"200\" \/>\n\t<meta property=\"og:image:height\" content=\"200\" \/>\n\t<meta property=\"og:image:type\" content=\"image\/jpeg\" \/>\n<meta name=\"twitter:card\" content=\"summary_large_image\" \/>\n<meta name=\"twitter:label1\" content=\"Precio\" \/>\n\t<meta name=\"twitter:data1\" content=\"&#36;1,994 con IVA\" \/>\n\t<meta name=\"twitter:label2\" content=\"Availability\" \/>\n\t<meta name=\"twitter:data2\" content=\"Out of stock\" \/>\n<script type=\"application\/ld+json\" class=\"yoast-schema-graph\">{\"@context\":\"https:\/\/schema.org\",\"@graph\":[{\"@type\":\"WebPage\",\"@id\":\"https:\/\/compuviper.mx\/tienda\/producto\/asus-oem-ph-gtx1650-o4g-tarjeta-de-video-asus-nvidia-gtx1650-pcie-x16-3-0-4gb-gddr5-hdmi-dp-dvi-estandar-gama-media\/\",\"url\":\"https:\/\/compuviper.mx\/tienda\/producto\/asus-oem-ph-gtx1650-o4g-tarjeta-de-video-asus-nvidia-gtx1650-pcie-x16-3-0-4gb-gddr5-hdmi-dp-dvi-estandar-gama-media\/\",\"name\":\"[ Asus Oem ] &#129351; Ph-gtx1650-o4g Tarjeta De Video Asus Nvidia Gtx1650 \/pcie X16 3.0 \/4gb Gddr5 \/hdmi \/dp \/dvi \/estandar \/gama Media\",\"isPartOf\":{\"@id\":\"https:\/\/compuviper.mx\/tienda\/#website\"},\"datePublished\":\"2026-04-07T08:18:16+00:00\",\"dateModified\":\"2026-04-07T08:18:16+00:00\",\"description\":\"Compra Ph-gtx1650-o4g Tarjeta De Video Asus Nvidia Gtx1650 \/pcie X16 3.0 \/4gb Gddr5 \/hdmi \/dp \/dvi \/estandar \/gama Media + Env\u00edo a domicilio + Pago seguro + Garant\u00eda\",\"breadcrumb\":{\"@id\":\"https:\/\/compuviper.mx\/tienda\/producto\/asus-oem-ph-gtx1650-o4g-tarjeta-de-video-asus-nvidia-gtx1650-pcie-x16-3-0-4gb-gddr5-hdmi-dp-dvi-estandar-gama-media\/#breadcrumb\"},\"inLanguage\":\"es-MX\",\"potentialAction\":[{\"@type\":\"ReadAction\",\"target\":[\"https:\/\/compuviper.mx\/tienda\/producto\/asus-oem-ph-gtx1650-o4g-tarjeta-de-video-asus-nvidia-gtx1650-pcie-x16-3-0-4gb-gddr5-hdmi-dp-dvi-estandar-gama-media\/\"]}]},{\"@type\":\"BreadcrumbList\",\"@id\":\"https:\/\/compuviper.mx\/tienda\/producto\/asus-oem-ph-gtx1650-o4g-tarjeta-de-video-asus-nvidia-gtx1650-pcie-x16-3-0-4gb-gddr5-hdmi-dp-dvi-estandar-gama-media\/#breadcrumb\",\"itemListElement\":[{\"@type\":\"ListItem\",\"position\":1,\"name\":\"Inicio\",\"item\":\"https:\/\/compuviper.mx\/tienda\/\"},{\"@type\":\"ListItem\",\"position\":2,\"name\":\"Productos\",\"item\":\"https:\/\/compuviper.mx\/tienda\/productos\/\"},{\"@type\":\"ListItem\",\"position\":3,\"name\":\"Asus Oem Ph-gtx1650-o4g Tarjeta De Video Asus Nvidia Gtx1650 \/pcie X16 3.0 \/4gb Gddr5 \/hdmi \/dp \/dvi \/estandar \/gama Media\"}]},{\"@type\":\"WebSite\",\"@id\":\"https:\/\/compuviper.mx\/tienda\/#website\",\"url\":\"https:\/\/compuviper.mx\/tienda\/\",\"name\":\"Compuviper\",\"description\":\"Proveedor de Computadoras, Laptops, Servidores, Monitores, Puntos de Venta, Teclados,   Impresoras, T\u00f3ner, C\u00e1maras de Seguridad y m\u00e1s en tu tienda en l\u00ednea\",\"publisher\":{\"@id\":\"https:\/\/compuviper.mx\/tienda\/#organization\"},\"potentialAction\":[{\"@type\":\"SearchAction\",\"target\":{\"@type\":\"EntryPoint\",\"urlTemplate\":\"https:\/\/compuviper.mx\/tienda\/?s={search_term_string}\"},\"query-input\":\"required name=search_term_string\"}],\"inLanguage\":\"es-MX\"},{\"@type\":\"Organization\",\"@id\":\"https:\/\/compuviper.mx\/tienda\/#organization\",\"name\":\"Compuviper\",\"url\":\"https:\/\/compuviper.mx\/tienda\/\",\"logo\":{\"@type\":\"ImageObject\",\"inLanguage\":\"es-MX\",\"@id\":\"https:\/\/compuviper.mx\/tienda\/#\/schema\/logo\/image\/\",\"url\":\"https:\/\/compuviper.mx\/tienda\/wp-content\/uploads\/2021\/08\/Logo-Compuviper-10.png\",\"contentUrl\":\"https:\/\/compuviper.mx\/tienda\/wp-content\/uploads\/2021\/08\/Logo-Compuviper-10.png\",\"width\":1000,\"height\":500,\"caption\":\"Compuviper\"},\"image\":{\"@id\":\"https:\/\/compuviper.mx\/tienda\/#\/schema\/logo\/image\/\"},\"sameAs\":[\"https:\/\/www.facebook.com\/compuviper\",\"https:\/\/www.youtube.com\/channel\/UCf73dERp9Y3cfOq7q8BhLjA?view_as=subscriber\"]}]}<\/script>\n<meta property=\"product:brand\" content=\"Asus Oem\" \/>\n<meta property=\"product:price:amount\" content=\"1994\" \/>\n<meta property=\"product:price:currency\" content=\"MXN\" \/>\n<meta property=\"og:availability\" content=\"out of stock\" \/>\n<meta property=\"product:availability\" content=\"out of stock\" \/>\n<meta property=\"product:retailer_item_id\" content=\"PH-GTX1650-O4G\" \/>\n<meta property=\"product:condition\" content=\"new\" \/>\n<!-- \/ Yoast SEO plugin. -->","yoast_head_json":{"title":"[ Asus Oem ] &#129351; Ph-gtx1650-o4g Tarjeta De Video Asus Nvidia Gtx1650 \/pcie X16 3.0 \/4gb Gddr5 \/hdmi \/dp \/dvi \/estandar \/gama Media","description":"Compra Ph-gtx1650-o4g Tarjeta De Video Asus Nvidia Gtx1650 \/pcie X16 3.0 \/4gb Gddr5 \/hdmi \/dp \/dvi \/estandar \/gama Media + Env\u00edo a domicilio + Pago seguro + Garant\u00eda","robots":{"index":"index","follow":"follow","max-snippet":"max-snippet:-1","max-image-preview":"max-image-preview:large","max-video-preview":"max-video-preview:-1"},"canonical":"https:\/\/compuviper.mx\/tienda\/producto\/asus-oem-ph-gtx1650-o4g-tarjeta-de-video-asus-nvidia-gtx1650-pcie-x16-3-0-4gb-gddr5-hdmi-dp-dvi-estandar-gama-media\/","og_locale":"es_MX","og_type":"article","og_title":"[ Asus Oem ] &#129351; Ph-gtx1650-o4g Tarjeta De Video Asus Nvidia Gtx1650 \/pcie X16 3.0 \/4gb Gddr5 \/hdmi \/dp \/dvi \/estandar \/gama Media","og_description":"Compra Ph-gtx1650-o4g Tarjeta De Video Asus Nvidia Gtx1650 \/pcie X16 3.0 \/4gb Gddr5 \/hdmi \/dp \/dvi \/estandar \/gama Media + Env\u00edo a domicilio + Pago seguro + Garant\u00eda","og_url":"https:\/\/compuviper.mx\/tienda\/producto\/asus-oem-ph-gtx1650-o4g-tarjeta-de-video-asus-nvidia-gtx1650-pcie-x16-3-0-4gb-gddr5-hdmi-dp-dvi-estandar-gama-media\/","og_site_name":"Compuviper","article_publisher":"https:\/\/www.facebook.com\/compuviper","og_image":[{"width":200,"height":200,"url":"https:\/\/compuviper.mx\/tienda\/wp-content\/uploads\/2026\/04\/Tarjeta-de-video-asus-nvidia-gtx1650-pcie-x16-3.0-4gb-gddr5-hdmi-dp-dvi-estandar-gama-media.jpg","type":"image\/jpeg"}],"twitter_card":"summary_large_image","twitter_misc":{"Precio":"&#36;1,994 con IVA","Availability":"Out of stock"},"schema":{"@context":"https:\/\/schema.org","@graph":[{"@type":"WebPage","@id":"https:\/\/compuviper.mx\/tienda\/producto\/asus-oem-ph-gtx1650-o4g-tarjeta-de-video-asus-nvidia-gtx1650-pcie-x16-3-0-4gb-gddr5-hdmi-dp-dvi-estandar-gama-media\/","url":"https:\/\/compuviper.mx\/tienda\/producto\/asus-oem-ph-gtx1650-o4g-tarjeta-de-video-asus-nvidia-gtx1650-pcie-x16-3-0-4gb-gddr5-hdmi-dp-dvi-estandar-gama-media\/","name":"[ Asus Oem ] &#129351; Ph-gtx1650-o4g Tarjeta De Video Asus Nvidia Gtx1650 \/pcie X16 3.0 \/4gb Gddr5 \/hdmi \/dp \/dvi \/estandar \/gama Media","isPartOf":{"@id":"https:\/\/compuviper.mx\/tienda\/#website"},"datePublished":"2026-04-07T08:18:16+00:00","dateModified":"2026-04-07T08:18:16+00:00","description":"Compra Ph-gtx1650-o4g Tarjeta De Video Asus Nvidia Gtx1650 \/pcie X16 3.0 \/4gb Gddr5 \/hdmi \/dp \/dvi \/estandar \/gama Media + Env\u00edo a domicilio + Pago seguro + Garant\u00eda","breadcrumb":{"@id":"https:\/\/compuviper.mx\/tienda\/producto\/asus-oem-ph-gtx1650-o4g-tarjeta-de-video-asus-nvidia-gtx1650-pcie-x16-3-0-4gb-gddr5-hdmi-dp-dvi-estandar-gama-media\/#breadcrumb"},"inLanguage":"es-MX","potentialAction":[{"@type":"ReadAction","target":["https:\/\/compuviper.mx\/tienda\/producto\/asus-oem-ph-gtx1650-o4g-tarjeta-de-video-asus-nvidia-gtx1650-pcie-x16-3-0-4gb-gddr5-hdmi-dp-dvi-estandar-gama-media\/"]}]},{"@type":"BreadcrumbList","@id":"https:\/\/compuviper.mx\/tienda\/producto\/asus-oem-ph-gtx1650-o4g-tarjeta-de-video-asus-nvidia-gtx1650-pcie-x16-3-0-4gb-gddr5-hdmi-dp-dvi-estandar-gama-media\/#breadcrumb","itemListElement":[{"@type":"ListItem","position":1,"name":"Inicio","item":"https:\/\/compuviper.mx\/tienda\/"},{"@type":"ListItem","position":2,"name":"Productos","item":"https:\/\/compuviper.mx\/tienda\/productos\/"},{"@type":"ListItem","position":3,"name":"Asus Oem Ph-gtx1650-o4g Tarjeta De Video Asus Nvidia Gtx1650 \/pcie X16 3.0 \/4gb Gddr5 \/hdmi \/dp \/dvi \/estandar \/gama Media"}]},{"@type":"WebSite","@id":"https:\/\/compuviper.mx\/tienda\/#website","url":"https:\/\/compuviper.mx\/tienda\/","name":"Compuviper","description":"Proveedor de Computadoras, Laptops, Servidores, Monitores, Puntos de Venta, Teclados,   Impresoras, T\u00f3ner, C\u00e1maras de Seguridad y m\u00e1s en tu tienda en l\u00ednea","publisher":{"@id":"https:\/\/compuviper.mx\/tienda\/#organization"},"potentialAction":[{"@type":"SearchAction","target":{"@type":"EntryPoint","urlTemplate":"https:\/\/compuviper.mx\/tienda\/?s={search_term_string}"},"query-input":"required name=search_term_string"}],"inLanguage":"es-MX"},{"@type":"Organization","@id":"https:\/\/compuviper.mx\/tienda\/#organization","name":"Compuviper","url":"https:\/\/compuviper.mx\/tienda\/","logo":{"@type":"ImageObject","inLanguage":"es-MX","@id":"https:\/\/compuviper.mx\/tienda\/#\/schema\/logo\/image\/","url":"https:\/\/compuviper.mx\/tienda\/wp-content\/uploads\/2021\/08\/Logo-Compuviper-10.png","contentUrl":"https:\/\/compuviper.mx\/tienda\/wp-content\/uploads\/2021\/08\/Logo-Compuviper-10.png","width":1000,"height":500,"caption":"Compuviper"},"image":{"@id":"https:\/\/compuviper.mx\/tienda\/#\/schema\/logo\/image\/"},"sameAs":["https:\/\/www.facebook.com\/compuviper","https:\/\/www.youtube.com\/channel\/UCf73dERp9Y3cfOq7q8BhLjA?view_as=subscriber"]}]},"product_brand":"Asus Oem","product_price_amount":"1994","product_price_currency":"MXN","og_availability":"out of stock","product_availability":"out of stock","product_retailer_item_id":"PH-GTX1650-O4G","product_condition":"new"},"_links":{"self":[{"href":"https:\/\/compuviper.mx\/tienda\/wp-json\/wp\/v2\/product\/268503"}],"collection":[{"href":"https:\/\/compuviper.mx\/tienda\/wp-json\/wp\/v2\/product"}],"about":[{"href":"https:\/\/compuviper.mx\/tienda\/wp-json\/wp\/v2\/types\/product"}],"replies":[{"embeddable":true,"href":"https:\/\/compuviper.mx\/tienda\/wp-json\/wp\/v2\/comments?post=268503"}],"wp:featuredmedia":[{"embeddable":true,"href":"https:\/\/compuviper.mx\/tienda\/wp-json\/wp\/v2\/media\/268504"}],"wp:attachment":[{"href":"https:\/\/compuviper.mx\/tienda\/wp-json\/wp\/v2\/media?parent=268503"}],"wp:term":[{"taxonomy":"product_cat","embeddable":true,"href":"https:\/\/compuviper.mx\/tienda\/wp-json\/wp\/v2\/product_cat?post=268503"},{"taxonomy":"product_tag","embeddable":true,"href":"https:\/\/compuviper.mx\/tienda\/wp-json\/wp\/v2\/product_tag?post=268503"}],"curies":[{"name":"wp","href":"https:\/\/api.w.org\/{rel}","templated":true}]}}