{"id":268502,"date":"2026-04-07T02:18:13","date_gmt":"2026-04-07T08:18:13","guid":{"rendered":"https:\/\/compuviper.mx\/tienda\/producto\/asus-oem-dual-gtx1650-4gd6-p-v2-tarjeta-de-video-asus-nvidia-gtx1650-pcie-x16-3-0-4gb-gddr6-hdmi-dp-dvi-estandar-gama-media\/"},"modified":"2026-04-07T02:18:13","modified_gmt":"2026-04-07T08:18:13","slug":"asus-oem-dual-gtx1650-4gd6-p-v2-tarjeta-de-video-asus-nvidia-gtx1650-pcie-x16-3-0-4gb-gddr6-hdmi-dp-dvi-estandar-gama-media","status":"publish","type":"product","link":"https:\/\/compuviper.mx\/tienda\/producto\/asus-oem-dual-gtx1650-4gd6-p-v2-tarjeta-de-video-asus-nvidia-gtx1650-pcie-x16-3-0-4gb-gddr6-hdmi-dp-dvi-estandar-gama-media\/","title":{"rendered":"Asus Oem Dual-gtx1650-4gd6-p-v2 Tarjeta De Video Asus Nvidia Gtx1650 \/pcie X16 3.0 \/4gb Gddr6 \/hdmi \/dp \/dvi \/estandar \/gama Media"},"content":{"rendered":"<table class=\"descripcion\">\n<tr>\n<td>Asus dual geforce gtx 1650 v2 4gb gddr6<\/td>\n<\/tr>\n<tr>\n<td>Graphic engine  nvidia geforce gtx 1650<\/td>\n<\/tr>\n<tr>\n<td>Bus standard  pci express 3.0<\/td>\n<\/tr>\n<tr>\n<td>Opengl  opengl 4.6<\/td>\n<\/tr>\n<tr>\n<td>Video memory  4gb gddr6<\/td>\n<\/tr>\n<tr>\n<td>Engine clock<\/td>\n<\/tr>\n<tr>\n<td>-oc mode: 1620 mhz(boost clock)<\/td>\n<\/tr>\n<tr>\n<td>-default mode: 1590 mhz(boost clock)<\/td>\n<\/tr>\n<tr>\n<td>Cuda core  896<\/td>\n<\/tr>\n<tr>\n<td>Memory speed  12 gbps<\/td>\n<\/tr>\n<tr>\n<td>Memory interface  128-bit<\/td>\n<\/tr>\n<tr>\n<td>Resolution  digital max resolution 7680 x 4320<\/td>\n<\/tr>\n<tr>\n<td>Interface<\/td>\n<\/tr>\n<tr>\n<td>-yes x 1 (native dvi-d)<\/td>\n<\/tr>\n<tr>\n<td>-yes x 1 (native hdmi 2.0b)<\/td>\n<\/tr>\n<tr>\n<td>-yes x 1 (native displayport 1.4a)<\/td>\n<\/tr>\n<tr>\n<td>-hdcp support yes (2.2)<\/td>\n<\/tr>\n<tr>\n<td>Maximum display support  3<\/td>\n<\/tr>\n<tr>\n<td>Nvlink\/ crossfire support  no<\/td>\n<\/tr>\n<tr>\n<td>Dimensions  21.2 x 12.1 x 4 cm \/ 8.3 x 4.8 x 1.6 inches<\/td>\n<\/tr>\n<tr>\n<td>Recommended psu  300w<\/td>\n<\/tr>\n<tr>\n<td>Power connectors  1 x 6-pin<\/td>\n<\/tr>\n<tr>\n<td>Slot  2 slot<\/td>\n<\/tr>\n<\/table>\n","protected":false},"excerpt":{"rendered":"<p>La asus dual geforce gtx 1650 v2 4gb gddr6 ofrece altas tasas de refresco en alta definicion.<\/p>\n","protected":false},"featured_media":0,"comment_status":"open","ping_status":"open","template":"","meta":[],"product_cat":[2325,1841],"product_tag":[2096],"acf":[],"yoast_head":"<!-- This site is optimized with the Yoast SEO plugin v21.7 - https:\/\/yoast.com\/wordpress\/plugins\/seo\/ -->\n<title>[ Asus Oem ] &#129351; Dual-gtx1650-4gd6-p-v2 Tarjeta De Video Asus Nvidia Gtx1650 \/pcie X16 3.0 \/4gb Gddr6 \/hdmi \/dp \/dvi \/estandar \/gama Media<\/title>\n<meta name=\"description\" content=\"Compra Dual-gtx1650-4gd6-p-v2 Tarjeta De Video Asus Nvidia Gtx1650 \/pcie X16 3.0 \/4gb Gddr6 \/hdmi \/dp \/dvi \/estandar \/gama Media + Env\u00edo a domicilio + Pago seguro + Garant\u00eda\" \/>\n<meta name=\"robots\" content=\"index, follow, max-snippet:-1, max-image-preview:large, max-video-preview:-1\" \/>\n<link rel=\"canonical\" href=\"https:\/\/compuviper.mx\/tienda\/producto\/asus-oem-dual-gtx1650-4gd6-p-v2-tarjeta-de-video-asus-nvidia-gtx1650-pcie-x16-3-0-4gb-gddr6-hdmi-dp-dvi-estandar-gama-media\/\" \/>\n<meta property=\"og:locale\" content=\"es_MX\" \/>\n<meta property=\"og:type\" content=\"article\" \/>\n<meta property=\"og:title\" content=\"[ Asus Oem ] &#129351; Dual-gtx1650-4gd6-p-v2 Tarjeta De Video Asus Nvidia Gtx1650 \/pcie X16 3.0 \/4gb Gddr6 \/hdmi \/dp \/dvi \/estandar \/gama Media\" \/>\n<meta property=\"og:description\" content=\"Compra Dual-gtx1650-4gd6-p-v2 Tarjeta De Video Asus Nvidia Gtx1650 \/pcie X16 3.0 \/4gb Gddr6 \/hdmi \/dp \/dvi \/estandar \/gama Media + Env\u00edo a domicilio + Pago seguro + Garant\u00eda\" \/>\n<meta property=\"og:url\" content=\"https:\/\/compuviper.mx\/tienda\/producto\/asus-oem-dual-gtx1650-4gd6-p-v2-tarjeta-de-video-asus-nvidia-gtx1650-pcie-x16-3-0-4gb-gddr6-hdmi-dp-dvi-estandar-gama-media\/\" \/>\n<meta property=\"og:site_name\" content=\"Compuviper\" \/>\n<meta property=\"article:publisher\" content=\"https:\/\/www.facebook.com\/compuviper\" \/>\n<meta name=\"twitter:card\" content=\"summary_large_image\" \/>\n<meta name=\"twitter:label1\" content=\"Precio\" \/>\n\t<meta name=\"twitter:data1\" content=\"&#36;1,994 con IVA\" \/>\n\t<meta name=\"twitter:label2\" content=\"Availability\" \/>\n\t<meta name=\"twitter:data2\" content=\"Out of stock\" \/>\n<script type=\"application\/ld+json\" class=\"yoast-schema-graph\">{\"@context\":\"https:\/\/schema.org\",\"@graph\":[{\"@type\":\"WebPage\",\"@id\":\"https:\/\/compuviper.mx\/tienda\/producto\/asus-oem-dual-gtx1650-4gd6-p-v2-tarjeta-de-video-asus-nvidia-gtx1650-pcie-x16-3-0-4gb-gddr6-hdmi-dp-dvi-estandar-gama-media\/\",\"url\":\"https:\/\/compuviper.mx\/tienda\/producto\/asus-oem-dual-gtx1650-4gd6-p-v2-tarjeta-de-video-asus-nvidia-gtx1650-pcie-x16-3-0-4gb-gddr6-hdmi-dp-dvi-estandar-gama-media\/\",\"name\":\"[ Asus Oem ] &#129351; Dual-gtx1650-4gd6-p-v2 Tarjeta De Video Asus Nvidia Gtx1650 \/pcie X16 3.0 \/4gb Gddr6 \/hdmi \/dp \/dvi \/estandar \/gama Media\",\"isPartOf\":{\"@id\":\"https:\/\/compuviper.mx\/tienda\/#website\"},\"datePublished\":\"2026-04-07T08:18:13+00:00\",\"dateModified\":\"2026-04-07T08:18:13+00:00\",\"description\":\"Compra Dual-gtx1650-4gd6-p-v2 Tarjeta De Video Asus Nvidia Gtx1650 \/pcie X16 3.0 \/4gb Gddr6 \/hdmi \/dp \/dvi \/estandar \/gama Media + Env\u00edo a domicilio + Pago seguro + Garant\u00eda\",\"breadcrumb\":{\"@id\":\"https:\/\/compuviper.mx\/tienda\/producto\/asus-oem-dual-gtx1650-4gd6-p-v2-tarjeta-de-video-asus-nvidia-gtx1650-pcie-x16-3-0-4gb-gddr6-hdmi-dp-dvi-estandar-gama-media\/#breadcrumb\"},\"inLanguage\":\"es-MX\",\"potentialAction\":[{\"@type\":\"ReadAction\",\"target\":[\"https:\/\/compuviper.mx\/tienda\/producto\/asus-oem-dual-gtx1650-4gd6-p-v2-tarjeta-de-video-asus-nvidia-gtx1650-pcie-x16-3-0-4gb-gddr6-hdmi-dp-dvi-estandar-gama-media\/\"]}]},{\"@type\":\"BreadcrumbList\",\"@id\":\"https:\/\/compuviper.mx\/tienda\/producto\/asus-oem-dual-gtx1650-4gd6-p-v2-tarjeta-de-video-asus-nvidia-gtx1650-pcie-x16-3-0-4gb-gddr6-hdmi-dp-dvi-estandar-gama-media\/#breadcrumb\",\"itemListElement\":[{\"@type\":\"ListItem\",\"position\":1,\"name\":\"Inicio\",\"item\":\"https:\/\/compuviper.mx\/tienda\/\"},{\"@type\":\"ListItem\",\"position\":2,\"name\":\"Productos\",\"item\":\"https:\/\/compuviper.mx\/tienda\/productos\/\"},{\"@type\":\"ListItem\",\"position\":3,\"name\":\"Asus Oem Dual-gtx1650-4gd6-p-v2 Tarjeta De Video Asus Nvidia Gtx1650 \/pcie X16 3.0 \/4gb Gddr6 \/hdmi \/dp \/dvi \/estandar \/gama Media\"}]},{\"@type\":\"WebSite\",\"@id\":\"https:\/\/compuviper.mx\/tienda\/#website\",\"url\":\"https:\/\/compuviper.mx\/tienda\/\",\"name\":\"Compuviper\",\"description\":\"Proveedor de Computadoras, Laptops, Servidores, Monitores, Puntos de Venta, Teclados,   Impresoras, T\u00f3ner, C\u00e1maras de Seguridad y m\u00e1s en tu tienda en l\u00ednea\",\"publisher\":{\"@id\":\"https:\/\/compuviper.mx\/tienda\/#organization\"},\"potentialAction\":[{\"@type\":\"SearchAction\",\"target\":{\"@type\":\"EntryPoint\",\"urlTemplate\":\"https:\/\/compuviper.mx\/tienda\/?s={search_term_string}\"},\"query-input\":\"required name=search_term_string\"}],\"inLanguage\":\"es-MX\"},{\"@type\":\"Organization\",\"@id\":\"https:\/\/compuviper.mx\/tienda\/#organization\",\"name\":\"Compuviper\",\"url\":\"https:\/\/compuviper.mx\/tienda\/\",\"logo\":{\"@type\":\"ImageObject\",\"inLanguage\":\"es-MX\",\"@id\":\"https:\/\/compuviper.mx\/tienda\/#\/schema\/logo\/image\/\",\"url\":\"https:\/\/compuviper.mx\/tienda\/wp-content\/uploads\/2021\/08\/Logo-Compuviper-10.png\",\"contentUrl\":\"https:\/\/compuviper.mx\/tienda\/wp-content\/uploads\/2021\/08\/Logo-Compuviper-10.png\",\"width\":1000,\"height\":500,\"caption\":\"Compuviper\"},\"image\":{\"@id\":\"https:\/\/compuviper.mx\/tienda\/#\/schema\/logo\/image\/\"},\"sameAs\":[\"https:\/\/www.facebook.com\/compuviper\",\"https:\/\/www.youtube.com\/channel\/UCf73dERp9Y3cfOq7q8BhLjA?view_as=subscriber\"]}]}<\/script>\n<meta property=\"product:brand\" content=\"Asus Oem\" \/>\n<meta property=\"product:price:amount\" content=\"1994\" \/>\n<meta property=\"product:price:currency\" content=\"MXN\" \/>\n<meta property=\"og:availability\" content=\"out of stock\" \/>\n<meta property=\"product:availability\" content=\"out of stock\" \/>\n<meta property=\"product:retailer_item_id\" content=\"DUAL-GTX1650-4GD6-P-V2\" \/>\n<meta property=\"product:condition\" content=\"new\" \/>\n<!-- \/ Yoast SEO plugin. -->","yoast_head_json":{"title":"[ Asus Oem ] &#129351; Dual-gtx1650-4gd6-p-v2 Tarjeta De Video Asus Nvidia Gtx1650 \/pcie X16 3.0 \/4gb Gddr6 \/hdmi \/dp \/dvi \/estandar \/gama Media","description":"Compra Dual-gtx1650-4gd6-p-v2 Tarjeta De Video Asus Nvidia Gtx1650 \/pcie X16 3.0 \/4gb Gddr6 \/hdmi \/dp \/dvi \/estandar \/gama Media + Env\u00edo a domicilio + Pago seguro + Garant\u00eda","robots":{"index":"index","follow":"follow","max-snippet":"max-snippet:-1","max-image-preview":"max-image-preview:large","max-video-preview":"max-video-preview:-1"},"canonical":"https:\/\/compuviper.mx\/tienda\/producto\/asus-oem-dual-gtx1650-4gd6-p-v2-tarjeta-de-video-asus-nvidia-gtx1650-pcie-x16-3-0-4gb-gddr6-hdmi-dp-dvi-estandar-gama-media\/","og_locale":"es_MX","og_type":"article","og_title":"[ Asus Oem ] &#129351; Dual-gtx1650-4gd6-p-v2 Tarjeta De Video Asus Nvidia Gtx1650 \/pcie X16 3.0 \/4gb Gddr6 \/hdmi \/dp \/dvi \/estandar \/gama Media","og_description":"Compra Dual-gtx1650-4gd6-p-v2 Tarjeta De Video Asus Nvidia Gtx1650 \/pcie X16 3.0 \/4gb Gddr6 \/hdmi \/dp \/dvi \/estandar \/gama Media + Env\u00edo a domicilio + Pago seguro + Garant\u00eda","og_url":"https:\/\/compuviper.mx\/tienda\/producto\/asus-oem-dual-gtx1650-4gd6-p-v2-tarjeta-de-video-asus-nvidia-gtx1650-pcie-x16-3-0-4gb-gddr6-hdmi-dp-dvi-estandar-gama-media\/","og_site_name":"Compuviper","article_publisher":"https:\/\/www.facebook.com\/compuviper","twitter_card":"summary_large_image","twitter_misc":{"Precio":"&#36;1,994 con IVA","Availability":"Out of stock"},"schema":{"@context":"https:\/\/schema.org","@graph":[{"@type":"WebPage","@id":"https:\/\/compuviper.mx\/tienda\/producto\/asus-oem-dual-gtx1650-4gd6-p-v2-tarjeta-de-video-asus-nvidia-gtx1650-pcie-x16-3-0-4gb-gddr6-hdmi-dp-dvi-estandar-gama-media\/","url":"https:\/\/compuviper.mx\/tienda\/producto\/asus-oem-dual-gtx1650-4gd6-p-v2-tarjeta-de-video-asus-nvidia-gtx1650-pcie-x16-3-0-4gb-gddr6-hdmi-dp-dvi-estandar-gama-media\/","name":"[ Asus Oem ] &#129351; Dual-gtx1650-4gd6-p-v2 Tarjeta De Video Asus Nvidia Gtx1650 \/pcie X16 3.0 \/4gb Gddr6 \/hdmi \/dp \/dvi \/estandar \/gama Media","isPartOf":{"@id":"https:\/\/compuviper.mx\/tienda\/#website"},"datePublished":"2026-04-07T08:18:13+00:00","dateModified":"2026-04-07T08:18:13+00:00","description":"Compra Dual-gtx1650-4gd6-p-v2 Tarjeta De Video Asus Nvidia Gtx1650 \/pcie X16 3.0 \/4gb Gddr6 \/hdmi \/dp \/dvi \/estandar \/gama Media + Env\u00edo a domicilio + Pago seguro + Garant\u00eda","breadcrumb":{"@id":"https:\/\/compuviper.mx\/tienda\/producto\/asus-oem-dual-gtx1650-4gd6-p-v2-tarjeta-de-video-asus-nvidia-gtx1650-pcie-x16-3-0-4gb-gddr6-hdmi-dp-dvi-estandar-gama-media\/#breadcrumb"},"inLanguage":"es-MX","potentialAction":[{"@type":"ReadAction","target":["https:\/\/compuviper.mx\/tienda\/producto\/asus-oem-dual-gtx1650-4gd6-p-v2-tarjeta-de-video-asus-nvidia-gtx1650-pcie-x16-3-0-4gb-gddr6-hdmi-dp-dvi-estandar-gama-media\/"]}]},{"@type":"BreadcrumbList","@id":"https:\/\/compuviper.mx\/tienda\/producto\/asus-oem-dual-gtx1650-4gd6-p-v2-tarjeta-de-video-asus-nvidia-gtx1650-pcie-x16-3-0-4gb-gddr6-hdmi-dp-dvi-estandar-gama-media\/#breadcrumb","itemListElement":[{"@type":"ListItem","position":1,"name":"Inicio","item":"https:\/\/compuviper.mx\/tienda\/"},{"@type":"ListItem","position":2,"name":"Productos","item":"https:\/\/compuviper.mx\/tienda\/productos\/"},{"@type":"ListItem","position":3,"name":"Asus Oem Dual-gtx1650-4gd6-p-v2 Tarjeta De Video Asus Nvidia Gtx1650 \/pcie X16 3.0 \/4gb Gddr6 \/hdmi \/dp \/dvi \/estandar \/gama Media"}]},{"@type":"WebSite","@id":"https:\/\/compuviper.mx\/tienda\/#website","url":"https:\/\/compuviper.mx\/tienda\/","name":"Compuviper","description":"Proveedor de Computadoras, Laptops, Servidores, Monitores, Puntos de Venta, Teclados,   Impresoras, T\u00f3ner, C\u00e1maras de Seguridad y m\u00e1s en tu tienda en l\u00ednea","publisher":{"@id":"https:\/\/compuviper.mx\/tienda\/#organization"},"potentialAction":[{"@type":"SearchAction","target":{"@type":"EntryPoint","urlTemplate":"https:\/\/compuviper.mx\/tienda\/?s={search_term_string}"},"query-input":"required name=search_term_string"}],"inLanguage":"es-MX"},{"@type":"Organization","@id":"https:\/\/compuviper.mx\/tienda\/#organization","name":"Compuviper","url":"https:\/\/compuviper.mx\/tienda\/","logo":{"@type":"ImageObject","inLanguage":"es-MX","@id":"https:\/\/compuviper.mx\/tienda\/#\/schema\/logo\/image\/","url":"https:\/\/compuviper.mx\/tienda\/wp-content\/uploads\/2021\/08\/Logo-Compuviper-10.png","contentUrl":"https:\/\/compuviper.mx\/tienda\/wp-content\/uploads\/2021\/08\/Logo-Compuviper-10.png","width":1000,"height":500,"caption":"Compuviper"},"image":{"@id":"https:\/\/compuviper.mx\/tienda\/#\/schema\/logo\/image\/"},"sameAs":["https:\/\/www.facebook.com\/compuviper","https:\/\/www.youtube.com\/channel\/UCf73dERp9Y3cfOq7q8BhLjA?view_as=subscriber"]}]},"product_brand":"Asus Oem","product_price_amount":"1994","product_price_currency":"MXN","og_availability":"out of stock","product_availability":"out of stock","product_retailer_item_id":"DUAL-GTX1650-4GD6-P-V2","product_condition":"new"},"_links":{"self":[{"href":"https:\/\/compuviper.mx\/tienda\/wp-json\/wp\/v2\/product\/268502"}],"collection":[{"href":"https:\/\/compuviper.mx\/tienda\/wp-json\/wp\/v2\/product"}],"about":[{"href":"https:\/\/compuviper.mx\/tienda\/wp-json\/wp\/v2\/types\/product"}],"replies":[{"embeddable":true,"href":"https:\/\/compuviper.mx\/tienda\/wp-json\/wp\/v2\/comments?post=268502"}],"wp:attachment":[{"href":"https:\/\/compuviper.mx\/tienda\/wp-json\/wp\/v2\/media?parent=268502"}],"wp:term":[{"taxonomy":"product_cat","embeddable":true,"href":"https:\/\/compuviper.mx\/tienda\/wp-json\/wp\/v2\/product_cat?post=268502"},{"taxonomy":"product_tag","embeddable":true,"href":"https:\/\/compuviper.mx\/tienda\/wp-json\/wp\/v2\/product_tag?post=268502"}],"curies":[{"name":"wp","href":"https:\/\/api.w.org\/{rel}","templated":true}]}}