{"id":268494,"date":"2026-04-07T02:15:21","date_gmt":"2026-04-07T08:15:21","guid":{"rendered":"https:\/\/compuviper.mx\/tienda\/producto\/asus-oem-dual-gtx1650-o4gd6-mini-csm-tarjeta-de-video-asus-nvidia-gtx1650-pcie-x16-3-0-4gb-gddr6-hdmi-dp-dvi-estandar-gama-media\/"},"modified":"2026-04-07T02:15:21","modified_gmt":"2026-04-07T08:15:21","slug":"asus-oem-dual-gtx1650-o4gd6-mini-csm-tarjeta-de-video-asus-nvidia-gtx1650-pcie-x16-3-0-4gb-gddr6-hdmi-dp-dvi-estandar-gama-media","status":"publish","type":"product","link":"https:\/\/compuviper.mx\/tienda\/producto\/asus-oem-dual-gtx1650-o4gd6-mini-csm-tarjeta-de-video-asus-nvidia-gtx1650-pcie-x16-3-0-4gb-gddr6-hdmi-dp-dvi-estandar-gama-media\/","title":{"rendered":"Asus Oem Dual-gtx1650-o4gd6-mini-csm Tarjeta De Video Asus Nvidia Gtx1650\/pcie X16 3.0\/4gb Gddr6\/hdmi\/dp\/dvi\/estandar\/gama Media"},"content":{"rendered":"<table class=\"descripcion\">\n<tr>\n<td>Motor gr\u00e1fico<\/td>\n<\/tr>\n<tr>\n<td>Nvidia\u00ae geforce gtx 1650<\/td>\n<\/tr>\n<tr>\n<td>Est\u00e1ndar de bus<\/td>\n<\/tr>\n<tr>\n<td>Pci express 3.0<\/td>\n<\/tr>\n<tr>\n<td>Opengl<\/td>\n<\/tr>\n<tr>\n<td>Opengl\u00ae4.6<\/td>\n<\/tr>\n<tr>\n<td>Memoria de video<\/td>\n<\/tr>\n<tr>\n<td>Gddr6 de 4 gb<\/td>\n<\/tr>\n<tr>\n<td>Reloj del motor<\/td>\n<\/tr>\n<tr>\n<td>Modo oc: 1650 mhz (reloj de refuerzo)<\/td>\n<\/tr>\n<tr>\n<td>Modo de juego (predeterminado) &#8211; gpu boost clock: 1620 mhz, gpu base clock: 1410 mhz<\/td>\n<\/tr>\n<tr>\n<td>N\u00facleo cuda<\/td>\n<\/tr>\n<tr>\n<td>896<\/td>\n<\/tr>\n<tr>\n<td>Velocidad de memoria<\/td>\n<\/tr>\n<tr>\n<td>12 gbps<\/td>\n<\/tr>\n<tr>\n<td>Interfaz de memoria<\/td>\n<\/tr>\n<tr>\n<td>128 bits<\/td>\n<\/tr>\n<tr>\n<td>Resoluci\u00f3n<\/td>\n<\/tr>\n<tr>\n<td>Resoluci\u00f3n m\u00e1xima digital 7680 x 4320<\/td>\n<\/tr>\n<tr>\n<td>Interfaz<\/td>\n<\/tr>\n<tr>\n<td>S\u00ed x 1 (dvi-d nativo)<\/td>\n<\/tr>\n<tr>\n<td>S\u00ed x 1 (hdmi nativo 2.0b)<\/td>\n<\/tr>\n<tr>\n<td>S\u00ed x 1 (displayport 1.4 nativo)<\/td>\n<\/tr>\n<tr>\n<td>Soporte hdcp s\u00ed (2.2)<\/td>\n<\/tr>\n<tr>\n<td>Soporte de pantalla m\u00e1ximo<\/td>\n<\/tr>\n<tr>\n<td>3<\/td>\n<\/tr>\n<tr>\n<td>Soporte nvlink \/ crossfire<\/td>\n<\/tr>\n<tr>\n<td>No<\/td>\n<\/tr>\n<tr>\n<td>Accesorios<\/td>\n<\/tr>\n<tr>\n<td>S\u00ed x 1<\/td>\n<\/tr>\n<tr>\n<td>1 x manual de configuraci\u00f3n de velocidad<\/td>\n<\/tr>\n<tr>\n<td>Software<\/td>\n<\/tr>\n<tr>\n<td>Asus gpu tweak ii y controladores: descargue todo el software del sitio de soporte.<\/td>\n<\/tr>\n<tr>\n<td>Dimensiones<\/td>\n<\/tr>\n<tr>\n<td>7.87 x 4.88 x 1.53 pulgadas<\/td>\n<\/tr>\n<tr>\n<td>20 x 12,4 x 3,9 cent\u00edmetros<\/td>\n<\/tr>\n<tr>\n<td>Psu recomendada<\/td>\n<\/tr>\n<tr>\n<td>300w<\/td>\n<\/tr>\n<tr>\n<td>Espacio<\/td>\n<\/tr>\n<tr>\n<td>2 ranuras<\/td>\n<\/tr>\n<\/table>\n","protected":false},"excerpt":{"rendered":"<p>La asus dual geforce\u00ae gtx 1650 mini oc edition 4gb gddr6 con un tama\u00f1o compacto y dos potentes ventiladores de tecnolog\u00eda axial para intel\u00ae nuc 9 extreme kit, intel\u00ae nuc 9 pro kit y otros chasis peque\u00f1os. Edici\u00f3n oc: boost clock 1650 mhz (modo oc) \/ 1620 mhz (modo de juego. La dual geforce\u00ae gtx 1650 mini est\u00e1 construida con el rendimiento gr\u00e1fico revolucionario de la galardonada arquitectura nvidia turing \u0099 para potenciar sus juegos favoritos. Gddr6 ultrarr\u00e1pido con m\u00e1s de un 50% m\u00e1s de ancho de banda de memoria para juegos de alta velocidad. Experiencia geforce: captura y comparte videos, capturas de pantalla y transmisiones en vivo con amigos. Mantenga sus controladores actualizados y optimice la configuraci\u00f3n del juego. Geforce experience te permite hacerlo todo, convirti\u00e9ndolo en el compa\u00f1ero esencial de tu tarjeta gr\u00e1fica geforce. La gpu de doble ventilador m\u00e1s genial construida para el kit intel\u00ae nuc 9 extreme y el kit intel\u00ae nuc 9 pro1. Un soporte de acero inoxidable es m\u00e1s duro y resistente a la corrosi\u00f3n. Un dise\u00f1o de 2 ranuras maximiza la compatibilidad y la eficiencia de enfriamiento para un rendimiento superior en chasis peque\u00f1os. El dise\u00f1o del ventilador de tecnolog\u00eda axial presenta un eje de ventilador m\u00e1s peque\u00f1o que facilita aspas m\u00e1s largas y un anillo de barrera que aumenta la presi\u00f3n de aire hacia abajo. La tecnolog\u00eda 0db te permite disfrutar de juegos ligeros en relativo silencio. La tecnolog\u00eda auto-extreme utiliza la automatizaci\u00f3n para mejorar la confiabilidad<\/p>\n","protected":false},"featured_media":268495,"comment_status":"open","ping_status":"open","template":"","meta":[],"product_cat":[1842,1841],"product_tag":[2096],"acf":[],"yoast_head":"<!-- This site is optimized with the Yoast SEO plugin v21.7 - https:\/\/yoast.com\/wordpress\/plugins\/seo\/ -->\n<title>[ Asus Oem ] &#129351; Dual-gtx1650-o4gd6-mini-csm Tarjeta De Video Asus Nvidia Gtx1650\/pcie X16 3.0\/4gb Gddr6\/hdmi\/dp\/dvi\/estandar\/gama Media<\/title>\n<meta name=\"description\" content=\"Compra Dual-gtx1650-o4gd6-mini-csm Tarjeta De Video Asus Nvidia Gtx1650\/pcie X16 3.0\/4gb Gddr6\/hdmi\/dp\/dvi\/estandar\/gama Media + Env\u00edo a domicilio + Pago seguro + Garant\u00eda\" \/>\n<meta name=\"robots\" content=\"index, follow, max-snippet:-1, max-image-preview:large, max-video-preview:-1\" \/>\n<link rel=\"canonical\" href=\"https:\/\/compuviper.mx\/tienda\/producto\/asus-oem-dual-gtx1650-o4gd6-mini-csm-tarjeta-de-video-asus-nvidia-gtx1650-pcie-x16-3-0-4gb-gddr6-hdmi-dp-dvi-estandar-gama-media\/\" \/>\n<meta property=\"og:locale\" content=\"es_MX\" \/>\n<meta property=\"og:type\" content=\"article\" \/>\n<meta property=\"og:title\" content=\"[ Asus Oem ] &#129351; Dual-gtx1650-o4gd6-mini-csm Tarjeta De Video Asus Nvidia Gtx1650\/pcie X16 3.0\/4gb Gddr6\/hdmi\/dp\/dvi\/estandar\/gama Media\" \/>\n<meta property=\"og:description\" content=\"Compra Dual-gtx1650-o4gd6-mini-csm Tarjeta De Video Asus Nvidia Gtx1650\/pcie X16 3.0\/4gb Gddr6\/hdmi\/dp\/dvi\/estandar\/gama Media + Env\u00edo a domicilio + Pago seguro + Garant\u00eda\" \/>\n<meta property=\"og:url\" content=\"https:\/\/compuviper.mx\/tienda\/producto\/asus-oem-dual-gtx1650-o4gd6-mini-csm-tarjeta-de-video-asus-nvidia-gtx1650-pcie-x16-3-0-4gb-gddr6-hdmi-dp-dvi-estandar-gama-media\/\" \/>\n<meta property=\"og:site_name\" content=\"Compuviper\" \/>\n<meta property=\"article:publisher\" content=\"https:\/\/www.facebook.com\/compuviper\" \/>\n<meta property=\"og:image\" content=\"https:\/\/compuviper.mx\/tienda\/wp-content\/uploads\/2026\/04\/Tarjeta-de-video-asus-nvidia-gtx1650pcie-x16-3.04gb-gddr6hdmidpdviestandargama-media.jpg\" \/>\n\t<meta property=\"og:image:width\" content=\"200\" \/>\n\t<meta property=\"og:image:height\" content=\"200\" \/>\n\t<meta property=\"og:image:type\" content=\"image\/jpeg\" \/>\n<meta name=\"twitter:card\" content=\"summary_large_image\" \/>\n<meta name=\"twitter:label1\" content=\"Precio\" \/>\n\t<meta name=\"twitter:data1\" content=\"&#36;1,994 con IVA\" \/>\n\t<meta name=\"twitter:label2\" content=\"Availability\" \/>\n\t<meta name=\"twitter:data2\" content=\"Out of stock\" \/>\n<script type=\"application\/ld+json\" class=\"yoast-schema-graph\">{\"@context\":\"https:\/\/schema.org\",\"@graph\":[{\"@type\":\"WebPage\",\"@id\":\"https:\/\/compuviper.mx\/tienda\/producto\/asus-oem-dual-gtx1650-o4gd6-mini-csm-tarjeta-de-video-asus-nvidia-gtx1650-pcie-x16-3-0-4gb-gddr6-hdmi-dp-dvi-estandar-gama-media\/\",\"url\":\"https:\/\/compuviper.mx\/tienda\/producto\/asus-oem-dual-gtx1650-o4gd6-mini-csm-tarjeta-de-video-asus-nvidia-gtx1650-pcie-x16-3-0-4gb-gddr6-hdmi-dp-dvi-estandar-gama-media\/\",\"name\":\"[ Asus Oem ] &#129351; Dual-gtx1650-o4gd6-mini-csm Tarjeta De Video Asus Nvidia Gtx1650\/pcie X16 3.0\/4gb Gddr6\/hdmi\/dp\/dvi\/estandar\/gama Media\",\"isPartOf\":{\"@id\":\"https:\/\/compuviper.mx\/tienda\/#website\"},\"datePublished\":\"2026-04-07T08:15:21+00:00\",\"dateModified\":\"2026-04-07T08:15:21+00:00\",\"description\":\"Compra Dual-gtx1650-o4gd6-mini-csm Tarjeta De Video Asus Nvidia Gtx1650\/pcie X16 3.0\/4gb Gddr6\/hdmi\/dp\/dvi\/estandar\/gama Media + Env\u00edo a domicilio + Pago seguro + Garant\u00eda\",\"breadcrumb\":{\"@id\":\"https:\/\/compuviper.mx\/tienda\/producto\/asus-oem-dual-gtx1650-o4gd6-mini-csm-tarjeta-de-video-asus-nvidia-gtx1650-pcie-x16-3-0-4gb-gddr6-hdmi-dp-dvi-estandar-gama-media\/#breadcrumb\"},\"inLanguage\":\"es-MX\",\"potentialAction\":[{\"@type\":\"ReadAction\",\"target\":[\"https:\/\/compuviper.mx\/tienda\/producto\/asus-oem-dual-gtx1650-o4gd6-mini-csm-tarjeta-de-video-asus-nvidia-gtx1650-pcie-x16-3-0-4gb-gddr6-hdmi-dp-dvi-estandar-gama-media\/\"]}]},{\"@type\":\"BreadcrumbList\",\"@id\":\"https:\/\/compuviper.mx\/tienda\/producto\/asus-oem-dual-gtx1650-o4gd6-mini-csm-tarjeta-de-video-asus-nvidia-gtx1650-pcie-x16-3-0-4gb-gddr6-hdmi-dp-dvi-estandar-gama-media\/#breadcrumb\",\"itemListElement\":[{\"@type\":\"ListItem\",\"position\":1,\"name\":\"Inicio\",\"item\":\"https:\/\/compuviper.mx\/tienda\/\"},{\"@type\":\"ListItem\",\"position\":2,\"name\":\"Productos\",\"item\":\"https:\/\/compuviper.mx\/tienda\/productos\/\"},{\"@type\":\"ListItem\",\"position\":3,\"name\":\"Asus Oem Dual-gtx1650-o4gd6-mini-csm Tarjeta De Video Asus Nvidia Gtx1650\/pcie X16 3.0\/4gb Gddr6\/hdmi\/dp\/dvi\/estandar\/gama Media\"}]},{\"@type\":\"WebSite\",\"@id\":\"https:\/\/compuviper.mx\/tienda\/#website\",\"url\":\"https:\/\/compuviper.mx\/tienda\/\",\"name\":\"Compuviper\",\"description\":\"Proveedor de Computadoras, Laptops, Servidores, Monitores, Puntos de Venta, Teclados,   Impresoras, T\u00f3ner, C\u00e1maras de Seguridad y m\u00e1s en tu tienda en l\u00ednea\",\"publisher\":{\"@id\":\"https:\/\/compuviper.mx\/tienda\/#organization\"},\"potentialAction\":[{\"@type\":\"SearchAction\",\"target\":{\"@type\":\"EntryPoint\",\"urlTemplate\":\"https:\/\/compuviper.mx\/tienda\/?s={search_term_string}\"},\"query-input\":\"required name=search_term_string\"}],\"inLanguage\":\"es-MX\"},{\"@type\":\"Organization\",\"@id\":\"https:\/\/compuviper.mx\/tienda\/#organization\",\"name\":\"Compuviper\",\"url\":\"https:\/\/compuviper.mx\/tienda\/\",\"logo\":{\"@type\":\"ImageObject\",\"inLanguage\":\"es-MX\",\"@id\":\"https:\/\/compuviper.mx\/tienda\/#\/schema\/logo\/image\/\",\"url\":\"https:\/\/compuviper.mx\/tienda\/wp-content\/uploads\/2021\/08\/Logo-Compuviper-10.png\",\"contentUrl\":\"https:\/\/compuviper.mx\/tienda\/wp-content\/uploads\/2021\/08\/Logo-Compuviper-10.png\",\"width\":1000,\"height\":500,\"caption\":\"Compuviper\"},\"image\":{\"@id\":\"https:\/\/compuviper.mx\/tienda\/#\/schema\/logo\/image\/\"},\"sameAs\":[\"https:\/\/www.facebook.com\/compuviper\",\"https:\/\/www.youtube.com\/channel\/UCf73dERp9Y3cfOq7q8BhLjA?view_as=subscriber\"]}]}<\/script>\n<meta property=\"product:brand\" content=\"Asus Oem\" \/>\n<meta property=\"product:price:amount\" content=\"1994\" \/>\n<meta property=\"product:price:currency\" content=\"MXN\" \/>\n<meta property=\"og:availability\" content=\"out of stock\" \/>\n<meta property=\"product:availability\" content=\"out of stock\" \/>\n<meta property=\"product:retailer_item_id\" content=\"DUAL-GTX1650-O4GD6-MINI-CSM\" \/>\n<meta property=\"product:condition\" content=\"new\" \/>\n<!-- \/ Yoast SEO plugin. -->","yoast_head_json":{"title":"[ Asus Oem ] &#129351; Dual-gtx1650-o4gd6-mini-csm Tarjeta De Video Asus Nvidia Gtx1650\/pcie X16 3.0\/4gb Gddr6\/hdmi\/dp\/dvi\/estandar\/gama Media","description":"Compra Dual-gtx1650-o4gd6-mini-csm Tarjeta De Video Asus Nvidia Gtx1650\/pcie X16 3.0\/4gb Gddr6\/hdmi\/dp\/dvi\/estandar\/gama Media + Env\u00edo a domicilio + Pago seguro + Garant\u00eda","robots":{"index":"index","follow":"follow","max-snippet":"max-snippet:-1","max-image-preview":"max-image-preview:large","max-video-preview":"max-video-preview:-1"},"canonical":"https:\/\/compuviper.mx\/tienda\/producto\/asus-oem-dual-gtx1650-o4gd6-mini-csm-tarjeta-de-video-asus-nvidia-gtx1650-pcie-x16-3-0-4gb-gddr6-hdmi-dp-dvi-estandar-gama-media\/","og_locale":"es_MX","og_type":"article","og_title":"[ Asus Oem ] &#129351; Dual-gtx1650-o4gd6-mini-csm Tarjeta De Video Asus Nvidia Gtx1650\/pcie X16 3.0\/4gb Gddr6\/hdmi\/dp\/dvi\/estandar\/gama Media","og_description":"Compra Dual-gtx1650-o4gd6-mini-csm Tarjeta De Video Asus Nvidia Gtx1650\/pcie X16 3.0\/4gb Gddr6\/hdmi\/dp\/dvi\/estandar\/gama Media + Env\u00edo a domicilio + Pago seguro + Garant\u00eda","og_url":"https:\/\/compuviper.mx\/tienda\/producto\/asus-oem-dual-gtx1650-o4gd6-mini-csm-tarjeta-de-video-asus-nvidia-gtx1650-pcie-x16-3-0-4gb-gddr6-hdmi-dp-dvi-estandar-gama-media\/","og_site_name":"Compuviper","article_publisher":"https:\/\/www.facebook.com\/compuviper","og_image":[{"width":200,"height":200,"url":"https:\/\/compuviper.mx\/tienda\/wp-content\/uploads\/2026\/04\/Tarjeta-de-video-asus-nvidia-gtx1650pcie-x16-3.04gb-gddr6hdmidpdviestandargama-media.jpg","type":"image\/jpeg"}],"twitter_card":"summary_large_image","twitter_misc":{"Precio":"&#36;1,994 con IVA","Availability":"Out of stock"},"schema":{"@context":"https:\/\/schema.org","@graph":[{"@type":"WebPage","@id":"https:\/\/compuviper.mx\/tienda\/producto\/asus-oem-dual-gtx1650-o4gd6-mini-csm-tarjeta-de-video-asus-nvidia-gtx1650-pcie-x16-3-0-4gb-gddr6-hdmi-dp-dvi-estandar-gama-media\/","url":"https:\/\/compuviper.mx\/tienda\/producto\/asus-oem-dual-gtx1650-o4gd6-mini-csm-tarjeta-de-video-asus-nvidia-gtx1650-pcie-x16-3-0-4gb-gddr6-hdmi-dp-dvi-estandar-gama-media\/","name":"[ Asus Oem ] &#129351; Dual-gtx1650-o4gd6-mini-csm Tarjeta De Video Asus Nvidia Gtx1650\/pcie X16 3.0\/4gb Gddr6\/hdmi\/dp\/dvi\/estandar\/gama Media","isPartOf":{"@id":"https:\/\/compuviper.mx\/tienda\/#website"},"datePublished":"2026-04-07T08:15:21+00:00","dateModified":"2026-04-07T08:15:21+00:00","description":"Compra Dual-gtx1650-o4gd6-mini-csm Tarjeta De Video Asus Nvidia Gtx1650\/pcie X16 3.0\/4gb Gddr6\/hdmi\/dp\/dvi\/estandar\/gama Media + Env\u00edo a domicilio + Pago seguro + Garant\u00eda","breadcrumb":{"@id":"https:\/\/compuviper.mx\/tienda\/producto\/asus-oem-dual-gtx1650-o4gd6-mini-csm-tarjeta-de-video-asus-nvidia-gtx1650-pcie-x16-3-0-4gb-gddr6-hdmi-dp-dvi-estandar-gama-media\/#breadcrumb"},"inLanguage":"es-MX","potentialAction":[{"@type":"ReadAction","target":["https:\/\/compuviper.mx\/tienda\/producto\/asus-oem-dual-gtx1650-o4gd6-mini-csm-tarjeta-de-video-asus-nvidia-gtx1650-pcie-x16-3-0-4gb-gddr6-hdmi-dp-dvi-estandar-gama-media\/"]}]},{"@type":"BreadcrumbList","@id":"https:\/\/compuviper.mx\/tienda\/producto\/asus-oem-dual-gtx1650-o4gd6-mini-csm-tarjeta-de-video-asus-nvidia-gtx1650-pcie-x16-3-0-4gb-gddr6-hdmi-dp-dvi-estandar-gama-media\/#breadcrumb","itemListElement":[{"@type":"ListItem","position":1,"name":"Inicio","item":"https:\/\/compuviper.mx\/tienda\/"},{"@type":"ListItem","position":2,"name":"Productos","item":"https:\/\/compuviper.mx\/tienda\/productos\/"},{"@type":"ListItem","position":3,"name":"Asus Oem Dual-gtx1650-o4gd6-mini-csm Tarjeta De Video Asus Nvidia Gtx1650\/pcie X16 3.0\/4gb Gddr6\/hdmi\/dp\/dvi\/estandar\/gama Media"}]},{"@type":"WebSite","@id":"https:\/\/compuviper.mx\/tienda\/#website","url":"https:\/\/compuviper.mx\/tienda\/","name":"Compuviper","description":"Proveedor de Computadoras, Laptops, Servidores, Monitores, Puntos de Venta, Teclados,   Impresoras, T\u00f3ner, C\u00e1maras de Seguridad y m\u00e1s en tu tienda en l\u00ednea","publisher":{"@id":"https:\/\/compuviper.mx\/tienda\/#organization"},"potentialAction":[{"@type":"SearchAction","target":{"@type":"EntryPoint","urlTemplate":"https:\/\/compuviper.mx\/tienda\/?s={search_term_string}"},"query-input":"required name=search_term_string"}],"inLanguage":"es-MX"},{"@type":"Organization","@id":"https:\/\/compuviper.mx\/tienda\/#organization","name":"Compuviper","url":"https:\/\/compuviper.mx\/tienda\/","logo":{"@type":"ImageObject","inLanguage":"es-MX","@id":"https:\/\/compuviper.mx\/tienda\/#\/schema\/logo\/image\/","url":"https:\/\/compuviper.mx\/tienda\/wp-content\/uploads\/2021\/08\/Logo-Compuviper-10.png","contentUrl":"https:\/\/compuviper.mx\/tienda\/wp-content\/uploads\/2021\/08\/Logo-Compuviper-10.png","width":1000,"height":500,"caption":"Compuviper"},"image":{"@id":"https:\/\/compuviper.mx\/tienda\/#\/schema\/logo\/image\/"},"sameAs":["https:\/\/www.facebook.com\/compuviper","https:\/\/www.youtube.com\/channel\/UCf73dERp9Y3cfOq7q8BhLjA?view_as=subscriber"]}]},"product_brand":"Asus Oem","product_price_amount":"1994","product_price_currency":"MXN","og_availability":"out of stock","product_availability":"out of stock","product_retailer_item_id":"DUAL-GTX1650-O4GD6-MINI-CSM","product_condition":"new"},"_links":{"self":[{"href":"https:\/\/compuviper.mx\/tienda\/wp-json\/wp\/v2\/product\/268494"}],"collection":[{"href":"https:\/\/compuviper.mx\/tienda\/wp-json\/wp\/v2\/product"}],"about":[{"href":"https:\/\/compuviper.mx\/tienda\/wp-json\/wp\/v2\/types\/product"}],"replies":[{"embeddable":true,"href":"https:\/\/compuviper.mx\/tienda\/wp-json\/wp\/v2\/comments?post=268494"}],"wp:featuredmedia":[{"embeddable":true,"href":"https:\/\/compuviper.mx\/tienda\/wp-json\/wp\/v2\/media\/268495"}],"wp:attachment":[{"href":"https:\/\/compuviper.mx\/tienda\/wp-json\/wp\/v2\/media?parent=268494"}],"wp:term":[{"taxonomy":"product_cat","embeddable":true,"href":"https:\/\/compuviper.mx\/tienda\/wp-json\/wp\/v2\/product_cat?post=268494"},{"taxonomy":"product_tag","embeddable":true,"href":"https:\/\/compuviper.mx\/tienda\/wp-json\/wp\/v2\/product_tag?post=268494"}],"curies":[{"name":"wp","href":"https:\/\/api.w.org\/{rel}","templated":true}]}}