{"id":268492,"date":"2026-04-07T01:48:02","date_gmt":"2026-04-07T07:48:02","guid":{"rendered":"https:\/\/compuviper.mx\/tienda\/producto\/biwin-acer-bl-9bwwa-213-memoria-ram-acer-sd100-sodimm-ddr4-16gb-2r8gb-pc4-3200mhz-cl22-1-2v-laptop\/"},"modified":"2026-04-07T01:48:02","modified_gmt":"2026-04-07T07:48:02","slug":"biwin-acer-bl-9bwwa-213-memoria-ram-acer-sd100-sodimm-ddr4-16gb-2r8gb-pc4-3200mhz-cl22-1-2v-laptop","status":"publish","type":"product","link":"https:\/\/compuviper.mx\/tienda\/producto\/biwin-acer-bl-9bwwa-213-memoria-ram-acer-sd100-sodimm-ddr4-16gb-2r8gb-pc4-3200mhz-cl22-1-2v-laptop\/","title":{"rendered":"Biwin Acer Bl.9bwwa.213 Memoria Ram Acer Sd100 Sodimm Ddr4 16gb 2r*8gb Pc4 3200mhz Cl22, 1.2v Laptop"},"content":{"rendered":"<table class=\"descripcion\">\n<tr>\n<td>Memoria ram para port\u00e1til acer sd100<\/td>\n<\/tr>\n<tr>\n<td>Capacidad: 16 gb<\/td>\n<\/tr>\n<tr>\n<td>Tipo: m\u00f3dulos de memoria ddr4 para port\u00e1tiles de 260 pines<\/td>\n<\/tr>\n<tr>\n<td>Frecuencia: 3200 mhz<\/td>\n<\/tr>\n<tr>\n<td>Latencias: 2400 mhz: cl17-17-17-39, 2666 mhz: cl19-19-19-43, 2933 mhz: cl21-21-21-47, 3200 mhz: cl22-22-22-52<\/td>\n<\/tr>\n<tr>\n<td>Voltaje de trabajo: 1,2 v<\/td>\n<\/tr>\n<tr>\n<td>Dimensiones: 100 \u00d7 70 \u00d7 6,7 mm<\/td>\n<\/tr>\n<tr>\n<td>Temperatura de almacenamiento: -55 \u00b0c &#8211; 100 \u00b0c<\/td>\n<\/tr>\n<tr>\n<td>Temperatura de trabajo: 0 \u00b0c &#8211; 70 \u00b0c<\/td>\n<\/tr>\n<tr>\n<td>Garant\u00eda: garant\u00eda limitada de por vida<\/td>\n<\/tr>\n<tr>\n<td>*la garant\u00eda limitada de por vida cubre todo el ciclo de vida del producto, incluyendo la producci\u00f3n oficial, el suministro al mercado, el mantenimiento, la reparaci\u00f3n y otros servicios, hasta el final de su vida \u00fatil.<\/td>\n<\/tr>\n<tr>\n<td>*las im\u00e1genes del producto que se muestran arriba son solo de referencia. para obtener informaci\u00f3n espec\u00edfica, consulte el producto real.<\/td>\n<\/tr>\n<tr>\n<td>*el embalaje, la apariencia y el software adicional del producto pueden variar seg\u00fan las fechas de env\u00edo y el inventario disponible.<\/td>\n<\/tr>\n<tr>\n<td>*se requieren mantenimiento y futuras actualizaciones durante todo el ciclo de vida del producto. las especificaciones est\u00e1n sujetas a cambios sin previo aviso.<\/td>\n<\/tr>\n<\/table>\n","protected":false},"excerpt":{"rendered":"<p>Marque una gran diferencia. Mejore su experiencia con la pc. \u00bfpor qu\u00e9 esperar a que llegue tu pc cuando puedes dedicarte a trabajar, estudiar o jugar a toda velocidad? el acer sd100 sodimm (m\u00f3dulo de memoria dual en l\u00ednea de contorno peque\u00f1o) es un m\u00f3dulo de memoria r\u00e1pido con un contorno y grosor m\u00e1s peque\u00f1os que los m\u00f3dulos dimm est\u00e1ndar, dise\u00f1ado principalmente para port\u00e1tiles. Es r\u00e1pido, f\u00e1cil de instalar y a\u00fan m\u00e1s f\u00e1cil de usar.<\/p>\n","protected":false},"featured_media":0,"comment_status":"open","ping_status":"open","template":"","meta":[],"product_cat":[1797,1793],"product_tag":[2216],"acf":[],"yoast_head":"<!-- This site is optimized with the Yoast SEO plugin v21.7 - https:\/\/yoast.com\/wordpress\/plugins\/seo\/ -->\n<title>[ Biwin Acer ] &#129351; Bl.9bwwa.213 Memoria Ram Acer Sd100 Sodimm Ddr4 16gb 2r*8gb Pc4 3200mhz Cl22, 1.2v Laptop<\/title>\n<meta name=\"description\" content=\"Compra Bl.9bwwa.213 Memoria Ram Acer Sd100 Sodimm Ddr4 16gb 2r*8gb Pc4 3200mhz Cl22, 1.2v Laptop + Env\u00edo a domicilio + Pago seguro + Garant\u00eda\" \/>\n<meta name=\"robots\" content=\"index, follow, max-snippet:-1, max-image-preview:large, max-video-preview:-1\" \/>\n<link rel=\"canonical\" href=\"https:\/\/compuviper.mx\/tienda\/producto\/biwin-acer-bl-9bwwa-213-memoria-ram-acer-sd100-sodimm-ddr4-16gb-2r8gb-pc4-3200mhz-cl22-1-2v-laptop\/\" \/>\n<meta property=\"og:locale\" content=\"es_MX\" \/>\n<meta property=\"og:type\" content=\"article\" \/>\n<meta property=\"og:title\" content=\"[ Biwin Acer ] &#129351; Bl.9bwwa.213 Memoria Ram Acer Sd100 Sodimm Ddr4 16gb 2r*8gb Pc4 3200mhz Cl22, 1.2v Laptop\" \/>\n<meta property=\"og:description\" content=\"Compra Bl.9bwwa.213 Memoria Ram Acer Sd100 Sodimm Ddr4 16gb 2r*8gb Pc4 3200mhz Cl22, 1.2v Laptop + Env\u00edo a domicilio + Pago seguro + Garant\u00eda\" \/>\n<meta property=\"og:url\" content=\"https:\/\/compuviper.mx\/tienda\/producto\/biwin-acer-bl-9bwwa-213-memoria-ram-acer-sd100-sodimm-ddr4-16gb-2r8gb-pc4-3200mhz-cl22-1-2v-laptop\/\" \/>\n<meta property=\"og:site_name\" content=\"Compuviper\" \/>\n<meta property=\"article:publisher\" content=\"https:\/\/www.facebook.com\/compuviper\" \/>\n<meta name=\"twitter:card\" content=\"summary_large_image\" \/>\n<meta name=\"twitter:label1\" content=\"Precio\" \/>\n\t<meta name=\"twitter:data1\" content=\"&#36;2,779 con IVA\" \/>\n\t<meta name=\"twitter:label2\" content=\"Availability\" \/>\n\t<meta name=\"twitter:data2\" content=\"Out of stock\" \/>\n<script type=\"application\/ld+json\" class=\"yoast-schema-graph\">{\"@context\":\"https:\/\/schema.org\",\"@graph\":[{\"@type\":\"WebPage\",\"@id\":\"https:\/\/compuviper.mx\/tienda\/producto\/biwin-acer-bl-9bwwa-213-memoria-ram-acer-sd100-sodimm-ddr4-16gb-2r8gb-pc4-3200mhz-cl22-1-2v-laptop\/\",\"url\":\"https:\/\/compuviper.mx\/tienda\/producto\/biwin-acer-bl-9bwwa-213-memoria-ram-acer-sd100-sodimm-ddr4-16gb-2r8gb-pc4-3200mhz-cl22-1-2v-laptop\/\",\"name\":\"[ Biwin Acer ] &#129351; Bl.9bwwa.213 Memoria Ram Acer Sd100 Sodimm Ddr4 16gb 2r*8gb Pc4 3200mhz Cl22, 1.2v Laptop\",\"isPartOf\":{\"@id\":\"https:\/\/compuviper.mx\/tienda\/#website\"},\"datePublished\":\"2026-04-07T07:48:02+00:00\",\"dateModified\":\"2026-04-07T07:48:02+00:00\",\"description\":\"Compra Bl.9bwwa.213 Memoria Ram Acer Sd100 Sodimm Ddr4 16gb 2r*8gb Pc4 3200mhz Cl22, 1.2v Laptop + Env\u00edo a domicilio + Pago seguro + Garant\u00eda\",\"breadcrumb\":{\"@id\":\"https:\/\/compuviper.mx\/tienda\/producto\/biwin-acer-bl-9bwwa-213-memoria-ram-acer-sd100-sodimm-ddr4-16gb-2r8gb-pc4-3200mhz-cl22-1-2v-laptop\/#breadcrumb\"},\"inLanguage\":\"es-MX\",\"potentialAction\":[{\"@type\":\"ReadAction\",\"target\":[\"https:\/\/compuviper.mx\/tienda\/producto\/biwin-acer-bl-9bwwa-213-memoria-ram-acer-sd100-sodimm-ddr4-16gb-2r8gb-pc4-3200mhz-cl22-1-2v-laptop\/\"]}]},{\"@type\":\"BreadcrumbList\",\"@id\":\"https:\/\/compuviper.mx\/tienda\/producto\/biwin-acer-bl-9bwwa-213-memoria-ram-acer-sd100-sodimm-ddr4-16gb-2r8gb-pc4-3200mhz-cl22-1-2v-laptop\/#breadcrumb\",\"itemListElement\":[{\"@type\":\"ListItem\",\"position\":1,\"name\":\"Inicio\",\"item\":\"https:\/\/compuviper.mx\/tienda\/\"},{\"@type\":\"ListItem\",\"position\":2,\"name\":\"Productos\",\"item\":\"https:\/\/compuviper.mx\/tienda\/productos\/\"},{\"@type\":\"ListItem\",\"position\":3,\"name\":\"Biwin Acer Bl.9bwwa.213 Memoria Ram Acer Sd100 Sodimm Ddr4 16gb 2r*8gb Pc4 3200mhz Cl22, 1.2v Laptop\"}]},{\"@type\":\"WebSite\",\"@id\":\"https:\/\/compuviper.mx\/tienda\/#website\",\"url\":\"https:\/\/compuviper.mx\/tienda\/\",\"name\":\"Compuviper\",\"description\":\"Proveedor de Computadoras, Laptops, Servidores, Monitores, Puntos de Venta, Teclados,   Impresoras, T\u00f3ner, C\u00e1maras de Seguridad y m\u00e1s en tu tienda en l\u00ednea\",\"publisher\":{\"@id\":\"https:\/\/compuviper.mx\/tienda\/#organization\"},\"potentialAction\":[{\"@type\":\"SearchAction\",\"target\":{\"@type\":\"EntryPoint\",\"urlTemplate\":\"https:\/\/compuviper.mx\/tienda\/?s={search_term_string}\"},\"query-input\":\"required name=search_term_string\"}],\"inLanguage\":\"es-MX\"},{\"@type\":\"Organization\",\"@id\":\"https:\/\/compuviper.mx\/tienda\/#organization\",\"name\":\"Compuviper\",\"url\":\"https:\/\/compuviper.mx\/tienda\/\",\"logo\":{\"@type\":\"ImageObject\",\"inLanguage\":\"es-MX\",\"@id\":\"https:\/\/compuviper.mx\/tienda\/#\/schema\/logo\/image\/\",\"url\":\"https:\/\/compuviper.mx\/tienda\/wp-content\/uploads\/2021\/08\/Logo-Compuviper-10.png\",\"contentUrl\":\"https:\/\/compuviper.mx\/tienda\/wp-content\/uploads\/2021\/08\/Logo-Compuviper-10.png\",\"width\":1000,\"height\":500,\"caption\":\"Compuviper\"},\"image\":{\"@id\":\"https:\/\/compuviper.mx\/tienda\/#\/schema\/logo\/image\/\"},\"sameAs\":[\"https:\/\/www.facebook.com\/compuviper\",\"https:\/\/www.youtube.com\/channel\/UCf73dERp9Y3cfOq7q8BhLjA?view_as=subscriber\"]}]}<\/script>\n<meta property=\"product:brand\" content=\"Biwin Acer\" \/>\n<meta property=\"product:price:amount\" content=\"2779\" \/>\n<meta property=\"product:price:currency\" content=\"MXN\" \/>\n<meta property=\"og:availability\" content=\"out of stock\" \/>\n<meta property=\"product:availability\" content=\"out of stock\" \/>\n<meta property=\"product:retailer_item_id\" content=\"BL.9BWWA.213\" \/>\n<meta property=\"product:condition\" content=\"new\" \/>\n<!-- \/ Yoast SEO plugin. -->","yoast_head_json":{"title":"[ Biwin Acer ] &#129351; Bl.9bwwa.213 Memoria Ram Acer Sd100 Sodimm Ddr4 16gb 2r*8gb Pc4 3200mhz Cl22, 1.2v Laptop","description":"Compra Bl.9bwwa.213 Memoria Ram Acer Sd100 Sodimm Ddr4 16gb 2r*8gb Pc4 3200mhz Cl22, 1.2v Laptop + Env\u00edo a domicilio + Pago seguro + Garant\u00eda","robots":{"index":"index","follow":"follow","max-snippet":"max-snippet:-1","max-image-preview":"max-image-preview:large","max-video-preview":"max-video-preview:-1"},"canonical":"https:\/\/compuviper.mx\/tienda\/producto\/biwin-acer-bl-9bwwa-213-memoria-ram-acer-sd100-sodimm-ddr4-16gb-2r8gb-pc4-3200mhz-cl22-1-2v-laptop\/","og_locale":"es_MX","og_type":"article","og_title":"[ Biwin Acer ] &#129351; Bl.9bwwa.213 Memoria Ram Acer Sd100 Sodimm Ddr4 16gb 2r*8gb Pc4 3200mhz Cl22, 1.2v Laptop","og_description":"Compra Bl.9bwwa.213 Memoria Ram Acer Sd100 Sodimm Ddr4 16gb 2r*8gb Pc4 3200mhz Cl22, 1.2v Laptop + Env\u00edo a domicilio + Pago seguro + Garant\u00eda","og_url":"https:\/\/compuviper.mx\/tienda\/producto\/biwin-acer-bl-9bwwa-213-memoria-ram-acer-sd100-sodimm-ddr4-16gb-2r8gb-pc4-3200mhz-cl22-1-2v-laptop\/","og_site_name":"Compuviper","article_publisher":"https:\/\/www.facebook.com\/compuviper","twitter_card":"summary_large_image","twitter_misc":{"Precio":"&#36;2,779 con IVA","Availability":"Out of stock"},"schema":{"@context":"https:\/\/schema.org","@graph":[{"@type":"WebPage","@id":"https:\/\/compuviper.mx\/tienda\/producto\/biwin-acer-bl-9bwwa-213-memoria-ram-acer-sd100-sodimm-ddr4-16gb-2r8gb-pc4-3200mhz-cl22-1-2v-laptop\/","url":"https:\/\/compuviper.mx\/tienda\/producto\/biwin-acer-bl-9bwwa-213-memoria-ram-acer-sd100-sodimm-ddr4-16gb-2r8gb-pc4-3200mhz-cl22-1-2v-laptop\/","name":"[ Biwin Acer ] &#129351; Bl.9bwwa.213 Memoria Ram Acer Sd100 Sodimm Ddr4 16gb 2r*8gb Pc4 3200mhz Cl22, 1.2v Laptop","isPartOf":{"@id":"https:\/\/compuviper.mx\/tienda\/#website"},"datePublished":"2026-04-07T07:48:02+00:00","dateModified":"2026-04-07T07:48:02+00:00","description":"Compra Bl.9bwwa.213 Memoria Ram Acer Sd100 Sodimm Ddr4 16gb 2r*8gb Pc4 3200mhz Cl22, 1.2v Laptop + Env\u00edo a domicilio + Pago seguro + Garant\u00eda","breadcrumb":{"@id":"https:\/\/compuviper.mx\/tienda\/producto\/biwin-acer-bl-9bwwa-213-memoria-ram-acer-sd100-sodimm-ddr4-16gb-2r8gb-pc4-3200mhz-cl22-1-2v-laptop\/#breadcrumb"},"inLanguage":"es-MX","potentialAction":[{"@type":"ReadAction","target":["https:\/\/compuviper.mx\/tienda\/producto\/biwin-acer-bl-9bwwa-213-memoria-ram-acer-sd100-sodimm-ddr4-16gb-2r8gb-pc4-3200mhz-cl22-1-2v-laptop\/"]}]},{"@type":"BreadcrumbList","@id":"https:\/\/compuviper.mx\/tienda\/producto\/biwin-acer-bl-9bwwa-213-memoria-ram-acer-sd100-sodimm-ddr4-16gb-2r8gb-pc4-3200mhz-cl22-1-2v-laptop\/#breadcrumb","itemListElement":[{"@type":"ListItem","position":1,"name":"Inicio","item":"https:\/\/compuviper.mx\/tienda\/"},{"@type":"ListItem","position":2,"name":"Productos","item":"https:\/\/compuviper.mx\/tienda\/productos\/"},{"@type":"ListItem","position":3,"name":"Biwin Acer Bl.9bwwa.213 Memoria Ram Acer Sd100 Sodimm Ddr4 16gb 2r*8gb Pc4 3200mhz Cl22, 1.2v Laptop"}]},{"@type":"WebSite","@id":"https:\/\/compuviper.mx\/tienda\/#website","url":"https:\/\/compuviper.mx\/tienda\/","name":"Compuviper","description":"Proveedor de Computadoras, Laptops, Servidores, Monitores, Puntos de Venta, Teclados,   Impresoras, T\u00f3ner, C\u00e1maras de Seguridad y m\u00e1s en tu tienda en l\u00ednea","publisher":{"@id":"https:\/\/compuviper.mx\/tienda\/#organization"},"potentialAction":[{"@type":"SearchAction","target":{"@type":"EntryPoint","urlTemplate":"https:\/\/compuviper.mx\/tienda\/?s={search_term_string}"},"query-input":"required name=search_term_string"}],"inLanguage":"es-MX"},{"@type":"Organization","@id":"https:\/\/compuviper.mx\/tienda\/#organization","name":"Compuviper","url":"https:\/\/compuviper.mx\/tienda\/","logo":{"@type":"ImageObject","inLanguage":"es-MX","@id":"https:\/\/compuviper.mx\/tienda\/#\/schema\/logo\/image\/","url":"https:\/\/compuviper.mx\/tienda\/wp-content\/uploads\/2021\/08\/Logo-Compuviper-10.png","contentUrl":"https:\/\/compuviper.mx\/tienda\/wp-content\/uploads\/2021\/08\/Logo-Compuviper-10.png","width":1000,"height":500,"caption":"Compuviper"},"image":{"@id":"https:\/\/compuviper.mx\/tienda\/#\/schema\/logo\/image\/"},"sameAs":["https:\/\/www.facebook.com\/compuviper","https:\/\/www.youtube.com\/channel\/UCf73dERp9Y3cfOq7q8BhLjA?view_as=subscriber"]}]},"product_brand":"Biwin Acer","product_price_amount":"2779","product_price_currency":"MXN","og_availability":"out of stock","product_availability":"out of stock","product_retailer_item_id":"BL.9BWWA.213","product_condition":"new"},"_links":{"self":[{"href":"https:\/\/compuviper.mx\/tienda\/wp-json\/wp\/v2\/product\/268492"}],"collection":[{"href":"https:\/\/compuviper.mx\/tienda\/wp-json\/wp\/v2\/product"}],"about":[{"href":"https:\/\/compuviper.mx\/tienda\/wp-json\/wp\/v2\/types\/product"}],"replies":[{"embeddable":true,"href":"https:\/\/compuviper.mx\/tienda\/wp-json\/wp\/v2\/comments?post=268492"}],"wp:attachment":[{"href":"https:\/\/compuviper.mx\/tienda\/wp-json\/wp\/v2\/media?parent=268492"}],"wp:term":[{"taxonomy":"product_cat","embeddable":true,"href":"https:\/\/compuviper.mx\/tienda\/wp-json\/wp\/v2\/product_cat?post=268492"},{"taxonomy":"product_tag","embeddable":true,"href":"https:\/\/compuviper.mx\/tienda\/wp-json\/wp\/v2\/product_tag?post=268492"}],"curies":[{"name":"wp","href":"https:\/\/api.w.org\/{rel}","templated":true}]}}