{"id":268475,"date":"2026-04-17T01:24:10","date_gmt":"2026-04-17T07:24:10","guid":{"rendered":"https:\/\/compuviper.mx\/tienda\/producto\/lenovo-83ru0021lm-laptop-idea-gaming-legion-pro-7-16afr10h-amd-ryzen-9-9955hx3d-5-4ghz-32gb-ddr5-ram-1tb-ssd-rtx-5080-16gb-gddr7-16-wqxga-2560x1600-eclipse-black-win-11-home-1yr-cs\/"},"modified":"2026-04-17T01:24:10","modified_gmt":"2026-04-17T07:24:10","slug":"lenovo-83ru0021lm-laptop-idea-gaming-legion-pro-7-16afr10h-amd-ryzen-9-9955hx3d-5-4ghz-32gb-ddr5-ram-1tb-ssd-rtx-5080-16gb-gddr7-16-wqxga-2560x1600-eclipse-black-win-11-home-1yr-cs","status":"publish","type":"product","link":"https:\/\/compuviper.mx\/tienda\/producto\/lenovo-83ru0021lm-laptop-idea-gaming-legion-pro-7-16afr10h-amd-ryzen-9-9955hx3d-5-4ghz-32gb-ddr5-ram-1tb-ssd-rtx-5080-16gb-gddr7-16-wqxga-2560x1600-eclipse-black-win-11-home-1yr-cs\/","title":{"rendered":"Lenovo 83ru0021lm Laptop  Idea Gaming Legion Pro 7 16afr10h \/ Amd Ryzen 9 9955hx3d 5.4ghz \/ 32gb Ddr5 Ram \/ 1tb Ssd \/ Rtx 5080 16gb Gddr7 \/ 16 Wqxga 2560&#215;1600 \/ Eclipse Black \/ Win 11 Home \/ 1yr Cs"},"content":{"rendered":"<table class=\"descripcion\">\n<tr>\n<td>Legion pro 7 16afr10h (83ru0021lm)<\/td>\n<\/tr>\n<tr>\n<td>Performance<\/td>\n<\/tr>\n<tr>\n<td>Processor: amd ryzen 9 9955hx3d (16c \/ 32t, 2.5 \/ 5.4ghz, 16mb l2 \/ 128mb l3)<\/td>\n<\/tr>\n<tr>\n<td>Ai pc category: ai-powered gaming pc<\/td>\n<\/tr>\n<tr>\n<td>Npu: none<\/td>\n<\/tr>\n<tr>\n<td>Graphics: nvidia geforce rtx\u0099 5080 16gb gddr7, boost clock 2287mhz, tgp 175w, 1334 ai tops<\/td>\n<\/tr>\n<tr>\n<td>Chipset: amd soc platform<\/td>\n<\/tr>\n<tr>\n<td>Memory: 2x 16gb sodimm ddr5-5600<\/td>\n<\/tr>\n<tr>\n<td>Memory slots: two ddr5 sodimm slots, dual-channel capable<\/td>\n<\/tr>\n<tr>\n<td>Max memory: up to 64gb ddr5-5600 offering<\/td>\n<\/tr>\n<tr>\n<td>Storage: 1tb ssd m.2 2280 pcie 5.0&#215;4 performance nvme\u00ae<\/td>\n<\/tr>\n<tr>\n<td>Storage slot:<\/td>\n<\/tr>\n<tr>\n<td>Two m.2 slots<\/td>\n<\/tr>\n<tr>\n<td>\u0095 one m.2 2280 pcie\u00ae 5.0 x4 slot<\/td>\n<\/tr>\n<tr>\n<td>\u0095 one m.2 2280 pcie\u00ae 4.0 x4 slot<\/td>\n<\/tr>\n<tr>\n<td>Max storage support: up to two drives, 2x m.2 ssd<\/td>\n<\/tr>\n<tr>\n<td>\u0095 m.2 2280 ssd up to 2tb<\/td>\n<\/tr>\n<tr>\n<td>Optical: none<\/td>\n<\/tr>\n<tr>\n<td>Card reader: no card reader<\/td>\n<\/tr>\n<tr>\n<td>Audio chip: high definition (hd) audio, realtek\u00ae alc3306 codec<\/td>\n<\/tr>\n<tr>\n<td>Speakers: 4 stereo speakers, 2w x2 (woofers), 2w x2 (tweeters), optimized with nahimic audio, smart amplifier (amp)<\/td>\n<\/tr>\n<tr>\n<td>Microphone: 2x, array<\/td>\n<\/tr>\n<tr>\n<td>Camera: 5.0mp with e-shutter<\/td>\n<\/tr>\n<tr>\n<td>Battery: 99.9wh<\/td>\n<\/tr>\n<tr>\n<td>Power adapter: 400w slim tip (3-pin)<\/td>\n<\/tr>\n<tr>\n<td>Special features: ai chip: la3<\/td>\n<\/tr>\n<tr>\n<td>Design<\/td>\n<\/tr>\n<tr>\n<td>Display: 16 wqxga (2560&#215;1600) oled 500nits (typical) \/ 1100nits (peak) glossy, 100% dci-p3, 240hz, displayhdr\u0099 true black 1000, dolby vision\u00ae, g-sync\u00ae, low blue light, high gaming performance, flicker free<\/td>\n<\/tr>\n<tr>\n<td>Touchscreen: none<\/td>\n<\/tr>\n<tr>\n<td>Screen-to-body ratio: 92% aar (active area ratio)<\/td>\n<\/tr>\n<tr>\n<td>Color calibration: factory color calibration<\/td>\n<\/tr>\n<tr>\n<td>Pen: pen not supported<\/td>\n<\/tr>\n<tr>\n<td>Keyboard: per-key rgb backlit (with lighting lens), spanish (la)<\/td>\n<\/tr>\n<tr>\n<td>Touchpad: buttonless mylar\u00ae surface multi-touch touchpad, 75 x 120 mm (2.95 x 4.72 inches)<\/td>\n<\/tr>\n<tr>\n<td>Dimensions (wxdxh): 364.38 x 275.94 x 21.9-26.65 mm (14.35 x 10.86 x 0.86-1.05 inches)<\/td>\n<\/tr>\n<tr>\n<td>Weight: starting at 2.56 kg (5.64 lbs)<\/td>\n<\/tr>\n<tr>\n<td>Case color: eclipse black<\/td>\n<\/tr>\n<tr>\n<td>Case material: aluminium (top), aluminium (bottom)<\/td>\n<\/tr>\n<tr>\n<td>Surface treatment: anodizing sandblasting<\/td>\n<\/tr>\n<tr>\n<td>Software<\/td>\n<\/tr>\n<tr>\n<td>Operating system: windows\u00ae 11 home single language, spanish<\/td>\n<\/tr>\n<tr>\n<td>Bundled software: office trial + lenovo\u00ae ai now<\/td>\n<\/tr>\n<tr>\n<td>Connectivity<\/td>\n<\/tr>\n<tr>\n<td>Wlan + bluetooth: wi-fi\u00ae 7, 802.11be 2&#215;2 + bt5.4<\/td>\n<\/tr>\n<tr>\n<td>Wwan: wwan not supported<\/td>\n<\/tr>\n<tr>\n<td>Ethernet: 2.5gbe (rj-45)<\/td>\n<\/tr>\n<tr>\n<td>Standard ports:<\/td>\n<\/tr>\n<tr>\n<td>2x usb-a (usb 5gbps \/ usb 3.2 gen 1)<\/td>\n<\/tr>\n<tr>\n<td>1x usb-a (usb 10gbps \/ usb 3.2 gen 2), always on<\/td>\n<\/tr>\n<tr>\n<td>1x usb-c\u00ae (usb 10gbps \/ usb 3.2 gen 2), with usb pd 95-100w and displayport\u0099 2.1<\/td>\n<\/tr>\n<tr>\n<td>1x usb-c\u00ae (usb 10gbps \/ usb 3.2 gen 2), with displayport\u0099 2.1<\/td>\n<\/tr>\n<tr>\n<td>1x hdmi\u00ae 2.1, up to 8k\/60hz<\/td>\n<\/tr>\n<tr>\n<td>1x headphone \/ microphone combo jack (3.5mm)<\/td>\n<\/tr>\n<tr>\n<td>1x ethernet (2.5gbe rj-45)<\/td>\n<\/tr>\n<tr>\n<td>1x slim tip power connector<\/td>\n<\/tr>\n<tr>\n<td>Docking: various docking solutions supported via usb-c\u00ae.<\/td>\n<\/tr>\n<tr>\n<td>For more compatible docking solutions, please visit docking for legion pro 7 16afr10h<\/td>\n<\/tr>\n<tr>\n<td>Security  and  privacy<\/td>\n<\/tr>\n<tr>\n<td>Security chip: firmware tpm 2.0 enabled<\/td>\n<\/tr>\n<tr>\n<td>Fingerprint reader: no fingerprint reader<\/td>\n<\/tr>\n<tr>\n<td>Other security: e-shutter<\/td>\n<\/tr>\n<tr>\n<td>Service<\/td>\n<\/tr>\n<tr>\n<td>Base warranty: 1-year, courier or carry-in<\/td>\n<\/tr>\n<tr>\n<td>Included upgrade: none<\/td>\n<\/tr>\n<tr>\n<td>Accessories<\/td>\n<\/tr>\n<tr>\n<td>Bundled accessories : none<\/td>\n<\/tr>\n<tr>\n<td>Certifications<\/td>\n<\/tr>\n<tr>\n<td>Green certifications:<\/td>\n<\/tr>\n<tr>\n<td>Erp lot 3<\/td>\n<\/tr>\n<tr>\n<td>Rohs compliant<\/td>\n<\/tr>\n<tr>\n<td>Other certifications<\/td>\n<\/tr>\n<tr>\n<td>T\u00fcv rheinland\u00ae flicker free<\/td>\n<\/tr>\n<tr>\n<td>T\u00fcv rheinland\u00ae high gaming performance<\/td>\n<\/tr>\n<tr>\n<td>T\u00fcv rheinland\u00ae low blue light (hardware solution)<\/td>\n<\/tr>\n<tr>\n<td>Model information<\/td>\n<\/tr>\n<tr>\n<td>Model: 83ru0021lm<\/td>\n<\/tr>\n<tr>\n<td>Ean \/ upc \/ jan: 199272949602<\/td>\n<\/tr>\n<\/table>\n","protected":false},"excerpt":{"rendered":"<p>Juegos m\u00f3viles ultrarr\u00e1pidos. El mejor procesador m\u00f3vil ya est\u00e1 aqu\u00ed. No importa lo que hagas, un procesador ryzen x3d hasta 9000 hx es lo que necesitas para obtener los mejores resultados. Gracias a la combinaci\u00f3n de los procesadores ryzen\u0099 x3d hasta 9000 hx y los gr\u00e1ficos nvidia serie 50 dise\u00f1ados para gaming, estas cpu ofrecen las capacidades de rendimiento incre\u00edble que buscan los gamers.<\/p>\n","protected":false},"featured_media":0,"comment_status":"open","ping_status":"open","template":"","meta":[],"product_cat":[1891,1886],"product_tag":[1578],"acf":[],"yoast_head":"<!-- This site is optimized with the Yoast SEO plugin v21.7 - https:\/\/yoast.com\/wordpress\/plugins\/seo\/ -->\n<title>[ Lenovo ] &#129351; 83ru0021lm Laptop Idea Gaming Legion Pro 7 16afr10h \/ Amd Ryzen 9 9955hx3d 5.4ghz \/ 32gb Ddr5 Ram \/ 1tb Ssd \/ Rtx 5080 16gb Gddr7 \/ 16 Wqxga 2560x1600 \/ Eclipse Black \/ Win 11 Home \/ 1yr Cs<\/title>\n<meta name=\"description\" content=\"Compra 83ru0021lm Laptop Idea Gaming Legion Pro 7 16afr10h \/ Amd Ryzen 9 9955hx3d 5.4ghz \/ 32gb Ddr5 Ram \/ 1tb Ssd \/ Rtx 5080 16gb Gddr7 \/ 16 Wqxga 2560x1600 \/ Eclipse Black \/ Win 11 Home \/ 1yr Cs + Env\u00edo a domicilio + Pago seguro + Garant\u00eda\" \/>\n<meta name=\"robots\" content=\"index, follow, max-snippet:-1, max-image-preview:large, max-video-preview:-1\" \/>\n<link rel=\"canonical\" href=\"https:\/\/compuviper.mx\/tienda\/producto\/lenovo-83ru0021lm-laptop-idea-gaming-legion-pro-7-16afr10h-amd-ryzen-9-9955hx3d-5-4ghz-32gb-ddr5-ram-1tb-ssd-rtx-5080-16gb-gddr7-16-wqxga-2560x1600-eclipse-black-win-11-home-1yr-cs\/\" \/>\n<meta property=\"og:locale\" content=\"es_MX\" \/>\n<meta property=\"og:type\" content=\"article\" \/>\n<meta property=\"og:title\" content=\"[ Lenovo ] &#129351; 83ru0021lm Laptop Idea Gaming Legion Pro 7 16afr10h \/ Amd Ryzen 9 9955hx3d 5.4ghz \/ 32gb Ddr5 Ram \/ 1tb Ssd \/ Rtx 5080 16gb Gddr7 \/ 16 Wqxga 2560x1600 \/ Eclipse Black \/ Win 11 Home \/ 1yr Cs\" \/>\n<meta property=\"og:description\" content=\"Compra 83ru0021lm Laptop Idea Gaming Legion Pro 7 16afr10h \/ Amd Ryzen 9 9955hx3d 5.4ghz \/ 32gb Ddr5 Ram \/ 1tb Ssd \/ Rtx 5080 16gb Gddr7 \/ 16 Wqxga 2560x1600 \/ Eclipse Black \/ Win 11 Home \/ 1yr Cs + Env\u00edo a domicilio + Pago seguro + Garant\u00eda\" \/>\n<meta property=\"og:url\" content=\"https:\/\/compuviper.mx\/tienda\/producto\/lenovo-83ru0021lm-laptop-idea-gaming-legion-pro-7-16afr10h-amd-ryzen-9-9955hx3d-5-4ghz-32gb-ddr5-ram-1tb-ssd-rtx-5080-16gb-gddr7-16-wqxga-2560x1600-eclipse-black-win-11-home-1yr-cs\/\" \/>\n<meta property=\"og:site_name\" content=\"Compuviper\" \/>\n<meta property=\"article:publisher\" content=\"https:\/\/www.facebook.com\/compuviper\" \/>\n<meta name=\"twitter:card\" content=\"summary_large_image\" \/>\n<meta name=\"twitter:label1\" content=\"Precio\" \/>\n\t<meta name=\"twitter:data1\" content=\"&#36;61,747 con IVA\" \/>\n\t<meta name=\"twitter:label2\" content=\"Availability\" \/>\n\t<meta name=\"twitter:data2\" content=\"Out of stock\" \/>\n<script type=\"application\/ld+json\" class=\"yoast-schema-graph\">{\"@context\":\"https:\/\/schema.org\",\"@graph\":[{\"@type\":\"WebPage\",\"@id\":\"https:\/\/compuviper.mx\/tienda\/producto\/lenovo-83ru0021lm-laptop-idea-gaming-legion-pro-7-16afr10h-amd-ryzen-9-9955hx3d-5-4ghz-32gb-ddr5-ram-1tb-ssd-rtx-5080-16gb-gddr7-16-wqxga-2560x1600-eclipse-black-win-11-home-1yr-cs\/\",\"url\":\"https:\/\/compuviper.mx\/tienda\/producto\/lenovo-83ru0021lm-laptop-idea-gaming-legion-pro-7-16afr10h-amd-ryzen-9-9955hx3d-5-4ghz-32gb-ddr5-ram-1tb-ssd-rtx-5080-16gb-gddr7-16-wqxga-2560x1600-eclipse-black-win-11-home-1yr-cs\/\",\"name\":\"[ Lenovo ] &#129351; 83ru0021lm Laptop Idea Gaming Legion Pro 7 16afr10h \/ Amd Ryzen 9 9955hx3d 5.4ghz \/ 32gb Ddr5 Ram \/ 1tb Ssd \/ Rtx 5080 16gb Gddr7 \/ 16 Wqxga 2560x1600 \/ Eclipse Black \/ Win 11 Home \/ 1yr Cs\",\"isPartOf\":{\"@id\":\"https:\/\/compuviper.mx\/tienda\/#website\"},\"datePublished\":\"2026-04-17T07:24:10+00:00\",\"dateModified\":\"2026-04-17T07:24:10+00:00\",\"description\":\"Compra 83ru0021lm Laptop Idea Gaming Legion Pro 7 16afr10h \/ Amd Ryzen 9 9955hx3d 5.4ghz \/ 32gb Ddr5 Ram \/ 1tb Ssd \/ Rtx 5080 16gb Gddr7 \/ 16 Wqxga 2560x1600 \/ Eclipse Black \/ Win 11 Home \/ 1yr Cs + Env\u00edo a domicilio + Pago seguro + Garant\u00eda\",\"breadcrumb\":{\"@id\":\"https:\/\/compuviper.mx\/tienda\/producto\/lenovo-83ru0021lm-laptop-idea-gaming-legion-pro-7-16afr10h-amd-ryzen-9-9955hx3d-5-4ghz-32gb-ddr5-ram-1tb-ssd-rtx-5080-16gb-gddr7-16-wqxga-2560x1600-eclipse-black-win-11-home-1yr-cs\/#breadcrumb\"},\"inLanguage\":\"es-MX\",\"potentialAction\":[{\"@type\":\"ReadAction\",\"target\":[\"https:\/\/compuviper.mx\/tienda\/producto\/lenovo-83ru0021lm-laptop-idea-gaming-legion-pro-7-16afr10h-amd-ryzen-9-9955hx3d-5-4ghz-32gb-ddr5-ram-1tb-ssd-rtx-5080-16gb-gddr7-16-wqxga-2560x1600-eclipse-black-win-11-home-1yr-cs\/\"]}]},{\"@type\":\"BreadcrumbList\",\"@id\":\"https:\/\/compuviper.mx\/tienda\/producto\/lenovo-83ru0021lm-laptop-idea-gaming-legion-pro-7-16afr10h-amd-ryzen-9-9955hx3d-5-4ghz-32gb-ddr5-ram-1tb-ssd-rtx-5080-16gb-gddr7-16-wqxga-2560x1600-eclipse-black-win-11-home-1yr-cs\/#breadcrumb\",\"itemListElement\":[{\"@type\":\"ListItem\",\"position\":1,\"name\":\"Inicio\",\"item\":\"https:\/\/compuviper.mx\/tienda\/\"},{\"@type\":\"ListItem\",\"position\":2,\"name\":\"Productos\",\"item\":\"https:\/\/compuviper.mx\/tienda\/productos\/\"},{\"@type\":\"ListItem\",\"position\":3,\"name\":\"Laptops\",\"item\":\"https:\/\/compuviper.mx\/tienda\/categoria-producto\/laptops\/\"},{\"@type\":\"ListItem\",\"position\":4,\"name\":\"Gaming\",\"item\":\"https:\/\/compuviper.mx\/tienda\/categoria-producto\/laptops\/gaming-laptops\/\"},{\"@type\":\"ListItem\",\"position\":5,\"name\":\"Lenovo 83ru0021lm Laptop Idea Gaming Legion Pro 7 16afr10h \/ Amd Ryzen 9 9955hx3d 5.4ghz \/ 32gb Ddr5 Ram \/ 1tb Ssd \/ Rtx 5080 16gb Gddr7 \/ 16 Wqxga 2560&#215;1600 \/ Eclipse Black \/ Win 11 Home \/ 1yr Cs\"}]},{\"@type\":\"WebSite\",\"@id\":\"https:\/\/compuviper.mx\/tienda\/#website\",\"url\":\"https:\/\/compuviper.mx\/tienda\/\",\"name\":\"Compuviper\",\"description\":\"Proveedor de Computadoras, Laptops, Servidores, Monitores, Puntos de Venta, Teclados,   Impresoras, T\u00f3ner, C\u00e1maras de Seguridad y m\u00e1s en tu tienda en l\u00ednea\",\"publisher\":{\"@id\":\"https:\/\/compuviper.mx\/tienda\/#organization\"},\"potentialAction\":[{\"@type\":\"SearchAction\",\"target\":{\"@type\":\"EntryPoint\",\"urlTemplate\":\"https:\/\/compuviper.mx\/tienda\/?s={search_term_string}\"},\"query-input\":\"required name=search_term_string\"}],\"inLanguage\":\"es-MX\"},{\"@type\":\"Organization\",\"@id\":\"https:\/\/compuviper.mx\/tienda\/#organization\",\"name\":\"Compuviper\",\"url\":\"https:\/\/compuviper.mx\/tienda\/\",\"logo\":{\"@type\":\"ImageObject\",\"inLanguage\":\"es-MX\",\"@id\":\"https:\/\/compuviper.mx\/tienda\/#\/schema\/logo\/image\/\",\"url\":\"https:\/\/compuviper.mx\/tienda\/wp-content\/uploads\/2021\/08\/Logo-Compuviper-10.png\",\"contentUrl\":\"https:\/\/compuviper.mx\/tienda\/wp-content\/uploads\/2021\/08\/Logo-Compuviper-10.png\",\"width\":1000,\"height\":500,\"caption\":\"Compuviper\"},\"image\":{\"@id\":\"https:\/\/compuviper.mx\/tienda\/#\/schema\/logo\/image\/\"},\"sameAs\":[\"https:\/\/www.facebook.com\/compuviper\",\"https:\/\/www.youtube.com\/channel\/UCf73dERp9Y3cfOq7q8BhLjA?view_as=subscriber\"]}]}<\/script>\n<meta property=\"product:brand\" content=\"LENOVO\" \/>\n<meta property=\"product:price:amount\" content=\"61747\" \/>\n<meta property=\"product:price:currency\" content=\"MXN\" \/>\n<meta property=\"og:availability\" content=\"out of stock\" \/>\n<meta property=\"product:availability\" content=\"out of stock\" \/>\n<meta property=\"product:retailer_item_id\" content=\"83RU0021LM\" \/>\n<meta property=\"product:condition\" content=\"new\" \/>\n<!-- \/ Yoast SEO plugin. -->","yoast_head_json":{"title":"[ Lenovo ] &#129351; 83ru0021lm Laptop Idea Gaming Legion Pro 7 16afr10h \/ Amd Ryzen 9 9955hx3d 5.4ghz \/ 32gb Ddr5 Ram \/ 1tb Ssd \/ Rtx 5080 16gb Gddr7 \/ 16 Wqxga 2560x1600 \/ Eclipse Black \/ Win 11 Home \/ 1yr Cs","description":"Compra 83ru0021lm Laptop Idea Gaming Legion Pro 7 16afr10h \/ Amd Ryzen 9 9955hx3d 5.4ghz \/ 32gb Ddr5 Ram \/ 1tb Ssd \/ Rtx 5080 16gb Gddr7 \/ 16 Wqxga 2560x1600 \/ Eclipse Black \/ Win 11 Home \/ 1yr Cs + Env\u00edo a domicilio + Pago seguro + Garant\u00eda","robots":{"index":"index","follow":"follow","max-snippet":"max-snippet:-1","max-image-preview":"max-image-preview:large","max-video-preview":"max-video-preview:-1"},"canonical":"https:\/\/compuviper.mx\/tienda\/producto\/lenovo-83ru0021lm-laptop-idea-gaming-legion-pro-7-16afr10h-amd-ryzen-9-9955hx3d-5-4ghz-32gb-ddr5-ram-1tb-ssd-rtx-5080-16gb-gddr7-16-wqxga-2560x1600-eclipse-black-win-11-home-1yr-cs\/","og_locale":"es_MX","og_type":"article","og_title":"[ Lenovo ] &#129351; 83ru0021lm Laptop Idea Gaming Legion Pro 7 16afr10h \/ Amd Ryzen 9 9955hx3d 5.4ghz \/ 32gb Ddr5 Ram \/ 1tb Ssd \/ Rtx 5080 16gb Gddr7 \/ 16 Wqxga 2560x1600 \/ Eclipse Black \/ Win 11 Home \/ 1yr Cs","og_description":"Compra 83ru0021lm Laptop Idea Gaming Legion Pro 7 16afr10h \/ Amd Ryzen 9 9955hx3d 5.4ghz \/ 32gb Ddr5 Ram \/ 1tb Ssd \/ Rtx 5080 16gb Gddr7 \/ 16 Wqxga 2560x1600 \/ Eclipse Black \/ Win 11 Home \/ 1yr Cs + Env\u00edo a domicilio + Pago seguro + Garant\u00eda","og_url":"https:\/\/compuviper.mx\/tienda\/producto\/lenovo-83ru0021lm-laptop-idea-gaming-legion-pro-7-16afr10h-amd-ryzen-9-9955hx3d-5-4ghz-32gb-ddr5-ram-1tb-ssd-rtx-5080-16gb-gddr7-16-wqxga-2560x1600-eclipse-black-win-11-home-1yr-cs\/","og_site_name":"Compuviper","article_publisher":"https:\/\/www.facebook.com\/compuviper","twitter_card":"summary_large_image","twitter_misc":{"Precio":"&#36;61,747 con IVA","Availability":"Out of stock"},"schema":{"@context":"https:\/\/schema.org","@graph":[{"@type":"WebPage","@id":"https:\/\/compuviper.mx\/tienda\/producto\/lenovo-83ru0021lm-laptop-idea-gaming-legion-pro-7-16afr10h-amd-ryzen-9-9955hx3d-5-4ghz-32gb-ddr5-ram-1tb-ssd-rtx-5080-16gb-gddr7-16-wqxga-2560x1600-eclipse-black-win-11-home-1yr-cs\/","url":"https:\/\/compuviper.mx\/tienda\/producto\/lenovo-83ru0021lm-laptop-idea-gaming-legion-pro-7-16afr10h-amd-ryzen-9-9955hx3d-5-4ghz-32gb-ddr5-ram-1tb-ssd-rtx-5080-16gb-gddr7-16-wqxga-2560x1600-eclipse-black-win-11-home-1yr-cs\/","name":"[ Lenovo ] &#129351; 83ru0021lm Laptop Idea Gaming Legion Pro 7 16afr10h \/ Amd Ryzen 9 9955hx3d 5.4ghz \/ 32gb Ddr5 Ram \/ 1tb Ssd \/ Rtx 5080 16gb Gddr7 \/ 16 Wqxga 2560x1600 \/ Eclipse Black \/ Win 11 Home \/ 1yr Cs","isPartOf":{"@id":"https:\/\/compuviper.mx\/tienda\/#website"},"datePublished":"2026-04-17T07:24:10+00:00","dateModified":"2026-04-17T07:24:10+00:00","description":"Compra 83ru0021lm Laptop Idea Gaming Legion Pro 7 16afr10h \/ Amd Ryzen 9 9955hx3d 5.4ghz \/ 32gb Ddr5 Ram \/ 1tb Ssd \/ Rtx 5080 16gb Gddr7 \/ 16 Wqxga 2560x1600 \/ Eclipse Black \/ Win 11 Home \/ 1yr Cs + Env\u00edo a domicilio + Pago seguro + Garant\u00eda","breadcrumb":{"@id":"https:\/\/compuviper.mx\/tienda\/producto\/lenovo-83ru0021lm-laptop-idea-gaming-legion-pro-7-16afr10h-amd-ryzen-9-9955hx3d-5-4ghz-32gb-ddr5-ram-1tb-ssd-rtx-5080-16gb-gddr7-16-wqxga-2560x1600-eclipse-black-win-11-home-1yr-cs\/#breadcrumb"},"inLanguage":"es-MX","potentialAction":[{"@type":"ReadAction","target":["https:\/\/compuviper.mx\/tienda\/producto\/lenovo-83ru0021lm-laptop-idea-gaming-legion-pro-7-16afr10h-amd-ryzen-9-9955hx3d-5-4ghz-32gb-ddr5-ram-1tb-ssd-rtx-5080-16gb-gddr7-16-wqxga-2560x1600-eclipse-black-win-11-home-1yr-cs\/"]}]},{"@type":"BreadcrumbList","@id":"https:\/\/compuviper.mx\/tienda\/producto\/lenovo-83ru0021lm-laptop-idea-gaming-legion-pro-7-16afr10h-amd-ryzen-9-9955hx3d-5-4ghz-32gb-ddr5-ram-1tb-ssd-rtx-5080-16gb-gddr7-16-wqxga-2560x1600-eclipse-black-win-11-home-1yr-cs\/#breadcrumb","itemListElement":[{"@type":"ListItem","position":1,"name":"Inicio","item":"https:\/\/compuviper.mx\/tienda\/"},{"@type":"ListItem","position":2,"name":"Productos","item":"https:\/\/compuviper.mx\/tienda\/productos\/"},{"@type":"ListItem","position":3,"name":"Laptops","item":"https:\/\/compuviper.mx\/tienda\/categoria-producto\/laptops\/"},{"@type":"ListItem","position":4,"name":"Gaming","item":"https:\/\/compuviper.mx\/tienda\/categoria-producto\/laptops\/gaming-laptops\/"},{"@type":"ListItem","position":5,"name":"Lenovo 83ru0021lm Laptop Idea Gaming Legion Pro 7 16afr10h \/ Amd Ryzen 9 9955hx3d 5.4ghz \/ 32gb Ddr5 Ram \/ 1tb Ssd \/ Rtx 5080 16gb Gddr7 \/ 16 Wqxga 2560&#215;1600 \/ Eclipse Black \/ Win 11 Home \/ 1yr Cs"}]},{"@type":"WebSite","@id":"https:\/\/compuviper.mx\/tienda\/#website","url":"https:\/\/compuviper.mx\/tienda\/","name":"Compuviper","description":"Proveedor de Computadoras, Laptops, Servidores, Monitores, Puntos de Venta, Teclados,   Impresoras, T\u00f3ner, C\u00e1maras de Seguridad y m\u00e1s en tu tienda en l\u00ednea","publisher":{"@id":"https:\/\/compuviper.mx\/tienda\/#organization"},"potentialAction":[{"@type":"SearchAction","target":{"@type":"EntryPoint","urlTemplate":"https:\/\/compuviper.mx\/tienda\/?s={search_term_string}"},"query-input":"required name=search_term_string"}],"inLanguage":"es-MX"},{"@type":"Organization","@id":"https:\/\/compuviper.mx\/tienda\/#organization","name":"Compuviper","url":"https:\/\/compuviper.mx\/tienda\/","logo":{"@type":"ImageObject","inLanguage":"es-MX","@id":"https:\/\/compuviper.mx\/tienda\/#\/schema\/logo\/image\/","url":"https:\/\/compuviper.mx\/tienda\/wp-content\/uploads\/2021\/08\/Logo-Compuviper-10.png","contentUrl":"https:\/\/compuviper.mx\/tienda\/wp-content\/uploads\/2021\/08\/Logo-Compuviper-10.png","width":1000,"height":500,"caption":"Compuviper"},"image":{"@id":"https:\/\/compuviper.mx\/tienda\/#\/schema\/logo\/image\/"},"sameAs":["https:\/\/www.facebook.com\/compuviper","https:\/\/www.youtube.com\/channel\/UCf73dERp9Y3cfOq7q8BhLjA?view_as=subscriber"]}]},"product_brand":"LENOVO","product_price_amount":"61747","product_price_currency":"MXN","og_availability":"out of stock","product_availability":"out of stock","product_retailer_item_id":"83RU0021LM","product_condition":"new"},"_links":{"self":[{"href":"https:\/\/compuviper.mx\/tienda\/wp-json\/wp\/v2\/product\/268475"}],"collection":[{"href":"https:\/\/compuviper.mx\/tienda\/wp-json\/wp\/v2\/product"}],"about":[{"href":"https:\/\/compuviper.mx\/tienda\/wp-json\/wp\/v2\/types\/product"}],"replies":[{"embeddable":true,"href":"https:\/\/compuviper.mx\/tienda\/wp-json\/wp\/v2\/comments?post=268475"}],"wp:attachment":[{"href":"https:\/\/compuviper.mx\/tienda\/wp-json\/wp\/v2\/media?parent=268475"}],"wp:term":[{"taxonomy":"product_cat","embeddable":true,"href":"https:\/\/compuviper.mx\/tienda\/wp-json\/wp\/v2\/product_cat?post=268475"},{"taxonomy":"product_tag","embeddable":true,"href":"https:\/\/compuviper.mx\/tienda\/wp-json\/wp\/v2\/product_tag?post=268475"}],"curies":[{"name":"wp","href":"https:\/\/api.w.org\/{rel}","templated":true}]}}