{"id":268461,"date":"2026-04-07T00:44:39","date_gmt":"2026-04-07T06:44:39","guid":{"rendered":"https:\/\/compuviper.mx\/tienda\/producto\/asus-oem-tuf-gaming-a520m-plus-wifi195553154277-mb-asus-a520-amd-s-am4-5a-gen-4x-ddr4-2800-2x-dp-hdmi-d-sub-m-2-4x-usb3-2-micro-atx-gama-basica\/"},"modified":"2026-04-07T00:44:39","modified_gmt":"2026-04-07T06:44:39","slug":"asus-oem-tuf-gaming-a520m-plus-wifi195553154277-mb-asus-a520-amd-s-am4-5a-gen-4x-ddr4-2800-2x-dp-hdmi-d-sub-m-2-4x-usb3-2-micro-atx-gama-basica","status":"publish","type":"product","link":"https:\/\/compuviper.mx\/tienda\/producto\/asus-oem-tuf-gaming-a520m-plus-wifi195553154277-mb-asus-a520-amd-s-am4-5a-gen-4x-ddr4-2800-2x-dp-hdmi-d-sub-m-2-4x-usb3-2-micro-atx-gama-basica\/","title":{"rendered":"Asus Oem Tuf Gaming A520m-plus Wifi,195553154277 Mb Asus A520 Amd S-am4 5a Gen\/4x Ddr4 2800\/2x Dp\/hdmi\/d-sub\/m.2\/4x Usb3.2\/micro Atx\/gama Basica"},"content":{"rendered":"<table class=\"descripcion\">\n<tr>\n<td>Model<\/td>\n<\/tr>\n<tr>\n<td>Tuf gaming a520m-plus wifi<\/td>\n<\/tr>\n<tr>\n<td>Cpu<\/td>\n<\/tr>\n<tr>\n<td>Amd ryzen 5000 series\/ 5000 g-series\/ 4000 g-series\/ 3000 series desktop processors<\/td>\n<\/tr>\n<tr>\n<td>Refer to www.asus.com for cpu support list<\/td>\n<\/tr>\n<tr>\n<td>Refer to www.asus.com for cpu support list.<\/td>\n<\/tr>\n<tr>\n<td>Chipset<\/td>\n<\/tr>\n<tr>\n<td>A520<\/td>\n<\/tr>\n<tr>\n<td>Memoria<\/td>\n<\/tr>\n<tr>\n<td>Canales de memoria:4 x dimm, max. 128gb, ddr4<\/td>\n<\/tr>\n<tr>\n<td>4 x dimm, max. 128gb, ddr4 4866(oc)\/4800(oc)\/4600(oc)\/4466(oc)\/4400(oc)\/4266(oc)\/4133(oc)\/4000(oc)\/3866(oc)\/3733(oc)\/3600(oc)\/3466(oc)\/3333(oc)\/3200\/3000\/2800\/2666\/2400\/2133 mhz, un-buffered memory<\/td>\n<\/tr>\n<tr>\n<td>Dual channel memory architecture<\/td>\n<\/tr>\n<tr>\n<td>Ecc memory (ecc mode) support varies by cpu.<\/td>\n<\/tr>\n<tr>\n<td>Refer to www.asus.com for the memory qvl (qualified vendors lists), and memory frequency support depends on the cpu types.<\/td>\n<\/tr>\n<tr>\n<td>Graficos<\/td>\n<\/tr>\n<tr>\n<td>1 x displayport 1.2<\/td>\n<\/tr>\n<tr>\n<td>1 x d-sub<\/td>\n<\/tr>\n<tr>\n<td>1 x hdmi port***<\/td>\n<\/tr>\n<tr>\n<td>1 x displayport 1.2<\/td>\n<\/tr>\n<tr>\n<td>1 x hdmitm 2.1(4k60hz)<\/td>\n<\/tr>\n<tr>\n<td>1 x d-sub<\/td>\n<\/tr>\n<tr>\n<td>Graphics specifications may vary between cpu types.<\/td>\n<\/tr>\n<tr>\n<td>Ranuras de expansion<\/td>\n<\/tr>\n<tr>\n<td>Amd ryzen 5000 series\/ 5000 g-series\/ 4000 g-series\/ 3000 series desktop processors<\/td>\n<\/tr>\n<tr>\n<td>1 x pcie 3.0 x16 slot (supports x16 mode)<\/td>\n<\/tr>\n<tr>\n<td>Amd a520 chipset<\/td>\n<\/tr>\n<tr>\n<td>2 x pcie 3.0 x1 slots<\/td>\n<\/tr>\n<tr>\n<td>Almacenamiento<\/td>\n<\/tr>\n<tr>\n<td>Amd ryzen 5000 series\/ 4000 g-series\/ 3000 series desktop processors<\/td>\n<\/tr>\n<tr>\n<td>M.2 slot (key m), type 2242\/2260\/2280 (supports pcie 3.0 x4  sata modes)<\/td>\n<\/tr>\n<tr>\n<td>Amd a520 chipset<\/td>\n<\/tr>\n<tr>\n<td>4 x sata 6gb\/s ports<\/td>\n<\/tr>\n<tr>\n<td>Support raid 0, 1, 10<\/td>\n<\/tr>\n<tr>\n<td> ethernet<\/td>\n<\/tr>\n<tr>\n<td>Tuf languard<\/td>\n<\/tr>\n<tr>\n<td>1 x realtek 1gb ethernet<\/td>\n<\/tr>\n<tr>\n<td>Tuf languard<\/td>\n<\/tr>\n<tr>\n<td>Wireless  and  bluetooth<\/td>\n<\/tr>\n<tr>\n<td>Realtek wi-fi 5 8821ce<\/td>\n<\/tr>\n<tr>\n<td>1&#215;1 wi-fi 5 (802.11 a\/b\/g\/n\/ac) with mu-mimo<\/td>\n<\/tr>\n<tr>\n<td>Supports dual frequency band 2.4\/5ghz<\/td>\n<\/tr>\n<tr>\n<td>Supports channel bandwidth: ht20\/ht40\/ht80<\/td>\n<\/tr>\n<tr>\n<td>Bluetooth v5.0<\/td>\n<\/tr>\n<tr>\n<td>Usb<\/td>\n<\/tr>\n<tr>\n<td>Usb trasero:total 6 ports<\/td>\n<\/tr>\n<tr>\n<td>4 x usb 3.2 gen 1 ports (4 x type-a)<\/td>\n<\/tr>\n<tr>\n<td>2 x usb 2.0 ports (2 x type-a)<\/td>\n<\/tr>\n<tr>\n<td>Usb frontal:total 6 ports<\/td>\n<\/tr>\n<tr>\n<td>1 x usb 3.2 gen 1 header supports additional 2 usb 3.2 gen 1 ports<\/td>\n<\/tr>\n<tr>\n<td>2 x usb 2.0 headers support additional 3 usb 2.0 ports<\/td>\n<\/tr>\n<tr>\n<td>Audio<\/td>\n<\/tr>\n<tr>\n<td>Realtek alc887\/897 7.1 surround sound high definition audio codec<\/td>\n<\/tr>\n<tr>\n<td>Supports : jack detection, multi-streaming, front panel jack-retasking<\/td>\n<\/tr>\n<tr>\n<td>Supports up to 24-bit\/192 khz playback<\/td>\n<\/tr>\n<tr>\n<td>Audio features<\/td>\n<\/tr>\n<tr>\n<td>&#8211; audio shielding<\/td>\n<\/tr>\n<tr>\n<td>&#8211; premium japanese audio capacitors<\/td>\n<\/tr>\n<tr>\n<td>&#8211; dedicated audio pcb layers<\/td>\n<\/tr>\n<tr>\n<td>A chassis with an hd audio module in the front panel is required to support 7.1 surround sound audio output.<\/td>\n<\/tr>\n<tr>\n<td>Puertos e\/s traseros<\/td>\n<\/tr>\n<tr>\n<td>4 x usb 3.2 gen 1 ports (4 x type-a)<\/td>\n<\/tr>\n<tr>\n<td>2 x usb 2.0 ports (2 x type-a)<\/td>\n<\/tr>\n<tr>\n<td>1 x displayport<\/td>\n<\/tr>\n<tr>\n<td>1 x hdmi port<\/td>\n<\/tr>\n<tr>\n<td>1 x d-sub<\/td>\n<\/tr>\n<tr>\n<td>1 x asus wi-fi module<\/td>\n<\/tr>\n<tr>\n<td>1 x realtek 1gb ethernet port<\/td>\n<\/tr>\n<tr>\n<td>3 x audio jacks<\/td>\n<\/tr>\n<tr>\n<td>1 x bios flashback\u0099 button<\/td>\n<\/tr>\n<tr>\n<td>1 x ps\/2 keyboard\/mouse combo port<\/td>\n<\/tr>\n<tr>\n<td>Puertos internos<\/td>\n<\/tr>\n<tr>\n<td>Fan and cooling related<\/td>\n<\/tr>\n<tr>\n<td>1 x 4-pin cpu fan header<\/td>\n<\/tr>\n<tr>\n<td>2 x 4-pin chassis fan headers<\/td>\n<\/tr>\n<tr>\n<td>Power related<\/td>\n<\/tr>\n<tr>\n<td>1 x 24-pin main power connector<\/td>\n<\/tr>\n<tr>\n<td>1 x 8-pin +12v power connector<\/td>\n<\/tr>\n<tr>\n<td>Storage related<\/td>\n<\/tr>\n<tr>\n<td>1 x m.2 slot (key m)<\/td>\n<\/tr>\n<tr>\n<td>4 x sata 6gb\/s ports<\/td>\n<\/tr>\n<tr>\n<td>Usb<\/td>\n<\/tr>\n<tr>\n<td>1 x usb 3.2 gen 1 header supports additional 2 usb 3.2 gen 1 ports<\/td>\n<\/tr>\n<tr>\n<td>2 x usb 2.0 headers support additional 3 usb 2.0 ports<\/td>\n<\/tr>\n<tr>\n<td>Miscellaneous<\/td>\n<\/tr>\n<tr>\n<td>2 x aura addressable gen 2 header<\/td>\n<\/tr>\n<tr>\n<td>Neous2 x aura rgb headers<\/td>\n<\/tr>\n<tr>\n<td>1 x clear cmos header<\/td>\n<\/tr>\n<tr>\n<td>1 x com port header<\/td>\n<\/tr>\n<tr>\n<td>1 x front panel audio header (aafp)<\/td>\n<\/tr>\n<tr>\n<td>1 x s\/pdif out header<\/td>\n<\/tr>\n<tr>\n<td>1 x speaker header<\/td>\n<\/tr>\n<tr>\n<td>1 x spi tpm header (14-1pin)<\/td>\n<\/tr>\n<tr>\n<td>1 x 10-1 pin system panel header<\/td>\n<\/tr>\n<tr>\n<td>Funciones especiales de asus<\/td>\n<\/tr>\n<tr>\n<td>Asus tuf protection<\/td>\n<\/tr>\n<tr>\n<td>&#8211; digi+ vrm<\/td>\n<\/tr>\n<tr>\n<td>&#8211; esd guards<\/td>\n<\/tr>\n<tr>\n<td>&#8211; tuf languard<\/td>\n<\/tr>\n<tr>\n<td>&#8211; overvoltage protection<\/td>\n<\/tr>\n<tr>\n<td>&#8211; safeslot core+<\/td>\n<\/tr>\n<tr>\n<td>&#8211; stainless-steel back i\/o<\/td>\n<\/tr>\n<tr>\n<td>Asus q-design<\/td>\n<\/tr>\n<tr>\n<td>&#8211; q-dimm<\/td>\n<\/tr>\n<tr>\n<td>&#8211; q-slot<\/td>\n<\/tr>\n<tr>\n<td>Asus thermal solution<\/td>\n<\/tr>\n<tr>\n<td>&#8211; vrm heatsink design<\/td>\n<\/tr>\n<tr>\n<td>Asus ez diy<\/td>\n<\/tr>\n<tr>\n<td>&#8211; bios flashback\u0099 button<\/td>\n<\/tr>\n<tr>\n<td>&#8211; bios flashback\u0099 led<\/td>\n<\/tr>\n<tr>\n<td>Aura sync<\/td>\n<\/tr>\n<tr>\n<td>&#8211; aura rgb headers<\/td>\n<\/tr>\n<tr>\n<td>&#8211; addressable gen 2 rgb headers<\/td>\n<\/tr>\n<tr>\n<td>Software<\/td>\n<\/tr>\n<tr>\n<td>Asus exclusive software<\/td>\n<\/tr>\n<tr>\n<td>Armoury crate<\/td>\n<\/tr>\n<tr>\n<td>&#8211; aura creator<\/td>\n<\/tr>\n<tr>\n<td>&#8211; aura sync<\/td>\n<\/tr>\n<tr>\n<td>Ai suite 3<\/td>\n<\/tr>\n<tr>\n<td>&#8211; performance and power saving utility<\/td>\n<\/tr>\n<tr>\n<td>Turbov evo<\/td>\n<\/tr>\n<tr>\n<td>Epu<\/td>\n<\/tr>\n<tr>\n<td>Digi+ vrm<\/td>\n<\/tr>\n<tr>\n<td>Fan xpert 2+<\/td>\n<\/tr>\n<tr>\n<td>&#8211; ez update<\/td>\n<\/tr>\n<tr>\n<td>&#8211; pc cleaner<\/td>\n<\/tr>\n<tr>\n<td>&#8211; system information<\/td>\n<\/tr>\n<tr>\n<td>Tuf gaming cpu-z<\/td>\n<\/tr>\n<tr>\n<td>Ai charger<\/td>\n<\/tr>\n<tr>\n<td>Asus turbo lan<\/td>\n<\/tr>\n<tr>\n<td>Daemon tools<\/td>\n<\/tr>\n<tr>\n<td>Myasus<\/td>\n<\/tr>\n<tr>\n<td>Norton anti-virus software (free trial version)<\/td>\n<\/tr>\n<tr>\n<td>Winrar<\/td>\n<\/tr>\n<tr>\n<td>Uefi bios<\/td>\n<\/tr>\n<tr>\n<td>Asus ez diy<\/td>\n<\/tr>\n<tr>\n<td>&#8211; asus crashfree bios 3<\/td>\n<\/tr>\n<tr>\n<td>&#8211; asus ez flash 3<\/td>\n<\/tr>\n<tr>\n<td>&#8211; asus uefi bios ez mode<\/td>\n<\/tr>\n<tr>\n<td>Bios<\/td>\n<\/tr>\n<tr>\n<td>128 mb flash rom, uefi ami bios<\/td>\n<\/tr>\n<tr>\n<td>Manejabilidad<\/td>\n<\/tr>\n<tr>\n<td>Wol by pme, pxe<\/td>\n<\/tr>\n<tr>\n<td>Accesorios<\/td>\n<\/tr>\n<tr>\n<td>Cables<\/td>\n<\/tr>\n<tr>\n<td>2 x sata 6gb\/s cables<\/td>\n<\/tr>\n<tr>\n<td>Miscellaneous<\/td>\n<\/tr>\n<tr>\n<td>1 x i\/o shield<\/td>\n<\/tr>\n<tr>\n<td>1 x m.2 ssd screw package<\/td>\n<\/tr>\n<tr>\n<td>1 x asus wi-fi moving antenna<\/td>\n<\/tr>\n<tr>\n<td>1 x tuf gaming sticker<\/td>\n<\/tr>\n<tr>\n<td>Installation media<\/td>\n<\/tr>\n<tr>\n<td>1 x support dvd<\/td>\n<\/tr>\n<tr>\n<td>Documentation<\/td>\n<\/tr>\n<tr>\n<td>1 x tuf certification card<\/td>\n<\/tr>\n<tr>\n<td>1 x user manual<\/td>\n<\/tr>\n<tr>\n<td>Sistema operativo<\/td>\n<\/tr>\n<tr>\n<td>Windows 10 64-bit<\/td>\n<\/tr>\n<tr>\n<td>Windows 7 64-bit *1<\/td>\n<\/tr>\n<tr>\n<td>Windows 10 64-bit<\/td>\n<\/tr>\n<tr>\n<td>Factor de forma<\/td>\n<\/tr>\n<tr>\n<td>Matx<\/td>\n<\/tr>\n<tr>\n<td>9.6 inch x 9.6 inch ( 24.4 cm x 24.4 cm )<\/td>\n<\/tr>\n<\/table>\n","protected":false},"excerpt":{"rendered":"<p>Tarjeta madre para juegos amd a520 (ryzen am4) micro atx con soporte m.2, wi-fi 802.11ac, displayport, hdmi, d-sub, puertos usb 3.2 gen 1, sata 6 gbps y puertos aura gen 2 direccionables. Socket amd am4: listo para procesadores de escritorio ryzen 5000 series \/ 4000 g-series \/ 3000 series. Refrigeracion completa: gran disipador de calor vrm, disipador de calor pch, fan xpert 2. Conectividad ultrarrapida: dual m.2, pcie 4.0, ethernet de 1 gb, usb 3.2 gen 2 tipo-a. Hecha para juegos en linea: tecnologia wi-fi 802.11ac, tuf languard y turbolan. Aura sync rgb: puertos rgb integrados y puertos gen 2 direccionables para tiras de led rgb, que se sincronizan facilmente con hardware compatible con aura sync.<\/p>\n","protected":false},"featured_media":268462,"comment_status":"open","ping_status":"open","template":"","meta":[],"product_cat":[1734,1727],"product_tag":[2096],"acf":[],"yoast_head":"<!-- This site is optimized with the Yoast SEO plugin v21.7 - https:\/\/yoast.com\/wordpress\/plugins\/seo\/ -->\n<title>[ Asus Oem ] &#129351; Tuf Gaming A520m-plus Wifi,195553154277 Mb Asus A520 Amd S-am4 5a Gen\/4x Ddr4 2800\/2x Dp\/hdmi\/d-sub\/m.2\/4x Usb3.2\/micro Atx\/gama Basica<\/title>\n<meta name=\"description\" content=\"Compra Tuf Gaming A520m-plus Wifi,195553154277 Mb Asus A520 Amd S-am4 5a Gen\/4x Ddr4 2800\/2x Dp\/hdmi\/d-sub\/m.2\/4x Usb3.2\/micro Atx\/gama Basica + Env\u00edo a domicilio + Pago seguro + Garant\u00eda\" \/>\n<meta name=\"robots\" content=\"index, follow, max-snippet:-1, max-image-preview:large, max-video-preview:-1\" \/>\n<link rel=\"canonical\" href=\"https:\/\/compuviper.mx\/tienda\/producto\/asus-oem-tuf-gaming-a520m-plus-wifi195553154277-mb-asus-a520-amd-s-am4-5a-gen-4x-ddr4-2800-2x-dp-hdmi-d-sub-m-2-4x-usb3-2-micro-atx-gama-basica\/\" \/>\n<meta property=\"og:locale\" content=\"es_MX\" \/>\n<meta property=\"og:type\" content=\"article\" \/>\n<meta property=\"og:title\" content=\"[ Asus Oem ] &#129351; Tuf Gaming A520m-plus Wifi,195553154277 Mb Asus A520 Amd S-am4 5a Gen\/4x Ddr4 2800\/2x Dp\/hdmi\/d-sub\/m.2\/4x Usb3.2\/micro Atx\/gama Basica\" \/>\n<meta property=\"og:description\" content=\"Compra Tuf Gaming A520m-plus Wifi,195553154277 Mb Asus A520 Amd S-am4 5a Gen\/4x Ddr4 2800\/2x Dp\/hdmi\/d-sub\/m.2\/4x Usb3.2\/micro Atx\/gama Basica + Env\u00edo a domicilio + Pago seguro + Garant\u00eda\" \/>\n<meta property=\"og:url\" content=\"https:\/\/compuviper.mx\/tienda\/producto\/asus-oem-tuf-gaming-a520m-plus-wifi195553154277-mb-asus-a520-amd-s-am4-5a-gen-4x-ddr4-2800-2x-dp-hdmi-d-sub-m-2-4x-usb3-2-micro-atx-gama-basica\/\" \/>\n<meta property=\"og:site_name\" content=\"Compuviper\" \/>\n<meta property=\"article:publisher\" content=\"https:\/\/www.facebook.com\/compuviper\" \/>\n<meta property=\"og:image\" content=\"https:\/\/compuviper.mx\/tienda\/wp-content\/uploads\/2026\/04\/Mb-asus-a520-amd-s-am4-5a-gen4x-ddr4-28002x-dphdmid-subm.24x-usb3.2micro-atxgama-basica.jpg\" \/>\n\t<meta property=\"og:image:width\" content=\"200\" \/>\n\t<meta property=\"og:image:height\" content=\"200\" \/>\n\t<meta property=\"og:image:type\" content=\"image\/jpeg\" \/>\n<meta name=\"twitter:card\" content=\"summary_large_image\" \/>\n<meta name=\"twitter:label1\" content=\"Precio\" \/>\n\t<meta name=\"twitter:data1\" content=\"&#36;1,369 con IVA\" \/>\n\t<meta name=\"twitter:label2\" content=\"Availability\" \/>\n\t<meta name=\"twitter:data2\" content=\"Out of stock\" \/>\n<script type=\"application\/ld+json\" class=\"yoast-schema-graph\">{\"@context\":\"https:\/\/schema.org\",\"@graph\":[{\"@type\":\"WebPage\",\"@id\":\"https:\/\/compuviper.mx\/tienda\/producto\/asus-oem-tuf-gaming-a520m-plus-wifi195553154277-mb-asus-a520-amd-s-am4-5a-gen-4x-ddr4-2800-2x-dp-hdmi-d-sub-m-2-4x-usb3-2-micro-atx-gama-basica\/\",\"url\":\"https:\/\/compuviper.mx\/tienda\/producto\/asus-oem-tuf-gaming-a520m-plus-wifi195553154277-mb-asus-a520-amd-s-am4-5a-gen-4x-ddr4-2800-2x-dp-hdmi-d-sub-m-2-4x-usb3-2-micro-atx-gama-basica\/\",\"name\":\"[ Asus Oem ] &#129351; Tuf Gaming A520m-plus Wifi,195553154277 Mb Asus A520 Amd S-am4 5a Gen\/4x Ddr4 2800\/2x Dp\/hdmi\/d-sub\/m.2\/4x Usb3.2\/micro Atx\/gama Basica\",\"isPartOf\":{\"@id\":\"https:\/\/compuviper.mx\/tienda\/#website\"},\"datePublished\":\"2026-04-07T06:44:39+00:00\",\"dateModified\":\"2026-04-07T06:44:39+00:00\",\"description\":\"Compra Tuf Gaming A520m-plus Wifi,195553154277 Mb Asus A520 Amd S-am4 5a Gen\/4x Ddr4 2800\/2x Dp\/hdmi\/d-sub\/m.2\/4x Usb3.2\/micro Atx\/gama Basica + Env\u00edo a domicilio + Pago seguro + Garant\u00eda\",\"breadcrumb\":{\"@id\":\"https:\/\/compuviper.mx\/tienda\/producto\/asus-oem-tuf-gaming-a520m-plus-wifi195553154277-mb-asus-a520-amd-s-am4-5a-gen-4x-ddr4-2800-2x-dp-hdmi-d-sub-m-2-4x-usb3-2-micro-atx-gama-basica\/#breadcrumb\"},\"inLanguage\":\"es-MX\",\"potentialAction\":[{\"@type\":\"ReadAction\",\"target\":[\"https:\/\/compuviper.mx\/tienda\/producto\/asus-oem-tuf-gaming-a520m-plus-wifi195553154277-mb-asus-a520-amd-s-am4-5a-gen-4x-ddr4-2800-2x-dp-hdmi-d-sub-m-2-4x-usb3-2-micro-atx-gama-basica\/\"]}]},{\"@type\":\"BreadcrumbList\",\"@id\":\"https:\/\/compuviper.mx\/tienda\/producto\/asus-oem-tuf-gaming-a520m-plus-wifi195553154277-mb-asus-a520-amd-s-am4-5a-gen-4x-ddr4-2800-2x-dp-hdmi-d-sub-m-2-4x-usb3-2-micro-atx-gama-basica\/#breadcrumb\",\"itemListElement\":[{\"@type\":\"ListItem\",\"position\":1,\"name\":\"Inicio\",\"item\":\"https:\/\/compuviper.mx\/tienda\/\"},{\"@type\":\"ListItem\",\"position\":2,\"name\":\"Productos\",\"item\":\"https:\/\/compuviper.mx\/tienda\/productos\/\"},{\"@type\":\"ListItem\",\"position\":3,\"name\":\"Asus Oem Tuf Gaming A520m-plus Wifi,195553154277 Mb Asus A520 Amd S-am4 5a Gen\/4x Ddr4 2800\/2x Dp\/hdmi\/d-sub\/m.2\/4x Usb3.2\/micro Atx\/gama Basica\"}]},{\"@type\":\"WebSite\",\"@id\":\"https:\/\/compuviper.mx\/tienda\/#website\",\"url\":\"https:\/\/compuviper.mx\/tienda\/\",\"name\":\"Compuviper\",\"description\":\"Proveedor de Computadoras, Laptops, Servidores, Monitores, Puntos de Venta, Teclados,   Impresoras, T\u00f3ner, C\u00e1maras de Seguridad y m\u00e1s en tu tienda en l\u00ednea\",\"publisher\":{\"@id\":\"https:\/\/compuviper.mx\/tienda\/#organization\"},\"potentialAction\":[{\"@type\":\"SearchAction\",\"target\":{\"@type\":\"EntryPoint\",\"urlTemplate\":\"https:\/\/compuviper.mx\/tienda\/?s={search_term_string}\"},\"query-input\":\"required name=search_term_string\"}],\"inLanguage\":\"es-MX\"},{\"@type\":\"Organization\",\"@id\":\"https:\/\/compuviper.mx\/tienda\/#organization\",\"name\":\"Compuviper\",\"url\":\"https:\/\/compuviper.mx\/tienda\/\",\"logo\":{\"@type\":\"ImageObject\",\"inLanguage\":\"es-MX\",\"@id\":\"https:\/\/compuviper.mx\/tienda\/#\/schema\/logo\/image\/\",\"url\":\"https:\/\/compuviper.mx\/tienda\/wp-content\/uploads\/2021\/08\/Logo-Compuviper-10.png\",\"contentUrl\":\"https:\/\/compuviper.mx\/tienda\/wp-content\/uploads\/2021\/08\/Logo-Compuviper-10.png\",\"width\":1000,\"height\":500,\"caption\":\"Compuviper\"},\"image\":{\"@id\":\"https:\/\/compuviper.mx\/tienda\/#\/schema\/logo\/image\/\"},\"sameAs\":[\"https:\/\/www.facebook.com\/compuviper\",\"https:\/\/www.youtube.com\/channel\/UCf73dERp9Y3cfOq7q8BhLjA?view_as=subscriber\"]}]}<\/script>\n<meta property=\"product:brand\" content=\"Asus Oem\" \/>\n<meta property=\"product:price:amount\" content=\"1369\" \/>\n<meta property=\"product:price:currency\" content=\"MXN\" \/>\n<meta property=\"og:availability\" content=\"out of stock\" \/>\n<meta property=\"product:availability\" content=\"out of stock\" \/>\n<meta property=\"product:retailer_item_id\" content=\"TUF GAMING A520M-PLUS WIFI,195553154277\" \/>\n<meta property=\"product:condition\" content=\"new\" \/>\n<!-- \/ Yoast SEO plugin. -->","yoast_head_json":{"title":"[ Asus Oem ] &#129351; Tuf Gaming A520m-plus Wifi,195553154277 Mb Asus A520 Amd S-am4 5a Gen\/4x Ddr4 2800\/2x Dp\/hdmi\/d-sub\/m.2\/4x Usb3.2\/micro Atx\/gama Basica","description":"Compra Tuf Gaming A520m-plus Wifi,195553154277 Mb Asus A520 Amd S-am4 5a Gen\/4x Ddr4 2800\/2x Dp\/hdmi\/d-sub\/m.2\/4x Usb3.2\/micro Atx\/gama Basica + Env\u00edo a domicilio + Pago seguro + Garant\u00eda","robots":{"index":"index","follow":"follow","max-snippet":"max-snippet:-1","max-image-preview":"max-image-preview:large","max-video-preview":"max-video-preview:-1"},"canonical":"https:\/\/compuviper.mx\/tienda\/producto\/asus-oem-tuf-gaming-a520m-plus-wifi195553154277-mb-asus-a520-amd-s-am4-5a-gen-4x-ddr4-2800-2x-dp-hdmi-d-sub-m-2-4x-usb3-2-micro-atx-gama-basica\/","og_locale":"es_MX","og_type":"article","og_title":"[ Asus Oem ] &#129351; Tuf Gaming A520m-plus Wifi,195553154277 Mb Asus A520 Amd S-am4 5a Gen\/4x Ddr4 2800\/2x Dp\/hdmi\/d-sub\/m.2\/4x Usb3.2\/micro Atx\/gama Basica","og_description":"Compra Tuf Gaming A520m-plus Wifi,195553154277 Mb Asus A520 Amd S-am4 5a Gen\/4x Ddr4 2800\/2x Dp\/hdmi\/d-sub\/m.2\/4x Usb3.2\/micro Atx\/gama Basica + Env\u00edo a domicilio + Pago seguro + Garant\u00eda","og_url":"https:\/\/compuviper.mx\/tienda\/producto\/asus-oem-tuf-gaming-a520m-plus-wifi195553154277-mb-asus-a520-amd-s-am4-5a-gen-4x-ddr4-2800-2x-dp-hdmi-d-sub-m-2-4x-usb3-2-micro-atx-gama-basica\/","og_site_name":"Compuviper","article_publisher":"https:\/\/www.facebook.com\/compuviper","og_image":[{"width":200,"height":200,"url":"https:\/\/compuviper.mx\/tienda\/wp-content\/uploads\/2026\/04\/Mb-asus-a520-amd-s-am4-5a-gen4x-ddr4-28002x-dphdmid-subm.24x-usb3.2micro-atxgama-basica.jpg","type":"image\/jpeg"}],"twitter_card":"summary_large_image","twitter_misc":{"Precio":"&#36;1,369 con IVA","Availability":"Out of stock"},"schema":{"@context":"https:\/\/schema.org","@graph":[{"@type":"WebPage","@id":"https:\/\/compuviper.mx\/tienda\/producto\/asus-oem-tuf-gaming-a520m-plus-wifi195553154277-mb-asus-a520-amd-s-am4-5a-gen-4x-ddr4-2800-2x-dp-hdmi-d-sub-m-2-4x-usb3-2-micro-atx-gama-basica\/","url":"https:\/\/compuviper.mx\/tienda\/producto\/asus-oem-tuf-gaming-a520m-plus-wifi195553154277-mb-asus-a520-amd-s-am4-5a-gen-4x-ddr4-2800-2x-dp-hdmi-d-sub-m-2-4x-usb3-2-micro-atx-gama-basica\/","name":"[ Asus Oem ] &#129351; Tuf Gaming A520m-plus Wifi,195553154277 Mb Asus A520 Amd S-am4 5a Gen\/4x Ddr4 2800\/2x Dp\/hdmi\/d-sub\/m.2\/4x Usb3.2\/micro Atx\/gama Basica","isPartOf":{"@id":"https:\/\/compuviper.mx\/tienda\/#website"},"datePublished":"2026-04-07T06:44:39+00:00","dateModified":"2026-04-07T06:44:39+00:00","description":"Compra Tuf Gaming A520m-plus Wifi,195553154277 Mb Asus A520 Amd S-am4 5a Gen\/4x Ddr4 2800\/2x Dp\/hdmi\/d-sub\/m.2\/4x Usb3.2\/micro Atx\/gama Basica + Env\u00edo a domicilio + Pago seguro + Garant\u00eda","breadcrumb":{"@id":"https:\/\/compuviper.mx\/tienda\/producto\/asus-oem-tuf-gaming-a520m-plus-wifi195553154277-mb-asus-a520-amd-s-am4-5a-gen-4x-ddr4-2800-2x-dp-hdmi-d-sub-m-2-4x-usb3-2-micro-atx-gama-basica\/#breadcrumb"},"inLanguage":"es-MX","potentialAction":[{"@type":"ReadAction","target":["https:\/\/compuviper.mx\/tienda\/producto\/asus-oem-tuf-gaming-a520m-plus-wifi195553154277-mb-asus-a520-amd-s-am4-5a-gen-4x-ddr4-2800-2x-dp-hdmi-d-sub-m-2-4x-usb3-2-micro-atx-gama-basica\/"]}]},{"@type":"BreadcrumbList","@id":"https:\/\/compuviper.mx\/tienda\/producto\/asus-oem-tuf-gaming-a520m-plus-wifi195553154277-mb-asus-a520-amd-s-am4-5a-gen-4x-ddr4-2800-2x-dp-hdmi-d-sub-m-2-4x-usb3-2-micro-atx-gama-basica\/#breadcrumb","itemListElement":[{"@type":"ListItem","position":1,"name":"Inicio","item":"https:\/\/compuviper.mx\/tienda\/"},{"@type":"ListItem","position":2,"name":"Productos","item":"https:\/\/compuviper.mx\/tienda\/productos\/"},{"@type":"ListItem","position":3,"name":"Asus Oem Tuf Gaming A520m-plus Wifi,195553154277 Mb Asus A520 Amd S-am4 5a Gen\/4x Ddr4 2800\/2x Dp\/hdmi\/d-sub\/m.2\/4x Usb3.2\/micro Atx\/gama Basica"}]},{"@type":"WebSite","@id":"https:\/\/compuviper.mx\/tienda\/#website","url":"https:\/\/compuviper.mx\/tienda\/","name":"Compuviper","description":"Proveedor de Computadoras, Laptops, Servidores, Monitores, Puntos de Venta, Teclados,   Impresoras, T\u00f3ner, C\u00e1maras de Seguridad y m\u00e1s en tu tienda en l\u00ednea","publisher":{"@id":"https:\/\/compuviper.mx\/tienda\/#organization"},"potentialAction":[{"@type":"SearchAction","target":{"@type":"EntryPoint","urlTemplate":"https:\/\/compuviper.mx\/tienda\/?s={search_term_string}"},"query-input":"required name=search_term_string"}],"inLanguage":"es-MX"},{"@type":"Organization","@id":"https:\/\/compuviper.mx\/tienda\/#organization","name":"Compuviper","url":"https:\/\/compuviper.mx\/tienda\/","logo":{"@type":"ImageObject","inLanguage":"es-MX","@id":"https:\/\/compuviper.mx\/tienda\/#\/schema\/logo\/image\/","url":"https:\/\/compuviper.mx\/tienda\/wp-content\/uploads\/2021\/08\/Logo-Compuviper-10.png","contentUrl":"https:\/\/compuviper.mx\/tienda\/wp-content\/uploads\/2021\/08\/Logo-Compuviper-10.png","width":1000,"height":500,"caption":"Compuviper"},"image":{"@id":"https:\/\/compuviper.mx\/tienda\/#\/schema\/logo\/image\/"},"sameAs":["https:\/\/www.facebook.com\/compuviper","https:\/\/www.youtube.com\/channel\/UCf73dERp9Y3cfOq7q8BhLjA?view_as=subscriber"]}]},"product_brand":"Asus Oem","product_price_amount":"1369","product_price_currency":"MXN","og_availability":"out of stock","product_availability":"out of stock","product_retailer_item_id":"TUF GAMING A520M-PLUS WIFI,195553154277","product_condition":"new"},"_links":{"self":[{"href":"https:\/\/compuviper.mx\/tienda\/wp-json\/wp\/v2\/product\/268461"}],"collection":[{"href":"https:\/\/compuviper.mx\/tienda\/wp-json\/wp\/v2\/product"}],"about":[{"href":"https:\/\/compuviper.mx\/tienda\/wp-json\/wp\/v2\/types\/product"}],"replies":[{"embeddable":true,"href":"https:\/\/compuviper.mx\/tienda\/wp-json\/wp\/v2\/comments?post=268461"}],"wp:featuredmedia":[{"embeddable":true,"href":"https:\/\/compuviper.mx\/tienda\/wp-json\/wp\/v2\/media\/268462"}],"wp:attachment":[{"href":"https:\/\/compuviper.mx\/tienda\/wp-json\/wp\/v2\/media?parent=268461"}],"wp:term":[{"taxonomy":"product_cat","embeddable":true,"href":"https:\/\/compuviper.mx\/tienda\/wp-json\/wp\/v2\/product_cat?post=268461"},{"taxonomy":"product_tag","embeddable":true,"href":"https:\/\/compuviper.mx\/tienda\/wp-json\/wp\/v2\/product_tag?post=268461"}],"curies":[{"name":"wp","href":"https:\/\/api.w.org\/{rel}","templated":true}]}}