{"id":268452,"date":"2026-04-07T00:37:01","date_gmt":"2026-04-07T06:37:01","guid":{"rendered":"https:\/\/compuviper.mx\/tienda\/producto\/biwin-acer-bl-9bwwa-104-unidad-de-estado-solido-ssd-interno-acer-sa100-960gb-2-5-sata3-lect-560-escrit-500-mbs-7mm-pc-laptop-minipc\/"},"modified":"2026-04-07T00:37:01","modified_gmt":"2026-04-07T06:37:01","slug":"biwin-acer-bl-9bwwa-104-unidad-de-estado-solido-ssd-interno-acer-sa100-960gb-2-5-sata3-lect-560-escrit-500-mbs-7mm-pc-laptop-minipc","status":"publish","type":"product","link":"https:\/\/compuviper.mx\/tienda\/producto\/biwin-acer-bl-9bwwa-104-unidad-de-estado-solido-ssd-interno-acer-sa100-960gb-2-5-sata3-lect-560-escrit-500-mbs-7mm-pc-laptop-minipc\/","title":{"rendered":"Biwin Acer Bl.9bwwa.104 Unidad De Estado Solido Ssd Interno Acer Sa100 960gb 2.5 Sata3 Lect.560 Escrit.500 Mbs 7mm Pc Laptop Minipc"},"content":{"rendered":"<table class=\"descripcion\">\n<tr>\n<td>\u0095capacidad: 960 gb<\/td>\n<\/tr>\n<tr>\n<td>\u0095interface: serial ata iii<\/td>\n<\/tr>\n<tr>\n<td>\u0095velocidad de lectura: 560 mb\/s<\/td>\n<\/tr>\n<tr>\n<td>\u0095velocidad de escritura: 500 mb\/s<\/td>\n<\/tr>\n<tr>\n<td>Garantia: 3 a\u00f1os<\/td>\n<\/tr>\n<\/table>\n","protected":false},"excerpt":{"rendered":"<p>Soporta agile ecc 2 y virtual parity recovery, que provee de una mayor estabilidad en el ssd. Cuenta con licencia gratis de acronis hd para poder clonar la informaci\u00f3n de tu viejo hdd al nuevo ssd. Compatible con laptop\/pc\/aio<\/p>\n","protected":false},"featured_media":268453,"comment_status":"open","ping_status":"open","template":"","meta":[],"product_cat":[1703,1708],"product_tag":[2216],"acf":[],"yoast_head":"<!-- This site is optimized with the Yoast SEO plugin v21.7 - https:\/\/yoast.com\/wordpress\/plugins\/seo\/ -->\n<title>[ Biwin Acer ] &#129351; Bl.9bwwa.104 Unidad De Estado Solido Ssd Interno Acer Sa100 960gb 2.5 Sata3 Lect.560 Escrit.500 Mbs 7mm Pc Laptop Minipc<\/title>\n<meta name=\"description\" content=\"Compra Bl.9bwwa.104 Unidad De Estado Solido Ssd Interno Acer Sa100 960gb 2.5 Sata3 Lect.560 Escrit.500 Mbs 7mm Pc Laptop Minipc + Env\u00edo a domicilio + Pago seguro + Garant\u00eda\" \/>\n<meta name=\"robots\" content=\"index, follow, max-snippet:-1, max-image-preview:large, max-video-preview:-1\" \/>\n<link rel=\"canonical\" href=\"https:\/\/compuviper.mx\/tienda\/producto\/biwin-acer-bl-9bwwa-104-unidad-de-estado-solido-ssd-interno-acer-sa100-960gb-2-5-sata3-lect-560-escrit-500-mbs-7mm-pc-laptop-minipc\/\" \/>\n<meta property=\"og:locale\" content=\"es_MX\" \/>\n<meta property=\"og:type\" content=\"article\" \/>\n<meta property=\"og:title\" content=\"[ Biwin Acer ] &#129351; Bl.9bwwa.104 Unidad De Estado Solido Ssd Interno Acer Sa100 960gb 2.5 Sata3 Lect.560 Escrit.500 Mbs 7mm Pc Laptop Minipc\" \/>\n<meta property=\"og:description\" content=\"Compra Bl.9bwwa.104 Unidad De Estado Solido Ssd Interno Acer Sa100 960gb 2.5 Sata3 Lect.560 Escrit.500 Mbs 7mm Pc Laptop Minipc + Env\u00edo a domicilio + Pago seguro + Garant\u00eda\" \/>\n<meta property=\"og:url\" content=\"https:\/\/compuviper.mx\/tienda\/producto\/biwin-acer-bl-9bwwa-104-unidad-de-estado-solido-ssd-interno-acer-sa100-960gb-2-5-sata3-lect-560-escrit-500-mbs-7mm-pc-laptop-minipc\/\" \/>\n<meta property=\"og:site_name\" content=\"Compuviper\" \/>\n<meta property=\"article:publisher\" content=\"https:\/\/www.facebook.com\/compuviper\" \/>\n<meta property=\"og:image\" content=\"https:\/\/compuviper.mx\/tienda\/wp-content\/uploads\/2026\/04\/Unidad-de-estado-solido-ssd-interno-acer-sa100-960gb-2.5-sata3-lect.560-escrit.500-mbs-7mm-pc-laptop-minipc-bl.9bwwa.104.jpg\" \/>\n\t<meta property=\"og:image:width\" content=\"200\" \/>\n\t<meta property=\"og:image:height\" content=\"200\" \/>\n\t<meta property=\"og:image:type\" content=\"image\/jpeg\" \/>\n<meta name=\"twitter:card\" content=\"summary_large_image\" \/>\n<meta name=\"twitter:label1\" content=\"Precio\" \/>\n\t<meta name=\"twitter:data1\" content=\"&#36;2,791 con IVA\" \/>\n\t<meta name=\"twitter:label2\" content=\"Availability\" \/>\n\t<meta name=\"twitter:data2\" content=\"Out of stock\" \/>\n<script type=\"application\/ld+json\" class=\"yoast-schema-graph\">{\"@context\":\"https:\/\/schema.org\",\"@graph\":[{\"@type\":\"WebPage\",\"@id\":\"https:\/\/compuviper.mx\/tienda\/producto\/biwin-acer-bl-9bwwa-104-unidad-de-estado-solido-ssd-interno-acer-sa100-960gb-2-5-sata3-lect-560-escrit-500-mbs-7mm-pc-laptop-minipc\/\",\"url\":\"https:\/\/compuviper.mx\/tienda\/producto\/biwin-acer-bl-9bwwa-104-unidad-de-estado-solido-ssd-interno-acer-sa100-960gb-2-5-sata3-lect-560-escrit-500-mbs-7mm-pc-laptop-minipc\/\",\"name\":\"[ Biwin Acer ] &#129351; Bl.9bwwa.104 Unidad De Estado Solido Ssd Interno Acer Sa100 960gb 2.5 Sata3 Lect.560 Escrit.500 Mbs 7mm Pc Laptop Minipc\",\"isPartOf\":{\"@id\":\"https:\/\/compuviper.mx\/tienda\/#website\"},\"datePublished\":\"2026-04-07T06:37:01+00:00\",\"dateModified\":\"2026-04-07T06:37:01+00:00\",\"description\":\"Compra Bl.9bwwa.104 Unidad De Estado Solido Ssd Interno Acer Sa100 960gb 2.5 Sata3 Lect.560 Escrit.500 Mbs 7mm Pc Laptop Minipc + Env\u00edo a domicilio + Pago seguro + Garant\u00eda\",\"breadcrumb\":{\"@id\":\"https:\/\/compuviper.mx\/tienda\/producto\/biwin-acer-bl-9bwwa-104-unidad-de-estado-solido-ssd-interno-acer-sa100-960gb-2-5-sata3-lect-560-escrit-500-mbs-7mm-pc-laptop-minipc\/#breadcrumb\"},\"inLanguage\":\"es-MX\",\"potentialAction\":[{\"@type\":\"ReadAction\",\"target\":[\"https:\/\/compuviper.mx\/tienda\/producto\/biwin-acer-bl-9bwwa-104-unidad-de-estado-solido-ssd-interno-acer-sa100-960gb-2-5-sata3-lect-560-escrit-500-mbs-7mm-pc-laptop-minipc\/\"]}]},{\"@type\":\"BreadcrumbList\",\"@id\":\"https:\/\/compuviper.mx\/tienda\/producto\/biwin-acer-bl-9bwwa-104-unidad-de-estado-solido-ssd-interno-acer-sa100-960gb-2-5-sata3-lect-560-escrit-500-mbs-7mm-pc-laptop-minipc\/#breadcrumb\",\"itemListElement\":[{\"@type\":\"ListItem\",\"position\":1,\"name\":\"Inicio\",\"item\":\"https:\/\/compuviper.mx\/tienda\/\"},{\"@type\":\"ListItem\",\"position\":2,\"name\":\"Productos\",\"item\":\"https:\/\/compuviper.mx\/tienda\/productos\/\"},{\"@type\":\"ListItem\",\"position\":3,\"name\":\"Biwin Acer Bl.9bwwa.104 Unidad De Estado Solido Ssd Interno Acer Sa100 960gb 2.5 Sata3 Lect.560 Escrit.500 Mbs 7mm Pc Laptop Minipc\"}]},{\"@type\":\"WebSite\",\"@id\":\"https:\/\/compuviper.mx\/tienda\/#website\",\"url\":\"https:\/\/compuviper.mx\/tienda\/\",\"name\":\"Compuviper\",\"description\":\"Proveedor de Computadoras, Laptops, Servidores, Monitores, Puntos de Venta, Teclados,   Impresoras, T\u00f3ner, C\u00e1maras de Seguridad y m\u00e1s en tu tienda en l\u00ednea\",\"publisher\":{\"@id\":\"https:\/\/compuviper.mx\/tienda\/#organization\"},\"potentialAction\":[{\"@type\":\"SearchAction\",\"target\":{\"@type\":\"EntryPoint\",\"urlTemplate\":\"https:\/\/compuviper.mx\/tienda\/?s={search_term_string}\"},\"query-input\":\"required name=search_term_string\"}],\"inLanguage\":\"es-MX\"},{\"@type\":\"Organization\",\"@id\":\"https:\/\/compuviper.mx\/tienda\/#organization\",\"name\":\"Compuviper\",\"url\":\"https:\/\/compuviper.mx\/tienda\/\",\"logo\":{\"@type\":\"ImageObject\",\"inLanguage\":\"es-MX\",\"@id\":\"https:\/\/compuviper.mx\/tienda\/#\/schema\/logo\/image\/\",\"url\":\"https:\/\/compuviper.mx\/tienda\/wp-content\/uploads\/2021\/08\/Logo-Compuviper-10.png\",\"contentUrl\":\"https:\/\/compuviper.mx\/tienda\/wp-content\/uploads\/2021\/08\/Logo-Compuviper-10.png\",\"width\":1000,\"height\":500,\"caption\":\"Compuviper\"},\"image\":{\"@id\":\"https:\/\/compuviper.mx\/tienda\/#\/schema\/logo\/image\/\"},\"sameAs\":[\"https:\/\/www.facebook.com\/compuviper\",\"https:\/\/www.youtube.com\/channel\/UCf73dERp9Y3cfOq7q8BhLjA?view_as=subscriber\"]}]}<\/script>\n<meta property=\"product:brand\" content=\"Biwin Acer\" \/>\n<meta property=\"product:price:amount\" content=\"2791\" \/>\n<meta property=\"product:price:currency\" content=\"MXN\" \/>\n<meta property=\"og:availability\" content=\"out of stock\" \/>\n<meta property=\"product:availability\" content=\"out of stock\" \/>\n<meta property=\"product:retailer_item_id\" content=\"BL.9BWWA.104\" \/>\n<meta property=\"product:condition\" content=\"new\" \/>\n<!-- \/ Yoast SEO plugin. -->","yoast_head_json":{"title":"[ Biwin Acer ] &#129351; Bl.9bwwa.104 Unidad De Estado Solido Ssd Interno Acer Sa100 960gb 2.5 Sata3 Lect.560 Escrit.500 Mbs 7mm Pc Laptop Minipc","description":"Compra Bl.9bwwa.104 Unidad De Estado Solido Ssd Interno Acer Sa100 960gb 2.5 Sata3 Lect.560 Escrit.500 Mbs 7mm Pc Laptop Minipc + Env\u00edo a domicilio + Pago seguro + Garant\u00eda","robots":{"index":"index","follow":"follow","max-snippet":"max-snippet:-1","max-image-preview":"max-image-preview:large","max-video-preview":"max-video-preview:-1"},"canonical":"https:\/\/compuviper.mx\/tienda\/producto\/biwin-acer-bl-9bwwa-104-unidad-de-estado-solido-ssd-interno-acer-sa100-960gb-2-5-sata3-lect-560-escrit-500-mbs-7mm-pc-laptop-minipc\/","og_locale":"es_MX","og_type":"article","og_title":"[ Biwin Acer ] &#129351; Bl.9bwwa.104 Unidad De Estado Solido Ssd Interno Acer Sa100 960gb 2.5 Sata3 Lect.560 Escrit.500 Mbs 7mm Pc Laptop Minipc","og_description":"Compra Bl.9bwwa.104 Unidad De Estado Solido Ssd Interno Acer Sa100 960gb 2.5 Sata3 Lect.560 Escrit.500 Mbs 7mm Pc Laptop Minipc + Env\u00edo a domicilio + Pago seguro + Garant\u00eda","og_url":"https:\/\/compuviper.mx\/tienda\/producto\/biwin-acer-bl-9bwwa-104-unidad-de-estado-solido-ssd-interno-acer-sa100-960gb-2-5-sata3-lect-560-escrit-500-mbs-7mm-pc-laptop-minipc\/","og_site_name":"Compuviper","article_publisher":"https:\/\/www.facebook.com\/compuviper","og_image":[{"width":200,"height":200,"url":"https:\/\/compuviper.mx\/tienda\/wp-content\/uploads\/2026\/04\/Unidad-de-estado-solido-ssd-interno-acer-sa100-960gb-2.5-sata3-lect.560-escrit.500-mbs-7mm-pc-laptop-minipc-bl.9bwwa.104.jpg","type":"image\/jpeg"}],"twitter_card":"summary_large_image","twitter_misc":{"Precio":"&#36;2,791 con IVA","Availability":"Out of stock"},"schema":{"@context":"https:\/\/schema.org","@graph":[{"@type":"WebPage","@id":"https:\/\/compuviper.mx\/tienda\/producto\/biwin-acer-bl-9bwwa-104-unidad-de-estado-solido-ssd-interno-acer-sa100-960gb-2-5-sata3-lect-560-escrit-500-mbs-7mm-pc-laptop-minipc\/","url":"https:\/\/compuviper.mx\/tienda\/producto\/biwin-acer-bl-9bwwa-104-unidad-de-estado-solido-ssd-interno-acer-sa100-960gb-2-5-sata3-lect-560-escrit-500-mbs-7mm-pc-laptop-minipc\/","name":"[ Biwin Acer ] &#129351; Bl.9bwwa.104 Unidad De Estado Solido Ssd Interno Acer Sa100 960gb 2.5 Sata3 Lect.560 Escrit.500 Mbs 7mm Pc Laptop Minipc","isPartOf":{"@id":"https:\/\/compuviper.mx\/tienda\/#website"},"datePublished":"2026-04-07T06:37:01+00:00","dateModified":"2026-04-07T06:37:01+00:00","description":"Compra Bl.9bwwa.104 Unidad De Estado Solido Ssd Interno Acer Sa100 960gb 2.5 Sata3 Lect.560 Escrit.500 Mbs 7mm Pc Laptop Minipc + Env\u00edo a domicilio + Pago seguro + Garant\u00eda","breadcrumb":{"@id":"https:\/\/compuviper.mx\/tienda\/producto\/biwin-acer-bl-9bwwa-104-unidad-de-estado-solido-ssd-interno-acer-sa100-960gb-2-5-sata3-lect-560-escrit-500-mbs-7mm-pc-laptop-minipc\/#breadcrumb"},"inLanguage":"es-MX","potentialAction":[{"@type":"ReadAction","target":["https:\/\/compuviper.mx\/tienda\/producto\/biwin-acer-bl-9bwwa-104-unidad-de-estado-solido-ssd-interno-acer-sa100-960gb-2-5-sata3-lect-560-escrit-500-mbs-7mm-pc-laptop-minipc\/"]}]},{"@type":"BreadcrumbList","@id":"https:\/\/compuviper.mx\/tienda\/producto\/biwin-acer-bl-9bwwa-104-unidad-de-estado-solido-ssd-interno-acer-sa100-960gb-2-5-sata3-lect-560-escrit-500-mbs-7mm-pc-laptop-minipc\/#breadcrumb","itemListElement":[{"@type":"ListItem","position":1,"name":"Inicio","item":"https:\/\/compuviper.mx\/tienda\/"},{"@type":"ListItem","position":2,"name":"Productos","item":"https:\/\/compuviper.mx\/tienda\/productos\/"},{"@type":"ListItem","position":3,"name":"Biwin Acer Bl.9bwwa.104 Unidad De Estado Solido Ssd Interno Acer Sa100 960gb 2.5 Sata3 Lect.560 Escrit.500 Mbs 7mm Pc Laptop Minipc"}]},{"@type":"WebSite","@id":"https:\/\/compuviper.mx\/tienda\/#website","url":"https:\/\/compuviper.mx\/tienda\/","name":"Compuviper","description":"Proveedor de Computadoras, Laptops, Servidores, Monitores, Puntos de Venta, Teclados,   Impresoras, T\u00f3ner, C\u00e1maras de Seguridad y m\u00e1s en tu tienda en l\u00ednea","publisher":{"@id":"https:\/\/compuviper.mx\/tienda\/#organization"},"potentialAction":[{"@type":"SearchAction","target":{"@type":"EntryPoint","urlTemplate":"https:\/\/compuviper.mx\/tienda\/?s={search_term_string}"},"query-input":"required name=search_term_string"}],"inLanguage":"es-MX"},{"@type":"Organization","@id":"https:\/\/compuviper.mx\/tienda\/#organization","name":"Compuviper","url":"https:\/\/compuviper.mx\/tienda\/","logo":{"@type":"ImageObject","inLanguage":"es-MX","@id":"https:\/\/compuviper.mx\/tienda\/#\/schema\/logo\/image\/","url":"https:\/\/compuviper.mx\/tienda\/wp-content\/uploads\/2021\/08\/Logo-Compuviper-10.png","contentUrl":"https:\/\/compuviper.mx\/tienda\/wp-content\/uploads\/2021\/08\/Logo-Compuviper-10.png","width":1000,"height":500,"caption":"Compuviper"},"image":{"@id":"https:\/\/compuviper.mx\/tienda\/#\/schema\/logo\/image\/"},"sameAs":["https:\/\/www.facebook.com\/compuviper","https:\/\/www.youtube.com\/channel\/UCf73dERp9Y3cfOq7q8BhLjA?view_as=subscriber"]}]},"product_brand":"Biwin Acer","product_price_amount":"2791","product_price_currency":"MXN","og_availability":"out of stock","product_availability":"out of stock","product_retailer_item_id":"BL.9BWWA.104","product_condition":"new"},"_links":{"self":[{"href":"https:\/\/compuviper.mx\/tienda\/wp-json\/wp\/v2\/product\/268452"}],"collection":[{"href":"https:\/\/compuviper.mx\/tienda\/wp-json\/wp\/v2\/product"}],"about":[{"href":"https:\/\/compuviper.mx\/tienda\/wp-json\/wp\/v2\/types\/product"}],"replies":[{"embeddable":true,"href":"https:\/\/compuviper.mx\/tienda\/wp-json\/wp\/v2\/comments?post=268452"}],"wp:featuredmedia":[{"embeddable":true,"href":"https:\/\/compuviper.mx\/tienda\/wp-json\/wp\/v2\/media\/268453"}],"wp:attachment":[{"href":"https:\/\/compuviper.mx\/tienda\/wp-json\/wp\/v2\/media?parent=268452"}],"wp:term":[{"taxonomy":"product_cat","embeddable":true,"href":"https:\/\/compuviper.mx\/tienda\/wp-json\/wp\/v2\/product_cat?post=268452"},{"taxonomy":"product_tag","embeddable":true,"href":"https:\/\/compuviper.mx\/tienda\/wp-json\/wp\/v2\/product_tag?post=268452"}],"curies":[{"name":"wp","href":"https:\/\/api.w.org\/{rel}","templated":true}]}}