{"id":268444,"date":"2026-04-09T23:12:36","date_gmt":"2026-04-10T05:12:36","guid":{"rendered":"https:\/\/compuviper.mx\/tienda\/producto\/tech-zone-accesorios-tzlbp05-mochila-backpack-tech-zone-wanted-negra-para-laptop-de-15-6\/"},"modified":"2026-04-09T23:12:36","modified_gmt":"2026-04-10T05:12:36","slug":"tech-zone-accesorios-tzlbp05-mochila-backpack-tech-zone-wanted-negra-para-laptop-de-15-6","status":"publish","type":"product","link":"https:\/\/compuviper.mx\/tienda\/producto\/tech-zone-accesorios-tzlbp05-mochila-backpack-tech-zone-wanted-negra-para-laptop-de-15-6\/","title":{"rendered":"Tech Zone Accesorios Tzlbp05 Mochila Backpack Tech Zone Wanted Negra  Para Laptop De 15.6"},"content":{"rendered":"<table class=\"descripcion\">\n<tr>\n<td>Material:<\/td>\n<\/tr>\n<tr>\n<td>Exterior: polister con detalles en pu<\/td>\n<\/tr>\n<tr>\n<td>Forro: 100 polister<\/td>\n<\/tr>\n<tr>\n<td>Dimensiones: 30 x 13 x 46 cm<\/td>\n<\/tr>\n<tr>\n<td>Peso: 700 g<\/td>\n<\/tr>\n<tr>\n<td>Color: negro<\/td>\n<\/tr>\n<tr>\n<td>Especificacin tcnica:<\/td>\n<\/tr>\n<tr>\n<td>Tamao de la laptop: 16 pulgadas<\/td>\n<\/tr>\n<tr>\n<td>Nmero de compartimientos internos: 1 con bolsa acolchada y 1 con organizador<\/td>\n<\/tr>\n<tr>\n<td>Nmero de compartimientos externos: 2 laterales, 3 frontales y 1 trasera<\/td>\n<\/tr>\n<tr>\n<td>Tipo y tamao del tirante: acojinado 7.5 cm<\/td>\n<\/tr>\n<\/table>\n","protected":false},"excerpt":{"rendered":"<p>Esta mochila es tu compaera perfecta para el da a da, diseada con la mxima funcionalidad y estilo. Tiene tres bolsas semi ocultas al frente y una trasera de seguridad, podrs acceder fcilmente a tus pertenencias mientras mantienes todo seguro. Espacio interno para una laptop de hasta 16 pulgadas, la mochila wanted es ideal para llevar tu equipo tecnolgico de forma segura y cmoda. Fabricada con tela resistente a salpicaduras y costuras reforzadas, la mochila wanted est diseada para resistir el uso diario. Su compartimiento interno de malla te permite organizar tus objetos de manera eficiente, junto con una agenda incorporada para mantener todo en orden.<\/p>\n","protected":false},"featured_media":268580,"comment_status":"open","ping_status":"open","template":"","meta":[],"product_cat":[1557,1558],"product_tag":[2233],"acf":[],"yoast_head":"<!-- This site is optimized with the Yoast SEO plugin v21.7 - https:\/\/yoast.com\/wordpress\/plugins\/seo\/ -->\n<title>[ Tech Zone Accesorios ] &#129351; Tzlbp05 Mochila Backpack Tech Zone Wanted Negra Para Laptop De 15.6<\/title>\n<meta name=\"description\" content=\"Compra Tzlbp05 Mochila Backpack Tech Zone Wanted Negra Para Laptop De 15.6 + Env\u00edo a domicilio + Pago seguro + Garant\u00eda\" \/>\n<meta name=\"robots\" content=\"index, follow, max-snippet:-1, max-image-preview:large, max-video-preview:-1\" \/>\n<link rel=\"canonical\" href=\"https:\/\/compuviper.mx\/tienda\/producto\/tech-zone-accesorios-tzlbp05-mochila-backpack-tech-zone-wanted-negra-para-laptop-de-15-6\/\" \/>\n<meta property=\"og:locale\" content=\"es_MX\" \/>\n<meta property=\"og:type\" content=\"article\" \/>\n<meta property=\"og:title\" content=\"[ Tech Zone Accesorios ] &#129351; Tzlbp05 Mochila Backpack Tech Zone Wanted Negra Para Laptop De 15.6\" \/>\n<meta property=\"og:description\" content=\"Compra Tzlbp05 Mochila Backpack Tech Zone Wanted Negra Para Laptop De 15.6 + Env\u00edo a domicilio + Pago seguro + Garant\u00eda\" \/>\n<meta property=\"og:url\" content=\"https:\/\/compuviper.mx\/tienda\/producto\/tech-zone-accesorios-tzlbp05-mochila-backpack-tech-zone-wanted-negra-para-laptop-de-15-6\/\" \/>\n<meta property=\"og:site_name\" content=\"Compuviper\" \/>\n<meta property=\"article:publisher\" content=\"https:\/\/www.facebook.com\/compuviper\" \/>\n<meta property=\"og:image\" content=\"https:\/\/compuviper.mx\/tienda\/wp-content\/uploads\/2026\/04\/Mochila-backpack-tech-zone-wanted-negra-tzlbp05-para-laptop-de-15.6.jpg\" \/>\n\t<meta property=\"og:image:width\" content=\"200\" \/>\n\t<meta property=\"og:image:height\" content=\"200\" \/>\n\t<meta property=\"og:image:type\" content=\"image\/jpeg\" \/>\n<meta name=\"twitter:card\" content=\"summary_large_image\" \/>\n<meta name=\"twitter:label1\" content=\"Precio\" \/>\n\t<meta name=\"twitter:data1\" content=\"&#36;436 con IVA\" \/>\n\t<meta name=\"twitter:label2\" content=\"Availability\" \/>\n\t<meta name=\"twitter:data2\" content=\"In stock\" \/>\n<script type=\"application\/ld+json\" class=\"yoast-schema-graph\">{\"@context\":\"https:\/\/schema.org\",\"@graph\":[{\"@type\":\"WebPage\",\"@id\":\"https:\/\/compuviper.mx\/tienda\/producto\/tech-zone-accesorios-tzlbp05-mochila-backpack-tech-zone-wanted-negra-para-laptop-de-15-6\/\",\"url\":\"https:\/\/compuviper.mx\/tienda\/producto\/tech-zone-accesorios-tzlbp05-mochila-backpack-tech-zone-wanted-negra-para-laptop-de-15-6\/\",\"name\":\"[ Tech Zone Accesorios ] &#129351; Tzlbp05 Mochila Backpack Tech Zone Wanted Negra Para Laptop De 15.6\",\"isPartOf\":{\"@id\":\"https:\/\/compuviper.mx\/tienda\/#website\"},\"datePublished\":\"2026-04-10T05:12:36+00:00\",\"dateModified\":\"2026-04-10T05:12:36+00:00\",\"description\":\"Compra Tzlbp05 Mochila Backpack Tech Zone Wanted Negra Para Laptop De 15.6 + Env\u00edo a domicilio + Pago seguro + Garant\u00eda\",\"breadcrumb\":{\"@id\":\"https:\/\/compuviper.mx\/tienda\/producto\/tech-zone-accesorios-tzlbp05-mochila-backpack-tech-zone-wanted-negra-para-laptop-de-15-6\/#breadcrumb\"},\"inLanguage\":\"es-MX\",\"potentialAction\":[{\"@type\":\"ReadAction\",\"target\":[\"https:\/\/compuviper.mx\/tienda\/producto\/tech-zone-accesorios-tzlbp05-mochila-backpack-tech-zone-wanted-negra-para-laptop-de-15-6\/\"]}]},{\"@type\":\"BreadcrumbList\",\"@id\":\"https:\/\/compuviper.mx\/tienda\/producto\/tech-zone-accesorios-tzlbp05-mochila-backpack-tech-zone-wanted-negra-para-laptop-de-15-6\/#breadcrumb\",\"itemListElement\":[{\"@type\":\"ListItem\",\"position\":1,\"name\":\"Inicio\",\"item\":\"https:\/\/compuviper.mx\/tienda\/\"},{\"@type\":\"ListItem\",\"position\":2,\"name\":\"Productos\",\"item\":\"https:\/\/compuviper.mx\/tienda\/productos\/\"},{\"@type\":\"ListItem\",\"position\":3,\"name\":\"Back Pack (mochila)\",\"item\":\"https:\/\/compuviper.mx\/tienda\/categoria-producto\/back-pack-mochila\/\"},{\"@type\":\"ListItem\",\"position\":4,\"name\":\"Sin Categor\u00eda\",\"item\":\"https:\/\/compuviper.mx\/tienda\/categoria-producto\/back-pack-mochila\/sin-categoria-back-pack-mochila\/\"},{\"@type\":\"ListItem\",\"position\":5,\"name\":\"Tech Zone Accesorios Tzlbp05 Mochila Backpack Tech Zone Wanted Negra Para Laptop De 15.6\"}]},{\"@type\":\"WebSite\",\"@id\":\"https:\/\/compuviper.mx\/tienda\/#website\",\"url\":\"https:\/\/compuviper.mx\/tienda\/\",\"name\":\"Compuviper\",\"description\":\"Proveedor de Computadoras, Laptops, Servidores, Monitores, Puntos de Venta, Teclados,   Impresoras, T\u00f3ner, C\u00e1maras de Seguridad y m\u00e1s en tu tienda en l\u00ednea\",\"publisher\":{\"@id\":\"https:\/\/compuviper.mx\/tienda\/#organization\"},\"potentialAction\":[{\"@type\":\"SearchAction\",\"target\":{\"@type\":\"EntryPoint\",\"urlTemplate\":\"https:\/\/compuviper.mx\/tienda\/?s={search_term_string}\"},\"query-input\":\"required name=search_term_string\"}],\"inLanguage\":\"es-MX\"},{\"@type\":\"Organization\",\"@id\":\"https:\/\/compuviper.mx\/tienda\/#organization\",\"name\":\"Compuviper\",\"url\":\"https:\/\/compuviper.mx\/tienda\/\",\"logo\":{\"@type\":\"ImageObject\",\"inLanguage\":\"es-MX\",\"@id\":\"https:\/\/compuviper.mx\/tienda\/#\/schema\/logo\/image\/\",\"url\":\"https:\/\/compuviper.mx\/tienda\/wp-content\/uploads\/2021\/08\/Logo-Compuviper-10.png\",\"contentUrl\":\"https:\/\/compuviper.mx\/tienda\/wp-content\/uploads\/2021\/08\/Logo-Compuviper-10.png\",\"width\":1000,\"height\":500,\"caption\":\"Compuviper\"},\"image\":{\"@id\":\"https:\/\/compuviper.mx\/tienda\/#\/schema\/logo\/image\/\"},\"sameAs\":[\"https:\/\/www.facebook.com\/compuviper\",\"https:\/\/www.youtube.com\/channel\/UCf73dERp9Y3cfOq7q8BhLjA?view_as=subscriber\"]}]}<\/script>\n<meta property=\"product:brand\" content=\"Tech Zone Accesorios\" \/>\n<meta property=\"product:price:amount\" content=\"436\" \/>\n<meta property=\"product:price:currency\" content=\"MXN\" \/>\n<meta property=\"og:availability\" content=\"instock\" \/>\n<meta property=\"product:availability\" content=\"instock\" \/>\n<meta property=\"product:retailer_item_id\" content=\"TZLBP05\" \/>\n<meta property=\"product:condition\" content=\"new\" \/>\n<!-- \/ Yoast SEO plugin. -->","yoast_head_json":{"title":"[ Tech Zone Accesorios ] &#129351; Tzlbp05 Mochila Backpack Tech Zone Wanted Negra Para Laptop De 15.6","description":"Compra Tzlbp05 Mochila Backpack Tech Zone Wanted Negra Para Laptop De 15.6 + Env\u00edo a domicilio + Pago seguro + Garant\u00eda","robots":{"index":"index","follow":"follow","max-snippet":"max-snippet:-1","max-image-preview":"max-image-preview:large","max-video-preview":"max-video-preview:-1"},"canonical":"https:\/\/compuviper.mx\/tienda\/producto\/tech-zone-accesorios-tzlbp05-mochila-backpack-tech-zone-wanted-negra-para-laptop-de-15-6\/","og_locale":"es_MX","og_type":"article","og_title":"[ Tech Zone Accesorios ] &#129351; Tzlbp05 Mochila Backpack Tech Zone Wanted Negra Para Laptop De 15.6","og_description":"Compra Tzlbp05 Mochila Backpack Tech Zone Wanted Negra Para Laptop De 15.6 + Env\u00edo a domicilio + Pago seguro + Garant\u00eda","og_url":"https:\/\/compuviper.mx\/tienda\/producto\/tech-zone-accesorios-tzlbp05-mochila-backpack-tech-zone-wanted-negra-para-laptop-de-15-6\/","og_site_name":"Compuviper","article_publisher":"https:\/\/www.facebook.com\/compuviper","og_image":[{"width":200,"height":200,"url":"https:\/\/compuviper.mx\/tienda\/wp-content\/uploads\/2026\/04\/Mochila-backpack-tech-zone-wanted-negra-tzlbp05-para-laptop-de-15.6.jpg","type":"image\/jpeg"}],"twitter_card":"summary_large_image","twitter_misc":{"Precio":"&#36;436 con IVA","Availability":"In stock"},"schema":{"@context":"https:\/\/schema.org","@graph":[{"@type":"WebPage","@id":"https:\/\/compuviper.mx\/tienda\/producto\/tech-zone-accesorios-tzlbp05-mochila-backpack-tech-zone-wanted-negra-para-laptop-de-15-6\/","url":"https:\/\/compuviper.mx\/tienda\/producto\/tech-zone-accesorios-tzlbp05-mochila-backpack-tech-zone-wanted-negra-para-laptop-de-15-6\/","name":"[ Tech Zone Accesorios ] &#129351; Tzlbp05 Mochila Backpack Tech Zone Wanted Negra Para Laptop De 15.6","isPartOf":{"@id":"https:\/\/compuviper.mx\/tienda\/#website"},"datePublished":"2026-04-10T05:12:36+00:00","dateModified":"2026-04-10T05:12:36+00:00","description":"Compra Tzlbp05 Mochila Backpack Tech Zone Wanted Negra Para Laptop De 15.6 + Env\u00edo a domicilio + Pago seguro + Garant\u00eda","breadcrumb":{"@id":"https:\/\/compuviper.mx\/tienda\/producto\/tech-zone-accesorios-tzlbp05-mochila-backpack-tech-zone-wanted-negra-para-laptop-de-15-6\/#breadcrumb"},"inLanguage":"es-MX","potentialAction":[{"@type":"ReadAction","target":["https:\/\/compuviper.mx\/tienda\/producto\/tech-zone-accesorios-tzlbp05-mochila-backpack-tech-zone-wanted-negra-para-laptop-de-15-6\/"]}]},{"@type":"BreadcrumbList","@id":"https:\/\/compuviper.mx\/tienda\/producto\/tech-zone-accesorios-tzlbp05-mochila-backpack-tech-zone-wanted-negra-para-laptop-de-15-6\/#breadcrumb","itemListElement":[{"@type":"ListItem","position":1,"name":"Inicio","item":"https:\/\/compuviper.mx\/tienda\/"},{"@type":"ListItem","position":2,"name":"Productos","item":"https:\/\/compuviper.mx\/tienda\/productos\/"},{"@type":"ListItem","position":3,"name":"Back Pack (mochila)","item":"https:\/\/compuviper.mx\/tienda\/categoria-producto\/back-pack-mochila\/"},{"@type":"ListItem","position":4,"name":"Sin Categor\u00eda","item":"https:\/\/compuviper.mx\/tienda\/categoria-producto\/back-pack-mochila\/sin-categoria-back-pack-mochila\/"},{"@type":"ListItem","position":5,"name":"Tech Zone Accesorios Tzlbp05 Mochila Backpack Tech Zone Wanted Negra Para Laptop De 15.6"}]},{"@type":"WebSite","@id":"https:\/\/compuviper.mx\/tienda\/#website","url":"https:\/\/compuviper.mx\/tienda\/","name":"Compuviper","description":"Proveedor de Computadoras, Laptops, Servidores, Monitores, Puntos de Venta, Teclados,   Impresoras, T\u00f3ner, C\u00e1maras de Seguridad y m\u00e1s en tu tienda en l\u00ednea","publisher":{"@id":"https:\/\/compuviper.mx\/tienda\/#organization"},"potentialAction":[{"@type":"SearchAction","target":{"@type":"EntryPoint","urlTemplate":"https:\/\/compuviper.mx\/tienda\/?s={search_term_string}"},"query-input":"required name=search_term_string"}],"inLanguage":"es-MX"},{"@type":"Organization","@id":"https:\/\/compuviper.mx\/tienda\/#organization","name":"Compuviper","url":"https:\/\/compuviper.mx\/tienda\/","logo":{"@type":"ImageObject","inLanguage":"es-MX","@id":"https:\/\/compuviper.mx\/tienda\/#\/schema\/logo\/image\/","url":"https:\/\/compuviper.mx\/tienda\/wp-content\/uploads\/2021\/08\/Logo-Compuviper-10.png","contentUrl":"https:\/\/compuviper.mx\/tienda\/wp-content\/uploads\/2021\/08\/Logo-Compuviper-10.png","width":1000,"height":500,"caption":"Compuviper"},"image":{"@id":"https:\/\/compuviper.mx\/tienda\/#\/schema\/logo\/image\/"},"sameAs":["https:\/\/www.facebook.com\/compuviper","https:\/\/www.youtube.com\/channel\/UCf73dERp9Y3cfOq7q8BhLjA?view_as=subscriber"]}]},"product_brand":"Tech Zone Accesorios","product_price_amount":"436","product_price_currency":"MXN","og_availability":"instock","product_availability":"instock","product_retailer_item_id":"TZLBP05","product_condition":"new"},"_links":{"self":[{"href":"https:\/\/compuviper.mx\/tienda\/wp-json\/wp\/v2\/product\/268444"}],"collection":[{"href":"https:\/\/compuviper.mx\/tienda\/wp-json\/wp\/v2\/product"}],"about":[{"href":"https:\/\/compuviper.mx\/tienda\/wp-json\/wp\/v2\/types\/product"}],"replies":[{"embeddable":true,"href":"https:\/\/compuviper.mx\/tienda\/wp-json\/wp\/v2\/comments?post=268444"}],"wp:featuredmedia":[{"embeddable":true,"href":"https:\/\/compuviper.mx\/tienda\/wp-json\/wp\/v2\/media\/268580"}],"wp:attachment":[{"href":"https:\/\/compuviper.mx\/tienda\/wp-json\/wp\/v2\/media?parent=268444"}],"wp:term":[{"taxonomy":"product_cat","embeddable":true,"href":"https:\/\/compuviper.mx\/tienda\/wp-json\/wp\/v2\/product_cat?post=268444"},{"taxonomy":"product_tag","embeddable":true,"href":"https:\/\/compuviper.mx\/tienda\/wp-json\/wp\/v2\/product_tag?post=268444"}],"curies":[{"name":"wp","href":"https:\/\/api.w.org\/{rel}","templated":true}]}}