{"id":268436,"date":"2026-04-05T23:11:47","date_gmt":"2026-04-06T05:11:47","guid":{"rendered":"https:\/\/compuviper.mx\/tienda\/producto\/sandisk-sdssde61-2t00-g25b-unidad-de-estado-solido-ssd-externo-extreme-portable-2tb-2-5-usb-3-2-velocidad-de-lect-1050-mb-s-escrit-1000mb-s-uso-rudo\/"},"modified":"2026-04-06T00:00:05","modified_gmt":"2026-04-06T06:00:05","slug":"sandisk-sdssde61-2t00-g25b-unidad-de-estado-solido-ssd-externo-extreme-portable-2tb-2-5-usb-3-2-velocidad-de-lect-1050-mb-s-escrit-1000mb-s-uso-rudo","status":"publish","type":"product","link":"https:\/\/compuviper.mx\/tienda\/producto\/sandisk-sdssde61-2t00-g25b-unidad-de-estado-solido-ssd-externo-extreme-portable-2tb-2-5-usb-3-2-velocidad-de-lect-1050-mb-s-escrit-1000mb-s-uso-rudo\/","title":{"rendered":"Sandisk Sdssde61-2t00-g25b Unidad De Estado Solido Ssd Externo  Extreme Portable 2tb 2.5 Usb 3.2 Velocidad De Lect.1050 Mb\/s Escrit.1000mb\/s Uso Rudo"},"content":{"rendered":"<table class=\"descripcion\">\n<tr>\n<td>Capacidad: 2 tb<\/td>\n<\/tr>\n<tr>\n<td>Conector: usb-c<\/td>\n<\/tr>\n<tr>\n<td>Compatibilidad: compatible con computadoras port\u00e1tiles o de escritorio<\/td>\n<\/tr>\n<tr>\n<td>Rendimiento de lectura secuencial: 1050mb\/s<\/td>\n<\/tr>\n<tr>\n<td>Rendimiento de escritura secuencial: 1000mb\/s<\/td>\n<\/tr>\n<tr>\n<td>Interfaz: usb 3.2 gen 2<\/td>\n<\/tr>\n<tr>\n<td>En la caja<\/td>\n<\/tr>\n<tr>\n<td>\u0095 ssd port\u00e1til extreme<\/td>\n<\/tr>\n<tr>\n<td>\u0095 cable usb-c a usb-c<\/td>\n<\/tr>\n<tr>\n<td>\u0095 adaptador usb-c a usb-a<\/td>\n<\/tr>\n<tr>\n<td>\u0095 manual de seguridad y garant\u00eda.<\/td>\n<\/tr>\n<tr>\n<td>Durability: ip-65-rated for water- and dust-resistance<\/td>\n<\/tr>\n<tr>\n<td>Dimensiones (largo, ancho y alto): 0.38 x 2.07 x 3.97<\/td>\n<\/tr>\n<tr>\n<td>Peso: 52gms<\/td>\n<\/tr>\n<tr>\n<td>N\u00famero de modelo: sdssde61-2t00-g25b<\/td>\n<\/tr>\n<tr>\n<td>Temp. operativa: 0\u00b0c to 45\u00b0c<\/td>\n<\/tr>\n<tr>\n<td>Non-operating temperature: -20\u00b0c to 85\u00b0c<\/td>\n<\/tr>\n<tr>\n<td>Certificaciones: ce,fcc,rcm, bsmi, eac, ukca, ices, bis<\/td>\n<\/tr>\n<\/table>\n","protected":false},"excerpt":{"rendered":"<p>Almacenamiento resistente que est\u00e1 preparado para la vida. Tu vida es una aventura. La unidad ssd port\u00e1til sandisk extreme se adapta a tu estilo de vida m\u00f3vil y acelera cada uno de tus movimientos. \u00a1es casi dos veces m\u00e1s r\u00e1pida que nuestra generaci\u00f3n anterior. Almacenamiento de calidad profesional. De sandisk, la marca en la que conf\u00edan los fot\u00f3grafos profesionales de todo el mundo para capturar sus mejores tomas e im\u00e1genes.<\/p>\n","protected":false},"featured_media":268437,"comment_status":"open","ping_status":"open","template":"","meta":[],"product_cat":[1703,1708],"product_tag":[1709],"acf":[],"yoast_head":"<!-- This site is optimized with the Yoast SEO plugin v21.7 - https:\/\/yoast.com\/wordpress\/plugins\/seo\/ -->\n<title>[ Sandisk ] &#129351; Sdssde61-2t00-g25b Unidad De Estado Solido Ssd Externo Extreme Portable 2tb 2.5 Usb 3.2 Velocidad De Lect.1050 Mb\/s Escrit.1000mb\/s Uso Rudo<\/title>\n<meta name=\"description\" content=\"Compra Sdssde61-2t00-g25b Unidad De Estado Solido Ssd Externo Extreme Portable 2tb 2.5 Usb 3.2 Velocidad De Lect.1050 Mb\/s Escrit.1000mb\/s Uso Rudo + Env\u00edo a domicilio + Pago seguro + Garant\u00eda\" \/>\n<meta name=\"robots\" content=\"index, follow, max-snippet:-1, max-image-preview:large, max-video-preview:-1\" \/>\n<link rel=\"canonical\" href=\"https:\/\/compuviper.mx\/tienda\/producto\/sandisk-sdssde61-2t00-g25b-unidad-de-estado-solido-ssd-externo-extreme-portable-2tb-2-5-usb-3-2-velocidad-de-lect-1050-mb-s-escrit-1000mb-s-uso-rudo\/\" \/>\n<meta property=\"og:locale\" content=\"es_MX\" \/>\n<meta property=\"og:type\" content=\"article\" \/>\n<meta property=\"og:title\" content=\"[ Sandisk ] &#129351; Sdssde61-2t00-g25b Unidad De Estado Solido Ssd Externo Extreme Portable 2tb 2.5 Usb 3.2 Velocidad De Lect.1050 Mb\/s Escrit.1000mb\/s Uso Rudo\" \/>\n<meta property=\"og:description\" content=\"Compra Sdssde61-2t00-g25b Unidad De Estado Solido Ssd Externo Extreme Portable 2tb 2.5 Usb 3.2 Velocidad De Lect.1050 Mb\/s Escrit.1000mb\/s Uso Rudo + Env\u00edo a domicilio + Pago seguro + Garant\u00eda\" \/>\n<meta property=\"og:url\" content=\"https:\/\/compuviper.mx\/tienda\/producto\/sandisk-sdssde61-2t00-g25b-unidad-de-estado-solido-ssd-externo-extreme-portable-2tb-2-5-usb-3-2-velocidad-de-lect-1050-mb-s-escrit-1000mb-s-uso-rudo\/\" \/>\n<meta property=\"og:site_name\" content=\"Compuviper\" \/>\n<meta property=\"article:publisher\" content=\"https:\/\/www.facebook.com\/compuviper\" \/>\n<meta property=\"article:modified_time\" content=\"2026-04-06T06:00:05+00:00\" \/>\n<meta property=\"og:image\" content=\"https:\/\/compuviper.mx\/tienda\/wp-content\/uploads\/2026\/04\/Unidad-de-estado-solido-ssd-externo-sandisk-extreme-portable-2tb-2.5-usb-3.2-velocidad-de-lect.1050-mbs-escrit.1000mbs-uso-rudo-sdssde61-2t00-g25b.jpg\" \/>\n\t<meta property=\"og:image:width\" content=\"200\" \/>\n\t<meta property=\"og:image:height\" content=\"200\" \/>\n\t<meta property=\"og:image:type\" content=\"image\/jpeg\" \/>\n<meta name=\"twitter:card\" content=\"summary_large_image\" \/>\n<meta name=\"twitter:label1\" content=\"Precio\" \/>\n\t<meta name=\"twitter:data1\" content=\"&#36;4,256 con IVA\" \/>\n\t<meta name=\"twitter:label2\" content=\"Availability\" \/>\n\t<meta name=\"twitter:data2\" content=\"Out of stock\" \/>\n<script type=\"application\/ld+json\" class=\"yoast-schema-graph\">{\"@context\":\"https:\/\/schema.org\",\"@graph\":[{\"@type\":\"WebPage\",\"@id\":\"https:\/\/compuviper.mx\/tienda\/producto\/sandisk-sdssde61-2t00-g25b-unidad-de-estado-solido-ssd-externo-extreme-portable-2tb-2-5-usb-3-2-velocidad-de-lect-1050-mb-s-escrit-1000mb-s-uso-rudo\/\",\"url\":\"https:\/\/compuviper.mx\/tienda\/producto\/sandisk-sdssde61-2t00-g25b-unidad-de-estado-solido-ssd-externo-extreme-portable-2tb-2-5-usb-3-2-velocidad-de-lect-1050-mb-s-escrit-1000mb-s-uso-rudo\/\",\"name\":\"[ Sandisk ] &#129351; Sdssde61-2t00-g25b Unidad De Estado Solido Ssd Externo Extreme Portable 2tb 2.5 Usb 3.2 Velocidad De Lect.1050 Mb\/s Escrit.1000mb\/s Uso Rudo\",\"isPartOf\":{\"@id\":\"https:\/\/compuviper.mx\/tienda\/#website\"},\"datePublished\":\"2026-04-06T05:11:47+00:00\",\"dateModified\":\"2026-04-06T06:00:05+00:00\",\"description\":\"Compra Sdssde61-2t00-g25b Unidad De Estado Solido Ssd Externo Extreme Portable 2tb 2.5 Usb 3.2 Velocidad De Lect.1050 Mb\/s Escrit.1000mb\/s Uso Rudo + Env\u00edo a domicilio + Pago seguro + Garant\u00eda\",\"breadcrumb\":{\"@id\":\"https:\/\/compuviper.mx\/tienda\/producto\/sandisk-sdssde61-2t00-g25b-unidad-de-estado-solido-ssd-externo-extreme-portable-2tb-2-5-usb-3-2-velocidad-de-lect-1050-mb-s-escrit-1000mb-s-uso-rudo\/#breadcrumb\"},\"inLanguage\":\"es-MX\",\"potentialAction\":[{\"@type\":\"ReadAction\",\"target\":[\"https:\/\/compuviper.mx\/tienda\/producto\/sandisk-sdssde61-2t00-g25b-unidad-de-estado-solido-ssd-externo-extreme-portable-2tb-2-5-usb-3-2-velocidad-de-lect-1050-mb-s-escrit-1000mb-s-uso-rudo\/\"]}]},{\"@type\":\"BreadcrumbList\",\"@id\":\"https:\/\/compuviper.mx\/tienda\/producto\/sandisk-sdssde61-2t00-g25b-unidad-de-estado-solido-ssd-externo-extreme-portable-2tb-2-5-usb-3-2-velocidad-de-lect-1050-mb-s-escrit-1000mb-s-uso-rudo\/#breadcrumb\",\"itemListElement\":[{\"@type\":\"ListItem\",\"position\":1,\"name\":\"Inicio\",\"item\":\"https:\/\/compuviper.mx\/tienda\/\"},{\"@type\":\"ListItem\",\"position\":2,\"name\":\"Productos\",\"item\":\"https:\/\/compuviper.mx\/tienda\/productos\/\"},{\"@type\":\"ListItem\",\"position\":3,\"name\":\"Sandisk Sdssde61-2t00-g25b Unidad De Estado Solido Ssd Externo Extreme Portable 2tb 2.5 Usb 3.2 Velocidad De Lect.1050 Mb\/s Escrit.1000mb\/s Uso Rudo\"}]},{\"@type\":\"WebSite\",\"@id\":\"https:\/\/compuviper.mx\/tienda\/#website\",\"url\":\"https:\/\/compuviper.mx\/tienda\/\",\"name\":\"Compuviper\",\"description\":\"Proveedor de Computadoras, Laptops, Servidores, Monitores, Puntos de Venta, Teclados,   Impresoras, T\u00f3ner, C\u00e1maras de Seguridad y m\u00e1s en tu tienda en l\u00ednea\",\"publisher\":{\"@id\":\"https:\/\/compuviper.mx\/tienda\/#organization\"},\"potentialAction\":[{\"@type\":\"SearchAction\",\"target\":{\"@type\":\"EntryPoint\",\"urlTemplate\":\"https:\/\/compuviper.mx\/tienda\/?s={search_term_string}\"},\"query-input\":\"required name=search_term_string\"}],\"inLanguage\":\"es-MX\"},{\"@type\":\"Organization\",\"@id\":\"https:\/\/compuviper.mx\/tienda\/#organization\",\"name\":\"Compuviper\",\"url\":\"https:\/\/compuviper.mx\/tienda\/\",\"logo\":{\"@type\":\"ImageObject\",\"inLanguage\":\"es-MX\",\"@id\":\"https:\/\/compuviper.mx\/tienda\/#\/schema\/logo\/image\/\",\"url\":\"https:\/\/compuviper.mx\/tienda\/wp-content\/uploads\/2021\/08\/Logo-Compuviper-10.png\",\"contentUrl\":\"https:\/\/compuviper.mx\/tienda\/wp-content\/uploads\/2021\/08\/Logo-Compuviper-10.png\",\"width\":1000,\"height\":500,\"caption\":\"Compuviper\"},\"image\":{\"@id\":\"https:\/\/compuviper.mx\/tienda\/#\/schema\/logo\/image\/\"},\"sameAs\":[\"https:\/\/www.facebook.com\/compuviper\",\"https:\/\/www.youtube.com\/channel\/UCf73dERp9Y3cfOq7q8BhLjA?view_as=subscriber\"]}]}<\/script>\n<meta property=\"product:brand\" content=\"SANDISK\" \/>\n<meta property=\"product:price:amount\" content=\"4256\" \/>\n<meta property=\"product:price:currency\" content=\"MXN\" \/>\n<meta property=\"og:availability\" content=\"out of stock\" \/>\n<meta property=\"product:availability\" content=\"out of stock\" \/>\n<meta property=\"product:retailer_item_id\" content=\"SDSSDE61-2T00-G25B\" \/>\n<meta property=\"product:condition\" content=\"new\" \/>\n<!-- \/ Yoast SEO plugin. -->","yoast_head_json":{"title":"[ Sandisk ] &#129351; Sdssde61-2t00-g25b Unidad De Estado Solido Ssd Externo Extreme Portable 2tb 2.5 Usb 3.2 Velocidad De Lect.1050 Mb\/s Escrit.1000mb\/s Uso Rudo","description":"Compra Sdssde61-2t00-g25b Unidad De Estado Solido Ssd Externo Extreme Portable 2tb 2.5 Usb 3.2 Velocidad De Lect.1050 Mb\/s Escrit.1000mb\/s Uso Rudo + Env\u00edo a domicilio + Pago seguro + Garant\u00eda","robots":{"index":"index","follow":"follow","max-snippet":"max-snippet:-1","max-image-preview":"max-image-preview:large","max-video-preview":"max-video-preview:-1"},"canonical":"https:\/\/compuviper.mx\/tienda\/producto\/sandisk-sdssde61-2t00-g25b-unidad-de-estado-solido-ssd-externo-extreme-portable-2tb-2-5-usb-3-2-velocidad-de-lect-1050-mb-s-escrit-1000mb-s-uso-rudo\/","og_locale":"es_MX","og_type":"article","og_title":"[ Sandisk ] &#129351; Sdssde61-2t00-g25b Unidad De Estado Solido Ssd Externo Extreme Portable 2tb 2.5 Usb 3.2 Velocidad De Lect.1050 Mb\/s Escrit.1000mb\/s Uso Rudo","og_description":"Compra Sdssde61-2t00-g25b Unidad De Estado Solido Ssd Externo Extreme Portable 2tb 2.5 Usb 3.2 Velocidad De Lect.1050 Mb\/s Escrit.1000mb\/s Uso Rudo + Env\u00edo a domicilio + Pago seguro + Garant\u00eda","og_url":"https:\/\/compuviper.mx\/tienda\/producto\/sandisk-sdssde61-2t00-g25b-unidad-de-estado-solido-ssd-externo-extreme-portable-2tb-2-5-usb-3-2-velocidad-de-lect-1050-mb-s-escrit-1000mb-s-uso-rudo\/","og_site_name":"Compuviper","article_publisher":"https:\/\/www.facebook.com\/compuviper","article_modified_time":"2026-04-06T06:00:05+00:00","og_image":[{"width":200,"height":200,"url":"https:\/\/compuviper.mx\/tienda\/wp-content\/uploads\/2026\/04\/Unidad-de-estado-solido-ssd-externo-sandisk-extreme-portable-2tb-2.5-usb-3.2-velocidad-de-lect.1050-mbs-escrit.1000mbs-uso-rudo-sdssde61-2t00-g25b.jpg","type":"image\/jpeg"}],"twitter_card":"summary_large_image","twitter_misc":{"Precio":"&#36;4,256 con IVA","Availability":"Out of stock"},"schema":{"@context":"https:\/\/schema.org","@graph":[{"@type":"WebPage","@id":"https:\/\/compuviper.mx\/tienda\/producto\/sandisk-sdssde61-2t00-g25b-unidad-de-estado-solido-ssd-externo-extreme-portable-2tb-2-5-usb-3-2-velocidad-de-lect-1050-mb-s-escrit-1000mb-s-uso-rudo\/","url":"https:\/\/compuviper.mx\/tienda\/producto\/sandisk-sdssde61-2t00-g25b-unidad-de-estado-solido-ssd-externo-extreme-portable-2tb-2-5-usb-3-2-velocidad-de-lect-1050-mb-s-escrit-1000mb-s-uso-rudo\/","name":"[ Sandisk ] &#129351; Sdssde61-2t00-g25b Unidad De Estado Solido Ssd Externo Extreme Portable 2tb 2.5 Usb 3.2 Velocidad De Lect.1050 Mb\/s Escrit.1000mb\/s Uso Rudo","isPartOf":{"@id":"https:\/\/compuviper.mx\/tienda\/#website"},"datePublished":"2026-04-06T05:11:47+00:00","dateModified":"2026-04-06T06:00:05+00:00","description":"Compra Sdssde61-2t00-g25b Unidad De Estado Solido Ssd Externo Extreme Portable 2tb 2.5 Usb 3.2 Velocidad De Lect.1050 Mb\/s Escrit.1000mb\/s Uso Rudo + Env\u00edo a domicilio + Pago seguro + Garant\u00eda","breadcrumb":{"@id":"https:\/\/compuviper.mx\/tienda\/producto\/sandisk-sdssde61-2t00-g25b-unidad-de-estado-solido-ssd-externo-extreme-portable-2tb-2-5-usb-3-2-velocidad-de-lect-1050-mb-s-escrit-1000mb-s-uso-rudo\/#breadcrumb"},"inLanguage":"es-MX","potentialAction":[{"@type":"ReadAction","target":["https:\/\/compuviper.mx\/tienda\/producto\/sandisk-sdssde61-2t00-g25b-unidad-de-estado-solido-ssd-externo-extreme-portable-2tb-2-5-usb-3-2-velocidad-de-lect-1050-mb-s-escrit-1000mb-s-uso-rudo\/"]}]},{"@type":"BreadcrumbList","@id":"https:\/\/compuviper.mx\/tienda\/producto\/sandisk-sdssde61-2t00-g25b-unidad-de-estado-solido-ssd-externo-extreme-portable-2tb-2-5-usb-3-2-velocidad-de-lect-1050-mb-s-escrit-1000mb-s-uso-rudo\/#breadcrumb","itemListElement":[{"@type":"ListItem","position":1,"name":"Inicio","item":"https:\/\/compuviper.mx\/tienda\/"},{"@type":"ListItem","position":2,"name":"Productos","item":"https:\/\/compuviper.mx\/tienda\/productos\/"},{"@type":"ListItem","position":3,"name":"Sandisk Sdssde61-2t00-g25b Unidad De Estado Solido Ssd Externo Extreme Portable 2tb 2.5 Usb 3.2 Velocidad De Lect.1050 Mb\/s Escrit.1000mb\/s Uso Rudo"}]},{"@type":"WebSite","@id":"https:\/\/compuviper.mx\/tienda\/#website","url":"https:\/\/compuviper.mx\/tienda\/","name":"Compuviper","description":"Proveedor de Computadoras, Laptops, Servidores, Monitores, Puntos de Venta, Teclados,   Impresoras, T\u00f3ner, C\u00e1maras de Seguridad y m\u00e1s en tu tienda en l\u00ednea","publisher":{"@id":"https:\/\/compuviper.mx\/tienda\/#organization"},"potentialAction":[{"@type":"SearchAction","target":{"@type":"EntryPoint","urlTemplate":"https:\/\/compuviper.mx\/tienda\/?s={search_term_string}"},"query-input":"required name=search_term_string"}],"inLanguage":"es-MX"},{"@type":"Organization","@id":"https:\/\/compuviper.mx\/tienda\/#organization","name":"Compuviper","url":"https:\/\/compuviper.mx\/tienda\/","logo":{"@type":"ImageObject","inLanguage":"es-MX","@id":"https:\/\/compuviper.mx\/tienda\/#\/schema\/logo\/image\/","url":"https:\/\/compuviper.mx\/tienda\/wp-content\/uploads\/2021\/08\/Logo-Compuviper-10.png","contentUrl":"https:\/\/compuviper.mx\/tienda\/wp-content\/uploads\/2021\/08\/Logo-Compuviper-10.png","width":1000,"height":500,"caption":"Compuviper"},"image":{"@id":"https:\/\/compuviper.mx\/tienda\/#\/schema\/logo\/image\/"},"sameAs":["https:\/\/www.facebook.com\/compuviper","https:\/\/www.youtube.com\/channel\/UCf73dERp9Y3cfOq7q8BhLjA?view_as=subscriber"]}]},"product_brand":"SANDISK","product_price_amount":"4256","product_price_currency":"MXN","og_availability":"out of stock","product_availability":"out of stock","product_retailer_item_id":"SDSSDE61-2T00-G25B","product_condition":"new"},"_links":{"self":[{"href":"https:\/\/compuviper.mx\/tienda\/wp-json\/wp\/v2\/product\/268436"}],"collection":[{"href":"https:\/\/compuviper.mx\/tienda\/wp-json\/wp\/v2\/product"}],"about":[{"href":"https:\/\/compuviper.mx\/tienda\/wp-json\/wp\/v2\/types\/product"}],"replies":[{"embeddable":true,"href":"https:\/\/compuviper.mx\/tienda\/wp-json\/wp\/v2\/comments?post=268436"}],"wp:featuredmedia":[{"embeddable":true,"href":"https:\/\/compuviper.mx\/tienda\/wp-json\/wp\/v2\/media\/268437"}],"wp:attachment":[{"href":"https:\/\/compuviper.mx\/tienda\/wp-json\/wp\/v2\/media?parent=268436"}],"wp:term":[{"taxonomy":"product_cat","embeddable":true,"href":"https:\/\/compuviper.mx\/tienda\/wp-json\/wp\/v2\/product_cat?post=268436"},{"taxonomy":"product_tag","embeddable":true,"href":"https:\/\/compuviper.mx\/tienda\/wp-json\/wp\/v2\/product_tag?post=268436"}],"curies":[{"name":"wp","href":"https:\/\/api.w.org\/{rel}","templated":true}]}}