{"id":268430,"date":"2026-04-02T23:19:37","date_gmt":"2026-04-03T05:19:37","guid":{"rendered":"https:\/\/compuviper.mx\/tienda\/producto\/kingston-kcp556sd8-32-memoria-propietaria-sodimm-ddr5-32gb-5600mt-s-cl46-262-pin-1-1v-p-laptop\/"},"modified":"2026-04-03T00:00:39","modified_gmt":"2026-04-03T06:00:39","slug":"kingston-kcp556sd8-32-memoria-propietaria-sodimm-ddr5-32gb-5600mt-s-cl46-262-pin-1-1v-p-laptop","status":"publish","type":"product","link":"https:\/\/compuviper.mx\/tienda\/producto\/kingston-kcp556sd8-32-memoria-propietaria-sodimm-ddr5-32gb-5600mt-s-cl46-262-pin-1-1v-p-laptop\/","title":{"rendered":"Kingston Kcp556sd8-32 Memoria Propietaria  Sodimm Ddr5 32gb 5600mt\/s Cl46 262-pin 1.1v P\/laptop"},"content":{"rendered":"<table class=\"descripcion\">\n<tr>\n<td>\u0095 tipo de memoria interna: ddr5<\/td>\n<\/tr>\n<tr>\n<td>\u0095 memoria interna: 32 gb<\/td>\n<\/tr>\n<tr>\n<td>\u0095 dise\u00f1o de memoria: 1 x 32 gb<\/td>\n<\/tr>\n<tr>\n<td>\u0095 velocidad de memoria del reloj: 5600 mhz<\/td>\n<\/tr>\n<tr>\n<td>\u0095 latencia cas: 46<\/td>\n<\/tr>\n<tr>\n<td>\u0095 factor de forma: 262-pin so-dimm<\/td>\n<\/tr>\n<\/table>\n","protected":false},"excerpt":{"rendered":"<p>Tipo de embalaje: so-dimm, color del producto: verde. La memoria ram kingston ddr5 es un componente dise\u00f1ado para ser utilizado en computadoras portatiles. Tiene una velocidad de memoria del reloj de 5600 mhz y una latencia cas de 46. Esta memoria utiliza el tipo no registrado (sin buffer) y no cuenta con correccion de errores ecc. La capacidad interna de esta memoria ram es de 32 gb y funciona a un voltaje nominal bajo de 1.1 v. El dise\u00f1o consta de un solo modulo con una capacidad individual totalizada en los mencionados 32 gb. El factor forma que presenta este modelo especifico es el estandar para las memorias so-dimm, concretamente se trata del formato conocido como 262-pin. Ademas, la configuracion interna se compone por modulos individuales organizados en una matriz bidimensional donde cada uno tiene una capacidad individual.<\/p>\n","protected":false},"featured_media":268431,"comment_status":"open","ping_status":"open","template":"","meta":[],"product_cat":[1798,1793],"product_tag":[1573],"acf":[],"yoast_head":"<!-- This site is optimized with the Yoast SEO plugin v21.7 - https:\/\/yoast.com\/wordpress\/plugins\/seo\/ -->\n<title>[ Kingston ] &#129351; Kcp556sd8-32 Memoria Propietaria Sodimm Ddr5 32gb 5600mt\/s Cl46 262-pin 1.1v P\/laptop<\/title>\n<meta name=\"description\" content=\"Compra Kcp556sd8-32 Memoria Propietaria Sodimm Ddr5 32gb 5600mt\/s Cl46 262-pin 1.1v P\/laptop + Env\u00edo a domicilio + Pago seguro + Garant\u00eda\" \/>\n<meta name=\"robots\" content=\"index, follow, max-snippet:-1, max-image-preview:large, max-video-preview:-1\" \/>\n<link rel=\"canonical\" href=\"https:\/\/compuviper.mx\/tienda\/producto\/kingston-kcp556sd8-32-memoria-propietaria-sodimm-ddr5-32gb-5600mt-s-cl46-262-pin-1-1v-p-laptop\/\" \/>\n<meta property=\"og:locale\" content=\"es_MX\" \/>\n<meta property=\"og:type\" content=\"article\" \/>\n<meta property=\"og:title\" content=\"[ Kingston ] &#129351; Kcp556sd8-32 Memoria Propietaria Sodimm Ddr5 32gb 5600mt\/s Cl46 262-pin 1.1v P\/laptop\" \/>\n<meta property=\"og:description\" content=\"Compra Kcp556sd8-32 Memoria Propietaria Sodimm Ddr5 32gb 5600mt\/s Cl46 262-pin 1.1v P\/laptop + Env\u00edo a domicilio + Pago seguro + Garant\u00eda\" \/>\n<meta property=\"og:url\" content=\"https:\/\/compuviper.mx\/tienda\/producto\/kingston-kcp556sd8-32-memoria-propietaria-sodimm-ddr5-32gb-5600mt-s-cl46-262-pin-1-1v-p-laptop\/\" \/>\n<meta property=\"og:site_name\" content=\"Compuviper\" \/>\n<meta property=\"article:publisher\" content=\"https:\/\/www.facebook.com\/compuviper\" \/>\n<meta property=\"article:modified_time\" content=\"2026-04-03T06:00:39+00:00\" \/>\n<meta property=\"og:image\" content=\"https:\/\/compuviper.mx\/tienda\/wp-content\/uploads\/2026\/04\/Memoria-propietaria-kingston-sodimm-ddr5-32gb-5600mts-cl46-262-pin-1.1v-plaptop-kcp556sd8-32.jpg\" \/>\n\t<meta property=\"og:image:width\" content=\"200\" \/>\n\t<meta property=\"og:image:height\" content=\"200\" \/>\n\t<meta property=\"og:image:type\" content=\"image\/jpeg\" \/>\n<meta name=\"twitter:card\" content=\"summary_large_image\" \/>\n<meta name=\"twitter:label1\" content=\"Precio\" \/>\n\t<meta name=\"twitter:data1\" content=\"&#36;8,204 con IVA\" \/>\n\t<meta name=\"twitter:label2\" content=\"Availability\" \/>\n\t<meta name=\"twitter:data2\" content=\"In stock\" \/>\n<script type=\"application\/ld+json\" class=\"yoast-schema-graph\">{\"@context\":\"https:\/\/schema.org\",\"@graph\":[{\"@type\":\"WebPage\",\"@id\":\"https:\/\/compuviper.mx\/tienda\/producto\/kingston-kcp556sd8-32-memoria-propietaria-sodimm-ddr5-32gb-5600mt-s-cl46-262-pin-1-1v-p-laptop\/\",\"url\":\"https:\/\/compuviper.mx\/tienda\/producto\/kingston-kcp556sd8-32-memoria-propietaria-sodimm-ddr5-32gb-5600mt-s-cl46-262-pin-1-1v-p-laptop\/\",\"name\":\"[ Kingston ] &#129351; Kcp556sd8-32 Memoria Propietaria Sodimm Ddr5 32gb 5600mt\/s Cl46 262-pin 1.1v P\/laptop\",\"isPartOf\":{\"@id\":\"https:\/\/compuviper.mx\/tienda\/#website\"},\"datePublished\":\"2026-04-03T05:19:37+00:00\",\"dateModified\":\"2026-04-03T06:00:39+00:00\",\"description\":\"Compra Kcp556sd8-32 Memoria Propietaria Sodimm Ddr5 32gb 5600mt\/s Cl46 262-pin 1.1v P\/laptop + Env\u00edo a domicilio + Pago seguro + Garant\u00eda\",\"breadcrumb\":{\"@id\":\"https:\/\/compuviper.mx\/tienda\/producto\/kingston-kcp556sd8-32-memoria-propietaria-sodimm-ddr5-32gb-5600mt-s-cl46-262-pin-1-1v-p-laptop\/#breadcrumb\"},\"inLanguage\":\"es-MX\",\"potentialAction\":[{\"@type\":\"ReadAction\",\"target\":[\"https:\/\/compuviper.mx\/tienda\/producto\/kingston-kcp556sd8-32-memoria-propietaria-sodimm-ddr5-32gb-5600mt-s-cl46-262-pin-1-1v-p-laptop\/\"]}]},{\"@type\":\"BreadcrumbList\",\"@id\":\"https:\/\/compuviper.mx\/tienda\/producto\/kingston-kcp556sd8-32-memoria-propietaria-sodimm-ddr5-32gb-5600mt-s-cl46-262-pin-1-1v-p-laptop\/#breadcrumb\",\"itemListElement\":[{\"@type\":\"ListItem\",\"position\":1,\"name\":\"Inicio\",\"item\":\"https:\/\/compuviper.mx\/tienda\/\"},{\"@type\":\"ListItem\",\"position\":2,\"name\":\"Productos\",\"item\":\"https:\/\/compuviper.mx\/tienda\/productos\/\"},{\"@type\":\"ListItem\",\"position\":3,\"name\":\"Kingston Kcp556sd8-32 Memoria Propietaria Sodimm Ddr5 32gb 5600mt\/s Cl46 262-pin 1.1v P\/laptop\"}]},{\"@type\":\"WebSite\",\"@id\":\"https:\/\/compuviper.mx\/tienda\/#website\",\"url\":\"https:\/\/compuviper.mx\/tienda\/\",\"name\":\"Compuviper\",\"description\":\"Proveedor de Computadoras, Laptops, Servidores, Monitores, Puntos de Venta, Teclados,   Impresoras, T\u00f3ner, C\u00e1maras de Seguridad y m\u00e1s en tu tienda en l\u00ednea\",\"publisher\":{\"@id\":\"https:\/\/compuviper.mx\/tienda\/#organization\"},\"potentialAction\":[{\"@type\":\"SearchAction\",\"target\":{\"@type\":\"EntryPoint\",\"urlTemplate\":\"https:\/\/compuviper.mx\/tienda\/?s={search_term_string}\"},\"query-input\":\"required name=search_term_string\"}],\"inLanguage\":\"es-MX\"},{\"@type\":\"Organization\",\"@id\":\"https:\/\/compuviper.mx\/tienda\/#organization\",\"name\":\"Compuviper\",\"url\":\"https:\/\/compuviper.mx\/tienda\/\",\"logo\":{\"@type\":\"ImageObject\",\"inLanguage\":\"es-MX\",\"@id\":\"https:\/\/compuviper.mx\/tienda\/#\/schema\/logo\/image\/\",\"url\":\"https:\/\/compuviper.mx\/tienda\/wp-content\/uploads\/2021\/08\/Logo-Compuviper-10.png\",\"contentUrl\":\"https:\/\/compuviper.mx\/tienda\/wp-content\/uploads\/2021\/08\/Logo-Compuviper-10.png\",\"width\":1000,\"height\":500,\"caption\":\"Compuviper\"},\"image\":{\"@id\":\"https:\/\/compuviper.mx\/tienda\/#\/schema\/logo\/image\/\"},\"sameAs\":[\"https:\/\/www.facebook.com\/compuviper\",\"https:\/\/www.youtube.com\/channel\/UCf73dERp9Y3cfOq7q8BhLjA?view_as=subscriber\"]}]}<\/script>\n<meta property=\"product:brand\" content=\"KINGSTON\" \/>\n<meta property=\"product:price:amount\" content=\"8204\" \/>\n<meta property=\"product:price:currency\" content=\"MXN\" \/>\n<meta property=\"og:availability\" content=\"instock\" \/>\n<meta property=\"product:availability\" content=\"instock\" \/>\n<meta property=\"product:retailer_item_id\" content=\"KCP556SD8-32\" \/>\n<meta property=\"product:condition\" content=\"new\" \/>\n<!-- \/ Yoast SEO plugin. -->","yoast_head_json":{"title":"[ Kingston ] &#129351; Kcp556sd8-32 Memoria Propietaria Sodimm Ddr5 32gb 5600mt\/s Cl46 262-pin 1.1v P\/laptop","description":"Compra Kcp556sd8-32 Memoria Propietaria Sodimm Ddr5 32gb 5600mt\/s Cl46 262-pin 1.1v P\/laptop + Env\u00edo a domicilio + Pago seguro + Garant\u00eda","robots":{"index":"index","follow":"follow","max-snippet":"max-snippet:-1","max-image-preview":"max-image-preview:large","max-video-preview":"max-video-preview:-1"},"canonical":"https:\/\/compuviper.mx\/tienda\/producto\/kingston-kcp556sd8-32-memoria-propietaria-sodimm-ddr5-32gb-5600mt-s-cl46-262-pin-1-1v-p-laptop\/","og_locale":"es_MX","og_type":"article","og_title":"[ Kingston ] &#129351; Kcp556sd8-32 Memoria Propietaria Sodimm Ddr5 32gb 5600mt\/s Cl46 262-pin 1.1v P\/laptop","og_description":"Compra Kcp556sd8-32 Memoria Propietaria Sodimm Ddr5 32gb 5600mt\/s Cl46 262-pin 1.1v P\/laptop + Env\u00edo a domicilio + Pago seguro + Garant\u00eda","og_url":"https:\/\/compuviper.mx\/tienda\/producto\/kingston-kcp556sd8-32-memoria-propietaria-sodimm-ddr5-32gb-5600mt-s-cl46-262-pin-1-1v-p-laptop\/","og_site_name":"Compuviper","article_publisher":"https:\/\/www.facebook.com\/compuviper","article_modified_time":"2026-04-03T06:00:39+00:00","og_image":[{"width":200,"height":200,"url":"https:\/\/compuviper.mx\/tienda\/wp-content\/uploads\/2026\/04\/Memoria-propietaria-kingston-sodimm-ddr5-32gb-5600mts-cl46-262-pin-1.1v-plaptop-kcp556sd8-32.jpg","type":"image\/jpeg"}],"twitter_card":"summary_large_image","twitter_misc":{"Precio":"&#36;8,204 con IVA","Availability":"In stock"},"schema":{"@context":"https:\/\/schema.org","@graph":[{"@type":"WebPage","@id":"https:\/\/compuviper.mx\/tienda\/producto\/kingston-kcp556sd8-32-memoria-propietaria-sodimm-ddr5-32gb-5600mt-s-cl46-262-pin-1-1v-p-laptop\/","url":"https:\/\/compuviper.mx\/tienda\/producto\/kingston-kcp556sd8-32-memoria-propietaria-sodimm-ddr5-32gb-5600mt-s-cl46-262-pin-1-1v-p-laptop\/","name":"[ Kingston ] &#129351; Kcp556sd8-32 Memoria Propietaria Sodimm Ddr5 32gb 5600mt\/s Cl46 262-pin 1.1v P\/laptop","isPartOf":{"@id":"https:\/\/compuviper.mx\/tienda\/#website"},"datePublished":"2026-04-03T05:19:37+00:00","dateModified":"2026-04-03T06:00:39+00:00","description":"Compra Kcp556sd8-32 Memoria Propietaria Sodimm Ddr5 32gb 5600mt\/s Cl46 262-pin 1.1v P\/laptop + Env\u00edo a domicilio + Pago seguro + Garant\u00eda","breadcrumb":{"@id":"https:\/\/compuviper.mx\/tienda\/producto\/kingston-kcp556sd8-32-memoria-propietaria-sodimm-ddr5-32gb-5600mt-s-cl46-262-pin-1-1v-p-laptop\/#breadcrumb"},"inLanguage":"es-MX","potentialAction":[{"@type":"ReadAction","target":["https:\/\/compuviper.mx\/tienda\/producto\/kingston-kcp556sd8-32-memoria-propietaria-sodimm-ddr5-32gb-5600mt-s-cl46-262-pin-1-1v-p-laptop\/"]}]},{"@type":"BreadcrumbList","@id":"https:\/\/compuviper.mx\/tienda\/producto\/kingston-kcp556sd8-32-memoria-propietaria-sodimm-ddr5-32gb-5600mt-s-cl46-262-pin-1-1v-p-laptop\/#breadcrumb","itemListElement":[{"@type":"ListItem","position":1,"name":"Inicio","item":"https:\/\/compuviper.mx\/tienda\/"},{"@type":"ListItem","position":2,"name":"Productos","item":"https:\/\/compuviper.mx\/tienda\/productos\/"},{"@type":"ListItem","position":3,"name":"Kingston Kcp556sd8-32 Memoria Propietaria Sodimm Ddr5 32gb 5600mt\/s Cl46 262-pin 1.1v P\/laptop"}]},{"@type":"WebSite","@id":"https:\/\/compuviper.mx\/tienda\/#website","url":"https:\/\/compuviper.mx\/tienda\/","name":"Compuviper","description":"Proveedor de Computadoras, Laptops, Servidores, Monitores, Puntos de Venta, Teclados,   Impresoras, T\u00f3ner, C\u00e1maras de Seguridad y m\u00e1s en tu tienda en l\u00ednea","publisher":{"@id":"https:\/\/compuviper.mx\/tienda\/#organization"},"potentialAction":[{"@type":"SearchAction","target":{"@type":"EntryPoint","urlTemplate":"https:\/\/compuviper.mx\/tienda\/?s={search_term_string}"},"query-input":"required name=search_term_string"}],"inLanguage":"es-MX"},{"@type":"Organization","@id":"https:\/\/compuviper.mx\/tienda\/#organization","name":"Compuviper","url":"https:\/\/compuviper.mx\/tienda\/","logo":{"@type":"ImageObject","inLanguage":"es-MX","@id":"https:\/\/compuviper.mx\/tienda\/#\/schema\/logo\/image\/","url":"https:\/\/compuviper.mx\/tienda\/wp-content\/uploads\/2021\/08\/Logo-Compuviper-10.png","contentUrl":"https:\/\/compuviper.mx\/tienda\/wp-content\/uploads\/2021\/08\/Logo-Compuviper-10.png","width":1000,"height":500,"caption":"Compuviper"},"image":{"@id":"https:\/\/compuviper.mx\/tienda\/#\/schema\/logo\/image\/"},"sameAs":["https:\/\/www.facebook.com\/compuviper","https:\/\/www.youtube.com\/channel\/UCf73dERp9Y3cfOq7q8BhLjA?view_as=subscriber"]}]},"product_brand":"KINGSTON","product_price_amount":"8204","product_price_currency":"MXN","og_availability":"instock","product_availability":"instock","product_retailer_item_id":"KCP556SD8-32","product_condition":"new"},"_links":{"self":[{"href":"https:\/\/compuviper.mx\/tienda\/wp-json\/wp\/v2\/product\/268430"}],"collection":[{"href":"https:\/\/compuviper.mx\/tienda\/wp-json\/wp\/v2\/product"}],"about":[{"href":"https:\/\/compuviper.mx\/tienda\/wp-json\/wp\/v2\/types\/product"}],"replies":[{"embeddable":true,"href":"https:\/\/compuviper.mx\/tienda\/wp-json\/wp\/v2\/comments?post=268430"}],"wp:featuredmedia":[{"embeddable":true,"href":"https:\/\/compuviper.mx\/tienda\/wp-json\/wp\/v2\/media\/268431"}],"wp:attachment":[{"href":"https:\/\/compuviper.mx\/tienda\/wp-json\/wp\/v2\/media?parent=268430"}],"wp:term":[{"taxonomy":"product_cat","embeddable":true,"href":"https:\/\/compuviper.mx\/tienda\/wp-json\/wp\/v2\/product_cat?post=268430"},{"taxonomy":"product_tag","embeddable":true,"href":"https:\/\/compuviper.mx\/tienda\/wp-json\/wp\/v2\/product_tag?post=268430"}],"curies":[{"name":"wp","href":"https:\/\/api.w.org\/{rel}","templated":true}]}}