{"id":268427,"date":"2026-05-09T02:20:27","date_gmt":"2026-05-09T08:20:27","guid":{"rendered":"https:\/\/compuviper.mx\/tienda\/producto\/gigabyte-gv-n5090aorus-m-32gd-tarjeta-de-video-rtx-5090-gddr7-32gb-pcie-5-0-dp-2-1-hdmi-2-1-gama-alta\/"},"modified":"2026-05-10T00:00:43","modified_gmt":"2026-05-10T06:00:43","slug":"gigabyte-gv-n5090aorus-m-32gd-tarjeta-de-video-rtx-5090-gddr7-32gb-pcie-5-0-dp-2-1-hdmi-2-1-gama-alta","status":"publish","type":"product","link":"https:\/\/compuviper.mx\/tienda\/producto\/gigabyte-gv-n5090aorus-m-32gd-tarjeta-de-video-rtx-5090-gddr7-32gb-pcie-5-0-dp-2-1-hdmi-2-1-gama-alta\/","title":{"rendered":"Gigabyte Gv-n5090aorus M-32gd Tarjeta De Video   \/ Rtx 5090 \/ Gddr7 32gb \/ Pcie 5.0 \/ Dp 2.1 \/ Hdmi 2.1 \/ Gama Alta"},"content":{"rendered":"<table class=\"descripcion\">\n<tr>\n<td>Procesamiento de gr\u00e1ficos<\/td>\n<\/tr>\n<tr>\n<td>Geforce rtx\u0099 5090<\/td>\n<\/tr>\n<tr>\n<td>Reloj central<\/td>\n<\/tr>\n<tr>\n<td>2655 mhz (tarjeta de referencia: 2407 mhz)<\/td>\n<\/tr>\n<tr>\n<td>N\u00facleos cuda\u00ae<\/td>\n<\/tr>\n<tr>\n<td>21760<\/td>\n<\/tr>\n<tr>\n<td>Reloj de memoria<\/td>\n<\/tr>\n<tr>\n<td>28 gbps<\/td>\n<\/tr>\n<tr>\n<td>Tama\u00f1o de la memoria<\/td>\n<\/tr>\n<tr>\n<td>32 gb<\/td>\n<\/tr>\n<tr>\n<td>Tipo de memoria<\/td>\n<\/tr>\n<tr>\n<td>Memoria gddr7<\/td>\n<\/tr>\n<tr>\n<td>Bus de memoria<\/td>\n<\/tr>\n<tr>\n<td>512 bits<\/td>\n<\/tr>\n<tr>\n<td>Autob\u00fas de tarjetas<\/td>\n<\/tr>\n<tr>\n<td>Pci-e 5.0<\/td>\n<\/tr>\n<tr>\n<td>Resoluci\u00f3n m\u00e1xima digital<\/td>\n<\/tr>\n<tr>\n<td>7680&#215;4320<\/td>\n<\/tr>\n<tr>\n<td>Vista m\u00faltiple<\/td>\n<\/tr>\n<tr>\n<td>4<\/td>\n<\/tr>\n<tr>\n<td>Tama\u00f1o de la tarjeta<\/td>\n<\/tr>\n<tr>\n<td>Largo=360 ancho=150 alto=75 mm<\/td>\n<\/tr>\n<tr>\n<td>Formulario de pcb<\/td>\n<\/tr>\n<tr>\n<td>Atx<\/td>\n<\/tr>\n<tr>\n<td>Directx<\/td>\n<\/tr>\n<tr>\n<td>Api de directx 12<\/td>\n<\/tr>\n<tr>\n<td>Opengl<\/td>\n<\/tr>\n<tr>\n<td>4.6<\/td>\n<\/tr>\n<tr>\n<td>Fuente de alimentaci\u00f3n recomendada<\/td>\n<\/tr>\n<tr>\n<td>1000w<\/td>\n<\/tr>\n<tr>\n<td>Conectores de alimentaci\u00f3n<\/td>\n<\/tr>\n<tr>\n<td>16 pines*1<\/td>\n<\/tr>\n<tr>\n<td>Producci\u00f3n<\/td>\n<\/tr>\n<tr>\n<td>Displayport 2.1b *3<\/td>\n<\/tr>\n<tr>\n<td>Hdmi 2.1b *1<\/td>\n<\/tr>\n<tr>\n<td>Accesorios<\/td>\n<\/tr>\n<tr>\n<td>1. gu\u00eda r\u00e1pida<\/td>\n<\/tr>\n<tr>\n<td>2. registro de garant\u00eda<\/td>\n<\/tr>\n<tr>\n<td>3. 1 adaptador de 12 v-2&#215;6 a 4x pcie de 8 pines<\/td>\n<\/tr>\n<tr>\n<td>4. pegatinas de identidad de aorus<\/td>\n<\/tr>\n<tr>\n<td>5. pegatina met\u00e1lica de aorus<\/td>\n<\/tr>\n<tr>\n<td>6. soporte vga vers\u00e1til<\/td>\n<\/tr>\n<tr>\n<td>7. manual del soporte vga vers\u00e1til<\/td>\n<\/tr>\n<\/table>\n","protected":false},"excerpt":{"rendered":"<p>Caracter\u00edsticas. Desarrollado con la arquitectura nvidia blackwell y dlss 4. Desarrollado por geforce rtx\u0099 5090. Integrado con interfaz de memoria gddr7 de 512 bits y 32 gb. Sistema de refrigeraci\u00f3n windforce. Fan\u00e1tico de los halcones. Grasa met\u00e1lica compuesta para gpu. Gel conductor t\u00e9rmico de grado servidor. Tubos de calor superconductores. Vista del borde de la pantalla lcd. Halo rgb. Bios dual (rendimiento\/silencioso. Estructura reforzada. Soporte vga vers\u00e1til. 4 a\u00f1os de garant\u00eda (se requiere registro en l\u00ednea. Reloj del n\u00facleo. 2655 mhz (tarjeta de referencia: 2407 mhz)<\/p>\n","protected":false},"featured_media":268428,"comment_status":"open","ping_status":"open","template":"","meta":[],"product_cat":[1841,1842],"product_tag":[1732],"acf":[],"yoast_head":"<!-- This site is optimized with the Yoast SEO plugin v21.7 - https:\/\/yoast.com\/wordpress\/plugins\/seo\/ -->\n<title>[ Gigabyte ] &#129351; Gv-n5090aorus M-32gd Tarjeta De Video \/ Rtx 5090 \/ Gddr7 32gb \/ Pcie 5.0 \/ Dp 2.1 \/ Hdmi 2.1 \/ Gama Alta<\/title>\n<meta name=\"description\" content=\"Compra Gv-n5090aorus M-32gd Tarjeta De Video \/ Rtx 5090 \/ Gddr7 32gb \/ Pcie 5.0 \/ Dp 2.1 \/ Hdmi 2.1 \/ Gama Alta + Env\u00edo a domicilio + Pago seguro + Garant\u00eda\" \/>\n<meta name=\"robots\" content=\"index, follow, max-snippet:-1, max-image-preview:large, max-video-preview:-1\" \/>\n<link rel=\"canonical\" href=\"https:\/\/compuviper.mx\/tienda\/producto\/gigabyte-gv-n5090aorus-m-32gd-tarjeta-de-video-rtx-5090-gddr7-32gb-pcie-5-0-dp-2-1-hdmi-2-1-gama-alta\/\" \/>\n<meta property=\"og:locale\" content=\"es_MX\" \/>\n<meta property=\"og:type\" content=\"article\" \/>\n<meta property=\"og:title\" content=\"[ Gigabyte ] &#129351; Gv-n5090aorus M-32gd Tarjeta De Video \/ Rtx 5090 \/ Gddr7 32gb \/ Pcie 5.0 \/ Dp 2.1 \/ Hdmi 2.1 \/ Gama Alta\" \/>\n<meta property=\"og:description\" content=\"Compra Gv-n5090aorus M-32gd Tarjeta De Video \/ Rtx 5090 \/ Gddr7 32gb \/ Pcie 5.0 \/ Dp 2.1 \/ Hdmi 2.1 \/ Gama Alta + Env\u00edo a domicilio + Pago seguro + Garant\u00eda\" \/>\n<meta property=\"og:url\" content=\"https:\/\/compuviper.mx\/tienda\/producto\/gigabyte-gv-n5090aorus-m-32gd-tarjeta-de-video-rtx-5090-gddr7-32gb-pcie-5-0-dp-2-1-hdmi-2-1-gama-alta\/\" \/>\n<meta property=\"og:site_name\" content=\"Compuviper\" \/>\n<meta property=\"article:publisher\" content=\"https:\/\/www.facebook.com\/compuviper\" \/>\n<meta property=\"article:modified_time\" content=\"2026-05-10T06:00:43+00:00\" \/>\n<meta property=\"og:image\" content=\"https:\/\/compuviper.mx\/tienda\/wp-content\/uploads\/2026\/04\/Tarjeta-de-video-gigabyte-gv-n5090aorus-m-32gd-rtx-5090-gddr7-32gb-pcie-5.0-dp-2.1-hdmi-2.1-gama-alta.jpg\" \/>\n\t<meta property=\"og:image:width\" content=\"200\" \/>\n\t<meta property=\"og:image:height\" content=\"200\" \/>\n\t<meta property=\"og:image:type\" content=\"image\/jpeg\" \/>\n<meta name=\"twitter:card\" content=\"summary_large_image\" \/>\n<meta name=\"twitter:label1\" content=\"Precio\" \/>\n\t<meta name=\"twitter:data1\" content=\"&#36;45,094 con IVA\" \/>\n\t<meta name=\"twitter:label2\" content=\"Availability\" \/>\n\t<meta name=\"twitter:data2\" content=\"Out of stock\" \/>\n<script type=\"application\/ld+json\" class=\"yoast-schema-graph\">{\"@context\":\"https:\/\/schema.org\",\"@graph\":[{\"@type\":\"WebPage\",\"@id\":\"https:\/\/compuviper.mx\/tienda\/producto\/gigabyte-gv-n5090aorus-m-32gd-tarjeta-de-video-rtx-5090-gddr7-32gb-pcie-5-0-dp-2-1-hdmi-2-1-gama-alta\/\",\"url\":\"https:\/\/compuviper.mx\/tienda\/producto\/gigabyte-gv-n5090aorus-m-32gd-tarjeta-de-video-rtx-5090-gddr7-32gb-pcie-5-0-dp-2-1-hdmi-2-1-gama-alta\/\",\"name\":\"[ Gigabyte ] &#129351; Gv-n5090aorus M-32gd Tarjeta De Video \/ Rtx 5090 \/ Gddr7 32gb \/ Pcie 5.0 \/ Dp 2.1 \/ Hdmi 2.1 \/ Gama Alta\",\"isPartOf\":{\"@id\":\"https:\/\/compuviper.mx\/tienda\/#website\"},\"datePublished\":\"2026-05-09T08:20:27+00:00\",\"dateModified\":\"2026-05-10T06:00:43+00:00\",\"description\":\"Compra Gv-n5090aorus M-32gd Tarjeta De Video \/ Rtx 5090 \/ Gddr7 32gb \/ Pcie 5.0 \/ Dp 2.1 \/ Hdmi 2.1 \/ Gama Alta + Env\u00edo a domicilio + Pago seguro + Garant\u00eda\",\"breadcrumb\":{\"@id\":\"https:\/\/compuviper.mx\/tienda\/producto\/gigabyte-gv-n5090aorus-m-32gd-tarjeta-de-video-rtx-5090-gddr7-32gb-pcie-5-0-dp-2-1-hdmi-2-1-gama-alta\/#breadcrumb\"},\"inLanguage\":\"es-MX\",\"potentialAction\":[{\"@type\":\"ReadAction\",\"target\":[\"https:\/\/compuviper.mx\/tienda\/producto\/gigabyte-gv-n5090aorus-m-32gd-tarjeta-de-video-rtx-5090-gddr7-32gb-pcie-5-0-dp-2-1-hdmi-2-1-gama-alta\/\"]}]},{\"@type\":\"BreadcrumbList\",\"@id\":\"https:\/\/compuviper.mx\/tienda\/producto\/gigabyte-gv-n5090aorus-m-32gd-tarjeta-de-video-rtx-5090-gddr7-32gb-pcie-5-0-dp-2-1-hdmi-2-1-gama-alta\/#breadcrumb\",\"itemListElement\":[{\"@type\":\"ListItem\",\"position\":1,\"name\":\"Inicio\",\"item\":\"https:\/\/compuviper.mx\/tienda\/\"},{\"@type\":\"ListItem\",\"position\":2,\"name\":\"Productos\",\"item\":\"https:\/\/compuviper.mx\/tienda\/productos\/\"},{\"@type\":\"ListItem\",\"position\":3,\"name\":\"Video\",\"item\":\"https:\/\/compuviper.mx\/tienda\/categoria-producto\/video\/\"},{\"@type\":\"ListItem\",\"position\":4,\"name\":\"Video\",\"item\":\"https:\/\/compuviper.mx\/tienda\/categoria-producto\/video\/video-video\/\"},{\"@type\":\"ListItem\",\"position\":5,\"name\":\"Gigabyte Gv-n5090aorus M-32gd Tarjeta De Video \/ Rtx 5090 \/ Gddr7 32gb \/ Pcie 5.0 \/ Dp 2.1 \/ Hdmi 2.1 \/ Gama Alta\"}]},{\"@type\":\"WebSite\",\"@id\":\"https:\/\/compuviper.mx\/tienda\/#website\",\"url\":\"https:\/\/compuviper.mx\/tienda\/\",\"name\":\"Compuviper\",\"description\":\"Proveedor de Computadoras, Laptops, Servidores, Monitores, Puntos de Venta, Teclados,   Impresoras, T\u00f3ner, C\u00e1maras de Seguridad y m\u00e1s en tu tienda en l\u00ednea\",\"publisher\":{\"@id\":\"https:\/\/compuviper.mx\/tienda\/#organization\"},\"potentialAction\":[{\"@type\":\"SearchAction\",\"target\":{\"@type\":\"EntryPoint\",\"urlTemplate\":\"https:\/\/compuviper.mx\/tienda\/?s={search_term_string}\"},\"query-input\":\"required name=search_term_string\"}],\"inLanguage\":\"es-MX\"},{\"@type\":\"Organization\",\"@id\":\"https:\/\/compuviper.mx\/tienda\/#organization\",\"name\":\"Compuviper\",\"url\":\"https:\/\/compuviper.mx\/tienda\/\",\"logo\":{\"@type\":\"ImageObject\",\"inLanguage\":\"es-MX\",\"@id\":\"https:\/\/compuviper.mx\/tienda\/#\/schema\/logo\/image\/\",\"url\":\"https:\/\/compuviper.mx\/tienda\/wp-content\/uploads\/2021\/08\/Logo-Compuviper-10.png\",\"contentUrl\":\"https:\/\/compuviper.mx\/tienda\/wp-content\/uploads\/2021\/08\/Logo-Compuviper-10.png\",\"width\":1000,\"height\":500,\"caption\":\"Compuviper\"},\"image\":{\"@id\":\"https:\/\/compuviper.mx\/tienda\/#\/schema\/logo\/image\/\"},\"sameAs\":[\"https:\/\/www.facebook.com\/compuviper\",\"https:\/\/www.youtube.com\/channel\/UCf73dERp9Y3cfOq7q8BhLjA?view_as=subscriber\"]}]}<\/script>\n<meta property=\"product:brand\" content=\"GIGABYTE\" \/>\n<meta property=\"product:price:amount\" content=\"45094\" \/>\n<meta property=\"product:price:currency\" content=\"MXN\" \/>\n<meta property=\"og:availability\" content=\"out of stock\" \/>\n<meta property=\"product:availability\" content=\"out of stock\" \/>\n<meta property=\"product:retailer_item_id\" content=\"GV-N5090AORUS M-32GD\" \/>\n<meta property=\"product:condition\" content=\"new\" \/>\n<!-- \/ Yoast SEO plugin. -->","yoast_head_json":{"title":"[ Gigabyte ] &#129351; Gv-n5090aorus M-32gd Tarjeta De Video \/ Rtx 5090 \/ Gddr7 32gb \/ Pcie 5.0 \/ Dp 2.1 \/ Hdmi 2.1 \/ Gama Alta","description":"Compra Gv-n5090aorus M-32gd Tarjeta De Video \/ Rtx 5090 \/ Gddr7 32gb \/ Pcie 5.0 \/ Dp 2.1 \/ Hdmi 2.1 \/ Gama Alta + Env\u00edo a domicilio + Pago seguro + Garant\u00eda","robots":{"index":"index","follow":"follow","max-snippet":"max-snippet:-1","max-image-preview":"max-image-preview:large","max-video-preview":"max-video-preview:-1"},"canonical":"https:\/\/compuviper.mx\/tienda\/producto\/gigabyte-gv-n5090aorus-m-32gd-tarjeta-de-video-rtx-5090-gddr7-32gb-pcie-5-0-dp-2-1-hdmi-2-1-gama-alta\/","og_locale":"es_MX","og_type":"article","og_title":"[ Gigabyte ] &#129351; Gv-n5090aorus M-32gd Tarjeta De Video \/ Rtx 5090 \/ Gddr7 32gb \/ Pcie 5.0 \/ Dp 2.1 \/ Hdmi 2.1 \/ Gama Alta","og_description":"Compra Gv-n5090aorus M-32gd Tarjeta De Video \/ Rtx 5090 \/ Gddr7 32gb \/ Pcie 5.0 \/ Dp 2.1 \/ Hdmi 2.1 \/ Gama Alta + Env\u00edo a domicilio + Pago seguro + Garant\u00eda","og_url":"https:\/\/compuviper.mx\/tienda\/producto\/gigabyte-gv-n5090aorus-m-32gd-tarjeta-de-video-rtx-5090-gddr7-32gb-pcie-5-0-dp-2-1-hdmi-2-1-gama-alta\/","og_site_name":"Compuviper","article_publisher":"https:\/\/www.facebook.com\/compuviper","article_modified_time":"2026-05-10T06:00:43+00:00","og_image":[{"width":200,"height":200,"url":"https:\/\/compuviper.mx\/tienda\/wp-content\/uploads\/2026\/04\/Tarjeta-de-video-gigabyte-gv-n5090aorus-m-32gd-rtx-5090-gddr7-32gb-pcie-5.0-dp-2.1-hdmi-2.1-gama-alta.jpg","type":"image\/jpeg"}],"twitter_card":"summary_large_image","twitter_misc":{"Precio":"&#36;45,094 con IVA","Availability":"Out of stock"},"schema":{"@context":"https:\/\/schema.org","@graph":[{"@type":"WebPage","@id":"https:\/\/compuviper.mx\/tienda\/producto\/gigabyte-gv-n5090aorus-m-32gd-tarjeta-de-video-rtx-5090-gddr7-32gb-pcie-5-0-dp-2-1-hdmi-2-1-gama-alta\/","url":"https:\/\/compuviper.mx\/tienda\/producto\/gigabyte-gv-n5090aorus-m-32gd-tarjeta-de-video-rtx-5090-gddr7-32gb-pcie-5-0-dp-2-1-hdmi-2-1-gama-alta\/","name":"[ Gigabyte ] &#129351; Gv-n5090aorus M-32gd Tarjeta De Video \/ Rtx 5090 \/ Gddr7 32gb \/ Pcie 5.0 \/ Dp 2.1 \/ Hdmi 2.1 \/ Gama Alta","isPartOf":{"@id":"https:\/\/compuviper.mx\/tienda\/#website"},"datePublished":"2026-05-09T08:20:27+00:00","dateModified":"2026-05-10T06:00:43+00:00","description":"Compra Gv-n5090aorus M-32gd Tarjeta De Video \/ Rtx 5090 \/ Gddr7 32gb \/ Pcie 5.0 \/ Dp 2.1 \/ Hdmi 2.1 \/ Gama Alta + Env\u00edo a domicilio + Pago seguro + Garant\u00eda","breadcrumb":{"@id":"https:\/\/compuviper.mx\/tienda\/producto\/gigabyte-gv-n5090aorus-m-32gd-tarjeta-de-video-rtx-5090-gddr7-32gb-pcie-5-0-dp-2-1-hdmi-2-1-gama-alta\/#breadcrumb"},"inLanguage":"es-MX","potentialAction":[{"@type":"ReadAction","target":["https:\/\/compuviper.mx\/tienda\/producto\/gigabyte-gv-n5090aorus-m-32gd-tarjeta-de-video-rtx-5090-gddr7-32gb-pcie-5-0-dp-2-1-hdmi-2-1-gama-alta\/"]}]},{"@type":"BreadcrumbList","@id":"https:\/\/compuviper.mx\/tienda\/producto\/gigabyte-gv-n5090aorus-m-32gd-tarjeta-de-video-rtx-5090-gddr7-32gb-pcie-5-0-dp-2-1-hdmi-2-1-gama-alta\/#breadcrumb","itemListElement":[{"@type":"ListItem","position":1,"name":"Inicio","item":"https:\/\/compuviper.mx\/tienda\/"},{"@type":"ListItem","position":2,"name":"Productos","item":"https:\/\/compuviper.mx\/tienda\/productos\/"},{"@type":"ListItem","position":3,"name":"Video","item":"https:\/\/compuviper.mx\/tienda\/categoria-producto\/video\/"},{"@type":"ListItem","position":4,"name":"Video","item":"https:\/\/compuviper.mx\/tienda\/categoria-producto\/video\/video-video\/"},{"@type":"ListItem","position":5,"name":"Gigabyte Gv-n5090aorus M-32gd Tarjeta De Video \/ Rtx 5090 \/ Gddr7 32gb \/ Pcie 5.0 \/ Dp 2.1 \/ Hdmi 2.1 \/ Gama Alta"}]},{"@type":"WebSite","@id":"https:\/\/compuviper.mx\/tienda\/#website","url":"https:\/\/compuviper.mx\/tienda\/","name":"Compuviper","description":"Proveedor de Computadoras, Laptops, Servidores, Monitores, Puntos de Venta, Teclados,   Impresoras, T\u00f3ner, C\u00e1maras de Seguridad y m\u00e1s en tu tienda en l\u00ednea","publisher":{"@id":"https:\/\/compuviper.mx\/tienda\/#organization"},"potentialAction":[{"@type":"SearchAction","target":{"@type":"EntryPoint","urlTemplate":"https:\/\/compuviper.mx\/tienda\/?s={search_term_string}"},"query-input":"required name=search_term_string"}],"inLanguage":"es-MX"},{"@type":"Organization","@id":"https:\/\/compuviper.mx\/tienda\/#organization","name":"Compuviper","url":"https:\/\/compuviper.mx\/tienda\/","logo":{"@type":"ImageObject","inLanguage":"es-MX","@id":"https:\/\/compuviper.mx\/tienda\/#\/schema\/logo\/image\/","url":"https:\/\/compuviper.mx\/tienda\/wp-content\/uploads\/2021\/08\/Logo-Compuviper-10.png","contentUrl":"https:\/\/compuviper.mx\/tienda\/wp-content\/uploads\/2021\/08\/Logo-Compuviper-10.png","width":1000,"height":500,"caption":"Compuviper"},"image":{"@id":"https:\/\/compuviper.mx\/tienda\/#\/schema\/logo\/image\/"},"sameAs":["https:\/\/www.facebook.com\/compuviper","https:\/\/www.youtube.com\/channel\/UCf73dERp9Y3cfOq7q8BhLjA?view_as=subscriber"]}]},"product_brand":"GIGABYTE","product_price_amount":"45094","product_price_currency":"MXN","og_availability":"out of stock","product_availability":"out of stock","product_retailer_item_id":"GV-N5090AORUS M-32GD","product_condition":"new"},"_links":{"self":[{"href":"https:\/\/compuviper.mx\/tienda\/wp-json\/wp\/v2\/product\/268427"}],"collection":[{"href":"https:\/\/compuviper.mx\/tienda\/wp-json\/wp\/v2\/product"}],"about":[{"href":"https:\/\/compuviper.mx\/tienda\/wp-json\/wp\/v2\/types\/product"}],"replies":[{"embeddable":true,"href":"https:\/\/compuviper.mx\/tienda\/wp-json\/wp\/v2\/comments?post=268427"}],"wp:featuredmedia":[{"embeddable":true,"href":"https:\/\/compuviper.mx\/tienda\/wp-json\/wp\/v2\/media\/268428"}],"wp:attachment":[{"href":"https:\/\/compuviper.mx\/tienda\/wp-json\/wp\/v2\/media?parent=268427"}],"wp:term":[{"taxonomy":"product_cat","embeddable":true,"href":"https:\/\/compuviper.mx\/tienda\/wp-json\/wp\/v2\/product_cat?post=268427"},{"taxonomy":"product_tag","embeddable":true,"href":"https:\/\/compuviper.mx\/tienda\/wp-json\/wp\/v2\/product_tag?post=268427"}],"curies":[{"name":"wp","href":"https:\/\/api.w.org\/{rel}","templated":true}]}}