{"id":268425,"date":"2026-04-07T02:15:25","date_gmt":"2026-04-07T08:15:25","guid":{"rendered":"https:\/\/compuviper.mx\/tienda\/producto\/pny-vcnrtxa400atx-pb-tarjeta-de-video-nvidia-quadro-a400-pcie-x16-3-0-4-gb-gddr6-4x-minidp-1-4-bajo-perfil-gama-media-diseo\/"},"modified":"2026-04-07T02:15:25","modified_gmt":"2026-04-07T08:15:25","slug":"pny-vcnrtxa400atx-pb-tarjeta-de-video-nvidia-quadro-a400-pcie-x16-3-0-4-gb-gddr6-4x-minidp-1-4-bajo-perfil-gama-media-diseo","status":"publish","type":"product","link":"https:\/\/compuviper.mx\/tienda\/producto\/pny-vcnrtxa400atx-pb-tarjeta-de-video-nvidia-quadro-a400-pcie-x16-3-0-4-gb-gddr6-4x-minidp-1-4-bajo-perfil-gama-media-diseo\/","title":{"rendered":"Pny Vcnrtxa400atx-pb Tarjeta De Video  Nvidia Quadro A400\/pcie X16 3.0\/4 Gb\/gddr6\/4x Minidp 1.4\/bajo Perfil\/gama Media\/dise?o"},"content":{"rendered":"<table class=\"descripcion\">\n<tr>\n<td>N\u00facleos cuda:  768<\/td>\n<\/tr>\n<tr>\n<td>N\u00facleos tensores:  24<\/td>\n<\/tr>\n<tr>\n<td>N\u00facleos rt:   6<\/td>\n<\/tr>\n<tr>\n<td>Rendimiento de precisi\u00f3n \u00fanica1:   2,7 tflops<\/td>\n<\/tr>\n<tr>\n<td>Rendimiento del n\u00facleo rt1:   5,3 tflops<\/td>\n<\/tr>\n<tr>\n<td>Rendimiento del tensor1:    21,7 tflops2<\/td>\n<\/tr>\n<tr>\n<td>Memoria gpu:   4 gb gddr6<\/td>\n<\/tr>\n<tr>\n<td>Interfaz de memoria:   64 bits<\/td>\n<\/tr>\n<tr>\n<td>Ancho de banda de memoria:   96 gb\/s<\/td>\n<\/tr>\n<tr>\n<td>Interfaz del sistema:   pci express 4.0 x83<\/td>\n<\/tr>\n<tr>\n<td>Conectores de pantalla:   4x mdisplayport 1.4a<\/td>\n<\/tr>\n<tr>\n<td>Consumo m\u00e1ximo:   50 w<\/td>\n<\/tr>\n<tr>\n<td>\u0095 1 las velocidades m\u00e1ximas se basan en el reloj de refuerzo de la gpu.<\/td>\n<\/tr>\n<tr>\n<td>\u0095 2 fp16 tflops efectivos utilizando la funci\u00f3n de dispersi\u00f3n.<\/td>\n<\/tr>\n<tr>\n<td>\u0095 3 rtx a400 utiliza una interfaz pcie gen 4 x8 de longitud completa.<\/td>\n<\/tr>\n<\/table>\n","protected":false},"excerpt":{"rendered":"<p>Rendimiento para un sinf\u00edn de posibilidades. La nvidia rtx\u0099 a400, basada en la arquitectura de gpu nvidia ampere, pone la potencia de la ia y la aceleraci\u00f3n del trazado de rayos en manos de m\u00e1s profesionales. La rtx a400 garantiza flujos de trabajo potenciados por ia e impresionantes visuales de trazado de rayos con un rendimiento sin precedentes en un dise\u00f1o que ahorra espacio. Adem\u00e1s, puedes conectar hasta cuatro pantallas nativas para ampliar tus horizontes visuales<\/p>\n","protected":false},"featured_media":268426,"comment_status":"open","ping_status":"open","template":"","meta":[],"product_cat":[1841,1842],"product_tag":[1849],"acf":[],"yoast_head":"<!-- This site is optimized with the Yoast SEO plugin v21.7 - https:\/\/yoast.com\/wordpress\/plugins\/seo\/ -->\n<title>[ Pny ] &#129351; Vcnrtxa400atx-pb Tarjeta De Video Nvidia Quadro A400\/pcie X16 3.0\/4 Gb\/gddr6\/4x Minidp 1.4\/bajo Perfil\/gama Media\/dise\u00f1o<\/title>\n<meta name=\"description\" content=\"Compra Vcnrtxa400atx-pb Tarjeta De Video Nvidia Quadro A400\/pcie X16 3.0\/4 Gb\/gddr6\/4x Minidp 1.4\/bajo Perfil\/gama Media\/dise\u00f1o + Env\u00edo a domicilio + Pago seguro + Garant\u00eda\" \/>\n<meta name=\"robots\" content=\"index, follow, max-snippet:-1, max-image-preview:large, max-video-preview:-1\" \/>\n<link rel=\"canonical\" href=\"https:\/\/compuviper.mx\/tienda\/producto\/pny-vcnrtxa400atx-pb-tarjeta-de-video-nvidia-quadro-a400-pcie-x16-3-0-4-gb-gddr6-4x-minidp-1-4-bajo-perfil-gama-media-diseo\/\" \/>\n<meta property=\"og:locale\" content=\"es_MX\" \/>\n<meta property=\"og:type\" content=\"article\" \/>\n<meta property=\"og:title\" content=\"[ Pny ] &#129351; Vcnrtxa400atx-pb Tarjeta De Video Nvidia Quadro A400\/pcie X16 3.0\/4 Gb\/gddr6\/4x Minidp 1.4\/bajo Perfil\/gama Media\/dise\u00f1o\" \/>\n<meta property=\"og:description\" content=\"Compra Vcnrtxa400atx-pb Tarjeta De Video Nvidia Quadro A400\/pcie X16 3.0\/4 Gb\/gddr6\/4x Minidp 1.4\/bajo Perfil\/gama Media\/dise\u00f1o + Env\u00edo a domicilio + Pago seguro + Garant\u00eda\" \/>\n<meta property=\"og:url\" content=\"https:\/\/compuviper.mx\/tienda\/producto\/pny-vcnrtxa400atx-pb-tarjeta-de-video-nvidia-quadro-a400-pcie-x16-3-0-4-gb-gddr6-4x-minidp-1-4-bajo-perfil-gama-media-diseo\/\" \/>\n<meta property=\"og:site_name\" content=\"Compuviper\" \/>\n<meta property=\"article:publisher\" content=\"https:\/\/www.facebook.com\/compuviper\" \/>\n<meta property=\"og:image\" content=\"https:\/\/compuviper.mx\/tienda\/wp-content\/uploads\/2026\/04\/Tarjeta-de-video-pny-nvidia-quadro-a400pcie-x16-3.04-gbgddr64x-minidp-1.4bajo-perfilgama-mediadiseno.jpg\" \/>\n\t<meta property=\"og:image:width\" content=\"200\" \/>\n\t<meta property=\"og:image:height\" content=\"200\" \/>\n\t<meta property=\"og:image:type\" content=\"image\/jpeg\" \/>\n<meta name=\"twitter:card\" content=\"summary_large_image\" \/>\n<meta name=\"twitter:label1\" content=\"Precio\" \/>\n\t<meta name=\"twitter:data1\" content=\"&#36;3,261 con IVA\" \/>\n\t<meta name=\"twitter:label2\" content=\"Availability\" \/>\n\t<meta name=\"twitter:data2\" content=\"Out of stock\" \/>\n<script type=\"application\/ld+json\" class=\"yoast-schema-graph\">{\"@context\":\"https:\/\/schema.org\",\"@graph\":[{\"@type\":\"WebPage\",\"@id\":\"https:\/\/compuviper.mx\/tienda\/producto\/pny-vcnrtxa400atx-pb-tarjeta-de-video-nvidia-quadro-a400-pcie-x16-3-0-4-gb-gddr6-4x-minidp-1-4-bajo-perfil-gama-media-diseo\/\",\"url\":\"https:\/\/compuviper.mx\/tienda\/producto\/pny-vcnrtxa400atx-pb-tarjeta-de-video-nvidia-quadro-a400-pcie-x16-3-0-4-gb-gddr6-4x-minidp-1-4-bajo-perfil-gama-media-diseo\/\",\"name\":\"[ Pny ] &#129351; Vcnrtxa400atx-pb Tarjeta De Video Nvidia Quadro A400\/pcie X16 3.0\/4 Gb\/gddr6\/4x Minidp 1.4\/bajo Perfil\/gama Media\/dise\u00f1o\",\"isPartOf\":{\"@id\":\"https:\/\/compuviper.mx\/tienda\/#website\"},\"datePublished\":\"2026-04-07T08:15:25+00:00\",\"dateModified\":\"2026-04-07T08:15:25+00:00\",\"description\":\"Compra Vcnrtxa400atx-pb Tarjeta De Video Nvidia Quadro A400\/pcie X16 3.0\/4 Gb\/gddr6\/4x Minidp 1.4\/bajo Perfil\/gama Media\/dise\u00f1o + Env\u00edo a domicilio + Pago seguro + Garant\u00eda\",\"breadcrumb\":{\"@id\":\"https:\/\/compuviper.mx\/tienda\/producto\/pny-vcnrtxa400atx-pb-tarjeta-de-video-nvidia-quadro-a400-pcie-x16-3-0-4-gb-gddr6-4x-minidp-1-4-bajo-perfil-gama-media-diseo\/#breadcrumb\"},\"inLanguage\":\"es-MX\",\"potentialAction\":[{\"@type\":\"ReadAction\",\"target\":[\"https:\/\/compuviper.mx\/tienda\/producto\/pny-vcnrtxa400atx-pb-tarjeta-de-video-nvidia-quadro-a400-pcie-x16-3-0-4-gb-gddr6-4x-minidp-1-4-bajo-perfil-gama-media-diseo\/\"]}]},{\"@type\":\"BreadcrumbList\",\"@id\":\"https:\/\/compuviper.mx\/tienda\/producto\/pny-vcnrtxa400atx-pb-tarjeta-de-video-nvidia-quadro-a400-pcie-x16-3-0-4-gb-gddr6-4x-minidp-1-4-bajo-perfil-gama-media-diseo\/#breadcrumb\",\"itemListElement\":[{\"@type\":\"ListItem\",\"position\":1,\"name\":\"Inicio\",\"item\":\"https:\/\/compuviper.mx\/tienda\/\"},{\"@type\":\"ListItem\",\"position\":2,\"name\":\"Productos\",\"item\":\"https:\/\/compuviper.mx\/tienda\/productos\/\"},{\"@type\":\"ListItem\",\"position\":3,\"name\":\"Video\",\"item\":\"https:\/\/compuviper.mx\/tienda\/categoria-producto\/video\/\"},{\"@type\":\"ListItem\",\"position\":4,\"name\":\"Video\",\"item\":\"https:\/\/compuviper.mx\/tienda\/categoria-producto\/video\/video-video\/\"},{\"@type\":\"ListItem\",\"position\":5,\"name\":\"Pny Vcnrtxa400atx-pb Tarjeta De Video Nvidia Quadro A400\/pcie X16 3.0\/4 Gb\/gddr6\/4x Minidp 1.4\/bajo Perfil\/gama Media\/dise?o\"}]},{\"@type\":\"WebSite\",\"@id\":\"https:\/\/compuviper.mx\/tienda\/#website\",\"url\":\"https:\/\/compuviper.mx\/tienda\/\",\"name\":\"Compuviper\",\"description\":\"Proveedor de Computadoras, Laptops, Servidores, Monitores, Puntos de Venta, Teclados,   Impresoras, T\u00f3ner, C\u00e1maras de Seguridad y m\u00e1s en tu tienda en l\u00ednea\",\"publisher\":{\"@id\":\"https:\/\/compuviper.mx\/tienda\/#organization\"},\"potentialAction\":[{\"@type\":\"SearchAction\",\"target\":{\"@type\":\"EntryPoint\",\"urlTemplate\":\"https:\/\/compuviper.mx\/tienda\/?s={search_term_string}\"},\"query-input\":\"required name=search_term_string\"}],\"inLanguage\":\"es-MX\"},{\"@type\":\"Organization\",\"@id\":\"https:\/\/compuviper.mx\/tienda\/#organization\",\"name\":\"Compuviper\",\"url\":\"https:\/\/compuviper.mx\/tienda\/\",\"logo\":{\"@type\":\"ImageObject\",\"inLanguage\":\"es-MX\",\"@id\":\"https:\/\/compuviper.mx\/tienda\/#\/schema\/logo\/image\/\",\"url\":\"https:\/\/compuviper.mx\/tienda\/wp-content\/uploads\/2021\/08\/Logo-Compuviper-10.png\",\"contentUrl\":\"https:\/\/compuviper.mx\/tienda\/wp-content\/uploads\/2021\/08\/Logo-Compuviper-10.png\",\"width\":1000,\"height\":500,\"caption\":\"Compuviper\"},\"image\":{\"@id\":\"https:\/\/compuviper.mx\/tienda\/#\/schema\/logo\/image\/\"},\"sameAs\":[\"https:\/\/www.facebook.com\/compuviper\",\"https:\/\/www.youtube.com\/channel\/UCf73dERp9Y3cfOq7q8BhLjA?view_as=subscriber\"]}]}<\/script>\n<meta property=\"product:brand\" content=\"PNY\" \/>\n<meta property=\"product:price:amount\" content=\"3261\" \/>\n<meta property=\"product:price:currency\" content=\"MXN\" \/>\n<meta property=\"og:availability\" content=\"out of stock\" \/>\n<meta property=\"product:availability\" content=\"out of stock\" \/>\n<meta property=\"product:retailer_item_id\" content=\"VCNRTXA400ATX-PB\" \/>\n<meta property=\"product:condition\" content=\"new\" \/>\n<!-- \/ Yoast SEO plugin. -->","yoast_head_json":{"title":"[ Pny ] &#129351; Vcnrtxa400atx-pb Tarjeta De Video Nvidia Quadro A400\/pcie X16 3.0\/4 Gb\/gddr6\/4x Minidp 1.4\/bajo Perfil\/gama Media\/dise\u00f1o","description":"Compra Vcnrtxa400atx-pb Tarjeta De Video Nvidia Quadro A400\/pcie X16 3.0\/4 Gb\/gddr6\/4x Minidp 1.4\/bajo Perfil\/gama Media\/dise\u00f1o + Env\u00edo a domicilio + Pago seguro + Garant\u00eda","robots":{"index":"index","follow":"follow","max-snippet":"max-snippet:-1","max-image-preview":"max-image-preview:large","max-video-preview":"max-video-preview:-1"},"canonical":"https:\/\/compuviper.mx\/tienda\/producto\/pny-vcnrtxa400atx-pb-tarjeta-de-video-nvidia-quadro-a400-pcie-x16-3-0-4-gb-gddr6-4x-minidp-1-4-bajo-perfil-gama-media-diseo\/","og_locale":"es_MX","og_type":"article","og_title":"[ Pny ] &#129351; Vcnrtxa400atx-pb Tarjeta De Video Nvidia Quadro A400\/pcie X16 3.0\/4 Gb\/gddr6\/4x Minidp 1.4\/bajo Perfil\/gama Media\/dise\u00f1o","og_description":"Compra Vcnrtxa400atx-pb Tarjeta De Video Nvidia Quadro A400\/pcie X16 3.0\/4 Gb\/gddr6\/4x Minidp 1.4\/bajo Perfil\/gama Media\/dise\u00f1o + Env\u00edo a domicilio + Pago seguro + Garant\u00eda","og_url":"https:\/\/compuviper.mx\/tienda\/producto\/pny-vcnrtxa400atx-pb-tarjeta-de-video-nvidia-quadro-a400-pcie-x16-3-0-4-gb-gddr6-4x-minidp-1-4-bajo-perfil-gama-media-diseo\/","og_site_name":"Compuviper","article_publisher":"https:\/\/www.facebook.com\/compuviper","og_image":[{"width":200,"height":200,"url":"https:\/\/compuviper.mx\/tienda\/wp-content\/uploads\/2026\/04\/Tarjeta-de-video-pny-nvidia-quadro-a400pcie-x16-3.04-gbgddr64x-minidp-1.4bajo-perfilgama-mediadiseno.jpg","type":"image\/jpeg"}],"twitter_card":"summary_large_image","twitter_misc":{"Precio":"&#36;3,261 con IVA","Availability":"Out of stock"},"schema":{"@context":"https:\/\/schema.org","@graph":[{"@type":"WebPage","@id":"https:\/\/compuviper.mx\/tienda\/producto\/pny-vcnrtxa400atx-pb-tarjeta-de-video-nvidia-quadro-a400-pcie-x16-3-0-4-gb-gddr6-4x-minidp-1-4-bajo-perfil-gama-media-diseo\/","url":"https:\/\/compuviper.mx\/tienda\/producto\/pny-vcnrtxa400atx-pb-tarjeta-de-video-nvidia-quadro-a400-pcie-x16-3-0-4-gb-gddr6-4x-minidp-1-4-bajo-perfil-gama-media-diseo\/","name":"[ Pny ] &#129351; Vcnrtxa400atx-pb Tarjeta De Video Nvidia Quadro A400\/pcie X16 3.0\/4 Gb\/gddr6\/4x Minidp 1.4\/bajo Perfil\/gama Media\/dise\u00f1o","isPartOf":{"@id":"https:\/\/compuviper.mx\/tienda\/#website"},"datePublished":"2026-04-07T08:15:25+00:00","dateModified":"2026-04-07T08:15:25+00:00","description":"Compra Vcnrtxa400atx-pb Tarjeta De Video Nvidia Quadro A400\/pcie X16 3.0\/4 Gb\/gddr6\/4x Minidp 1.4\/bajo Perfil\/gama Media\/dise\u00f1o + Env\u00edo a domicilio + Pago seguro + Garant\u00eda","breadcrumb":{"@id":"https:\/\/compuviper.mx\/tienda\/producto\/pny-vcnrtxa400atx-pb-tarjeta-de-video-nvidia-quadro-a400-pcie-x16-3-0-4-gb-gddr6-4x-minidp-1-4-bajo-perfil-gama-media-diseo\/#breadcrumb"},"inLanguage":"es-MX","potentialAction":[{"@type":"ReadAction","target":["https:\/\/compuviper.mx\/tienda\/producto\/pny-vcnrtxa400atx-pb-tarjeta-de-video-nvidia-quadro-a400-pcie-x16-3-0-4-gb-gddr6-4x-minidp-1-4-bajo-perfil-gama-media-diseo\/"]}]},{"@type":"BreadcrumbList","@id":"https:\/\/compuviper.mx\/tienda\/producto\/pny-vcnrtxa400atx-pb-tarjeta-de-video-nvidia-quadro-a400-pcie-x16-3-0-4-gb-gddr6-4x-minidp-1-4-bajo-perfil-gama-media-diseo\/#breadcrumb","itemListElement":[{"@type":"ListItem","position":1,"name":"Inicio","item":"https:\/\/compuviper.mx\/tienda\/"},{"@type":"ListItem","position":2,"name":"Productos","item":"https:\/\/compuviper.mx\/tienda\/productos\/"},{"@type":"ListItem","position":3,"name":"Video","item":"https:\/\/compuviper.mx\/tienda\/categoria-producto\/video\/"},{"@type":"ListItem","position":4,"name":"Video","item":"https:\/\/compuviper.mx\/tienda\/categoria-producto\/video\/video-video\/"},{"@type":"ListItem","position":5,"name":"Pny Vcnrtxa400atx-pb Tarjeta De Video Nvidia Quadro A400\/pcie X16 3.0\/4 Gb\/gddr6\/4x Minidp 1.4\/bajo Perfil\/gama Media\/dise?o"}]},{"@type":"WebSite","@id":"https:\/\/compuviper.mx\/tienda\/#website","url":"https:\/\/compuviper.mx\/tienda\/","name":"Compuviper","description":"Proveedor de Computadoras, Laptops, Servidores, Monitores, Puntos de Venta, Teclados,   Impresoras, T\u00f3ner, C\u00e1maras de Seguridad y m\u00e1s en tu tienda en l\u00ednea","publisher":{"@id":"https:\/\/compuviper.mx\/tienda\/#organization"},"potentialAction":[{"@type":"SearchAction","target":{"@type":"EntryPoint","urlTemplate":"https:\/\/compuviper.mx\/tienda\/?s={search_term_string}"},"query-input":"required name=search_term_string"}],"inLanguage":"es-MX"},{"@type":"Organization","@id":"https:\/\/compuviper.mx\/tienda\/#organization","name":"Compuviper","url":"https:\/\/compuviper.mx\/tienda\/","logo":{"@type":"ImageObject","inLanguage":"es-MX","@id":"https:\/\/compuviper.mx\/tienda\/#\/schema\/logo\/image\/","url":"https:\/\/compuviper.mx\/tienda\/wp-content\/uploads\/2021\/08\/Logo-Compuviper-10.png","contentUrl":"https:\/\/compuviper.mx\/tienda\/wp-content\/uploads\/2021\/08\/Logo-Compuviper-10.png","width":1000,"height":500,"caption":"Compuviper"},"image":{"@id":"https:\/\/compuviper.mx\/tienda\/#\/schema\/logo\/image\/"},"sameAs":["https:\/\/www.facebook.com\/compuviper","https:\/\/www.youtube.com\/channel\/UCf73dERp9Y3cfOq7q8BhLjA?view_as=subscriber"]}]},"product_brand":"PNY","product_price_amount":"3261","product_price_currency":"MXN","og_availability":"out of stock","product_availability":"out of stock","product_retailer_item_id":"VCNRTXA400ATX-PB","product_condition":"new"},"_links":{"self":[{"href":"https:\/\/compuviper.mx\/tienda\/wp-json\/wp\/v2\/product\/268425"}],"collection":[{"href":"https:\/\/compuviper.mx\/tienda\/wp-json\/wp\/v2\/product"}],"about":[{"href":"https:\/\/compuviper.mx\/tienda\/wp-json\/wp\/v2\/types\/product"}],"replies":[{"embeddable":true,"href":"https:\/\/compuviper.mx\/tienda\/wp-json\/wp\/v2\/comments?post=268425"}],"wp:featuredmedia":[{"embeddable":true,"href":"https:\/\/compuviper.mx\/tienda\/wp-json\/wp\/v2\/media\/268426"}],"wp:attachment":[{"href":"https:\/\/compuviper.mx\/tienda\/wp-json\/wp\/v2\/media?parent=268425"}],"wp:term":[{"taxonomy":"product_cat","embeddable":true,"href":"https:\/\/compuviper.mx\/tienda\/wp-json\/wp\/v2\/product_cat?post=268425"},{"taxonomy":"product_tag","embeddable":true,"href":"https:\/\/compuviper.mx\/tienda\/wp-json\/wp\/v2\/product_tag?post=268425"}],"curies":[{"name":"wp","href":"https:\/\/api.w.org\/{rel}","templated":true}]}}